{"id":332905,"date":"2024-04-09T13:23:45","date_gmt":"2024-04-09T11:23:45","guid":{"rendered":"https:\/\/klimavex.eu\/sk\/?page_id=332905"},"modified":"2024-07-17T12:57:42","modified_gmt":"2024-07-17T10:57:42","slug":"refra","status":"publish","type":"page","link":"https:\/\/klimavex.eu\/cz\/refra\/","title":{"rendered":"Refra"},"content":{"rendered":"\t\t<div data-elementor-type=\"wp-page\" data-elementor-id=\"332905\" class=\"elementor elementor-332905\" data-elementor-post-type=\"page\">\n\t\t\t\t\t\t<section class=\"wd-negative-gap elementor-section elementor-top-section elementor-element elementor-element-cf9a78a elementor-section-boxed elementor-section-height-default elementor-section-height-default\" data-id=\"cf9a78a\" data-element_type=\"section\">\n\t\t\t\t\t\t\t<div class=\"elementor-background-overlay\"><\/div>\n\t\t\t\t\t\t\t<div class=\"elementor-container elementor-column-gap-default\">\n\t\t\t\t\t<div class=\"elementor-column elementor-col-100 elementor-top-column elementor-element elementor-element-b758896\" data-id=\"b758896\" data-element_type=\"column\" data-settings=\"{&quot;background_background&quot;:&quot;classic&quot;}\">\n\t\t\t<div class=\"elementor-widget-wrap elementor-element-populated\">\n\t\t\t\t\t\t<div class=\"elementor-element elementor-element-b05b079 wd-width-100 elementor-widget elementor-widget-wd_title\" data-id=\"b05b079\" data-element_type=\"widget\" data-widget_type=\"wd_title.default\">\n\t\t\t\t<div class=\"elementor-widget-container\">\n\t\t\t\t\t<div class=\"title-wrapper wd-set-mb reset-last-child wd-title-color-default wd-title-style-default wd-title-size-default text-center\">\n\n\t\t\t\n\t\t\t<div class=\"liner-continer\">\n\t\t\t\t<h4 class=\"woodmart-title-container title wd-fontsize-l\">NA\u0160I V\u00ddROBCI<\/h4> \n\t\t\t\t\t\t\t<\/div>\n\n\t\t\t\t\t<\/div>\n\t\t\t\t<\/div>\n\t\t\t\t<\/div>\n\t\t\t\t<div class=\"elementor-element elementor-element-3fa3b87 elementor-widget-divider--separator-type-pattern elementor-widget-divider--view-line elementor-widget elementor-widget-divider\" data-id=\"3fa3b87\" data-element_type=\"widget\" data-widget_type=\"divider.default\">\n\t\t\t\t<div class=\"elementor-widget-container\">\n\t\t\t\t\t<div class=\"elementor-divider\" style=\"--divider-pattern-url: url(&quot;data:image\/svg+xml,%3Csvg xmlns=&#039;http:\/\/www.w3.org\/2000\/svg&#039; preserveAspectRatio=&#039;none&#039; overflow=&#039;visible&#039; height=&#039;100%&#039; viewBox=&#039;0 0 24 24&#039; fill=&#039;black&#039; stroke=&#039;none&#039;%3E%3Cpolygon points=&#039;9.4,2 24,2 14.6,21.6 0,21.6&#039;\/%3E%3C\/svg%3E&quot;);\">\n\t\t\t<span class=\"elementor-divider-separator\">\n\t\t\t\t\t\t<\/span>\n\t\t<\/div>\n\t\t\t\t<\/div>\n\t\t\t\t<\/div>\n\t\t\t\t<section class=\"wd-negative-gap elementor-section elementor-inner-section elementor-element elementor-element-e71db4d elementor-section-full_width elementor-section-content-middle elementor-section-height-default elementor-section-height-default\" data-id=\"e71db4d\" data-element_type=\"section\">\n\t\t\t\t\t\t<div class=\"elementor-container elementor-column-gap-no\">\n\t\t\t\t\t<div class=\"elementor-column elementor-col-100 elementor-inner-column elementor-element elementor-element-cd3e5e2\" data-id=\"cd3e5e2\" data-element_type=\"column\">\n\t\t\t<div class=\"elementor-widget-wrap elementor-element-populated\">\n\t\t\t\t\t\t<div class=\"elementor-element elementor-element-3c55702 elementor-widget elementor-widget-image\" data-id=\"3c55702\" data-element_type=\"widget\" data-widget_type=\"image.default\">\n\t\t\t\t<div class=\"elementor-widget-container\">\n\t\t\t\t\t\t\t\t\t\t\t\t\t<img fetchpriority=\"high\" decoding=\"async\" width=\"1024\" height=\"331\" src=\"https:\/\/klimavex.eu\/cz\/wp-content\/uploads\/2024\/04\/Zelene-logo-1024x331.png\" class=\"attachment-large size-large wp-image-332901\" alt=\"refra logo\" srcset=\"https:\/\/klimavex.eu\/cz\/wp-content\/uploads\/2024\/04\/Zelene-logo-1024x331.png 1024w, https:\/\/klimavex.eu\/cz\/wp-content\/uploads\/2024\/04\/Zelene-logo-300x97.png 300w, https:\/\/klimavex.eu\/cz\/wp-content\/uploads\/2024\/04\/Zelene-logo-768x248.png 768w, https:\/\/klimavex.eu\/cz\/wp-content\/uploads\/2024\/04\/Zelene-logo-1536x497.png 1536w, https:\/\/klimavex.eu\/cz\/wp-content\/uploads\/2024\/04\/Zelene-logo-2048x663.png 2048w, https:\/\/klimavex.eu\/cz\/wp-content\/uploads\/2024\/04\/Zelene-logo-20x6.png 20w, https:\/\/klimavex.eu\/cz\/wp-content\/uploads\/2024\/04\/Zelene-logo-600x194.png 600w, https:\/\/klimavex.eu\/cz\/wp-content\/uploads\/2024\/04\/Zelene-logo-150x49.png 150w\" sizes=\"(max-width: 1024px) 100vw, 1024px\" \/>\t\t\t\t\t\t\t\t\t\t\t\t\t<\/div>\n\t\t\t\t<\/div>\n\t\t\t\t<div class=\"elementor-element elementor-element-8b9526f elementor-widget elementor-widget-heading\" data-id=\"8b9526f\" data-element_type=\"widget\" data-widget_type=\"heading.default\">\n\t\t\t\t<div class=\"elementor-widget-container\">\n\t\t\t<h2 class=\"elementor-heading-title elementor-size-default\">KOMER\u010cN\u00cd TEPELN\u00c1 \u010cERPADLA | CHILLERY | CHLADIC\u00cd SYST\u00c9MY<\/h2>\t\t<\/div>\n\t\t\t\t<\/div>\n\t\t\t\t<div class=\"elementor-element elementor-element-f53d908 elementor-widget elementor-widget-heading\" data-id=\"f53d908\" data-element_type=\"widget\" data-widget_type=\"heading.default\">\n\t\t\t\t<div class=\"elementor-widget-container\">\n\t\t\t<h2 class=\"elementor-heading-title elementor-size-default\"><a href=\"\/cz\/eshop\/?filter_znacka=refra\">Sortiment<\/a><\/h2>\t\t<\/div>\n\t\t\t\t<\/div>\n\t\t\t\t<div class=\"elementor-element elementor-element-30a4109 color-scheme-inherit text-left elementor-widget elementor-widget-text-editor\" data-id=\"30a4109\" data-element_type=\"widget\" data-widget_type=\"text-editor.default\">\n\t\t\t\t<div class=\"elementor-widget-container\">\n\t\t\t\t\t\t\t<p><br><\/p><p>Litevsk\u00e1 spole\u010dnost <b>Refra<\/b> byla zalo\u017eena v roce 1994 a zam\u011b\u0159uje se na <b>v\u00fdrobu chladic\u00edch a klimatiza\u010dn\u00edch za\u0159\u00edzen\u00ed<\/b>, jako\u017e i <b>tepeln\u00fdch \u010derpadel s chladivem R290<\/b>. Vyzna\u010duje se velmi <b>komplexn\u00edm sortimentem chlad\u00edrensk\u00fdch v\u00fdrobk\u016f<\/b> a dok\u00e1\u017ee navrhnout a vyrobit <b>nestandardn\u00ed v\u00fdrobky<\/b> dle po\u017eadavk\u016f z\u00e1kazn\u00edka.<\/p>\n<p><span style=\"font-size: 14px;\">Za <b>30 let sv\u00e9 existence <\/b>se spole\u010dnost Refra pasovala za v\u00fdznamn\u00e9ho l\u00eddra na evropsk\u00e9m trhu s chlad\u00edc\u00edmi za\u0159\u00edzen\u00edmi a zast\u0159e\u0161uje realizaci mnoha komplexn\u00edch projekt\u016f, kter\u00e9 se <b>vymykaj\u00ed b\u011b\u017en\u00fdm \u0159e\u0161en\u00edm<\/b>. Ty \u0159e\u0161\u00ed t\u00fdm <b>vysoce kvalifikovan\u00fdch<\/b> chlad\u00edrensk\u00fdch in\u017een\u00fdr\u016f, obchodn\u00edch mana\u017eer\u016f a v\u00fdrobn\u00edch \u0159emesln\u00edk\u016f. Jsou v\u00e1m k dispozici, a\u0165 u\u017e pot\u0159ebujete chladic\u00ed syst\u00e9m na m\u00edru nebo inovativn\u00ed chladic\u00ed za\u0159\u00edzen\u00ed \u0161etrn\u00e1 k \u017eivotn\u00edmu prost\u0159ed\u00ed.<\/span><br><\/p>\n<p><span style=\"font-size: 14px;\">Posl\u00e1n\u00edm spole\u010dnosti Refra je zjednodu\u0161it sv\u00fdm klient\u016fm slo\u017eit\u00e9 chlad\u00edrensk\u00e9 odv\u011btv\u00ed. M\u016f\u017eete se spolehnout na jejich <b>odborn\u00e9 znalosti a odhodl\u00e1n\u00ed <\/b>poskytovat v\u017edy <b>jednoduch\u00e1 a efektivn\u00ed \u0159e\u0161en\u00ed<\/b>.<\/span><br><\/p>\n<p><span style=\"font-size: 14px;\">Spolupr\u00e1ce mezi spole\u010dnostmi <b>KLIMAVEX a Refra<\/b> za\u010dala v roce 2024 a v\u011b\u0159\u00edme, \u017ee se n\u00e1m spole\u010dn\u011b <b>poda\u0159\u00ed zrealizovat velk\u00e9 mno\u017estv\u00ed komplexn\u00edch projekt\u016f na \u010deskoslovensk\u00e9m trhu<\/b>.<\/span><br><\/p>\t\t\t\t\t\t<\/div>\n\t\t\t\t<\/div>\n\t\t\t\t\t<\/div>\n\t\t<\/div>\n\t\t\t\t\t<\/div>\n\t\t<\/section>\n\t\t\t\t\t<\/div>\n\t\t<\/div>\n\t\t\t\t\t<\/div>\n\t\t<\/section>\n\t\t\t\t<\/div>\n\t\t","protected":false},"excerpt":{"rendered":"<p>NA\u0160I V\u00ddROBCI KOMER\u010cN\u00cd TEPELN\u00c1 \u010cERPADLA | CHILLERY | CHLADIC\u00cd SYST\u00c9MY Sortiment Litevsk\u00e1 spole\u010dnost Refra byla zalo\u017eena v roce 1994 a<\/p>\n","protected":false},"author":3,"featured_media":0,"parent":0,"menu_order":44,"comment_status":"closed","ping_status":"closed","template":"","meta":{"footnotes":""},"class_list":["post-332905","page","type-page","status-publish","hentry"],"yoast_head":"<!-- This site is optimized with the Yoast SEO plugin v23.9 - https:\/\/yoast.com\/wordpress\/plugins\/seo\/ -->\n<title>Refra - KLIMAVEX GROUP - \u010cesko<\/title>\n<meta name=\"description\" content=\"Refra se vyzna\u010duje komplexn\u00edm sortimentem chlad\u00edrensk\u00fdch v\u00fdrobk\u016f, navrhuje a vyr\u00e1b\u00ed nestandardn\u00ed v\u00fdrobky na m\u00edru z\u00e1kazn\u00edkovi.\" \/>\n<meta name=\"robots\" content=\"index, follow, max-snippet:-1, max-image-preview:large, max-video-preview:-1\" \/>\n<link rel=\"canonical\" href=\"https:\/\/klimavex.eu\/cz\/refra\/\" \/>\n<meta property=\"og:locale\" content=\"cs_CZ\" \/>\n<meta property=\"og:type\" content=\"article\" \/>\n<meta property=\"og:title\" content=\"Refra - KLIMAVEX GROUP - \u010cesko\" \/>\n<meta property=\"og:description\" content=\"Refra se vyzna\u010duje komplexn\u00edm sortimentem chlad\u00edrensk\u00fdch v\u00fdrobk\u016f, navrhuje a vyr\u00e1b\u00ed nestandardn\u00ed v\u00fdrobky na m\u00edru z\u00e1kazn\u00edkovi.\" \/>\n<meta property=\"og:url\" content=\"https:\/\/klimavex.eu\/cz\/refra\/\" \/>\n<meta property=\"og:site_name\" content=\"KLIMAVEX GROUP - \u010cesko\" \/>\n<meta property=\"article:publisher\" content=\"https:\/\/www.facebook.com\/klimavex.cz\" \/>\n<meta property=\"article:modified_time\" content=\"2024-07-17T10:57:42+00:00\" \/>\n<meta property=\"og:image\" content=\"https:\/\/klimavex.eu\/cz\/wp-content\/uploads\/2024\/04\/Zelene-logo-1024x331.png\" \/>\n<meta name=\"twitter:card\" content=\"summary_large_image\" \/>\n<meta name=\"twitter:label1\" content=\"Odhadovan\u00e1 doba \u010dten\u00ed\" \/>\n\t<meta name=\"twitter:data1\" content=\"2 minuty\" \/>\n<script type=\"application\/ld+json\" class=\"yoast-schema-graph\">{\"@context\":\"https:\/\/schema.org\",\"@graph\":[{\"@type\":\"WebPage\",\"@id\":\"https:\/\/klimavex.eu\/cz\/refra\/\",\"url\":\"https:\/\/klimavex.eu\/cz\/refra\/\",\"name\":\"Refra - KLIMAVEX GROUP - \u010cesko\",\"isPartOf\":{\"@id\":\"https:\/\/klimavex.eu\/cz\/#website\"},\"primaryImageOfPage\":{\"@id\":\"https:\/\/klimavex.eu\/cz\/refra\/#primaryimage\"},\"image\":{\"@id\":\"https:\/\/klimavex.eu\/cz\/refra\/#primaryimage\"},\"thumbnailUrl\":\"https:\/\/klimavex.eu\/cz\/wp-content\/uploads\/2024\/04\/Zelene-logo-1024x331.png\",\"datePublished\":\"2024-04-09T11:23:45+00:00\",\"dateModified\":\"2024-07-17T10:57:42+00:00\",\"description\":\"Refra se vyzna\u010duje komplexn\u00edm sortimentem chlad\u00edrensk\u00fdch v\u00fdrobk\u016f, navrhuje a vyr\u00e1b\u00ed nestandardn\u00ed v\u00fdrobky na m\u00edru z\u00e1kazn\u00edkovi.\",\"breadcrumb\":{\"@id\":\"https:\/\/klimavex.eu\/cz\/refra\/#breadcrumb\"},\"inLanguage\":\"cs\",\"potentialAction\":[{\"@type\":\"ReadAction\",\"target\":[\"https:\/\/klimavex.eu\/cz\/refra\/\"]}]},{\"@type\":\"ImageObject\",\"inLanguage\":\"cs\",\"@id\":\"https:\/\/klimavex.eu\/cz\/refra\/#primaryimage\",\"url\":\"https:\/\/klimavex.eu\/cz\/wp-content\/uploads\/2024\/04\/Zelene-logo.png\",\"contentUrl\":\"https:\/\/klimavex.eu\/cz\/wp-content\/uploads\/2024\/04\/Zelene-logo.png\",\"width\":6306,\"height\":2040,\"caption\":\"refra logo\"},{\"@type\":\"BreadcrumbList\",\"@id\":\"https:\/\/klimavex.eu\/cz\/refra\/#breadcrumb\",\"itemListElement\":[{\"@type\":\"ListItem\",\"position\":1,\"name\":\"Domovsk\u00e1 str\u00e1nka\",\"item\":\"https:\/\/klimavex.eu\/cz\/\"},{\"@type\":\"ListItem\",\"position\":2,\"name\":\"Refra\"}]},{\"@type\":\"WebSite\",\"@id\":\"https:\/\/klimavex.eu\/cz\/#website\",\"url\":\"https:\/\/klimavex.eu\/cz\/\",\"name\":\"KLIMAVEX GROUP - \u010cesko\",\"description\":\"\",\"publisher\":{\"@id\":\"https:\/\/klimavex.eu\/cz\/#organization\"},\"alternateName\":\"KLIMAVEX CZ a.s.\",\"potentialAction\":[{\"@type\":\"SearchAction\",\"target\":{\"@type\":\"EntryPoint\",\"urlTemplate\":\"https:\/\/klimavex.eu\/cz\/?s={search_term_string}\"},\"query-input\":{\"@type\":\"PropertyValueSpecification\",\"valueRequired\":true,\"valueName\":\"search_term_string\"}}],\"inLanguage\":\"cs\"},{\"@type\":\"Organization\",\"@id\":\"https:\/\/klimavex.eu\/cz\/#organization\",\"name\":\"KLIMAVEX GROUP\",\"alternateName\":\"KLIMAVEX\",\"url\":\"https:\/\/klimavex.eu\/cz\/\",\"logo\":{\"@type\":\"ImageObject\",\"inLanguage\":\"cs\",\"@id\":\"https:\/\/klimavex.eu\/cz\/#\/schema\/logo\/image\/\",\"url\":\"https:\/\/klimavex.eu\/cz\/wp-content\/uploads\/2024\/04\/Klimavex-Group-logo.png\",\"contentUrl\":\"https:\/\/klimavex.eu\/cz\/wp-content\/uploads\/2024\/04\/Klimavex-Group-logo.png\",\"width\":1681,\"height\":472,\"caption\":\"KLIMAVEX GROUP\"},\"image\":{\"@id\":\"https:\/\/klimavex.eu\/cz\/#\/schema\/logo\/image\/\"},\"sameAs\":[\"https:\/\/www.facebook.com\/klimavex.cz\",\"https:\/\/www.instagram.com\/klimavex_cz\/\"]}]}<\/script>\n<!-- \/ Yoast SEO plugin. -->","yoast_head_json":{"title":"Refra - KLIMAVEX GROUP - \u010cesko","description":"Refra se vyzna\u010duje komplexn\u00edm sortimentem chlad\u00edrensk\u00fdch v\u00fdrobk\u016f, navrhuje a vyr\u00e1b\u00ed nestandardn\u00ed v\u00fdrobky na m\u00edru z\u00e1kazn\u00edkovi.","robots":{"index":"index","follow":"follow","max-snippet":"max-snippet:-1","max-image-preview":"max-image-preview:large","max-video-preview":"max-video-preview:-1"},"canonical":"https:\/\/klimavex.eu\/cz\/refra\/","og_locale":"cs_CZ","og_type":"article","og_title":"Refra - KLIMAVEX GROUP - \u010cesko","og_description":"Refra se vyzna\u010duje komplexn\u00edm sortimentem chlad\u00edrensk\u00fdch v\u00fdrobk\u016f, navrhuje a vyr\u00e1b\u00ed nestandardn\u00ed v\u00fdrobky na m\u00edru z\u00e1kazn\u00edkovi.","og_url":"https:\/\/klimavex.eu\/cz\/refra\/","og_site_name":"KLIMAVEX GROUP - \u010cesko","article_publisher":"https:\/\/www.facebook.com\/klimavex.cz","article_modified_time":"2024-07-17T10:57:42+00:00","og_image":[{"url":"https:\/\/klimavex.eu\/cz\/wp-content\/uploads\/2024\/04\/Zelene-logo-1024x331.png"}],"twitter_card":"summary_large_image","twitter_misc":{"Odhadovan\u00e1 doba \u010dten\u00ed":"2 minuty"},"schema":{"@context":"https:\/\/schema.org","@graph":[{"@type":"WebPage","@id":"https:\/\/klimavex.eu\/cz\/refra\/","url":"https:\/\/klimavex.eu\/cz\/refra\/","name":"Refra - KLIMAVEX GROUP - \u010cesko","isPartOf":{"@id":"https:\/\/klimavex.eu\/cz\/#website"},"primaryImageOfPage":{"@id":"https:\/\/klimavex.eu\/cz\/refra\/#primaryimage"},"image":{"@id":"https:\/\/klimavex.eu\/cz\/refra\/#primaryimage"},"thumbnailUrl":"https:\/\/klimavex.eu\/cz\/wp-content\/uploads\/2024\/04\/Zelene-logo-1024x331.png","datePublished":"2024-04-09T11:23:45+00:00","dateModified":"2024-07-17T10:57:42+00:00","description":"Refra se vyzna\u010duje komplexn\u00edm sortimentem chlad\u00edrensk\u00fdch v\u00fdrobk\u016f, navrhuje a vyr\u00e1b\u00ed nestandardn\u00ed v\u00fdrobky na m\u00edru z\u00e1kazn\u00edkovi.","breadcrumb":{"@id":"https:\/\/klimavex.eu\/cz\/refra\/#breadcrumb"},"inLanguage":"cs","potentialAction":[{"@type":"ReadAction","target":["https:\/\/klimavex.eu\/cz\/refra\/"]}]},{"@type":"ImageObject","inLanguage":"cs","@id":"https:\/\/klimavex.eu\/cz\/refra\/#primaryimage","url":"https:\/\/klimavex.eu\/cz\/wp-content\/uploads\/2024\/04\/Zelene-logo.png","contentUrl":"https:\/\/klimavex.eu\/cz\/wp-content\/uploads\/2024\/04\/Zelene-logo.png","width":6306,"height":2040,"caption":"refra logo"},{"@type":"BreadcrumbList","@id":"https:\/\/klimavex.eu\/cz\/refra\/#breadcrumb","itemListElement":[{"@type":"ListItem","position":1,"name":"Domovsk\u00e1 str\u00e1nka","item":"https:\/\/klimavex.eu\/cz\/"},{"@type":"ListItem","position":2,"name":"Refra"}]},{"@type":"WebSite","@id":"https:\/\/klimavex.eu\/cz\/#website","url":"https:\/\/klimavex.eu\/cz\/","name":"KLIMAVEX GROUP - \u010cesko","description":"","publisher":{"@id":"https:\/\/klimavex.eu\/cz\/#organization"},"alternateName":"KLIMAVEX CZ a.s.","potentialAction":[{"@type":"SearchAction","target":{"@type":"EntryPoint","urlTemplate":"https:\/\/klimavex.eu\/cz\/?s={search_term_string}"},"query-input":{"@type":"PropertyValueSpecification","valueRequired":true,"valueName":"search_term_string"}}],"inLanguage":"cs"},{"@type":"Organization","@id":"https:\/\/klimavex.eu\/cz\/#organization","name":"KLIMAVEX GROUP","alternateName":"KLIMAVEX","url":"https:\/\/klimavex.eu\/cz\/","logo":{"@type":"ImageObject","inLanguage":"cs","@id":"https:\/\/klimavex.eu\/cz\/#\/schema\/logo\/image\/","url":"https:\/\/klimavex.eu\/cz\/wp-content\/uploads\/2024\/04\/Klimavex-Group-logo.png","contentUrl":"https:\/\/klimavex.eu\/cz\/wp-content\/uploads\/2024\/04\/Klimavex-Group-logo.png","width":1681,"height":472,"caption":"KLIMAVEX GROUP"},"image":{"@id":"https:\/\/klimavex.eu\/cz\/#\/schema\/logo\/image\/"},"sameAs":["https:\/\/www.facebook.com\/klimavex.cz","https:\/\/www.instagram.com\/klimavex_cz\/"]}]}},"_links":{"self":[{"href":"https:\/\/klimavex.eu\/cz\/wp-json\/wp\/v2\/pages\/332905","targetHints":{"allow":["GET"]}}],"collection":[{"href":"https:\/\/klimavex.eu\/cz\/wp-json\/wp\/v2\/pages"}],"about":[{"href":"https:\/\/klimavex.eu\/cz\/wp-json\/wp\/v2\/types\/page"}],"author":[{"embeddable":true,"href":"https:\/\/klimavex.eu\/cz\/wp-json\/wp\/v2\/users\/3"}],"replies":[{"embeddable":true,"href":"https:\/\/klimavex.eu\/cz\/wp-json\/wp\/v2\/comments?post=332905"}],"version-history":[{"count":0,"href":"https:\/\/klimavex.eu\/cz\/wp-json\/wp\/v2\/pages\/332905\/revisions"}],"wp:attachment":[{"href":"https:\/\/klimavex.eu\/cz\/wp-json\/wp\/v2\/media?parent=332905"}],"curies":[{"name":"wp","href":"https:\/\/api.w.org\/{rel}","templated":true}]}}