{"id":404611,"date":"2025-06-16T15:31:24","date_gmt":"2025-06-16T13:31:24","guid":{"rendered":"https:\/\/klimavex.eu\/cz\/?page_id=404611"},"modified":"2025-06-16T16:13:26","modified_gmt":"2025-06-16T14:13:26","slug":"tekno-point","status":"publish","type":"page","link":"https:\/\/klimavex.eu\/cz\/tekno-point\/","title":{"rendered":"TEKNO POINT"},"content":{"rendered":"\t\t<div data-elementor-type=\"wp-page\" data-elementor-id=\"404611\" class=\"elementor elementor-404611\" data-elementor-post-type=\"page\">\n\t\t\t\t\t\t<section class=\"wd-negative-gap elementor-section elementor-top-section elementor-element elementor-element-2f6d55b4 elementor-section-boxed elementor-section-height-default elementor-section-height-default\" data-id=\"2f6d55b4\" data-element_type=\"section\">\n\t\t\t\t\t\t\t<div class=\"elementor-background-overlay\"><\/div>\n\t\t\t\t\t\t\t<div class=\"elementor-container elementor-column-gap-default\">\n\t\t\t\t\t<div class=\"elementor-column elementor-col-100 elementor-top-column elementor-element elementor-element-920ad6a\" data-id=\"920ad6a\" data-element_type=\"column\" data-settings=\"{&quot;background_background&quot;:&quot;classic&quot;}\">\n\t\t\t<div class=\"elementor-widget-wrap elementor-element-populated\">\n\t\t\t\t\t\t<div class=\"elementor-element elementor-element-67920a71 wd-width-100 elementor-widget elementor-widget-wd_title\" data-id=\"67920a71\" data-element_type=\"widget\" data-widget_type=\"wd_title.default\">\n\t\t\t\t<div class=\"elementor-widget-container\">\n\t\t\t\t\t<div class=\"title-wrapper wd-set-mb reset-last-child wd-title-color-default wd-title-style-default wd-title-size-default text-center\">\n\n\t\t\t\n\t\t\t<div class=\"liner-continer\">\n\t\t\t\t<h4 class=\"woodmart-title-container title wd-fontsize-l\">NA\u0160I V\u00ddROBCI<\/h4> \n\t\t\t\t\t\t\t<\/div>\n\n\t\t\t\t\t<\/div>\n\t\t\t\t<\/div>\n\t\t\t\t<\/div>\n\t\t\t\t<div class=\"elementor-element elementor-element-72b5a72f elementor-widget-divider--separator-type-pattern elementor-widget-divider--view-line elementor-widget elementor-widget-divider\" data-id=\"72b5a72f\" data-element_type=\"widget\" data-widget_type=\"divider.default\">\n\t\t\t\t<div class=\"elementor-widget-container\">\n\t\t\t\t\t<div class=\"elementor-divider\" style=\"--divider-pattern-url: url(&quot;data:image\/svg+xml,%3Csvg xmlns=&#039;http:\/\/www.w3.org\/2000\/svg&#039; preserveAspectRatio=&#039;none&#039; overflow=&#039;visible&#039; height=&#039;100%&#039; viewBox=&#039;0 0 24 24&#039; fill=&#039;black&#039; stroke=&#039;none&#039;%3E%3Cpolygon points=&#039;9.4,2 24,2 14.6,21.6 0,21.6&#039;\/%3E%3C\/svg%3E&quot;);\">\n\t\t\t<span class=\"elementor-divider-separator\">\n\t\t\t\t\t\t<\/span>\n\t\t<\/div>\n\t\t\t\t<\/div>\n\t\t\t\t<\/div>\n\t\t\t\t<section class=\"wd-negative-gap elementor-section elementor-inner-section elementor-element elementor-element-3870775 elementor-section-full_width elementor-section-content-middle elementor-section-height-default elementor-section-height-default\" data-id=\"3870775\" data-element_type=\"section\">\n\t\t\t\t\t\t<div class=\"elementor-container elementor-column-gap-no\">\n\t\t\t\t\t<div class=\"elementor-column elementor-col-100 elementor-inner-column elementor-element elementor-element-7f0080fd\" data-id=\"7f0080fd\" data-element_type=\"column\">\n\t\t\t<div class=\"elementor-widget-wrap elementor-element-populated\">\n\t\t\t\t\t\t<div class=\"elementor-element elementor-element-7670f752 elementor-widget elementor-widget-image\" data-id=\"7670f752\" data-element_type=\"widget\" data-widget_type=\"image.default\">\n\t\t\t\t<div class=\"elementor-widget-container\">\n\t\t\t\t\t\t\t\t\t\t\t\t\t<img fetchpriority=\"high\" decoding=\"async\" width=\"1024\" height=\"523\" src=\"https:\/\/klimavex.eu\/cz\/wp-content\/uploads\/2025\/06\/LOGO-TEKNO-POINT-1-1024x523.png\" class=\"attachment-large size-large wp-image-404708\" alt=\"\" srcset=\"https:\/\/klimavex.eu\/cz\/wp-content\/uploads\/2025\/06\/LOGO-TEKNO-POINT-1-1024x523.png 1024w, https:\/\/klimavex.eu\/cz\/wp-content\/uploads\/2025\/06\/LOGO-TEKNO-POINT-1-300x153.png 300w, https:\/\/klimavex.eu\/cz\/wp-content\/uploads\/2025\/06\/LOGO-TEKNO-POINT-1-768x392.png 768w, https:\/\/klimavex.eu\/cz\/wp-content\/uploads\/2025\/06\/LOGO-TEKNO-POINT-1-1536x785.png 1536w, https:\/\/klimavex.eu\/cz\/wp-content\/uploads\/2025\/06\/LOGO-TEKNO-POINT-1-2048x1046.png 2048w, https:\/\/klimavex.eu\/cz\/wp-content\/uploads\/2025\/06\/LOGO-TEKNO-POINT-1-20x10.png 20w, https:\/\/klimavex.eu\/cz\/wp-content\/uploads\/2025\/06\/LOGO-TEKNO-POINT-1-600x307.png 600w, https:\/\/klimavex.eu\/cz\/wp-content\/uploads\/2025\/06\/LOGO-TEKNO-POINT-1-150x77.png 150w\" sizes=\"(max-width: 1024px) 100vw, 1024px\" \/>\t\t\t\t\t\t\t\t\t\t\t\t\t<\/div>\n\t\t\t\t<\/div>\n\t\t\t\t<div class=\"elementor-element elementor-element-5e7c2ec7 elementor-widget elementor-widget-heading\" data-id=\"5e7c2ec7\" data-element_type=\"widget\" data-widget_type=\"heading.default\">\n\t\t\t\t<div class=\"elementor-widget-container\">\n\t\t\t<h2 class=\"elementor-heading-title elementor-size-default\">KLIMATIZACE BEZ VIDITELN\u00c9 VENKOVN\u00cd JEDNOTKY<\/h2>\t\t<\/div>\n\t\t\t\t<\/div>\n\t\t\t\t<div class=\"elementor-element elementor-element-34e51526 elementor-widget elementor-widget-heading\" data-id=\"34e51526\" data-element_type=\"widget\" data-widget_type=\"heading.default\">\n\t\t\t\t<div class=\"elementor-widget-container\">\n\t\t\t<h2 class=\"elementor-heading-title elementor-size-default\"><a href=\"\/cz\/eshop\/?filter_znacka=tekno-point\">Sortiment<\/a><\/h2>\t\t<\/div>\n\t\t\t\t<\/div>\n\t\t\t\t<div class=\"elementor-element elementor-element-4b53b664 color-scheme-inherit text-left elementor-widget elementor-widget-text-editor\" data-id=\"4b53b664\" data-element_type=\"widget\" data-widget_type=\"text-editor.default\">\n\t\t\t\t<div class=\"elementor-widget-container\">\n\t\t\t\t\t\t\t<p>\u00a0<\/p><p>Od roku 1992 spole\u010dnost <strong>TEKNO POINT<\/strong>\u00a0vyr\u00e1b\u00ed a distribuuje syst\u00e9my klimatizace, vyt\u00e1p\u011bn\u00ed a v\u011btr\u00e1n\u00ed. S c\u00edlem poskytovat komfort a zlep\u0161ovat kvalitu \u017eivota ve v\u0161ech typech prostor vyv\u00edj\u00ed TEKNO POINT inovativn\u00ed \u0159e\u0161en\u00ed klimatizace, kter\u00e1 jsou vhodn\u00e1 jak pro historick\u00e9 budovy, tak i pro modern\u00ed stavby.<\/p><p>Vstupte do sv\u011bta\u00a0<strong>neviditeln\u00e9 klimatizace<\/strong>. Klimatiza\u010dn\u00ed jednotky s\u00e9rie Invisibili split a multisplit p\u0159edstavuj\u00ed modern\u00ed \u0159e\u0161en\u00ed zaji\u0161t\u011bn\u00ed tepeln\u00e9ho komfortu p\u0159i zachov\u00e1n\u00ed architektonick\u00e9 estetiky v historick\u00fdch centrech m\u011bst nebo na hodnotn\u00fdch m\u00edstech, kde je zak\u00e1zan\u00e9 nebo nevhodn\u00e9 instalovat venkovn\u00ed jednotky na fas\u00e1du budovy.<\/p><p>Jde o jedine\u010dn\u00e9 \u0159e\u0161en\u00ed klimatizov\u00e1n\u00ed prostor\u016f formou split nebo multisplit syst\u00e9mu, p\u0159i kter\u00e9m se<strong>\u00a0nem\u011bn\u00ed vn\u011bj\u0161\u00ed vzhled budovy<\/strong>.<\/p><p>D\u00edky instalaci venkovn\u00ed jednotky do interi\u00e9ru z\u016fst\u00e1v\u00e1 estetika venkovn\u00edch fas\u00e1d nezm\u011bn\u011bna, s minim\u00e1ln\u00edm nebo \u017e\u00e1dn\u00fdm vizu\u00e1ln\u00edm dopadem.<\/p><p>K dispozici jsou dv\u011b \u0159e\u0161en\u00ed odvodu kondenza\u010dn\u00edho tepla:<\/p><ul><li><strong>syst\u00e9m ELFO vzduch-vzduch<\/strong>, u kter\u00e9ho se venkovn\u00ed jednotka p\u0159ipojuje na vzduchov\u00e9 potrub\u00ed veden\u00e9 do exteri\u00e9ru, kde jsou viditeln\u00e9 jen m\u0159\u00ed\u017eky, \u010d\u00edm\u017e je zaji\u0161t\u011bn minim\u00e1ln\u00ed dopad na vzhled exteri\u00e9ru<\/li><li><strong>syst\u00e9m IDRA voda-vzduch<\/strong>, u kter\u00e9ho se venkovn\u00ed jednotka p\u0159ipojuje na p\u0159\u00edvod m\u011bstsk\u00e9 vody (tzn. \u017ee m\u016f\u017ee b\u00fdt um\u00edst\u011bna kdekoliv v r\u00e1mci interi\u00e9ru), \u010d\u00edm\u017e je zaji\u0161t\u011bn nulov\u00fd dopad na vzhled exteri\u00e9ru<\/li><\/ul>\t\t\t\t\t\t<\/div>\n\t\t\t\t<\/div>\n\t\t\t\t\t<\/div>\n\t\t<\/div>\n\t\t\t\t\t<\/div>\n\t\t<\/section>\n\t\t\t\t\t<\/div>\n\t\t<\/div>\n\t\t\t\t\t<\/div>\n\t\t<\/section>\n\t\t\t\t<section class=\"wd-negative-gap elementor-section elementor-top-section elementor-element elementor-element-23b8c58 elementor-section-boxed elementor-section-height-default elementor-section-height-default\" data-id=\"23b8c58\" data-element_type=\"section\">\n\t\t\t\t\t\t<div class=\"elementor-container elementor-column-gap-default\">\n\t\t\t\t\t<div class=\"elementor-column elementor-col-100 elementor-top-column elementor-element elementor-element-3c49bc4\" data-id=\"3c49bc4\" data-element_type=\"column\" data-settings=\"{&quot;background_background&quot;:&quot;classic&quot;}\">\n\t\t\t<div class=\"elementor-widget-wrap elementor-element-populated\">\n\t\t\t\t\t\t<div class=\"elementor-element elementor-element-c26c5d8 wd-width-100 elementor-widget elementor-widget-wd_title\" data-id=\"c26c5d8\" data-element_type=\"widget\" data-widget_type=\"wd_title.default\">\n\t\t\t\t<div class=\"elementor-widget-container\">\n\t\t\t\t\t<div class=\"title-wrapper wd-set-mb reset-last-child wd-title-color-default wd-title-style-default wd-title-size-default text-center\">\n\n\t\t\t\n\t\t\t<div class=\"liner-continer\">\n\t\t\t\t<h4 class=\"woodmart-title-container title wd-fontsize-l\">NA\u0160I V\u00ddROBCI<\/h4> \n\t\t\t\t\t\t\t<\/div>\n\n\t\t\t\t\t<\/div>\n\t\t\t\t<\/div>\n\t\t\t\t<\/div>\n\t\t\t\t<div class=\"elementor-element elementor-element-92033ad elementor-widget-divider--separator-type-pattern elementor-widget-divider--view-line elementor-widget elementor-widget-divider\" data-id=\"92033ad\" data-element_type=\"widget\" data-widget_type=\"divider.default\">\n\t\t\t\t<div class=\"elementor-widget-container\">\n\t\t\t\t\t<div class=\"elementor-divider\" style=\"--divider-pattern-url: url(&quot;data:image\/svg+xml,%3Csvg xmlns=&#039;http:\/\/www.w3.org\/2000\/svg&#039; preserveAspectRatio=&#039;none&#039; overflow=&#039;visible&#039; height=&#039;100%&#039; viewBox=&#039;0 0 24 24&#039; fill=&#039;black&#039; stroke=&#039;none&#039;%3E%3Cpolygon points=&#039;9.4,2 24,2 14.6,21.6 0,21.6&#039;\/%3E%3C\/svg%3E&quot;);\">\n\t\t\t<span class=\"elementor-divider-separator\">\n\t\t\t\t\t\t<\/span>\n\t\t<\/div>\n\t\t\t\t<\/div>\n\t\t\t\t<\/div>\n\t\t\t\t<section class=\"wd-negative-gap elementor-section elementor-inner-section elementor-element elementor-element-2fddfcf elementor-section-full_width elementor-section-content-middle elementor-section-height-default elementor-section-height-default\" data-id=\"2fddfcf\" data-element_type=\"section\">\n\t\t\t\t\t\t<div class=\"elementor-container elementor-column-gap-no\">\n\t\t\t\t\t<div class=\"elementor-column elementor-col-100 elementor-inner-column elementor-element elementor-element-a0cfc03\" data-id=\"a0cfc03\" data-element_type=\"column\">\n\t\t\t<div class=\"elementor-widget-wrap elementor-element-populated\">\n\t\t\t\t\t\t<div class=\"elementor-element elementor-element-16ee713 elementor-widget elementor-widget-image\" data-id=\"16ee713\" data-element_type=\"widget\" data-widget_type=\"image.default\">\n\t\t\t\t<div class=\"elementor-widget-container\">\n\t\t\t\t\t\t\t\t\t\t\t\t\t<img decoding=\"async\" width=\"1024\" height=\"265\" src=\"https:\/\/klimavex.eu\/cz\/wp-content\/uploads\/2024\/02\/Casals-logo-12_2023_barevne-1024x265.png\" class=\"attachment-large size-large wp-image-253895\" alt=\"logo casals\" srcset=\"https:\/\/klimavex.eu\/cz\/wp-content\/uploads\/2024\/02\/Casals-logo-12_2023_barevne-1024x265.png 1024w, https:\/\/klimavex.eu\/cz\/wp-content\/uploads\/2024\/02\/Casals-logo-12_2023_barevne-300x78.png 300w, https:\/\/klimavex.eu\/cz\/wp-content\/uploads\/2024\/02\/Casals-logo-12_2023_barevne-768x199.png 768w, https:\/\/klimavex.eu\/cz\/wp-content\/uploads\/2024\/02\/Casals-logo-12_2023_barevne-1536x398.png 1536w, https:\/\/klimavex.eu\/cz\/wp-content\/uploads\/2024\/02\/Casals-logo-12_2023_barevne-20x5.png 20w, https:\/\/klimavex.eu\/cz\/wp-content\/uploads\/2024\/02\/Casals-logo-12_2023_barevne-600x155.png 600w, https:\/\/klimavex.eu\/cz\/wp-content\/uploads\/2024\/02\/Casals-logo-12_2023_barevne-150x39.png 150w, https:\/\/klimavex.eu\/cz\/wp-content\/uploads\/2024\/02\/Casals-logo-12_2023_barevne.png 1812w\" sizes=\"(max-width: 1024px) 100vw, 1024px\" \/>\t\t\t\t\t\t\t\t\t\t\t\t\t<\/div>\n\t\t\t\t<\/div>\n\t\t\t\t<div class=\"elementor-element elementor-element-6ed2b1b elementor-widget elementor-widget-heading\" data-id=\"6ed2b1b\" data-element_type=\"widget\" data-widget_type=\"heading.default\">\n\t\t\t\t<div class=\"elementor-widget-container\">\n\t\t\t<h2 class=\"elementor-heading-title elementor-size-default\">KOMER\u010cN\u00cd A PR\u016eMYSLOV\u00c9 VENTIL\u00c1TORY<\/h2>\t\t<\/div>\n\t\t\t\t<\/div>\n\t\t\t\t<div class=\"elementor-element elementor-element-27209ab elementor-widget elementor-widget-heading\" data-id=\"27209ab\" data-element_type=\"widget\" data-widget_type=\"heading.default\">\n\t\t\t\t<div class=\"elementor-widget-container\">\n\t\t\t<h2 class=\"elementor-heading-title elementor-size-default\"><a href=\"\/cz\/eshop\/?filter_znacka=casals\">Sortiment<\/a><\/h2>\t\t<\/div>\n\t\t\t\t<\/div>\n\t\t\t\t<div class=\"elementor-element elementor-element-35e21ef color-scheme-inherit text-left elementor-widget elementor-widget-text-editor\" data-id=\"35e21ef\" data-element_type=\"widget\" data-widget_type=\"text-editor.default\">\n\t\t\t\t<div class=\"elementor-widget-container\">\n\t\t\t\t\t\t\t<p>\u0160pan\u011blsk\u00e1 spole\u010dnost <b>Casals <\/b>byla zalo\u017eena roku 1881 a p\u0159es 140 let se specializuje na v\u00fdrobu komer\u010dn\u00edch a pr\u016fmyslov\u00fdch ventil\u00e1tor\u016f. V roce 2019 byla tato spole\u010dnost akv\u00edrov\u00e1na italskou spole\u010dnost\u00ed Vortice, kterou dlouhodob\u011b v\u00fdhradn\u011b zastupujeme a distribuujeme na na\u0161em trhu.<\/p><p><span style=\"font-size: 14px;\">Produktov\u00e1 \u0159ada obsahuje <b>v\u00edce ne\u017e 100 druh\u016f komer\u010dn\u00edch a pr\u016fmyslov\u00fdch ventil\u00e1tor\u016f<\/b>. V portfoliu najdeme axi\u00e1ln\u00ed, radi\u00e1ln\u00ed, vysokotlak\u00e9, st\u0159edotlak\u00e9, n\u00edzkotlak\u00e9, st\u0159e\u0161n\u00ed, sk\u0159\u00ed\u0148ov\u00e9 opl\u00e1\u0161t\u011bn\u00e9, potrubn\u00ed, posuvn\u00e9 JET ventil\u00e1tory a dal\u0161\u00ed.<\/span><\/p>\t\t\t\t\t\t<\/div>\n\t\t\t\t<\/div>\n\t\t\t\t\t<\/div>\n\t\t<\/div>\n\t\t\t\t\t<\/div>\n\t\t<\/section>\n\t\t\t\t\t<\/div>\n\t\t<\/div>\n\t\t\t\t\t<\/div>\n\t\t<\/section>\n\t\t\t\t<\/div>\n\t\t","protected":false},"excerpt":{"rendered":"<p>NA\u0160I V\u00ddROBCI KLIMATIZACE BEZ VIDITELN\u00c9 VENKOVN\u00cd JEDNOTKY Sortiment \u00a0 Od roku 1992 spole\u010dnost TEKNO POINT\u00a0vyr\u00e1b\u00ed a distribuuje syst\u00e9my klimatizace, vyt\u00e1p\u011bn\u00ed<\/p>\n","protected":false},"author":3,"featured_media":0,"parent":0,"menu_order":0,"comment_status":"closed","ping_status":"closed","template":"","meta":{"footnotes":""},"class_list":["post-404611","page","type-page","status-publish","hentry"],"yoast_head":"<!-- This site is optimized with the Yoast SEO plugin v23.9 - https:\/\/yoast.com\/wordpress\/plugins\/seo\/ -->\n<title>TEKNO POINT - KLIMAVEX GROUP - \u010cesko<\/title>\n<meta name=\"description\" content=\"S c\u00edlem poskytovat komfort vyv\u00edj\u00ed TEKNO POINT inovativn\u00ed klimatizace, kter\u00e9 jsou vhodn\u00e9 jak pro historick\u00e9 budovy, tak pro modern\u00ed stavby.\" \/>\n<meta name=\"robots\" content=\"index, follow, max-snippet:-1, max-image-preview:large, max-video-preview:-1\" \/>\n<link rel=\"canonical\" href=\"https:\/\/klimavex.eu\/cz\/tekno-point\/\" \/>\n<meta property=\"og:locale\" content=\"cs_CZ\" \/>\n<meta property=\"og:type\" content=\"article\" \/>\n<meta property=\"og:title\" content=\"TEKNO POINT - KLIMAVEX GROUP - \u010cesko\" \/>\n<meta property=\"og:description\" content=\"S c\u00edlem poskytovat komfort vyv\u00edj\u00ed TEKNO POINT inovativn\u00ed klimatizace, kter\u00e9 jsou vhodn\u00e9 jak pro historick\u00e9 budovy, tak pro modern\u00ed stavby.\" \/>\n<meta property=\"og:url\" content=\"https:\/\/klimavex.eu\/cz\/tekno-point\/\" \/>\n<meta property=\"og:site_name\" content=\"KLIMAVEX GROUP - \u010cesko\" \/>\n<meta property=\"article:publisher\" content=\"https:\/\/www.facebook.com\/klimavex.cz\" \/>\n<meta property=\"article:modified_time\" content=\"2025-06-16T14:13:26+00:00\" \/>\n<meta property=\"og:image\" content=\"https:\/\/klimavex.eu\/cz\/wp-content\/uploads\/2025\/06\/LOGO-TEKNO-POINT-1-1024x523.png\" \/>\n<meta name=\"twitter:card\" content=\"summary_large_image\" \/>\n<meta name=\"twitter:label1\" content=\"Odhadovan\u00e1 doba \u010dten\u00ed\" \/>\n\t<meta name=\"twitter:data1\" content=\"2 minuty\" \/>\n<script type=\"application\/ld+json\" class=\"yoast-schema-graph\">{\"@context\":\"https:\/\/schema.org\",\"@graph\":[{\"@type\":\"WebPage\",\"@id\":\"https:\/\/klimavex.eu\/cz\/tekno-point\/\",\"url\":\"https:\/\/klimavex.eu\/cz\/tekno-point\/\",\"name\":\"TEKNO POINT - KLIMAVEX GROUP - \u010cesko\",\"isPartOf\":{\"@id\":\"https:\/\/klimavex.eu\/cz\/#website\"},\"primaryImageOfPage\":{\"@id\":\"https:\/\/klimavex.eu\/cz\/tekno-point\/#primaryimage\"},\"image\":{\"@id\":\"https:\/\/klimavex.eu\/cz\/tekno-point\/#primaryimage\"},\"thumbnailUrl\":\"https:\/\/klimavex.eu\/cz\/wp-content\/uploads\/2025\/06\/LOGO-TEKNO-POINT-1-1024x523.png\",\"datePublished\":\"2025-06-16T13:31:24+00:00\",\"dateModified\":\"2025-06-16T14:13:26+00:00\",\"description\":\"S c\u00edlem poskytovat komfort vyv\u00edj\u00ed TEKNO POINT inovativn\u00ed klimatizace, kter\u00e9 jsou vhodn\u00e9 jak pro historick\u00e9 budovy, tak pro modern\u00ed stavby.\",\"breadcrumb\":{\"@id\":\"https:\/\/klimavex.eu\/cz\/tekno-point\/#breadcrumb\"},\"inLanguage\":\"cs\",\"potentialAction\":[{\"@type\":\"ReadAction\",\"target\":[\"https:\/\/klimavex.eu\/cz\/tekno-point\/\"]}]},{\"@type\":\"ImageObject\",\"inLanguage\":\"cs\",\"@id\":\"https:\/\/klimavex.eu\/cz\/tekno-point\/#primaryimage\",\"url\":\"https:\/\/klimavex.eu\/cz\/wp-content\/uploads\/2025\/06\/LOGO-TEKNO-POINT-1.png\",\"contentUrl\":\"https:\/\/klimavex.eu\/cz\/wp-content\/uploads\/2025\/06\/LOGO-TEKNO-POINT-1.png\",\"width\":6442,\"height\":3291},{\"@type\":\"BreadcrumbList\",\"@id\":\"https:\/\/klimavex.eu\/cz\/tekno-point\/#breadcrumb\",\"itemListElement\":[{\"@type\":\"ListItem\",\"position\":1,\"name\":\"Domovsk\u00e1 str\u00e1nka\",\"item\":\"https:\/\/klimavex.eu\/cz\/\"},{\"@type\":\"ListItem\",\"position\":2,\"name\":\"TEKNO POINT\"}]},{\"@type\":\"WebSite\",\"@id\":\"https:\/\/klimavex.eu\/cz\/#website\",\"url\":\"https:\/\/klimavex.eu\/cz\/\",\"name\":\"KLIMAVEX GROUP - \u010cesko\",\"description\":\"\",\"publisher\":{\"@id\":\"https:\/\/klimavex.eu\/cz\/#organization\"},\"alternateName\":\"KLIMAVEX CZ a.s.\",\"potentialAction\":[{\"@type\":\"SearchAction\",\"target\":{\"@type\":\"EntryPoint\",\"urlTemplate\":\"https:\/\/klimavex.eu\/cz\/?s={search_term_string}\"},\"query-input\":{\"@type\":\"PropertyValueSpecification\",\"valueRequired\":true,\"valueName\":\"search_term_string\"}}],\"inLanguage\":\"cs\"},{\"@type\":\"Organization\",\"@id\":\"https:\/\/klimavex.eu\/cz\/#organization\",\"name\":\"KLIMAVEX GROUP\",\"alternateName\":\"KLIMAVEX\",\"url\":\"https:\/\/klimavex.eu\/cz\/\",\"logo\":{\"@type\":\"ImageObject\",\"inLanguage\":\"cs\",\"@id\":\"https:\/\/klimavex.eu\/cz\/#\/schema\/logo\/image\/\",\"url\":\"https:\/\/klimavex.eu\/cz\/wp-content\/uploads\/2024\/04\/Klimavex-Group-logo.png\",\"contentUrl\":\"https:\/\/klimavex.eu\/cz\/wp-content\/uploads\/2024\/04\/Klimavex-Group-logo.png\",\"width\":1681,\"height\":472,\"caption\":\"KLIMAVEX GROUP\"},\"image\":{\"@id\":\"https:\/\/klimavex.eu\/cz\/#\/schema\/logo\/image\/\"},\"sameAs\":[\"https:\/\/www.facebook.com\/klimavex.cz\",\"https:\/\/www.instagram.com\/klimavex_cz\/\"]}]}<\/script>\n<!-- \/ Yoast SEO plugin. -->","yoast_head_json":{"title":"TEKNO POINT - KLIMAVEX GROUP - \u010cesko","description":"S c\u00edlem poskytovat komfort vyv\u00edj\u00ed TEKNO POINT inovativn\u00ed klimatizace, kter\u00e9 jsou vhodn\u00e9 jak pro historick\u00e9 budovy, tak pro modern\u00ed stavby.","robots":{"index":"index","follow":"follow","max-snippet":"max-snippet:-1","max-image-preview":"max-image-preview:large","max-video-preview":"max-video-preview:-1"},"canonical":"https:\/\/klimavex.eu\/cz\/tekno-point\/","og_locale":"cs_CZ","og_type":"article","og_title":"TEKNO POINT - KLIMAVEX GROUP - \u010cesko","og_description":"S c\u00edlem poskytovat komfort vyv\u00edj\u00ed TEKNO POINT inovativn\u00ed klimatizace, kter\u00e9 jsou vhodn\u00e9 jak pro historick\u00e9 budovy, tak pro modern\u00ed stavby.","og_url":"https:\/\/klimavex.eu\/cz\/tekno-point\/","og_site_name":"KLIMAVEX GROUP - \u010cesko","article_publisher":"https:\/\/www.facebook.com\/klimavex.cz","article_modified_time":"2025-06-16T14:13:26+00:00","og_image":[{"url":"https:\/\/klimavex.eu\/cz\/wp-content\/uploads\/2025\/06\/LOGO-TEKNO-POINT-1-1024x523.png"}],"twitter_card":"summary_large_image","twitter_misc":{"Odhadovan\u00e1 doba \u010dten\u00ed":"2 minuty"},"schema":{"@context":"https:\/\/schema.org","@graph":[{"@type":"WebPage","@id":"https:\/\/klimavex.eu\/cz\/tekno-point\/","url":"https:\/\/klimavex.eu\/cz\/tekno-point\/","name":"TEKNO POINT - KLIMAVEX GROUP - \u010cesko","isPartOf":{"@id":"https:\/\/klimavex.eu\/cz\/#website"},"primaryImageOfPage":{"@id":"https:\/\/klimavex.eu\/cz\/tekno-point\/#primaryimage"},"image":{"@id":"https:\/\/klimavex.eu\/cz\/tekno-point\/#primaryimage"},"thumbnailUrl":"https:\/\/klimavex.eu\/cz\/wp-content\/uploads\/2025\/06\/LOGO-TEKNO-POINT-1-1024x523.png","datePublished":"2025-06-16T13:31:24+00:00","dateModified":"2025-06-16T14:13:26+00:00","description":"S c\u00edlem poskytovat komfort vyv\u00edj\u00ed TEKNO POINT inovativn\u00ed klimatizace, kter\u00e9 jsou vhodn\u00e9 jak pro historick\u00e9 budovy, tak pro modern\u00ed stavby.","breadcrumb":{"@id":"https:\/\/klimavex.eu\/cz\/tekno-point\/#breadcrumb"},"inLanguage":"cs","potentialAction":[{"@type":"ReadAction","target":["https:\/\/klimavex.eu\/cz\/tekno-point\/"]}]},{"@type":"ImageObject","inLanguage":"cs","@id":"https:\/\/klimavex.eu\/cz\/tekno-point\/#primaryimage","url":"https:\/\/klimavex.eu\/cz\/wp-content\/uploads\/2025\/06\/LOGO-TEKNO-POINT-1.png","contentUrl":"https:\/\/klimavex.eu\/cz\/wp-content\/uploads\/2025\/06\/LOGO-TEKNO-POINT-1.png","width":6442,"height":3291},{"@type":"BreadcrumbList","@id":"https:\/\/klimavex.eu\/cz\/tekno-point\/#breadcrumb","itemListElement":[{"@type":"ListItem","position":1,"name":"Domovsk\u00e1 str\u00e1nka","item":"https:\/\/klimavex.eu\/cz\/"},{"@type":"ListItem","position":2,"name":"TEKNO POINT"}]},{"@type":"WebSite","@id":"https:\/\/klimavex.eu\/cz\/#website","url":"https:\/\/klimavex.eu\/cz\/","name":"KLIMAVEX GROUP - \u010cesko","description":"","publisher":{"@id":"https:\/\/klimavex.eu\/cz\/#organization"},"alternateName":"KLIMAVEX CZ a.s.","potentialAction":[{"@type":"SearchAction","target":{"@type":"EntryPoint","urlTemplate":"https:\/\/klimavex.eu\/cz\/?s={search_term_string}"},"query-input":{"@type":"PropertyValueSpecification","valueRequired":true,"valueName":"search_term_string"}}],"inLanguage":"cs"},{"@type":"Organization","@id":"https:\/\/klimavex.eu\/cz\/#organization","name":"KLIMAVEX GROUP","alternateName":"KLIMAVEX","url":"https:\/\/klimavex.eu\/cz\/","logo":{"@type":"ImageObject","inLanguage":"cs","@id":"https:\/\/klimavex.eu\/cz\/#\/schema\/logo\/image\/","url":"https:\/\/klimavex.eu\/cz\/wp-content\/uploads\/2024\/04\/Klimavex-Group-logo.png","contentUrl":"https:\/\/klimavex.eu\/cz\/wp-content\/uploads\/2024\/04\/Klimavex-Group-logo.png","width":1681,"height":472,"caption":"KLIMAVEX GROUP"},"image":{"@id":"https:\/\/klimavex.eu\/cz\/#\/schema\/logo\/image\/"},"sameAs":["https:\/\/www.facebook.com\/klimavex.cz","https:\/\/www.instagram.com\/klimavex_cz\/"]}]}},"_links":{"self":[{"href":"https:\/\/klimavex.eu\/cz\/wp-json\/wp\/v2\/pages\/404611","targetHints":{"allow":["GET"]}}],"collection":[{"href":"https:\/\/klimavex.eu\/cz\/wp-json\/wp\/v2\/pages"}],"about":[{"href":"https:\/\/klimavex.eu\/cz\/wp-json\/wp\/v2\/types\/page"}],"author":[{"embeddable":true,"href":"https:\/\/klimavex.eu\/cz\/wp-json\/wp\/v2\/users\/3"}],"replies":[{"embeddable":true,"href":"https:\/\/klimavex.eu\/cz\/wp-json\/wp\/v2\/comments?post=404611"}],"version-history":[{"count":0,"href":"https:\/\/klimavex.eu\/cz\/wp-json\/wp\/v2\/pages\/404611\/revisions"}],"wp:attachment":[{"href":"https:\/\/klimavex.eu\/cz\/wp-json\/wp\/v2\/media?parent=404611"}],"curies":[{"name":"wp","href":"https:\/\/api.w.org\/{rel}","templated":true}]}}