{"id":467650,"date":"2025-08-12T07:41:52","date_gmt":"2025-08-12T05:41:52","guid":{"rendered":"https:\/\/klimavex.eu\/cz\/?page_id=467650"},"modified":"2025-08-12T12:49:45","modified_gmt":"2025-08-12T10:49:45","slug":"blauberg","status":"publish","type":"page","link":"https:\/\/klimavex.eu\/cz\/blauberg\/","title":{"rendered":"Blauberg"},"content":{"rendered":"\t\t<div data-elementor-type=\"wp-page\" data-elementor-id=\"467650\" class=\"elementor elementor-467650\" data-elementor-post-type=\"page\">\n\t\t\t\t\t\t<section class=\"wd-negative-gap elementor-section elementor-top-section elementor-element elementor-element-4fcbd7a2 elementor-section-boxed elementor-section-height-default elementor-section-height-default\" data-id=\"4fcbd7a2\" data-element_type=\"section\">\n\t\t\t\t\t\t\t<div class=\"elementor-background-overlay\"><\/div>\n\t\t\t\t\t\t\t<div class=\"elementor-container elementor-column-gap-default\">\n\t\t\t\t\t<div class=\"elementor-column elementor-col-100 elementor-top-column elementor-element elementor-element-4a57d949\" data-id=\"4a57d949\" data-element_type=\"column\" data-settings=\"{&quot;background_background&quot;:&quot;classic&quot;}\">\n\t\t\t<div class=\"elementor-widget-wrap elementor-element-populated\">\n\t\t\t\t\t\t<div class=\"elementor-element elementor-element-3cb8302 wd-width-100 elementor-widget elementor-widget-wd_title\" data-id=\"3cb8302\" data-element_type=\"widget\" data-widget_type=\"wd_title.default\">\n\t\t\t\t<div class=\"elementor-widget-container\">\n\t\t\t\t\t<div class=\"title-wrapper wd-set-mb reset-last-child wd-title-color-default wd-title-style-default wd-title-size-default text-center\">\n\n\t\t\t\n\t\t\t<div class=\"liner-continer\">\n\t\t\t\t<h4 class=\"woodmart-title-container title wd-fontsize-l\">NA\u0160I V\u00ddROBCI<\/h4> \n\t\t\t\t\t\t\t<\/div>\n\n\t\t\t\t\t<\/div>\n\t\t\t\t<\/div>\n\t\t\t\t<\/div>\n\t\t\t\t<div class=\"elementor-element elementor-element-80e942e elementor-widget-divider--separator-type-pattern elementor-widget-divider--view-line elementor-widget elementor-widget-divider\" data-id=\"80e942e\" data-element_type=\"widget\" data-widget_type=\"divider.default\">\n\t\t\t\t<div class=\"elementor-widget-container\">\n\t\t\t\t\t<div class=\"elementor-divider\" style=\"--divider-pattern-url: url(&quot;data:image\/svg+xml,%3Csvg xmlns=&#039;http:\/\/www.w3.org\/2000\/svg&#039; preserveAspectRatio=&#039;none&#039; overflow=&#039;visible&#039; height=&#039;100%&#039; viewBox=&#039;0 0 24 24&#039; fill=&#039;black&#039; stroke=&#039;none&#039;%3E%3Cpolygon points=&#039;9.4,2 24,2 14.6,21.6 0,21.6&#039;\/%3E%3C\/svg%3E&quot;);\">\n\t\t\t<span class=\"elementor-divider-separator\">\n\t\t\t\t\t\t<\/span>\n\t\t<\/div>\n\t\t\t\t<\/div>\n\t\t\t\t<\/div>\n\t\t\t\t<section class=\"wd-negative-gap elementor-section elementor-inner-section elementor-element elementor-element-adb9bff elementor-section-full_width elementor-section-content-middle elementor-section-height-default elementor-section-height-default\" data-id=\"adb9bff\" data-element_type=\"section\">\n\t\t\t\t\t\t<div class=\"elementor-container elementor-column-gap-no\">\n\t\t\t\t\t<div class=\"elementor-column elementor-col-100 elementor-inner-column elementor-element elementor-element-2929b525\" data-id=\"2929b525\" data-element_type=\"column\">\n\t\t\t<div class=\"elementor-widget-wrap elementor-element-populated\">\n\t\t\t\t\t\t<div class=\"elementor-element elementor-element-419ff173 elementor-widget elementor-widget-image\" data-id=\"419ff173\" data-element_type=\"widget\" data-widget_type=\"image.default\">\n\t\t\t\t<div class=\"elementor-widget-container\">\n\t\t\t\t\t\t\t\t\t\t<figure class=\"wp-caption\">\n\t\t\t\t\t\t\t\t\t\t<img fetchpriority=\"high\" decoding=\"async\" width=\"1024\" height=\"433\" src=\"https:\/\/klimavex.eu\/cz\/wp-content\/uploads\/2025\/08\/BL_Ventilatoren_Logo-1024x433.png\" class=\"attachment-large size-large wp-image-467655\" alt=\"\" srcset=\"https:\/\/klimavex.eu\/cz\/wp-content\/uploads\/2025\/08\/BL_Ventilatoren_Logo-1024x433.png 1024w, https:\/\/klimavex.eu\/cz\/wp-content\/uploads\/2025\/08\/BL_Ventilatoren_Logo-300x127.png 300w, https:\/\/klimavex.eu\/cz\/wp-content\/uploads\/2025\/08\/BL_Ventilatoren_Logo-768x324.png 768w, https:\/\/klimavex.eu\/cz\/wp-content\/uploads\/2025\/08\/BL_Ventilatoren_Logo-20x8.png 20w, https:\/\/klimavex.eu\/cz\/wp-content\/uploads\/2025\/08\/BL_Ventilatoren_Logo-600x254.png 600w, https:\/\/klimavex.eu\/cz\/wp-content\/uploads\/2025\/08\/BL_Ventilatoren_Logo-150x63.png 150w, https:\/\/klimavex.eu\/cz\/wp-content\/uploads\/2025\/08\/BL_Ventilatoren_Logo.png 1200w\" sizes=\"(max-width: 1024px) 100vw, 1024px\" \/>\t\t\t\t\t\t\t\t\t\t\t<figcaption class=\"widget-image-caption wp-caption-text\"><\/figcaption>\n\t\t\t\t\t\t\t\t\t\t<\/figure>\n\t\t\t\t\t\t\t<\/div>\n\t\t\t\t<\/div>\n\t\t\t\t<div class=\"elementor-element elementor-element-6273d9f0 elementor-widget elementor-widget-heading\" data-id=\"6273d9f0\" data-element_type=\"widget\" data-widget_type=\"heading.default\">\n\t\t\t\t<div class=\"elementor-widget-container\">\n\t\t\t<h2 class=\"elementor-heading-title elementor-size-default\">VZDUCHOTECHNIKA<\/h2>\t\t<\/div>\n\t\t\t\t<\/div>\n\t\t\t\t<div class=\"elementor-element elementor-element-398f2fc0 elementor-widget elementor-widget-heading\" data-id=\"398f2fc0\" data-element_type=\"widget\" data-widget_type=\"heading.default\">\n\t\t\t\t<div class=\"elementor-widget-container\">\n\t\t\t<h2 class=\"elementor-heading-title elementor-size-default\"><a href=\"\/cz\/eshop\/?filter_znacka=blauberg\">Sortiment<\/a><\/h2>\t\t<\/div>\n\t\t\t\t<\/div>\n\t\t\t\t<div class=\"elementor-element elementor-element-26f47da elementor-widget-divider--view-line elementor-widget elementor-widget-divider\" data-id=\"26f47da\" data-element_type=\"widget\" data-widget_type=\"divider.default\">\n\t\t\t\t<div class=\"elementor-widget-container\">\n\t\t\t\t\t<div class=\"elementor-divider\">\n\t\t\t<span class=\"elementor-divider-separator\">\n\t\t\t\t\t\t<\/span>\n\t\t<\/div>\n\t\t\t\t<\/div>\n\t\t\t\t<\/div>\n\t\t\t\t<div class=\"elementor-element elementor-element-42865d3 elementor-widget elementor-widget-wd_text_block\" data-id=\"42865d3\" data-element_type=\"widget\" data-widget_type=\"wd_text_block.default\">\n\t\t\t\t<div class=\"elementor-widget-container\">\n\t\t\t\t\t<div class=\"wd-text-block reset-last-child text-left\">\n\t\t\t\n\t\t\t<p><strong>Blauberg<\/strong> <strong>Group<\/strong> je etablovan\u00fd mezin\u00e1rodn\u00ed hr\u00e1\u010d v oblasti <strong>ventilace<\/strong> a klimatick\u00fdch \u0159e\u0161en\u00ed, kter\u00fd nab\u00edz\u00ed inovativn\u00ed <strong>komplexn\u00ed<\/strong> <strong>syst\u00e9my<\/strong> pro reziden\u010dn\u00ed, komer\u010dn\u00ed i pr\u016fmyslov\u00e9 prost\u0159ed\u00ed. Je aktivn\u00ed ve v\u00edce ne\u017e 120 zem\u00edch z cel\u00e9ho sv\u011bta, disponuje 13 v\u00fdzkumn\u00fdmi centry a v\u00edce ne\u017e 300 kvalifikovan\u00fdmi in\u017een\u00fdry.<\/p><p>Filozofi\u00ed t\u00e9to skupiny jsou zejm\u00e9na neust\u00e1l\u00e9 <strong>inovace<\/strong>, kter\u00e9 zaji\u0161\u0165uj\u00ed <strong>modern\u00ed<\/strong> <strong>portfolio<\/strong> <strong>efektivn\u00edch<\/strong> produkt\u016f. <strong>Kvalita<\/strong> v\u00fdrobk\u016f je zaji\u0161t\u011bna maxim\u00e1ln\u00ed <strong>kontrolou<\/strong> nad v\u00fdrobn\u00edm procesem \u2013 skupina do sv\u00fdch za\u0159\u00edzen\u00ed vyr\u00e1b\u00ed d\u00edly, sestavuje je a kontroluje, zda odpov\u00eddaj\u00ed nastaven\u00fdm standard\u016fm.<\/p><p>Blauberg p\u0159in\u00e1\u0161\u00ed <strong>glob\u00e1ln\u00ed<\/strong> <strong>know<\/strong>-<strong>how<\/strong> v oblasti ventilace i klimatizace \u2014 od sou\u010d\u00e1stek a\u017e po kompletn\u00ed \u0159e\u0161en\u00ed. D\u00edky vlastn\u00edm v\u00fdrobn\u00edm kapacit\u00e1m, intenzivn\u00edmu v\u00fdzkumu a pe\u010dliv\u00e9mu <strong>zaji\u0161t\u011bn\u00ed<\/strong> <strong>kvality<\/strong> vytv\u00e1\u0159\u00ed spolehliv\u00e9 syst\u00e9my pro v\u0161echny typy objekt\u016f. Konzistentn\u011b inovuje a technologie jsou v centru jeho p\u016fsoben\u00ed. Zna\u010dka stav\u00ed na my\u0161lence, \u017ee modern\u00ed ventilace u\u017e nen\u00ed luxus, ale <strong>nezbytnost<\/strong> \u2014 proto\u017ee \u201e<strong>together<\/strong>, <strong>we<\/strong> <strong>create<\/strong> <strong>life.<\/strong>\u201c<\/p>\n\t\t\t\t\t<\/div>\n\t\t\t\t<\/div>\n\t\t\t\t<\/div>\n\t\t\t\t\t<\/div>\n\t\t<\/div>\n\t\t\t\t\t<\/div>\n\t\t<\/section>\n\t\t\t\t\t<\/div>\n\t\t<\/div>\n\t\t\t\t\t<\/div>\n\t\t<\/section>\n\t\t\t\t<\/div>\n\t\t","protected":false},"excerpt":{"rendered":"<p>NA\u0160I V\u00ddROBCI VZDUCHOTECHNIKA Sortiment Blauberg Group je etablovan\u00fd mezin\u00e1rodn\u00ed hr\u00e1\u010d v oblasti ventilace a klimatick\u00fdch \u0159e\u0161en\u00ed, kter\u00fd nab\u00edz\u00ed inovativn\u00ed komplexn\u00ed<\/p>\n","protected":false},"author":3,"featured_media":0,"parent":0,"menu_order":0,"comment_status":"closed","ping_status":"closed","template":"","meta":{"footnotes":""},"class_list":["post-467650","page","type-page","status-publish","hentry"],"yoast_head":"<!-- This site is optimized with the Yoast SEO plugin v23.9 - https:\/\/yoast.com\/wordpress\/plugins\/seo\/ -->\n<title>Blauberg - KLIMAVEX GROUP - \u010cesko<\/title>\n<meta name=\"description\" content=\"Blauberg je p\u0159edn\u00edm sv\u011btov\u00fdm v\u00fdrobcem vzduchotechniky pro reziden\u010dn\u00ed, komer\u010dn\u00ed i pr\u016fmyslov\u00e9 prost\u0159ed\u00ed. Prohl\u00e9dn\u011bte si jeho sortiment.\" \/>\n<meta name=\"robots\" content=\"index, follow, max-snippet:-1, max-image-preview:large, max-video-preview:-1\" \/>\n<link rel=\"canonical\" href=\"https:\/\/klimavex.eu\/cz\/blauberg\/\" \/>\n<meta property=\"og:locale\" content=\"cs_CZ\" \/>\n<meta property=\"og:type\" content=\"article\" \/>\n<meta property=\"og:title\" content=\"Blauberg - KLIMAVEX GROUP - \u010cesko\" \/>\n<meta property=\"og:description\" content=\"Blauberg je p\u0159edn\u00edm sv\u011btov\u00fdm v\u00fdrobcem vzduchotechniky pro reziden\u010dn\u00ed, komer\u010dn\u00ed i pr\u016fmyslov\u00e9 prost\u0159ed\u00ed. Prohl\u00e9dn\u011bte si jeho sortiment.\" \/>\n<meta property=\"og:url\" content=\"https:\/\/klimavex.eu\/cz\/blauberg\/\" \/>\n<meta property=\"og:site_name\" content=\"KLIMAVEX GROUP - \u010cesko\" \/>\n<meta property=\"article:publisher\" content=\"https:\/\/www.facebook.com\/klimavex.cz\" \/>\n<meta property=\"article:modified_time\" content=\"2025-08-12T10:49:45+00:00\" \/>\n<meta property=\"og:image\" content=\"https:\/\/klimavex.eu\/cz\/wp-content\/uploads\/2025\/08\/BL_Ventilatoren_Logo.png\" \/>\n\t<meta property=\"og:image:width\" content=\"1200\" \/>\n\t<meta property=\"og:image:height\" content=\"507\" \/>\n\t<meta property=\"og:image:type\" content=\"image\/png\" \/>\n<meta name=\"twitter:card\" content=\"summary_large_image\" \/>\n<meta name=\"twitter:label1\" content=\"Odhadovan\u00e1 doba \u010dten\u00ed\" \/>\n\t<meta name=\"twitter:data1\" content=\"1 minuta\" \/>\n<script type=\"application\/ld+json\" class=\"yoast-schema-graph\">{\"@context\":\"https:\/\/schema.org\",\"@graph\":[{\"@type\":\"WebPage\",\"@id\":\"https:\/\/klimavex.eu\/cz\/blauberg\/\",\"url\":\"https:\/\/klimavex.eu\/cz\/blauberg\/\",\"name\":\"Blauberg - KLIMAVEX GROUP - \u010cesko\",\"isPartOf\":{\"@id\":\"https:\/\/klimavex.eu\/cz\/#website\"},\"primaryImageOfPage\":{\"@id\":\"https:\/\/klimavex.eu\/cz\/blauberg\/#primaryimage\"},\"image\":{\"@id\":\"https:\/\/klimavex.eu\/cz\/blauberg\/#primaryimage\"},\"thumbnailUrl\":\"https:\/\/klimavex.eu\/cz\/wp-content\/uploads\/2025\/08\/BL_Ventilatoren_Logo-1024x433.png\",\"datePublished\":\"2025-08-12T05:41:52+00:00\",\"dateModified\":\"2025-08-12T10:49:45+00:00\",\"description\":\"Blauberg je p\u0159edn\u00edm sv\u011btov\u00fdm v\u00fdrobcem vzduchotechniky pro reziden\u010dn\u00ed, komer\u010dn\u00ed i pr\u016fmyslov\u00e9 prost\u0159ed\u00ed. Prohl\u00e9dn\u011bte si jeho sortiment.\",\"breadcrumb\":{\"@id\":\"https:\/\/klimavex.eu\/cz\/blauberg\/#breadcrumb\"},\"inLanguage\":\"cs\",\"potentialAction\":[{\"@type\":\"ReadAction\",\"target\":[\"https:\/\/klimavex.eu\/cz\/blauberg\/\"]}]},{\"@type\":\"ImageObject\",\"inLanguage\":\"cs\",\"@id\":\"https:\/\/klimavex.eu\/cz\/blauberg\/#primaryimage\",\"url\":\"https:\/\/klimavex.eu\/cz\/wp-content\/uploads\/2025\/08\/BL_Ventilatoren_Logo.png\",\"contentUrl\":\"https:\/\/klimavex.eu\/cz\/wp-content\/uploads\/2025\/08\/BL_Ventilatoren_Logo.png\",\"width\":1200,\"height\":507},{\"@type\":\"BreadcrumbList\",\"@id\":\"https:\/\/klimavex.eu\/cz\/blauberg\/#breadcrumb\",\"itemListElement\":[{\"@type\":\"ListItem\",\"position\":1,\"name\":\"Domovsk\u00e1 str\u00e1nka\",\"item\":\"https:\/\/klimavex.eu\/cz\/\"},{\"@type\":\"ListItem\",\"position\":2,\"name\":\"Blauberg\"}]},{\"@type\":\"WebSite\",\"@id\":\"https:\/\/klimavex.eu\/cz\/#website\",\"url\":\"https:\/\/klimavex.eu\/cz\/\",\"name\":\"KLIMAVEX GROUP - \u010cesko\",\"description\":\"\",\"publisher\":{\"@id\":\"https:\/\/klimavex.eu\/cz\/#organization\"},\"alternateName\":\"KLIMAVEX CZ a.s.\",\"potentialAction\":[{\"@type\":\"SearchAction\",\"target\":{\"@type\":\"EntryPoint\",\"urlTemplate\":\"https:\/\/klimavex.eu\/cz\/?s={search_term_string}\"},\"query-input\":{\"@type\":\"PropertyValueSpecification\",\"valueRequired\":true,\"valueName\":\"search_term_string\"}}],\"inLanguage\":\"cs\"},{\"@type\":\"Organization\",\"@id\":\"https:\/\/klimavex.eu\/cz\/#organization\",\"name\":\"KLIMAVEX GROUP\",\"alternateName\":\"KLIMAVEX\",\"url\":\"https:\/\/klimavex.eu\/cz\/\",\"logo\":{\"@type\":\"ImageObject\",\"inLanguage\":\"cs\",\"@id\":\"https:\/\/klimavex.eu\/cz\/#\/schema\/logo\/image\/\",\"url\":\"https:\/\/klimavex.eu\/cz\/wp-content\/uploads\/2024\/04\/Klimavex-Group-logo.png\",\"contentUrl\":\"https:\/\/klimavex.eu\/cz\/wp-content\/uploads\/2024\/04\/Klimavex-Group-logo.png\",\"width\":1681,\"height\":472,\"caption\":\"KLIMAVEX GROUP\"},\"image\":{\"@id\":\"https:\/\/klimavex.eu\/cz\/#\/schema\/logo\/image\/\"},\"sameAs\":[\"https:\/\/www.facebook.com\/klimavex.cz\",\"https:\/\/www.instagram.com\/klimavex_cz\/\"]}]}<\/script>\n<!-- \/ Yoast SEO plugin. -->","yoast_head_json":{"title":"Blauberg - KLIMAVEX GROUP - \u010cesko","description":"Blauberg je p\u0159edn\u00edm sv\u011btov\u00fdm v\u00fdrobcem vzduchotechniky pro reziden\u010dn\u00ed, komer\u010dn\u00ed i pr\u016fmyslov\u00e9 prost\u0159ed\u00ed. Prohl\u00e9dn\u011bte si jeho sortiment.","robots":{"index":"index","follow":"follow","max-snippet":"max-snippet:-1","max-image-preview":"max-image-preview:large","max-video-preview":"max-video-preview:-1"},"canonical":"https:\/\/klimavex.eu\/cz\/blauberg\/","og_locale":"cs_CZ","og_type":"article","og_title":"Blauberg - KLIMAVEX GROUP - \u010cesko","og_description":"Blauberg je p\u0159edn\u00edm sv\u011btov\u00fdm v\u00fdrobcem vzduchotechniky pro reziden\u010dn\u00ed, komer\u010dn\u00ed i pr\u016fmyslov\u00e9 prost\u0159ed\u00ed. Prohl\u00e9dn\u011bte si jeho sortiment.","og_url":"https:\/\/klimavex.eu\/cz\/blauberg\/","og_site_name":"KLIMAVEX GROUP - \u010cesko","article_publisher":"https:\/\/www.facebook.com\/klimavex.cz","article_modified_time":"2025-08-12T10:49:45+00:00","og_image":[{"width":1200,"height":507,"url":"https:\/\/klimavex.eu\/cz\/wp-content\/uploads\/2025\/08\/BL_Ventilatoren_Logo.png","type":"image\/png"}],"twitter_card":"summary_large_image","twitter_misc":{"Odhadovan\u00e1 doba \u010dten\u00ed":"1 minuta"},"schema":{"@context":"https:\/\/schema.org","@graph":[{"@type":"WebPage","@id":"https:\/\/klimavex.eu\/cz\/blauberg\/","url":"https:\/\/klimavex.eu\/cz\/blauberg\/","name":"Blauberg - KLIMAVEX GROUP - \u010cesko","isPartOf":{"@id":"https:\/\/klimavex.eu\/cz\/#website"},"primaryImageOfPage":{"@id":"https:\/\/klimavex.eu\/cz\/blauberg\/#primaryimage"},"image":{"@id":"https:\/\/klimavex.eu\/cz\/blauberg\/#primaryimage"},"thumbnailUrl":"https:\/\/klimavex.eu\/cz\/wp-content\/uploads\/2025\/08\/BL_Ventilatoren_Logo-1024x433.png","datePublished":"2025-08-12T05:41:52+00:00","dateModified":"2025-08-12T10:49:45+00:00","description":"Blauberg je p\u0159edn\u00edm sv\u011btov\u00fdm v\u00fdrobcem vzduchotechniky pro reziden\u010dn\u00ed, komer\u010dn\u00ed i pr\u016fmyslov\u00e9 prost\u0159ed\u00ed. Prohl\u00e9dn\u011bte si jeho sortiment.","breadcrumb":{"@id":"https:\/\/klimavex.eu\/cz\/blauberg\/#breadcrumb"},"inLanguage":"cs","potentialAction":[{"@type":"ReadAction","target":["https:\/\/klimavex.eu\/cz\/blauberg\/"]}]},{"@type":"ImageObject","inLanguage":"cs","@id":"https:\/\/klimavex.eu\/cz\/blauberg\/#primaryimage","url":"https:\/\/klimavex.eu\/cz\/wp-content\/uploads\/2025\/08\/BL_Ventilatoren_Logo.png","contentUrl":"https:\/\/klimavex.eu\/cz\/wp-content\/uploads\/2025\/08\/BL_Ventilatoren_Logo.png","width":1200,"height":507},{"@type":"BreadcrumbList","@id":"https:\/\/klimavex.eu\/cz\/blauberg\/#breadcrumb","itemListElement":[{"@type":"ListItem","position":1,"name":"Domovsk\u00e1 str\u00e1nka","item":"https:\/\/klimavex.eu\/cz\/"},{"@type":"ListItem","position":2,"name":"Blauberg"}]},{"@type":"WebSite","@id":"https:\/\/klimavex.eu\/cz\/#website","url":"https:\/\/klimavex.eu\/cz\/","name":"KLIMAVEX GROUP - \u010cesko","description":"","publisher":{"@id":"https:\/\/klimavex.eu\/cz\/#organization"},"alternateName":"KLIMAVEX CZ a.s.","potentialAction":[{"@type":"SearchAction","target":{"@type":"EntryPoint","urlTemplate":"https:\/\/klimavex.eu\/cz\/?s={search_term_string}"},"query-input":{"@type":"PropertyValueSpecification","valueRequired":true,"valueName":"search_term_string"}}],"inLanguage":"cs"},{"@type":"Organization","@id":"https:\/\/klimavex.eu\/cz\/#organization","name":"KLIMAVEX GROUP","alternateName":"KLIMAVEX","url":"https:\/\/klimavex.eu\/cz\/","logo":{"@type":"ImageObject","inLanguage":"cs","@id":"https:\/\/klimavex.eu\/cz\/#\/schema\/logo\/image\/","url":"https:\/\/klimavex.eu\/cz\/wp-content\/uploads\/2024\/04\/Klimavex-Group-logo.png","contentUrl":"https:\/\/klimavex.eu\/cz\/wp-content\/uploads\/2024\/04\/Klimavex-Group-logo.png","width":1681,"height":472,"caption":"KLIMAVEX GROUP"},"image":{"@id":"https:\/\/klimavex.eu\/cz\/#\/schema\/logo\/image\/"},"sameAs":["https:\/\/www.facebook.com\/klimavex.cz","https:\/\/www.instagram.com\/klimavex_cz\/"]}]}},"_links":{"self":[{"href":"https:\/\/klimavex.eu\/cz\/wp-json\/wp\/v2\/pages\/467650","targetHints":{"allow":["GET"]}}],"collection":[{"href":"https:\/\/klimavex.eu\/cz\/wp-json\/wp\/v2\/pages"}],"about":[{"href":"https:\/\/klimavex.eu\/cz\/wp-json\/wp\/v2\/types\/page"}],"author":[{"embeddable":true,"href":"https:\/\/klimavex.eu\/cz\/wp-json\/wp\/v2\/users\/3"}],"replies":[{"embeddable":true,"href":"https:\/\/klimavex.eu\/cz\/wp-json\/wp\/v2\/comments?post=467650"}],"version-history":[{"count":0,"href":"https:\/\/klimavex.eu\/cz\/wp-json\/wp\/v2\/pages\/467650\/revisions"}],"wp:attachment":[{"href":"https:\/\/klimavex.eu\/cz\/wp-json\/wp\/v2\/media?parent=467650"}],"curies":[{"name":"wp","href":"https:\/\/api.w.org\/{rel}","templated":true}]}}