{"id":569883,"date":"2026-03-12T02:57:02","date_gmt":"2026-03-12T01:57:02","guid":{"rendered":"https:\/\/klimavex.eu\/cz\/?page_id=569883"},"modified":"2026-03-12T17:57:36","modified_gmt":"2026-03-12T16:57:36","slug":"xiaomi","status":"publish","type":"page","link":"https:\/\/klimavex.eu\/cz\/xiaomi\/","title":{"rendered":"Xiaomi"},"content":{"rendered":"\t\t<div data-elementor-type=\"wp-page\" data-elementor-id=\"569883\" class=\"elementor elementor-569883\" data-elementor-post-type=\"page\">\n\t\t\t\t\t\t<section class=\"wd-negative-gap elementor-section elementor-top-section elementor-element elementor-element-2d0738e1 elementor-section-boxed elementor-section-height-default elementor-section-height-default\" data-id=\"2d0738e1\" data-element_type=\"section\">\n\t\t\t\t\t\t\t<div class=\"elementor-background-overlay\"><\/div>\n\t\t\t\t\t\t\t<div class=\"elementor-container elementor-column-gap-default\">\n\t\t\t\t\t<div class=\"elementor-column elementor-col-100 elementor-top-column elementor-element elementor-element-55462535\" data-id=\"55462535\" data-element_type=\"column\" data-settings=\"{&quot;background_background&quot;:&quot;classic&quot;}\">\n\t\t\t<div class=\"elementor-widget-wrap elementor-element-populated\">\n\t\t\t\t\t\t<div class=\"elementor-element elementor-element-695d9fc1 wd-width-100 elementor-widget elementor-widget-wd_title\" data-id=\"695d9fc1\" data-element_type=\"widget\" data-widget_type=\"wd_title.default\">\n\t\t\t\t<div class=\"elementor-widget-container\">\n\t\t\t\t\t<div class=\"title-wrapper wd-set-mb reset-last-child wd-title-color-default wd-title-style-default wd-title-size-default text-center\">\n\n\t\t\t\n\t\t\t<div class=\"liner-continer\">\n\t\t\t\t<h4 class=\"woodmart-title-container title wd-fontsize-l\">NA\u0160I V\u00ddROBCI<\/h4> \n\t\t\t\t\t\t\t<\/div>\n\n\t\t\t\t\t<\/div>\n\t\t\t\t<\/div>\n\t\t\t\t<\/div>\n\t\t\t\t<div class=\"elementor-element elementor-element-2ae06db1 elementor-widget-divider--separator-type-pattern elementor-widget-divider--view-line elementor-widget elementor-widget-divider\" data-id=\"2ae06db1\" data-element_type=\"widget\" data-widget_type=\"divider.default\">\n\t\t\t\t<div class=\"elementor-widget-container\">\n\t\t\t\t\t<div class=\"elementor-divider\" style=\"--divider-pattern-url: url(&quot;data:image\/svg+xml,%3Csvg xmlns=&#039;http:\/\/www.w3.org\/2000\/svg&#039; preserveAspectRatio=&#039;none&#039; overflow=&#039;visible&#039; height=&#039;100%&#039; viewBox=&#039;0 0 24 24&#039; fill=&#039;black&#039; stroke=&#039;none&#039;%3E%3Cpolygon points=&#039;9.4,2 24,2 14.6,21.6 0,21.6&#039;\/%3E%3C\/svg%3E&quot;);\">\n\t\t\t<span class=\"elementor-divider-separator\">\n\t\t\t\t\t\t<\/span>\n\t\t<\/div>\n\t\t\t\t<\/div>\n\t\t\t\t<\/div>\n\t\t\t\t<section class=\"wd-negative-gap elementor-section elementor-inner-section elementor-element elementor-element-4a6106e elementor-section-full_width elementor-section-content-middle elementor-section-height-default elementor-section-height-default\" data-id=\"4a6106e\" data-element_type=\"section\">\n\t\t\t\t\t\t<div class=\"elementor-container elementor-column-gap-no\">\n\t\t\t\t\t<div class=\"elementor-column elementor-col-100 elementor-inner-column elementor-element elementor-element-44076aac\" data-id=\"44076aac\" data-element_type=\"column\">\n\t\t\t<div class=\"elementor-widget-wrap elementor-element-populated\">\n\t\t\t\t\t\t<div class=\"elementor-element elementor-element-649c1a13 elementor-widget elementor-widget-image\" data-id=\"649c1a13\" data-element_type=\"widget\" data-widget_type=\"image.default\">\n\t\t\t\t<div class=\"elementor-widget-container\">\n\t\t\t\t\t\t\t\t\t\t\t\t\t<img fetchpriority=\"high\" decoding=\"async\" width=\"1024\" height=\"609\" src=\"https:\/\/klimavex.eu\/cz\/wp-content\/uploads\/2026\/03\/XIAOMI-COLOUR-e1773280704307-1024x609.png\" class=\"attachment-large size-large wp-image-569888\" alt=\"\" srcset=\"https:\/\/klimavex.eu\/cz\/wp-content\/uploads\/2026\/03\/XIAOMI-COLOUR-e1773280704307-1024x609.png 1024w, https:\/\/klimavex.eu\/cz\/wp-content\/uploads\/2026\/03\/XIAOMI-COLOUR-e1773280704307-300x178.png 300w, https:\/\/klimavex.eu\/cz\/wp-content\/uploads\/2026\/03\/XIAOMI-COLOUR-e1773280704307-768x457.png 768w, https:\/\/klimavex.eu\/cz\/wp-content\/uploads\/2026\/03\/XIAOMI-COLOUR-e1773280704307-1536x913.png 1536w, https:\/\/klimavex.eu\/cz\/wp-content\/uploads\/2026\/03\/XIAOMI-COLOUR-e1773280704307-20x12.png 20w, https:\/\/klimavex.eu\/cz\/wp-content\/uploads\/2026\/03\/XIAOMI-COLOUR-e1773280704307-600x357.png 600w, https:\/\/klimavex.eu\/cz\/wp-content\/uploads\/2026\/03\/XIAOMI-COLOUR-e1773280704307-150x89.png 150w, https:\/\/klimavex.eu\/cz\/wp-content\/uploads\/2026\/03\/XIAOMI-COLOUR-e1773280704307.png 1800w\" sizes=\"(max-width: 1024px) 100vw, 1024px\" \/>\t\t\t\t\t\t\t\t\t\t\t\t\t<\/div>\n\t\t\t\t<\/div>\n\t\t\t\t<div class=\"elementor-element elementor-element-72a3678b elementor-widget elementor-widget-heading\" data-id=\"72a3678b\" data-element_type=\"widget\" data-widget_type=\"heading.default\">\n\t\t\t\t<div class=\"elementor-widget-container\">\n\t\t\t<h2 class=\"elementor-heading-title elementor-size-default\">REZIDEN\u010cN\u00cd KLIMATIZACE<\/h2>\t\t<\/div>\n\t\t\t\t<\/div>\n\t\t\t\t<div class=\"elementor-element elementor-element-6e6a9e4b elementor-widget elementor-widget-heading\" data-id=\"6e6a9e4b\" data-element_type=\"widget\" data-widget_type=\"heading.default\">\n\t\t\t\t<div class=\"elementor-widget-container\">\n\t\t\t<h2 class=\"elementor-heading-title elementor-size-default\"><a href=\"\/cz\/eshop\/?filter_znacka=xiaomi\">Sortiment<\/a><\/h2>\t\t<\/div>\n\t\t\t\t<\/div>\n\t\t\t\t<div class=\"elementor-element elementor-element-1cd4310 elementor-widget-divider--view-line elementor-widget elementor-widget-divider\" data-id=\"1cd4310\" data-element_type=\"widget\" data-widget_type=\"divider.default\">\n\t\t\t\t<div class=\"elementor-widget-container\">\n\t\t\t\t\t<div class=\"elementor-divider\">\n\t\t\t<span class=\"elementor-divider-separator\">\n\t\t\t\t\t\t<\/span>\n\t\t<\/div>\n\t\t\t\t<\/div>\n\t\t\t\t<\/div>\n\t\t\t\t<div class=\"elementor-element elementor-element-c86678e elementor-widget elementor-widget-wd_text_block\" data-id=\"c86678e\" data-element_type=\"widget\" data-widget_type=\"wd_text_block.default\">\n\t\t\t\t<div class=\"elementor-widget-container\">\n\t\t\t\t\t<div class=\"wd-text-block reset-last-child text-left\">\n\t\t\t\n\t\t\t<p>Xioami je <strong>glob\u00e1ln\u00ed technologick\u00fd l\u00eddr<\/strong> se vznikem v roce 2010, kter\u00fd pat\u0159\u00ed mezi nejv\u011bt\u0161\u00ed sv\u011btov\u00e9 v\u00fdrobce <strong>spot\u0159ebn\u00ed elektroniky,<\/strong> chytr\u00fdch za\u0159\u00edzen\u00ed a nov\u011b tak\u00e9 klimatiza\u010dn\u00edch technologi\u00ed. Sv\u00e9 postaven\u00ed na trhu si vybudoval d\u00edky kombinaci <strong>pokro\u010dil\u00fdch technologi\u00ed, vysok\u00e9 kvality zpracov\u00e1n\u00ed a dostupn\u00fdch cen.<\/strong> Ekosyst\u00e9m Xiaomi zahrnuje \u0161irokou \u0161k\u00e1lu produkt\u016f - od mobiln\u00edch telefon\u016f a\u017e po dom\u00e1c\u00ed spot\u0159ebi\u010de. D\u016fle\u017eit\u00fdm dopl\u0148kem je platforma Xiaomi Home, umo\u017e\u0148uj\u00edc\u00ed <strong>centr\u00e1ln\u00ed spr\u00e1vu produkt\u016f<\/strong> a automatizaci za\u0159\u00edzen\u00ed v r\u00e1mci jednoho ekosyst\u00e9mu.<\/p><p>V segmentu HVAC se Xiaomi dlouhodob\u011b profiluje jako inov\u00e1tor zam\u011b\u0159en\u00fd na <strong>dostupn\u00e1<\/strong> a <strong>technologicky vysp\u011bl\u00e1 \u0159e\u0161en\u00ed<\/strong> pro modern\u00ed interi\u00e9ry. A nyn\u00ed p\u0159ich\u00e1z\u00ed na \u010desk\u00fd a slovensk\u00fd trh s klimatiza\u010dn\u00edmi jednotkami. V\u00fdrobce klade u sv\u00fdch produkt\u016f d\u016fraz na <strong>\u00fa\u010dinnou filtraci, tich\u00fd provoz<\/strong> a <strong>chytr\u00e9 ovl\u00e1d\u00e1n\u00ed<\/strong> p\u0159es mobiln\u00ed aplikaci. D\u00edky spolehliv\u00e9mu provozu, mo\u017enostem inteligentn\u00edho ovl\u00e1d\u00e1n\u00ed a <strong>aktraktivn\u00ed cen\u011b<\/strong> p\u0159edstavuje Xiaomi zaj\u00edmav\u00e9 \u0159e\u0161en\u00ed pro reziden\u010dn\u00ed i men\u0161\u00ed komer\u010dn\u00ed aplikace a je vhodn\u00fdm dopl\u0148kem Va\u0161eho portfolia HVAC technologi\u00ed.<\/p>\n\t\t\t\t\t<\/div>\n\t\t\t\t<\/div>\n\t\t\t\t<\/div>\n\t\t\t\t\t<\/div>\n\t\t<\/div>\n\t\t\t\t\t<\/div>\n\t\t<\/section>\n\t\t\t\t\t<\/div>\n\t\t<\/div>\n\t\t\t\t\t<\/div>\n\t\t<\/section>\n\t\t\t\t<\/div>\n\t\t","protected":false},"excerpt":{"rendered":"<p>NA\u0160I V\u00ddROBCI REZIDEN\u010cN\u00cd KLIMATIZACE Sortiment Xioami je glob\u00e1ln\u00ed technologick\u00fd l\u00eddr se vznikem v roce 2010, kter\u00fd pat\u0159\u00ed mezi nejv\u011bt\u0161\u00ed sv\u011btov\u00e9<\/p>\n","protected":false},"author":3,"featured_media":0,"parent":0,"menu_order":0,"comment_status":"closed","ping_status":"closed","template":"","meta":{"footnotes":""},"class_list":["post-569883","page","type-page","status-publish","hentry"],"yoast_head":"<!-- This site is optimized with the Yoast SEO plugin v23.9 - https:\/\/yoast.com\/wordpress\/plugins\/seo\/ -->\n<title>Xiaomi - KLIMAVEX GROUP - \u010cesko<\/title>\n<meta name=\"description\" content=\"Xiaomi je glob\u00e1ln\u00ed technologick\u00fd l\u00eddr se vznikem v roce 2010, kter\u00fd pat\u0159\u00ed mezi nejv\u011bt\u0161\u00edsv\u011btov\u00e9 v\u00fdrobce spot\u0159ebn\u00ed elektroniky.\" \/>\n<meta name=\"robots\" content=\"index, follow, max-snippet:-1, max-image-preview:large, max-video-preview:-1\" \/>\n<link rel=\"canonical\" href=\"https:\/\/klimavex.eu\/cz\/xiaomi\/\" \/>\n<meta property=\"og:locale\" content=\"cs_CZ\" \/>\n<meta property=\"og:type\" content=\"article\" \/>\n<meta property=\"og:title\" content=\"Xiaomi - KLIMAVEX GROUP - \u010cesko\" \/>\n<meta property=\"og:description\" content=\"Xiaomi je glob\u00e1ln\u00ed technologick\u00fd l\u00eddr se vznikem v roce 2010, kter\u00fd pat\u0159\u00ed mezi nejv\u011bt\u0161\u00edsv\u011btov\u00e9 v\u00fdrobce spot\u0159ebn\u00ed elektroniky.\" \/>\n<meta property=\"og:url\" content=\"https:\/\/klimavex.eu\/cz\/xiaomi\/\" \/>\n<meta property=\"og:site_name\" content=\"KLIMAVEX GROUP - \u010cesko\" \/>\n<meta property=\"article:publisher\" content=\"https:\/\/www.facebook.com\/klimavex.cz\" \/>\n<meta property=\"article:modified_time\" content=\"2026-03-12T16:57:36+00:00\" \/>\n<meta property=\"og:image\" content=\"https:\/\/klimavex.eu\/cz\/wp-content\/uploads\/2026\/03\/XIAOMI-COLOUR-e1773280704307.png\" \/>\n\t<meta property=\"og:image:width\" content=\"1800\" \/>\n\t<meta property=\"og:image:height\" content=\"1070\" \/>\n\t<meta property=\"og:image:type\" content=\"image\/png\" \/>\n<meta name=\"twitter:card\" content=\"summary_large_image\" \/>\n<meta name=\"twitter:label1\" content=\"Odhadovan\u00e1 doba \u010dten\u00ed\" \/>\n\t<meta name=\"twitter:data1\" content=\"2 minuty\" \/>\n<script type=\"application\/ld+json\" class=\"yoast-schema-graph\">{\"@context\":\"https:\/\/schema.org\",\"@graph\":[{\"@type\":\"WebPage\",\"@id\":\"https:\/\/klimavex.eu\/cz\/xiaomi\/\",\"url\":\"https:\/\/klimavex.eu\/cz\/xiaomi\/\",\"name\":\"Xiaomi - KLIMAVEX GROUP - \u010cesko\",\"isPartOf\":{\"@id\":\"https:\/\/klimavex.eu\/cz\/#website\"},\"primaryImageOfPage\":{\"@id\":\"https:\/\/klimavex.eu\/cz\/xiaomi\/#primaryimage\"},\"image\":{\"@id\":\"https:\/\/klimavex.eu\/cz\/xiaomi\/#primaryimage\"},\"thumbnailUrl\":\"https:\/\/klimavex.eu\/cz\/wp-content\/uploads\/2026\/03\/XIAOMI-COLOUR-e1773280704307-1024x609.png\",\"datePublished\":\"2026-03-12T01:57:02+00:00\",\"dateModified\":\"2026-03-12T16:57:36+00:00\",\"description\":\"Xiaomi je glob\u00e1ln\u00ed technologick\u00fd l\u00eddr se vznikem v roce 2010, kter\u00fd pat\u0159\u00ed mezi nejv\u011bt\u0161\u00edsv\u011btov\u00e9 v\u00fdrobce spot\u0159ebn\u00ed elektroniky.\",\"breadcrumb\":{\"@id\":\"https:\/\/klimavex.eu\/cz\/xiaomi\/#breadcrumb\"},\"inLanguage\":\"cs\",\"potentialAction\":[{\"@type\":\"ReadAction\",\"target\":[\"https:\/\/klimavex.eu\/cz\/xiaomi\/\"]}]},{\"@type\":\"ImageObject\",\"inLanguage\":\"cs\",\"@id\":\"https:\/\/klimavex.eu\/cz\/xiaomi\/#primaryimage\",\"url\":\"https:\/\/klimavex.eu\/cz\/wp-content\/uploads\/2026\/03\/XIAOMI-COLOUR-e1773280704307.png\",\"contentUrl\":\"https:\/\/klimavex.eu\/cz\/wp-content\/uploads\/2026\/03\/XIAOMI-COLOUR-e1773280704307.png\",\"width\":1800,\"height\":1070},{\"@type\":\"BreadcrumbList\",\"@id\":\"https:\/\/klimavex.eu\/cz\/xiaomi\/#breadcrumb\",\"itemListElement\":[{\"@type\":\"ListItem\",\"position\":1,\"name\":\"Domovsk\u00e1 str\u00e1nka\",\"item\":\"https:\/\/klimavex.eu\/cz\/\"},{\"@type\":\"ListItem\",\"position\":2,\"name\":\"Xiaomi\"}]},{\"@type\":\"WebSite\",\"@id\":\"https:\/\/klimavex.eu\/cz\/#website\",\"url\":\"https:\/\/klimavex.eu\/cz\/\",\"name\":\"KLIMAVEX GROUP - \u010cesko\",\"description\":\"\",\"publisher\":{\"@id\":\"https:\/\/klimavex.eu\/cz\/#organization\"},\"alternateName\":\"KLIMAVEX CZ a.s.\",\"potentialAction\":[{\"@type\":\"SearchAction\",\"target\":{\"@type\":\"EntryPoint\",\"urlTemplate\":\"https:\/\/klimavex.eu\/cz\/?s={search_term_string}\"},\"query-input\":{\"@type\":\"PropertyValueSpecification\",\"valueRequired\":true,\"valueName\":\"search_term_string\"}}],\"inLanguage\":\"cs\"},{\"@type\":\"Organization\",\"@id\":\"https:\/\/klimavex.eu\/cz\/#organization\",\"name\":\"KLIMAVEX GROUP\",\"alternateName\":\"KLIMAVEX\",\"url\":\"https:\/\/klimavex.eu\/cz\/\",\"logo\":{\"@type\":\"ImageObject\",\"inLanguage\":\"cs\",\"@id\":\"https:\/\/klimavex.eu\/cz\/#\/schema\/logo\/image\/\",\"url\":\"https:\/\/klimavex.eu\/cz\/wp-content\/uploads\/2024\/04\/Klimavex-Group-logo.png\",\"contentUrl\":\"https:\/\/klimavex.eu\/cz\/wp-content\/uploads\/2024\/04\/Klimavex-Group-logo.png\",\"width\":1681,\"height\":472,\"caption\":\"KLIMAVEX GROUP\"},\"image\":{\"@id\":\"https:\/\/klimavex.eu\/cz\/#\/schema\/logo\/image\/\"},\"sameAs\":[\"https:\/\/www.facebook.com\/klimavex.cz\",\"https:\/\/www.instagram.com\/klimavex_cz\/\"]}]}<\/script>\n<!-- \/ Yoast SEO plugin. -->","yoast_head_json":{"title":"Xiaomi - KLIMAVEX GROUP - \u010cesko","description":"Xiaomi je glob\u00e1ln\u00ed technologick\u00fd l\u00eddr se vznikem v roce 2010, kter\u00fd pat\u0159\u00ed mezi nejv\u011bt\u0161\u00edsv\u011btov\u00e9 v\u00fdrobce spot\u0159ebn\u00ed elektroniky.","robots":{"index":"index","follow":"follow","max-snippet":"max-snippet:-1","max-image-preview":"max-image-preview:large","max-video-preview":"max-video-preview:-1"},"canonical":"https:\/\/klimavex.eu\/cz\/xiaomi\/","og_locale":"cs_CZ","og_type":"article","og_title":"Xiaomi - KLIMAVEX GROUP - \u010cesko","og_description":"Xiaomi je glob\u00e1ln\u00ed technologick\u00fd l\u00eddr se vznikem v roce 2010, kter\u00fd pat\u0159\u00ed mezi nejv\u011bt\u0161\u00edsv\u011btov\u00e9 v\u00fdrobce spot\u0159ebn\u00ed elektroniky.","og_url":"https:\/\/klimavex.eu\/cz\/xiaomi\/","og_site_name":"KLIMAVEX GROUP - \u010cesko","article_publisher":"https:\/\/www.facebook.com\/klimavex.cz","article_modified_time":"2026-03-12T16:57:36+00:00","og_image":[{"width":1800,"height":1070,"url":"https:\/\/klimavex.eu\/cz\/wp-content\/uploads\/2026\/03\/XIAOMI-COLOUR-e1773280704307.png","type":"image\/png"}],"twitter_card":"summary_large_image","twitter_misc":{"Odhadovan\u00e1 doba \u010dten\u00ed":"2 minuty"},"schema":{"@context":"https:\/\/schema.org","@graph":[{"@type":"WebPage","@id":"https:\/\/klimavex.eu\/cz\/xiaomi\/","url":"https:\/\/klimavex.eu\/cz\/xiaomi\/","name":"Xiaomi - KLIMAVEX GROUP - \u010cesko","isPartOf":{"@id":"https:\/\/klimavex.eu\/cz\/#website"},"primaryImageOfPage":{"@id":"https:\/\/klimavex.eu\/cz\/xiaomi\/#primaryimage"},"image":{"@id":"https:\/\/klimavex.eu\/cz\/xiaomi\/#primaryimage"},"thumbnailUrl":"https:\/\/klimavex.eu\/cz\/wp-content\/uploads\/2026\/03\/XIAOMI-COLOUR-e1773280704307-1024x609.png","datePublished":"2026-03-12T01:57:02+00:00","dateModified":"2026-03-12T16:57:36+00:00","description":"Xiaomi je glob\u00e1ln\u00ed technologick\u00fd l\u00eddr se vznikem v roce 2010, kter\u00fd pat\u0159\u00ed mezi nejv\u011bt\u0161\u00edsv\u011btov\u00e9 v\u00fdrobce spot\u0159ebn\u00ed elektroniky.","breadcrumb":{"@id":"https:\/\/klimavex.eu\/cz\/xiaomi\/#breadcrumb"},"inLanguage":"cs","potentialAction":[{"@type":"ReadAction","target":["https:\/\/klimavex.eu\/cz\/xiaomi\/"]}]},{"@type":"ImageObject","inLanguage":"cs","@id":"https:\/\/klimavex.eu\/cz\/xiaomi\/#primaryimage","url":"https:\/\/klimavex.eu\/cz\/wp-content\/uploads\/2026\/03\/XIAOMI-COLOUR-e1773280704307.png","contentUrl":"https:\/\/klimavex.eu\/cz\/wp-content\/uploads\/2026\/03\/XIAOMI-COLOUR-e1773280704307.png","width":1800,"height":1070},{"@type":"BreadcrumbList","@id":"https:\/\/klimavex.eu\/cz\/xiaomi\/#breadcrumb","itemListElement":[{"@type":"ListItem","position":1,"name":"Domovsk\u00e1 str\u00e1nka","item":"https:\/\/klimavex.eu\/cz\/"},{"@type":"ListItem","position":2,"name":"Xiaomi"}]},{"@type":"WebSite","@id":"https:\/\/klimavex.eu\/cz\/#website","url":"https:\/\/klimavex.eu\/cz\/","name":"KLIMAVEX GROUP - \u010cesko","description":"","publisher":{"@id":"https:\/\/klimavex.eu\/cz\/#organization"},"alternateName":"KLIMAVEX CZ a.s.","potentialAction":[{"@type":"SearchAction","target":{"@type":"EntryPoint","urlTemplate":"https:\/\/klimavex.eu\/cz\/?s={search_term_string}"},"query-input":{"@type":"PropertyValueSpecification","valueRequired":true,"valueName":"search_term_string"}}],"inLanguage":"cs"},{"@type":"Organization","@id":"https:\/\/klimavex.eu\/cz\/#organization","name":"KLIMAVEX GROUP","alternateName":"KLIMAVEX","url":"https:\/\/klimavex.eu\/cz\/","logo":{"@type":"ImageObject","inLanguage":"cs","@id":"https:\/\/klimavex.eu\/cz\/#\/schema\/logo\/image\/","url":"https:\/\/klimavex.eu\/cz\/wp-content\/uploads\/2024\/04\/Klimavex-Group-logo.png","contentUrl":"https:\/\/klimavex.eu\/cz\/wp-content\/uploads\/2024\/04\/Klimavex-Group-logo.png","width":1681,"height":472,"caption":"KLIMAVEX GROUP"},"image":{"@id":"https:\/\/klimavex.eu\/cz\/#\/schema\/logo\/image\/"},"sameAs":["https:\/\/www.facebook.com\/klimavex.cz","https:\/\/www.instagram.com\/klimavex_cz\/"]}]}},"_links":{"self":[{"href":"https:\/\/klimavex.eu\/cz\/wp-json\/wp\/v2\/pages\/569883","targetHints":{"allow":["GET"]}}],"collection":[{"href":"https:\/\/klimavex.eu\/cz\/wp-json\/wp\/v2\/pages"}],"about":[{"href":"https:\/\/klimavex.eu\/cz\/wp-json\/wp\/v2\/types\/page"}],"author":[{"embeddable":true,"href":"https:\/\/klimavex.eu\/cz\/wp-json\/wp\/v2\/users\/3"}],"replies":[{"embeddable":true,"href":"https:\/\/klimavex.eu\/cz\/wp-json\/wp\/v2\/comments?post=569883"}],"version-history":[{"count":0,"href":"https:\/\/klimavex.eu\/cz\/wp-json\/wp\/v2\/pages\/569883\/revisions"}],"wp:attachment":[{"href":"https:\/\/klimavex.eu\/cz\/wp-json\/wp\/v2\/media?parent=569883"}],"curies":[{"name":"wp","href":"https:\/\/api.w.org\/{rel}","templated":true}]}}