{"id":8646,"date":"2023-11-26T22:26:21","date_gmt":"2023-11-26T22:26:21","guid":{"rendered":"https:\/\/klimavex.eu\/sk\/?page_id=8646"},"modified":"2024-07-17T08:55:10","modified_gmt":"2024-07-17T06:55:10","slug":"panasonic","status":"publish","type":"page","link":"https:\/\/klimavex.eu\/cz\/panasonic\/","title":{"rendered":"Panasonic"},"content":{"rendered":"\t\t<div data-elementor-type=\"wp-page\" data-elementor-id=\"8646\" class=\"elementor elementor-8646\" data-elementor-post-type=\"page\">\n\t\t\t\t\t\t<section class=\"wd-negative-gap elementor-section elementor-top-section elementor-element elementor-element-8edfbaa elementor-section-boxed elementor-section-height-default elementor-section-height-default\" data-id=\"8edfbaa\" data-element_type=\"section\">\n\t\t\t\t\t\t\t<div class=\"elementor-background-overlay\"><\/div>\n\t\t\t\t\t\t\t<div class=\"elementor-container elementor-column-gap-default\">\n\t\t\t\t\t<div class=\"elementor-column elementor-col-100 elementor-top-column elementor-element elementor-element-ce792ac\" data-id=\"ce792ac\" data-element_type=\"column\" data-settings=\"{&quot;background_background&quot;:&quot;classic&quot;}\">\n\t\t\t<div class=\"elementor-widget-wrap elementor-element-populated\">\n\t\t\t\t\t\t<div class=\"elementor-element elementor-element-5eef43f wd-width-100 elementor-widget elementor-widget-wd_title\" data-id=\"5eef43f\" data-element_type=\"widget\" data-widget_type=\"wd_title.default\">\n\t\t\t\t<div class=\"elementor-widget-container\">\n\t\t\t\t\t<div class=\"title-wrapper wd-set-mb reset-last-child wd-title-color-default wd-title-style-default wd-title-size-default text-center\">\n\n\t\t\t\n\t\t\t<div class=\"liner-continer\">\n\t\t\t\t<h4 class=\"woodmart-title-container title wd-fontsize-l\">NA\u0160I V\u00ddROBCI<\/h4> \n\t\t\t\t\t\t\t<\/div>\n\n\t\t\t\t\t<\/div>\n\t\t\t\t<\/div>\n\t\t\t\t<\/div>\n\t\t\t\t<div class=\"elementor-element elementor-element-31ed9a3 elementor-widget-divider--separator-type-pattern elementor-widget-divider--view-line elementor-widget elementor-widget-divider\" data-id=\"31ed9a3\" data-element_type=\"widget\" data-widget_type=\"divider.default\">\n\t\t\t\t<div class=\"elementor-widget-container\">\n\t\t\t\t\t<div class=\"elementor-divider\" style=\"--divider-pattern-url: url(&quot;data:image\/svg+xml,%3Csvg xmlns=&#039;http:\/\/www.w3.org\/2000\/svg&#039; preserveAspectRatio=&#039;none&#039; overflow=&#039;visible&#039; height=&#039;100%&#039; viewBox=&#039;0 0 24 24&#039; fill=&#039;black&#039; stroke=&#039;none&#039;%3E%3Cpolygon points=&#039;9.4,2 24,2 14.6,21.6 0,21.6&#039;\/%3E%3C\/svg%3E&quot;);\">\n\t\t\t<span class=\"elementor-divider-separator\">\n\t\t\t\t\t\t<\/span>\n\t\t<\/div>\n\t\t\t\t<\/div>\n\t\t\t\t<\/div>\n\t\t\t\t<section class=\"wd-negative-gap elementor-section elementor-inner-section elementor-element elementor-element-0564fff elementor-section-full_width elementor-section-content-middle elementor-section-height-default elementor-section-height-default\" data-id=\"0564fff\" data-element_type=\"section\">\n\t\t\t\t\t\t<div class=\"elementor-container elementor-column-gap-no\">\n\t\t\t\t\t<div class=\"elementor-column elementor-col-100 elementor-inner-column elementor-element elementor-element-5bc3cdf\" data-id=\"5bc3cdf\" data-element_type=\"column\">\n\t\t\t<div class=\"elementor-widget-wrap elementor-element-populated\">\n\t\t\t\t\t\t<div class=\"elementor-element elementor-element-5b09d6e elementor-widget elementor-widget-image\" data-id=\"5b09d6e\" data-element_type=\"widget\" data-widget_type=\"image.default\">\n\t\t\t\t<div class=\"elementor-widget-container\">\n\t\t\t\t\t\t\t\t\t\t\t\t\t<img fetchpriority=\"high\" decoding=\"async\" width=\"1024\" height=\"394\" src=\"https:\/\/klimavex.eu\/cz\/wp-content\/uploads\/2023\/11\/22-PANASONIC-HC-1024x394.png\" class=\"attachment-large size-large wp-image-57\" alt=\"panasonic logo\" srcset=\"https:\/\/klimavex.eu\/cz\/wp-content\/uploads\/2023\/11\/22-PANASONIC-HC-1024x394.png 1024w, https:\/\/klimavex.eu\/cz\/wp-content\/uploads\/2023\/11\/22-PANASONIC-HC-300x115.png 300w, https:\/\/klimavex.eu\/cz\/wp-content\/uploads\/2023\/11\/22-PANASONIC-HC-768x295.png 768w, https:\/\/klimavex.eu\/cz\/wp-content\/uploads\/2023\/11\/22-PANASONIC-HC-20x8.png 20w, https:\/\/klimavex.eu\/cz\/wp-content\/uploads\/2023\/11\/22-PANASONIC-HC-600x231.png 600w, https:\/\/klimavex.eu\/cz\/wp-content\/uploads\/2023\/11\/22-PANASONIC-HC-150x58.png 150w, https:\/\/klimavex.eu\/cz\/wp-content\/uploads\/2023\/11\/22-PANASONIC-HC.png 1181w\" sizes=\"(max-width: 1024px) 100vw, 1024px\" \/>\t\t\t\t\t\t\t\t\t\t\t\t\t<\/div>\n\t\t\t\t<\/div>\n\t\t\t\t<div class=\"elementor-element elementor-element-0329ab2 elementor-widget elementor-widget-heading\" data-id=\"0329ab2\" data-element_type=\"widget\" data-widget_type=\"heading.default\">\n\t\t\t\t<div class=\"elementor-widget-container\">\n\t\t\t<h2 class=\"elementor-heading-title elementor-size-default\">REZIDEN\u010cN\u00cd A KOMER\u010cN\u00cd KLIMATIZACE | VRF SYST\u00c9MY <br><br>\n<span style=\"font-family: var( --e-global-typography-primary-font-family ), Sans-serif;font-size: 16px;font-style: normal;font-weight: var( --e-global-typography-primary-font-weight )\">TEPELN\u00c1 \u010cERPADLA | <\/span>FANCOILY | REKUPERA\u010cN\u00cd JEDNOTKY<\/h2>\t\t<\/div>\n\t\t\t\t<\/div>\n\t\t\t\t<div class=\"elementor-element elementor-element-e12b153 elementor-widget elementor-widget-heading\" data-id=\"e12b153\" data-element_type=\"widget\" data-widget_type=\"heading.default\">\n\t\t\t\t<div class=\"elementor-widget-container\">\n\t\t\t<h2 class=\"elementor-heading-title elementor-size-default\"><a href=\"\/cz\/eshop\/?filter_znacka=panasonic\">Sortiment<\/a><\/h2>\t\t<\/div>\n\t\t\t\t<\/div>\n\t\t\t\t<div class=\"elementor-element elementor-element-cc5368d color-scheme-inherit text-left elementor-widget elementor-widget-text-editor\" data-id=\"cc5368d\" data-element_type=\"widget\" data-widget_type=\"text-editor.default\">\n\t\t\t\t<div class=\"elementor-widget-container\">\n\t\t\t\t\t\t\t<p><span style=\"font-size: 14px;\">&nbsp;<\/span><\/p>\n<p><span style=\"font-size: 14px;\"><b>Panasonic heating &amp; cooling solutions<\/b> je diviz\u00ed spole\u010dnosti Panasonic Corporation, jednoho z nejv\u011bt\u0161\u00edch v\u00fdrobc\u016f spot\u0159ebn\u00ed elektroniky, kter\u00e9ho \u010dasopis Fortune \u0159ad\u00ed ve sv\u00e9m \u017eeb\u0159\u00ed\u010dku Fortune 500 (\u017eeb\u0159\u00ed\u010dek 500 nejv\u011bt\u0161\u00edch americk\u00fdch spole\u010dnost\u00ed podle ro\u010dn\u00edho obratu) na 3. m\u00edsto v odv\u011btv\u00ed Elektronika.<\/span><\/p>\n<p>Tato spole\u010dnost se v oboru pohybuje ji\u017e od roku <b>1958<\/b>, kdy vyrobila <b>prvn\u00ed klimatizaci<\/b>, a od t\u00e9 doby usiluje o poskytov\u00e1n\u00ed co nejvy\u0161\u0161\u00ed m\u00edry pohodl\u00ed sv\u00fdm z\u00e1kazn\u00edk\u016fm po cel\u00e9m sv\u011bt\u011b.<\/p>\n<p><span style=\"font-size: 14px;\"><b>KLIMAVEX je dlouhodob\u00fdm distributorem produkt\u016f Panasonic<\/b> na \u010desk\u00e9m a slovensk\u00e9m trhu. Mezi nespo\u010det dodan\u00fdch bezporuchov\u00fdch za\u0159\u00edzen\u00ed zna\u010dky pat\u0159\u00ed: tepeln\u00e1 \u010derpadla Aquarea monoblok, biblok, all in one, fancoily, VRF syst\u00e9my, parapetn\u011b-podstropn\u00ed, kazetov\u00e9 klimatizace a rekupera\u010dn\u00ed jednotky.<\/span><br><\/p>\n<p><span style=\"font-size: 14px;\">Pod z\u00e1\u0161titou spole\u010dnosti Panasonic <b>se pravideln\u011b konaj\u00ed technick\u00e1 \u0161kolen\u00ed<\/b> s vystaven\u00edm certifikace, kter\u00e1 jsou ur\u010dena pro partnery KLIMAVEX.<\/span><br><\/p>\t\t\t\t\t\t<\/div>\n\t\t\t\t<\/div>\n\t\t\t\t\t<\/div>\n\t\t<\/div>\n\t\t\t\t\t<\/div>\n\t\t<\/section>\n\t\t\t\t\t<\/div>\n\t\t<\/div>\n\t\t\t\t\t<\/div>\n\t\t<\/section>\n\t\t\t\t<\/div>\n\t\t","protected":false},"excerpt":{"rendered":"<p>NA\u0160I V\u00ddROBCI REZIDEN\u010cN\u00cd A KOMER\u010cN\u00cd KLIMATIZACE | VRF SYST\u00c9MY TEPELN\u00c1 \u010cERPADLA | FANCOILY | REKUPERA\u010cN\u00cd JEDNOTKY Sortiment &nbsp; Panasonic heating<\/p>\n","protected":false},"author":1,"featured_media":0,"parent":0,"menu_order":26,"comment_status":"closed","ping_status":"closed","template":"","meta":{"footnotes":""},"class_list":["post-8646","page","type-page","status-publish","hentry"],"yoast_head":"<!-- This site is optimized with the Yoast SEO plugin v23.9 - https:\/\/yoast.com\/wordpress\/plugins\/seo\/ -->\n<title>Panasonic - KLIMAVEX GROUP - \u010cesko<\/title>\n<meta name=\"description\" content=\"Panasonic heating &amp; cooling solutions je diviz\u00ed spole\u010dnosti Panasonic Corporation, jednoho z nejv\u011bt\u0161\u00edch v\u00fdrobc\u016f spot\u0159ebn\u00ed elektroniky.\" \/>\n<meta name=\"robots\" content=\"index, follow, max-snippet:-1, max-image-preview:large, max-video-preview:-1\" \/>\n<link rel=\"canonical\" href=\"https:\/\/klimavex.eu\/cz\/panasonic\/\" \/>\n<meta property=\"og:locale\" content=\"cs_CZ\" \/>\n<meta property=\"og:type\" content=\"article\" \/>\n<meta property=\"og:title\" content=\"Panasonic - KLIMAVEX GROUP - \u010cesko\" \/>\n<meta property=\"og:description\" content=\"Panasonic heating &amp; cooling solutions je diviz\u00ed spole\u010dnosti Panasonic Corporation, jednoho z nejv\u011bt\u0161\u00edch v\u00fdrobc\u016f spot\u0159ebn\u00ed elektroniky.\" \/>\n<meta property=\"og:url\" content=\"https:\/\/klimavex.eu\/cz\/panasonic\/\" \/>\n<meta property=\"og:site_name\" content=\"KLIMAVEX GROUP - \u010cesko\" \/>\n<meta property=\"article:publisher\" content=\"https:\/\/www.facebook.com\/klimavex.cz\" \/>\n<meta property=\"article:modified_time\" content=\"2024-07-17T06:55:10+00:00\" \/>\n<meta property=\"og:image\" content=\"https:\/\/klimavex.eu\/cz\/wp-content\/uploads\/2023\/11\/22-PANASONIC-HC-1024x394.png\" \/>\n<meta name=\"twitter:card\" content=\"summary_large_image\" \/>\n<meta name=\"twitter:label1\" content=\"Odhadovan\u00e1 doba \u010dten\u00ed\" \/>\n\t<meta name=\"twitter:data1\" content=\"1 minuta\" \/>\n<script type=\"application\/ld+json\" class=\"yoast-schema-graph\">{\"@context\":\"https:\/\/schema.org\",\"@graph\":[{\"@type\":\"WebPage\",\"@id\":\"https:\/\/klimavex.eu\/cz\/panasonic\/\",\"url\":\"https:\/\/klimavex.eu\/cz\/panasonic\/\",\"name\":\"Panasonic - KLIMAVEX GROUP - \u010cesko\",\"isPartOf\":{\"@id\":\"https:\/\/klimavex.eu\/cz\/#website\"},\"primaryImageOfPage\":{\"@id\":\"https:\/\/klimavex.eu\/cz\/panasonic\/#primaryimage\"},\"image\":{\"@id\":\"https:\/\/klimavex.eu\/cz\/panasonic\/#primaryimage\"},\"thumbnailUrl\":\"https:\/\/klimavex.eu\/cz\/wp-content\/uploads\/2023\/11\/22-PANASONIC-HC-1024x394.png\",\"datePublished\":\"2023-11-26T22:26:21+00:00\",\"dateModified\":\"2024-07-17T06:55:10+00:00\",\"description\":\"Panasonic heating & cooling solutions je diviz\u00ed spole\u010dnosti Panasonic Corporation, jednoho z nejv\u011bt\u0161\u00edch v\u00fdrobc\u016f spot\u0159ebn\u00ed elektroniky.\",\"breadcrumb\":{\"@id\":\"https:\/\/klimavex.eu\/cz\/panasonic\/#breadcrumb\"},\"inLanguage\":\"cs\",\"potentialAction\":[{\"@type\":\"ReadAction\",\"target\":[\"https:\/\/klimavex.eu\/cz\/panasonic\/\"]}]},{\"@type\":\"ImageObject\",\"inLanguage\":\"cs\",\"@id\":\"https:\/\/klimavex.eu\/cz\/panasonic\/#primaryimage\",\"url\":\"https:\/\/klimavex.eu\/cz\/wp-content\/uploads\/2023\/11\/22-PANASONIC-HC.png\",\"contentUrl\":\"https:\/\/klimavex.eu\/cz\/wp-content\/uploads\/2023\/11\/22-PANASONIC-HC.png\",\"width\":1181,\"height\":454,\"caption\":\"panasonic logo\"},{\"@type\":\"BreadcrumbList\",\"@id\":\"https:\/\/klimavex.eu\/cz\/panasonic\/#breadcrumb\",\"itemListElement\":[{\"@type\":\"ListItem\",\"position\":1,\"name\":\"Domovsk\u00e1 str\u00e1nka\",\"item\":\"https:\/\/klimavex.eu\/cz\/\"},{\"@type\":\"ListItem\",\"position\":2,\"name\":\"Panasonic\"}]},{\"@type\":\"WebSite\",\"@id\":\"https:\/\/klimavex.eu\/cz\/#website\",\"url\":\"https:\/\/klimavex.eu\/cz\/\",\"name\":\"KLIMAVEX GROUP - \u010cesko\",\"description\":\"\",\"publisher\":{\"@id\":\"https:\/\/klimavex.eu\/cz\/#organization\"},\"alternateName\":\"KLIMAVEX CZ a.s.\",\"potentialAction\":[{\"@type\":\"SearchAction\",\"target\":{\"@type\":\"EntryPoint\",\"urlTemplate\":\"https:\/\/klimavex.eu\/cz\/?s={search_term_string}\"},\"query-input\":{\"@type\":\"PropertyValueSpecification\",\"valueRequired\":true,\"valueName\":\"search_term_string\"}}],\"inLanguage\":\"cs\"},{\"@type\":\"Organization\",\"@id\":\"https:\/\/klimavex.eu\/cz\/#organization\",\"name\":\"KLIMAVEX GROUP\",\"alternateName\":\"KLIMAVEX\",\"url\":\"https:\/\/klimavex.eu\/cz\/\",\"logo\":{\"@type\":\"ImageObject\",\"inLanguage\":\"cs\",\"@id\":\"https:\/\/klimavex.eu\/cz\/#\/schema\/logo\/image\/\",\"url\":\"https:\/\/klimavex.eu\/cz\/wp-content\/uploads\/2024\/04\/Klimavex-Group-logo.png\",\"contentUrl\":\"https:\/\/klimavex.eu\/cz\/wp-content\/uploads\/2024\/04\/Klimavex-Group-logo.png\",\"width\":1681,\"height\":472,\"caption\":\"KLIMAVEX GROUP\"},\"image\":{\"@id\":\"https:\/\/klimavex.eu\/cz\/#\/schema\/logo\/image\/\"},\"sameAs\":[\"https:\/\/www.facebook.com\/klimavex.cz\",\"https:\/\/www.instagram.com\/klimavex_cz\/\"]}]}<\/script>\n<!-- \/ Yoast SEO plugin. -->","yoast_head_json":{"title":"Panasonic - KLIMAVEX GROUP - \u010cesko","description":"Panasonic heating & cooling solutions je diviz\u00ed spole\u010dnosti Panasonic Corporation, jednoho z nejv\u011bt\u0161\u00edch v\u00fdrobc\u016f spot\u0159ebn\u00ed elektroniky.","robots":{"index":"index","follow":"follow","max-snippet":"max-snippet:-1","max-image-preview":"max-image-preview:large","max-video-preview":"max-video-preview:-1"},"canonical":"https:\/\/klimavex.eu\/cz\/panasonic\/","og_locale":"cs_CZ","og_type":"article","og_title":"Panasonic - KLIMAVEX GROUP - \u010cesko","og_description":"Panasonic heating & cooling solutions je diviz\u00ed spole\u010dnosti Panasonic Corporation, jednoho z nejv\u011bt\u0161\u00edch v\u00fdrobc\u016f spot\u0159ebn\u00ed elektroniky.","og_url":"https:\/\/klimavex.eu\/cz\/panasonic\/","og_site_name":"KLIMAVEX GROUP - \u010cesko","article_publisher":"https:\/\/www.facebook.com\/klimavex.cz","article_modified_time":"2024-07-17T06:55:10+00:00","og_image":[{"url":"https:\/\/klimavex.eu\/cz\/wp-content\/uploads\/2023\/11\/22-PANASONIC-HC-1024x394.png"}],"twitter_card":"summary_large_image","twitter_misc":{"Odhadovan\u00e1 doba \u010dten\u00ed":"1 minuta"},"schema":{"@context":"https:\/\/schema.org","@graph":[{"@type":"WebPage","@id":"https:\/\/klimavex.eu\/cz\/panasonic\/","url":"https:\/\/klimavex.eu\/cz\/panasonic\/","name":"Panasonic - KLIMAVEX GROUP - \u010cesko","isPartOf":{"@id":"https:\/\/klimavex.eu\/cz\/#website"},"primaryImageOfPage":{"@id":"https:\/\/klimavex.eu\/cz\/panasonic\/#primaryimage"},"image":{"@id":"https:\/\/klimavex.eu\/cz\/panasonic\/#primaryimage"},"thumbnailUrl":"https:\/\/klimavex.eu\/cz\/wp-content\/uploads\/2023\/11\/22-PANASONIC-HC-1024x394.png","datePublished":"2023-11-26T22:26:21+00:00","dateModified":"2024-07-17T06:55:10+00:00","description":"Panasonic heating & cooling solutions je diviz\u00ed spole\u010dnosti Panasonic Corporation, jednoho z nejv\u011bt\u0161\u00edch v\u00fdrobc\u016f spot\u0159ebn\u00ed elektroniky.","breadcrumb":{"@id":"https:\/\/klimavex.eu\/cz\/panasonic\/#breadcrumb"},"inLanguage":"cs","potentialAction":[{"@type":"ReadAction","target":["https:\/\/klimavex.eu\/cz\/panasonic\/"]}]},{"@type":"ImageObject","inLanguage":"cs","@id":"https:\/\/klimavex.eu\/cz\/panasonic\/#primaryimage","url":"https:\/\/klimavex.eu\/cz\/wp-content\/uploads\/2023\/11\/22-PANASONIC-HC.png","contentUrl":"https:\/\/klimavex.eu\/cz\/wp-content\/uploads\/2023\/11\/22-PANASONIC-HC.png","width":1181,"height":454,"caption":"panasonic logo"},{"@type":"BreadcrumbList","@id":"https:\/\/klimavex.eu\/cz\/panasonic\/#breadcrumb","itemListElement":[{"@type":"ListItem","position":1,"name":"Domovsk\u00e1 str\u00e1nka","item":"https:\/\/klimavex.eu\/cz\/"},{"@type":"ListItem","position":2,"name":"Panasonic"}]},{"@type":"WebSite","@id":"https:\/\/klimavex.eu\/cz\/#website","url":"https:\/\/klimavex.eu\/cz\/","name":"KLIMAVEX GROUP - \u010cesko","description":"","publisher":{"@id":"https:\/\/klimavex.eu\/cz\/#organization"},"alternateName":"KLIMAVEX CZ a.s.","potentialAction":[{"@type":"SearchAction","target":{"@type":"EntryPoint","urlTemplate":"https:\/\/klimavex.eu\/cz\/?s={search_term_string}"},"query-input":{"@type":"PropertyValueSpecification","valueRequired":true,"valueName":"search_term_string"}}],"inLanguage":"cs"},{"@type":"Organization","@id":"https:\/\/klimavex.eu\/cz\/#organization","name":"KLIMAVEX GROUP","alternateName":"KLIMAVEX","url":"https:\/\/klimavex.eu\/cz\/","logo":{"@type":"ImageObject","inLanguage":"cs","@id":"https:\/\/klimavex.eu\/cz\/#\/schema\/logo\/image\/","url":"https:\/\/klimavex.eu\/cz\/wp-content\/uploads\/2024\/04\/Klimavex-Group-logo.png","contentUrl":"https:\/\/klimavex.eu\/cz\/wp-content\/uploads\/2024\/04\/Klimavex-Group-logo.png","width":1681,"height":472,"caption":"KLIMAVEX GROUP"},"image":{"@id":"https:\/\/klimavex.eu\/cz\/#\/schema\/logo\/image\/"},"sameAs":["https:\/\/www.facebook.com\/klimavex.cz","https:\/\/www.instagram.com\/klimavex_cz\/"]}]}},"_links":{"self":[{"href":"https:\/\/klimavex.eu\/cz\/wp-json\/wp\/v2\/pages\/8646","targetHints":{"allow":["GET"]}}],"collection":[{"href":"https:\/\/klimavex.eu\/cz\/wp-json\/wp\/v2\/pages"}],"about":[{"href":"https:\/\/klimavex.eu\/cz\/wp-json\/wp\/v2\/types\/page"}],"author":[{"embeddable":true,"href":"https:\/\/klimavex.eu\/cz\/wp-json\/wp\/v2\/users\/1"}],"replies":[{"embeddable":true,"href":"https:\/\/klimavex.eu\/cz\/wp-json\/wp\/v2\/comments?post=8646"}],"version-history":[{"count":0,"href":"https:\/\/klimavex.eu\/cz\/wp-json\/wp\/v2\/pages\/8646\/revisions"}],"wp:attachment":[{"href":"https:\/\/klimavex.eu\/cz\/wp-json\/wp\/v2\/media?parent=8646"}],"curies":[{"name":"wp","href":"https:\/\/api.w.org\/{rel}","templated":true}]}}