{"id":8648,"date":"2023-11-26T22:26:38","date_gmt":"2023-11-26T22:26:38","guid":{"rendered":"https:\/\/klimavex.eu\/sk\/?page_id=8648"},"modified":"2024-07-17T13:03:35","modified_gmt":"2024-07-17T11:03:35","slug":"samsung","status":"publish","type":"page","link":"https:\/\/klimavex.eu\/cz\/samsung\/","title":{"rendered":"Samsung"},"content":{"rendered":"\t\t<div data-elementor-type=\"wp-page\" data-elementor-id=\"8648\" class=\"elementor elementor-8648\" data-elementor-post-type=\"page\">\n\t\t\t\t\t\t<section class=\"wd-negative-gap elementor-section elementor-top-section elementor-element elementor-element-4827568 elementor-section-boxed elementor-section-height-default elementor-section-height-default\" data-id=\"4827568\" data-element_type=\"section\">\n\t\t\t\t\t\t\t<div class=\"elementor-background-overlay\"><\/div>\n\t\t\t\t\t\t\t<div class=\"elementor-container elementor-column-gap-default\">\n\t\t\t\t\t<div class=\"elementor-column elementor-col-100 elementor-top-column elementor-element elementor-element-b3224a2\" data-id=\"b3224a2\" data-element_type=\"column\" data-settings=\"{&quot;background_background&quot;:&quot;classic&quot;}\">\n\t\t\t<div class=\"elementor-widget-wrap elementor-element-populated\">\n\t\t\t\t\t\t<div class=\"elementor-element elementor-element-27f3b4b wd-width-100 elementor-widget elementor-widget-wd_title\" data-id=\"27f3b4b\" data-element_type=\"widget\" data-widget_type=\"wd_title.default\">\n\t\t\t\t<div class=\"elementor-widget-container\">\n\t\t\t\t\t<div class=\"title-wrapper wd-set-mb reset-last-child wd-title-color-default wd-title-style-default wd-title-size-default text-center\">\n\n\t\t\t\n\t\t\t<div class=\"liner-continer\">\n\t\t\t\t<h4 class=\"woodmart-title-container title wd-fontsize-l\">NA\u0160I V\u00ddROBCI<\/h4> \n\t\t\t\t\t\t\t<\/div>\n\n\t\t\t\t\t<\/div>\n\t\t\t\t<\/div>\n\t\t\t\t<\/div>\n\t\t\t\t<div class=\"elementor-element elementor-element-8516e7d elementor-widget-divider--separator-type-pattern elementor-widget-divider--view-line elementor-widget elementor-widget-divider\" data-id=\"8516e7d\" data-element_type=\"widget\" data-widget_type=\"divider.default\">\n\t\t\t\t<div class=\"elementor-widget-container\">\n\t\t\t\t\t<div class=\"elementor-divider\" style=\"--divider-pattern-url: url(&quot;data:image\/svg+xml,%3Csvg xmlns=&#039;http:\/\/www.w3.org\/2000\/svg&#039; preserveAspectRatio=&#039;none&#039; overflow=&#039;visible&#039; height=&#039;100%&#039; viewBox=&#039;0 0 24 24&#039; fill=&#039;black&#039; stroke=&#039;none&#039;%3E%3Cpolygon points=&#039;9.4,2 24,2 14.6,21.6 0,21.6&#039;\/%3E%3C\/svg%3E&quot;);\">\n\t\t\t<span class=\"elementor-divider-separator\">\n\t\t\t\t\t\t<\/span>\n\t\t<\/div>\n\t\t\t\t<\/div>\n\t\t\t\t<\/div>\n\t\t\t\t<section class=\"wd-negative-gap elementor-section elementor-inner-section elementor-element elementor-element-d9e0d8d elementor-section-full_width elementor-section-content-middle elementor-section-height-default elementor-section-height-default\" data-id=\"d9e0d8d\" data-element_type=\"section\">\n\t\t\t\t\t\t<div class=\"elementor-container elementor-column-gap-no\">\n\t\t\t\t\t<div class=\"elementor-column elementor-col-100 elementor-inner-column elementor-element elementor-element-5a4b672\" data-id=\"5a4b672\" data-element_type=\"column\">\n\t\t\t<div class=\"elementor-widget-wrap elementor-element-populated\">\n\t\t\t\t\t\t<div class=\"elementor-element elementor-element-bc88402 elementor-widget elementor-widget-image\" data-id=\"bc88402\" data-element_type=\"widget\" data-widget_type=\"image.default\">\n\t\t\t\t<div class=\"elementor-widget-container\">\n\t\t\t\t\t\t\t\t\t\t\t\t\t<img fetchpriority=\"high\" decoding=\"async\" width=\"1024\" height=\"201\" src=\"https:\/\/klimavex.eu\/cz\/wp-content\/uploads\/2023\/11\/samsung-logo-png-1300-kopie-1024x201.png\" class=\"attachment-large size-large wp-image-59\" alt=\"logo samsung\" srcset=\"https:\/\/klimavex.eu\/cz\/wp-content\/uploads\/2023\/11\/samsung-logo-png-1300-kopie-1024x201.png 1024w, https:\/\/klimavex.eu\/cz\/wp-content\/uploads\/2023\/11\/samsung-logo-png-1300-kopie-300x59.png 300w, https:\/\/klimavex.eu\/cz\/wp-content\/uploads\/2023\/11\/samsung-logo-png-1300-kopie-768x151.png 768w, https:\/\/klimavex.eu\/cz\/wp-content\/uploads\/2023\/11\/samsung-logo-png-1300-kopie-1536x301.png 1536w, https:\/\/klimavex.eu\/cz\/wp-content\/uploads\/2023\/11\/samsung-logo-png-1300-kopie-2048x402.png 2048w, https:\/\/klimavex.eu\/cz\/wp-content\/uploads\/2023\/11\/samsung-logo-png-1300-kopie-20x4.png 20w, https:\/\/klimavex.eu\/cz\/wp-content\/uploads\/2023\/11\/samsung-logo-png-1300-kopie-600x118.png 600w, https:\/\/klimavex.eu\/cz\/wp-content\/uploads\/2023\/11\/samsung-logo-png-1300-kopie-150x29.png 150w\" sizes=\"(max-width: 1024px) 100vw, 1024px\" \/>\t\t\t\t\t\t\t\t\t\t\t\t\t<\/div>\n\t\t\t\t<\/div>\n\t\t\t\t<div class=\"elementor-element elementor-element-f0cebf3 elementor-widget elementor-widget-heading\" data-id=\"f0cebf3\" data-element_type=\"widget\" data-widget_type=\"heading.default\">\n\t\t\t\t<div class=\"elementor-widget-container\">\n\t\t\t<h2 class=\"elementor-heading-title elementor-size-default\">REZIDEN\u010cN\u00cd A KOMER\u010cN\u00cd KLIMATIZACE | TEPELN\u00c1 \u010cERPADLA | VRF SYST\u00c9MY<\/h2>\t\t<\/div>\n\t\t\t\t<\/div>\n\t\t\t\t<div class=\"elementor-element elementor-element-0d7390f elementor-widget elementor-widget-heading\" data-id=\"0d7390f\" data-element_type=\"widget\" data-widget_type=\"heading.default\">\n\t\t\t\t<div class=\"elementor-widget-container\">\n\t\t\t<h2 class=\"elementor-heading-title elementor-size-default\"><a href=\"\/cz\/eshop\/?filter_znacka=samsung\">Sortiment<\/a><\/h2>\t\t<\/div>\n\t\t\t\t<\/div>\n\t\t\t\t<div class=\"elementor-element elementor-element-2613302 color-scheme-inherit text-left elementor-widget elementor-widget-text-editor\" data-id=\"2613302\" data-element_type=\"widget\" data-widget_type=\"text-editor.default\">\n\t\t\t\t<div class=\"elementor-widget-container\">\n\t\t\t\t\t\t\t<p><\/p>\n<p>Nejv\u011bt\u0161\u00ed jihokorejsk\u00fd holding <b>Samsung <\/b>je mezin\u00e1rodn\u00ed technologick\u00e1 spole\u010dnost se siln\u00fdm zam\u011b\u0159en\u00edm na v\u00fdzkum a v\u00fdvoj nov\u00fdch technologi\u00ed, d\u00edky \u010demu\u017e se stala jednou z <b>p\u0159edn\u00edch technologick\u00fdch spole\u010dnost\u00ed<\/b> v glob\u00e1ln\u00edm m\u011b\u0159\u00edtku.<\/p><p><span style=\"font-size: 14px;\">Obchodn\u00ed zna\u010dka <b>Samsung HVAC<\/b> vyu\u017e\u00edv\u00e1 inovativn\u00ed technologie, aby v\u00e1m p\u0159inesla rozs\u00e1hlou a spolehlivou \u0159adu <b>klimatiza\u010dn\u00edch syst\u00e9m\u016f<\/b>. A\u0165 u\u017e hled\u00e1te optim\u00e1ln\u00ed \u0159e\u0161en\u00ed pro domov nebo do komer\u010dn\u00edch prostor\u016f, pom\u016f\u017eeme v\u00e1m vybrat vhodn\u00fd klimatiza\u010dn\u00ed syst\u00e9m od spole\u010dnosti Samsung, kter\u00fd bude \u0161it\u00fd na m\u00edru va\u0161im pot\u0159eb\u00e1m.<\/span><br><\/p><p><span style=\"font-size: 14px;\">D\u00edky pokro\u010dil\u00e9 technologii a \u0161irok\u00e9 \u0161k\u00e1le v\u00fdkon\u016f jsou <b>syst\u00e9my VRF<\/b> spole\u010dnosti Samsung vhodn\u00fdm \u0159e\u0161en\u00edm pro konstrukce, kter\u00e9 vy\u017eaduj\u00ed efektivn\u011bj\u0161\u00ed, individualizovanou a flexibiln\u011bj\u0161\u00ed instalaci, jako jsou nejen v\u00fd\u0161kov\u00e9 bytov\u00e9 domy nebo kancel\u00e1\u0159sk\u00e9 stavby, ale tak\u00e9 mal\u00e9 komer\u010dn\u00ed budovy.<\/span><br><\/p><p><span style=\"font-size: 14px;\">Rovn\u011b\u017e <b>tepeln\u00e1 \u010derpadla<\/b> vyu\u017e\u00edvaj\u00ed pokro\u010dil\u00e9 syst\u00e9my a mechanismy, aby zajistily co nejvy\u0161\u0161\u00ed \u00fa\u010dinnost a z\u00e1rove\u0148 pohodlnost pro jejich u\u017eivatele.<\/span><br><\/p>\t\t\t\t\t\t<\/div>\n\t\t\t\t<\/div>\n\t\t\t\t\t<\/div>\n\t\t<\/div>\n\t\t\t\t\t<\/div>\n\t\t<\/section>\n\t\t\t\t\t<\/div>\n\t\t<\/div>\n\t\t\t\t\t<\/div>\n\t\t<\/section>\n\t\t\t\t<\/div>\n\t\t","protected":false},"excerpt":{"rendered":"<p>NA\u0160I V\u00ddROBCI REZIDEN\u010cN\u00cd A KOMER\u010cN\u00cd KLIMATIZACE | TEPELN\u00c1 \u010cERPADLA | VRF SYST\u00c9MY Sortiment Nejv\u011bt\u0161\u00ed jihokorejsk\u00fd holding Samsung je mezin\u00e1rodn\u00ed technologick\u00e1<\/p>\n","protected":false},"author":1,"featured_media":0,"parent":0,"menu_order":49,"comment_status":"closed","ping_status":"closed","template":"","meta":{"footnotes":""},"class_list":["post-8648","page","type-page","status-publish","hentry"],"yoast_head":"<!-- This site is optimized with the Yoast SEO plugin v23.9 - https:\/\/yoast.com\/wordpress\/plugins\/seo\/ -->\n<title>Samsung - KLIMAVEX GROUP - \u010cesko<\/title>\n<meta name=\"description\" content=\"Samsung je technologick\u00e1 spole\u010dnost se zam\u011b\u0159en\u00edm na nov\u00e9 technologie, d\u00edky \u010demu\u017e se stala jednou z pop\u0159edn\u00edch technologick\u00fdch spole\u010dnost\u00ed\" \/>\n<meta name=\"robots\" content=\"index, follow, max-snippet:-1, max-image-preview:large, max-video-preview:-1\" \/>\n<link rel=\"canonical\" href=\"https:\/\/klimavex.eu\/cz\/samsung\/\" \/>\n<meta property=\"og:locale\" content=\"cs_CZ\" \/>\n<meta property=\"og:type\" content=\"article\" \/>\n<meta property=\"og:title\" content=\"Samsung - KLIMAVEX GROUP - \u010cesko\" \/>\n<meta property=\"og:description\" content=\"Samsung je technologick\u00e1 spole\u010dnost se zam\u011b\u0159en\u00edm na nov\u00e9 technologie, d\u00edky \u010demu\u017e se stala jednou z pop\u0159edn\u00edch technologick\u00fdch spole\u010dnost\u00ed\" \/>\n<meta property=\"og:url\" content=\"https:\/\/klimavex.eu\/cz\/samsung\/\" \/>\n<meta property=\"og:site_name\" content=\"KLIMAVEX GROUP - \u010cesko\" \/>\n<meta property=\"article:publisher\" content=\"https:\/\/www.facebook.com\/klimavex.cz\" \/>\n<meta property=\"article:modified_time\" content=\"2024-07-17T11:03:35+00:00\" \/>\n<meta property=\"og:image\" content=\"https:\/\/klimavex.eu\/cz\/wp-content\/uploads\/2023\/11\/samsung-logo-png-1300-kopie-1024x201.png\" \/>\n<meta name=\"twitter:card\" content=\"summary_large_image\" \/>\n<meta name=\"twitter:label1\" content=\"Odhadovan\u00e1 doba \u010dten\u00ed\" \/>\n\t<meta name=\"twitter:data1\" content=\"1 minuta\" \/>\n<script type=\"application\/ld+json\" class=\"yoast-schema-graph\">{\"@context\":\"https:\/\/schema.org\",\"@graph\":[{\"@type\":\"WebPage\",\"@id\":\"https:\/\/klimavex.eu\/cz\/samsung\/\",\"url\":\"https:\/\/klimavex.eu\/cz\/samsung\/\",\"name\":\"Samsung - KLIMAVEX GROUP - \u010cesko\",\"isPartOf\":{\"@id\":\"https:\/\/klimavex.eu\/cz\/#website\"},\"primaryImageOfPage\":{\"@id\":\"https:\/\/klimavex.eu\/cz\/samsung\/#primaryimage\"},\"image\":{\"@id\":\"https:\/\/klimavex.eu\/cz\/samsung\/#primaryimage\"},\"thumbnailUrl\":\"https:\/\/klimavex.eu\/cz\/wp-content\/uploads\/2023\/11\/samsung-logo-png-1300-kopie-1024x201.png\",\"datePublished\":\"2023-11-26T22:26:38+00:00\",\"dateModified\":\"2024-07-17T11:03:35+00:00\",\"description\":\"Samsung je technologick\u00e1 spole\u010dnost se zam\u011b\u0159en\u00edm na nov\u00e9 technologie, d\u00edky \u010demu\u017e se stala jednou z pop\u0159edn\u00edch technologick\u00fdch spole\u010dnost\u00ed\",\"breadcrumb\":{\"@id\":\"https:\/\/klimavex.eu\/cz\/samsung\/#breadcrumb\"},\"inLanguage\":\"cs\",\"potentialAction\":[{\"@type\":\"ReadAction\",\"target\":[\"https:\/\/klimavex.eu\/cz\/samsung\/\"]}]},{\"@type\":\"ImageObject\",\"inLanguage\":\"cs\",\"@id\":\"https:\/\/klimavex.eu\/cz\/samsung\/#primaryimage\",\"url\":\"https:\/\/klimavex.eu\/cz\/wp-content\/uploads\/2023\/11\/samsung-logo-png-1300-kopie.png\",\"contentUrl\":\"https:\/\/klimavex.eu\/cz\/wp-content\/uploads\/2023\/11\/samsung-logo-png-1300-kopie.png\",\"width\":2611,\"height\":512,\"caption\":\"logo samsung\"},{\"@type\":\"BreadcrumbList\",\"@id\":\"https:\/\/klimavex.eu\/cz\/samsung\/#breadcrumb\",\"itemListElement\":[{\"@type\":\"ListItem\",\"position\":1,\"name\":\"Domovsk\u00e1 str\u00e1nka\",\"item\":\"https:\/\/klimavex.eu\/cz\/\"},{\"@type\":\"ListItem\",\"position\":2,\"name\":\"Samsung\"}]},{\"@type\":\"WebSite\",\"@id\":\"https:\/\/klimavex.eu\/cz\/#website\",\"url\":\"https:\/\/klimavex.eu\/cz\/\",\"name\":\"KLIMAVEX GROUP - \u010cesko\",\"description\":\"\",\"publisher\":{\"@id\":\"https:\/\/klimavex.eu\/cz\/#organization\"},\"alternateName\":\"KLIMAVEX CZ a.s.\",\"potentialAction\":[{\"@type\":\"SearchAction\",\"target\":{\"@type\":\"EntryPoint\",\"urlTemplate\":\"https:\/\/klimavex.eu\/cz\/?s={search_term_string}\"},\"query-input\":{\"@type\":\"PropertyValueSpecification\",\"valueRequired\":true,\"valueName\":\"search_term_string\"}}],\"inLanguage\":\"cs\"},{\"@type\":\"Organization\",\"@id\":\"https:\/\/klimavex.eu\/cz\/#organization\",\"name\":\"KLIMAVEX GROUP\",\"alternateName\":\"KLIMAVEX\",\"url\":\"https:\/\/klimavex.eu\/cz\/\",\"logo\":{\"@type\":\"ImageObject\",\"inLanguage\":\"cs\",\"@id\":\"https:\/\/klimavex.eu\/cz\/#\/schema\/logo\/image\/\",\"url\":\"https:\/\/klimavex.eu\/cz\/wp-content\/uploads\/2024\/04\/Klimavex-Group-logo.png\",\"contentUrl\":\"https:\/\/klimavex.eu\/cz\/wp-content\/uploads\/2024\/04\/Klimavex-Group-logo.png\",\"width\":1681,\"height\":472,\"caption\":\"KLIMAVEX GROUP\"},\"image\":{\"@id\":\"https:\/\/klimavex.eu\/cz\/#\/schema\/logo\/image\/\"},\"sameAs\":[\"https:\/\/www.facebook.com\/klimavex.cz\",\"https:\/\/www.instagram.com\/klimavex_cz\/\"]}]}<\/script>\n<!-- \/ Yoast SEO plugin. -->","yoast_head_json":{"title":"Samsung - KLIMAVEX GROUP - \u010cesko","description":"Samsung je technologick\u00e1 spole\u010dnost se zam\u011b\u0159en\u00edm na nov\u00e9 technologie, d\u00edky \u010demu\u017e se stala jednou z pop\u0159edn\u00edch technologick\u00fdch spole\u010dnost\u00ed","robots":{"index":"index","follow":"follow","max-snippet":"max-snippet:-1","max-image-preview":"max-image-preview:large","max-video-preview":"max-video-preview:-1"},"canonical":"https:\/\/klimavex.eu\/cz\/samsung\/","og_locale":"cs_CZ","og_type":"article","og_title":"Samsung - KLIMAVEX GROUP - \u010cesko","og_description":"Samsung je technologick\u00e1 spole\u010dnost se zam\u011b\u0159en\u00edm na nov\u00e9 technologie, d\u00edky \u010demu\u017e se stala jednou z pop\u0159edn\u00edch technologick\u00fdch spole\u010dnost\u00ed","og_url":"https:\/\/klimavex.eu\/cz\/samsung\/","og_site_name":"KLIMAVEX GROUP - \u010cesko","article_publisher":"https:\/\/www.facebook.com\/klimavex.cz","article_modified_time":"2024-07-17T11:03:35+00:00","og_image":[{"url":"https:\/\/klimavex.eu\/cz\/wp-content\/uploads\/2023\/11\/samsung-logo-png-1300-kopie-1024x201.png"}],"twitter_card":"summary_large_image","twitter_misc":{"Odhadovan\u00e1 doba \u010dten\u00ed":"1 minuta"},"schema":{"@context":"https:\/\/schema.org","@graph":[{"@type":"WebPage","@id":"https:\/\/klimavex.eu\/cz\/samsung\/","url":"https:\/\/klimavex.eu\/cz\/samsung\/","name":"Samsung - KLIMAVEX GROUP - \u010cesko","isPartOf":{"@id":"https:\/\/klimavex.eu\/cz\/#website"},"primaryImageOfPage":{"@id":"https:\/\/klimavex.eu\/cz\/samsung\/#primaryimage"},"image":{"@id":"https:\/\/klimavex.eu\/cz\/samsung\/#primaryimage"},"thumbnailUrl":"https:\/\/klimavex.eu\/cz\/wp-content\/uploads\/2023\/11\/samsung-logo-png-1300-kopie-1024x201.png","datePublished":"2023-11-26T22:26:38+00:00","dateModified":"2024-07-17T11:03:35+00:00","description":"Samsung je technologick\u00e1 spole\u010dnost se zam\u011b\u0159en\u00edm na nov\u00e9 technologie, d\u00edky \u010demu\u017e se stala jednou z pop\u0159edn\u00edch technologick\u00fdch spole\u010dnost\u00ed","breadcrumb":{"@id":"https:\/\/klimavex.eu\/cz\/samsung\/#breadcrumb"},"inLanguage":"cs","potentialAction":[{"@type":"ReadAction","target":["https:\/\/klimavex.eu\/cz\/samsung\/"]}]},{"@type":"ImageObject","inLanguage":"cs","@id":"https:\/\/klimavex.eu\/cz\/samsung\/#primaryimage","url":"https:\/\/klimavex.eu\/cz\/wp-content\/uploads\/2023\/11\/samsung-logo-png-1300-kopie.png","contentUrl":"https:\/\/klimavex.eu\/cz\/wp-content\/uploads\/2023\/11\/samsung-logo-png-1300-kopie.png","width":2611,"height":512,"caption":"logo samsung"},{"@type":"BreadcrumbList","@id":"https:\/\/klimavex.eu\/cz\/samsung\/#breadcrumb","itemListElement":[{"@type":"ListItem","position":1,"name":"Domovsk\u00e1 str\u00e1nka","item":"https:\/\/klimavex.eu\/cz\/"},{"@type":"ListItem","position":2,"name":"Samsung"}]},{"@type":"WebSite","@id":"https:\/\/klimavex.eu\/cz\/#website","url":"https:\/\/klimavex.eu\/cz\/","name":"KLIMAVEX GROUP - \u010cesko","description":"","publisher":{"@id":"https:\/\/klimavex.eu\/cz\/#organization"},"alternateName":"KLIMAVEX CZ a.s.","potentialAction":[{"@type":"SearchAction","target":{"@type":"EntryPoint","urlTemplate":"https:\/\/klimavex.eu\/cz\/?s={search_term_string}"},"query-input":{"@type":"PropertyValueSpecification","valueRequired":true,"valueName":"search_term_string"}}],"inLanguage":"cs"},{"@type":"Organization","@id":"https:\/\/klimavex.eu\/cz\/#organization","name":"KLIMAVEX GROUP","alternateName":"KLIMAVEX","url":"https:\/\/klimavex.eu\/cz\/","logo":{"@type":"ImageObject","inLanguage":"cs","@id":"https:\/\/klimavex.eu\/cz\/#\/schema\/logo\/image\/","url":"https:\/\/klimavex.eu\/cz\/wp-content\/uploads\/2024\/04\/Klimavex-Group-logo.png","contentUrl":"https:\/\/klimavex.eu\/cz\/wp-content\/uploads\/2024\/04\/Klimavex-Group-logo.png","width":1681,"height":472,"caption":"KLIMAVEX GROUP"},"image":{"@id":"https:\/\/klimavex.eu\/cz\/#\/schema\/logo\/image\/"},"sameAs":["https:\/\/www.facebook.com\/klimavex.cz","https:\/\/www.instagram.com\/klimavex_cz\/"]}]}},"_links":{"self":[{"href":"https:\/\/klimavex.eu\/cz\/wp-json\/wp\/v2\/pages\/8648","targetHints":{"allow":["GET"]}}],"collection":[{"href":"https:\/\/klimavex.eu\/cz\/wp-json\/wp\/v2\/pages"}],"about":[{"href":"https:\/\/klimavex.eu\/cz\/wp-json\/wp\/v2\/types\/page"}],"author":[{"embeddable":true,"href":"https:\/\/klimavex.eu\/cz\/wp-json\/wp\/v2\/users\/1"}],"replies":[{"embeddable":true,"href":"https:\/\/klimavex.eu\/cz\/wp-json\/wp\/v2\/comments?post=8648"}],"version-history":[{"count":0,"href":"https:\/\/klimavex.eu\/cz\/wp-json\/wp\/v2\/pages\/8648\/revisions"}],"wp:attachment":[{"href":"https:\/\/klimavex.eu\/cz\/wp-json\/wp\/v2\/media?parent=8648"}],"curies":[{"name":"wp","href":"https:\/\/api.w.org\/{rel}","templated":true}]}}