{"id":8652,"date":"2023-11-26T22:27:15","date_gmt":"2023-11-26T22:27:15","guid":{"rendered":"https:\/\/klimavex.eu\/sk\/?page_id=8652"},"modified":"2024-07-16T15:29:52","modified_gmt":"2024-07-16T13:29:52","slug":"dantherm","status":"publish","type":"page","link":"https:\/\/klimavex.eu\/cz\/dantherm\/","title":{"rendered":"Dantherm"},"content":{"rendered":"\t\t<div data-elementor-type=\"wp-page\" data-elementor-id=\"8652\" class=\"elementor elementor-8652\" data-elementor-post-type=\"page\">\n\t\t\t\t\t\t<section class=\"wd-negative-gap elementor-section elementor-top-section elementor-element elementor-element-b8c96a9 elementor-section-boxed elementor-section-height-default elementor-section-height-default\" data-id=\"b8c96a9\" data-element_type=\"section\">\n\t\t\t\t\t\t\t<div class=\"elementor-background-overlay\"><\/div>\n\t\t\t\t\t\t\t<div class=\"elementor-container elementor-column-gap-default\">\n\t\t\t\t\t<div class=\"elementor-column elementor-col-100 elementor-top-column elementor-element elementor-element-31948a7\" data-id=\"31948a7\" data-element_type=\"column\" data-settings=\"{&quot;background_background&quot;:&quot;classic&quot;}\">\n\t\t\t<div class=\"elementor-widget-wrap elementor-element-populated\">\n\t\t\t\t\t\t<div class=\"elementor-element elementor-element-2a46eb4 wd-width-100 elementor-widget elementor-widget-wd_title\" data-id=\"2a46eb4\" data-element_type=\"widget\" data-widget_type=\"wd_title.default\">\n\t\t\t\t<div class=\"elementor-widget-container\">\n\t\t\t\t\t<div class=\"title-wrapper wd-set-mb reset-last-child wd-title-color-default wd-title-style-default wd-title-size-default text-center\">\n\n\t\t\t\n\t\t\t<div class=\"liner-continer\">\n\t\t\t\t<h4 class=\"woodmart-title-container title wd-fontsize-l\">NA\u0160I V\u00ddROBCI<\/h4> \n\t\t\t\t\t\t\t<\/div>\n\n\t\t\t\t\t<\/div>\n\t\t\t\t<\/div>\n\t\t\t\t<\/div>\n\t\t\t\t<div class=\"elementor-element elementor-element-f62dbc5 elementor-widget-divider--separator-type-pattern elementor-widget-divider--view-line elementor-widget elementor-widget-divider\" data-id=\"f62dbc5\" data-element_type=\"widget\" data-widget_type=\"divider.default\">\n\t\t\t\t<div class=\"elementor-widget-container\">\n\t\t\t\t\t<div class=\"elementor-divider\" style=\"--divider-pattern-url: url(&quot;data:image\/svg+xml,%3Csvg xmlns=&#039;http:\/\/www.w3.org\/2000\/svg&#039; preserveAspectRatio=&#039;none&#039; overflow=&#039;visible&#039; height=&#039;100%&#039; viewBox=&#039;0 0 24 24&#039; fill=&#039;black&#039; stroke=&#039;none&#039;%3E%3Cpolygon points=&#039;9.4,2 24,2 14.6,21.6 0,21.6&#039;\/%3E%3C\/svg%3E&quot;);\">\n\t\t\t<span class=\"elementor-divider-separator\">\n\t\t\t\t\t\t<\/span>\n\t\t<\/div>\n\t\t\t\t<\/div>\n\t\t\t\t<\/div>\n\t\t\t\t<section class=\"wd-negative-gap elementor-section elementor-inner-section elementor-element elementor-element-56fdbf7 elementor-section-full_width elementor-section-content-middle elementor-section-height-default elementor-section-height-default\" data-id=\"56fdbf7\" data-element_type=\"section\">\n\t\t\t\t\t\t<div class=\"elementor-container elementor-column-gap-no\">\n\t\t\t\t\t<div class=\"elementor-column elementor-col-100 elementor-inner-column elementor-element elementor-element-a05db5b\" data-id=\"a05db5b\" data-element_type=\"column\">\n\t\t\t<div class=\"elementor-widget-wrap elementor-element-populated\">\n\t\t\t\t\t\t<div class=\"elementor-element elementor-element-984cb49 elementor-widget elementor-widget-image\" data-id=\"984cb49\" data-element_type=\"widget\" data-widget_type=\"image.default\">\n\t\t\t\t<div class=\"elementor-widget-container\">\n\t\t\t\t\t\t\t\t\t\t\t\t\t<img fetchpriority=\"high\" decoding=\"async\" width=\"1024\" height=\"182\" src=\"https:\/\/klimavex.eu\/cz\/wp-content\/uploads\/2023\/11\/LOGO-DANTHERM-1024x182.png\" class=\"attachment-large size-large wp-image-65\" alt=\"dantherm logo\" srcset=\"https:\/\/klimavex.eu\/cz\/wp-content\/uploads\/2023\/11\/LOGO-DANTHERM-1024x182.png 1024w, https:\/\/klimavex.eu\/cz\/wp-content\/uploads\/2023\/11\/LOGO-DANTHERM-300x53.png 300w, https:\/\/klimavex.eu\/cz\/wp-content\/uploads\/2023\/11\/LOGO-DANTHERM-768x136.png 768w, https:\/\/klimavex.eu\/cz\/wp-content\/uploads\/2023\/11\/LOGO-DANTHERM-1536x272.png 1536w, https:\/\/klimavex.eu\/cz\/wp-content\/uploads\/2023\/11\/LOGO-DANTHERM-2048x363.png 2048w, https:\/\/klimavex.eu\/cz\/wp-content\/uploads\/2023\/11\/LOGO-DANTHERM-20x4.png 20w, https:\/\/klimavex.eu\/cz\/wp-content\/uploads\/2023\/11\/LOGO-DANTHERM-600x106.png 600w, https:\/\/klimavex.eu\/cz\/wp-content\/uploads\/2023\/11\/LOGO-DANTHERM-150x27.png 150w\" sizes=\"(max-width: 1024px) 100vw, 1024px\" \/>\t\t\t\t\t\t\t\t\t\t\t\t\t<\/div>\n\t\t\t\t<\/div>\n\t\t\t\t<div class=\"elementor-element elementor-element-861b1cd elementor-widget elementor-widget-heading\" data-id=\"861b1cd\" data-element_type=\"widget\" data-widget_type=\"heading.default\">\n\t\t\t\t<div class=\"elementor-widget-container\">\n\t\t\t<h2 class=\"elementor-heading-title elementor-size-default\">REKUPERA\u010cN\u00cd JEDNOTKY | REZIDEN\u010cN\u00cd, KOMER\u010cN\u00cd A PR\u016eMYSLOV\u00c9 ODVLH\u010cOVA\u010cE |\nBAZ\u00c9NOV\u00c9 JEDNOTKY<\/h2>\t\t<\/div>\n\t\t\t\t<\/div>\n\t\t\t\t<div class=\"elementor-element elementor-element-9de9cfb elementor-widget elementor-widget-heading\" data-id=\"9de9cfb\" data-element_type=\"widget\" data-widget_type=\"heading.default\">\n\t\t\t\t<div class=\"elementor-widget-container\">\n\t\t\t<h2 class=\"elementor-heading-title elementor-size-default\"><a href=\"\/cz\/eshop\/?filter_znacka=dantherm\">Sortiment<\/a><\/h2>\t\t<\/div>\n\t\t\t\t<\/div>\n\t\t\t\t<div class=\"elementor-element elementor-element-872a023 color-scheme-inherit text-left elementor-widget elementor-widget-text-editor\" data-id=\"872a023\" data-element_type=\"widget\" data-widget_type=\"text-editor.default\">\n\t\t\t\t<div class=\"elementor-widget-container\">\n\t\t\t\t\t\t\t<p><\/p>\n<p>Spole\u010dnost <b>Dantherm Air Handling A\/S <\/b>byla zalo\u017eena roku 1958 Ejlertem R. Olsenem. Z po\u010d\u00e1tku se v\u00fdroba zam\u011b\u0159ovala pouze na oh\u0159\u00edva\u010de vzduchu, odvlh\u010dova\u010de a v\u011btrac\u00ed vzduchotechnick\u00e9 jednotky. V roce 1998 bylo portfolio roz\u0161\u00ed\u0159eno o jednotky pro chlazen\u00ed telekomunika\u010dn\u00edch prostor.<\/p><p><span style=\"font-size: 14px;\">Inovativn\u00ed, spolehliv\u00e1 a energeticky efektivn\u00ed za\u0159\u00edzen\u00ed zaji\u0161\u0165uj\u00ed tomuto d\u00e1nsk\u00e9mu v\u00fdrobci <b>pozici l\u00eddra<\/b> mezi v\u00fdrobci stacion\u00e1rn\u00edch a mobiln\u00edch jednotek.<\/span><br><\/p><p><span style=\"font-size: 14px;\">Spole\u010dnost se zam\u011b\u0159uje na oblast <b>odvlh\u010dov\u00e1n\u00ed<\/b> ji\u017e v\u00edce ne\u017e 60 let a nab\u00edz\u00ed vhodn\u00e1 \u0159e\u0161en\u00ed jak <b>pro reziden\u010dn\u00ed budovy<\/b>, tak<b> pro komer\u010dn\u00ed prostory<\/b> (baz\u00e9nov\u00e9 haly \u010di aquaparky).<\/span><br><\/p><p><span style=\"font-size: 14px;\">V nab\u00eddce jejich produkt\u016f m\u016f\u017eete nal\u00e9zt \u0161irok\u00fd v\u00fdb\u011br <b>rekupera\u010dn\u00edch jednotek<\/b>, dom\u00e1c\u00edch a komer\u010dn\u00edch odvlh\u010dova\u010d\u016f, pr\u016fmyslov\u00fdch a adsorp\u010dn\u00edch odvlh\u010dova\u010d\u016f, baz\u00e9nov\u00fdch kompaktn\u00edch a sestavn\u00fdch odvlh\u010dovac\u00edch jednotek.<\/span><br><\/p><p><span style=\"font-size: 14px;\">KLIMAVEX ve spolupr\u00e1ci s Dantherm organizuje pro sv\u00e9 partnery pracovn\u00ed cesty do v\u00fdrobn\u00edho z\u00e1vodu Dantherm v D\u00e1nsku.<\/span><br><\/p>\t\t\t\t\t\t<\/div>\n\t\t\t\t<\/div>\n\t\t\t\t\t<\/div>\n\t\t<\/div>\n\t\t\t\t\t<\/div>\n\t\t<\/section>\n\t\t\t\t\t<\/div>\n\t\t<\/div>\n\t\t\t\t\t<\/div>\n\t\t<\/section>\n\t\t\t\t<\/div>\n\t\t","protected":false},"excerpt":{"rendered":"<p>NA\u0160I V\u00ddROBCI REKUPERA\u010cN\u00cd JEDNOTKY | REZIDEN\u010cN\u00cd, KOMER\u010cN\u00cd A PR\u016eMYSLOV\u00c9 ODVLH\u010cOVA\u010cE | BAZ\u00c9NOV\u00c9 JEDNOTKY Sortiment Spole\u010dnost Dantherm Air Handling A\/S byla<\/p>\n","protected":false},"author":1,"featured_media":0,"parent":0,"menu_order":9,"comment_status":"closed","ping_status":"closed","template":"","meta":{"footnotes":""},"class_list":["post-8652","page","type-page","status-publish","hentry"],"yoast_head":"<!-- This site is optimized with the Yoast SEO plugin v23.9 - https:\/\/yoast.com\/wordpress\/plugins\/seo\/ -->\n<title>Dantherm - KLIMAVEX GROUP - \u010cesko<\/title>\n<meta name=\"description\" content=\"Spole\u010dnost Dantherm vyr\u00e1b\u00ed oh\u0159\u00edva\u010de vzduchu, odvlh\u010dova\u010de, v\u011btrac\u00ed a chlad\u00edc\u00ed jednotky. Prohl\u00e9dn\u011bte si jejich portfolio.\" \/>\n<meta name=\"robots\" content=\"index, follow, max-snippet:-1, max-image-preview:large, max-video-preview:-1\" \/>\n<link rel=\"canonical\" href=\"https:\/\/klimavex.eu\/cz\/dantherm\/\" \/>\n<meta property=\"og:locale\" content=\"cs_CZ\" \/>\n<meta property=\"og:type\" content=\"article\" \/>\n<meta property=\"og:title\" content=\"Dantherm - KLIMAVEX GROUP - \u010cesko\" \/>\n<meta property=\"og:description\" content=\"Spole\u010dnost Dantherm vyr\u00e1b\u00ed oh\u0159\u00edva\u010de vzduchu, odvlh\u010dova\u010de, v\u011btrac\u00ed a chlad\u00edc\u00ed jednotky. Prohl\u00e9dn\u011bte si jejich portfolio.\" \/>\n<meta property=\"og:url\" content=\"https:\/\/klimavex.eu\/cz\/dantherm\/\" \/>\n<meta property=\"og:site_name\" content=\"KLIMAVEX GROUP - \u010cesko\" \/>\n<meta property=\"article:publisher\" content=\"https:\/\/www.facebook.com\/klimavex.cz\" \/>\n<meta property=\"article:modified_time\" content=\"2024-07-16T13:29:52+00:00\" \/>\n<meta property=\"og:image\" content=\"https:\/\/klimavex.eu\/cz\/wp-content\/uploads\/2023\/11\/LOGO-DANTHERM-1024x182.png\" \/>\n<meta name=\"twitter:card\" content=\"summary_large_image\" \/>\n<meta name=\"twitter:label1\" content=\"Odhadovan\u00e1 doba \u010dten\u00ed\" \/>\n\t<meta name=\"twitter:data1\" content=\"1 minuta\" \/>\n<script type=\"application\/ld+json\" class=\"yoast-schema-graph\">{\"@context\":\"https:\/\/schema.org\",\"@graph\":[{\"@type\":\"WebPage\",\"@id\":\"https:\/\/klimavex.eu\/cz\/dantherm\/\",\"url\":\"https:\/\/klimavex.eu\/cz\/dantherm\/\",\"name\":\"Dantherm - KLIMAVEX GROUP - \u010cesko\",\"isPartOf\":{\"@id\":\"https:\/\/klimavex.eu\/cz\/#website\"},\"primaryImageOfPage\":{\"@id\":\"https:\/\/klimavex.eu\/cz\/dantherm\/#primaryimage\"},\"image\":{\"@id\":\"https:\/\/klimavex.eu\/cz\/dantherm\/#primaryimage\"},\"thumbnailUrl\":\"https:\/\/klimavex.eu\/cz\/wp-content\/uploads\/2023\/11\/LOGO-DANTHERM-1024x182.png\",\"datePublished\":\"2023-11-26T22:27:15+00:00\",\"dateModified\":\"2024-07-16T13:29:52+00:00\",\"description\":\"Spole\u010dnost Dantherm vyr\u00e1b\u00ed oh\u0159\u00edva\u010de vzduchu, odvlh\u010dova\u010de, v\u011btrac\u00ed a chlad\u00edc\u00ed jednotky. Prohl\u00e9dn\u011bte si jejich portfolio.\",\"breadcrumb\":{\"@id\":\"https:\/\/klimavex.eu\/cz\/dantherm\/#breadcrumb\"},\"inLanguage\":\"cs\",\"potentialAction\":[{\"@type\":\"ReadAction\",\"target\":[\"https:\/\/klimavex.eu\/cz\/dantherm\/\"]}]},{\"@type\":\"ImageObject\",\"inLanguage\":\"cs\",\"@id\":\"https:\/\/klimavex.eu\/cz\/dantherm\/#primaryimage\",\"url\":\"https:\/\/klimavex.eu\/cz\/wp-content\/uploads\/2023\/11\/LOGO-DANTHERM.png\",\"contentUrl\":\"https:\/\/klimavex.eu\/cz\/wp-content\/uploads\/2023\/11\/LOGO-DANTHERM.png\",\"width\":4691,\"height\":832,\"caption\":\"dantherm logo\"},{\"@type\":\"BreadcrumbList\",\"@id\":\"https:\/\/klimavex.eu\/cz\/dantherm\/#breadcrumb\",\"itemListElement\":[{\"@type\":\"ListItem\",\"position\":1,\"name\":\"Domovsk\u00e1 str\u00e1nka\",\"item\":\"https:\/\/klimavex.eu\/cz\/\"},{\"@type\":\"ListItem\",\"position\":2,\"name\":\"Dantherm\"}]},{\"@type\":\"WebSite\",\"@id\":\"https:\/\/klimavex.eu\/cz\/#website\",\"url\":\"https:\/\/klimavex.eu\/cz\/\",\"name\":\"KLIMAVEX GROUP - \u010cesko\",\"description\":\"\",\"publisher\":{\"@id\":\"https:\/\/klimavex.eu\/cz\/#organization\"},\"alternateName\":\"KLIMAVEX CZ a.s.\",\"potentialAction\":[{\"@type\":\"SearchAction\",\"target\":{\"@type\":\"EntryPoint\",\"urlTemplate\":\"https:\/\/klimavex.eu\/cz\/?s={search_term_string}\"},\"query-input\":{\"@type\":\"PropertyValueSpecification\",\"valueRequired\":true,\"valueName\":\"search_term_string\"}}],\"inLanguage\":\"cs\"},{\"@type\":\"Organization\",\"@id\":\"https:\/\/klimavex.eu\/cz\/#organization\",\"name\":\"KLIMAVEX GROUP\",\"alternateName\":\"KLIMAVEX\",\"url\":\"https:\/\/klimavex.eu\/cz\/\",\"logo\":{\"@type\":\"ImageObject\",\"inLanguage\":\"cs\",\"@id\":\"https:\/\/klimavex.eu\/cz\/#\/schema\/logo\/image\/\",\"url\":\"https:\/\/klimavex.eu\/cz\/wp-content\/uploads\/2024\/04\/Klimavex-Group-logo.png\",\"contentUrl\":\"https:\/\/klimavex.eu\/cz\/wp-content\/uploads\/2024\/04\/Klimavex-Group-logo.png\",\"width\":1681,\"height\":472,\"caption\":\"KLIMAVEX GROUP\"},\"image\":{\"@id\":\"https:\/\/klimavex.eu\/cz\/#\/schema\/logo\/image\/\"},\"sameAs\":[\"https:\/\/www.facebook.com\/klimavex.cz\",\"https:\/\/www.instagram.com\/klimavex_cz\/\"]}]}<\/script>\n<!-- \/ Yoast SEO plugin. -->","yoast_head_json":{"title":"Dantherm - KLIMAVEX GROUP - \u010cesko","description":"Spole\u010dnost Dantherm vyr\u00e1b\u00ed oh\u0159\u00edva\u010de vzduchu, odvlh\u010dova\u010de, v\u011btrac\u00ed a chlad\u00edc\u00ed jednotky. Prohl\u00e9dn\u011bte si jejich portfolio.","robots":{"index":"index","follow":"follow","max-snippet":"max-snippet:-1","max-image-preview":"max-image-preview:large","max-video-preview":"max-video-preview:-1"},"canonical":"https:\/\/klimavex.eu\/cz\/dantherm\/","og_locale":"cs_CZ","og_type":"article","og_title":"Dantherm - KLIMAVEX GROUP - \u010cesko","og_description":"Spole\u010dnost Dantherm vyr\u00e1b\u00ed oh\u0159\u00edva\u010de vzduchu, odvlh\u010dova\u010de, v\u011btrac\u00ed a chlad\u00edc\u00ed jednotky. Prohl\u00e9dn\u011bte si jejich portfolio.","og_url":"https:\/\/klimavex.eu\/cz\/dantherm\/","og_site_name":"KLIMAVEX GROUP - \u010cesko","article_publisher":"https:\/\/www.facebook.com\/klimavex.cz","article_modified_time":"2024-07-16T13:29:52+00:00","og_image":[{"url":"https:\/\/klimavex.eu\/cz\/wp-content\/uploads\/2023\/11\/LOGO-DANTHERM-1024x182.png"}],"twitter_card":"summary_large_image","twitter_misc":{"Odhadovan\u00e1 doba \u010dten\u00ed":"1 minuta"},"schema":{"@context":"https:\/\/schema.org","@graph":[{"@type":"WebPage","@id":"https:\/\/klimavex.eu\/cz\/dantherm\/","url":"https:\/\/klimavex.eu\/cz\/dantherm\/","name":"Dantherm - KLIMAVEX GROUP - \u010cesko","isPartOf":{"@id":"https:\/\/klimavex.eu\/cz\/#website"},"primaryImageOfPage":{"@id":"https:\/\/klimavex.eu\/cz\/dantherm\/#primaryimage"},"image":{"@id":"https:\/\/klimavex.eu\/cz\/dantherm\/#primaryimage"},"thumbnailUrl":"https:\/\/klimavex.eu\/cz\/wp-content\/uploads\/2023\/11\/LOGO-DANTHERM-1024x182.png","datePublished":"2023-11-26T22:27:15+00:00","dateModified":"2024-07-16T13:29:52+00:00","description":"Spole\u010dnost Dantherm vyr\u00e1b\u00ed oh\u0159\u00edva\u010de vzduchu, odvlh\u010dova\u010de, v\u011btrac\u00ed a chlad\u00edc\u00ed jednotky. Prohl\u00e9dn\u011bte si jejich portfolio.","breadcrumb":{"@id":"https:\/\/klimavex.eu\/cz\/dantherm\/#breadcrumb"},"inLanguage":"cs","potentialAction":[{"@type":"ReadAction","target":["https:\/\/klimavex.eu\/cz\/dantherm\/"]}]},{"@type":"ImageObject","inLanguage":"cs","@id":"https:\/\/klimavex.eu\/cz\/dantherm\/#primaryimage","url":"https:\/\/klimavex.eu\/cz\/wp-content\/uploads\/2023\/11\/LOGO-DANTHERM.png","contentUrl":"https:\/\/klimavex.eu\/cz\/wp-content\/uploads\/2023\/11\/LOGO-DANTHERM.png","width":4691,"height":832,"caption":"dantherm logo"},{"@type":"BreadcrumbList","@id":"https:\/\/klimavex.eu\/cz\/dantherm\/#breadcrumb","itemListElement":[{"@type":"ListItem","position":1,"name":"Domovsk\u00e1 str\u00e1nka","item":"https:\/\/klimavex.eu\/cz\/"},{"@type":"ListItem","position":2,"name":"Dantherm"}]},{"@type":"WebSite","@id":"https:\/\/klimavex.eu\/cz\/#website","url":"https:\/\/klimavex.eu\/cz\/","name":"KLIMAVEX GROUP - \u010cesko","description":"","publisher":{"@id":"https:\/\/klimavex.eu\/cz\/#organization"},"alternateName":"KLIMAVEX CZ a.s.","potentialAction":[{"@type":"SearchAction","target":{"@type":"EntryPoint","urlTemplate":"https:\/\/klimavex.eu\/cz\/?s={search_term_string}"},"query-input":{"@type":"PropertyValueSpecification","valueRequired":true,"valueName":"search_term_string"}}],"inLanguage":"cs"},{"@type":"Organization","@id":"https:\/\/klimavex.eu\/cz\/#organization","name":"KLIMAVEX GROUP","alternateName":"KLIMAVEX","url":"https:\/\/klimavex.eu\/cz\/","logo":{"@type":"ImageObject","inLanguage":"cs","@id":"https:\/\/klimavex.eu\/cz\/#\/schema\/logo\/image\/","url":"https:\/\/klimavex.eu\/cz\/wp-content\/uploads\/2024\/04\/Klimavex-Group-logo.png","contentUrl":"https:\/\/klimavex.eu\/cz\/wp-content\/uploads\/2024\/04\/Klimavex-Group-logo.png","width":1681,"height":472,"caption":"KLIMAVEX GROUP"},"image":{"@id":"https:\/\/klimavex.eu\/cz\/#\/schema\/logo\/image\/"},"sameAs":["https:\/\/www.facebook.com\/klimavex.cz","https:\/\/www.instagram.com\/klimavex_cz\/"]}]}},"_links":{"self":[{"href":"https:\/\/klimavex.eu\/cz\/wp-json\/wp\/v2\/pages\/8652","targetHints":{"allow":["GET"]}}],"collection":[{"href":"https:\/\/klimavex.eu\/cz\/wp-json\/wp\/v2\/pages"}],"about":[{"href":"https:\/\/klimavex.eu\/cz\/wp-json\/wp\/v2\/types\/page"}],"author":[{"embeddable":true,"href":"https:\/\/klimavex.eu\/cz\/wp-json\/wp\/v2\/users\/1"}],"replies":[{"embeddable":true,"href":"https:\/\/klimavex.eu\/cz\/wp-json\/wp\/v2\/comments?post=8652"}],"version-history":[{"count":0,"href":"https:\/\/klimavex.eu\/cz\/wp-json\/wp\/v2\/pages\/8652\/revisions"}],"wp:attachment":[{"href":"https:\/\/klimavex.eu\/cz\/wp-json\/wp\/v2\/media?parent=8652"}],"curies":[{"name":"wp","href":"https:\/\/api.w.org\/{rel}","templated":true}]}}