{"id":8654,"date":"2023-11-26T22:27:42","date_gmt":"2023-11-26T22:27:42","guid":{"rendered":"https:\/\/klimavex.eu\/sk\/?page_id=8654"},"modified":"2024-07-17T13:04:41","modified_gmt":"2024-07-17T11:04:41","slug":"vortice","status":"publish","type":"page","link":"https:\/\/klimavex.eu\/cz\/vortice\/","title":{"rendered":"Vortice"},"content":{"rendered":"\t\t<div data-elementor-type=\"wp-page\" data-elementor-id=\"8654\" class=\"elementor elementor-8654\" data-elementor-post-type=\"page\">\n\t\t\t\t\t\t<section class=\"wd-negative-gap elementor-section elementor-top-section elementor-element elementor-element-57c5475 elementor-section-boxed elementor-section-height-default elementor-section-height-default\" data-id=\"57c5475\" data-element_type=\"section\">\n\t\t\t\t\t\t\t<div class=\"elementor-background-overlay\"><\/div>\n\t\t\t\t\t\t\t<div class=\"elementor-container elementor-column-gap-default\">\n\t\t\t\t\t<div class=\"elementor-column elementor-col-100 elementor-top-column elementor-element elementor-element-ae00329\" data-id=\"ae00329\" data-element_type=\"column\" data-settings=\"{&quot;background_background&quot;:&quot;classic&quot;}\">\n\t\t\t<div class=\"elementor-widget-wrap elementor-element-populated\">\n\t\t\t\t\t\t<div class=\"elementor-element elementor-element-061d331 wd-width-100 elementor-widget elementor-widget-wd_title\" data-id=\"061d331\" data-element_type=\"widget\" data-widget_type=\"wd_title.default\">\n\t\t\t\t<div class=\"elementor-widget-container\">\n\t\t\t\t\t<div class=\"title-wrapper wd-set-mb reset-last-child wd-title-color-default wd-title-style-default wd-title-size-default text-center\">\n\n\t\t\t\n\t\t\t<div class=\"liner-continer\">\n\t\t\t\t<h4 class=\"woodmart-title-container title wd-fontsize-l\">NA\u0160I V\u00ddROBCI<\/h4> \n\t\t\t\t\t\t\t<\/div>\n\n\t\t\t\t\t<\/div>\n\t\t\t\t<\/div>\n\t\t\t\t<\/div>\n\t\t\t\t<div class=\"elementor-element elementor-element-bed5b9c elementor-widget-divider--separator-type-pattern elementor-widget-divider--view-line elementor-widget elementor-widget-divider\" data-id=\"bed5b9c\" data-element_type=\"widget\" data-widget_type=\"divider.default\">\n\t\t\t\t<div class=\"elementor-widget-container\">\n\t\t\t\t\t<div class=\"elementor-divider\" style=\"--divider-pattern-url: url(&quot;data:image\/svg+xml,%3Csvg xmlns=&#039;http:\/\/www.w3.org\/2000\/svg&#039; preserveAspectRatio=&#039;none&#039; overflow=&#039;visible&#039; height=&#039;100%&#039; viewBox=&#039;0 0 24 24&#039; fill=&#039;black&#039; stroke=&#039;none&#039;%3E%3Cpolygon points=&#039;9.4,2 24,2 14.6,21.6 0,21.6&#039;\/%3E%3C\/svg%3E&quot;);\">\n\t\t\t<span class=\"elementor-divider-separator\">\n\t\t\t\t\t\t<\/span>\n\t\t<\/div>\n\t\t\t\t<\/div>\n\t\t\t\t<\/div>\n\t\t\t\t<section class=\"wd-negative-gap elementor-section elementor-inner-section elementor-element elementor-element-227d191 elementor-section-full_width elementor-section-content-middle elementor-section-height-default elementor-section-height-default\" data-id=\"227d191\" data-element_type=\"section\">\n\t\t\t\t\t\t<div class=\"elementor-container elementor-column-gap-no\">\n\t\t\t\t\t<div class=\"elementor-column elementor-col-100 elementor-inner-column elementor-element elementor-element-09ea445\" data-id=\"09ea445\" data-element_type=\"column\">\n\t\t\t<div class=\"elementor-widget-wrap elementor-element-populated\">\n\t\t\t\t\t\t<div class=\"elementor-element elementor-element-0bba9dc elementor-widget elementor-widget-image\" data-id=\"0bba9dc\" data-element_type=\"widget\" data-widget_type=\"image.default\">\n\t\t\t\t<div class=\"elementor-widget-container\">\n\t\t\t\t\t\t\t\t\t\t\t\t\t<img fetchpriority=\"high\" decoding=\"async\" width=\"820\" height=\"839\" src=\"https:\/\/klimavex.eu\/cz\/wp-content\/uploads\/2023\/11\/LOGO_VORTICE.jpg\" class=\"attachment-large size-large wp-image-62\" alt=\"logo vortice\" srcset=\"https:\/\/klimavex.eu\/cz\/wp-content\/uploads\/2023\/11\/LOGO_VORTICE.jpg 820w, https:\/\/klimavex.eu\/cz\/wp-content\/uploads\/2023\/11\/LOGO_VORTICE-293x300.jpg 293w, https:\/\/klimavex.eu\/cz\/wp-content\/uploads\/2023\/11\/LOGO_VORTICE-768x786.jpg 768w, https:\/\/klimavex.eu\/cz\/wp-content\/uploads\/2023\/11\/LOGO_VORTICE-20x20.jpg 20w, https:\/\/klimavex.eu\/cz\/wp-content\/uploads\/2023\/11\/LOGO_VORTICE-586x600.jpg 586w, https:\/\/klimavex.eu\/cz\/wp-content\/uploads\/2023\/11\/LOGO_VORTICE-150x153.jpg 150w\" sizes=\"(max-width: 820px) 100vw, 820px\" \/>\t\t\t\t\t\t\t\t\t\t\t\t\t<\/div>\n\t\t\t\t<\/div>\n\t\t\t\t<div class=\"elementor-element elementor-element-c55f57b elementor-widget elementor-widget-heading\" data-id=\"c55f57b\" data-element_type=\"widget\" data-widget_type=\"heading.default\">\n\t\t\t\t<div class=\"elementor-widget-container\">\n\t\t\t<h2 class=\"elementor-heading-title elementor-size-default\">REZIDEN\u010cN\u00cd A KOMER\u010cN\u00cd VENTIL\u00c1TORY | ODVLH\u010cOVA\u010cE | VZDUCHOV\u00c9 CLONY<br><br>\nELEKTRICK\u00c9 OH\u0158\u00cdVA\u010cE | HYGIENICK\u00c9 POMOCN\u00c9 V\u00ddROBKY<\/h2>\t\t<\/div>\n\t\t\t\t<\/div>\n\t\t\t\t<div class=\"elementor-element elementor-element-b8987d3 elementor-widget elementor-widget-heading\" data-id=\"b8987d3\" data-element_type=\"widget\" data-widget_type=\"heading.default\">\n\t\t\t\t<div class=\"elementor-widget-container\">\n\t\t\t<h2 class=\"elementor-heading-title elementor-size-default\"><a href=\"\/cz\/eshop\/?filter_znacka=vortice\">Sortiment<\/a><\/h2>\t\t<\/div>\n\t\t\t\t<\/div>\n\t\t\t\t<div class=\"elementor-element elementor-element-d1dc5db color-scheme-inherit text-left elementor-widget elementor-widget-text-editor\" data-id=\"d1dc5db\" data-element_type=\"widget\" data-widget_type=\"text-editor.default\">\n\t\t\t\t<div class=\"elementor-widget-container\">\n\t\t\t\t\t\t\t<p><\/p>\n<p>Italsk\u00e1 spole\u010dnost<b> Vortice<\/b> byla zalo\u017eena roku 1954 v Mil\u00e1n\u011b. Jej\u00ed zakladatel Attilio Pagani zkonstruoval prvn\u00ed plastov\u00fd ventil\u00e1tor pro ods\u00e1v\u00e1n\u00ed p\u00e1ry, kter\u00fd nazval Vortice, a podle kter\u00e9ho pozd\u011bji pojmenoval celou svoji firmu.<\/p><p><span style=\"font-size: 14px;\">V jejich portfoliu najdeme axi\u00e1ln\u00ed, radi\u00e1ln\u00ed, potrubn\u00ed a st\u0159e\u0161n\u00ed ventil\u00e1tory, kuchy\u0148sk\u00e9 spot\u0159ebi\u010de, ventil\u00e1tory na l\u00e9to, elektrick\u00e9 oh\u0159\u00edva\u010de, kuchy\u0148sk\u00e9 odsava\u010de par, odvlh\u010dova\u010de, pr\u016fmyslov\u00e9 vysava\u010de, vysou\u0161e\u010de rukou a vlas\u016f, d\u00e1vkova\u010de m\u00fddla nebo vzduchov\u00e9 clony. D\u00edky <b>\u0161irok\u00e9mu portfoliu a vysok\u00e9 kvalit\u011b<\/b>, spolehlivosti, bezpe\u010dnosti a modern\u00edmu designu v\u00fdrobk\u016f se \u0159ad\u00ed k <b>l\u00eddr\u016fm na trhu<\/b> vybaven\u00ed dom\u00e1cnost\u00ed i komer\u010dn\u00edch prostor.<\/span><br><\/p><p><span style=\"font-size: 14px;\">Ji\u017e n\u011bkolik des\u00edtek let nab\u00edz\u00ed Vortice \u0159e\u0161en\u00ed pro zdokonalen\u00ed kvality ovzdu\u0161\u00ed. Je jednou z prvn\u00edch spole\u010dnost\u00ed, jejich\u017e produkty byly certifikov\u00e1ny nez\u00e1vislou spole\u010dnost\u00ed &#8220;IMQ&#8221; (Italian Mark of Quality Institute), kter\u00e1 je celosv\u011btov\u011b zn\u00e1m\u00e1 a uzn\u00e1van\u00e1. V sou\u010dasnosti je spole\u010dnost celosv\u011btov\u00fdm l\u00eddrem <b>s p\u016fsobnost\u00ed ve v\u00edce ne\u017e 82 zem\u00edch<\/b> na 5 kontinentech, s ro\u010dn\u00ed produkc\u00ed pro export <b>v\u00edce ne\u017e 500 000 v\u00fdrobk\u016f<\/b>.<\/span><br><\/p><p><span style=\"font-size: 14px;\"><b>KLIMAVEX je v\u00fdhradn\u00edm distributorem <\/b>zna\u010dky Vortice v \u010cesk\u00e9 republice a na Slovensku.<\/span><br><\/p>\t\t\t\t\t\t<\/div>\n\t\t\t\t<\/div>\n\t\t\t\t\t<\/div>\n\t\t<\/div>\n\t\t\t\t\t<\/div>\n\t\t<\/section>\n\t\t\t\t\t<\/div>\n\t\t<\/div>\n\t\t\t\t\t<\/div>\n\t\t<\/section>\n\t\t\t\t<\/div>\n\t\t","protected":false},"excerpt":{"rendered":"<p>NA\u0160I V\u00ddROBCI REZIDEN\u010cN\u00cd A KOMER\u010cN\u00cd VENTIL\u00c1TORY | ODVLH\u010cOVA\u010cE | VZDUCHOV\u00c9 CLONY ELEKTRICK\u00c9 OH\u0158\u00cdVA\u010cE | HYGIENICK\u00c9 POMOCN\u00c9 V\u00ddROBKY Sortiment Italsk\u00e1 spole\u010dnost<\/p>\n","protected":false},"author":1,"featured_media":0,"parent":0,"menu_order":50,"comment_status":"closed","ping_status":"closed","template":"","meta":{"footnotes":""},"class_list":["post-8654","page","type-page","status-publish","hentry"],"yoast_head":"<!-- This site is optimized with the Yoast SEO plugin v23.9 - https:\/\/yoast.com\/wordpress\/plugins\/seo\/ -->\n<title>Vortice - KLIMAVEX GROUP - \u010cesko<\/title>\n<meta name=\"description\" content=\"Vortice se \u0159ad\u00ed k l\u00eddr\u016fm na trhu vybaven\u00ed dom\u00e1cnost\u00ed i komer\u010dn\u00edch prostor\u016f d\u00edky \u0161irok\u00e9mu portfoliu, vysok\u00e9 kvalit\u011b a modern\u00edmu designu.\" \/>\n<meta name=\"robots\" content=\"index, follow, max-snippet:-1, max-image-preview:large, max-video-preview:-1\" \/>\n<link rel=\"canonical\" href=\"https:\/\/klimavex.eu\/cz\/vortice\/\" \/>\n<meta property=\"og:locale\" content=\"cs_CZ\" \/>\n<meta property=\"og:type\" content=\"article\" \/>\n<meta property=\"og:title\" content=\"Vortice - KLIMAVEX GROUP - \u010cesko\" \/>\n<meta property=\"og:description\" content=\"Vortice se \u0159ad\u00ed k l\u00eddr\u016fm na trhu vybaven\u00ed dom\u00e1cnost\u00ed i komer\u010dn\u00edch prostor\u016f d\u00edky \u0161irok\u00e9mu portfoliu, vysok\u00e9 kvalit\u011b a modern\u00edmu designu.\" \/>\n<meta property=\"og:url\" content=\"https:\/\/klimavex.eu\/cz\/vortice\/\" \/>\n<meta property=\"og:site_name\" content=\"KLIMAVEX GROUP - \u010cesko\" \/>\n<meta property=\"article:publisher\" content=\"https:\/\/www.facebook.com\/klimavex.cz\" \/>\n<meta property=\"article:modified_time\" content=\"2024-07-17T11:04:41+00:00\" \/>\n<meta property=\"og:image\" content=\"https:\/\/klimavex.eu\/cz\/wp-content\/uploads\/2023\/11\/LOGO_VORTICE.jpg\" \/>\n<meta name=\"twitter:card\" content=\"summary_large_image\" \/>\n<meta name=\"twitter:label1\" content=\"Odhadovan\u00e1 doba \u010dten\u00ed\" \/>\n\t<meta name=\"twitter:data1\" content=\"2 minuty\" \/>\n<script type=\"application\/ld+json\" class=\"yoast-schema-graph\">{\"@context\":\"https:\/\/schema.org\",\"@graph\":[{\"@type\":\"WebPage\",\"@id\":\"https:\/\/klimavex.eu\/cz\/vortice\/\",\"url\":\"https:\/\/klimavex.eu\/cz\/vortice\/\",\"name\":\"Vortice - KLIMAVEX GROUP - \u010cesko\",\"isPartOf\":{\"@id\":\"https:\/\/klimavex.eu\/cz\/#website\"},\"primaryImageOfPage\":{\"@id\":\"https:\/\/klimavex.eu\/cz\/vortice\/#primaryimage\"},\"image\":{\"@id\":\"https:\/\/klimavex.eu\/cz\/vortice\/#primaryimage\"},\"thumbnailUrl\":\"https:\/\/klimavex.eu\/cz\/wp-content\/uploads\/2023\/11\/LOGO_VORTICE.jpg\",\"datePublished\":\"2023-11-26T22:27:42+00:00\",\"dateModified\":\"2024-07-17T11:04:41+00:00\",\"description\":\"Vortice se \u0159ad\u00ed k l\u00eddr\u016fm na trhu vybaven\u00ed dom\u00e1cnost\u00ed i komer\u010dn\u00edch prostor\u016f d\u00edky \u0161irok\u00e9mu portfoliu, vysok\u00e9 kvalit\u011b a modern\u00edmu designu.\",\"breadcrumb\":{\"@id\":\"https:\/\/klimavex.eu\/cz\/vortice\/#breadcrumb\"},\"inLanguage\":\"cs\",\"potentialAction\":[{\"@type\":\"ReadAction\",\"target\":[\"https:\/\/klimavex.eu\/cz\/vortice\/\"]}]},{\"@type\":\"ImageObject\",\"inLanguage\":\"cs\",\"@id\":\"https:\/\/klimavex.eu\/cz\/vortice\/#primaryimage\",\"url\":\"https:\/\/klimavex.eu\/cz\/wp-content\/uploads\/2023\/11\/LOGO_VORTICE.jpg\",\"contentUrl\":\"https:\/\/klimavex.eu\/cz\/wp-content\/uploads\/2023\/11\/LOGO_VORTICE.jpg\",\"width\":820,\"height\":839,\"caption\":\"logo vortice\"},{\"@type\":\"BreadcrumbList\",\"@id\":\"https:\/\/klimavex.eu\/cz\/vortice\/#breadcrumb\",\"itemListElement\":[{\"@type\":\"ListItem\",\"position\":1,\"name\":\"Domovsk\u00e1 str\u00e1nka\",\"item\":\"https:\/\/klimavex.eu\/cz\/\"},{\"@type\":\"ListItem\",\"position\":2,\"name\":\"Vortice\"}]},{\"@type\":\"WebSite\",\"@id\":\"https:\/\/klimavex.eu\/cz\/#website\",\"url\":\"https:\/\/klimavex.eu\/cz\/\",\"name\":\"KLIMAVEX GROUP - \u010cesko\",\"description\":\"\",\"publisher\":{\"@id\":\"https:\/\/klimavex.eu\/cz\/#organization\"},\"alternateName\":\"KLIMAVEX CZ a.s.\",\"potentialAction\":[{\"@type\":\"SearchAction\",\"target\":{\"@type\":\"EntryPoint\",\"urlTemplate\":\"https:\/\/klimavex.eu\/cz\/?s={search_term_string}\"},\"query-input\":{\"@type\":\"PropertyValueSpecification\",\"valueRequired\":true,\"valueName\":\"search_term_string\"}}],\"inLanguage\":\"cs\"},{\"@type\":\"Organization\",\"@id\":\"https:\/\/klimavex.eu\/cz\/#organization\",\"name\":\"KLIMAVEX GROUP\",\"alternateName\":\"KLIMAVEX\",\"url\":\"https:\/\/klimavex.eu\/cz\/\",\"logo\":{\"@type\":\"ImageObject\",\"inLanguage\":\"cs\",\"@id\":\"https:\/\/klimavex.eu\/cz\/#\/schema\/logo\/image\/\",\"url\":\"https:\/\/klimavex.eu\/cz\/wp-content\/uploads\/2024\/04\/Klimavex-Group-logo.png\",\"contentUrl\":\"https:\/\/klimavex.eu\/cz\/wp-content\/uploads\/2024\/04\/Klimavex-Group-logo.png\",\"width\":1681,\"height\":472,\"caption\":\"KLIMAVEX GROUP\"},\"image\":{\"@id\":\"https:\/\/klimavex.eu\/cz\/#\/schema\/logo\/image\/\"},\"sameAs\":[\"https:\/\/www.facebook.com\/klimavex.cz\",\"https:\/\/www.instagram.com\/klimavex_cz\/\"]}]}<\/script>\n<!-- \/ Yoast SEO plugin. -->","yoast_head_json":{"title":"Vortice - KLIMAVEX GROUP - \u010cesko","description":"Vortice se \u0159ad\u00ed k l\u00eddr\u016fm na trhu vybaven\u00ed dom\u00e1cnost\u00ed i komer\u010dn\u00edch prostor\u016f d\u00edky \u0161irok\u00e9mu portfoliu, vysok\u00e9 kvalit\u011b a modern\u00edmu designu.","robots":{"index":"index","follow":"follow","max-snippet":"max-snippet:-1","max-image-preview":"max-image-preview:large","max-video-preview":"max-video-preview:-1"},"canonical":"https:\/\/klimavex.eu\/cz\/vortice\/","og_locale":"cs_CZ","og_type":"article","og_title":"Vortice - KLIMAVEX GROUP - \u010cesko","og_description":"Vortice se \u0159ad\u00ed k l\u00eddr\u016fm na trhu vybaven\u00ed dom\u00e1cnost\u00ed i komer\u010dn\u00edch prostor\u016f d\u00edky \u0161irok\u00e9mu portfoliu, vysok\u00e9 kvalit\u011b a modern\u00edmu designu.","og_url":"https:\/\/klimavex.eu\/cz\/vortice\/","og_site_name":"KLIMAVEX GROUP - \u010cesko","article_publisher":"https:\/\/www.facebook.com\/klimavex.cz","article_modified_time":"2024-07-17T11:04:41+00:00","og_image":[{"url":"https:\/\/klimavex.eu\/cz\/wp-content\/uploads\/2023\/11\/LOGO_VORTICE.jpg"}],"twitter_card":"summary_large_image","twitter_misc":{"Odhadovan\u00e1 doba \u010dten\u00ed":"2 minuty"},"schema":{"@context":"https:\/\/schema.org","@graph":[{"@type":"WebPage","@id":"https:\/\/klimavex.eu\/cz\/vortice\/","url":"https:\/\/klimavex.eu\/cz\/vortice\/","name":"Vortice - KLIMAVEX GROUP - \u010cesko","isPartOf":{"@id":"https:\/\/klimavex.eu\/cz\/#website"},"primaryImageOfPage":{"@id":"https:\/\/klimavex.eu\/cz\/vortice\/#primaryimage"},"image":{"@id":"https:\/\/klimavex.eu\/cz\/vortice\/#primaryimage"},"thumbnailUrl":"https:\/\/klimavex.eu\/cz\/wp-content\/uploads\/2023\/11\/LOGO_VORTICE.jpg","datePublished":"2023-11-26T22:27:42+00:00","dateModified":"2024-07-17T11:04:41+00:00","description":"Vortice se \u0159ad\u00ed k l\u00eddr\u016fm na trhu vybaven\u00ed dom\u00e1cnost\u00ed i komer\u010dn\u00edch prostor\u016f d\u00edky \u0161irok\u00e9mu portfoliu, vysok\u00e9 kvalit\u011b a modern\u00edmu designu.","breadcrumb":{"@id":"https:\/\/klimavex.eu\/cz\/vortice\/#breadcrumb"},"inLanguage":"cs","potentialAction":[{"@type":"ReadAction","target":["https:\/\/klimavex.eu\/cz\/vortice\/"]}]},{"@type":"ImageObject","inLanguage":"cs","@id":"https:\/\/klimavex.eu\/cz\/vortice\/#primaryimage","url":"https:\/\/klimavex.eu\/cz\/wp-content\/uploads\/2023\/11\/LOGO_VORTICE.jpg","contentUrl":"https:\/\/klimavex.eu\/cz\/wp-content\/uploads\/2023\/11\/LOGO_VORTICE.jpg","width":820,"height":839,"caption":"logo vortice"},{"@type":"BreadcrumbList","@id":"https:\/\/klimavex.eu\/cz\/vortice\/#breadcrumb","itemListElement":[{"@type":"ListItem","position":1,"name":"Domovsk\u00e1 str\u00e1nka","item":"https:\/\/klimavex.eu\/cz\/"},{"@type":"ListItem","position":2,"name":"Vortice"}]},{"@type":"WebSite","@id":"https:\/\/klimavex.eu\/cz\/#website","url":"https:\/\/klimavex.eu\/cz\/","name":"KLIMAVEX GROUP - \u010cesko","description":"","publisher":{"@id":"https:\/\/klimavex.eu\/cz\/#organization"},"alternateName":"KLIMAVEX CZ a.s.","potentialAction":[{"@type":"SearchAction","target":{"@type":"EntryPoint","urlTemplate":"https:\/\/klimavex.eu\/cz\/?s={search_term_string}"},"query-input":{"@type":"PropertyValueSpecification","valueRequired":true,"valueName":"search_term_string"}}],"inLanguage":"cs"},{"@type":"Organization","@id":"https:\/\/klimavex.eu\/cz\/#organization","name":"KLIMAVEX GROUP","alternateName":"KLIMAVEX","url":"https:\/\/klimavex.eu\/cz\/","logo":{"@type":"ImageObject","inLanguage":"cs","@id":"https:\/\/klimavex.eu\/cz\/#\/schema\/logo\/image\/","url":"https:\/\/klimavex.eu\/cz\/wp-content\/uploads\/2024\/04\/Klimavex-Group-logo.png","contentUrl":"https:\/\/klimavex.eu\/cz\/wp-content\/uploads\/2024\/04\/Klimavex-Group-logo.png","width":1681,"height":472,"caption":"KLIMAVEX GROUP"},"image":{"@id":"https:\/\/klimavex.eu\/cz\/#\/schema\/logo\/image\/"},"sameAs":["https:\/\/www.facebook.com\/klimavex.cz","https:\/\/www.instagram.com\/klimavex_cz\/"]}]}},"_links":{"self":[{"href":"https:\/\/klimavex.eu\/cz\/wp-json\/wp\/v2\/pages\/8654","targetHints":{"allow":["GET"]}}],"collection":[{"href":"https:\/\/klimavex.eu\/cz\/wp-json\/wp\/v2\/pages"}],"about":[{"href":"https:\/\/klimavex.eu\/cz\/wp-json\/wp\/v2\/types\/page"}],"author":[{"embeddable":true,"href":"https:\/\/klimavex.eu\/cz\/wp-json\/wp\/v2\/users\/1"}],"replies":[{"embeddable":true,"href":"https:\/\/klimavex.eu\/cz\/wp-json\/wp\/v2\/comments?post=8654"}],"version-history":[{"count":0,"href":"https:\/\/klimavex.eu\/cz\/wp-json\/wp\/v2\/pages\/8654\/revisions"}],"wp:attachment":[{"href":"https:\/\/klimavex.eu\/cz\/wp-json\/wp\/v2\/media?parent=8654"}],"curies":[{"name":"wp","href":"https:\/\/api.w.org\/{rel}","templated":true}]}}