{"id":540419,"date":"2026-04-07T18:03:05","date_gmt":"2026-04-07T16:03:05","guid":{"rendered":"https:\/\/klimavex.eu\/cz\/katalog\/tepelne-cerpadlo-panasonic-aquarea-l-gen-aio-hydrosplit-nadrz-185l-spirala-3kw-adc-wdg-r290-230v-9kw\/"},"modified":"2026-04-07T18:03:06","modified_gmt":"2026-04-07T16:03:06","slug":"tepelne-cerpadlo-panasonic-aquarea-l-gen-aio-hydrosplit-nadrz-185l-spirala-3kw-adc-wdg-r290-230v-9kw","status":"publish","type":"product","link":"https:\/\/klimavex.eu\/cz\/katalog\/tepelne-cerpadlo-panasonic-aquarea-l-gen-aio-hydrosplit-nadrz-185l-spirala-3kw-adc-wdg-r290-230v-9kw\/","title":{"rendered":"Tepeln\u00e9 \u010derpadlo Panasonic Aquarea L-gen AiO hydrosplit (n\u00e1dr\u017e 185l) (spir\u00e1la 3kW) ADC\/WDG R290 230V 9kW"},"content":{"rendered":"<p style=\"text-align:justify\"><span style=\"font-size:11pt\"><span style=\"font-family:Calibri,sans-serif\"><strong>Kl&iacute;\u010dov&eacute; vlastnosti<\/strong><\/span><\/span><\/p>\n<ul>\n<li style=\"text-align: justify;\"><span style=\"font-size:11pt\"><span style=\"font-family:Calibri,sans-serif\">P\u0159&iacute;rodn&iacute; chladivo R290 s&nbsp;potenci&aacute;lem glob&aacute;ln&iacute;ho oteplov&aacute;n&iacute; GWP&nbsp;=&nbsp;3<\/span><\/span><\/li>\n<li style=\"text-align: justify;\"><span style=\"font-size:11pt\"><span style=\"font-family:Calibri,sans-serif\">A+++ v&nbsp;re\u017eimu vyt&aacute;p\u011bn&iacute; p\u0159i 35&deg;C a&nbsp;A+ v&nbsp;re\u017eimu p\u0159&iacute;pravy tepl&eacute; vody&nbsp;<\/span><\/span><\/li>\n<li style=\"text-align: justify;\"><span style=\"font-size:11pt\"><span style=\"font-family:Calibri,sans-serif\">Tepl&aacute; voda a\u017e 65&deg;C bez oh\u0159&iacute;va\u010de<\/span><\/span><\/li>\n<li style=\"text-align: justify;\"><span style=\"font-size:11pt\"><span style=\"font-family:Calibri,sans-serif\">Z&aacute;sobn&iacute;k tepl&eacute; vody 185l z&nbsp;nerezov&eacute; oceli s&nbsp;izola\u010dn&iacute;m panelem U-Vacua&trade;<\/span><\/span><\/li>\n<li style=\"text-align: justify;\"><span style=\"font-size:11pt\"><span style=\"font-family:Calibri,sans-serif\">COP TUV a\u017e 3,60<\/span><\/span><\/li>\n<li style=\"text-align: justify;\"><span style=\"font-size:11pt\"><span style=\"font-family:Calibri,sans-serif\">Hydraulick&eacute; spojen&iacute; mezi vnit\u0159n&iacute; a&nbsp;venkovn&iacute; jednotkou<\/span><\/span><\/li>\n<li style=\"text-align: justify;\"><span style=\"font-size:11pt\"><span style=\"font-family:Calibri,sans-serif\">Vestav\u011bn&yacute; magnetick&yacute; vodn&iacute; filtr<\/span><\/span><\/li>\n<li style=\"text-align: justify;\"><span style=\"font-size:11pt\"><span style=\"font-family:Calibri,sans-serif\">Provoz bez z&aacute;lo\u017en&iacute;ho oh\u0159&iacute;va\u010de p\u0159i venkovn&iacute; teplot\u011b &ndash;25&deg;C<\/span><\/span><\/li>\n<li style=\"text-align: justify;\"><span style=\"font-size:11pt\"><span style=\"font-family:Calibri,sans-serif\">Maxim&aacute;ln&iacute; v&yacute;stupn&iacute; teplota vody 75&deg;C p\u0159i venkovn&iacute; teplot\u011b &minus;10&deg;C<\/span><\/span><\/li>\n<li style=\"text-align: justify;\"><span style=\"font-size:11pt\"><span style=\"font-family:Calibri,sans-serif\">Tepl&aacute; voda s&nbsp;teplotou 55&deg;C i&nbsp;p\u0159i venkovn&iacute; teplot\u011b &minus;25&deg;C<\/span><\/span><\/li>\n<li style=\"text-align: justify;\"><span style=\"font-size:11pt\"><span style=\"font-family:Calibri,sans-serif\">Optimalizovan&eacute; u\u017eivatelsk&eacute; rozhran&iacute; a&nbsp;vylep&scaron;en&eacute; funkce (ovl&aacute;d&aacute;n&iacute; 2&nbsp;z&oacute;n, bivalentn&iacute; ovl&aacute;d&aacute;n&iacute;)<\/span><\/span><\/li>\n<li style=\"text-align: justify;\"><span style=\"font-size:11pt\"><span style=\"font-family:Calibri,sans-serif\">Sou\u010d&aacute;st&iacute; adapt&eacute;r s&iacute;t\u011b Wi-Fi<\/span><\/span><\/li>\n<\/ul>\n","protected":false},"excerpt":{"rendered":"<p style=\"text-align:justify\"><span style=\"font-size:11pt\"><span style=\"font-family:Calibri,sans-serif\">Tepeln&eacute; \u010derpadlo <strong>Panasonic Aquarea L-generace<\/strong> je &scaron;pi\u010dkov&yacute; syst&eacute;m s&nbsp;n&iacute;zkou spot\u0159ebou energie pro vyt&aacute;p\u011bn&iacute;, chlazen&iacute; a p\u0159&iacute;pravu tepl&eacute; u\u017eitkov&eacute; vody, kter&yacute; zaru\u010duje <strong>v&yacute;jime\u010dn&yacute; v&yacute;kon i p\u0159i extr&eacute;mn&iacute;ch venkovn&iacute;ch teplot&aacute;ch<\/strong>. Tyto jednotky v&nbsp;proveden&iacute; <strong>split ALL IN ONE (z&aacute;sobn&iacute;k na TUV 185l)<\/strong> nab&iacute;z&iacute; revoluci designu, efektivity, konektivity a udr\u017eitelnosti. Antracitov\u011b &scaron;ed&eacute; venkovn&iacute; jednotky byly kompletn\u011b p\u0159epracov&aacute;ny s&nbsp;inovativn&iacute;m designem, kter&yacute; se p\u0159izp\u016fsob&iacute; ka\u017ed&eacute;mu prostoru. Vnit\u0159n&iacute; jednotky s&nbsp;<strong>integrovan&yacute;m ovl&aacute;dac&iacute;m panelem<\/strong> jsou jemn\u011b b&iacute;l&eacute; s&nbsp;elegantn&iacute;m \u010dern&yacute;m p&aacute;sem. Generace L je navr\u017eena s&nbsp;p\u0159&iacute;rodn&iacute;m <strong>chladivem R290 s&nbsp;GWP 3<\/strong>.<\/span><\/span><\/p>\n","protected":false},"featured_media":541542,"template":"","meta":[],"product_cat":[7751,7750,7761,7768],"product_tag":[],"class_list":{"0":"post-540419","1":"product","2":"type-product","3":"status-publish","4":"has-post-thumbnail","6":"product_cat-panasonic-tepelna-cerpadla","7":"product_cat-tepelna-cerpadla","8":"product_cat-split-hydrosplit-all-in-one","9":"product_cat-hydrosplit-all-in-one-l-generace-r290","10":"pa_extra-funkce-aio-l-gen","11":"pa_max-vystupni-voda-11214","12":"pa_napajeni-1f-230v","13":"pa_objem-nadrze-tuv-11233","14":"pa_provedeni-hydrosplit-aio-s-tuv","15":"pa_qch-pri-von-tep-35c-voda-7-11292","16":"pa_qvyk-pri-2c-vonk-35c-voda-11243","17":"pa_qvyk-pri-7c-vonk-35c-voda-11193","18":"pa_typ-chladiva-r290","19":"pa_ucinnost-cop-a-7-w35-11242","20":"pa_vyk-do-von-tepl-c-25-c","21":"pa_vykon-spiraly-kw-11196","22":"pa_vykonovy-model-kw-8-az-9kw","23":"pa_wifi-ovladani-volitelne","24":"pa_znacka-panasonic","26":"first","27":"instock","28":"taxable","29":"shipping-taxable","30":"purchasable","31":"product-type-simple"},"yoast_head":"<!-- This site is optimized with the Yoast SEO plugin v23.9 - https:\/\/yoast.com\/wordpress\/plugins\/seo\/ -->\n<title>Tepeln\u00e9 \u010derpadlo Panasonic Aquarea L-gen AiO hydrosplit (n\u00e1dr\u017e 185l) (spir\u00e1la 3kW) ADC\/WDG R290 230V 9kW - KLIMAVEX GROUP - \u010cesko<\/title>\n<meta name=\"robots\" content=\"index, follow, max-snippet:-1, max-image-preview:large, max-video-preview:-1\" \/>\n<link rel=\"canonical\" href=\"https:\/\/klimavex.eu\/cz\/katalog\/tepelne-cerpadlo-panasonic-aquarea-l-gen-aio-hydrosplit-nadrz-185l-spirala-3kw-adc-wdg-r290-230v-9kw\/\" \/>\n<meta property=\"og:locale\" content=\"cs_CZ\" \/>\n<meta property=\"og:type\" content=\"article\" \/>\n<meta property=\"og:title\" content=\"Tepeln\u00e9 \u010derpadlo Panasonic Aquarea L-gen AiO hydrosplit (n\u00e1dr\u017e 185l) (spir\u00e1la 3kW) ADC\/WDG R290 230V 9kW - KLIMAVEX GROUP - \u010cesko\" \/>\n<meta property=\"og:description\" content=\"Tepeln&eacute; \u010derpadlo Panasonic Aquarea L-generace je &scaron;pi\u010dkov&yacute; syst&eacute;m s&nbsp;n&iacute;zkou spot\u0159ebou energie pro vyt&aacute;p\u011bn&iacute;, chlazen&iacute; a p\u0159&iacute;pravu tepl&eacute; u\u017eitkov&eacute; vody, kter&yacute; zaru\u010duje v&yacute;jime\u010dn&yacute; v&yacute;kon i p\u0159i extr&eacute;mn&iacute;ch venkovn&iacute;ch teplot&aacute;ch. Tyto jednotky v&nbsp;proveden&iacute; split ALL IN ONE (z&aacute;sobn&iacute;k na TUV 185l) nab&iacute;z&iacute; revoluci designu, efektivity, konektivity a udr\u017eitelnosti. Antracitov\u011b &scaron;ed&eacute; venkovn&iacute; jednotky byly kompletn\u011b p\u0159epracov&aacute;ny s&nbsp;inovativn&iacute;m designem, kter&yacute; se p\u0159izp\u016fsob&iacute; ka\u017ed&eacute;mu prostoru. Vnit\u0159n&iacute; jednotky s&nbsp;integrovan&yacute;m ovl&aacute;dac&iacute;m panelem jsou jemn\u011b b&iacute;l&eacute; s&nbsp;elegantn&iacute;m \u010dern&yacute;m p&aacute;sem. Generace L je navr\u017eena s&nbsp;p\u0159&iacute;rodn&iacute;m chladivem R290 s&nbsp;GWP 3.\" \/>\n<meta property=\"og:url\" content=\"https:\/\/klimavex.eu\/cz\/katalog\/tepelne-cerpadlo-panasonic-aquarea-l-gen-aio-hydrosplit-nadrz-185l-spirala-3kw-adc-wdg-r290-230v-9kw\/\" \/>\n<meta property=\"og:site_name\" content=\"KLIMAVEX GROUP - \u010cesko\" \/>\n<meta property=\"article:publisher\" content=\"https:\/\/www.facebook.com\/klimavex.cz\" \/>\n<meta property=\"article:modified_time\" content=\"2026-04-07T16:03:06+00:00\" \/>\n<meta property=\"og:image\" content=\"https:\/\/klimavex.eu\/cz\/wp-content\/uploads\/2025\/09\/Hkbyq3BboBtKUAUyu01QQZdinS7Uw_AlBzvFZOfTDI.jpeg\" \/>\n\t<meta property=\"og:image:width\" content=\"400\" \/>\n\t<meta property=\"og:image:height\" content=\"400\" \/>\n\t<meta property=\"og:image:type\" content=\"image\/jpeg\" \/>\n<meta name=\"twitter:card\" content=\"summary_large_image\" \/>\n<meta name=\"twitter:label1\" content=\"Odhadovan\u00e1 doba \u010dten\u00ed\" \/>\n\t<meta name=\"twitter:data1\" content=\"1 minuta\" \/>\n<script type=\"application\/ld+json\" class=\"yoast-schema-graph\">{\"@context\":\"https:\/\/schema.org\",\"@graph\":[{\"@type\":\"WebPage\",\"@id\":\"https:\/\/klimavex.eu\/cz\/katalog\/tepelne-cerpadlo-panasonic-aquarea-l-gen-aio-hydrosplit-nadrz-185l-spirala-3kw-adc-wdg-r290-230v-9kw\/\",\"url\":\"https:\/\/klimavex.eu\/cz\/katalog\/tepelne-cerpadlo-panasonic-aquarea-l-gen-aio-hydrosplit-nadrz-185l-spirala-3kw-adc-wdg-r290-230v-9kw\/\",\"name\":\"Tepeln\u00e9 \u010derpadlo Panasonic Aquarea L-gen AiO hydrosplit (n\u00e1dr\u017e 185l) (spir\u00e1la 3kW) ADC\/WDG R290 230V 9kW - KLIMAVEX GROUP - \u010cesko\",\"isPartOf\":{\"@id\":\"https:\/\/klimavex.eu\/cz\/#website\"},\"primaryImageOfPage\":{\"@id\":\"https:\/\/klimavex.eu\/cz\/katalog\/tepelne-cerpadlo-panasonic-aquarea-l-gen-aio-hydrosplit-nadrz-185l-spirala-3kw-adc-wdg-r290-230v-9kw\/#primaryimage\"},\"image\":{\"@id\":\"https:\/\/klimavex.eu\/cz\/katalog\/tepelne-cerpadlo-panasonic-aquarea-l-gen-aio-hydrosplit-nadrz-185l-spirala-3kw-adc-wdg-r290-230v-9kw\/#primaryimage\"},\"thumbnailUrl\":\"https:\/\/klimavex.eu\/cz\/wp-content\/uploads\/2025\/09\/Hkbyq3BboBtKUAUyu01QQZdinS7Uw_AlBzvFZOfTDI.jpeg\",\"datePublished\":\"2026-04-07T16:03:05+00:00\",\"dateModified\":\"2026-04-07T16:03:06+00:00\",\"breadcrumb\":{\"@id\":\"https:\/\/klimavex.eu\/cz\/katalog\/tepelne-cerpadlo-panasonic-aquarea-l-gen-aio-hydrosplit-nadrz-185l-spirala-3kw-adc-wdg-r290-230v-9kw\/#breadcrumb\"},\"inLanguage\":\"cs\",\"potentialAction\":[{\"@type\":\"ReadAction\",\"target\":[\"https:\/\/klimavex.eu\/cz\/katalog\/tepelne-cerpadlo-panasonic-aquarea-l-gen-aio-hydrosplit-nadrz-185l-spirala-3kw-adc-wdg-r290-230v-9kw\/\"]}]},{\"@type\":\"ImageObject\",\"inLanguage\":\"cs\",\"@id\":\"https:\/\/klimavex.eu\/cz\/katalog\/tepelne-cerpadlo-panasonic-aquarea-l-gen-aio-hydrosplit-nadrz-185l-spirala-3kw-adc-wdg-r290-230v-9kw\/#primaryimage\",\"url\":\"https:\/\/klimavex.eu\/cz\/wp-content\/uploads\/2025\/09\/Hkbyq3BboBtKUAUyu01QQZdinS7Uw_AlBzvFZOfTDI.jpeg\",\"contentUrl\":\"https:\/\/klimavex.eu\/cz\/wp-content\/uploads\/2025\/09\/Hkbyq3BboBtKUAUyu01QQZdinS7Uw_AlBzvFZOfTDI.jpeg\",\"width\":400,\"height\":400},{\"@type\":\"BreadcrumbList\",\"@id\":\"https:\/\/klimavex.eu\/cz\/katalog\/tepelne-cerpadlo-panasonic-aquarea-l-gen-aio-hydrosplit-nadrz-185l-spirala-3kw-adc-wdg-r290-230v-9kw\/#breadcrumb\",\"itemListElement\":[{\"@type\":\"ListItem\",\"position\":1,\"name\":\"Domovsk\u00e1 str\u00e1nka\",\"item\":\"https:\/\/klimavex.eu\/cz\/\"},{\"@type\":\"ListItem\",\"position\":2,\"name\":\"Eshop\",\"item\":\"https:\/\/klimavex.eu\/cz\/eshop\/\"},{\"@type\":\"ListItem\",\"position\":3,\"name\":\"Tepeln\u00e9 \u010derpadlo Panasonic Aquarea L-gen AiO hydrosplit (n\u00e1dr\u017e 185l) (spir\u00e1la 3kW) ADC\/WDG R290 230V 9kW\"}]},{\"@type\":\"WebSite\",\"@id\":\"https:\/\/klimavex.eu\/cz\/#website\",\"url\":\"https:\/\/klimavex.eu\/cz\/\",\"name\":\"KLIMAVEX GROUP - \u010cesko\",\"description\":\"\",\"publisher\":{\"@id\":\"https:\/\/klimavex.eu\/cz\/#organization\"},\"alternateName\":\"KLIMAVEX CZ a.s.\",\"potentialAction\":[{\"@type\":\"SearchAction\",\"target\":{\"@type\":\"EntryPoint\",\"urlTemplate\":\"https:\/\/klimavex.eu\/cz\/?s={search_term_string}\"},\"query-input\":{\"@type\":\"PropertyValueSpecification\",\"valueRequired\":true,\"valueName\":\"search_term_string\"}}],\"inLanguage\":\"cs\"},{\"@type\":\"Organization\",\"@id\":\"https:\/\/klimavex.eu\/cz\/#organization\",\"name\":\"KLIMAVEX GROUP\",\"alternateName\":\"KLIMAVEX\",\"url\":\"https:\/\/klimavex.eu\/cz\/\",\"logo\":{\"@type\":\"ImageObject\",\"inLanguage\":\"cs\",\"@id\":\"https:\/\/klimavex.eu\/cz\/#\/schema\/logo\/image\/\",\"url\":\"https:\/\/klimavex.eu\/cz\/wp-content\/uploads\/2024\/04\/Klimavex-Group-logo.png\",\"contentUrl\":\"https:\/\/klimavex.eu\/cz\/wp-content\/uploads\/2024\/04\/Klimavex-Group-logo.png\",\"width\":1681,\"height\":472,\"caption\":\"KLIMAVEX GROUP\"},\"image\":{\"@id\":\"https:\/\/klimavex.eu\/cz\/#\/schema\/logo\/image\/\"},\"sameAs\":[\"https:\/\/www.facebook.com\/klimavex.cz\",\"https:\/\/www.instagram.com\/klimavex_cz\/\"]}]}<\/script>\n<!-- \/ Yoast SEO plugin. -->","yoast_head_json":{"title":"Tepeln\u00e9 \u010derpadlo Panasonic Aquarea L-gen AiO hydrosplit (n\u00e1dr\u017e 185l) (spir\u00e1la 3kW) ADC\/WDG R290 230V 9kW - KLIMAVEX GROUP - \u010cesko","robots":{"index":"index","follow":"follow","max-snippet":"max-snippet:-1","max-image-preview":"max-image-preview:large","max-video-preview":"max-video-preview:-1"},"canonical":"https:\/\/klimavex.eu\/cz\/katalog\/tepelne-cerpadlo-panasonic-aquarea-l-gen-aio-hydrosplit-nadrz-185l-spirala-3kw-adc-wdg-r290-230v-9kw\/","og_locale":"cs_CZ","og_type":"article","og_title":"Tepeln\u00e9 \u010derpadlo Panasonic Aquarea L-gen AiO hydrosplit (n\u00e1dr\u017e 185l) (spir\u00e1la 3kW) ADC\/WDG R290 230V 9kW - KLIMAVEX GROUP - \u010cesko","og_description":"Tepeln&eacute; \u010derpadlo Panasonic Aquarea L-generace je &scaron;pi\u010dkov&yacute; syst&eacute;m s&nbsp;n&iacute;zkou spot\u0159ebou energie pro vyt&aacute;p\u011bn&iacute;, chlazen&iacute; a p\u0159&iacute;pravu tepl&eacute; u\u017eitkov&eacute; vody, kter&yacute; zaru\u010duje v&yacute;jime\u010dn&yacute; v&yacute;kon i p\u0159i extr&eacute;mn&iacute;ch venkovn&iacute;ch teplot&aacute;ch. Tyto jednotky v&nbsp;proveden&iacute; split ALL IN ONE (z&aacute;sobn&iacute;k na TUV 185l) nab&iacute;z&iacute; revoluci designu, efektivity, konektivity a udr\u017eitelnosti. Antracitov\u011b &scaron;ed&eacute; venkovn&iacute; jednotky byly kompletn\u011b p\u0159epracov&aacute;ny s&nbsp;inovativn&iacute;m designem, kter&yacute; se p\u0159izp\u016fsob&iacute; ka\u017ed&eacute;mu prostoru. Vnit\u0159n&iacute; jednotky s&nbsp;integrovan&yacute;m ovl&aacute;dac&iacute;m panelem jsou jemn\u011b b&iacute;l&eacute; s&nbsp;elegantn&iacute;m \u010dern&yacute;m p&aacute;sem. Generace L je navr\u017eena s&nbsp;p\u0159&iacute;rodn&iacute;m chladivem R290 s&nbsp;GWP 3.","og_url":"https:\/\/klimavex.eu\/cz\/katalog\/tepelne-cerpadlo-panasonic-aquarea-l-gen-aio-hydrosplit-nadrz-185l-spirala-3kw-adc-wdg-r290-230v-9kw\/","og_site_name":"KLIMAVEX GROUP - \u010cesko","article_publisher":"https:\/\/www.facebook.com\/klimavex.cz","article_modified_time":"2026-04-07T16:03:06+00:00","og_image":[{"width":400,"height":400,"url":"https:\/\/klimavex.eu\/cz\/wp-content\/uploads\/2025\/09\/Hkbyq3BboBtKUAUyu01QQZdinS7Uw_AlBzvFZOfTDI.jpeg","type":"image\/jpeg"}],"twitter_card":"summary_large_image","twitter_misc":{"Odhadovan\u00e1 doba \u010dten\u00ed":"1 minuta"},"schema":{"@context":"https:\/\/schema.org","@graph":[{"@type":"WebPage","@id":"https:\/\/klimavex.eu\/cz\/katalog\/tepelne-cerpadlo-panasonic-aquarea-l-gen-aio-hydrosplit-nadrz-185l-spirala-3kw-adc-wdg-r290-230v-9kw\/","url":"https:\/\/klimavex.eu\/cz\/katalog\/tepelne-cerpadlo-panasonic-aquarea-l-gen-aio-hydrosplit-nadrz-185l-spirala-3kw-adc-wdg-r290-230v-9kw\/","name":"Tepeln\u00e9 \u010derpadlo Panasonic Aquarea L-gen AiO hydrosplit (n\u00e1dr\u017e 185l) (spir\u00e1la 3kW) ADC\/WDG R290 230V 9kW - KLIMAVEX GROUP - \u010cesko","isPartOf":{"@id":"https:\/\/klimavex.eu\/cz\/#website"},"primaryImageOfPage":{"@id":"https:\/\/klimavex.eu\/cz\/katalog\/tepelne-cerpadlo-panasonic-aquarea-l-gen-aio-hydrosplit-nadrz-185l-spirala-3kw-adc-wdg-r290-230v-9kw\/#primaryimage"},"image":{"@id":"https:\/\/klimavex.eu\/cz\/katalog\/tepelne-cerpadlo-panasonic-aquarea-l-gen-aio-hydrosplit-nadrz-185l-spirala-3kw-adc-wdg-r290-230v-9kw\/#primaryimage"},"thumbnailUrl":"https:\/\/klimavex.eu\/cz\/wp-content\/uploads\/2025\/09\/Hkbyq3BboBtKUAUyu01QQZdinS7Uw_AlBzvFZOfTDI.jpeg","datePublished":"2026-04-07T16:03:05+00:00","dateModified":"2026-04-07T16:03:06+00:00","breadcrumb":{"@id":"https:\/\/klimavex.eu\/cz\/katalog\/tepelne-cerpadlo-panasonic-aquarea-l-gen-aio-hydrosplit-nadrz-185l-spirala-3kw-adc-wdg-r290-230v-9kw\/#breadcrumb"},"inLanguage":"cs","potentialAction":[{"@type":"ReadAction","target":["https:\/\/klimavex.eu\/cz\/katalog\/tepelne-cerpadlo-panasonic-aquarea-l-gen-aio-hydrosplit-nadrz-185l-spirala-3kw-adc-wdg-r290-230v-9kw\/"]}]},{"@type":"ImageObject","inLanguage":"cs","@id":"https:\/\/klimavex.eu\/cz\/katalog\/tepelne-cerpadlo-panasonic-aquarea-l-gen-aio-hydrosplit-nadrz-185l-spirala-3kw-adc-wdg-r290-230v-9kw\/#primaryimage","url":"https:\/\/klimavex.eu\/cz\/wp-content\/uploads\/2025\/09\/Hkbyq3BboBtKUAUyu01QQZdinS7Uw_AlBzvFZOfTDI.jpeg","contentUrl":"https:\/\/klimavex.eu\/cz\/wp-content\/uploads\/2025\/09\/Hkbyq3BboBtKUAUyu01QQZdinS7Uw_AlBzvFZOfTDI.jpeg","width":400,"height":400},{"@type":"BreadcrumbList","@id":"https:\/\/klimavex.eu\/cz\/katalog\/tepelne-cerpadlo-panasonic-aquarea-l-gen-aio-hydrosplit-nadrz-185l-spirala-3kw-adc-wdg-r290-230v-9kw\/#breadcrumb","itemListElement":[{"@type":"ListItem","position":1,"name":"Domovsk\u00e1 str\u00e1nka","item":"https:\/\/klimavex.eu\/cz\/"},{"@type":"ListItem","position":2,"name":"Eshop","item":"https:\/\/klimavex.eu\/cz\/eshop\/"},{"@type":"ListItem","position":3,"name":"Tepeln\u00e9 \u010derpadlo Panasonic Aquarea L-gen AiO hydrosplit (n\u00e1dr\u017e 185l) (spir\u00e1la 3kW) ADC\/WDG R290 230V 9kW"}]},{"@type":"WebSite","@id":"https:\/\/klimavex.eu\/cz\/#website","url":"https:\/\/klimavex.eu\/cz\/","name":"KLIMAVEX GROUP - \u010cesko","description":"","publisher":{"@id":"https:\/\/klimavex.eu\/cz\/#organization"},"alternateName":"KLIMAVEX CZ a.s.","potentialAction":[{"@type":"SearchAction","target":{"@type":"EntryPoint","urlTemplate":"https:\/\/klimavex.eu\/cz\/?s={search_term_string}"},"query-input":{"@type":"PropertyValueSpecification","valueRequired":true,"valueName":"search_term_string"}}],"inLanguage":"cs"},{"@type":"Organization","@id":"https:\/\/klimavex.eu\/cz\/#organization","name":"KLIMAVEX GROUP","alternateName":"KLIMAVEX","url":"https:\/\/klimavex.eu\/cz\/","logo":{"@type":"ImageObject","inLanguage":"cs","@id":"https:\/\/klimavex.eu\/cz\/#\/schema\/logo\/image\/","url":"https:\/\/klimavex.eu\/cz\/wp-content\/uploads\/2024\/04\/Klimavex-Group-logo.png","contentUrl":"https:\/\/klimavex.eu\/cz\/wp-content\/uploads\/2024\/04\/Klimavex-Group-logo.png","width":1681,"height":472,"caption":"KLIMAVEX GROUP"},"image":{"@id":"https:\/\/klimavex.eu\/cz\/#\/schema\/logo\/image\/"},"sameAs":["https:\/\/www.facebook.com\/klimavex.cz","https:\/\/www.instagram.com\/klimavex_cz\/"]}]}},"_links":{"self":[{"href":"https:\/\/klimavex.eu\/cz\/wp-json\/wp\/v2\/product\/540419","targetHints":{"allow":["GET"]}}],"collection":[{"href":"https:\/\/klimavex.eu\/cz\/wp-json\/wp\/v2\/product"}],"about":[{"href":"https:\/\/klimavex.eu\/cz\/wp-json\/wp\/v2\/types\/product"}],"version-history":[{"count":0,"href":"https:\/\/klimavex.eu\/cz\/wp-json\/wp\/v2\/product\/540419\/revisions"}],"wp:featuredmedia":[{"embeddable":true,"href":"https:\/\/klimavex.eu\/cz\/wp-json\/wp\/v2\/media\/541542"}],"wp:attachment":[{"href":"https:\/\/klimavex.eu\/cz\/wp-json\/wp\/v2\/media?parent=540419"}],"wp:term":[{"taxonomy":"product_cat","embeddable":true,"href":"https:\/\/klimavex.eu\/cz\/wp-json\/wp\/v2\/product_cat?post=540419"},{"taxonomy":"product_tag","embeddable":true,"href":"https:\/\/klimavex.eu\/cz\/wp-json\/wp\/v2\/product_tag?post=540419"}],"curies":[{"name":"wp","href":"https:\/\/api.w.org\/{rel}","templated":true}]}}