{"id":540441,"date":"2026-04-02T15:55:43","date_gmt":"2026-04-02T13:55:43","guid":{"rendered":"https:\/\/klimavex.eu\/cz\/katalog\/tepelne-cerpadlo-panasonic-aquarea-adc-aio-h-gen-185l-16kw-3f\/"},"modified":"2026-04-02T15:56:11","modified_gmt":"2026-04-02T13:56:11","slug":"tepelne-cerpadlo-panasonic-aquarea-adc-aio-h-gen-185l-16kw-3f","status":"publish","type":"product","link":"https:\/\/klimavex.eu\/cz\/katalog\/tepelne-cerpadlo-panasonic-aquarea-adc-aio-h-gen-185l-16kw-3f\/","title":{"rendered":"Tepeln\u00e9 \u010derpadlo Panasonic Aquarea ADC AiO H-gen (185l) 16kW (3f)"},"content":{"rendered":"<p style=\"text-align:justify\"><span style=\"font-size:11pt\"><span style=\"font-family:Calibri,sans-serif\"><strong>Kl&iacute;\u010dov&eacute; vlastnosti<\/strong><\/span><\/span><\/p>\n<ul>\n<li style=\"text-align: justify;\"><span style=\"font-size:11pt\"><span style=\"font-family:Calibri,sans-serif\">A+++ v&nbsp;re\u017eimu vyt&aacute;p\u011bn&iacute; p\u0159i 35&deg;C a&nbsp;A+ v&nbsp;re\u017eimu p\u0159&iacute;pravy TUV<\/span><\/span><\/li>\n<li style=\"text-align: justify;\"><span style=\"font-size:11pt\"><span style=\"font-family:Calibri,sans-serif\">Vodn&iacute; \u010derpadlo s&nbsp;prom\u011bnn&yacute;mi ot&aacute;\u010dkami t\u0159&iacute;dy &bdquo;A&ldquo;<\/span><\/span><\/li>\n<li style=\"text-align: justify;\"><span style=\"font-size:11pt\"><span style=\"font-family:Calibri,sans-serif\">Z&aacute;sobn&iacute;k tepl&eacute; vody 185l z&nbsp;nerezov&eacute; oceli s&nbsp;izola\u010dn&iacute;m panelem U-Vacua&trade;<\/span><\/span><\/li>\n<li style=\"text-align: justify;\"><span style=\"font-size:11pt\"><span style=\"font-family:Calibri,sans-serif\">Vestav\u011bn&yacute; pr\u016ftokom\u011br<\/span><\/span><\/li>\n<li style=\"text-align: justify;\"><span style=\"font-size:11pt\"><span style=\"font-family:Calibri,sans-serif\">Voliteln&yacute; magnet pro vodn&iacute; filtr<\/span><\/span><\/li>\n<li style=\"text-align: justify;\"><span style=\"font-size:11pt\"><span style=\"font-family:Calibri,sans-serif\">Provozn&iacute; rozsah a\u017e do &ndash;20&deg;C<\/span><\/span><\/li>\n<li style=\"text-align: justify;\"><span style=\"font-size:11pt\"><span style=\"font-family:Calibri,sans-serif\">Dal&scaron;&iacute; funkce s&nbsp;volitelnou obvodovou deskou (ovl&aacute;d&aacute;n&iacute; 2&nbsp;z&oacute;n, bivalentn&iacute; ovl&aacute;d&aacute;n&iacute;, kontakt pro chytrou s&iacute;\u0165 a&nbsp;dal&scaron;&iacute;)<\/span><\/span><\/li>\n<li style=\"text-align: justify;\"><span style=\"font-size:11pt\"><span style=\"font-family:Calibri,sans-serif\">Voliteln&eacute; syst&eacute;my Aquarea Smart a&nbsp;Service Cloud a&nbsp;integrace do projekt\u016f se syst&eacute;my spr&aacute;vy budov<\/span><\/span><\/li>\n<\/ul>\n","protected":false},"excerpt":{"rendered":"<p style=\"text-align:justify\"><span style=\"font-size:11pt\"><span style=\"font-family:Calibri,sans-serif\">Tepeln&eacute; \u010derpadlo <strong>Panasonic Aquarea H-generace<\/strong> je inovativn&iacute; n&iacute;zkoenergetick&yacute; syst&eacute;m zalo\u017een&yacute; na technologii <strong>vzduch-voda<\/strong>. Tyto jednotky v&nbsp;proveden&iacute; <strong>split ALL IN ONE (z&aacute;sobn&iacute;k na TUV 185l)<\/strong> nab&iacute;z&iacute; efektivn&iacute; a &uacute;\u010dinn&eacute; vyt&aacute;p\u011bn&iacute; dom&aacute;cnost&iacute; i <strong>p\u0159i extr&eacute;mn&iacute;ch venkovn&iacute;ch teplot&aacute;ch<\/strong>. Krom\u011b toho mohou jednotky tak&eacute; v&nbsp;l&eacute;t\u011b chladit prostory a celoro\u010dn\u011b vyr&aacute;b\u011bt teplou vodu. U\u017e&iacute;v&aacute; se <strong>chladivo R410A<\/strong>.<\/span><\/span><\/p>\n","protected":false},"featured_media":541628,"template":"","meta":[],"product_cat":[7751,10779,7750,7761,14555,10780,10772],"product_tag":[],"class_list":{"0":"post-540441","1":"product","2":"type-product","3":"status-publish","4":"has-post-thumbnail","6":"product_cat-panasonic-tepelna-cerpadla","7":"product_cat-tepelna-cerpadla-doprodej","8":"product_cat-tepelna-cerpadla","9":"product_cat-split-hydrosplit-all-in-one","10":"product_cat-split-all-in-one-h-generace-r410a","11":"product_cat-doprodej-tepelna-cerpadla","12":"product_cat-doprodej","13":"pa_extra-funkce-aio-h-gen","14":"pa_label-dopredaj","15":"pa_max-vystupni-voda-11200","16":"pa_napajeni-3f-400v","17":"pa_objem-nadrze-tuv-11233","18":"pa_provedeni-split-aio-s-tuv","19":"pa_qch-pri-von-tep-35c-voda-7-11299","20":"pa_qvyk-pri-2c-vonk-35c-voda-11298","21":"pa_qvyk-pri-7c-vonk-35c-voda-11237","22":"pa_typ-chladiva-r410a","23":"pa_ucinnost-cop-a-7-w35-11297","24":"pa_vyk-do-von-tepl-c-20-c","25":"pa_vykon-spiraly-kw-11231","26":"pa_vykonovy-model-kw-16kw","27":"pa_wifi-ovladani-volitelne","28":"pa_znacka-panasonic","30":"first","31":"instock","32":"taxable","33":"shipping-taxable","34":"purchasable","35":"product-type-simple"},"yoast_head":"<!-- This site is optimized with the Yoast SEO plugin v23.9 - https:\/\/yoast.com\/wordpress\/plugins\/seo\/ -->\n<title>Tepeln\u00e9 \u010derpadlo Panasonic Aquarea ADC AiO H-gen (185l) 16kW (3f) - KLIMAVEX GROUP - \u010cesko<\/title>\n<meta name=\"robots\" content=\"index, follow, max-snippet:-1, max-image-preview:large, max-video-preview:-1\" \/>\n<link rel=\"canonical\" href=\"https:\/\/klimavex.eu\/cz\/katalog\/tepelne-cerpadlo-panasonic-aquarea-adc-aio-h-gen-185l-16kw-3f\/\" \/>\n<meta property=\"og:locale\" content=\"cs_CZ\" \/>\n<meta property=\"og:type\" content=\"article\" \/>\n<meta property=\"og:title\" content=\"Tepeln\u00e9 \u010derpadlo Panasonic Aquarea ADC AiO H-gen (185l) 16kW (3f) - KLIMAVEX GROUP - \u010cesko\" \/>\n<meta property=\"og:description\" content=\"Tepeln&eacute; \u010derpadlo Panasonic Aquarea H-generace je inovativn&iacute; n&iacute;zkoenergetick&yacute; syst&eacute;m zalo\u017een&yacute; na technologii vzduch-voda. Tyto jednotky v&nbsp;proveden&iacute; split ALL IN ONE (z&aacute;sobn&iacute;k na TUV 185l) nab&iacute;z&iacute; efektivn&iacute; a &uacute;\u010dinn&eacute; vyt&aacute;p\u011bn&iacute; dom&aacute;cnost&iacute; i p\u0159i extr&eacute;mn&iacute;ch venkovn&iacute;ch teplot&aacute;ch. Krom\u011b toho mohou jednotky tak&eacute; v&nbsp;l&eacute;t\u011b chladit prostory a celoro\u010dn\u011b vyr&aacute;b\u011bt teplou vodu. U\u017e&iacute;v&aacute; se chladivo R410A.\" \/>\n<meta property=\"og:url\" content=\"https:\/\/klimavex.eu\/cz\/katalog\/tepelne-cerpadlo-panasonic-aquarea-adc-aio-h-gen-185l-16kw-3f\/\" \/>\n<meta property=\"og:site_name\" content=\"KLIMAVEX GROUP - \u010cesko\" \/>\n<meta property=\"article:publisher\" content=\"https:\/\/www.facebook.com\/klimavex.cz\" \/>\n<meta property=\"article:modified_time\" content=\"2026-04-02T13:56:11+00:00\" \/>\n<meta property=\"og:image\" content=\"https:\/\/klimavex.eu\/cz\/wp-content\/uploads\/2025\/09\/kFb89vrpcu-okaU-J2wF84T2vKIHBp9NKhPpaSq9aMI.jpeg\" \/>\n\t<meta property=\"og:image:width\" content=\"512\" \/>\n\t<meta property=\"og:image:height\" content=\"724\" \/>\n\t<meta property=\"og:image:type\" content=\"image\/jpeg\" \/>\n<meta name=\"twitter:card\" content=\"summary_large_image\" \/>\n<meta name=\"twitter:label1\" content=\"Odhadovan\u00e1 doba \u010dten\u00ed\" \/>\n\t<meta name=\"twitter:data1\" content=\"1 minuta\" \/>\n<script type=\"application\/ld+json\" class=\"yoast-schema-graph\">{\"@context\":\"https:\/\/schema.org\",\"@graph\":[{\"@type\":\"WebPage\",\"@id\":\"https:\/\/klimavex.eu\/cz\/katalog\/tepelne-cerpadlo-panasonic-aquarea-adc-aio-h-gen-185l-16kw-3f\/\",\"url\":\"https:\/\/klimavex.eu\/cz\/katalog\/tepelne-cerpadlo-panasonic-aquarea-adc-aio-h-gen-185l-16kw-3f\/\",\"name\":\"Tepeln\u00e9 \u010derpadlo Panasonic Aquarea ADC AiO H-gen (185l) 16kW (3f) - KLIMAVEX GROUP - \u010cesko\",\"isPartOf\":{\"@id\":\"https:\/\/klimavex.eu\/cz\/#website\"},\"primaryImageOfPage\":{\"@id\":\"https:\/\/klimavex.eu\/cz\/katalog\/tepelne-cerpadlo-panasonic-aquarea-adc-aio-h-gen-185l-16kw-3f\/#primaryimage\"},\"image\":{\"@id\":\"https:\/\/klimavex.eu\/cz\/katalog\/tepelne-cerpadlo-panasonic-aquarea-adc-aio-h-gen-185l-16kw-3f\/#primaryimage\"},\"thumbnailUrl\":\"https:\/\/klimavex.eu\/cz\/wp-content\/uploads\/2025\/09\/kFb89vrpcu-okaU-J2wF84T2vKIHBp9NKhPpaSq9aMI.jpeg\",\"datePublished\":\"2026-04-02T13:55:43+00:00\",\"dateModified\":\"2026-04-02T13:56:11+00:00\",\"breadcrumb\":{\"@id\":\"https:\/\/klimavex.eu\/cz\/katalog\/tepelne-cerpadlo-panasonic-aquarea-adc-aio-h-gen-185l-16kw-3f\/#breadcrumb\"},\"inLanguage\":\"cs\",\"potentialAction\":[{\"@type\":\"ReadAction\",\"target\":[\"https:\/\/klimavex.eu\/cz\/katalog\/tepelne-cerpadlo-panasonic-aquarea-adc-aio-h-gen-185l-16kw-3f\/\"]}]},{\"@type\":\"ImageObject\",\"inLanguage\":\"cs\",\"@id\":\"https:\/\/klimavex.eu\/cz\/katalog\/tepelne-cerpadlo-panasonic-aquarea-adc-aio-h-gen-185l-16kw-3f\/#primaryimage\",\"url\":\"https:\/\/klimavex.eu\/cz\/wp-content\/uploads\/2025\/09\/kFb89vrpcu-okaU-J2wF84T2vKIHBp9NKhPpaSq9aMI.jpeg\",\"contentUrl\":\"https:\/\/klimavex.eu\/cz\/wp-content\/uploads\/2025\/09\/kFb89vrpcu-okaU-J2wF84T2vKIHBp9NKhPpaSq9aMI.jpeg\",\"width\":512,\"height\":724},{\"@type\":\"BreadcrumbList\",\"@id\":\"https:\/\/klimavex.eu\/cz\/katalog\/tepelne-cerpadlo-panasonic-aquarea-adc-aio-h-gen-185l-16kw-3f\/#breadcrumb\",\"itemListElement\":[{\"@type\":\"ListItem\",\"position\":1,\"name\":\"Domovsk\u00e1 str\u00e1nka\",\"item\":\"https:\/\/klimavex.eu\/cz\/\"},{\"@type\":\"ListItem\",\"position\":2,\"name\":\"Eshop\",\"item\":\"https:\/\/klimavex.eu\/cz\/eshop\/\"},{\"@type\":\"ListItem\",\"position\":3,\"name\":\"Tepeln\u00e9 \u010derpadlo Panasonic Aquarea ADC AiO H-gen (185l) 16kW (3f)\"}]},{\"@type\":\"WebSite\",\"@id\":\"https:\/\/klimavex.eu\/cz\/#website\",\"url\":\"https:\/\/klimavex.eu\/cz\/\",\"name\":\"KLIMAVEX GROUP - \u010cesko\",\"description\":\"\",\"publisher\":{\"@id\":\"https:\/\/klimavex.eu\/cz\/#organization\"},\"alternateName\":\"KLIMAVEX CZ a.s.\",\"potentialAction\":[{\"@type\":\"SearchAction\",\"target\":{\"@type\":\"EntryPoint\",\"urlTemplate\":\"https:\/\/klimavex.eu\/cz\/?s={search_term_string}\"},\"query-input\":{\"@type\":\"PropertyValueSpecification\",\"valueRequired\":true,\"valueName\":\"search_term_string\"}}],\"inLanguage\":\"cs\"},{\"@type\":\"Organization\",\"@id\":\"https:\/\/klimavex.eu\/cz\/#organization\",\"name\":\"KLIMAVEX GROUP\",\"alternateName\":\"KLIMAVEX\",\"url\":\"https:\/\/klimavex.eu\/cz\/\",\"logo\":{\"@type\":\"ImageObject\",\"inLanguage\":\"cs\",\"@id\":\"https:\/\/klimavex.eu\/cz\/#\/schema\/logo\/image\/\",\"url\":\"https:\/\/klimavex.eu\/cz\/wp-content\/uploads\/2024\/04\/Klimavex-Group-logo.png\",\"contentUrl\":\"https:\/\/klimavex.eu\/cz\/wp-content\/uploads\/2024\/04\/Klimavex-Group-logo.png\",\"width\":1681,\"height\":472,\"caption\":\"KLIMAVEX GROUP\"},\"image\":{\"@id\":\"https:\/\/klimavex.eu\/cz\/#\/schema\/logo\/image\/\"},\"sameAs\":[\"https:\/\/www.facebook.com\/klimavex.cz\",\"https:\/\/www.instagram.com\/klimavex_cz\/\"]}]}<\/script>\n<!-- \/ Yoast SEO plugin. -->","yoast_head_json":{"title":"Tepeln\u00e9 \u010derpadlo Panasonic Aquarea ADC AiO H-gen (185l) 16kW (3f) - KLIMAVEX GROUP - \u010cesko","robots":{"index":"index","follow":"follow","max-snippet":"max-snippet:-1","max-image-preview":"max-image-preview:large","max-video-preview":"max-video-preview:-1"},"canonical":"https:\/\/klimavex.eu\/cz\/katalog\/tepelne-cerpadlo-panasonic-aquarea-adc-aio-h-gen-185l-16kw-3f\/","og_locale":"cs_CZ","og_type":"article","og_title":"Tepeln\u00e9 \u010derpadlo Panasonic Aquarea ADC AiO H-gen (185l) 16kW (3f) - KLIMAVEX GROUP - \u010cesko","og_description":"Tepeln&eacute; \u010derpadlo Panasonic Aquarea H-generace je inovativn&iacute; n&iacute;zkoenergetick&yacute; syst&eacute;m zalo\u017een&yacute; na technologii vzduch-voda. Tyto jednotky v&nbsp;proveden&iacute; split ALL IN ONE (z&aacute;sobn&iacute;k na TUV 185l) nab&iacute;z&iacute; efektivn&iacute; a &uacute;\u010dinn&eacute; vyt&aacute;p\u011bn&iacute; dom&aacute;cnost&iacute; i p\u0159i extr&eacute;mn&iacute;ch venkovn&iacute;ch teplot&aacute;ch. Krom\u011b toho mohou jednotky tak&eacute; v&nbsp;l&eacute;t\u011b chladit prostory a celoro\u010dn\u011b vyr&aacute;b\u011bt teplou vodu. U\u017e&iacute;v&aacute; se chladivo R410A.","og_url":"https:\/\/klimavex.eu\/cz\/katalog\/tepelne-cerpadlo-panasonic-aquarea-adc-aio-h-gen-185l-16kw-3f\/","og_site_name":"KLIMAVEX GROUP - \u010cesko","article_publisher":"https:\/\/www.facebook.com\/klimavex.cz","article_modified_time":"2026-04-02T13:56:11+00:00","og_image":[{"width":512,"height":724,"url":"https:\/\/klimavex.eu\/cz\/wp-content\/uploads\/2025\/09\/kFb89vrpcu-okaU-J2wF84T2vKIHBp9NKhPpaSq9aMI.jpeg","type":"image\/jpeg"}],"twitter_card":"summary_large_image","twitter_misc":{"Odhadovan\u00e1 doba \u010dten\u00ed":"1 minuta"},"schema":{"@context":"https:\/\/schema.org","@graph":[{"@type":"WebPage","@id":"https:\/\/klimavex.eu\/cz\/katalog\/tepelne-cerpadlo-panasonic-aquarea-adc-aio-h-gen-185l-16kw-3f\/","url":"https:\/\/klimavex.eu\/cz\/katalog\/tepelne-cerpadlo-panasonic-aquarea-adc-aio-h-gen-185l-16kw-3f\/","name":"Tepeln\u00e9 \u010derpadlo Panasonic Aquarea ADC AiO H-gen (185l) 16kW (3f) - KLIMAVEX GROUP - \u010cesko","isPartOf":{"@id":"https:\/\/klimavex.eu\/cz\/#website"},"primaryImageOfPage":{"@id":"https:\/\/klimavex.eu\/cz\/katalog\/tepelne-cerpadlo-panasonic-aquarea-adc-aio-h-gen-185l-16kw-3f\/#primaryimage"},"image":{"@id":"https:\/\/klimavex.eu\/cz\/katalog\/tepelne-cerpadlo-panasonic-aquarea-adc-aio-h-gen-185l-16kw-3f\/#primaryimage"},"thumbnailUrl":"https:\/\/klimavex.eu\/cz\/wp-content\/uploads\/2025\/09\/kFb89vrpcu-okaU-J2wF84T2vKIHBp9NKhPpaSq9aMI.jpeg","datePublished":"2026-04-02T13:55:43+00:00","dateModified":"2026-04-02T13:56:11+00:00","breadcrumb":{"@id":"https:\/\/klimavex.eu\/cz\/katalog\/tepelne-cerpadlo-panasonic-aquarea-adc-aio-h-gen-185l-16kw-3f\/#breadcrumb"},"inLanguage":"cs","potentialAction":[{"@type":"ReadAction","target":["https:\/\/klimavex.eu\/cz\/katalog\/tepelne-cerpadlo-panasonic-aquarea-adc-aio-h-gen-185l-16kw-3f\/"]}]},{"@type":"ImageObject","inLanguage":"cs","@id":"https:\/\/klimavex.eu\/cz\/katalog\/tepelne-cerpadlo-panasonic-aquarea-adc-aio-h-gen-185l-16kw-3f\/#primaryimage","url":"https:\/\/klimavex.eu\/cz\/wp-content\/uploads\/2025\/09\/kFb89vrpcu-okaU-J2wF84T2vKIHBp9NKhPpaSq9aMI.jpeg","contentUrl":"https:\/\/klimavex.eu\/cz\/wp-content\/uploads\/2025\/09\/kFb89vrpcu-okaU-J2wF84T2vKIHBp9NKhPpaSq9aMI.jpeg","width":512,"height":724},{"@type":"BreadcrumbList","@id":"https:\/\/klimavex.eu\/cz\/katalog\/tepelne-cerpadlo-panasonic-aquarea-adc-aio-h-gen-185l-16kw-3f\/#breadcrumb","itemListElement":[{"@type":"ListItem","position":1,"name":"Domovsk\u00e1 str\u00e1nka","item":"https:\/\/klimavex.eu\/cz\/"},{"@type":"ListItem","position":2,"name":"Eshop","item":"https:\/\/klimavex.eu\/cz\/eshop\/"},{"@type":"ListItem","position":3,"name":"Tepeln\u00e9 \u010derpadlo Panasonic Aquarea ADC AiO H-gen (185l) 16kW (3f)"}]},{"@type":"WebSite","@id":"https:\/\/klimavex.eu\/cz\/#website","url":"https:\/\/klimavex.eu\/cz\/","name":"KLIMAVEX GROUP - \u010cesko","description":"","publisher":{"@id":"https:\/\/klimavex.eu\/cz\/#organization"},"alternateName":"KLIMAVEX CZ a.s.","potentialAction":[{"@type":"SearchAction","target":{"@type":"EntryPoint","urlTemplate":"https:\/\/klimavex.eu\/cz\/?s={search_term_string}"},"query-input":{"@type":"PropertyValueSpecification","valueRequired":true,"valueName":"search_term_string"}}],"inLanguage":"cs"},{"@type":"Organization","@id":"https:\/\/klimavex.eu\/cz\/#organization","name":"KLIMAVEX GROUP","alternateName":"KLIMAVEX","url":"https:\/\/klimavex.eu\/cz\/","logo":{"@type":"ImageObject","inLanguage":"cs","@id":"https:\/\/klimavex.eu\/cz\/#\/schema\/logo\/image\/","url":"https:\/\/klimavex.eu\/cz\/wp-content\/uploads\/2024\/04\/Klimavex-Group-logo.png","contentUrl":"https:\/\/klimavex.eu\/cz\/wp-content\/uploads\/2024\/04\/Klimavex-Group-logo.png","width":1681,"height":472,"caption":"KLIMAVEX GROUP"},"image":{"@id":"https:\/\/klimavex.eu\/cz\/#\/schema\/logo\/image\/"},"sameAs":["https:\/\/www.facebook.com\/klimavex.cz","https:\/\/www.instagram.com\/klimavex_cz\/"]}]}},"_links":{"self":[{"href":"https:\/\/klimavex.eu\/cz\/wp-json\/wp\/v2\/product\/540441","targetHints":{"allow":["GET"]}}],"collection":[{"href":"https:\/\/klimavex.eu\/cz\/wp-json\/wp\/v2\/product"}],"about":[{"href":"https:\/\/klimavex.eu\/cz\/wp-json\/wp\/v2\/types\/product"}],"version-history":[{"count":0,"href":"https:\/\/klimavex.eu\/cz\/wp-json\/wp\/v2\/product\/540441\/revisions"}],"wp:featuredmedia":[{"embeddable":true,"href":"https:\/\/klimavex.eu\/cz\/wp-json\/wp\/v2\/media\/541628"}],"wp:attachment":[{"href":"https:\/\/klimavex.eu\/cz\/wp-json\/wp\/v2\/media?parent=540441"}],"wp:term":[{"taxonomy":"product_cat","embeddable":true,"href":"https:\/\/klimavex.eu\/cz\/wp-json\/wp\/v2\/product_cat?post=540441"},{"taxonomy":"product_tag","embeddable":true,"href":"https:\/\/klimavex.eu\/cz\/wp-json\/wp\/v2\/product_tag?post=540441"}],"curies":[{"name":"wp","href":"https:\/\/api.w.org\/{rel}","templated":true}]}}