{"id":540455,"date":"2026-04-02T15:19:03","date_gmt":"2026-04-02T13:19:03","guid":{"rendered":"https:\/\/klimavex.eu\/cz\/katalog\/tepelne-cerpadlo-panasonic-aquarea-m-gen-monoblok-t-cap-s-ridicim-modulem-cme-wxg-r290-400v-25kw\/"},"modified":"2026-04-02T15:19:08","modified_gmt":"2026-04-02T13:19:08","slug":"tepelne-cerpadlo-panasonic-aquarea-m-gen-monoblok-s-ridicim-modulem-t-cap-cme-wxg-r290-400v-25kw","status":"publish","type":"product","link":"https:\/\/klimavex.eu\/cz\/katalog\/tepelne-cerpadlo-panasonic-aquarea-m-gen-monoblok-s-ridicim-modulem-t-cap-cme-wxg-r290-400v-25kw\/","title":{"rendered":"Tepeln\u00e9 \u010derpadlo Panasonic Aquarea M-gen monoblok s \u0159\u00eddic\u00edm modulem T-CAP CME\/WXG R290 400V 25kW"},"content":{"rendered":"<p style=\"text-align: justify;\"><strong>Kl&iacute;\u010dov&eacute; vlastnosti:<\/strong><\/p>\n<ul>\n<li style=\"text-align: justify;\">P\u0159&iacute;rodn&iacute; chladivo R290 s&nbsp;potenci&aacute;lem glob&aacute;ln&iacute;ho oteplov&aacute;n&iacute; GWP&nbsp;=&nbsp;3<\/li>\n<li style=\"text-align: justify;\">A+++ v&nbsp;re\u017eimu vyt&aacute;p\u011bn&iacute; p\u0159i 35&deg;C a&nbsp;A+ v&nbsp;re\u017eimu p\u0159&iacute;pravy tepl&eacute; vody&nbsp;<\/li>\n<li style=\"text-align: justify;\">Tepl&aacute; voda a\u017e 75&deg;C p\u0159i venkovn&iacute; teplot\u011b -15&deg;C<\/li>\n<li style=\"text-align: justify;\">Tepl&aacute; voda a\u017e 65&deg;C bez pou\u017eit&iacute; elektrick&eacute;ho oh\u0159&iacute;va\u010de<\/li>\n<li style=\"text-align: justify;\">Stabiln&iacute; v&yacute;kon bez z&aacute;lo\u017en&iacute;ho oh\u0159evu a\u017e do teploty -20&deg;C<\/li>\n<li style=\"text-align: justify;\">Provoz a\u017e do venkovn&iacute; teploty -28&deg;C<\/li>\n<li style=\"text-align: justify;\">Ide&aacute;ln&iacute; pro modernizace nebo projekty v&iacute;cegenera\u010dn&iacute;ch dom\u016f<\/li>\n<li style=\"text-align: justify;\">Supertich&yacute; provoz (29 dB(A) ve vzd&aacute;lenosti 5m)<\/li>\n<li style=\"text-align: justify;\">\u0158&iacute;dic&iacute; modul<\/li>\n<li style=\"text-align: justify;\">V\u010detn\u011b adapt&eacute;ru s&iacute;t\u011b Wi-Fi<\/li>\n<\/ul>\n","protected":false},"excerpt":{"rendered":"<p style=\"text-align: justify;\">Tepeln&eacute; \u010derpadlo <strong>Panasonic Aquarea M-generace<\/strong> s <strong>chladivem R290<\/strong> p\u0159edstavuje pr\u016flomov&yacute; n&iacute;zkoenergetick&yacute; syst&eacute;m pro vyt&aacute;p\u011bn&iacute;, chlazen&iacute; a p\u0159&iacute;pravu tepl&eacute; vody, kter&yacute; se vyzna\u010duje &scaron;pi\u010dkov&yacute;m v&yacute;konem v souladu s viz&iacute; bezuhl&iacute;kov&eacute; spole\u010dnosti. Tyto jednotky v&nbsp;proveden&iacute; <strong>monoblok<\/strong> <strong>s&nbsp;\u0159&iacute;dic&iacute;m modulem<\/strong> nab&iacute;z&iacute; revoluci designu, efektivity, konektivity a udr\u017eitelnosti. Antracitov\u011b &scaron;ed&eacute; venkovn&iacute; jednotky byly kompletn\u011b p\u0159epracov&aacute;ny s&nbsp;inovativn&iacute;m designem, kter&yacute; se p\u0159izp\u016fsob&iacute; ka\u017ed&eacute;mu prostoru. Teplota v&yacute;stupn&iacute; vody dosahuje <strong>a\u017e 75&deg;C p\u0159i venkovn&iacute; teplot\u011b a\u017e -15&deg;C<\/strong>. Tepeln&eacute; \u010derpadlo &uacute;\u010dinn\u011b pracuje <strong>a\u017e do teploty okoln&iacute;ho prost\u0159ed&iacute; -28&deg;C<\/strong>.<\/p>\n","protected":false},"featured_media":569139,"template":"","meta":[],"product_cat":[7751,7764,14551,7750],"product_tag":[],"class_list":{"0":"post-540455","1":"product","2":"type-product","3":"status-publish","4":"has-post-thumbnail","6":"product_cat-panasonic-tepelna-cerpadla","7":"product_cat-monoblok-panasonic-tepelna-cerpadla","8":"product_cat-monoblok-m-generace-r290","9":"product_cat-tepelna-cerpadla","10":"pa_extra-funkce-monoblok-m-gen","11":"pa_max-vystupni-voda-11214","12":"pa_napajeni-3f-400v","13":"pa_provedeni-monoblok","14":"pa_qvyk-pri-7c-vonk-35c-voda-11312","15":"pa_typ-chladiva-r290","16":"pa_vyk-do-von-tepl-c-25-c","17":"pa_vykonovy-model-kw-25kw","18":"pa_wifi-ovladani-zabudovane","19":"pa_znacka-panasonic","21":"first","22":"instock","23":"taxable","24":"shipping-taxable","25":"purchasable","26":"product-type-simple"},"yoast_head":"<!-- This site is optimized with the Yoast SEO plugin v23.9 - https:\/\/yoast.com\/wordpress\/plugins\/seo\/ -->\n<title>Tepeln\u00e9 \u010derpadlo Panasonic Aquarea M-gen monoblok s \u0159\u00eddic\u00edm modulem T-CAP CME\/WXG R290 400V 25kW - KLIMAVEX GROUP - \u010cesko<\/title>\n<meta name=\"robots\" content=\"index, follow, max-snippet:-1, max-image-preview:large, max-video-preview:-1\" \/>\n<link rel=\"canonical\" href=\"https:\/\/klimavex.eu\/cz\/katalog\/tepelne-cerpadlo-panasonic-aquarea-m-gen-monoblok-t-cap-s-ridicim-modulem-cme-wxg-r290-400v-25kw\/\" \/>\n<meta property=\"og:locale\" content=\"cs_CZ\" \/>\n<meta property=\"og:type\" content=\"article\" \/>\n<meta property=\"og:title\" content=\"Tepeln\u00e9 \u010derpadlo Panasonic Aquarea M-gen monoblok s \u0159\u00eddic\u00edm modulem T-CAP CME\/WXG R290 400V 25kW - KLIMAVEX GROUP - \u010cesko\" \/>\n<meta property=\"og:description\" content=\"Tepeln&eacute; \u010derpadlo Panasonic Aquarea M-generace s chladivem R290 p\u0159edstavuje pr\u016flomov&yacute; n&iacute;zkoenergetick&yacute; syst&eacute;m pro vyt&aacute;p\u011bn&iacute;, chlazen&iacute; a p\u0159&iacute;pravu tepl&eacute; vody, kter&yacute; se vyzna\u010duje &scaron;pi\u010dkov&yacute;m v&yacute;konem v souladu s viz&iacute; bezuhl&iacute;kov&eacute; spole\u010dnosti. Tyto jednotky v&nbsp;proveden&iacute; monoblok s&nbsp;\u0159&iacute;dic&iacute;m modulem nab&iacute;z&iacute; revoluci designu, efektivity, konektivity a udr\u017eitelnosti. Antracitov\u011b &scaron;ed&eacute; venkovn&iacute; jednotky byly kompletn\u011b p\u0159epracov&aacute;ny s&nbsp;inovativn&iacute;m designem, kter&yacute; se p\u0159izp\u016fsob&iacute; ka\u017ed&eacute;mu prostoru. Teplota v&yacute;stupn&iacute; vody dosahuje a\u017e 75&deg;C p\u0159i venkovn&iacute; teplot\u011b a\u017e -15&deg;C. Tepeln&eacute; \u010derpadlo &uacute;\u010dinn\u011b pracuje a\u017e do teploty okoln&iacute;ho prost\u0159ed&iacute; -28&deg;C.\" \/>\n<meta property=\"og:url\" content=\"https:\/\/klimavex.eu\/cz\/katalog\/tepelne-cerpadlo-panasonic-aquarea-m-gen-monoblok-t-cap-s-ridicim-modulem-cme-wxg-r290-400v-25kw\/\" \/>\n<meta property=\"og:site_name\" content=\"KLIMAVEX GROUP - \u010cesko\" \/>\n<meta property=\"article:publisher\" content=\"https:\/\/www.facebook.com\/klimavex.cz\" \/>\n<meta property=\"article:modified_time\" content=\"2026-04-02T13:19:08+00:00\" \/>\n<meta property=\"og:image\" content=\"https:\/\/klimavex.eu\/cz\/wp-content\/uploads\/2025\/09\/iOUF7dKoeHIYS3ap174d-z5KEL8V-bJ6xQ4Ib_Fz84k-1.png\" \/>\n\t<meta property=\"og:image:width\" content=\"512\" \/>\n\t<meta property=\"og:image:height\" content=\"724\" \/>\n\t<meta property=\"og:image:type\" content=\"image\/png\" \/>\n<meta name=\"twitter:card\" content=\"summary_large_image\" \/>\n<meta name=\"twitter:label1\" content=\"Odhadovan\u00e1 doba \u010dten\u00ed\" \/>\n\t<meta name=\"twitter:data1\" content=\"1 minuta\" \/>\n<script type=\"application\/ld+json\" class=\"yoast-schema-graph\">{\"@context\":\"https:\/\/schema.org\",\"@graph\":[{\"@type\":\"WebPage\",\"@id\":\"https:\/\/klimavex.eu\/cz\/katalog\/tepelne-cerpadlo-panasonic-aquarea-m-gen-monoblok-t-cap-s-ridicim-modulem-cme-wxg-r290-400v-25kw\/\",\"url\":\"https:\/\/klimavex.eu\/cz\/katalog\/tepelne-cerpadlo-panasonic-aquarea-m-gen-monoblok-t-cap-s-ridicim-modulem-cme-wxg-r290-400v-25kw\/\",\"name\":\"Tepeln\u00e9 \u010derpadlo Panasonic Aquarea M-gen monoblok s \u0159\u00eddic\u00edm modulem T-CAP CME\/WXG R290 400V 25kW - KLIMAVEX GROUP - \u010cesko\",\"isPartOf\":{\"@id\":\"https:\/\/klimavex.eu\/cz\/#website\"},\"primaryImageOfPage\":{\"@id\":\"https:\/\/klimavex.eu\/cz\/katalog\/tepelne-cerpadlo-panasonic-aquarea-m-gen-monoblok-t-cap-s-ridicim-modulem-cme-wxg-r290-400v-25kw\/#primaryimage\"},\"image\":{\"@id\":\"https:\/\/klimavex.eu\/cz\/katalog\/tepelne-cerpadlo-panasonic-aquarea-m-gen-monoblok-t-cap-s-ridicim-modulem-cme-wxg-r290-400v-25kw\/#primaryimage\"},\"thumbnailUrl\":\"https:\/\/klimavex.eu\/cz\/wp-content\/uploads\/2025\/10\/i8kmrpsb0usBb8CRO7cB6Qy5vDdpzsAA1HviHynOEc.png\",\"datePublished\":\"2026-04-02T13:19:03+00:00\",\"dateModified\":\"2026-04-02T13:19:08+00:00\",\"breadcrumb\":{\"@id\":\"https:\/\/klimavex.eu\/cz\/katalog\/tepelne-cerpadlo-panasonic-aquarea-m-gen-monoblok-t-cap-s-ridicim-modulem-cme-wxg-r290-400v-25kw\/#breadcrumb\"},\"inLanguage\":\"cs\",\"potentialAction\":[{\"@type\":\"ReadAction\",\"target\":[\"https:\/\/klimavex.eu\/cz\/katalog\/tepelne-cerpadlo-panasonic-aquarea-m-gen-monoblok-t-cap-s-ridicim-modulem-cme-wxg-r290-400v-25kw\/\"]}]},{\"@type\":\"ImageObject\",\"inLanguage\":\"cs\",\"@id\":\"https:\/\/klimavex.eu\/cz\/katalog\/tepelne-cerpadlo-panasonic-aquarea-m-gen-monoblok-t-cap-s-ridicim-modulem-cme-wxg-r290-400v-25kw\/#primaryimage\",\"url\":\"https:\/\/klimavex.eu\/cz\/wp-content\/uploads\/2025\/10\/i8kmrpsb0usBb8CRO7cB6Qy5vDdpzsAA1HviHynOEc.png\",\"contentUrl\":\"https:\/\/klimavex.eu\/cz\/wp-content\/uploads\/2025\/10\/i8kmrpsb0usBb8CRO7cB6Qy5vDdpzsAA1HviHynOEc.png\",\"width\":512,\"height\":512},{\"@type\":\"BreadcrumbList\",\"@id\":\"https:\/\/klimavex.eu\/cz\/katalog\/tepelne-cerpadlo-panasonic-aquarea-m-gen-monoblok-t-cap-s-ridicim-modulem-cme-wxg-r290-400v-25kw\/#breadcrumb\",\"itemListElement\":[{\"@type\":\"ListItem\",\"position\":1,\"name\":\"Domovsk\u00e1 str\u00e1nka\",\"item\":\"https:\/\/klimavex.eu\/cz\/\"},{\"@type\":\"ListItem\",\"position\":2,\"name\":\"Eshop\",\"item\":\"https:\/\/klimavex.eu\/cz\/eshop\/\"},{\"@type\":\"ListItem\",\"position\":3,\"name\":\"Tepeln\u00e9 \u010derpadlo Panasonic Aquarea M-gen monoblok T-CAP s \u0159\u00eddic\u00edm modulem CME\/WXG R290 400V 25kW\"}]},{\"@type\":\"WebSite\",\"@id\":\"https:\/\/klimavex.eu\/cz\/#website\",\"url\":\"https:\/\/klimavex.eu\/cz\/\",\"name\":\"KLIMAVEX GROUP - \u010cesko\",\"description\":\"\",\"publisher\":{\"@id\":\"https:\/\/klimavex.eu\/cz\/#organization\"},\"alternateName\":\"KLIMAVEX CZ a.s.\",\"potentialAction\":[{\"@type\":\"SearchAction\",\"target\":{\"@type\":\"EntryPoint\",\"urlTemplate\":\"https:\/\/klimavex.eu\/cz\/?s={search_term_string}\"},\"query-input\":{\"@type\":\"PropertyValueSpecification\",\"valueRequired\":true,\"valueName\":\"search_term_string\"}}],\"inLanguage\":\"cs\"},{\"@type\":\"Organization\",\"@id\":\"https:\/\/klimavex.eu\/cz\/#organization\",\"name\":\"KLIMAVEX GROUP\",\"alternateName\":\"KLIMAVEX\",\"url\":\"https:\/\/klimavex.eu\/cz\/\",\"logo\":{\"@type\":\"ImageObject\",\"inLanguage\":\"cs\",\"@id\":\"https:\/\/klimavex.eu\/cz\/#\/schema\/logo\/image\/\",\"url\":\"https:\/\/klimavex.eu\/cz\/wp-content\/uploads\/2024\/04\/Klimavex-Group-logo.png\",\"contentUrl\":\"https:\/\/klimavex.eu\/cz\/wp-content\/uploads\/2024\/04\/Klimavex-Group-logo.png\",\"width\":1681,\"height\":472,\"caption\":\"KLIMAVEX GROUP\"},\"image\":{\"@id\":\"https:\/\/klimavex.eu\/cz\/#\/schema\/logo\/image\/\"},\"sameAs\":[\"https:\/\/www.facebook.com\/klimavex.cz\",\"https:\/\/www.instagram.com\/klimavex_cz\/\"]}]}<\/script>\n<!-- \/ Yoast SEO plugin. -->","yoast_head_json":{"title":"Tepeln\u00e9 \u010derpadlo Panasonic Aquarea M-gen monoblok s \u0159\u00eddic\u00edm modulem T-CAP CME\/WXG R290 400V 25kW - KLIMAVEX GROUP - \u010cesko","robots":{"index":"index","follow":"follow","max-snippet":"max-snippet:-1","max-image-preview":"max-image-preview:large","max-video-preview":"max-video-preview:-1"},"canonical":"https:\/\/klimavex.eu\/cz\/katalog\/tepelne-cerpadlo-panasonic-aquarea-m-gen-monoblok-t-cap-s-ridicim-modulem-cme-wxg-r290-400v-25kw\/","og_locale":"cs_CZ","og_type":"article","og_title":"Tepeln\u00e9 \u010derpadlo Panasonic Aquarea M-gen monoblok s \u0159\u00eddic\u00edm modulem T-CAP CME\/WXG R290 400V 25kW - KLIMAVEX GROUP - \u010cesko","og_description":"Tepeln&eacute; \u010derpadlo Panasonic Aquarea M-generace s chladivem R290 p\u0159edstavuje pr\u016flomov&yacute; n&iacute;zkoenergetick&yacute; syst&eacute;m pro vyt&aacute;p\u011bn&iacute;, chlazen&iacute; a p\u0159&iacute;pravu tepl&eacute; vody, kter&yacute; se vyzna\u010duje &scaron;pi\u010dkov&yacute;m v&yacute;konem v souladu s viz&iacute; bezuhl&iacute;kov&eacute; spole\u010dnosti. Tyto jednotky v&nbsp;proveden&iacute; monoblok s&nbsp;\u0159&iacute;dic&iacute;m modulem nab&iacute;z&iacute; revoluci designu, efektivity, konektivity a udr\u017eitelnosti. Antracitov\u011b &scaron;ed&eacute; venkovn&iacute; jednotky byly kompletn\u011b p\u0159epracov&aacute;ny s&nbsp;inovativn&iacute;m designem, kter&yacute; se p\u0159izp\u016fsob&iacute; ka\u017ed&eacute;mu prostoru. Teplota v&yacute;stupn&iacute; vody dosahuje a\u017e 75&deg;C p\u0159i venkovn&iacute; teplot\u011b a\u017e -15&deg;C. Tepeln&eacute; \u010derpadlo &uacute;\u010dinn\u011b pracuje a\u017e do teploty okoln&iacute;ho prost\u0159ed&iacute; -28&deg;C.","og_url":"https:\/\/klimavex.eu\/cz\/katalog\/tepelne-cerpadlo-panasonic-aquarea-m-gen-monoblok-t-cap-s-ridicim-modulem-cme-wxg-r290-400v-25kw\/","og_site_name":"KLIMAVEX GROUP - \u010cesko","article_publisher":"https:\/\/www.facebook.com\/klimavex.cz","article_modified_time":"2026-04-02T13:19:08+00:00","og_image":[{"width":512,"height":724,"url":"https:\/\/klimavex.eu\/cz\/wp-content\/uploads\/2025\/09\/iOUF7dKoeHIYS3ap174d-z5KEL8V-bJ6xQ4Ib_Fz84k-1.png","type":"image\/png"}],"twitter_card":"summary_large_image","twitter_misc":{"Odhadovan\u00e1 doba \u010dten\u00ed":"1 minuta"},"schema":{"@context":"https:\/\/schema.org","@graph":[{"@type":"WebPage","@id":"https:\/\/klimavex.eu\/cz\/katalog\/tepelne-cerpadlo-panasonic-aquarea-m-gen-monoblok-t-cap-s-ridicim-modulem-cme-wxg-r290-400v-25kw\/","url":"https:\/\/klimavex.eu\/cz\/katalog\/tepelne-cerpadlo-panasonic-aquarea-m-gen-monoblok-t-cap-s-ridicim-modulem-cme-wxg-r290-400v-25kw\/","name":"Tepeln\u00e9 \u010derpadlo Panasonic Aquarea M-gen monoblok s \u0159\u00eddic\u00edm modulem T-CAP CME\/WXG R290 400V 25kW - KLIMAVEX GROUP - \u010cesko","isPartOf":{"@id":"https:\/\/klimavex.eu\/cz\/#website"},"primaryImageOfPage":{"@id":"https:\/\/klimavex.eu\/cz\/katalog\/tepelne-cerpadlo-panasonic-aquarea-m-gen-monoblok-t-cap-s-ridicim-modulem-cme-wxg-r290-400v-25kw\/#primaryimage"},"image":{"@id":"https:\/\/klimavex.eu\/cz\/katalog\/tepelne-cerpadlo-panasonic-aquarea-m-gen-monoblok-t-cap-s-ridicim-modulem-cme-wxg-r290-400v-25kw\/#primaryimage"},"thumbnailUrl":"https:\/\/klimavex.eu\/cz\/wp-content\/uploads\/2025\/10\/i8kmrpsb0usBb8CRO7cB6Qy5vDdpzsAA1HviHynOEc.png","datePublished":"2026-04-02T13:19:03+00:00","dateModified":"2026-04-02T13:19:08+00:00","breadcrumb":{"@id":"https:\/\/klimavex.eu\/cz\/katalog\/tepelne-cerpadlo-panasonic-aquarea-m-gen-monoblok-t-cap-s-ridicim-modulem-cme-wxg-r290-400v-25kw\/#breadcrumb"},"inLanguage":"cs","potentialAction":[{"@type":"ReadAction","target":["https:\/\/klimavex.eu\/cz\/katalog\/tepelne-cerpadlo-panasonic-aquarea-m-gen-monoblok-t-cap-s-ridicim-modulem-cme-wxg-r290-400v-25kw\/"]}]},{"@type":"ImageObject","inLanguage":"cs","@id":"https:\/\/klimavex.eu\/cz\/katalog\/tepelne-cerpadlo-panasonic-aquarea-m-gen-monoblok-t-cap-s-ridicim-modulem-cme-wxg-r290-400v-25kw\/#primaryimage","url":"https:\/\/klimavex.eu\/cz\/wp-content\/uploads\/2025\/10\/i8kmrpsb0usBb8CRO7cB6Qy5vDdpzsAA1HviHynOEc.png","contentUrl":"https:\/\/klimavex.eu\/cz\/wp-content\/uploads\/2025\/10\/i8kmrpsb0usBb8CRO7cB6Qy5vDdpzsAA1HviHynOEc.png","width":512,"height":512},{"@type":"BreadcrumbList","@id":"https:\/\/klimavex.eu\/cz\/katalog\/tepelne-cerpadlo-panasonic-aquarea-m-gen-monoblok-t-cap-s-ridicim-modulem-cme-wxg-r290-400v-25kw\/#breadcrumb","itemListElement":[{"@type":"ListItem","position":1,"name":"Domovsk\u00e1 str\u00e1nka","item":"https:\/\/klimavex.eu\/cz\/"},{"@type":"ListItem","position":2,"name":"Eshop","item":"https:\/\/klimavex.eu\/cz\/eshop\/"},{"@type":"ListItem","position":3,"name":"Tepeln\u00e9 \u010derpadlo Panasonic Aquarea M-gen monoblok T-CAP s \u0159\u00eddic\u00edm modulem CME\/WXG R290 400V 25kW"}]},{"@type":"WebSite","@id":"https:\/\/klimavex.eu\/cz\/#website","url":"https:\/\/klimavex.eu\/cz\/","name":"KLIMAVEX GROUP - \u010cesko","description":"","publisher":{"@id":"https:\/\/klimavex.eu\/cz\/#organization"},"alternateName":"KLIMAVEX CZ a.s.","potentialAction":[{"@type":"SearchAction","target":{"@type":"EntryPoint","urlTemplate":"https:\/\/klimavex.eu\/cz\/?s={search_term_string}"},"query-input":{"@type":"PropertyValueSpecification","valueRequired":true,"valueName":"search_term_string"}}],"inLanguage":"cs"},{"@type":"Organization","@id":"https:\/\/klimavex.eu\/cz\/#organization","name":"KLIMAVEX GROUP","alternateName":"KLIMAVEX","url":"https:\/\/klimavex.eu\/cz\/","logo":{"@type":"ImageObject","inLanguage":"cs","@id":"https:\/\/klimavex.eu\/cz\/#\/schema\/logo\/image\/","url":"https:\/\/klimavex.eu\/cz\/wp-content\/uploads\/2024\/04\/Klimavex-Group-logo.png","contentUrl":"https:\/\/klimavex.eu\/cz\/wp-content\/uploads\/2024\/04\/Klimavex-Group-logo.png","width":1681,"height":472,"caption":"KLIMAVEX GROUP"},"image":{"@id":"https:\/\/klimavex.eu\/cz\/#\/schema\/logo\/image\/"},"sameAs":["https:\/\/www.facebook.com\/klimavex.cz","https:\/\/www.instagram.com\/klimavex_cz\/"]}]}},"_links":{"self":[{"href":"https:\/\/klimavex.eu\/cz\/wp-json\/wp\/v2\/product\/540455","targetHints":{"allow":["GET"]}}],"collection":[{"href":"https:\/\/klimavex.eu\/cz\/wp-json\/wp\/v2\/product"}],"about":[{"href":"https:\/\/klimavex.eu\/cz\/wp-json\/wp\/v2\/types\/product"}],"version-history":[{"count":0,"href":"https:\/\/klimavex.eu\/cz\/wp-json\/wp\/v2\/product\/540455\/revisions"}],"wp:featuredmedia":[{"embeddable":true,"href":"https:\/\/klimavex.eu\/cz\/wp-json\/wp\/v2\/media\/569139"}],"wp:attachment":[{"href":"https:\/\/klimavex.eu\/cz\/wp-json\/wp\/v2\/media?parent=540455"}],"wp:term":[{"taxonomy":"product_cat","embeddable":true,"href":"https:\/\/klimavex.eu\/cz\/wp-json\/wp\/v2\/product_cat?post=540455"},{"taxonomy":"product_tag","embeddable":true,"href":"https:\/\/klimavex.eu\/cz\/wp-json\/wp\/v2\/product_tag?post=540455"}],"curies":[{"name":"wp","href":"https:\/\/api.w.org\/{rel}","templated":true}]}}