{"id":540465,"date":"2026-04-02T15:55:43","date_gmt":"2026-04-02T13:55:43","guid":{"rendered":"https:\/\/klimavex.eu\/cz\/katalog\/tepelne-cerpadlo-panasonic-aquarea-l-gen-hydrosplit-spirala-3kw-sdc-wdg-r290-230v-230v-5kw\/"},"modified":"2026-04-02T15:56:28","modified_gmt":"2026-04-02T13:56:28","slug":"tepelne-cerpadlo-panasonic-aquarea-l-gen-hydrosplit-spirala-3kw-sdc-wdg-r290-230v-5kw","status":"publish","type":"product","link":"https:\/\/klimavex.eu\/cz\/katalog\/tepelne-cerpadlo-panasonic-aquarea-l-gen-hydrosplit-spirala-3kw-sdc-wdg-r290-230v-5kw\/","title":{"rendered":"Tepeln\u00e9 \u010derpadlo Panasonic Aquarea L-gen hydrosplit (spir\u00e1la 3kW) SDC\/WDG R290 230V 5kW"},"content":{"rendered":"<p style=\"text-align:justify\"><span style=\"font-size:11pt\"><span style=\"font-family:Calibri,sans-serif\"><strong>Kl&iacute;\u010dov&eacute; vlastnosti<\/strong><\/span><\/span><\/p>\n<ul>\n<li style=\"text-align: justify;\"><span style=\"font-size:11pt\"><span style=\"font-family:Calibri,sans-serif\">P\u0159&iacute;rodn&iacute; chladivo R290 s&nbsp;potenci&aacute;lem glob&aacute;ln&iacute;ho oteplov&aacute;n&iacute; GWP&nbsp;=&nbsp;3 <\/span><\/span><\/li>\n<li style=\"text-align: justify;\"><span style=\"font-size:11pt\"><span style=\"font-family:Calibri,sans-serif\">T\u0159&iacute;da energetick&eacute; &uacute;\u010dinnosti A+++ v&nbsp;re\u017eimu vyt&aacute;p\u011bn&iacute; p\u0159i 35&deg;C<\/span><\/span><\/li>\n<li style=\"text-align: justify;\"><span style=\"font-size:11pt\"><span style=\"font-family:Calibri,sans-serif\">Vestav\u011bn&yacute; pr\u016ftokom\u011br<\/span><\/span><\/li>\n<li style=\"text-align: justify;\"><span style=\"font-size:11pt\"><span style=\"font-family:Calibri,sans-serif\">Hydraulick&eacute; spojen&iacute; mezi vnit\u0159n&iacute; a&nbsp;venkovn&iacute; jednotkou<\/span><\/span><\/li>\n<li style=\"text-align: justify;\"><span style=\"font-size:11pt\"><span style=\"font-family:Calibri,sans-serif\">Vestav\u011bn&yacute; magnetick&yacute; vodn&iacute; filtr<\/span><\/span><\/li>\n<li style=\"text-align: justify;\"><span style=\"font-size:11pt\"><span style=\"font-family:Calibri,sans-serif\">Mo\u017enost instalace v&nbsp;m&iacute;stech se zhor&scaron;enou kvalitou vody<\/span><\/span><\/li>\n<li style=\"text-align: justify;\"><span style=\"font-size:11pt\"><span style=\"font-family:Calibri,sans-serif\">Provoz bez z&aacute;lo\u017en&iacute;ho oh\u0159&iacute;va\u010de p\u0159i venkovn&iacute; teplot\u011b -25&deg;C<\/span><\/span><\/li>\n<li style=\"text-align: justify;\"><span style=\"font-size:11pt\"><span style=\"font-family:Calibri,sans-serif\">Maxim&aacute;ln&iacute; v&yacute;stupn&iacute; teplota vody 75&deg;C p\u0159i venkovn&iacute; teplot\u011b -10&deg;C<\/span><\/span><\/li>\n<li style=\"text-align: justify;\"><span style=\"font-size:11pt\"><span style=\"font-family:Calibri,sans-serif\">Tepl&aacute; voda s&nbsp;teplotou 55&deg;C i&nbsp;p\u0159i venkovn&iacute; teplot\u011b -25&deg;C<\/span><\/span><\/li>\n<li style=\"text-align: justify;\"><span style=\"font-size:11pt\"><span style=\"font-family:Calibri,sans-serif\">Optimalizovan&eacute; u\u017eivatelsk&eacute; rozhran&iacute; a&nbsp;vylep&scaron;en&eacute; funkce (ovl&aacute;d&aacute;n&iacute; 2&nbsp;z&oacute;n, bivalentn&iacute; ovl&aacute;d&aacute;n&iacute;)<\/span><\/span><\/li>\n<li style=\"text-align: justify;\"><span style=\"font-size:11pt\"><span style=\"font-family:Calibri,sans-serif\">Sou\u010d&aacute;st&iacute; adapt&eacute;r s&iacute;t\u011b Wi-Fi<\/span><\/span><\/li>\n<\/ul>\n","protected":false},"excerpt":{"rendered":"<p style=\"text-align:justify\"><span style=\"font-size:11pt\"><span style=\"font-family:Calibri,sans-serif\">Tepeln&eacute; \u010derpadlo <strong>Panasonic Aquarea L-generace<\/strong> je &scaron;pi\u010dkov&yacute; syst&eacute;m s&nbsp;n&iacute;zkou spot\u0159ebou energie pro vyt&aacute;p\u011bn&iacute;, chlazen&iacute; a p\u0159&iacute;pravu tepl&eacute; u\u017eitkov&eacute; vody, kter&yacute; zaru\u010duje <strong>v&yacute;jime\u010dn&yacute; v&yacute;kon i p\u0159i extr&eacute;mn&iacute;ch venkovn&iacute;ch teplot&aacute;ch<\/strong>. Tyto jednotky v&nbsp;proveden&iacute; <strong>split<\/strong> nab&iacute;z&iacute; revoluci designu, efektivity, konektivity a udr\u017eitelnosti. Antracitov\u011b &scaron;ed&eacute; venkovn&iacute; jednotky byly kompletn\u011b p\u0159epracov&aacute;ny s&nbsp;inovativn&iacute;m designem, kter&yacute; se p\u0159izp\u016fsob&iacute; ka\u017ed&eacute;mu prostoru. Vnit\u0159n&iacute; jednotky s&nbsp;<strong>integrovan&yacute;m ovl&aacute;dac&iacute;m panelem<\/strong> jsou jemn\u011b b&iacute;l&eacute; s&nbsp;elegantn&iacute;m \u010dern&yacute;m p&aacute;sem. Generace L je navr\u017eena s&nbsp;p\u0159&iacute;rodn&iacute;m <strong>chladivem R290 s&nbsp;GWP 3<\/strong>.<\/span><\/span><\/p>\n","protected":false},"featured_media":541696,"template":"","meta":[],"product_cat":[7751,7758,7750,7767],"product_tag":[],"class_list":{"0":"post-540465","1":"product","2":"type-product","3":"status-publish","4":"has-post-thumbnail","6":"product_cat-panasonic-tepelna-cerpadla","7":"product_cat-split-hydrosplit","8":"product_cat-tepelna-cerpadla","9":"product_cat-hydrosplit-l-generace-r290","10":"pa_extra-funkce-sdc-l-gen","11":"pa_max-vystupni-voda-11214","12":"pa_napajeni-1f-230v","13":"pa_provedeni-nastenny-hydrosplit","14":"pa_qch-pri-von-tep-35c-voda-7-11257","15":"pa_qvyk-pri-2c-vonk-35c-voda-11256","16":"pa_qvyk-pri-7c-vonk-35c-voda-11254","17":"pa_typ-chladiva-r290","18":"pa_ucinnost-cop-a-7-w35-11255","19":"pa_vyk-do-von-tepl-c-25-c","20":"pa_vykon-spiraly-kw-11196","21":"pa_vykonovy-model-kw-4-az-5kw","22":"pa_wifi-ovladani-volitelne","23":"pa_znacka-panasonic","25":"first","26":"instock","27":"taxable","28":"shipping-taxable","29":"purchasable","30":"product-type-simple"},"yoast_head":"<!-- This site is optimized with the Yoast SEO plugin v23.9 - https:\/\/yoast.com\/wordpress\/plugins\/seo\/ -->\n<title>Tepeln\u00e9 \u010derpadlo Panasonic Aquarea L-gen hydrosplit (spir\u00e1la 3kW) SDC\/WDG R290 230V 5kW - KLIMAVEX GROUP - \u010cesko<\/title>\n<meta name=\"robots\" content=\"index, follow, max-snippet:-1, max-image-preview:large, max-video-preview:-1\" \/>\n<link rel=\"canonical\" href=\"https:\/\/klimavex.eu\/cz\/katalog\/tepelne-cerpadlo-panasonic-aquarea-l-gen-hydrosplit-spirala-3kw-sdc-wdg-r290-230v-230v-5kw\/\" \/>\n<meta property=\"og:locale\" content=\"cs_CZ\" \/>\n<meta property=\"og:type\" content=\"article\" \/>\n<meta property=\"og:title\" content=\"Tepeln\u00e9 \u010derpadlo Panasonic Aquarea L-gen hydrosplit (spir\u00e1la 3kW) SDC\/WDG R290 230V 5kW - KLIMAVEX GROUP - \u010cesko\" \/>\n<meta property=\"og:description\" content=\"Tepeln&eacute; \u010derpadlo Panasonic Aquarea L-generace je &scaron;pi\u010dkov&yacute; syst&eacute;m s&nbsp;n&iacute;zkou spot\u0159ebou energie pro vyt&aacute;p\u011bn&iacute;, chlazen&iacute; a p\u0159&iacute;pravu tepl&eacute; u\u017eitkov&eacute; vody, kter&yacute; zaru\u010duje v&yacute;jime\u010dn&yacute; v&yacute;kon i p\u0159i extr&eacute;mn&iacute;ch venkovn&iacute;ch teplot&aacute;ch. Tyto jednotky v&nbsp;proveden&iacute; split nab&iacute;z&iacute; revoluci designu, efektivity, konektivity a udr\u017eitelnosti. Antracitov\u011b &scaron;ed&eacute; venkovn&iacute; jednotky byly kompletn\u011b p\u0159epracov&aacute;ny s&nbsp;inovativn&iacute;m designem, kter&yacute; se p\u0159izp\u016fsob&iacute; ka\u017ed&eacute;mu prostoru. Vnit\u0159n&iacute; jednotky s&nbsp;integrovan&yacute;m ovl&aacute;dac&iacute;m panelem jsou jemn\u011b b&iacute;l&eacute; s&nbsp;elegantn&iacute;m \u010dern&yacute;m p&aacute;sem. Generace L je navr\u017eena s&nbsp;p\u0159&iacute;rodn&iacute;m chladivem R290 s&nbsp;GWP 3.\" \/>\n<meta property=\"og:url\" content=\"https:\/\/klimavex.eu\/cz\/katalog\/tepelne-cerpadlo-panasonic-aquarea-l-gen-hydrosplit-spirala-3kw-sdc-wdg-r290-230v-230v-5kw\/\" \/>\n<meta property=\"og:site_name\" content=\"KLIMAVEX GROUP - \u010cesko\" \/>\n<meta property=\"article:publisher\" content=\"https:\/\/www.facebook.com\/klimavex.cz\" \/>\n<meta property=\"article:modified_time\" content=\"2026-04-02T13:56:28+00:00\" \/>\n<meta property=\"og:image\" content=\"https:\/\/klimavex.eu\/cz\/wp-content\/uploads\/2025\/09\/yXzZByLe919rjmT-NTHlo0-YwqFzA5lUW-YmhGHS1sk-2.jpeg\" \/>\n\t<meta property=\"og:image:width\" content=\"500\" \/>\n\t<meta property=\"og:image:height\" content=\"500\" \/>\n\t<meta property=\"og:image:type\" content=\"image\/jpeg\" \/>\n<meta name=\"twitter:card\" content=\"summary_large_image\" \/>\n<meta name=\"twitter:label1\" content=\"Odhadovan\u00e1 doba \u010dten\u00ed\" \/>\n\t<meta name=\"twitter:data1\" content=\"1 minuta\" \/>\n<script type=\"application\/ld+json\" class=\"yoast-schema-graph\">{\"@context\":\"https:\/\/schema.org\",\"@graph\":[{\"@type\":\"WebPage\",\"@id\":\"https:\/\/klimavex.eu\/cz\/katalog\/tepelne-cerpadlo-panasonic-aquarea-l-gen-hydrosplit-spirala-3kw-sdc-wdg-r290-230v-230v-5kw\/\",\"url\":\"https:\/\/klimavex.eu\/cz\/katalog\/tepelne-cerpadlo-panasonic-aquarea-l-gen-hydrosplit-spirala-3kw-sdc-wdg-r290-230v-230v-5kw\/\",\"name\":\"Tepeln\u00e9 \u010derpadlo Panasonic Aquarea L-gen hydrosplit (spir\u00e1la 3kW) SDC\/WDG R290 230V 5kW - KLIMAVEX GROUP - \u010cesko\",\"isPartOf\":{\"@id\":\"https:\/\/klimavex.eu\/cz\/#website\"},\"primaryImageOfPage\":{\"@id\":\"https:\/\/klimavex.eu\/cz\/katalog\/tepelne-cerpadlo-panasonic-aquarea-l-gen-hydrosplit-spirala-3kw-sdc-wdg-r290-230v-230v-5kw\/#primaryimage\"},\"image\":{\"@id\":\"https:\/\/klimavex.eu\/cz\/katalog\/tepelne-cerpadlo-panasonic-aquarea-l-gen-hydrosplit-spirala-3kw-sdc-wdg-r290-230v-230v-5kw\/#primaryimage\"},\"thumbnailUrl\":\"https:\/\/klimavex.eu\/cz\/wp-content\/uploads\/2025\/09\/yXzZByLe919rjmT-NTHlo0-YwqFzA5lUW-YmhGHS1sk-2.jpeg\",\"datePublished\":\"2026-04-02T13:55:43+00:00\",\"dateModified\":\"2026-04-02T13:56:28+00:00\",\"breadcrumb\":{\"@id\":\"https:\/\/klimavex.eu\/cz\/katalog\/tepelne-cerpadlo-panasonic-aquarea-l-gen-hydrosplit-spirala-3kw-sdc-wdg-r290-230v-230v-5kw\/#breadcrumb\"},\"inLanguage\":\"cs\",\"potentialAction\":[{\"@type\":\"ReadAction\",\"target\":[\"https:\/\/klimavex.eu\/cz\/katalog\/tepelne-cerpadlo-panasonic-aquarea-l-gen-hydrosplit-spirala-3kw-sdc-wdg-r290-230v-230v-5kw\/\"]}]},{\"@type\":\"ImageObject\",\"inLanguage\":\"cs\",\"@id\":\"https:\/\/klimavex.eu\/cz\/katalog\/tepelne-cerpadlo-panasonic-aquarea-l-gen-hydrosplit-spirala-3kw-sdc-wdg-r290-230v-230v-5kw\/#primaryimage\",\"url\":\"https:\/\/klimavex.eu\/cz\/wp-content\/uploads\/2025\/09\/yXzZByLe919rjmT-NTHlo0-YwqFzA5lUW-YmhGHS1sk-2.jpeg\",\"contentUrl\":\"https:\/\/klimavex.eu\/cz\/wp-content\/uploads\/2025\/09\/yXzZByLe919rjmT-NTHlo0-YwqFzA5lUW-YmhGHS1sk-2.jpeg\",\"width\":500,\"height\":500},{\"@type\":\"BreadcrumbList\",\"@id\":\"https:\/\/klimavex.eu\/cz\/katalog\/tepelne-cerpadlo-panasonic-aquarea-l-gen-hydrosplit-spirala-3kw-sdc-wdg-r290-230v-230v-5kw\/#breadcrumb\",\"itemListElement\":[{\"@type\":\"ListItem\",\"position\":1,\"name\":\"Domovsk\u00e1 str\u00e1nka\",\"item\":\"https:\/\/klimavex.eu\/cz\/\"},{\"@type\":\"ListItem\",\"position\":2,\"name\":\"Eshop\",\"item\":\"https:\/\/klimavex.eu\/cz\/eshop\/\"},{\"@type\":\"ListItem\",\"position\":3,\"name\":\"Tepeln\u00e9 \u010derpadlo Panasonic Aquarea L-gen hydrosplit (spir\u00e1la 3kW) SDC\/WDG R290 230V\/230V 5kW\"}]},{\"@type\":\"WebSite\",\"@id\":\"https:\/\/klimavex.eu\/cz\/#website\",\"url\":\"https:\/\/klimavex.eu\/cz\/\",\"name\":\"KLIMAVEX GROUP - \u010cesko\",\"description\":\"\",\"publisher\":{\"@id\":\"https:\/\/klimavex.eu\/cz\/#organization\"},\"alternateName\":\"KLIMAVEX CZ a.s.\",\"potentialAction\":[{\"@type\":\"SearchAction\",\"target\":{\"@type\":\"EntryPoint\",\"urlTemplate\":\"https:\/\/klimavex.eu\/cz\/?s={search_term_string}\"},\"query-input\":{\"@type\":\"PropertyValueSpecification\",\"valueRequired\":true,\"valueName\":\"search_term_string\"}}],\"inLanguage\":\"cs\"},{\"@type\":\"Organization\",\"@id\":\"https:\/\/klimavex.eu\/cz\/#organization\",\"name\":\"KLIMAVEX GROUP\",\"alternateName\":\"KLIMAVEX\",\"url\":\"https:\/\/klimavex.eu\/cz\/\",\"logo\":{\"@type\":\"ImageObject\",\"inLanguage\":\"cs\",\"@id\":\"https:\/\/klimavex.eu\/cz\/#\/schema\/logo\/image\/\",\"url\":\"https:\/\/klimavex.eu\/cz\/wp-content\/uploads\/2024\/04\/Klimavex-Group-logo.png\",\"contentUrl\":\"https:\/\/klimavex.eu\/cz\/wp-content\/uploads\/2024\/04\/Klimavex-Group-logo.png\",\"width\":1681,\"height\":472,\"caption\":\"KLIMAVEX GROUP\"},\"image\":{\"@id\":\"https:\/\/klimavex.eu\/cz\/#\/schema\/logo\/image\/\"},\"sameAs\":[\"https:\/\/www.facebook.com\/klimavex.cz\",\"https:\/\/www.instagram.com\/klimavex_cz\/\"]}]}<\/script>\n<!-- \/ Yoast SEO plugin. -->","yoast_head_json":{"title":"Tepeln\u00e9 \u010derpadlo Panasonic Aquarea L-gen hydrosplit (spir\u00e1la 3kW) SDC\/WDG R290 230V 5kW - KLIMAVEX GROUP - \u010cesko","robots":{"index":"index","follow":"follow","max-snippet":"max-snippet:-1","max-image-preview":"max-image-preview:large","max-video-preview":"max-video-preview:-1"},"canonical":"https:\/\/klimavex.eu\/cz\/katalog\/tepelne-cerpadlo-panasonic-aquarea-l-gen-hydrosplit-spirala-3kw-sdc-wdg-r290-230v-230v-5kw\/","og_locale":"cs_CZ","og_type":"article","og_title":"Tepeln\u00e9 \u010derpadlo Panasonic Aquarea L-gen hydrosplit (spir\u00e1la 3kW) SDC\/WDG R290 230V 5kW - KLIMAVEX GROUP - \u010cesko","og_description":"Tepeln&eacute; \u010derpadlo Panasonic Aquarea L-generace je &scaron;pi\u010dkov&yacute; syst&eacute;m s&nbsp;n&iacute;zkou spot\u0159ebou energie pro vyt&aacute;p\u011bn&iacute;, chlazen&iacute; a p\u0159&iacute;pravu tepl&eacute; u\u017eitkov&eacute; vody, kter&yacute; zaru\u010duje v&yacute;jime\u010dn&yacute; v&yacute;kon i p\u0159i extr&eacute;mn&iacute;ch venkovn&iacute;ch teplot&aacute;ch. Tyto jednotky v&nbsp;proveden&iacute; split nab&iacute;z&iacute; revoluci designu, efektivity, konektivity a udr\u017eitelnosti. Antracitov\u011b &scaron;ed&eacute; venkovn&iacute; jednotky byly kompletn\u011b p\u0159epracov&aacute;ny s&nbsp;inovativn&iacute;m designem, kter&yacute; se p\u0159izp\u016fsob&iacute; ka\u017ed&eacute;mu prostoru. Vnit\u0159n&iacute; jednotky s&nbsp;integrovan&yacute;m ovl&aacute;dac&iacute;m panelem jsou jemn\u011b b&iacute;l&eacute; s&nbsp;elegantn&iacute;m \u010dern&yacute;m p&aacute;sem. Generace L je navr\u017eena s&nbsp;p\u0159&iacute;rodn&iacute;m chladivem R290 s&nbsp;GWP 3.","og_url":"https:\/\/klimavex.eu\/cz\/katalog\/tepelne-cerpadlo-panasonic-aquarea-l-gen-hydrosplit-spirala-3kw-sdc-wdg-r290-230v-230v-5kw\/","og_site_name":"KLIMAVEX GROUP - \u010cesko","article_publisher":"https:\/\/www.facebook.com\/klimavex.cz","article_modified_time":"2026-04-02T13:56:28+00:00","og_image":[{"width":500,"height":500,"url":"https:\/\/klimavex.eu\/cz\/wp-content\/uploads\/2025\/09\/yXzZByLe919rjmT-NTHlo0-YwqFzA5lUW-YmhGHS1sk-2.jpeg","type":"image\/jpeg"}],"twitter_card":"summary_large_image","twitter_misc":{"Odhadovan\u00e1 doba \u010dten\u00ed":"1 minuta"},"schema":{"@context":"https:\/\/schema.org","@graph":[{"@type":"WebPage","@id":"https:\/\/klimavex.eu\/cz\/katalog\/tepelne-cerpadlo-panasonic-aquarea-l-gen-hydrosplit-spirala-3kw-sdc-wdg-r290-230v-230v-5kw\/","url":"https:\/\/klimavex.eu\/cz\/katalog\/tepelne-cerpadlo-panasonic-aquarea-l-gen-hydrosplit-spirala-3kw-sdc-wdg-r290-230v-230v-5kw\/","name":"Tepeln\u00e9 \u010derpadlo Panasonic Aquarea L-gen hydrosplit (spir\u00e1la 3kW) SDC\/WDG R290 230V 5kW - KLIMAVEX GROUP - \u010cesko","isPartOf":{"@id":"https:\/\/klimavex.eu\/cz\/#website"},"primaryImageOfPage":{"@id":"https:\/\/klimavex.eu\/cz\/katalog\/tepelne-cerpadlo-panasonic-aquarea-l-gen-hydrosplit-spirala-3kw-sdc-wdg-r290-230v-230v-5kw\/#primaryimage"},"image":{"@id":"https:\/\/klimavex.eu\/cz\/katalog\/tepelne-cerpadlo-panasonic-aquarea-l-gen-hydrosplit-spirala-3kw-sdc-wdg-r290-230v-230v-5kw\/#primaryimage"},"thumbnailUrl":"https:\/\/klimavex.eu\/cz\/wp-content\/uploads\/2025\/09\/yXzZByLe919rjmT-NTHlo0-YwqFzA5lUW-YmhGHS1sk-2.jpeg","datePublished":"2026-04-02T13:55:43+00:00","dateModified":"2026-04-02T13:56:28+00:00","breadcrumb":{"@id":"https:\/\/klimavex.eu\/cz\/katalog\/tepelne-cerpadlo-panasonic-aquarea-l-gen-hydrosplit-spirala-3kw-sdc-wdg-r290-230v-230v-5kw\/#breadcrumb"},"inLanguage":"cs","potentialAction":[{"@type":"ReadAction","target":["https:\/\/klimavex.eu\/cz\/katalog\/tepelne-cerpadlo-panasonic-aquarea-l-gen-hydrosplit-spirala-3kw-sdc-wdg-r290-230v-230v-5kw\/"]}]},{"@type":"ImageObject","inLanguage":"cs","@id":"https:\/\/klimavex.eu\/cz\/katalog\/tepelne-cerpadlo-panasonic-aquarea-l-gen-hydrosplit-spirala-3kw-sdc-wdg-r290-230v-230v-5kw\/#primaryimage","url":"https:\/\/klimavex.eu\/cz\/wp-content\/uploads\/2025\/09\/yXzZByLe919rjmT-NTHlo0-YwqFzA5lUW-YmhGHS1sk-2.jpeg","contentUrl":"https:\/\/klimavex.eu\/cz\/wp-content\/uploads\/2025\/09\/yXzZByLe919rjmT-NTHlo0-YwqFzA5lUW-YmhGHS1sk-2.jpeg","width":500,"height":500},{"@type":"BreadcrumbList","@id":"https:\/\/klimavex.eu\/cz\/katalog\/tepelne-cerpadlo-panasonic-aquarea-l-gen-hydrosplit-spirala-3kw-sdc-wdg-r290-230v-230v-5kw\/#breadcrumb","itemListElement":[{"@type":"ListItem","position":1,"name":"Domovsk\u00e1 str\u00e1nka","item":"https:\/\/klimavex.eu\/cz\/"},{"@type":"ListItem","position":2,"name":"Eshop","item":"https:\/\/klimavex.eu\/cz\/eshop\/"},{"@type":"ListItem","position":3,"name":"Tepeln\u00e9 \u010derpadlo Panasonic Aquarea L-gen hydrosplit (spir\u00e1la 3kW) SDC\/WDG R290 230V\/230V 5kW"}]},{"@type":"WebSite","@id":"https:\/\/klimavex.eu\/cz\/#website","url":"https:\/\/klimavex.eu\/cz\/","name":"KLIMAVEX GROUP - \u010cesko","description":"","publisher":{"@id":"https:\/\/klimavex.eu\/cz\/#organization"},"alternateName":"KLIMAVEX CZ a.s.","potentialAction":[{"@type":"SearchAction","target":{"@type":"EntryPoint","urlTemplate":"https:\/\/klimavex.eu\/cz\/?s={search_term_string}"},"query-input":{"@type":"PropertyValueSpecification","valueRequired":true,"valueName":"search_term_string"}}],"inLanguage":"cs"},{"@type":"Organization","@id":"https:\/\/klimavex.eu\/cz\/#organization","name":"KLIMAVEX GROUP","alternateName":"KLIMAVEX","url":"https:\/\/klimavex.eu\/cz\/","logo":{"@type":"ImageObject","inLanguage":"cs","@id":"https:\/\/klimavex.eu\/cz\/#\/schema\/logo\/image\/","url":"https:\/\/klimavex.eu\/cz\/wp-content\/uploads\/2024\/04\/Klimavex-Group-logo.png","contentUrl":"https:\/\/klimavex.eu\/cz\/wp-content\/uploads\/2024\/04\/Klimavex-Group-logo.png","width":1681,"height":472,"caption":"KLIMAVEX GROUP"},"image":{"@id":"https:\/\/klimavex.eu\/cz\/#\/schema\/logo\/image\/"},"sameAs":["https:\/\/www.facebook.com\/klimavex.cz","https:\/\/www.instagram.com\/klimavex_cz\/"]}]}},"_links":{"self":[{"href":"https:\/\/klimavex.eu\/cz\/wp-json\/wp\/v2\/product\/540465","targetHints":{"allow":["GET"]}}],"collection":[{"href":"https:\/\/klimavex.eu\/cz\/wp-json\/wp\/v2\/product"}],"about":[{"href":"https:\/\/klimavex.eu\/cz\/wp-json\/wp\/v2\/types\/product"}],"version-history":[{"count":0,"href":"https:\/\/klimavex.eu\/cz\/wp-json\/wp\/v2\/product\/540465\/revisions"}],"wp:featuredmedia":[{"embeddable":true,"href":"https:\/\/klimavex.eu\/cz\/wp-json\/wp\/v2\/media\/541696"}],"wp:attachment":[{"href":"https:\/\/klimavex.eu\/cz\/wp-json\/wp\/v2\/media?parent=540465"}],"wp:term":[{"taxonomy":"product_cat","embeddable":true,"href":"https:\/\/klimavex.eu\/cz\/wp-json\/wp\/v2\/product_cat?post=540465"},{"taxonomy":"product_tag","embeddable":true,"href":"https:\/\/klimavex.eu\/cz\/wp-json\/wp\/v2\/product_tag?post=540465"}],"curies":[{"name":"wp","href":"https:\/\/api.w.org\/{rel}","templated":true}]}}