{"id":540476,"date":"2026-04-02T15:55:43","date_gmt":"2026-04-02T13:55:43","guid":{"rendered":"https:\/\/klimavex.eu\/cz\/katalog\/tepelne-cerpadlo-hyundai-extreme-monoblok-hpmo-r32-230v-6kw\/"},"modified":"2026-04-02T15:56:36","modified_gmt":"2026-04-02T13:56:36","slug":"tepelne-cerpadlo-hyundai-extreme-monoblok-hpmo-r32-230v-6kw","status":"publish","type":"product","link":"https:\/\/klimavex.eu\/cz\/katalog\/tepelne-cerpadlo-hyundai-extreme-monoblok-hpmo-r32-230v-6kw\/","title":{"rendered":"Tepeln\u00e9 \u010derpadlo Hyundai Extreme monoblok HPMO R32 230V 6kW"},"content":{"rendered":"<p style=\"text-align: justify;\"><strong>Kl&iacute;\u010dov&eacute; vlastnosti<\/strong><\/p>\n<ul>\n<li style=\"text-align: justify;\">Vysok&aacute; &uacute;\u010dinnost &ndash; energetick&aacute; t\u0159&iacute;da A+++<\/li>\n<li style=\"text-align: justify;\">Velmi tich&yacute; provoz<\/li>\n<li style=\"text-align: justify;\">Ovl&aacute;d&aacute;n&iacute; a\u017e 4 extern&iacute;ch ob\u011bhov&yacute;ch \u010derpadel<\/li>\n<li style=\"text-align: justify;\">Maxim&aacute;ln&iacute; v&yacute;stupn&iacute; teplota vody a\u017e do 65 &deg;C<\/li>\n<li style=\"text-align: justify;\">&Uacute;\u010dinn&eacute; vyt&aacute;p\u011bn&iacute; p\u0159i teplot&aacute;ch venkovn&iacute;ho vzduchu a\u017e do -25 &deg;C<\/li>\n<li style=\"text-align: justify;\">Oh\u0159ev vany venkovn&iacute; jednotky<\/li>\n<li style=\"text-align: justify;\">Zabudovan&aacute; el. spir&aacute;la (bez spir&aacute;ly u modelu 06; 3kW u model\u016f 08-10; 9kW u model\u016f 12-16)<\/li>\n<li style=\"text-align: justify;\">Mechanick&yacute; vodn&iacute; filtr a \u010didlo teploty pro n&aacute;dr\u017e na TUV v dod&aacute;vce<\/li>\n<li style=\"text-align: justify;\">Ovl&aacute;d&aacute;n&iacute; pomoc&iacute; dodan&eacute;ho kabelov&eacute;ho d&aacute;lkov&eacute;ho ovlada\u010de s menu v \u010de&scaron;tin\u011b<\/li>\n<li style=\"text-align: justify;\">Ekvitermick&eacute; \u0159&iacute;zen&iacute; podle venkovn&iacute; teploty<\/li>\n<li style=\"text-align: justify;\">\u0158&iacute;zen&iacute; provozu podle v&yacute;stupn&iacute; teploty vody nebo podle teploty prostoru<\/li>\n<li style=\"text-align: justify;\">D&aacute;lkov&eacute; ovl&aacute;d&aacute;n&iacute; p\u0159es Wi-Fi nebo nad\u0159azen&yacute; syst&eacute;m (Modbus) odkudkoli<\/li>\n<li style=\"text-align: justify;\">R\u016fzn&eacute; funkce &ndash; dezinfekce, dovolen&aacute;, tich&yacute; re\u017eim, omezen&iacute; v&yacute;konu, kask&aacute;dov&eacute; \u0159&iacute;zen&iacute;<\/li>\n<li style=\"text-align: justify;\">P\u0159ipojen&iacute; na Smart Grid &ndash; provoz za\u0159&iacute;zen&iacute; na z&aacute;klad\u011b vstupn&iacute;ch sign&aacute;l\u016f z fotovoltaick&eacute;ho syst&eacute;mu (&uacute;spora energie)<\/li>\n<li style=\"text-align: justify;\">Mo\u017enost ovl&aacute;d&aacute;n&iacute; 2 samostatn&yacute;ch topn&yacute;ch z&oacute;n &ndash; nap\u0159&iacute;klad radi&aacute;tory a podlahov&eacute; vyt&aacute;p\u011bn&iacute;<\/li>\n<li style=\"text-align: justify;\">Jednoduch&aacute; instalace a servis<\/li>\n<li style=\"text-align: justify;\">Z&aacute;ruka 5 let<\/li>\n<\/ul>\n","protected":false},"excerpt":{"rendered":"<p style=\"text-align: justify;\">Model <strong>Hyundai Extreme HPMO<\/strong> je reziden\u010dn&iacute; tepeln&eacute; \u010derpadlo <strong>vzduch-voda<\/strong> s&nbsp;vysokou &uacute;\u010dinnost&iacute;, v&nbsp;proveden&iacute; <strong>monoblok<\/strong> (nevy\u017eaduje odbornou mont&aacute;\u017e chla\u010fa\u0159em, chladivov&yacute; okruh je uzav\u0159en&yacute; a napln\u011bn&yacute; z&nbsp;v&yacute;roby). Tento model je vhodn&yacute; pro rodinn&eacute; domy s nedostatkem prostoru v technick&eacute; m&iacute;stnosti. Za\u0159&iacute;zen&iacute; a v&scaron;echny jeho funkce je mo\u017en&eacute; ovl&aacute;dat prost\u0159ednictv&iacute;m <strong>dotykov&eacute;ho<\/strong> <strong>kabelov&eacute;ho ovlada\u010de<\/strong> \u010di prost\u0159ednictv&iacute;m <strong>Wi-Fi<\/strong>, kter&eacute; umo\u017e\u0148uje tepeln&eacute; \u010derpadlo Hyundai spravovat odkudkoliv.<\/p>\n","protected":false},"featured_media":541726,"template":"","meta":[],"product_cat":[10777,10778,10769],"product_tag":[],"class_list":{"0":"post-540476","1":"product","2":"type-product","3":"status-publish","4":"has-post-thumbnail","6":"product_cat-tepelna-cerpadla-archivovane-produkty","7":"product_cat-archivovane-produkty-tepelna-cerpadla","8":"product_cat-archivovane-produkty","9":"pa_extra-funkce-hpmo-r32","10":"pa_label-archivovany","11":"pa_max-vystupni-voda-11262","12":"pa_napajeni-1f-230v","13":"pa_prikon-vytapeni-11330","14":"pa_provedeni-monoblok","15":"pa_qch-pri-von-tep-35c-voda-7-11201","16":"pa_qvyk-pri-7c-vonk-35c-voda-11329","17":"pa_typ-chladiva-r32","18":"pa_vyk-do-von-tepl-c-25-c","19":"pa_vykon-spiraly-kw-nema","20":"pa_vykonovy-model-kw-6-az-7kw","21":"pa_wifi-ovladani-zabudovane","22":"pa_znacka-hyundai","24":"first","25":"outofstock","26":"taxable","27":"shipping-taxable","28":"purchasable","29":"product-type-simple"},"yoast_head":"<!-- This site is optimized with the Yoast SEO plugin v23.9 - https:\/\/yoast.com\/wordpress\/plugins\/seo\/ -->\n<title>Tepeln\u00e9 \u010derpadlo Hyundai Extreme monoblok HPMO R32 230V 6kW - KLIMAVEX GROUP - \u010cesko<\/title>\n<meta name=\"robots\" content=\"index, follow, max-snippet:-1, max-image-preview:large, max-video-preview:-1\" \/>\n<link rel=\"canonical\" href=\"https:\/\/klimavex.eu\/cz\/katalog\/tepelne-cerpadlo-hyundai-extreme-monoblok-hpmo-r32-230v-6kw\/\" \/>\n<meta property=\"og:locale\" content=\"cs_CZ\" \/>\n<meta property=\"og:type\" content=\"article\" \/>\n<meta property=\"og:title\" content=\"Tepeln\u00e9 \u010derpadlo Hyundai Extreme monoblok HPMO R32 230V 6kW - KLIMAVEX GROUP - \u010cesko\" \/>\n<meta property=\"og:description\" content=\"Model Hyundai Extreme HPMO je reziden\u010dn&iacute; tepeln&eacute; \u010derpadlo vzduch-voda s&nbsp;vysokou &uacute;\u010dinnost&iacute;, v&nbsp;proveden&iacute; monoblok (nevy\u017eaduje odbornou mont&aacute;\u017e chla\u010fa\u0159em, chladivov&yacute; okruh je uzav\u0159en&yacute; a napln\u011bn&yacute; z&nbsp;v&yacute;roby). Tento model je vhodn&yacute; pro rodinn&eacute; domy s nedostatkem prostoru v technick&eacute; m&iacute;stnosti. Za\u0159&iacute;zen&iacute; a v&scaron;echny jeho funkce je mo\u017en&eacute; ovl&aacute;dat prost\u0159ednictv&iacute;m dotykov&eacute;ho kabelov&eacute;ho ovlada\u010de \u010di prost\u0159ednictv&iacute;m Wi-Fi, kter&eacute; umo\u017e\u0148uje tepeln&eacute; \u010derpadlo Hyundai spravovat odkudkoliv.\" \/>\n<meta property=\"og:url\" content=\"https:\/\/klimavex.eu\/cz\/katalog\/tepelne-cerpadlo-hyundai-extreme-monoblok-hpmo-r32-230v-6kw\/\" \/>\n<meta property=\"og:site_name\" content=\"KLIMAVEX GROUP - \u010cesko\" \/>\n<meta property=\"article:publisher\" content=\"https:\/\/www.facebook.com\/klimavex.cz\" \/>\n<meta property=\"article:modified_time\" content=\"2026-04-02T13:56:36+00:00\" \/>\n<meta property=\"og:image\" content=\"https:\/\/klimavex.eu\/cz\/wp-content\/uploads\/2025\/09\/FoYeHfejI9ax-cp_uXHRx8sNxtROLMgFRd_S_LgnaTI.png\" \/>\n\t<meta property=\"og:image:width\" content=\"512\" \/>\n\t<meta property=\"og:image:height\" content=\"512\" \/>\n\t<meta property=\"og:image:type\" content=\"image\/png\" \/>\n<meta name=\"twitter:card\" content=\"summary_large_image\" \/>\n<meta name=\"twitter:label1\" content=\"Odhadovan\u00e1 doba \u010dten\u00ed\" \/>\n\t<meta name=\"twitter:data1\" content=\"1 minuta\" \/>\n<script type=\"application\/ld+json\" class=\"yoast-schema-graph\">{\"@context\":\"https:\/\/schema.org\",\"@graph\":[{\"@type\":\"WebPage\",\"@id\":\"https:\/\/klimavex.eu\/cz\/katalog\/tepelne-cerpadlo-hyundai-extreme-monoblok-hpmo-r32-230v-6kw\/\",\"url\":\"https:\/\/klimavex.eu\/cz\/katalog\/tepelne-cerpadlo-hyundai-extreme-monoblok-hpmo-r32-230v-6kw\/\",\"name\":\"Tepeln\u00e9 \u010derpadlo Hyundai Extreme monoblok HPMO R32 230V 6kW - KLIMAVEX GROUP - \u010cesko\",\"isPartOf\":{\"@id\":\"https:\/\/klimavex.eu\/cz\/#website\"},\"primaryImageOfPage\":{\"@id\":\"https:\/\/klimavex.eu\/cz\/katalog\/tepelne-cerpadlo-hyundai-extreme-monoblok-hpmo-r32-230v-6kw\/#primaryimage\"},\"image\":{\"@id\":\"https:\/\/klimavex.eu\/cz\/katalog\/tepelne-cerpadlo-hyundai-extreme-monoblok-hpmo-r32-230v-6kw\/#primaryimage\"},\"thumbnailUrl\":\"https:\/\/klimavex.eu\/cz\/wp-content\/uploads\/2025\/09\/FoYeHfejI9ax-cp_uXHRx8sNxtROLMgFRd_S_LgnaTI.png\",\"datePublished\":\"2026-04-02T13:55:43+00:00\",\"dateModified\":\"2026-04-02T13:56:36+00:00\",\"breadcrumb\":{\"@id\":\"https:\/\/klimavex.eu\/cz\/katalog\/tepelne-cerpadlo-hyundai-extreme-monoblok-hpmo-r32-230v-6kw\/#breadcrumb\"},\"inLanguage\":\"cs\",\"potentialAction\":[{\"@type\":\"ReadAction\",\"target\":[\"https:\/\/klimavex.eu\/cz\/katalog\/tepelne-cerpadlo-hyundai-extreme-monoblok-hpmo-r32-230v-6kw\/\"]}]},{\"@type\":\"ImageObject\",\"inLanguage\":\"cs\",\"@id\":\"https:\/\/klimavex.eu\/cz\/katalog\/tepelne-cerpadlo-hyundai-extreme-monoblok-hpmo-r32-230v-6kw\/#primaryimage\",\"url\":\"https:\/\/klimavex.eu\/cz\/wp-content\/uploads\/2025\/09\/FoYeHfejI9ax-cp_uXHRx8sNxtROLMgFRd_S_LgnaTI.png\",\"contentUrl\":\"https:\/\/klimavex.eu\/cz\/wp-content\/uploads\/2025\/09\/FoYeHfejI9ax-cp_uXHRx8sNxtROLMgFRd_S_LgnaTI.png\",\"width\":512,\"height\":512},{\"@type\":\"BreadcrumbList\",\"@id\":\"https:\/\/klimavex.eu\/cz\/katalog\/tepelne-cerpadlo-hyundai-extreme-monoblok-hpmo-r32-230v-6kw\/#breadcrumb\",\"itemListElement\":[{\"@type\":\"ListItem\",\"position\":1,\"name\":\"Domovsk\u00e1 str\u00e1nka\",\"item\":\"https:\/\/klimavex.eu\/cz\/\"},{\"@type\":\"ListItem\",\"position\":2,\"name\":\"Eshop\",\"item\":\"https:\/\/klimavex.eu\/cz\/eshop\/\"},{\"@type\":\"ListItem\",\"position\":3,\"name\":\"Tepeln\u00e9 \u010derpadlo Hyundai Extreme monoblok HPMO R32 230V 6kW\"}]},{\"@type\":\"WebSite\",\"@id\":\"https:\/\/klimavex.eu\/cz\/#website\",\"url\":\"https:\/\/klimavex.eu\/cz\/\",\"name\":\"KLIMAVEX GROUP - \u010cesko\",\"description\":\"\",\"publisher\":{\"@id\":\"https:\/\/klimavex.eu\/cz\/#organization\"},\"alternateName\":\"KLIMAVEX CZ a.s.\",\"potentialAction\":[{\"@type\":\"SearchAction\",\"target\":{\"@type\":\"EntryPoint\",\"urlTemplate\":\"https:\/\/klimavex.eu\/cz\/?s={search_term_string}\"},\"query-input\":{\"@type\":\"PropertyValueSpecification\",\"valueRequired\":true,\"valueName\":\"search_term_string\"}}],\"inLanguage\":\"cs\"},{\"@type\":\"Organization\",\"@id\":\"https:\/\/klimavex.eu\/cz\/#organization\",\"name\":\"KLIMAVEX GROUP\",\"alternateName\":\"KLIMAVEX\",\"url\":\"https:\/\/klimavex.eu\/cz\/\",\"logo\":{\"@type\":\"ImageObject\",\"inLanguage\":\"cs\",\"@id\":\"https:\/\/klimavex.eu\/cz\/#\/schema\/logo\/image\/\",\"url\":\"https:\/\/klimavex.eu\/cz\/wp-content\/uploads\/2024\/04\/Klimavex-Group-logo.png\",\"contentUrl\":\"https:\/\/klimavex.eu\/cz\/wp-content\/uploads\/2024\/04\/Klimavex-Group-logo.png\",\"width\":1681,\"height\":472,\"caption\":\"KLIMAVEX GROUP\"},\"image\":{\"@id\":\"https:\/\/klimavex.eu\/cz\/#\/schema\/logo\/image\/\"},\"sameAs\":[\"https:\/\/www.facebook.com\/klimavex.cz\",\"https:\/\/www.instagram.com\/klimavex_cz\/\"]}]}<\/script>\n<!-- \/ Yoast SEO plugin. -->","yoast_head_json":{"title":"Tepeln\u00e9 \u010derpadlo Hyundai Extreme monoblok HPMO R32 230V 6kW - KLIMAVEX GROUP - \u010cesko","robots":{"index":"index","follow":"follow","max-snippet":"max-snippet:-1","max-image-preview":"max-image-preview:large","max-video-preview":"max-video-preview:-1"},"canonical":"https:\/\/klimavex.eu\/cz\/katalog\/tepelne-cerpadlo-hyundai-extreme-monoblok-hpmo-r32-230v-6kw\/","og_locale":"cs_CZ","og_type":"article","og_title":"Tepeln\u00e9 \u010derpadlo Hyundai Extreme monoblok HPMO R32 230V 6kW - KLIMAVEX GROUP - \u010cesko","og_description":"Model Hyundai Extreme HPMO je reziden\u010dn&iacute; tepeln&eacute; \u010derpadlo vzduch-voda s&nbsp;vysokou &uacute;\u010dinnost&iacute;, v&nbsp;proveden&iacute; monoblok (nevy\u017eaduje odbornou mont&aacute;\u017e chla\u010fa\u0159em, chladivov&yacute; okruh je uzav\u0159en&yacute; a napln\u011bn&yacute; z&nbsp;v&yacute;roby). Tento model je vhodn&yacute; pro rodinn&eacute; domy s nedostatkem prostoru v technick&eacute; m&iacute;stnosti. Za\u0159&iacute;zen&iacute; a v&scaron;echny jeho funkce je mo\u017en&eacute; ovl&aacute;dat prost\u0159ednictv&iacute;m dotykov&eacute;ho kabelov&eacute;ho ovlada\u010de \u010di prost\u0159ednictv&iacute;m Wi-Fi, kter&eacute; umo\u017e\u0148uje tepeln&eacute; \u010derpadlo Hyundai spravovat odkudkoliv.","og_url":"https:\/\/klimavex.eu\/cz\/katalog\/tepelne-cerpadlo-hyundai-extreme-monoblok-hpmo-r32-230v-6kw\/","og_site_name":"KLIMAVEX GROUP - \u010cesko","article_publisher":"https:\/\/www.facebook.com\/klimavex.cz","article_modified_time":"2026-04-02T13:56:36+00:00","og_image":[{"width":512,"height":512,"url":"https:\/\/klimavex.eu\/cz\/wp-content\/uploads\/2025\/09\/FoYeHfejI9ax-cp_uXHRx8sNxtROLMgFRd_S_LgnaTI.png","type":"image\/png"}],"twitter_card":"summary_large_image","twitter_misc":{"Odhadovan\u00e1 doba \u010dten\u00ed":"1 minuta"},"schema":{"@context":"https:\/\/schema.org","@graph":[{"@type":"WebPage","@id":"https:\/\/klimavex.eu\/cz\/katalog\/tepelne-cerpadlo-hyundai-extreme-monoblok-hpmo-r32-230v-6kw\/","url":"https:\/\/klimavex.eu\/cz\/katalog\/tepelne-cerpadlo-hyundai-extreme-monoblok-hpmo-r32-230v-6kw\/","name":"Tepeln\u00e9 \u010derpadlo Hyundai Extreme monoblok HPMO R32 230V 6kW - KLIMAVEX GROUP - \u010cesko","isPartOf":{"@id":"https:\/\/klimavex.eu\/cz\/#website"},"primaryImageOfPage":{"@id":"https:\/\/klimavex.eu\/cz\/katalog\/tepelne-cerpadlo-hyundai-extreme-monoblok-hpmo-r32-230v-6kw\/#primaryimage"},"image":{"@id":"https:\/\/klimavex.eu\/cz\/katalog\/tepelne-cerpadlo-hyundai-extreme-monoblok-hpmo-r32-230v-6kw\/#primaryimage"},"thumbnailUrl":"https:\/\/klimavex.eu\/cz\/wp-content\/uploads\/2025\/09\/FoYeHfejI9ax-cp_uXHRx8sNxtROLMgFRd_S_LgnaTI.png","datePublished":"2026-04-02T13:55:43+00:00","dateModified":"2026-04-02T13:56:36+00:00","breadcrumb":{"@id":"https:\/\/klimavex.eu\/cz\/katalog\/tepelne-cerpadlo-hyundai-extreme-monoblok-hpmo-r32-230v-6kw\/#breadcrumb"},"inLanguage":"cs","potentialAction":[{"@type":"ReadAction","target":["https:\/\/klimavex.eu\/cz\/katalog\/tepelne-cerpadlo-hyundai-extreme-monoblok-hpmo-r32-230v-6kw\/"]}]},{"@type":"ImageObject","inLanguage":"cs","@id":"https:\/\/klimavex.eu\/cz\/katalog\/tepelne-cerpadlo-hyundai-extreme-monoblok-hpmo-r32-230v-6kw\/#primaryimage","url":"https:\/\/klimavex.eu\/cz\/wp-content\/uploads\/2025\/09\/FoYeHfejI9ax-cp_uXHRx8sNxtROLMgFRd_S_LgnaTI.png","contentUrl":"https:\/\/klimavex.eu\/cz\/wp-content\/uploads\/2025\/09\/FoYeHfejI9ax-cp_uXHRx8sNxtROLMgFRd_S_LgnaTI.png","width":512,"height":512},{"@type":"BreadcrumbList","@id":"https:\/\/klimavex.eu\/cz\/katalog\/tepelne-cerpadlo-hyundai-extreme-monoblok-hpmo-r32-230v-6kw\/#breadcrumb","itemListElement":[{"@type":"ListItem","position":1,"name":"Domovsk\u00e1 str\u00e1nka","item":"https:\/\/klimavex.eu\/cz\/"},{"@type":"ListItem","position":2,"name":"Eshop","item":"https:\/\/klimavex.eu\/cz\/eshop\/"},{"@type":"ListItem","position":3,"name":"Tepeln\u00e9 \u010derpadlo Hyundai Extreme monoblok HPMO R32 230V 6kW"}]},{"@type":"WebSite","@id":"https:\/\/klimavex.eu\/cz\/#website","url":"https:\/\/klimavex.eu\/cz\/","name":"KLIMAVEX GROUP - \u010cesko","description":"","publisher":{"@id":"https:\/\/klimavex.eu\/cz\/#organization"},"alternateName":"KLIMAVEX CZ a.s.","potentialAction":[{"@type":"SearchAction","target":{"@type":"EntryPoint","urlTemplate":"https:\/\/klimavex.eu\/cz\/?s={search_term_string}"},"query-input":{"@type":"PropertyValueSpecification","valueRequired":true,"valueName":"search_term_string"}}],"inLanguage":"cs"},{"@type":"Organization","@id":"https:\/\/klimavex.eu\/cz\/#organization","name":"KLIMAVEX GROUP","alternateName":"KLIMAVEX","url":"https:\/\/klimavex.eu\/cz\/","logo":{"@type":"ImageObject","inLanguage":"cs","@id":"https:\/\/klimavex.eu\/cz\/#\/schema\/logo\/image\/","url":"https:\/\/klimavex.eu\/cz\/wp-content\/uploads\/2024\/04\/Klimavex-Group-logo.png","contentUrl":"https:\/\/klimavex.eu\/cz\/wp-content\/uploads\/2024\/04\/Klimavex-Group-logo.png","width":1681,"height":472,"caption":"KLIMAVEX GROUP"},"image":{"@id":"https:\/\/klimavex.eu\/cz\/#\/schema\/logo\/image\/"},"sameAs":["https:\/\/www.facebook.com\/klimavex.cz","https:\/\/www.instagram.com\/klimavex_cz\/"]}]}},"_links":{"self":[{"href":"https:\/\/klimavex.eu\/cz\/wp-json\/wp\/v2\/product\/540476","targetHints":{"allow":["GET"]}}],"collection":[{"href":"https:\/\/klimavex.eu\/cz\/wp-json\/wp\/v2\/product"}],"about":[{"href":"https:\/\/klimavex.eu\/cz\/wp-json\/wp\/v2\/types\/product"}],"version-history":[{"count":0,"href":"https:\/\/klimavex.eu\/cz\/wp-json\/wp\/v2\/product\/540476\/revisions"}],"wp:featuredmedia":[{"embeddable":true,"href":"https:\/\/klimavex.eu\/cz\/wp-json\/wp\/v2\/media\/541726"}],"wp:attachment":[{"href":"https:\/\/klimavex.eu\/cz\/wp-json\/wp\/v2\/media?parent=540476"}],"wp:term":[{"taxonomy":"product_cat","embeddable":true,"href":"https:\/\/klimavex.eu\/cz\/wp-json\/wp\/v2\/product_cat?post=540476"},{"taxonomy":"product_tag","embeddable":true,"href":"https:\/\/klimavex.eu\/cz\/wp-json\/wp\/v2\/product_tag?post=540476"}],"curies":[{"name":"wp","href":"https:\/\/api.w.org\/{rel}","templated":true}]}}