{"id":540489,"date":"2026-04-02T15:19:03","date_gmt":"2026-04-02T13:19:03","guid":{"rendered":"https:\/\/klimavex.eu\/cz\/katalog\/panasonic-zasobnik-tuv-s-tepelnym-cerpadlem-paw-dhw270c1f\/"},"modified":"2026-04-02T15:19:58","modified_gmt":"2026-04-02T13:19:58","slug":"panasonic-zasobnik-tuv-s-tepelnym-cerpadlem-paw-dhw270c1f","status":"publish","type":"product","link":"https:\/\/klimavex.eu\/cz\/katalog\/panasonic-zasobnik-tuv-s-tepelnym-cerpadlem-paw-dhw270c1f\/","title":{"rendered":"Panasonic z\u00e1sobn\u00edk TUV s tepeln\u00fdm \u010derpadlem PAW-DHW270C1F"},"content":{"rendered":"<p style=\"text-align:justify\"><span style=\"font-size:11pt\"><span style=\"font-family:Calibri,sans-serif\"><strong>Kl&iacute;\u010dov&eacute; vlastnosti<\/strong><\/span><\/span><\/p>\n<ul>\n<li style=\"text-align:justify\"><span style=\"font-size:11pt\"><span style=\"font-family:Calibri,sans-serif\">Vysoce &uacute;\u010dinn&eacute; tepeln&eacute; \u010derpadlo pro p\u0159&iacute;pravu tepl&eacute; vody t\u0159&iacute;dy A+<\/span><\/span><\/li>\n<li style=\"text-align:justify\"><span style=\"font-size:11pt\"><span style=\"font-family:Calibri,sans-serif\">Ve srovn&aacute;n&iacute; s&nbsp;tradi\u010dn&iacute;m elektrick&yacute;m oh\u0159&iacute;va\u010dem vody nab&iacute;z&iacute; ni\u017e&scaron;&iacute; spot\u0159ebu energie a\u017e o&nbsp;72&nbsp;% <\/span><\/span><\/li>\n<li style=\"text-align:justify\"><span style=\"font-size:11pt\"><span style=\"font-family:Calibri,sans-serif\">Snadn&aacute; instalace<\/span><\/span><\/li>\n<li style=\"text-align:justify\"><span style=\"font-size:11pt\"><span style=\"font-family:Calibri,sans-serif\">Tento oh\u0159&iacute;va\u010d vody je &scaron;etrn&yacute; k&nbsp;\u017eivotn&iacute;mu prost\u0159ed&iacute;, proto\u017ee neobsahuje CFC<\/span><\/span><\/li>\n<li style=\"text-align:justify\"><span style=\"font-size:11pt\"><span style=\"font-family:Calibri,sans-serif\">Digit&aacute;ln&iacute; ovl&aacute;dac&iacute; panel s&nbsp;monitorov&aacute;n&iacute;m spot\u0159eby elektrick&eacute; energie<\/span><\/span><\/li>\n<li style=\"text-align:justify\"><span style=\"font-size:11pt\"><span style=\"font-family:Calibri,sans-serif\">Fotovoltaick&yacute; provoz<\/span><\/span><\/li>\n<li style=\"text-align:justify\"><span style=\"font-size:11pt\"><span style=\"font-family:Calibri,sans-serif\">Kompatibiln&iacute; s&nbsp;instalacemi potrubn&iacute;ho s&aacute;n&iacute; \u010derstv&eacute;ho vzduchu<\/span><\/span><\/li>\n<li style=\"text-align:justify\"><span style=\"font-size:11pt\"><span style=\"font-family:Calibri,sans-serif\">V&yacute;m\u011bn&iacute;k pro kotel&nbsp;\/ sol&aacute;rn&iacute; syst&eacute;m (pouze u&nbsp;jednotky PAW-DHW270C1F)<\/span><\/span><\/li>\n<li style=\"text-align:justify\"><span style=\"font-size:11pt\"><span style=\"font-family:Calibri,sans-serif\">R\u016fzn&eacute; provozn&iacute; re\u017eimy dle pot\u0159eb u\u017eivatele<\/span><\/span><\/li>\n<li style=\"text-align:justify\"><span style=\"font-size:11pt\"><span style=\"font-family:Calibri,sans-serif\">AUTOMATICK&Yacute; re\u017eim: inteligentn&iacute; nastaven&iacute; c&iacute;lov&eacute; teploty d&iacute;ky sledov&aacute;n&iacute; spot\u0159eby tepl&eacute; vody<\/span><\/span><\/li>\n<li style=\"text-align:justify\"><span style=\"font-size:11pt\"><span style=\"font-family:Calibri,sans-serif\">Re\u017eimy BOOST, ECO a&nbsp;ABSENCE<\/span><\/span><\/li>\n<li style=\"text-align:justify\"><span style=\"font-size:11pt\"><span style=\"font-family:Calibri,sans-serif\">Smaltovan&aacute; vrstva vnit\u0159n&iacute;ho z&aacute;sobn&iacute;ku diamantov&eacute; kvality<\/span><\/span><\/li>\n<li style=\"text-align:justify\"><span style=\"font-size:11pt\"><span style=\"font-family:Calibri,sans-serif\">Tlakov&yacute; pojistn&yacute; ventil zaji&scaron;\u0165uje bezpe\u010dnost v&nbsp;p\u0159&iacute;pad\u011b z&aacute;vady nebo n&aacute;r\u016fstu tlaku<\/span><\/span><\/li>\n<li style=\"text-align:justify\"><span style=\"font-size:11pt\"><span style=\"font-family:Calibri,sans-serif\">Dielektrick&yacute; spoj zamezuj&iacute;c&iacute; korozi<\/span><\/span><\/li>\n<li style=\"text-align:justify\"><span style=\"font-size:11pt\"><span style=\"font-family:Calibri,sans-serif\">Speci&aacute;ln&iacute; jaz&yacute;\u010dkov&eacute; t\u011bsn\u011bn&iacute; zamezuje korozi kolem p\u0159&iacute;ruby<\/span><\/span><\/li>\n<\/ul>\n<p style=\"text-align:justify\">&nbsp;<\/p>\n","protected":false},"excerpt":{"rendered":"<p style=\"text-align:justify\"><span style=\"font-size:11pt\"><span style=\"font-family:Calibri,sans-serif\">Tepeln&aacute; \u010derpadla <strong>Panasonic DHW Stand Alone<\/strong> jsou vysoce &uacute;\u010dinn&aacute; tepeln&aacute; \u010derpadla <strong>pro oh\u0159ev vody<\/strong>. Jsou v&yacute;born&yacute;m \u0159e&scaron;en&iacute;m, kter&eacute; se p\u0159izp\u016fsob&iacute; rodinn&eacute;mu domu jak&eacute;hokoliv typu. Tento <strong>podlahov&yacute; typ<\/strong> je s&nbsp;<strong>objemem 270 l s&nbsp;dopl\u0148kov&yacute;m v&yacute;m\u011bn&iacute;kem<\/strong> za &uacute;\u010delem dosa\u017een&iacute; je&scaron;t\u011b vy&scaron;&scaron;&iacute; &uacute;\u010dinnosti. Tuto verzi lze p\u0159ipojit k&nbsp;syst&eacute;mu p\u0159&iacute;pravy tepl&eacute; vody ze sol&aacute;rn&iacute; energie.<\/span><\/span><\/p>\n","protected":false},"featured_media":541775,"template":"","meta":[],"product_cat":[7752],"product_tag":[],"class_list":{"0":"post-540489","1":"product","2":"type-product","3":"status-publish","4":"has-post-thumbnail","6":"product_cat-dhw-zasobniky-s-tepelnym-cerpadlem","7":"pa_max-vystupni-voda-11343","8":"pa_napajeni-1f-230v","9":"pa_objem-nadrze-tuv-11344","10":"pa_znacka-panasonic","12":"first","13":"instock","14":"taxable","15":"shipping-taxable","16":"purchasable","17":"product-type-simple"},"yoast_head":"<!-- This site is optimized with the Yoast SEO plugin v23.9 - https:\/\/yoast.com\/wordpress\/plugins\/seo\/ -->\n<title>Panasonic z\u00e1sobn\u00edk TUV s tepeln\u00fdm \u010derpadlem PAW-DHW270C1F - KLIMAVEX GROUP - \u010cesko<\/title>\n<meta name=\"robots\" content=\"index, follow, max-snippet:-1, max-image-preview:large, max-video-preview:-1\" \/>\n<link rel=\"canonical\" href=\"https:\/\/klimavex.eu\/cz\/katalog\/panasonic-zasobnik-tuv-s-tepelnym-cerpadlem-paw-dhw270c1f\/\" \/>\n<meta property=\"og:locale\" content=\"cs_CZ\" \/>\n<meta property=\"og:type\" content=\"article\" \/>\n<meta property=\"og:title\" content=\"Panasonic z\u00e1sobn\u00edk TUV s tepeln\u00fdm \u010derpadlem PAW-DHW270C1F - KLIMAVEX GROUP - \u010cesko\" \/>\n<meta property=\"og:description\" content=\"Tepeln&aacute; \u010derpadla Panasonic DHW Stand Alone jsou vysoce &uacute;\u010dinn&aacute; tepeln&aacute; \u010derpadla pro oh\u0159ev vody. Jsou v&yacute;born&yacute;m \u0159e&scaron;en&iacute;m, kter&eacute; se p\u0159izp\u016fsob&iacute; rodinn&eacute;mu domu jak&eacute;hokoliv typu. Tento podlahov&yacute; typ je s&nbsp;objemem 270 l s&nbsp;dopl\u0148kov&yacute;m v&yacute;m\u011bn&iacute;kem za &uacute;\u010delem dosa\u017een&iacute; je&scaron;t\u011b vy&scaron;&scaron;&iacute; &uacute;\u010dinnosti. Tuto verzi lze p\u0159ipojit k&nbsp;syst&eacute;mu p\u0159&iacute;pravy tepl&eacute; vody ze sol&aacute;rn&iacute; energie.\" \/>\n<meta property=\"og:url\" content=\"https:\/\/klimavex.eu\/cz\/katalog\/panasonic-zasobnik-tuv-s-tepelnym-cerpadlem-paw-dhw270c1f\/\" \/>\n<meta property=\"og:site_name\" content=\"KLIMAVEX GROUP - \u010cesko\" \/>\n<meta property=\"article:publisher\" content=\"https:\/\/www.facebook.com\/klimavex.cz\" \/>\n<meta property=\"article:modified_time\" content=\"2026-04-02T13:19:58+00:00\" \/>\n<meta property=\"og:image\" content=\"https:\/\/klimavex.eu\/cz\/wp-content\/uploads\/2025\/09\/7_8E-Ilcs7TPtkEsZ6OtsSrnby9xStlpExTAnjiPCsY.png\" \/>\n\t<meta property=\"og:image:width\" content=\"512\" \/>\n\t<meta property=\"og:image:height\" content=\"1625\" \/>\n\t<meta property=\"og:image:type\" content=\"image\/png\" \/>\n<meta name=\"twitter:card\" content=\"summary_large_image\" \/>\n<meta name=\"twitter:label1\" content=\"Odhadovan\u00e1 doba \u010dten\u00ed\" \/>\n\t<meta name=\"twitter:data1\" content=\"1 minuta\" \/>\n<script type=\"application\/ld+json\" class=\"yoast-schema-graph\">{\"@context\":\"https:\/\/schema.org\",\"@graph\":[{\"@type\":\"WebPage\",\"@id\":\"https:\/\/klimavex.eu\/cz\/katalog\/panasonic-zasobnik-tuv-s-tepelnym-cerpadlem-paw-dhw270c1f\/\",\"url\":\"https:\/\/klimavex.eu\/cz\/katalog\/panasonic-zasobnik-tuv-s-tepelnym-cerpadlem-paw-dhw270c1f\/\",\"name\":\"Panasonic z\u00e1sobn\u00edk TUV s tepeln\u00fdm \u010derpadlem PAW-DHW270C1F - KLIMAVEX GROUP - \u010cesko\",\"isPartOf\":{\"@id\":\"https:\/\/klimavex.eu\/cz\/#website\"},\"primaryImageOfPage\":{\"@id\":\"https:\/\/klimavex.eu\/cz\/katalog\/panasonic-zasobnik-tuv-s-tepelnym-cerpadlem-paw-dhw270c1f\/#primaryimage\"},\"image\":{\"@id\":\"https:\/\/klimavex.eu\/cz\/katalog\/panasonic-zasobnik-tuv-s-tepelnym-cerpadlem-paw-dhw270c1f\/#primaryimage\"},\"thumbnailUrl\":\"https:\/\/klimavex.eu\/cz\/wp-content\/uploads\/2025\/09\/7_8E-Ilcs7TPtkEsZ6OtsSrnby9xStlpExTAnjiPCsY.png\",\"datePublished\":\"2026-04-02T13:19:03+00:00\",\"dateModified\":\"2026-04-02T13:19:58+00:00\",\"breadcrumb\":{\"@id\":\"https:\/\/klimavex.eu\/cz\/katalog\/panasonic-zasobnik-tuv-s-tepelnym-cerpadlem-paw-dhw270c1f\/#breadcrumb\"},\"inLanguage\":\"cs\",\"potentialAction\":[{\"@type\":\"ReadAction\",\"target\":[\"https:\/\/klimavex.eu\/cz\/katalog\/panasonic-zasobnik-tuv-s-tepelnym-cerpadlem-paw-dhw270c1f\/\"]}]},{\"@type\":\"ImageObject\",\"inLanguage\":\"cs\",\"@id\":\"https:\/\/klimavex.eu\/cz\/katalog\/panasonic-zasobnik-tuv-s-tepelnym-cerpadlem-paw-dhw270c1f\/#primaryimage\",\"url\":\"https:\/\/klimavex.eu\/cz\/wp-content\/uploads\/2025\/09\/7_8E-Ilcs7TPtkEsZ6OtsSrnby9xStlpExTAnjiPCsY.png\",\"contentUrl\":\"https:\/\/klimavex.eu\/cz\/wp-content\/uploads\/2025\/09\/7_8E-Ilcs7TPtkEsZ6OtsSrnby9xStlpExTAnjiPCsY.png\",\"width\":512,\"height\":1625},{\"@type\":\"BreadcrumbList\",\"@id\":\"https:\/\/klimavex.eu\/cz\/katalog\/panasonic-zasobnik-tuv-s-tepelnym-cerpadlem-paw-dhw270c1f\/#breadcrumb\",\"itemListElement\":[{\"@type\":\"ListItem\",\"position\":1,\"name\":\"Domovsk\u00e1 str\u00e1nka\",\"item\":\"https:\/\/klimavex.eu\/cz\/\"},{\"@type\":\"ListItem\",\"position\":2,\"name\":\"Eshop\",\"item\":\"https:\/\/klimavex.eu\/cz\/eshop\/\"},{\"@type\":\"ListItem\",\"position\":3,\"name\":\"Panasonic z\u00e1sobn\u00edk TUV s tepeln\u00fdm \u010derpadlem PAW-DHW270C1F\"}]},{\"@type\":\"WebSite\",\"@id\":\"https:\/\/klimavex.eu\/cz\/#website\",\"url\":\"https:\/\/klimavex.eu\/cz\/\",\"name\":\"KLIMAVEX GROUP - \u010cesko\",\"description\":\"\",\"publisher\":{\"@id\":\"https:\/\/klimavex.eu\/cz\/#organization\"},\"alternateName\":\"KLIMAVEX CZ a.s.\",\"potentialAction\":[{\"@type\":\"SearchAction\",\"target\":{\"@type\":\"EntryPoint\",\"urlTemplate\":\"https:\/\/klimavex.eu\/cz\/?s={search_term_string}\"},\"query-input\":{\"@type\":\"PropertyValueSpecification\",\"valueRequired\":true,\"valueName\":\"search_term_string\"}}],\"inLanguage\":\"cs\"},{\"@type\":\"Organization\",\"@id\":\"https:\/\/klimavex.eu\/cz\/#organization\",\"name\":\"KLIMAVEX GROUP\",\"alternateName\":\"KLIMAVEX\",\"url\":\"https:\/\/klimavex.eu\/cz\/\",\"logo\":{\"@type\":\"ImageObject\",\"inLanguage\":\"cs\",\"@id\":\"https:\/\/klimavex.eu\/cz\/#\/schema\/logo\/image\/\",\"url\":\"https:\/\/klimavex.eu\/cz\/wp-content\/uploads\/2024\/04\/Klimavex-Group-logo.png\",\"contentUrl\":\"https:\/\/klimavex.eu\/cz\/wp-content\/uploads\/2024\/04\/Klimavex-Group-logo.png\",\"width\":1681,\"height\":472,\"caption\":\"KLIMAVEX GROUP\"},\"image\":{\"@id\":\"https:\/\/klimavex.eu\/cz\/#\/schema\/logo\/image\/\"},\"sameAs\":[\"https:\/\/www.facebook.com\/klimavex.cz\",\"https:\/\/www.instagram.com\/klimavex_cz\/\"]}]}<\/script>\n<!-- \/ Yoast SEO plugin. -->","yoast_head_json":{"title":"Panasonic z\u00e1sobn\u00edk TUV s tepeln\u00fdm \u010derpadlem PAW-DHW270C1F - KLIMAVEX GROUP - \u010cesko","robots":{"index":"index","follow":"follow","max-snippet":"max-snippet:-1","max-image-preview":"max-image-preview:large","max-video-preview":"max-video-preview:-1"},"canonical":"https:\/\/klimavex.eu\/cz\/katalog\/panasonic-zasobnik-tuv-s-tepelnym-cerpadlem-paw-dhw270c1f\/","og_locale":"cs_CZ","og_type":"article","og_title":"Panasonic z\u00e1sobn\u00edk TUV s tepeln\u00fdm \u010derpadlem PAW-DHW270C1F - KLIMAVEX GROUP - \u010cesko","og_description":"Tepeln&aacute; \u010derpadla Panasonic DHW Stand Alone jsou vysoce &uacute;\u010dinn&aacute; tepeln&aacute; \u010derpadla pro oh\u0159ev vody. Jsou v&yacute;born&yacute;m \u0159e&scaron;en&iacute;m, kter&eacute; se p\u0159izp\u016fsob&iacute; rodinn&eacute;mu domu jak&eacute;hokoliv typu. Tento podlahov&yacute; typ je s&nbsp;objemem 270 l s&nbsp;dopl\u0148kov&yacute;m v&yacute;m\u011bn&iacute;kem za &uacute;\u010delem dosa\u017een&iacute; je&scaron;t\u011b vy&scaron;&scaron;&iacute; &uacute;\u010dinnosti. Tuto verzi lze p\u0159ipojit k&nbsp;syst&eacute;mu p\u0159&iacute;pravy tepl&eacute; vody ze sol&aacute;rn&iacute; energie.","og_url":"https:\/\/klimavex.eu\/cz\/katalog\/panasonic-zasobnik-tuv-s-tepelnym-cerpadlem-paw-dhw270c1f\/","og_site_name":"KLIMAVEX GROUP - \u010cesko","article_publisher":"https:\/\/www.facebook.com\/klimavex.cz","article_modified_time":"2026-04-02T13:19:58+00:00","og_image":[{"width":512,"height":1625,"url":"https:\/\/klimavex.eu\/cz\/wp-content\/uploads\/2025\/09\/7_8E-Ilcs7TPtkEsZ6OtsSrnby9xStlpExTAnjiPCsY.png","type":"image\/png"}],"twitter_card":"summary_large_image","twitter_misc":{"Odhadovan\u00e1 doba \u010dten\u00ed":"1 minuta"},"schema":{"@context":"https:\/\/schema.org","@graph":[{"@type":"WebPage","@id":"https:\/\/klimavex.eu\/cz\/katalog\/panasonic-zasobnik-tuv-s-tepelnym-cerpadlem-paw-dhw270c1f\/","url":"https:\/\/klimavex.eu\/cz\/katalog\/panasonic-zasobnik-tuv-s-tepelnym-cerpadlem-paw-dhw270c1f\/","name":"Panasonic z\u00e1sobn\u00edk TUV s tepeln\u00fdm \u010derpadlem PAW-DHW270C1F - KLIMAVEX GROUP - \u010cesko","isPartOf":{"@id":"https:\/\/klimavex.eu\/cz\/#website"},"primaryImageOfPage":{"@id":"https:\/\/klimavex.eu\/cz\/katalog\/panasonic-zasobnik-tuv-s-tepelnym-cerpadlem-paw-dhw270c1f\/#primaryimage"},"image":{"@id":"https:\/\/klimavex.eu\/cz\/katalog\/panasonic-zasobnik-tuv-s-tepelnym-cerpadlem-paw-dhw270c1f\/#primaryimage"},"thumbnailUrl":"https:\/\/klimavex.eu\/cz\/wp-content\/uploads\/2025\/09\/7_8E-Ilcs7TPtkEsZ6OtsSrnby9xStlpExTAnjiPCsY.png","datePublished":"2026-04-02T13:19:03+00:00","dateModified":"2026-04-02T13:19:58+00:00","breadcrumb":{"@id":"https:\/\/klimavex.eu\/cz\/katalog\/panasonic-zasobnik-tuv-s-tepelnym-cerpadlem-paw-dhw270c1f\/#breadcrumb"},"inLanguage":"cs","potentialAction":[{"@type":"ReadAction","target":["https:\/\/klimavex.eu\/cz\/katalog\/panasonic-zasobnik-tuv-s-tepelnym-cerpadlem-paw-dhw270c1f\/"]}]},{"@type":"ImageObject","inLanguage":"cs","@id":"https:\/\/klimavex.eu\/cz\/katalog\/panasonic-zasobnik-tuv-s-tepelnym-cerpadlem-paw-dhw270c1f\/#primaryimage","url":"https:\/\/klimavex.eu\/cz\/wp-content\/uploads\/2025\/09\/7_8E-Ilcs7TPtkEsZ6OtsSrnby9xStlpExTAnjiPCsY.png","contentUrl":"https:\/\/klimavex.eu\/cz\/wp-content\/uploads\/2025\/09\/7_8E-Ilcs7TPtkEsZ6OtsSrnby9xStlpExTAnjiPCsY.png","width":512,"height":1625},{"@type":"BreadcrumbList","@id":"https:\/\/klimavex.eu\/cz\/katalog\/panasonic-zasobnik-tuv-s-tepelnym-cerpadlem-paw-dhw270c1f\/#breadcrumb","itemListElement":[{"@type":"ListItem","position":1,"name":"Domovsk\u00e1 str\u00e1nka","item":"https:\/\/klimavex.eu\/cz\/"},{"@type":"ListItem","position":2,"name":"Eshop","item":"https:\/\/klimavex.eu\/cz\/eshop\/"},{"@type":"ListItem","position":3,"name":"Panasonic z\u00e1sobn\u00edk TUV s tepeln\u00fdm \u010derpadlem PAW-DHW270C1F"}]},{"@type":"WebSite","@id":"https:\/\/klimavex.eu\/cz\/#website","url":"https:\/\/klimavex.eu\/cz\/","name":"KLIMAVEX GROUP - \u010cesko","description":"","publisher":{"@id":"https:\/\/klimavex.eu\/cz\/#organization"},"alternateName":"KLIMAVEX CZ a.s.","potentialAction":[{"@type":"SearchAction","target":{"@type":"EntryPoint","urlTemplate":"https:\/\/klimavex.eu\/cz\/?s={search_term_string}"},"query-input":{"@type":"PropertyValueSpecification","valueRequired":true,"valueName":"search_term_string"}}],"inLanguage":"cs"},{"@type":"Organization","@id":"https:\/\/klimavex.eu\/cz\/#organization","name":"KLIMAVEX GROUP","alternateName":"KLIMAVEX","url":"https:\/\/klimavex.eu\/cz\/","logo":{"@type":"ImageObject","inLanguage":"cs","@id":"https:\/\/klimavex.eu\/cz\/#\/schema\/logo\/image\/","url":"https:\/\/klimavex.eu\/cz\/wp-content\/uploads\/2024\/04\/Klimavex-Group-logo.png","contentUrl":"https:\/\/klimavex.eu\/cz\/wp-content\/uploads\/2024\/04\/Klimavex-Group-logo.png","width":1681,"height":472,"caption":"KLIMAVEX GROUP"},"image":{"@id":"https:\/\/klimavex.eu\/cz\/#\/schema\/logo\/image\/"},"sameAs":["https:\/\/www.facebook.com\/klimavex.cz","https:\/\/www.instagram.com\/klimavex_cz\/"]}]}},"_links":{"self":[{"href":"https:\/\/klimavex.eu\/cz\/wp-json\/wp\/v2\/product\/540489","targetHints":{"allow":["GET"]}}],"collection":[{"href":"https:\/\/klimavex.eu\/cz\/wp-json\/wp\/v2\/product"}],"about":[{"href":"https:\/\/klimavex.eu\/cz\/wp-json\/wp\/v2\/types\/product"}],"version-history":[{"count":0,"href":"https:\/\/klimavex.eu\/cz\/wp-json\/wp\/v2\/product\/540489\/revisions"}],"wp:featuredmedia":[{"embeddable":true,"href":"https:\/\/klimavex.eu\/cz\/wp-json\/wp\/v2\/media\/541775"}],"wp:attachment":[{"href":"https:\/\/klimavex.eu\/cz\/wp-json\/wp\/v2\/media?parent=540489"}],"wp:term":[{"taxonomy":"product_cat","embeddable":true,"href":"https:\/\/klimavex.eu\/cz\/wp-json\/wp\/v2\/product_cat?post=540489"},{"taxonomy":"product_tag","embeddable":true,"href":"https:\/\/klimavex.eu\/cz\/wp-json\/wp\/v2\/product_tag?post=540489"}],"curies":[{"name":"wp","href":"https:\/\/api.w.org\/{rel}","templated":true}]}}