{"id":540496,"date":"2026-04-02T15:20:01","date_gmt":"2026-04-02T13:20:01","guid":{"rendered":"https:\/\/klimavex.eu\/cz\/katalog\/tepelne-cerpadlo-hyundai-extreme-monoblok-hpmo-r290-230v-4kw-cerne\/"},"modified":"2026-04-02T15:20:10","modified_gmt":"2026-04-02T13:20:10","slug":"tepelne-cerpadlo-hyundai-extreme-monoblok-hpmo-r290-230v-4kw-cerne","status":"publish","type":"product","link":"https:\/\/klimavex.eu\/cz\/katalog\/tepelne-cerpadlo-hyundai-extreme-monoblok-hpmo-r290-230v-4kw-cerne\/","title":{"rendered":"Tepeln\u00e9 \u010derpadlo Hyundai Extreme monoblok HPMO R290 230V 4kW \u010dern\u00e9"},"content":{"rendered":"<p style=\"text-align:justify\"><span style=\"font-size:11pt\"><span style=\"font-family:Calibri,sans-serif\"><strong><span style=\"color:black\">Kl&iacute;\u010dov&eacute; vlastnosti<\/span><\/strong><\/span><\/span><\/p>\n<ul>\n<li style=\"text-align:justify\"><span style=\"font-size:11pt\"><span style=\"font-family:Calibri,sans-serif\"><span style=\"color:black\">Vysok&aacute; &uacute;\u010dinnost &ndash; energetick&aacute; t\u0159&iacute;da a\u017e A+++<\/span><\/span><\/span><\/li>\n<li style=\"text-align:justify\"><span style=\"font-size:11pt\"><span style=\"font-family:Calibri,sans-serif\"><span style=\"color:black\">Velmi tich&yacute; provoz<\/span><\/span><\/span><\/li>\n<li style=\"text-align:justify\"><span style=\"font-size:11pt\"><span style=\"font-family:Calibri,sans-serif\"><span style=\"color:black\">Ovl&aacute;d&aacute;n&iacute; a\u017e 4 extern&iacute;ch ob\u011bhov&yacute;ch \u010derpadel<\/span><\/span><\/span><\/li>\n<li style=\"text-align:justify\"><span style=\"font-size:11pt\"><span style=\"font-family:Calibri,sans-serif\"><span style=\"color:black\">Maxim&aacute;ln&iacute; v&yacute;stupn&iacute; teplota vody a\u017e do 75&deg;C<\/span><\/span><\/span><\/li>\n<li style=\"text-align:justify\"><span style=\"font-size:11pt\"><span style=\"font-family:Calibri,sans-serif\"><span style=\"color:black\">&Uacute;\u010dinn&eacute; vyt&aacute;p\u011bn&iacute; p\u0159i teplot&aacute;ch venkovn&iacute;ho vzduchu a\u017e do -25 &deg;C<\/span><\/span><\/span><\/li>\n<li style=\"text-align:justify\"><span style=\"font-size:11pt\"><span style=\"font-family:Calibri,sans-serif\"><span style=\"color:black\">Dvojit&yacute; rota\u010dn&iacute; kompresor s DC inverterem<\/span><\/span><\/span><\/li>\n<li style=\"text-align:justify\"><span style=\"font-size:11pt\"><span style=\"font-family:Calibri,sans-serif\"><span style=\"color:black\">DC motor ventil&aacute;toru<\/span><\/span><\/span><\/li>\n<li style=\"text-align:justify\"><span style=\"font-size:11pt\"><span style=\"font-family:Calibri,sans-serif\"><span style=\"color:black\">Oh\u0159ev vany venkovn&iacute; jednotky<\/span><\/span><\/span><\/li>\n<li style=\"text-align:justify\"><span style=\"font-size:11pt\"><span style=\"font-family:Calibri,sans-serif\"><span style=\"color:black\">Zabudovan&aacute; el. spir&aacute;la 3kW (modely 04-10) <\/span><\/span><\/span><\/li>\n<li style=\"text-align:justify\"><span style=\"font-size:11pt\"><span style=\"font-family:Calibri,sans-serif\"><span style=\"color:black\">Zabudovan&aacute; el. spir&aacute;la 9kW (modely 12-16)<\/span><\/span><\/span><\/li>\n<li style=\"text-align:justify\"><span style=\"font-size:11pt\"><span style=\"font-family:Calibri,sans-serif\"><span style=\"color:black\">Vodn&iacute; filtr a sn&iacute;ma\u010d teploty pro n&aacute;dr\u017e na TUV<\/span><\/span><\/span><\/li>\n<li style=\"text-align:justify\"><span style=\"font-size:11pt\"><span style=\"font-family:Calibri,sans-serif\"><span style=\"color:black\">Menu ovlada\u010de s \u010de&scaron;tinou, t&yacute;denn&iacute; \u010dasova\u010d<\/span><\/span><\/span><\/li>\n<li style=\"text-align:justify\"><span style=\"font-size:11pt\"><span style=\"font-family:Calibri,sans-serif\"><span style=\"color:black\">Ekvitermick&aacute; regulace podle venkovn&iacute; teploty<\/span><\/span><\/span><\/li>\n<li style=\"text-align:justify\"><span style=\"font-size:11pt\"><span style=\"font-family:Calibri,sans-serif\"><span style=\"color:black\">Regulace podle teploty prostoru nebo teploty vody<\/span><\/span><\/span><\/li>\n<li style=\"text-align:justify\"><span style=\"font-size:11pt\"><span style=\"font-family:Calibri,sans-serif\"><span style=\"color:black\">Dvouz&oacute;nov&eacute; \u0159&iacute;zen&iacute; pomoc&iacute; extern&iacute;ch termostat\u016f<\/span><\/span><\/span><\/li>\n<li style=\"text-align:justify\"><span style=\"font-size:11pt\"><span style=\"font-family:Calibri,sans-serif\"><span style=\"color:black\">P\u0159ipojen&iacute; na Smart Grid &ndash; provoz za\u0159&iacute;zen&iacute; na z&aacute;klad\u011b vstupn&iacute;ch sign&aacute;l\u016f z fotovoltaick&eacute;ho syst&eacute;mu (&uacute;spora energie)<\/span><\/span><\/span><\/li>\n<li style=\"text-align:justify\"><span style=\"font-size:11pt\"><span style=\"font-family:Calibri,sans-serif\"><span style=\"color:black\">R\u016fzn&eacute; funkce &ndash; dezinfekce, dovolen&aacute;, tich&yacute; re\u017eim, omezen&iacute; spot\u0159eby, kask&aacute;dov&eacute; ovl&aacute;d&aacute;n&iacute;<\/span><\/span><\/span><\/li>\n<li style=\"text-align:justify\"><span style=\"font-size:11pt\"><span style=\"font-family:Calibri,sans-serif\"><span style=\"color:black\">Jednoduch&aacute; instalace a servis<\/span><\/span><\/span><\/li>\n<li style=\"text-align:justify\"><span style=\"font-size:11pt\"><span style=\"font-family:Calibri,sans-serif\"><span style=\"color:black\">Z&aacute;ruka 5 let<\/span><\/span><\/span><\/li>\n<\/ul>\n","protected":false},"excerpt":{"rendered":"<p style=\"text-align:justify\"><span style=\"font-size:11pt\"><span style=\"font-family:Calibri,sans-serif\"><span style=\"color:black\">Model <\/span><strong><span style=\"color:black\">Hyundai Extreme HPMO<\/span><\/strong><span style=\"color:black\"> je reziden\u010dn&iacute; tepeln&eacute; \u010derpadlo <\/span><strong><span style=\"color:black\">vzduch-voda<\/span><\/strong><span style=\"color:black\"> s vysokou &uacute;\u010dinnost&iacute; a v&yacute;stupn&iacute; teplotou vody <\/span><strong><span style=\"color:black\">a\u017e 75&deg;C<\/span><\/strong><span style=\"color:black\">, v proveden&iacute; <\/span><strong><span style=\"color:black\">monoblok<\/span><\/strong><span style=\"color:black\"> (nevy\u017eaduje odbornou mont&aacute;\u017e chla\u010fa\u0159em, chladivov&yacute; okruh je uzav\u0159en&yacute; a napln\u011bn&yacute; z v&yacute;roby). Jednotka vyu\u017e&iacute;v&aacute; <\/span><strong><span style=\"color:black\">p\u0159&iacute;rodn&iacute; chladivo R290<\/span><\/strong><span style=\"color:black\"> s n&iacute;zk&yacute;m potenci&aacute;lem glob&aacute;ln&iacute;ho oteplov&aacute;n&iacute; <\/span><strong><span style=\"color:black\">GWP=3<\/span><\/strong><span style=\"color:black\">. <\/span><strong><span style=\"color:black\">\u010cern&eacute; proveden&iacute;<\/span><\/strong><span style=\"color:black\"> monobloku rovn\u011b\u017e spl\u0148uje nejvy&scaron;&scaron;&iacute; n&aacute;roky na modern&iacute; vzhled tepeln&yacute;ch \u010derpadel.<\/span><\/span><\/span><\/p>\n","protected":false},"featured_media":541793,"template":"","meta":[],"product_cat":[10777,10778,10769],"product_tag":[],"class_list":{"0":"post-540496","1":"product","2":"type-product","3":"status-publish","4":"has-post-thumbnail","6":"product_cat-tepelna-cerpadla-archivovane-produkty","7":"product_cat-archivovane-produkty-tepelna-cerpadla","8":"product_cat-archivovane-produkty","9":"pa_extra-funkce-hpmo","10":"pa_label-archivovany","11":"pa_max-vystupni-voda-11214","12":"pa_napajeni-1f-230v","13":"pa_prikon-vytapeni-11348","14":"pa_provedeni-monoblok","15":"pa_qch-pri-von-tep-35c-voda-7-11317","16":"pa_qvyk-pri-2c-vonk-35c-voda-11347","17":"pa_qvyk-pri-7c-vonk-35c-voda-11345","18":"pa_typ-chladiva-r290","19":"pa_ucinnost-cop-a-7-w35-11346","20":"pa_vyk-do-von-tepl-c-25-c","21":"pa_vykon-spiraly-kw-11196","22":"pa_vykonovy-model-kw-4-az-5kw","23":"pa_wifi-ovladani-zabudovane","24":"pa_znacka-hyundai","26":"first","27":"outofstock","28":"taxable","29":"shipping-taxable","30":"purchasable","31":"product-type-simple"},"yoast_head":"<!-- This site is optimized with the Yoast SEO plugin v23.9 - https:\/\/yoast.com\/wordpress\/plugins\/seo\/ -->\n<title>Tepeln\u00e9 \u010derpadlo Hyundai Extreme monoblok HPMO R290 230V 4kW \u010dern\u00e9 - KLIMAVEX GROUP - \u010cesko<\/title>\n<meta name=\"robots\" content=\"index, follow, max-snippet:-1, max-image-preview:large, max-video-preview:-1\" \/>\n<link rel=\"canonical\" href=\"https:\/\/klimavex.eu\/cz\/katalog\/tepelne-cerpadlo-hyundai-extreme-monoblok-hpmo-r290-230v-4kw-cerne\/\" \/>\n<meta property=\"og:locale\" content=\"cs_CZ\" \/>\n<meta property=\"og:type\" content=\"article\" \/>\n<meta property=\"og:title\" content=\"Tepeln\u00e9 \u010derpadlo Hyundai Extreme monoblok HPMO R290 230V 4kW \u010dern\u00e9 - KLIMAVEX GROUP - \u010cesko\" \/>\n<meta property=\"og:description\" content=\"Model Hyundai Extreme HPMO je reziden\u010dn&iacute; tepeln&eacute; \u010derpadlo vzduch-voda s vysokou &uacute;\u010dinnost&iacute; a v&yacute;stupn&iacute; teplotou vody a\u017e 75&deg;C, v proveden&iacute; monoblok (nevy\u017eaduje odbornou mont&aacute;\u017e chla\u010fa\u0159em, chladivov&yacute; okruh je uzav\u0159en&yacute; a napln\u011bn&yacute; z v&yacute;roby). Jednotka vyu\u017e&iacute;v&aacute; p\u0159&iacute;rodn&iacute; chladivo R290 s n&iacute;zk&yacute;m potenci&aacute;lem glob&aacute;ln&iacute;ho oteplov&aacute;n&iacute; GWP=3. \u010cern&eacute; proveden&iacute; monobloku rovn\u011b\u017e spl\u0148uje nejvy&scaron;&scaron;&iacute; n&aacute;roky na modern&iacute; vzhled tepeln&yacute;ch \u010derpadel.\" \/>\n<meta property=\"og:url\" content=\"https:\/\/klimavex.eu\/cz\/katalog\/tepelne-cerpadlo-hyundai-extreme-monoblok-hpmo-r290-230v-4kw-cerne\/\" \/>\n<meta property=\"og:site_name\" content=\"KLIMAVEX GROUP - \u010cesko\" \/>\n<meta property=\"article:publisher\" content=\"https:\/\/www.facebook.com\/klimavex.cz\" \/>\n<meta property=\"article:modified_time\" content=\"2026-04-02T13:20:10+00:00\" \/>\n<meta property=\"og:image\" content=\"https:\/\/klimavex.eu\/cz\/wp-content\/uploads\/2025\/09\/UrnEpLe_-2ce_C7nee8qwP_qkXy9bOFvxhQizJ7pgRI-2.png\" \/>\n\t<meta property=\"og:image:width\" content=\"512\" \/>\n\t<meta property=\"og:image:height\" content=\"512\" \/>\n\t<meta property=\"og:image:type\" content=\"image\/png\" \/>\n<meta name=\"twitter:card\" content=\"summary_large_image\" \/>\n<meta name=\"twitter:label1\" content=\"Odhadovan\u00e1 doba \u010dten\u00ed\" \/>\n\t<meta name=\"twitter:data1\" content=\"1 minuta\" \/>\n<script type=\"application\/ld+json\" class=\"yoast-schema-graph\">{\"@context\":\"https:\/\/schema.org\",\"@graph\":[{\"@type\":\"WebPage\",\"@id\":\"https:\/\/klimavex.eu\/cz\/katalog\/tepelne-cerpadlo-hyundai-extreme-monoblok-hpmo-r290-230v-4kw-cerne\/\",\"url\":\"https:\/\/klimavex.eu\/cz\/katalog\/tepelne-cerpadlo-hyundai-extreme-monoblok-hpmo-r290-230v-4kw-cerne\/\",\"name\":\"Tepeln\u00e9 \u010derpadlo Hyundai Extreme monoblok HPMO R290 230V 4kW \u010dern\u00e9 - KLIMAVEX GROUP - \u010cesko\",\"isPartOf\":{\"@id\":\"https:\/\/klimavex.eu\/cz\/#website\"},\"primaryImageOfPage\":{\"@id\":\"https:\/\/klimavex.eu\/cz\/katalog\/tepelne-cerpadlo-hyundai-extreme-monoblok-hpmo-r290-230v-4kw-cerne\/#primaryimage\"},\"image\":{\"@id\":\"https:\/\/klimavex.eu\/cz\/katalog\/tepelne-cerpadlo-hyundai-extreme-monoblok-hpmo-r290-230v-4kw-cerne\/#primaryimage\"},\"thumbnailUrl\":\"https:\/\/klimavex.eu\/cz\/wp-content\/uploads\/2025\/09\/UrnEpLe_-2ce_C7nee8qwP_qkXy9bOFvxhQizJ7pgRI-2.png\",\"datePublished\":\"2026-04-02T13:20:01+00:00\",\"dateModified\":\"2026-04-02T13:20:10+00:00\",\"breadcrumb\":{\"@id\":\"https:\/\/klimavex.eu\/cz\/katalog\/tepelne-cerpadlo-hyundai-extreme-monoblok-hpmo-r290-230v-4kw-cerne\/#breadcrumb\"},\"inLanguage\":\"cs\",\"potentialAction\":[{\"@type\":\"ReadAction\",\"target\":[\"https:\/\/klimavex.eu\/cz\/katalog\/tepelne-cerpadlo-hyundai-extreme-monoblok-hpmo-r290-230v-4kw-cerne\/\"]}]},{\"@type\":\"ImageObject\",\"inLanguage\":\"cs\",\"@id\":\"https:\/\/klimavex.eu\/cz\/katalog\/tepelne-cerpadlo-hyundai-extreme-monoblok-hpmo-r290-230v-4kw-cerne\/#primaryimage\",\"url\":\"https:\/\/klimavex.eu\/cz\/wp-content\/uploads\/2025\/09\/UrnEpLe_-2ce_C7nee8qwP_qkXy9bOFvxhQizJ7pgRI-2.png\",\"contentUrl\":\"https:\/\/klimavex.eu\/cz\/wp-content\/uploads\/2025\/09\/UrnEpLe_-2ce_C7nee8qwP_qkXy9bOFvxhQizJ7pgRI-2.png\",\"width\":512,\"height\":512},{\"@type\":\"BreadcrumbList\",\"@id\":\"https:\/\/klimavex.eu\/cz\/katalog\/tepelne-cerpadlo-hyundai-extreme-monoblok-hpmo-r290-230v-4kw-cerne\/#breadcrumb\",\"itemListElement\":[{\"@type\":\"ListItem\",\"position\":1,\"name\":\"Domovsk\u00e1 str\u00e1nka\",\"item\":\"https:\/\/klimavex.eu\/cz\/\"},{\"@type\":\"ListItem\",\"position\":2,\"name\":\"Eshop\",\"item\":\"https:\/\/klimavex.eu\/cz\/eshop\/\"},{\"@type\":\"ListItem\",\"position\":3,\"name\":\"Tepeln\u00e9 \u010derpadlo Hyundai Extreme monoblok HPMO R290 230V 4kW \u010dern\u00e9\"}]},{\"@type\":\"WebSite\",\"@id\":\"https:\/\/klimavex.eu\/cz\/#website\",\"url\":\"https:\/\/klimavex.eu\/cz\/\",\"name\":\"KLIMAVEX GROUP - \u010cesko\",\"description\":\"\",\"publisher\":{\"@id\":\"https:\/\/klimavex.eu\/cz\/#organization\"},\"alternateName\":\"KLIMAVEX CZ a.s.\",\"potentialAction\":[{\"@type\":\"SearchAction\",\"target\":{\"@type\":\"EntryPoint\",\"urlTemplate\":\"https:\/\/klimavex.eu\/cz\/?s={search_term_string}\"},\"query-input\":{\"@type\":\"PropertyValueSpecification\",\"valueRequired\":true,\"valueName\":\"search_term_string\"}}],\"inLanguage\":\"cs\"},{\"@type\":\"Organization\",\"@id\":\"https:\/\/klimavex.eu\/cz\/#organization\",\"name\":\"KLIMAVEX GROUP\",\"alternateName\":\"KLIMAVEX\",\"url\":\"https:\/\/klimavex.eu\/cz\/\",\"logo\":{\"@type\":\"ImageObject\",\"inLanguage\":\"cs\",\"@id\":\"https:\/\/klimavex.eu\/cz\/#\/schema\/logo\/image\/\",\"url\":\"https:\/\/klimavex.eu\/cz\/wp-content\/uploads\/2024\/04\/Klimavex-Group-logo.png\",\"contentUrl\":\"https:\/\/klimavex.eu\/cz\/wp-content\/uploads\/2024\/04\/Klimavex-Group-logo.png\",\"width\":1681,\"height\":472,\"caption\":\"KLIMAVEX GROUP\"},\"image\":{\"@id\":\"https:\/\/klimavex.eu\/cz\/#\/schema\/logo\/image\/\"},\"sameAs\":[\"https:\/\/www.facebook.com\/klimavex.cz\",\"https:\/\/www.instagram.com\/klimavex_cz\/\"]}]}<\/script>\n<!-- \/ Yoast SEO plugin. -->","yoast_head_json":{"title":"Tepeln\u00e9 \u010derpadlo Hyundai Extreme monoblok HPMO R290 230V 4kW \u010dern\u00e9 - KLIMAVEX GROUP - \u010cesko","robots":{"index":"index","follow":"follow","max-snippet":"max-snippet:-1","max-image-preview":"max-image-preview:large","max-video-preview":"max-video-preview:-1"},"canonical":"https:\/\/klimavex.eu\/cz\/katalog\/tepelne-cerpadlo-hyundai-extreme-monoblok-hpmo-r290-230v-4kw-cerne\/","og_locale":"cs_CZ","og_type":"article","og_title":"Tepeln\u00e9 \u010derpadlo Hyundai Extreme monoblok HPMO R290 230V 4kW \u010dern\u00e9 - KLIMAVEX GROUP - \u010cesko","og_description":"Model Hyundai Extreme HPMO je reziden\u010dn&iacute; tepeln&eacute; \u010derpadlo vzduch-voda s vysokou &uacute;\u010dinnost&iacute; a v&yacute;stupn&iacute; teplotou vody a\u017e 75&deg;C, v proveden&iacute; monoblok (nevy\u017eaduje odbornou mont&aacute;\u017e chla\u010fa\u0159em, chladivov&yacute; okruh je uzav\u0159en&yacute; a napln\u011bn&yacute; z v&yacute;roby). Jednotka vyu\u017e&iacute;v&aacute; p\u0159&iacute;rodn&iacute; chladivo R290 s n&iacute;zk&yacute;m potenci&aacute;lem glob&aacute;ln&iacute;ho oteplov&aacute;n&iacute; GWP=3. \u010cern&eacute; proveden&iacute; monobloku rovn\u011b\u017e spl\u0148uje nejvy&scaron;&scaron;&iacute; n&aacute;roky na modern&iacute; vzhled tepeln&yacute;ch \u010derpadel.","og_url":"https:\/\/klimavex.eu\/cz\/katalog\/tepelne-cerpadlo-hyundai-extreme-monoblok-hpmo-r290-230v-4kw-cerne\/","og_site_name":"KLIMAVEX GROUP - \u010cesko","article_publisher":"https:\/\/www.facebook.com\/klimavex.cz","article_modified_time":"2026-04-02T13:20:10+00:00","og_image":[{"width":512,"height":512,"url":"https:\/\/klimavex.eu\/cz\/wp-content\/uploads\/2025\/09\/UrnEpLe_-2ce_C7nee8qwP_qkXy9bOFvxhQizJ7pgRI-2.png","type":"image\/png"}],"twitter_card":"summary_large_image","twitter_misc":{"Odhadovan\u00e1 doba \u010dten\u00ed":"1 minuta"},"schema":{"@context":"https:\/\/schema.org","@graph":[{"@type":"WebPage","@id":"https:\/\/klimavex.eu\/cz\/katalog\/tepelne-cerpadlo-hyundai-extreme-monoblok-hpmo-r290-230v-4kw-cerne\/","url":"https:\/\/klimavex.eu\/cz\/katalog\/tepelne-cerpadlo-hyundai-extreme-monoblok-hpmo-r290-230v-4kw-cerne\/","name":"Tepeln\u00e9 \u010derpadlo Hyundai Extreme monoblok HPMO R290 230V 4kW \u010dern\u00e9 - KLIMAVEX GROUP - \u010cesko","isPartOf":{"@id":"https:\/\/klimavex.eu\/cz\/#website"},"primaryImageOfPage":{"@id":"https:\/\/klimavex.eu\/cz\/katalog\/tepelne-cerpadlo-hyundai-extreme-monoblok-hpmo-r290-230v-4kw-cerne\/#primaryimage"},"image":{"@id":"https:\/\/klimavex.eu\/cz\/katalog\/tepelne-cerpadlo-hyundai-extreme-monoblok-hpmo-r290-230v-4kw-cerne\/#primaryimage"},"thumbnailUrl":"https:\/\/klimavex.eu\/cz\/wp-content\/uploads\/2025\/09\/UrnEpLe_-2ce_C7nee8qwP_qkXy9bOFvxhQizJ7pgRI-2.png","datePublished":"2026-04-02T13:20:01+00:00","dateModified":"2026-04-02T13:20:10+00:00","breadcrumb":{"@id":"https:\/\/klimavex.eu\/cz\/katalog\/tepelne-cerpadlo-hyundai-extreme-monoblok-hpmo-r290-230v-4kw-cerne\/#breadcrumb"},"inLanguage":"cs","potentialAction":[{"@type":"ReadAction","target":["https:\/\/klimavex.eu\/cz\/katalog\/tepelne-cerpadlo-hyundai-extreme-monoblok-hpmo-r290-230v-4kw-cerne\/"]}]},{"@type":"ImageObject","inLanguage":"cs","@id":"https:\/\/klimavex.eu\/cz\/katalog\/tepelne-cerpadlo-hyundai-extreme-monoblok-hpmo-r290-230v-4kw-cerne\/#primaryimage","url":"https:\/\/klimavex.eu\/cz\/wp-content\/uploads\/2025\/09\/UrnEpLe_-2ce_C7nee8qwP_qkXy9bOFvxhQizJ7pgRI-2.png","contentUrl":"https:\/\/klimavex.eu\/cz\/wp-content\/uploads\/2025\/09\/UrnEpLe_-2ce_C7nee8qwP_qkXy9bOFvxhQizJ7pgRI-2.png","width":512,"height":512},{"@type":"BreadcrumbList","@id":"https:\/\/klimavex.eu\/cz\/katalog\/tepelne-cerpadlo-hyundai-extreme-monoblok-hpmo-r290-230v-4kw-cerne\/#breadcrumb","itemListElement":[{"@type":"ListItem","position":1,"name":"Domovsk\u00e1 str\u00e1nka","item":"https:\/\/klimavex.eu\/cz\/"},{"@type":"ListItem","position":2,"name":"Eshop","item":"https:\/\/klimavex.eu\/cz\/eshop\/"},{"@type":"ListItem","position":3,"name":"Tepeln\u00e9 \u010derpadlo Hyundai Extreme monoblok HPMO R290 230V 4kW \u010dern\u00e9"}]},{"@type":"WebSite","@id":"https:\/\/klimavex.eu\/cz\/#website","url":"https:\/\/klimavex.eu\/cz\/","name":"KLIMAVEX GROUP - \u010cesko","description":"","publisher":{"@id":"https:\/\/klimavex.eu\/cz\/#organization"},"alternateName":"KLIMAVEX CZ a.s.","potentialAction":[{"@type":"SearchAction","target":{"@type":"EntryPoint","urlTemplate":"https:\/\/klimavex.eu\/cz\/?s={search_term_string}"},"query-input":{"@type":"PropertyValueSpecification","valueRequired":true,"valueName":"search_term_string"}}],"inLanguage":"cs"},{"@type":"Organization","@id":"https:\/\/klimavex.eu\/cz\/#organization","name":"KLIMAVEX GROUP","alternateName":"KLIMAVEX","url":"https:\/\/klimavex.eu\/cz\/","logo":{"@type":"ImageObject","inLanguage":"cs","@id":"https:\/\/klimavex.eu\/cz\/#\/schema\/logo\/image\/","url":"https:\/\/klimavex.eu\/cz\/wp-content\/uploads\/2024\/04\/Klimavex-Group-logo.png","contentUrl":"https:\/\/klimavex.eu\/cz\/wp-content\/uploads\/2024\/04\/Klimavex-Group-logo.png","width":1681,"height":472,"caption":"KLIMAVEX GROUP"},"image":{"@id":"https:\/\/klimavex.eu\/cz\/#\/schema\/logo\/image\/"},"sameAs":["https:\/\/www.facebook.com\/klimavex.cz","https:\/\/www.instagram.com\/klimavex_cz\/"]}]}},"_links":{"self":[{"href":"https:\/\/klimavex.eu\/cz\/wp-json\/wp\/v2\/product\/540496","targetHints":{"allow":["GET"]}}],"collection":[{"href":"https:\/\/klimavex.eu\/cz\/wp-json\/wp\/v2\/product"}],"about":[{"href":"https:\/\/klimavex.eu\/cz\/wp-json\/wp\/v2\/types\/product"}],"version-history":[{"count":0,"href":"https:\/\/klimavex.eu\/cz\/wp-json\/wp\/v2\/product\/540496\/revisions"}],"wp:featuredmedia":[{"embeddable":true,"href":"https:\/\/klimavex.eu\/cz\/wp-json\/wp\/v2\/media\/541793"}],"wp:attachment":[{"href":"https:\/\/klimavex.eu\/cz\/wp-json\/wp\/v2\/media?parent=540496"}],"wp:term":[{"taxonomy":"product_cat","embeddable":true,"href":"https:\/\/klimavex.eu\/cz\/wp-json\/wp\/v2\/product_cat?post=540496"},{"taxonomy":"product_tag","embeddable":true,"href":"https:\/\/klimavex.eu\/cz\/wp-json\/wp\/v2\/product_tag?post=540496"}],"curies":[{"name":"wp","href":"https:\/\/api.w.org\/{rel}","templated":true}]}}