{"id":540511,"date":"2026-04-02T15:20:01","date_gmt":"2026-04-02T13:20:01","guid":{"rendered":"https:\/\/klimavex.eu\/cz\/katalog\/tepelne-cerpadlo-samsung-ehs-mono-ht-quiet-8kw-3f\/"},"modified":"2026-04-02T15:20:28","modified_gmt":"2026-04-02T13:20:28","slug":"tepelne-cerpadlo-samsung-ehs-mono-ht-quiet-r32-400v-8kw","status":"publish","type":"product","link":"https:\/\/klimavex.eu\/cz\/katalog\/tepelne-cerpadlo-samsung-ehs-mono-ht-quiet-r32-400v-8kw\/","title":{"rendered":"Tepeln\u00e9 \u010derpadlo Samsung EHS Mono HT Quiet R32 400V 8kW"},"content":{"rendered":"<p style=\"text-align:justify\"><span style=\"font-size:11pt\"><span style=\"font-family:Calibri,sans-serif\"><strong>Kl&iacute;\u010dov&eacute; vlastnosti:<\/strong><\/span><\/span><\/p>\n<ul>\n<li style=\"text-align: justify;\"><span style=\"font-size:11pt\"><span style=\"font-family:Calibri,sans-serif\">Syst&eacute;m se skl&aacute;d&aacute; z venkovn&iacute; jednotky a \u0159&iacute;dic&iacute; sady<\/span><\/span><\/li>\n<li style=\"text-align: justify;\"><span style=\"font-size:11pt\"><span style=\"font-family:Calibri,sans-serif\">Kompatibilita se z&aacute;sobn&iacute;kem TUV t\u0159et&iacute; strany<\/span><\/span><\/li>\n<li style=\"text-align: justify;\"><span style=\"font-size:11pt\"><span style=\"font-family:Calibri,sans-serif\">Intuitivn&iacute; barevn&yacute; dotykov&yacute; ovlada\u010d ve v&iacute;ce jazyc&iacute;ch CZ, SK, EN<\/span><\/span><\/li>\n<li style=\"text-align: justify;\"><span style=\"font-size:11pt\"><span style=\"font-family:Calibri,sans-serif\">2z&oacute;nov&eacute; ovl&aacute;d&aacute;n&iacute;, vhodn&eacute; pro podlahov&eacute; vyt&aacute;p\u011bn&iacute; a radi&aacute;tory<\/span><\/span><\/li>\n<li style=\"text-align: justify;\"><span style=\"font-size:11pt\"><span style=\"font-family:Calibri,sans-serif\">SmartThings kompatibiln&iacute; s volitelnou sadou Wi-Fi<\/span><\/span><\/li>\n<li style=\"text-align: justify;\"><span style=\"font-size:11pt\"><span style=\"font-family:Calibri,sans-serif\">Provozn&iacute; rozsah vyt&aacute;p\u011bn&iacute; od -30&deg;C do 43&deg;C<\/span><\/span><\/li>\n<li style=\"text-align: justify;\"><span style=\"font-size:11pt\"><span style=\"font-family:Calibri,sans-serif\">Provozn&iacute; rozsah chlazen&iacute; od 10&deg;C do 46&deg;C<\/span><\/span><\/li>\n<li style=\"text-align: justify;\"><span style=\"font-size:11pt\"><span style=\"font-family:Calibri,sans-serif\">Provozn&iacute; rozsah oh\u0159evu TUV od -30&deg;C do 43&deg;C<\/span><\/span><\/li>\n<li style=\"text-align: justify;\"><span style=\"font-size:11pt\"><span style=\"font-family:Calibri,sans-serif\">Teplota v&yacute;stupn&iacute; vody (LWT) &ndash;&nbsp; vyt&aacute;p\u011bn&iacute; 15-70&deg;C, chlazen&iacute; 5-25&deg;C<\/span><\/span><\/li>\n<li style=\"text-align: justify;\"><span style=\"font-size:11pt\"><span style=\"font-family:Calibri,sans-serif\">Energetick&aacute; t\u0159&iacute;da A+++ (p\u0159i LWT 35&deg;C)<\/span><\/span><\/li>\n<li style=\"text-align: justify;\"><span style=\"font-size:11pt\"><span style=\"font-family:Calibri,sans-serif\">Hladina akustick&eacute;ho tlaku jmenovit&aacute; 42 dB(A), no\u010dn&iacute; re\u017eim 35 dB(A) (v 3m)<\/span><\/span><\/li>\n<li style=\"text-align: justify;\"><span style=\"font-size:11pt\"><span style=\"font-family:Calibri,sans-serif\">3f&aacute;zov&eacute; el. nap&aacute;jen&iacute;<\/span><\/span><\/li>\n<\/ul>\n","protected":false},"excerpt":{"rendered":"<p style=\"text-align:justify\"><span style=\"font-size:11pt\"><span style=\"font-family:Calibri,sans-serif\"><strong>Samsung EHS Mono HT Quiet<\/strong> je tepeln&eacute; \u010derpadlo <strong>vzduch-voda<\/strong> s&nbsp;<strong>vysokou teplotou topn&eacute; vody <\/strong>(a\u017e 70&deg;C) a <strong>n&iacute;zkou hlu\u010dnost&iacute; <\/strong>(od 35 dB(A)). Toto <strong>monoblok<\/strong> proveden&iacute; je vhodn&eacute; jak <strong>pro renovace dom\u016f<\/strong>, tak i <strong>pro nov&eacute; objekty<\/strong>. Jedn&aacute; se o prvot\u0159&iacute;dn&iacute; syst&eacute;m vyt&aacute;p\u011bn&iacute;, kter&yacute; lze jednodu&scaron;e a elegantn\u011b integrovat k&nbsp;r\u016fzn&yacute;m venkovn&iacute;m fas&aacute;d&aacute;m. S&nbsp;ohledem na vyu\u017eit&iacute; mal&eacute;ho mno\u017estv&iacute; <strong>chladiva R32<\/strong> se zm&iacute;r\u0148uj&iacute; negativn&iacute; dopady na glob&aacute;ln&iacute; oteplov&aacute;n&iacute;. Tepeln&eacute; \u010derpadlo lze nav&iacute;c d&aacute;lkov\u011b ovl&aacute;dat <strong>aplikac&iacute; SmartThings<\/strong>.<\/span><\/span><\/p>\n","protected":false},"featured_media":568826,"template":"","meta":[],"product_cat":[7774,7750,7772],"product_tag":[],"class_list":{"0":"post-540511","1":"product","2":"type-product","3":"status-publish","4":"has-post-thumbnail","6":"product_cat-monoblok-samsung-tepelna-cerpadla","7":"product_cat-tepelna-cerpadla","8":"product_cat-samsung-tepelna-cerpadla","9":"pa_extra-funkce-mono-ht-quiet","10":"pa_max-vystupni-voda-11226","11":"pa_napajeni-3f-400v","12":"pa_provedeni-monoblok-ht","13":"pa_qvyk-pri-7c-vonk-35c-voda-11246","14":"pa_typ-chladiva-r32","15":"pa_ucinnost-cop-a-7-w35-11247","16":"pa_vyk-do-von-tepl-c-30-c","17":"pa_vykon-spiraly-kw-11223","18":"pa_vykonovy-model-kw-8-az-9kw","19":"pa_wifi-ovladani-volitelne","20":"pa_znacka-samsung","22":"first","23":"instock","24":"taxable","25":"shipping-taxable","26":"purchasable","27":"product-type-simple"},"yoast_head":"<!-- This site is optimized with the Yoast SEO plugin v23.9 - https:\/\/yoast.com\/wordpress\/plugins\/seo\/ -->\n<title>Tepeln\u00e9 \u010derpadlo Samsung EHS Mono HT Quiet R32 400V 8kW - KLIMAVEX GROUP - \u010cesko<\/title>\n<meta name=\"robots\" content=\"index, follow, max-snippet:-1, max-image-preview:large, max-video-preview:-1\" \/>\n<link rel=\"canonical\" href=\"https:\/\/klimavex.eu\/cz\/katalog\/tepelne-cerpadlo-samsung-ehs-mono-ht-quiet-8kw-3f\/\" \/>\n<meta property=\"og:locale\" content=\"cs_CZ\" \/>\n<meta property=\"og:type\" content=\"article\" \/>\n<meta property=\"og:title\" content=\"Tepeln\u00e9 \u010derpadlo Samsung EHS Mono HT Quiet R32 400V 8kW - KLIMAVEX GROUP - \u010cesko\" \/>\n<meta property=\"og:description\" content=\"Samsung EHS Mono HT Quiet je tepeln&eacute; \u010derpadlo vzduch-voda s&nbsp;vysokou teplotou topn&eacute; vody (a\u017e 70&deg;C) a n&iacute;zkou hlu\u010dnost&iacute; (od 35 dB(A)). Toto monoblok proveden&iacute; je vhodn&eacute; jak pro renovace dom\u016f, tak i pro nov&eacute; objekty. Jedn&aacute; se o prvot\u0159&iacute;dn&iacute; syst&eacute;m vyt&aacute;p\u011bn&iacute;, kter&yacute; lze jednodu&scaron;e a elegantn\u011b integrovat k&nbsp;r\u016fzn&yacute;m venkovn&iacute;m fas&aacute;d&aacute;m. S&nbsp;ohledem na vyu\u017eit&iacute; mal&eacute;ho mno\u017estv&iacute; chladiva R32 se zm&iacute;r\u0148uj&iacute; negativn&iacute; dopady na glob&aacute;ln&iacute; oteplov&aacute;n&iacute;. Tepeln&eacute; \u010derpadlo lze nav&iacute;c d&aacute;lkov\u011b ovl&aacute;dat aplikac&iacute; SmartThings.\" \/>\n<meta property=\"og:url\" content=\"https:\/\/klimavex.eu\/cz\/katalog\/tepelne-cerpadlo-samsung-ehs-mono-ht-quiet-8kw-3f\/\" \/>\n<meta property=\"og:site_name\" content=\"KLIMAVEX GROUP - \u010cesko\" \/>\n<meta property=\"article:publisher\" content=\"https:\/\/www.facebook.com\/klimavex.cz\" \/>\n<meta property=\"article:modified_time\" content=\"2026-04-02T13:20:28+00:00\" \/>\n<meta property=\"og:image\" content=\"https:\/\/klimavex.eu\/cz\/wp-content\/uploads\/2025\/09\/iTNWdeSlh78688MjFTQ69o06WBsJHnhx_03i_S3dwRM-2.png\" \/>\n\t<meta property=\"og:image:width\" content=\"500\" \/>\n\t<meta property=\"og:image:height\" content=\"500\" \/>\n\t<meta property=\"og:image:type\" content=\"image\/png\" \/>\n<meta name=\"twitter:card\" content=\"summary_large_image\" \/>\n<meta name=\"twitter:label1\" content=\"Odhadovan\u00e1 doba \u010dten\u00ed\" \/>\n\t<meta name=\"twitter:data1\" content=\"1 minuta\" \/>\n<script type=\"application\/ld+json\" class=\"yoast-schema-graph\">{\"@context\":\"https:\/\/schema.org\",\"@graph\":[{\"@type\":\"WebPage\",\"@id\":\"https:\/\/klimavex.eu\/cz\/katalog\/tepelne-cerpadlo-samsung-ehs-mono-ht-quiet-8kw-3f\/\",\"url\":\"https:\/\/klimavex.eu\/cz\/katalog\/tepelne-cerpadlo-samsung-ehs-mono-ht-quiet-8kw-3f\/\",\"name\":\"Tepeln\u00e9 \u010derpadlo Samsung EHS Mono HT Quiet R32 400V 8kW - KLIMAVEX GROUP - \u010cesko\",\"isPartOf\":{\"@id\":\"https:\/\/klimavex.eu\/cz\/#website\"},\"primaryImageOfPage\":{\"@id\":\"https:\/\/klimavex.eu\/cz\/katalog\/tepelne-cerpadlo-samsung-ehs-mono-ht-quiet-8kw-3f\/#primaryimage\"},\"image\":{\"@id\":\"https:\/\/klimavex.eu\/cz\/katalog\/tepelne-cerpadlo-samsung-ehs-mono-ht-quiet-8kw-3f\/#primaryimage\"},\"thumbnailUrl\":\"https:\/\/klimavex.eu\/cz\/wp-content\/uploads\/2025\/10\/rGrF5J71Vu_dmjd6Dn5aBMUDTAmsH1KDSYzF7E3aT4o-2.png\",\"datePublished\":\"2026-04-02T13:20:01+00:00\",\"dateModified\":\"2026-04-02T13:20:28+00:00\",\"breadcrumb\":{\"@id\":\"https:\/\/klimavex.eu\/cz\/katalog\/tepelne-cerpadlo-samsung-ehs-mono-ht-quiet-8kw-3f\/#breadcrumb\"},\"inLanguage\":\"cs\",\"potentialAction\":[{\"@type\":\"ReadAction\",\"target\":[\"https:\/\/klimavex.eu\/cz\/katalog\/tepelne-cerpadlo-samsung-ehs-mono-ht-quiet-8kw-3f\/\"]}]},{\"@type\":\"ImageObject\",\"inLanguage\":\"cs\",\"@id\":\"https:\/\/klimavex.eu\/cz\/katalog\/tepelne-cerpadlo-samsung-ehs-mono-ht-quiet-8kw-3f\/#primaryimage\",\"url\":\"https:\/\/klimavex.eu\/cz\/wp-content\/uploads\/2025\/10\/rGrF5J71Vu_dmjd6Dn5aBMUDTAmsH1KDSYzF7E3aT4o-2.png\",\"contentUrl\":\"https:\/\/klimavex.eu\/cz\/wp-content\/uploads\/2025\/10\/rGrF5J71Vu_dmjd6Dn5aBMUDTAmsH1KDSYzF7E3aT4o-2.png\",\"width\":512,\"height\":512},{\"@type\":\"BreadcrumbList\",\"@id\":\"https:\/\/klimavex.eu\/cz\/katalog\/tepelne-cerpadlo-samsung-ehs-mono-ht-quiet-8kw-3f\/#breadcrumb\",\"itemListElement\":[{\"@type\":\"ListItem\",\"position\":1,\"name\":\"Domovsk\u00e1 str\u00e1nka\",\"item\":\"https:\/\/klimavex.eu\/cz\/\"},{\"@type\":\"ListItem\",\"position\":2,\"name\":\"Eshop\",\"item\":\"https:\/\/klimavex.eu\/cz\/eshop\/\"},{\"@type\":\"ListItem\",\"position\":3,\"name\":\"Tepeln\u00e9 \u010derpadlo Samsung EHS Mono HT Quiet 8kW (3f)\"}]},{\"@type\":\"WebSite\",\"@id\":\"https:\/\/klimavex.eu\/cz\/#website\",\"url\":\"https:\/\/klimavex.eu\/cz\/\",\"name\":\"KLIMAVEX GROUP - \u010cesko\",\"description\":\"\",\"publisher\":{\"@id\":\"https:\/\/klimavex.eu\/cz\/#organization\"},\"alternateName\":\"KLIMAVEX CZ a.s.\",\"potentialAction\":[{\"@type\":\"SearchAction\",\"target\":{\"@type\":\"EntryPoint\",\"urlTemplate\":\"https:\/\/klimavex.eu\/cz\/?s={search_term_string}\"},\"query-input\":{\"@type\":\"PropertyValueSpecification\",\"valueRequired\":true,\"valueName\":\"search_term_string\"}}],\"inLanguage\":\"cs\"},{\"@type\":\"Organization\",\"@id\":\"https:\/\/klimavex.eu\/cz\/#organization\",\"name\":\"KLIMAVEX GROUP\",\"alternateName\":\"KLIMAVEX\",\"url\":\"https:\/\/klimavex.eu\/cz\/\",\"logo\":{\"@type\":\"ImageObject\",\"inLanguage\":\"cs\",\"@id\":\"https:\/\/klimavex.eu\/cz\/#\/schema\/logo\/image\/\",\"url\":\"https:\/\/klimavex.eu\/cz\/wp-content\/uploads\/2024\/04\/Klimavex-Group-logo.png\",\"contentUrl\":\"https:\/\/klimavex.eu\/cz\/wp-content\/uploads\/2024\/04\/Klimavex-Group-logo.png\",\"width\":1681,\"height\":472,\"caption\":\"KLIMAVEX GROUP\"},\"image\":{\"@id\":\"https:\/\/klimavex.eu\/cz\/#\/schema\/logo\/image\/\"},\"sameAs\":[\"https:\/\/www.facebook.com\/klimavex.cz\",\"https:\/\/www.instagram.com\/klimavex_cz\/\"]}]}<\/script>\n<!-- \/ Yoast SEO plugin. -->","yoast_head_json":{"title":"Tepeln\u00e9 \u010derpadlo Samsung EHS Mono HT Quiet R32 400V 8kW - KLIMAVEX GROUP - \u010cesko","robots":{"index":"index","follow":"follow","max-snippet":"max-snippet:-1","max-image-preview":"max-image-preview:large","max-video-preview":"max-video-preview:-1"},"canonical":"https:\/\/klimavex.eu\/cz\/katalog\/tepelne-cerpadlo-samsung-ehs-mono-ht-quiet-8kw-3f\/","og_locale":"cs_CZ","og_type":"article","og_title":"Tepeln\u00e9 \u010derpadlo Samsung EHS Mono HT Quiet R32 400V 8kW - KLIMAVEX GROUP - \u010cesko","og_description":"Samsung EHS Mono HT Quiet je tepeln&eacute; \u010derpadlo vzduch-voda s&nbsp;vysokou teplotou topn&eacute; vody (a\u017e 70&deg;C) a n&iacute;zkou hlu\u010dnost&iacute; (od 35 dB(A)). Toto monoblok proveden&iacute; je vhodn&eacute; jak pro renovace dom\u016f, tak i pro nov&eacute; objekty. Jedn&aacute; se o prvot\u0159&iacute;dn&iacute; syst&eacute;m vyt&aacute;p\u011bn&iacute;, kter&yacute; lze jednodu&scaron;e a elegantn\u011b integrovat k&nbsp;r\u016fzn&yacute;m venkovn&iacute;m fas&aacute;d&aacute;m. S&nbsp;ohledem na vyu\u017eit&iacute; mal&eacute;ho mno\u017estv&iacute; chladiva R32 se zm&iacute;r\u0148uj&iacute; negativn&iacute; dopady na glob&aacute;ln&iacute; oteplov&aacute;n&iacute;. Tepeln&eacute; \u010derpadlo lze nav&iacute;c d&aacute;lkov\u011b ovl&aacute;dat aplikac&iacute; SmartThings.","og_url":"https:\/\/klimavex.eu\/cz\/katalog\/tepelne-cerpadlo-samsung-ehs-mono-ht-quiet-8kw-3f\/","og_site_name":"KLIMAVEX GROUP - \u010cesko","article_publisher":"https:\/\/www.facebook.com\/klimavex.cz","article_modified_time":"2026-04-02T13:20:28+00:00","og_image":[{"width":500,"height":500,"url":"https:\/\/klimavex.eu\/cz\/wp-content\/uploads\/2025\/09\/iTNWdeSlh78688MjFTQ69o06WBsJHnhx_03i_S3dwRM-2.png","type":"image\/png"}],"twitter_card":"summary_large_image","twitter_misc":{"Odhadovan\u00e1 doba \u010dten\u00ed":"1 minuta"},"schema":{"@context":"https:\/\/schema.org","@graph":[{"@type":"WebPage","@id":"https:\/\/klimavex.eu\/cz\/katalog\/tepelne-cerpadlo-samsung-ehs-mono-ht-quiet-8kw-3f\/","url":"https:\/\/klimavex.eu\/cz\/katalog\/tepelne-cerpadlo-samsung-ehs-mono-ht-quiet-8kw-3f\/","name":"Tepeln\u00e9 \u010derpadlo Samsung EHS Mono HT Quiet R32 400V 8kW - KLIMAVEX GROUP - \u010cesko","isPartOf":{"@id":"https:\/\/klimavex.eu\/cz\/#website"},"primaryImageOfPage":{"@id":"https:\/\/klimavex.eu\/cz\/katalog\/tepelne-cerpadlo-samsung-ehs-mono-ht-quiet-8kw-3f\/#primaryimage"},"image":{"@id":"https:\/\/klimavex.eu\/cz\/katalog\/tepelne-cerpadlo-samsung-ehs-mono-ht-quiet-8kw-3f\/#primaryimage"},"thumbnailUrl":"https:\/\/klimavex.eu\/cz\/wp-content\/uploads\/2025\/10\/rGrF5J71Vu_dmjd6Dn5aBMUDTAmsH1KDSYzF7E3aT4o-2.png","datePublished":"2026-04-02T13:20:01+00:00","dateModified":"2026-04-02T13:20:28+00:00","breadcrumb":{"@id":"https:\/\/klimavex.eu\/cz\/katalog\/tepelne-cerpadlo-samsung-ehs-mono-ht-quiet-8kw-3f\/#breadcrumb"},"inLanguage":"cs","potentialAction":[{"@type":"ReadAction","target":["https:\/\/klimavex.eu\/cz\/katalog\/tepelne-cerpadlo-samsung-ehs-mono-ht-quiet-8kw-3f\/"]}]},{"@type":"ImageObject","inLanguage":"cs","@id":"https:\/\/klimavex.eu\/cz\/katalog\/tepelne-cerpadlo-samsung-ehs-mono-ht-quiet-8kw-3f\/#primaryimage","url":"https:\/\/klimavex.eu\/cz\/wp-content\/uploads\/2025\/10\/rGrF5J71Vu_dmjd6Dn5aBMUDTAmsH1KDSYzF7E3aT4o-2.png","contentUrl":"https:\/\/klimavex.eu\/cz\/wp-content\/uploads\/2025\/10\/rGrF5J71Vu_dmjd6Dn5aBMUDTAmsH1KDSYzF7E3aT4o-2.png","width":512,"height":512},{"@type":"BreadcrumbList","@id":"https:\/\/klimavex.eu\/cz\/katalog\/tepelne-cerpadlo-samsung-ehs-mono-ht-quiet-8kw-3f\/#breadcrumb","itemListElement":[{"@type":"ListItem","position":1,"name":"Domovsk\u00e1 str\u00e1nka","item":"https:\/\/klimavex.eu\/cz\/"},{"@type":"ListItem","position":2,"name":"Eshop","item":"https:\/\/klimavex.eu\/cz\/eshop\/"},{"@type":"ListItem","position":3,"name":"Tepeln\u00e9 \u010derpadlo Samsung EHS Mono HT Quiet 8kW (3f)"}]},{"@type":"WebSite","@id":"https:\/\/klimavex.eu\/cz\/#website","url":"https:\/\/klimavex.eu\/cz\/","name":"KLIMAVEX GROUP - \u010cesko","description":"","publisher":{"@id":"https:\/\/klimavex.eu\/cz\/#organization"},"alternateName":"KLIMAVEX CZ a.s.","potentialAction":[{"@type":"SearchAction","target":{"@type":"EntryPoint","urlTemplate":"https:\/\/klimavex.eu\/cz\/?s={search_term_string}"},"query-input":{"@type":"PropertyValueSpecification","valueRequired":true,"valueName":"search_term_string"}}],"inLanguage":"cs"},{"@type":"Organization","@id":"https:\/\/klimavex.eu\/cz\/#organization","name":"KLIMAVEX GROUP","alternateName":"KLIMAVEX","url":"https:\/\/klimavex.eu\/cz\/","logo":{"@type":"ImageObject","inLanguage":"cs","@id":"https:\/\/klimavex.eu\/cz\/#\/schema\/logo\/image\/","url":"https:\/\/klimavex.eu\/cz\/wp-content\/uploads\/2024\/04\/Klimavex-Group-logo.png","contentUrl":"https:\/\/klimavex.eu\/cz\/wp-content\/uploads\/2024\/04\/Klimavex-Group-logo.png","width":1681,"height":472,"caption":"KLIMAVEX GROUP"},"image":{"@id":"https:\/\/klimavex.eu\/cz\/#\/schema\/logo\/image\/"},"sameAs":["https:\/\/www.facebook.com\/klimavex.cz","https:\/\/www.instagram.com\/klimavex_cz\/"]}]}},"_links":{"self":[{"href":"https:\/\/klimavex.eu\/cz\/wp-json\/wp\/v2\/product\/540511","targetHints":{"allow":["GET"]}}],"collection":[{"href":"https:\/\/klimavex.eu\/cz\/wp-json\/wp\/v2\/product"}],"about":[{"href":"https:\/\/klimavex.eu\/cz\/wp-json\/wp\/v2\/types\/product"}],"version-history":[{"count":0,"href":"https:\/\/klimavex.eu\/cz\/wp-json\/wp\/v2\/product\/540511\/revisions"}],"wp:featuredmedia":[{"embeddable":true,"href":"https:\/\/klimavex.eu\/cz\/wp-json\/wp\/v2\/media\/568826"}],"wp:attachment":[{"href":"https:\/\/klimavex.eu\/cz\/wp-json\/wp\/v2\/media?parent=540511"}],"wp:term":[{"taxonomy":"product_cat","embeddable":true,"href":"https:\/\/klimavex.eu\/cz\/wp-json\/wp\/v2\/product_cat?post=540511"},{"taxonomy":"product_tag","embeddable":true,"href":"https:\/\/klimavex.eu\/cz\/wp-json\/wp\/v2\/product_tag?post=540511"}],"curies":[{"name":"wp","href":"https:\/\/api.w.org\/{rel}","templated":true}]}}