{"id":540517,"date":"2026-04-13T11:03:05","date_gmt":"2026-04-13T09:03:05","guid":{"rendered":"https:\/\/klimavex.eu\/cz\/katalog\/tepelne-cerpadlo-panasonic-aquarea-k-gen-aio-split-nadrz-185l-t-cap-spirala-9kw-adc-uxz-r32-400v-9kw\/"},"modified":"2026-04-13T11:03:07","modified_gmt":"2026-04-13T09:03:07","slug":"tepelne-cerpadlo-panasonic-aquarea-k-gen-aio-split-nadrz-185l-spirala-9kw-t-cap-adc-uxz-r32-400v-9kw","status":"publish","type":"product","link":"https:\/\/klimavex.eu\/cz\/katalog\/tepelne-cerpadlo-panasonic-aquarea-k-gen-aio-split-nadrz-185l-spirala-9kw-t-cap-adc-uxz-r32-400v-9kw\/","title":{"rendered":"Tepeln\u00e9 \u010derpadlo Panasonic Aquarea K-gen AiO split (n\u00e1dr\u017e 185l) (spir\u00e1la 9kW) T-CAP ADC\/UXZ R32 400V 9kW"},"content":{"rendered":"<p style=\"text-align:justify\"><span style=\"font-size:11pt\"><span style=\"font-family:Calibri,sans-serif\"><strong>Kl&iacute;\u010dov&eacute; vlastnosti<\/strong><\/span><\/span><\/p>\n<ul>\n<li style=\"text-align:justify\"><span style=\"font-size:11pt\"><span style=\"font-family:Calibri,sans-serif\">A+++ v&nbsp;re\u017eimu vyt&aacute;p\u011bn&iacute; p\u0159i 35&deg;C a&nbsp;A+ v&nbsp;re\u017eimu p\u0159&iacute;pravy TUV<\/span><\/span><\/li>\n<li style=\"text-align:justify\"><span style=\"font-size:11pt\"><span style=\"font-family:Calibri,sans-serif\">Vodn&iacute; \u010derpadlo s&nbsp;prom\u011bnn&yacute;mi ot&aacute;\u010dkami t\u0159&iacute;dy &bdquo;A&ldquo;<\/span><\/span><\/li>\n<li style=\"text-align:justify\"><span style=\"font-size:11pt\"><span style=\"font-family:Calibri,sans-serif\">Z&aacute;sobn&iacute;k tepl&eacute; vody 185l z&nbsp;nerezov&eacute; oceli s&nbsp;izola\u010dn&iacute;m panelem U-Vacua&trade;<\/span><\/span><\/li>\n<li style=\"text-align:justify\"><span style=\"font-size:11pt\"><span style=\"font-family:Calibri,sans-serif\">Vestav\u011bn&yacute; pr\u016ftokom\u011br<\/span><\/span><\/li>\n<li style=\"text-align:justify\"><span style=\"font-size:11pt\"><span style=\"font-family:Calibri,sans-serif\">P\u016fdorys 598&nbsp;&times;&nbsp;600&nbsp;mm<\/span><\/span><\/li>\n<li style=\"text-align:justify\"><span style=\"font-size:11pt\"><span style=\"font-family:Calibri,sans-serif\">Vestav\u011bn&yacute; magnetick&yacute; vodn&iacute; filtr<\/span><\/span><\/li>\n<li style=\"text-align:justify\"><span style=\"font-size:11pt\"><span style=\"font-family:Calibri,sans-serif\">Model T-CAP &ndash; konstantn&iacute; v&yacute;kon a\u017e do teploty &ndash;20&deg;C<\/span><\/span><\/li>\n<li style=\"text-align:justify\"><span style=\"font-size:11pt\"><span style=\"font-family:Calibri,sans-serif\">Provozn&iacute; rozsah a\u017e do &ndash;28&deg;C<\/span><\/span><\/li>\n<li style=\"text-align:justify\"><span style=\"font-size:11pt\"><span style=\"font-family:Calibri,sans-serif\">Tepl&aacute; voda o&nbsp;teplot\u011b 60&deg;C i&nbsp;p\u0159i venkovn&iacute; teplot\u011b &minus;10&deg;C<\/span><\/span><\/li>\n<li style=\"text-align:justify\"><span style=\"font-size:11pt\"><span style=\"font-family:Calibri,sans-serif\">Optimalizovan&eacute; u\u017eivatelsk&eacute; rozhran&iacute; a&nbsp;vylep&scaron;en&eacute; funkce (ovl&aacute;d&aacute;n&iacute; 2&nbsp;z&oacute;n, bivalentn&iacute; ovl&aacute;d&aacute;n&iacute;)<\/span><\/span><\/li>\n<li style=\"text-align:justify\"><span style=\"font-size:11pt\"><span style=\"font-family:Calibri,sans-serif\">Voliteln&eacute; syst&eacute;my Aquarea Smart a&nbsp;Service Cloud a&nbsp;integrace do projekt\u016f se syst&eacute;my spr&aacute;vy budov<\/span><\/span><\/li>\n<\/ul>\n","protected":false},"excerpt":{"rendered":"<p style=\"text-align:justify\"><span style=\"font-size:11pt\"><span style=\"font-family:Calibri,sans-serif\">Tepeln&eacute; \u010derpadlo <strong>Panasonic Aquarea K-generace<\/strong> je &scaron;pi\u010dkov&yacute; syst&eacute;m s&nbsp;n&iacute;zkou spot\u0159ebou energie pro vyt&aacute;p\u011bn&iacute;, chlazen&iacute; a p\u0159&iacute;pravu tepl&eacute; u\u017eitkov&eacute; vody, kter&yacute; zaru\u010duje <strong>v&yacute;jime\u010dn&yacute; v&yacute;kon i p\u0159i extr&eacute;mn&iacute;ch venkovn&iacute;ch teplot&aacute;ch<\/strong>. Tyto jednotky v&nbsp;proveden&iacute; <strong>split ALL IN ONE (z&aacute;sobn&iacute;k na TUV 185 l)<\/strong> nab&iacute;z&iacute; revoluci designu, efektivity, konektivity a udr\u017eitelnosti. Antracitov\u011b &scaron;ed&eacute; venkovn&iacute; jednotky byly kompletn\u011b p\u0159epracov&aacute;ny s&nbsp;inovativn&iacute;m designem, kter&yacute; se p\u0159izp\u016fsob&iacute; ka\u017ed&eacute;mu prostoru. Vnit\u0159n&iacute; jednotky s&nbsp;<strong>integrovan&yacute;m ovl&aacute;dac&iacute;m panelem<\/strong> jsou jemn\u011b b&iacute;l&eacute; s&nbsp;elegantn&iacute;m \u010dern&yacute;m p&aacute;sem. U\u017e&iacute;v&aacute; se vysoce ekologick&eacute; <strong>chladivo R32<\/strong>.<\/span><\/span><\/p>\n","protected":false},"featured_media":541874,"template":"","meta":[],"product_cat":[7751,14553,7750,7761],"product_tag":[],"class_list":{"0":"post-540517","1":"product","2":"type-product","3":"status-publish","4":"has-post-thumbnail","6":"product_cat-panasonic-tepelna-cerpadla","7":"product_cat-split-all-in-one-k-generace-r32","8":"product_cat-tepelna-cerpadla","9":"product_cat-split-hydrosplit-all-in-one","10":"pa_extra-funkce-t-cap-k-gen","11":"pa_max-vystupni-voda-11239","12":"pa_napajeni-3f-400v","13":"pa_objem-nadrze-tuv-11233","14":"pa_provedeni-split-aio-s-tuv","15":"pa_qch-pri-von-tep-35c-voda-7-11302","16":"pa_qvyk-pri-2c-vonk-35c-voda-11341","17":"pa_qvyk-pri-7c-vonk-35c-voda-11193","18":"pa_typ-chladiva-r32","19":"pa_ucinnost-cop-a-7-w35-11359","20":"pa_vyk-do-von-tepl-c-28-c","21":"pa_vykon-spiraly-kw-11231","22":"pa_vykonovy-model-kw-8-az-9kw","23":"pa_wifi-ovladani-volitelne","24":"pa_znacka-panasonic","26":"first","27":"instock","28":"taxable","29":"shipping-taxable","30":"purchasable","31":"product-type-simple"},"yoast_head":"<!-- This site is optimized with the Yoast SEO plugin v23.9 - https:\/\/yoast.com\/wordpress\/plugins\/seo\/ -->\n<title>Tepeln\u00e9 \u010derpadlo Panasonic Aquarea K-gen AiO split (n\u00e1dr\u017e 185l) (spir\u00e1la 9kW) T-CAP ADC\/UXZ R32 400V 9kW - KLIMAVEX GROUP - \u010cesko<\/title>\n<meta name=\"robots\" content=\"index, follow, max-snippet:-1, max-image-preview:large, max-video-preview:-1\" \/>\n<link rel=\"canonical\" href=\"https:\/\/klimavex.eu\/cz\/katalog\/tepelne-cerpadlo-panasonic-aquarea-k-gen-aio-split-nadrz-185l-t-cap-spirala-9kw-adc-uxz-r32-400v-9kw\/\" \/>\n<meta property=\"og:locale\" content=\"cs_CZ\" \/>\n<meta property=\"og:type\" content=\"article\" \/>\n<meta property=\"og:title\" content=\"Tepeln\u00e9 \u010derpadlo Panasonic Aquarea K-gen AiO split (n\u00e1dr\u017e 185l) (spir\u00e1la 9kW) T-CAP ADC\/UXZ R32 400V 9kW - KLIMAVEX GROUP - \u010cesko\" \/>\n<meta property=\"og:description\" content=\"Tepeln&eacute; \u010derpadlo Panasonic Aquarea K-generace je &scaron;pi\u010dkov&yacute; syst&eacute;m s&nbsp;n&iacute;zkou spot\u0159ebou energie pro vyt&aacute;p\u011bn&iacute;, chlazen&iacute; a p\u0159&iacute;pravu tepl&eacute; u\u017eitkov&eacute; vody, kter&yacute; zaru\u010duje v&yacute;jime\u010dn&yacute; v&yacute;kon i p\u0159i extr&eacute;mn&iacute;ch venkovn&iacute;ch teplot&aacute;ch. Tyto jednotky v&nbsp;proveden&iacute; split ALL IN ONE (z&aacute;sobn&iacute;k na TUV 185 l) nab&iacute;z&iacute; revoluci designu, efektivity, konektivity a udr\u017eitelnosti. Antracitov\u011b &scaron;ed&eacute; venkovn&iacute; jednotky byly kompletn\u011b p\u0159epracov&aacute;ny s&nbsp;inovativn&iacute;m designem, kter&yacute; se p\u0159izp\u016fsob&iacute; ka\u017ed&eacute;mu prostoru. Vnit\u0159n&iacute; jednotky s&nbsp;integrovan&yacute;m ovl&aacute;dac&iacute;m panelem jsou jemn\u011b b&iacute;l&eacute; s&nbsp;elegantn&iacute;m \u010dern&yacute;m p&aacute;sem. U\u017e&iacute;v&aacute; se vysoce ekologick&eacute; chladivo R32.\" \/>\n<meta property=\"og:url\" content=\"https:\/\/klimavex.eu\/cz\/katalog\/tepelne-cerpadlo-panasonic-aquarea-k-gen-aio-split-nadrz-185l-t-cap-spirala-9kw-adc-uxz-r32-400v-9kw\/\" \/>\n<meta property=\"og:site_name\" content=\"KLIMAVEX GROUP - \u010cesko\" \/>\n<meta property=\"article:publisher\" content=\"https:\/\/www.facebook.com\/klimavex.cz\" \/>\n<meta property=\"article:modified_time\" content=\"2026-04-13T09:03:07+00:00\" \/>\n<meta property=\"og:image\" content=\"https:\/\/klimavex.eu\/cz\/wp-content\/uploads\/2025\/09\/tG0R7bipB_eQlwqHBcNB_VdVuGDCUNBhqdbdRO7IZPE-1.png\" \/>\n\t<meta property=\"og:image:width\" content=\"512\" \/>\n\t<meta property=\"og:image:height\" content=\"512\" \/>\n\t<meta property=\"og:image:type\" content=\"image\/png\" \/>\n<meta name=\"twitter:card\" content=\"summary_large_image\" \/>\n<meta name=\"twitter:label1\" content=\"Odhadovan\u00e1 doba \u010dten\u00ed\" \/>\n\t<meta name=\"twitter:data1\" content=\"1 minuta\" \/>\n<script type=\"application\/ld+json\" class=\"yoast-schema-graph\">{\"@context\":\"https:\/\/schema.org\",\"@graph\":[{\"@type\":\"WebPage\",\"@id\":\"https:\/\/klimavex.eu\/cz\/katalog\/tepelne-cerpadlo-panasonic-aquarea-k-gen-aio-split-nadrz-185l-t-cap-spirala-9kw-adc-uxz-r32-400v-9kw\/\",\"url\":\"https:\/\/klimavex.eu\/cz\/katalog\/tepelne-cerpadlo-panasonic-aquarea-k-gen-aio-split-nadrz-185l-t-cap-spirala-9kw-adc-uxz-r32-400v-9kw\/\",\"name\":\"Tepeln\u00e9 \u010derpadlo Panasonic Aquarea K-gen AiO split (n\u00e1dr\u017e 185l) (spir\u00e1la 9kW) T-CAP ADC\/UXZ R32 400V 9kW - KLIMAVEX GROUP - \u010cesko\",\"isPartOf\":{\"@id\":\"https:\/\/klimavex.eu\/cz\/#website\"},\"primaryImageOfPage\":{\"@id\":\"https:\/\/klimavex.eu\/cz\/katalog\/tepelne-cerpadlo-panasonic-aquarea-k-gen-aio-split-nadrz-185l-t-cap-spirala-9kw-adc-uxz-r32-400v-9kw\/#primaryimage\"},\"image\":{\"@id\":\"https:\/\/klimavex.eu\/cz\/katalog\/tepelne-cerpadlo-panasonic-aquarea-k-gen-aio-split-nadrz-185l-t-cap-spirala-9kw-adc-uxz-r32-400v-9kw\/#primaryimage\"},\"thumbnailUrl\":\"https:\/\/klimavex.eu\/cz\/wp-content\/uploads\/2025\/09\/tG0R7bipB_eQlwqHBcNB_VdVuGDCUNBhqdbdRO7IZPE-1.png\",\"datePublished\":\"2026-04-13T09:03:05+00:00\",\"dateModified\":\"2026-04-13T09:03:07+00:00\",\"breadcrumb\":{\"@id\":\"https:\/\/klimavex.eu\/cz\/katalog\/tepelne-cerpadlo-panasonic-aquarea-k-gen-aio-split-nadrz-185l-t-cap-spirala-9kw-adc-uxz-r32-400v-9kw\/#breadcrumb\"},\"inLanguage\":\"cs\",\"potentialAction\":[{\"@type\":\"ReadAction\",\"target\":[\"https:\/\/klimavex.eu\/cz\/katalog\/tepelne-cerpadlo-panasonic-aquarea-k-gen-aio-split-nadrz-185l-t-cap-spirala-9kw-adc-uxz-r32-400v-9kw\/\"]}]},{\"@type\":\"ImageObject\",\"inLanguage\":\"cs\",\"@id\":\"https:\/\/klimavex.eu\/cz\/katalog\/tepelne-cerpadlo-panasonic-aquarea-k-gen-aio-split-nadrz-185l-t-cap-spirala-9kw-adc-uxz-r32-400v-9kw\/#primaryimage\",\"url\":\"https:\/\/klimavex.eu\/cz\/wp-content\/uploads\/2025\/09\/tG0R7bipB_eQlwqHBcNB_VdVuGDCUNBhqdbdRO7IZPE-1.png\",\"contentUrl\":\"https:\/\/klimavex.eu\/cz\/wp-content\/uploads\/2025\/09\/tG0R7bipB_eQlwqHBcNB_VdVuGDCUNBhqdbdRO7IZPE-1.png\",\"width\":512,\"height\":512},{\"@type\":\"BreadcrumbList\",\"@id\":\"https:\/\/klimavex.eu\/cz\/katalog\/tepelne-cerpadlo-panasonic-aquarea-k-gen-aio-split-nadrz-185l-t-cap-spirala-9kw-adc-uxz-r32-400v-9kw\/#breadcrumb\",\"itemListElement\":[{\"@type\":\"ListItem\",\"position\":1,\"name\":\"Domovsk\u00e1 str\u00e1nka\",\"item\":\"https:\/\/klimavex.eu\/cz\/\"},{\"@type\":\"ListItem\",\"position\":2,\"name\":\"Eshop\",\"item\":\"https:\/\/klimavex.eu\/cz\/eshop\/\"},{\"@type\":\"ListItem\",\"position\":3,\"name\":\"Tepeln\u00e9 \u010derpadlo Panasonic Aquarea K-gen AiO split (n\u00e1dr\u017e 185l) T-CAP (spir\u00e1la 9kW) ADC\/UXZ R32 400V 9kW\"}]},{\"@type\":\"WebSite\",\"@id\":\"https:\/\/klimavex.eu\/cz\/#website\",\"url\":\"https:\/\/klimavex.eu\/cz\/\",\"name\":\"KLIMAVEX GROUP - \u010cesko\",\"description\":\"\",\"publisher\":{\"@id\":\"https:\/\/klimavex.eu\/cz\/#organization\"},\"alternateName\":\"KLIMAVEX CZ a.s.\",\"potentialAction\":[{\"@type\":\"SearchAction\",\"target\":{\"@type\":\"EntryPoint\",\"urlTemplate\":\"https:\/\/klimavex.eu\/cz\/?s={search_term_string}\"},\"query-input\":{\"@type\":\"PropertyValueSpecification\",\"valueRequired\":true,\"valueName\":\"search_term_string\"}}],\"inLanguage\":\"cs\"},{\"@type\":\"Organization\",\"@id\":\"https:\/\/klimavex.eu\/cz\/#organization\",\"name\":\"KLIMAVEX GROUP\",\"alternateName\":\"KLIMAVEX\",\"url\":\"https:\/\/klimavex.eu\/cz\/\",\"logo\":{\"@type\":\"ImageObject\",\"inLanguage\":\"cs\",\"@id\":\"https:\/\/klimavex.eu\/cz\/#\/schema\/logo\/image\/\",\"url\":\"https:\/\/klimavex.eu\/cz\/wp-content\/uploads\/2024\/04\/Klimavex-Group-logo.png\",\"contentUrl\":\"https:\/\/klimavex.eu\/cz\/wp-content\/uploads\/2024\/04\/Klimavex-Group-logo.png\",\"width\":1681,\"height\":472,\"caption\":\"KLIMAVEX GROUP\"},\"image\":{\"@id\":\"https:\/\/klimavex.eu\/cz\/#\/schema\/logo\/image\/\"},\"sameAs\":[\"https:\/\/www.facebook.com\/klimavex.cz\",\"https:\/\/www.instagram.com\/klimavex_cz\/\"]}]}<\/script>\n<!-- \/ Yoast SEO plugin. -->","yoast_head_json":{"title":"Tepeln\u00e9 \u010derpadlo Panasonic Aquarea K-gen AiO split (n\u00e1dr\u017e 185l) (spir\u00e1la 9kW) T-CAP ADC\/UXZ R32 400V 9kW - KLIMAVEX GROUP - \u010cesko","robots":{"index":"index","follow":"follow","max-snippet":"max-snippet:-1","max-image-preview":"max-image-preview:large","max-video-preview":"max-video-preview:-1"},"canonical":"https:\/\/klimavex.eu\/cz\/katalog\/tepelne-cerpadlo-panasonic-aquarea-k-gen-aio-split-nadrz-185l-t-cap-spirala-9kw-adc-uxz-r32-400v-9kw\/","og_locale":"cs_CZ","og_type":"article","og_title":"Tepeln\u00e9 \u010derpadlo Panasonic Aquarea K-gen AiO split (n\u00e1dr\u017e 185l) (spir\u00e1la 9kW) T-CAP ADC\/UXZ R32 400V 9kW - KLIMAVEX GROUP - \u010cesko","og_description":"Tepeln&eacute; \u010derpadlo Panasonic Aquarea K-generace je &scaron;pi\u010dkov&yacute; syst&eacute;m s&nbsp;n&iacute;zkou spot\u0159ebou energie pro vyt&aacute;p\u011bn&iacute;, chlazen&iacute; a p\u0159&iacute;pravu tepl&eacute; u\u017eitkov&eacute; vody, kter&yacute; zaru\u010duje v&yacute;jime\u010dn&yacute; v&yacute;kon i p\u0159i extr&eacute;mn&iacute;ch venkovn&iacute;ch teplot&aacute;ch. Tyto jednotky v&nbsp;proveden&iacute; split ALL IN ONE (z&aacute;sobn&iacute;k na TUV 185 l) nab&iacute;z&iacute; revoluci designu, efektivity, konektivity a udr\u017eitelnosti. Antracitov\u011b &scaron;ed&eacute; venkovn&iacute; jednotky byly kompletn\u011b p\u0159epracov&aacute;ny s&nbsp;inovativn&iacute;m designem, kter&yacute; se p\u0159izp\u016fsob&iacute; ka\u017ed&eacute;mu prostoru. Vnit\u0159n&iacute; jednotky s&nbsp;integrovan&yacute;m ovl&aacute;dac&iacute;m panelem jsou jemn\u011b b&iacute;l&eacute; s&nbsp;elegantn&iacute;m \u010dern&yacute;m p&aacute;sem. U\u017e&iacute;v&aacute; se vysoce ekologick&eacute; chladivo R32.","og_url":"https:\/\/klimavex.eu\/cz\/katalog\/tepelne-cerpadlo-panasonic-aquarea-k-gen-aio-split-nadrz-185l-t-cap-spirala-9kw-adc-uxz-r32-400v-9kw\/","og_site_name":"KLIMAVEX GROUP - \u010cesko","article_publisher":"https:\/\/www.facebook.com\/klimavex.cz","article_modified_time":"2026-04-13T09:03:07+00:00","og_image":[{"width":512,"height":512,"url":"https:\/\/klimavex.eu\/cz\/wp-content\/uploads\/2025\/09\/tG0R7bipB_eQlwqHBcNB_VdVuGDCUNBhqdbdRO7IZPE-1.png","type":"image\/png"}],"twitter_card":"summary_large_image","twitter_misc":{"Odhadovan\u00e1 doba \u010dten\u00ed":"1 minuta"},"schema":{"@context":"https:\/\/schema.org","@graph":[{"@type":"WebPage","@id":"https:\/\/klimavex.eu\/cz\/katalog\/tepelne-cerpadlo-panasonic-aquarea-k-gen-aio-split-nadrz-185l-t-cap-spirala-9kw-adc-uxz-r32-400v-9kw\/","url":"https:\/\/klimavex.eu\/cz\/katalog\/tepelne-cerpadlo-panasonic-aquarea-k-gen-aio-split-nadrz-185l-t-cap-spirala-9kw-adc-uxz-r32-400v-9kw\/","name":"Tepeln\u00e9 \u010derpadlo Panasonic Aquarea K-gen AiO split (n\u00e1dr\u017e 185l) (spir\u00e1la 9kW) T-CAP ADC\/UXZ R32 400V 9kW - KLIMAVEX GROUP - \u010cesko","isPartOf":{"@id":"https:\/\/klimavex.eu\/cz\/#website"},"primaryImageOfPage":{"@id":"https:\/\/klimavex.eu\/cz\/katalog\/tepelne-cerpadlo-panasonic-aquarea-k-gen-aio-split-nadrz-185l-t-cap-spirala-9kw-adc-uxz-r32-400v-9kw\/#primaryimage"},"image":{"@id":"https:\/\/klimavex.eu\/cz\/katalog\/tepelne-cerpadlo-panasonic-aquarea-k-gen-aio-split-nadrz-185l-t-cap-spirala-9kw-adc-uxz-r32-400v-9kw\/#primaryimage"},"thumbnailUrl":"https:\/\/klimavex.eu\/cz\/wp-content\/uploads\/2025\/09\/tG0R7bipB_eQlwqHBcNB_VdVuGDCUNBhqdbdRO7IZPE-1.png","datePublished":"2026-04-13T09:03:05+00:00","dateModified":"2026-04-13T09:03:07+00:00","breadcrumb":{"@id":"https:\/\/klimavex.eu\/cz\/katalog\/tepelne-cerpadlo-panasonic-aquarea-k-gen-aio-split-nadrz-185l-t-cap-spirala-9kw-adc-uxz-r32-400v-9kw\/#breadcrumb"},"inLanguage":"cs","potentialAction":[{"@type":"ReadAction","target":["https:\/\/klimavex.eu\/cz\/katalog\/tepelne-cerpadlo-panasonic-aquarea-k-gen-aio-split-nadrz-185l-t-cap-spirala-9kw-adc-uxz-r32-400v-9kw\/"]}]},{"@type":"ImageObject","inLanguage":"cs","@id":"https:\/\/klimavex.eu\/cz\/katalog\/tepelne-cerpadlo-panasonic-aquarea-k-gen-aio-split-nadrz-185l-t-cap-spirala-9kw-adc-uxz-r32-400v-9kw\/#primaryimage","url":"https:\/\/klimavex.eu\/cz\/wp-content\/uploads\/2025\/09\/tG0R7bipB_eQlwqHBcNB_VdVuGDCUNBhqdbdRO7IZPE-1.png","contentUrl":"https:\/\/klimavex.eu\/cz\/wp-content\/uploads\/2025\/09\/tG0R7bipB_eQlwqHBcNB_VdVuGDCUNBhqdbdRO7IZPE-1.png","width":512,"height":512},{"@type":"BreadcrumbList","@id":"https:\/\/klimavex.eu\/cz\/katalog\/tepelne-cerpadlo-panasonic-aquarea-k-gen-aio-split-nadrz-185l-t-cap-spirala-9kw-adc-uxz-r32-400v-9kw\/#breadcrumb","itemListElement":[{"@type":"ListItem","position":1,"name":"Domovsk\u00e1 str\u00e1nka","item":"https:\/\/klimavex.eu\/cz\/"},{"@type":"ListItem","position":2,"name":"Eshop","item":"https:\/\/klimavex.eu\/cz\/eshop\/"},{"@type":"ListItem","position":3,"name":"Tepeln\u00e9 \u010derpadlo Panasonic Aquarea K-gen AiO split (n\u00e1dr\u017e 185l) T-CAP (spir\u00e1la 9kW) ADC\/UXZ R32 400V 9kW"}]},{"@type":"WebSite","@id":"https:\/\/klimavex.eu\/cz\/#website","url":"https:\/\/klimavex.eu\/cz\/","name":"KLIMAVEX GROUP - \u010cesko","description":"","publisher":{"@id":"https:\/\/klimavex.eu\/cz\/#organization"},"alternateName":"KLIMAVEX CZ a.s.","potentialAction":[{"@type":"SearchAction","target":{"@type":"EntryPoint","urlTemplate":"https:\/\/klimavex.eu\/cz\/?s={search_term_string}"},"query-input":{"@type":"PropertyValueSpecification","valueRequired":true,"valueName":"search_term_string"}}],"inLanguage":"cs"},{"@type":"Organization","@id":"https:\/\/klimavex.eu\/cz\/#organization","name":"KLIMAVEX GROUP","alternateName":"KLIMAVEX","url":"https:\/\/klimavex.eu\/cz\/","logo":{"@type":"ImageObject","inLanguage":"cs","@id":"https:\/\/klimavex.eu\/cz\/#\/schema\/logo\/image\/","url":"https:\/\/klimavex.eu\/cz\/wp-content\/uploads\/2024\/04\/Klimavex-Group-logo.png","contentUrl":"https:\/\/klimavex.eu\/cz\/wp-content\/uploads\/2024\/04\/Klimavex-Group-logo.png","width":1681,"height":472,"caption":"KLIMAVEX GROUP"},"image":{"@id":"https:\/\/klimavex.eu\/cz\/#\/schema\/logo\/image\/"},"sameAs":["https:\/\/www.facebook.com\/klimavex.cz","https:\/\/www.instagram.com\/klimavex_cz\/"]}]}},"_links":{"self":[{"href":"https:\/\/klimavex.eu\/cz\/wp-json\/wp\/v2\/product\/540517","targetHints":{"allow":["GET"]}}],"collection":[{"href":"https:\/\/klimavex.eu\/cz\/wp-json\/wp\/v2\/product"}],"about":[{"href":"https:\/\/klimavex.eu\/cz\/wp-json\/wp\/v2\/types\/product"}],"version-history":[{"count":0,"href":"https:\/\/klimavex.eu\/cz\/wp-json\/wp\/v2\/product\/540517\/revisions"}],"wp:featuredmedia":[{"embeddable":true,"href":"https:\/\/klimavex.eu\/cz\/wp-json\/wp\/v2\/media\/541874"}],"wp:attachment":[{"href":"https:\/\/klimavex.eu\/cz\/wp-json\/wp\/v2\/media?parent=540517"}],"wp:term":[{"taxonomy":"product_cat","embeddable":true,"href":"https:\/\/klimavex.eu\/cz\/wp-json\/wp\/v2\/product_cat?post=540517"},{"taxonomy":"product_tag","embeddable":true,"href":"https:\/\/klimavex.eu\/cz\/wp-json\/wp\/v2\/product_tag?post=540517"}],"curies":[{"name":"wp","href":"https:\/\/api.w.org\/{rel}","templated":true}]}}