{"id":540546,"date":"2026-04-02T15:56:46","date_gmt":"2026-04-02T13:56:46","guid":{"rendered":"https:\/\/klimavex.eu\/cz\/katalog\/tepelne-cerpadlo-samsung-ehs-mono-ht-quiet-aio-200l-12kw-1f\/"},"modified":"2026-04-02T15:57:31","modified_gmt":"2026-04-02T13:57:31","slug":"tepelne-cerpadlo-samsung-ehs-mono-ht-quiet-aio-200l-12kw-1f","status":"publish","type":"product","link":"https:\/\/klimavex.eu\/cz\/katalog\/tepelne-cerpadlo-samsung-ehs-mono-ht-quiet-aio-200l-12kw-1f\/","title":{"rendered":"Tepeln\u00e9 \u010derpadlo Samsung EHS Mono HT Quiet AiO (200l) 12kW (1f)"},"content":{"rendered":"<p style=\"text-align:justify\"><span style=\"font-size:11pt\"><span style=\"font-family:Calibri,sans-serif\"><strong>Kl&iacute;\u010dov&eacute; vlastnosti<\/strong><\/span><\/span><\/p>\n<ul>\n<li style=\"text-align: justify;\"><span style=\"font-size:11pt\"><span style=\"font-family:Calibri,sans-serif\">Integrovan&eacute; \u0159e&scaron;en&iacute; pro vyt&aacute;p\u011bn&iacute; a p\u0159&iacute;pravu tepl&eacute; vody<\/span><\/span><\/li>\n<li style=\"text-align: justify;\"><span style=\"font-size:11pt\"><span style=\"font-family:Calibri,sans-serif\">Kompaktn&iacute; velikost jednotky s velk&yacute;m z&aacute;sobn&iacute;kem TUV (200 l)<\/span><\/span><\/li>\n<li style=\"text-align: justify;\"><span style=\"font-size:11pt\"><span style=\"font-family:Calibri,sans-serif\">Intuitivn&iacute; barevn&yacute; dotykov&yacute; ovlada\u010d ve v&iacute;ce jazyc&iacute;ch CZ, SK, EN<\/span><\/span><\/li>\n<li style=\"text-align: justify;\"><span style=\"font-size:11pt\"><span style=\"font-family:Calibri,sans-serif\">2z&oacute;nov&eacute; ovl&aacute;d&aacute;n&iacute;, vhodn&eacute; pro podlahov&eacute; vyt&aacute;p\u011bn&iacute; a radi&aacute;tory<\/span><\/span><\/li>\n<li style=\"text-align: justify;\"><span style=\"font-size:11pt\"><span style=\"font-family:Calibri,sans-serif\">SmartThings kompatibiln&iacute; s volitelnou sadou Wi-Fi<\/span><\/span><\/li>\n<li style=\"text-align: justify;\"><span style=\"font-size:11pt\"><span style=\"font-family:Calibri,sans-serif\">Integrovan&yacute; z&aacute;lo\u017en&iacute; oh\u0159&iacute;va\u010d pro zaji&scaron;t\u011bn&iacute; nep\u0159etr\u017eit&eacute;ho vyt&aacute;p\u011bn&iacute;<\/span><\/span><\/li>\n<li style=\"text-align: justify;\"><span style=\"font-size:11pt\"><span style=\"font-family:Calibri,sans-serif\">Provozn&iacute; rozsah vyt&aacute;p\u011bn&iacute; od -30&deg;C do 43&deg;C<\/span><\/span><\/li>\n<li style=\"text-align: justify;\"><span style=\"font-size:11pt\"><span style=\"font-family:Calibri,sans-serif\">Provozn&iacute; rozsah chlazen&iacute; od 10&deg;C do 46&deg;C<\/span><\/span><\/li>\n<li style=\"text-align: justify;\"><span style=\"font-size:11pt\"><span style=\"font-family:Calibri,sans-serif\">Provozn&iacute; rozsah oh\u0159evu TUV od -30&deg;C do 43&deg;C<\/span><\/span><\/li>\n<li style=\"text-align: justify;\"><span style=\"font-size:11pt\"><span style=\"font-family:Calibri,sans-serif\">Teplota v&yacute;stupn&iacute; vody (LWT) &ndash; vyt&aacute;p\u011bn&iacute; 15-70&deg;C, chlazen&iacute; 5-25&deg;C<\/span><\/span><\/li>\n<li style=\"text-align: justify;\"><span style=\"font-size:11pt\"><span style=\"font-family:Calibri,sans-serif\">Energetick&aacute; t\u0159&iacute;da A+++ (p\u0159i LWT 35&deg;C)<\/span><\/span><\/li>\n<li style=\"text-align: justify;\"><span style=\"font-size:11pt\"><span style=\"font-family:Calibri,sans-serif\">Hladina akustick&eacute;ho tlaku jmenovit&aacute; 42 dB(A), no\u010dn&iacute; re\u017eim 35 dB(A) (v 3m)<\/span><\/span><\/li>\n<li style=\"text-align: justify;\"><span style=\"font-size:11pt\"><span style=\"font-family:Calibri,sans-serif\">1f&aacute;zov&eacute; el. nap&aacute;jen&iacute;<\/span><\/span><\/li>\n<\/ul>\n","protected":false},"excerpt":{"rendered":"<p style=\"text-align:justify\"><span style=\"font-size:11pt\"><span style=\"font-family:Calibri,sans-serif\"><strong>Samsung EHS ClimateHub Mono HT Quiet<\/strong> je tepeln&eacute; \u010derpadlo <strong>vzduch-voda<\/strong> s&nbsp;<strong>vysokou teplotou topn&eacute; vody<\/strong> (a\u017e 70&deg;C) a <strong>n&iacute;zkou hlu\u010dnost&iacute;<\/strong> (od 35 dB(A)). Toto <strong>split ALL IN ONE <\/strong>proveden&iacute; (se z&aacute;sobn&iacute;kem na TUV <strong>200 l<\/strong>) je vhodn&eacute; jak <strong>pro renovace dom\u016f<\/strong>, tak i <strong>pro nov&eacute; objekty<\/strong>. Jedn&aacute; se o prvot\u0159&iacute;dn&iacute; syst&eacute;m vyt&aacute;p\u011bn&iacute;, kter&yacute; lze jednodu&scaron;e a elegantn\u011b integrovat k&nbsp;r\u016fzn&yacute;m venkovn&iacute;m fas&aacute;d&aacute;m. S&nbsp;ohledem na vyu\u017eit&iacute; mal&eacute;ho mno\u017estv&iacute; <strong>chladiva R32<\/strong> se zm&iacute;r\u0148uj&iacute; negativn&iacute; dopady na glob&aacute;ln&iacute; oteplov&aacute;n&iacute;. Tepeln&eacute; \u010derpadlo lze nav&iacute;c d&aacute;lkov\u011b ovl&aacute;dat <strong>aplikac&iacute; SmartThings<\/strong>.<\/span><\/span><\/p>\n","protected":false},"featured_media":541947,"template":"","meta":[],"product_cat":[10779,7773,7750,7772,10780,10772],"product_tag":[],"class_list":{"0":"post-540546","1":"product","2":"type-product","3":"status-publish","4":"has-post-thumbnail","6":"product_cat-tepelna-cerpadla-doprodej","7":"product_cat-hydrosplit-all-in-one","8":"product_cat-tepelna-cerpadla","9":"product_cat-samsung-tepelna-cerpadla","10":"product_cat-doprodej-tepelna-cerpadla","11":"product_cat-doprodej","12":"pa_extra-funkce-mono-ht-quiet-aio-200l","13":"pa_label-dopredaj","14":"pa_max-vystupni-voda-11226","15":"pa_napajeni-1f-230v","16":"pa_objem-nadrze-tuv-11310","17":"pa_provedeni-hydrosplit-aio-s-tuv","18":"pa_qvyk-pri-7c-vonk-35c-voda-11222","19":"pa_typ-chladiva-r32","20":"pa_ucinnost-cop-a-7-w35-11209","21":"pa_vyk-do-von-tepl-c-30-c","22":"pa_vykon-spiraly-kw-11223","23":"pa_vykonovy-model-kw-12kw","24":"pa_wifi-ovladani-volitelne","25":"pa_znacka-samsung","27":"first","28":"instock","29":"taxable","30":"shipping-taxable","31":"purchasable","32":"product-type-simple"},"yoast_head":"<!-- This site is optimized with the Yoast SEO plugin v23.9 - https:\/\/yoast.com\/wordpress\/plugins\/seo\/ -->\n<title>Tepeln\u00e9 \u010derpadlo Samsung EHS Mono HT Quiet AiO (200l) 12kW (1f) - KLIMAVEX GROUP - \u010cesko<\/title>\n<meta name=\"robots\" content=\"index, follow, max-snippet:-1, max-image-preview:large, max-video-preview:-1\" \/>\n<link rel=\"canonical\" href=\"https:\/\/klimavex.eu\/cz\/katalog\/tepelne-cerpadlo-samsung-ehs-mono-ht-quiet-aio-200l-12kw-1f\/\" \/>\n<meta property=\"og:locale\" content=\"cs_CZ\" \/>\n<meta property=\"og:type\" content=\"article\" \/>\n<meta property=\"og:title\" content=\"Tepeln\u00e9 \u010derpadlo Samsung EHS Mono HT Quiet AiO (200l) 12kW (1f) - KLIMAVEX GROUP - \u010cesko\" \/>\n<meta property=\"og:description\" content=\"Samsung EHS ClimateHub Mono HT Quiet je tepeln&eacute; \u010derpadlo vzduch-voda s&nbsp;vysokou teplotou topn&eacute; vody (a\u017e 70&deg;C) a n&iacute;zkou hlu\u010dnost&iacute; (od 35 dB(A)). Toto split ALL IN ONE proveden&iacute; (se z&aacute;sobn&iacute;kem na TUV 200 l) je vhodn&eacute; jak pro renovace dom\u016f, tak i pro nov&eacute; objekty. Jedn&aacute; se o prvot\u0159&iacute;dn&iacute; syst&eacute;m vyt&aacute;p\u011bn&iacute;, kter&yacute; lze jednodu&scaron;e a elegantn\u011b integrovat k&nbsp;r\u016fzn&yacute;m venkovn&iacute;m fas&aacute;d&aacute;m. S&nbsp;ohledem na vyu\u017eit&iacute; mal&eacute;ho mno\u017estv&iacute; chladiva R32 se zm&iacute;r\u0148uj&iacute; negativn&iacute; dopady na glob&aacute;ln&iacute; oteplov&aacute;n&iacute;. Tepeln&eacute; \u010derpadlo lze nav&iacute;c d&aacute;lkov\u011b ovl&aacute;dat aplikac&iacute; SmartThings.\" \/>\n<meta property=\"og:url\" content=\"https:\/\/klimavex.eu\/cz\/katalog\/tepelne-cerpadlo-samsung-ehs-mono-ht-quiet-aio-200l-12kw-1f\/\" \/>\n<meta property=\"og:site_name\" content=\"KLIMAVEX GROUP - \u010cesko\" \/>\n<meta property=\"article:publisher\" content=\"https:\/\/www.facebook.com\/klimavex.cz\" \/>\n<meta property=\"article:modified_time\" content=\"2026-04-02T13:57:31+00:00\" \/>\n<meta property=\"og:image\" content=\"https:\/\/klimavex.eu\/cz\/wp-content\/uploads\/2025\/09\/M6va16wMb6zk3z22B3fesveq2KeFHH0e7lMv0jQB5kc-5.jpeg\" \/>\n\t<meta property=\"og:image:width\" content=\"500\" \/>\n\t<meta property=\"og:image:height\" content=\"500\" \/>\n\t<meta property=\"og:image:type\" content=\"image\/jpeg\" \/>\n<meta name=\"twitter:card\" content=\"summary_large_image\" \/>\n<meta name=\"twitter:label1\" content=\"Odhadovan\u00e1 doba \u010dten\u00ed\" \/>\n\t<meta name=\"twitter:data1\" content=\"1 minuta\" \/>\n<script type=\"application\/ld+json\" class=\"yoast-schema-graph\">{\"@context\":\"https:\/\/schema.org\",\"@graph\":[{\"@type\":\"WebPage\",\"@id\":\"https:\/\/klimavex.eu\/cz\/katalog\/tepelne-cerpadlo-samsung-ehs-mono-ht-quiet-aio-200l-12kw-1f\/\",\"url\":\"https:\/\/klimavex.eu\/cz\/katalog\/tepelne-cerpadlo-samsung-ehs-mono-ht-quiet-aio-200l-12kw-1f\/\",\"name\":\"Tepeln\u00e9 \u010derpadlo Samsung EHS Mono HT Quiet AiO (200l) 12kW (1f) - KLIMAVEX GROUP - \u010cesko\",\"isPartOf\":{\"@id\":\"https:\/\/klimavex.eu\/cz\/#website\"},\"primaryImageOfPage\":{\"@id\":\"https:\/\/klimavex.eu\/cz\/katalog\/tepelne-cerpadlo-samsung-ehs-mono-ht-quiet-aio-200l-12kw-1f\/#primaryimage\"},\"image\":{\"@id\":\"https:\/\/klimavex.eu\/cz\/katalog\/tepelne-cerpadlo-samsung-ehs-mono-ht-quiet-aio-200l-12kw-1f\/#primaryimage\"},\"thumbnailUrl\":\"https:\/\/klimavex.eu\/cz\/wp-content\/uploads\/2025\/09\/M6va16wMb6zk3z22B3fesveq2KeFHH0e7lMv0jQB5kc-5.jpeg\",\"datePublished\":\"2026-04-02T13:56:46+00:00\",\"dateModified\":\"2026-04-02T13:57:31+00:00\",\"breadcrumb\":{\"@id\":\"https:\/\/klimavex.eu\/cz\/katalog\/tepelne-cerpadlo-samsung-ehs-mono-ht-quiet-aio-200l-12kw-1f\/#breadcrumb\"},\"inLanguage\":\"cs\",\"potentialAction\":[{\"@type\":\"ReadAction\",\"target\":[\"https:\/\/klimavex.eu\/cz\/katalog\/tepelne-cerpadlo-samsung-ehs-mono-ht-quiet-aio-200l-12kw-1f\/\"]}]},{\"@type\":\"ImageObject\",\"inLanguage\":\"cs\",\"@id\":\"https:\/\/klimavex.eu\/cz\/katalog\/tepelne-cerpadlo-samsung-ehs-mono-ht-quiet-aio-200l-12kw-1f\/#primaryimage\",\"url\":\"https:\/\/klimavex.eu\/cz\/wp-content\/uploads\/2025\/09\/M6va16wMb6zk3z22B3fesveq2KeFHH0e7lMv0jQB5kc-5.jpeg\",\"contentUrl\":\"https:\/\/klimavex.eu\/cz\/wp-content\/uploads\/2025\/09\/M6va16wMb6zk3z22B3fesveq2KeFHH0e7lMv0jQB5kc-5.jpeg\",\"width\":500,\"height\":500},{\"@type\":\"BreadcrumbList\",\"@id\":\"https:\/\/klimavex.eu\/cz\/katalog\/tepelne-cerpadlo-samsung-ehs-mono-ht-quiet-aio-200l-12kw-1f\/#breadcrumb\",\"itemListElement\":[{\"@type\":\"ListItem\",\"position\":1,\"name\":\"Domovsk\u00e1 str\u00e1nka\",\"item\":\"https:\/\/klimavex.eu\/cz\/\"},{\"@type\":\"ListItem\",\"position\":2,\"name\":\"Eshop\",\"item\":\"https:\/\/klimavex.eu\/cz\/eshop\/\"},{\"@type\":\"ListItem\",\"position\":3,\"name\":\"Tepeln\u00e9 \u010derpadlo Samsung EHS Mono HT Quiet AiO (200l) 12kW (1f)\"}]},{\"@type\":\"WebSite\",\"@id\":\"https:\/\/klimavex.eu\/cz\/#website\",\"url\":\"https:\/\/klimavex.eu\/cz\/\",\"name\":\"KLIMAVEX GROUP - \u010cesko\",\"description\":\"\",\"publisher\":{\"@id\":\"https:\/\/klimavex.eu\/cz\/#organization\"},\"alternateName\":\"KLIMAVEX CZ a.s.\",\"potentialAction\":[{\"@type\":\"SearchAction\",\"target\":{\"@type\":\"EntryPoint\",\"urlTemplate\":\"https:\/\/klimavex.eu\/cz\/?s={search_term_string}\"},\"query-input\":{\"@type\":\"PropertyValueSpecification\",\"valueRequired\":true,\"valueName\":\"search_term_string\"}}],\"inLanguage\":\"cs\"},{\"@type\":\"Organization\",\"@id\":\"https:\/\/klimavex.eu\/cz\/#organization\",\"name\":\"KLIMAVEX GROUP\",\"alternateName\":\"KLIMAVEX\",\"url\":\"https:\/\/klimavex.eu\/cz\/\",\"logo\":{\"@type\":\"ImageObject\",\"inLanguage\":\"cs\",\"@id\":\"https:\/\/klimavex.eu\/cz\/#\/schema\/logo\/image\/\",\"url\":\"https:\/\/klimavex.eu\/cz\/wp-content\/uploads\/2024\/04\/Klimavex-Group-logo.png\",\"contentUrl\":\"https:\/\/klimavex.eu\/cz\/wp-content\/uploads\/2024\/04\/Klimavex-Group-logo.png\",\"width\":1681,\"height\":472,\"caption\":\"KLIMAVEX GROUP\"},\"image\":{\"@id\":\"https:\/\/klimavex.eu\/cz\/#\/schema\/logo\/image\/\"},\"sameAs\":[\"https:\/\/www.facebook.com\/klimavex.cz\",\"https:\/\/www.instagram.com\/klimavex_cz\/\"]}]}<\/script>\n<!-- \/ Yoast SEO plugin. -->","yoast_head_json":{"title":"Tepeln\u00e9 \u010derpadlo Samsung EHS Mono HT Quiet AiO (200l) 12kW (1f) - KLIMAVEX GROUP - \u010cesko","robots":{"index":"index","follow":"follow","max-snippet":"max-snippet:-1","max-image-preview":"max-image-preview:large","max-video-preview":"max-video-preview:-1"},"canonical":"https:\/\/klimavex.eu\/cz\/katalog\/tepelne-cerpadlo-samsung-ehs-mono-ht-quiet-aio-200l-12kw-1f\/","og_locale":"cs_CZ","og_type":"article","og_title":"Tepeln\u00e9 \u010derpadlo Samsung EHS Mono HT Quiet AiO (200l) 12kW (1f) - KLIMAVEX GROUP - \u010cesko","og_description":"Samsung EHS ClimateHub Mono HT Quiet je tepeln&eacute; \u010derpadlo vzduch-voda s&nbsp;vysokou teplotou topn&eacute; vody (a\u017e 70&deg;C) a n&iacute;zkou hlu\u010dnost&iacute; (od 35 dB(A)). Toto split ALL IN ONE proveden&iacute; (se z&aacute;sobn&iacute;kem na TUV 200 l) je vhodn&eacute; jak pro renovace dom\u016f, tak i pro nov&eacute; objekty. Jedn&aacute; se o prvot\u0159&iacute;dn&iacute; syst&eacute;m vyt&aacute;p\u011bn&iacute;, kter&yacute; lze jednodu&scaron;e a elegantn\u011b integrovat k&nbsp;r\u016fzn&yacute;m venkovn&iacute;m fas&aacute;d&aacute;m. S&nbsp;ohledem na vyu\u017eit&iacute; mal&eacute;ho mno\u017estv&iacute; chladiva R32 se zm&iacute;r\u0148uj&iacute; negativn&iacute; dopady na glob&aacute;ln&iacute; oteplov&aacute;n&iacute;. Tepeln&eacute; \u010derpadlo lze nav&iacute;c d&aacute;lkov\u011b ovl&aacute;dat aplikac&iacute; SmartThings.","og_url":"https:\/\/klimavex.eu\/cz\/katalog\/tepelne-cerpadlo-samsung-ehs-mono-ht-quiet-aio-200l-12kw-1f\/","og_site_name":"KLIMAVEX GROUP - \u010cesko","article_publisher":"https:\/\/www.facebook.com\/klimavex.cz","article_modified_time":"2026-04-02T13:57:31+00:00","og_image":[{"width":500,"height":500,"url":"https:\/\/klimavex.eu\/cz\/wp-content\/uploads\/2025\/09\/M6va16wMb6zk3z22B3fesveq2KeFHH0e7lMv0jQB5kc-5.jpeg","type":"image\/jpeg"}],"twitter_card":"summary_large_image","twitter_misc":{"Odhadovan\u00e1 doba \u010dten\u00ed":"1 minuta"},"schema":{"@context":"https:\/\/schema.org","@graph":[{"@type":"WebPage","@id":"https:\/\/klimavex.eu\/cz\/katalog\/tepelne-cerpadlo-samsung-ehs-mono-ht-quiet-aio-200l-12kw-1f\/","url":"https:\/\/klimavex.eu\/cz\/katalog\/tepelne-cerpadlo-samsung-ehs-mono-ht-quiet-aio-200l-12kw-1f\/","name":"Tepeln\u00e9 \u010derpadlo Samsung EHS Mono HT Quiet AiO (200l) 12kW (1f) - KLIMAVEX GROUP - \u010cesko","isPartOf":{"@id":"https:\/\/klimavex.eu\/cz\/#website"},"primaryImageOfPage":{"@id":"https:\/\/klimavex.eu\/cz\/katalog\/tepelne-cerpadlo-samsung-ehs-mono-ht-quiet-aio-200l-12kw-1f\/#primaryimage"},"image":{"@id":"https:\/\/klimavex.eu\/cz\/katalog\/tepelne-cerpadlo-samsung-ehs-mono-ht-quiet-aio-200l-12kw-1f\/#primaryimage"},"thumbnailUrl":"https:\/\/klimavex.eu\/cz\/wp-content\/uploads\/2025\/09\/M6va16wMb6zk3z22B3fesveq2KeFHH0e7lMv0jQB5kc-5.jpeg","datePublished":"2026-04-02T13:56:46+00:00","dateModified":"2026-04-02T13:57:31+00:00","breadcrumb":{"@id":"https:\/\/klimavex.eu\/cz\/katalog\/tepelne-cerpadlo-samsung-ehs-mono-ht-quiet-aio-200l-12kw-1f\/#breadcrumb"},"inLanguage":"cs","potentialAction":[{"@type":"ReadAction","target":["https:\/\/klimavex.eu\/cz\/katalog\/tepelne-cerpadlo-samsung-ehs-mono-ht-quiet-aio-200l-12kw-1f\/"]}]},{"@type":"ImageObject","inLanguage":"cs","@id":"https:\/\/klimavex.eu\/cz\/katalog\/tepelne-cerpadlo-samsung-ehs-mono-ht-quiet-aio-200l-12kw-1f\/#primaryimage","url":"https:\/\/klimavex.eu\/cz\/wp-content\/uploads\/2025\/09\/M6va16wMb6zk3z22B3fesveq2KeFHH0e7lMv0jQB5kc-5.jpeg","contentUrl":"https:\/\/klimavex.eu\/cz\/wp-content\/uploads\/2025\/09\/M6va16wMb6zk3z22B3fesveq2KeFHH0e7lMv0jQB5kc-5.jpeg","width":500,"height":500},{"@type":"BreadcrumbList","@id":"https:\/\/klimavex.eu\/cz\/katalog\/tepelne-cerpadlo-samsung-ehs-mono-ht-quiet-aio-200l-12kw-1f\/#breadcrumb","itemListElement":[{"@type":"ListItem","position":1,"name":"Domovsk\u00e1 str\u00e1nka","item":"https:\/\/klimavex.eu\/cz\/"},{"@type":"ListItem","position":2,"name":"Eshop","item":"https:\/\/klimavex.eu\/cz\/eshop\/"},{"@type":"ListItem","position":3,"name":"Tepeln\u00e9 \u010derpadlo Samsung EHS Mono HT Quiet AiO (200l) 12kW (1f)"}]},{"@type":"WebSite","@id":"https:\/\/klimavex.eu\/cz\/#website","url":"https:\/\/klimavex.eu\/cz\/","name":"KLIMAVEX GROUP - \u010cesko","description":"","publisher":{"@id":"https:\/\/klimavex.eu\/cz\/#organization"},"alternateName":"KLIMAVEX CZ a.s.","potentialAction":[{"@type":"SearchAction","target":{"@type":"EntryPoint","urlTemplate":"https:\/\/klimavex.eu\/cz\/?s={search_term_string}"},"query-input":{"@type":"PropertyValueSpecification","valueRequired":true,"valueName":"search_term_string"}}],"inLanguage":"cs"},{"@type":"Organization","@id":"https:\/\/klimavex.eu\/cz\/#organization","name":"KLIMAVEX GROUP","alternateName":"KLIMAVEX","url":"https:\/\/klimavex.eu\/cz\/","logo":{"@type":"ImageObject","inLanguage":"cs","@id":"https:\/\/klimavex.eu\/cz\/#\/schema\/logo\/image\/","url":"https:\/\/klimavex.eu\/cz\/wp-content\/uploads\/2024\/04\/Klimavex-Group-logo.png","contentUrl":"https:\/\/klimavex.eu\/cz\/wp-content\/uploads\/2024\/04\/Klimavex-Group-logo.png","width":1681,"height":472,"caption":"KLIMAVEX GROUP"},"image":{"@id":"https:\/\/klimavex.eu\/cz\/#\/schema\/logo\/image\/"},"sameAs":["https:\/\/www.facebook.com\/klimavex.cz","https:\/\/www.instagram.com\/klimavex_cz\/"]}]}},"_links":{"self":[{"href":"https:\/\/klimavex.eu\/cz\/wp-json\/wp\/v2\/product\/540546","targetHints":{"allow":["GET"]}}],"collection":[{"href":"https:\/\/klimavex.eu\/cz\/wp-json\/wp\/v2\/product"}],"about":[{"href":"https:\/\/klimavex.eu\/cz\/wp-json\/wp\/v2\/types\/product"}],"version-history":[{"count":0,"href":"https:\/\/klimavex.eu\/cz\/wp-json\/wp\/v2\/product\/540546\/revisions"}],"wp:featuredmedia":[{"embeddable":true,"href":"https:\/\/klimavex.eu\/cz\/wp-json\/wp\/v2\/media\/541947"}],"wp:attachment":[{"href":"https:\/\/klimavex.eu\/cz\/wp-json\/wp\/v2\/media?parent=540546"}],"wp:term":[{"taxonomy":"product_cat","embeddable":true,"href":"https:\/\/klimavex.eu\/cz\/wp-json\/wp\/v2\/product_cat?post=540546"},{"taxonomy":"product_tag","embeddable":true,"href":"https:\/\/klimavex.eu\/cz\/wp-json\/wp\/v2\/product_tag?post=540546"}],"curies":[{"name":"wp","href":"https:\/\/api.w.org\/{rel}","templated":true}]}}