{"id":540585,"date":"2026-04-02T15:21:57","date_gmt":"2026-04-02T13:21:57","guid":{"rendered":"https:\/\/klimavex.eu\/cz\/katalog\/tepelne-cerpadlo-panasonic-aquarea-j-gen-ecoflex-r32-230v-8kw\/"},"modified":"2026-04-02T15:22:01","modified_gmt":"2026-04-02T13:22:01","slug":"tepelne-cerpadlo-panasonic-aquarea-j-gen-ecoflex-r32-230v-8kw","status":"publish","type":"product","link":"https:\/\/klimavex.eu\/cz\/katalog\/tepelne-cerpadlo-panasonic-aquarea-j-gen-ecoflex-r32-230v-8kw\/","title":{"rendered":"Tepeln\u00e9 \u010derpadlo Panasonic Aquarea J-gen EcoFlex R32 230V 8kW"},"content":{"rendered":"<p style=\"text-align:justify\"><span style=\"font-size:11pt\"><span style=\"font-family:Calibri,sans-serif\"><strong>Kl&iacute;\u010dov&eacute; vlastnosti<\/strong><\/span><\/span><\/p>\n<ul>\n<li style=\"text-align:justify\"><span style=\"font-size:11pt\"><span style=\"font-family:Calibri,sans-serif\">V&iacute;cen&aacute;sobn&eacute; \u0159e&scaron;en&iacute;<\/span><\/span>\n<ul style=\"list-style-type:circle\">\n<li style=\"text-align:justify\"><span style=\"font-size:11pt\"><span style=\"font-family:Calibri,sans-serif\">Dvojit&eacute; vyt&aacute;p\u011bn&iacute;: Sou\u010dasn&yacute; oh\u0159ev vzduchu a p\u0159&iacute;prava tepl&eacute; vody nebo vyt&aacute;p\u011bn&iacute;.<\/span><\/span><\/li>\n<li style=\"text-align:justify\"><span style=\"font-size:11pt\"><span style=\"font-family:Calibri,sans-serif\">Rekuperace tepla: Op\u011btovn&eacute; vyu\u017eit&iacute; odpadn&iacute;ho tepla z&nbsp;venkovn&iacute; jednotky pro p\u0159&iacute;pravu tepl&eacute; vody.<\/span><\/span><\/li>\n<li style=\"text-align:justify\"><span style=\"font-size:11pt\"><span style=\"font-family:Calibri,sans-serif\">Nep\u0159etr\u017eit&eacute; vyt&aacute;p\u011bn&iacute;: Oh\u0159ev vzduchu b\u011b\u017e&iacute; nep\u0159etr\u017eit\u011b i p\u0159i odmrazov&aacute;n&iacute;.<\/span><\/span><\/li>\n<\/ul>\n<\/li>\n<li style=\"text-align:justify\"><span style=\"font-size:11pt\"><span style=\"font-family:Calibri,sans-serif\">Funkce rekuperace tepla pro op\u011btovn&eacute; vyu\u017eit&iacute; odpadn&iacute;ho tepla venkovn&iacute; jednotky pro p\u0159&iacute;pravu tepl&eacute; vody.<\/span><\/span><\/li>\n<li style=\"text-align:justify\"><span style=\"font-size:11pt\"><span style=\"font-family:Calibri,sans-serif\">Mal&yacute; p\u016fdorys venkovn&iacute; jednotky, z&aacute;sobn&iacute;k o velikosti standardn&iacute;ch spot\u0159ebi\u010d\u016f.<\/span><\/span><\/li>\n<li style=\"text-align:justify\"><span style=\"font-size:11pt\"><span style=\"font-family:Calibri,sans-serif\">Nep\u0159etr\u017eit&yacute; provoz vyt&aacute;p\u011bn&iacute;.<\/span><\/span><\/li>\n<li style=\"text-align:justify\"><span style=\"font-size:11pt\"><span style=\"font-family:Calibri,sans-serif\">Technologie nanoe&trade; X pro neust&aacute;l&eacute; zlep&scaron;ov&aacute;n&iacute; ochrany (gener&aacute;tor nanoe&trade; X Mark 2).<\/span><\/span><\/li>\n<li style=\"text-align:justify\"><span style=\"font-size:11pt\"><span style=\"font-family:Calibri,sans-serif\">Vestav\u011bn&eacute; adapt&eacute;ry Wi-Fi pro okam\u017eit&eacute; p\u0159ipojen&iacute; prost\u0159ednictv&iacute;m aplikace Aquarea Smart Cloud nebo Panasonic Comfort Cloud.<\/span><\/span><\/li>\n<\/ul>\n","protected":false},"excerpt":{"rendered":"<p style=\"text-align:justify\"><span style=\"font-size:11pt\"><span style=\"font-family:Calibri,sans-serif\">Tepeln&eacute; \u010derpadlo <strong>Panasonic Aquarea EcoFleX<\/strong> je pr\u016fkopnick&eacute; \u0159e&scaron;en&iacute;, kter&eacute; spojuje <strong>v&yacute;hody kan&aacute;lov&eacute; jednotky a technologie nanoe&trade; X<\/strong> a poskytuje teplou vodu oh\u0159&aacute;tou pomoc&iacute; <strong>rekuperace tepla<\/strong>, prostorov&eacute; vyt&aacute;p\u011bn&iacute;, prostorov&eacute; chlazen&iacute; a \u010dist&scaron;&iacute; vzduch. Vynikaj&iacute;c&iacute; &uacute;\u010dinnost a &uacute;spory energie s&nbsp;n&iacute;zk&yacute;mi emisemi CO<sub>2<\/sub>. U\u017e&iacute;v&aacute; se <strong>chladivo R32<\/strong>.<\/span><\/span><\/p>\n","protected":false},"featured_media":542097,"template":"","meta":[],"product_cat":[7751,7750,7769],"product_tag":[],"class_list":{"0":"post-540585","1":"product","2":"type-product","3":"status-publish","4":"has-post-thumbnail","6":"product_cat-panasonic-tepelna-cerpadla","7":"product_cat-tepelna-cerpadla","8":"product_cat-ecoflex","9":"pa_extra-funkce-ecoflex","10":"pa_max-vystupni-voda-11200","11":"pa_napajeni-1f-230v","12":"pa_provedeni-ecoflex","13":"pa_qch-pri-von-tep-35c-voda-7-11394","14":"pa_qvyk-pri-2c-vonk-35c-voda-11392","15":"pa_qvyk-pri-7c-vonk-35c-voda-11246","16":"pa_typ-chladiva-r32","17":"pa_ucinnost-cop-a-7-w35-11391","18":"pa_vyk-do-von-tepl-c-15-c","19":"pa_vykon-spiraly-kw-11196","20":"pa_vykonovy-model-kw-8-az-9kw","21":"pa_wifi-ovladani-volitelne","22":"pa_znacka-panasonic","24":"first","25":"instock","26":"taxable","27":"shipping-taxable","28":"purchasable","29":"product-type-simple"},"yoast_head":"<!-- This site is optimized with the Yoast SEO plugin v23.9 - https:\/\/yoast.com\/wordpress\/plugins\/seo\/ -->\n<title>Tepeln\u00e9 \u010derpadlo Panasonic Aquarea J-gen EcoFlex R32 230V 8kW - KLIMAVEX GROUP - \u010cesko<\/title>\n<meta name=\"robots\" content=\"index, follow, max-snippet:-1, max-image-preview:large, max-video-preview:-1\" \/>\n<link rel=\"canonical\" href=\"https:\/\/klimavex.eu\/cz\/katalog\/tepelne-cerpadlo-panasonic-aquarea-j-gen-ecoflex-r32-230v-8kw\/\" \/>\n<meta property=\"og:locale\" content=\"cs_CZ\" \/>\n<meta property=\"og:type\" content=\"article\" \/>\n<meta property=\"og:title\" content=\"Tepeln\u00e9 \u010derpadlo Panasonic Aquarea J-gen EcoFlex R32 230V 8kW - KLIMAVEX GROUP - \u010cesko\" \/>\n<meta property=\"og:description\" content=\"Tepeln&eacute; \u010derpadlo Panasonic Aquarea EcoFleX je pr\u016fkopnick&eacute; \u0159e&scaron;en&iacute;, kter&eacute; spojuje v&yacute;hody kan&aacute;lov&eacute; jednotky a technologie nanoe&trade; X a poskytuje teplou vodu oh\u0159&aacute;tou pomoc&iacute; rekuperace tepla, prostorov&eacute; vyt&aacute;p\u011bn&iacute;, prostorov&eacute; chlazen&iacute; a \u010dist&scaron;&iacute; vzduch. Vynikaj&iacute;c&iacute; &uacute;\u010dinnost a &uacute;spory energie s&nbsp;n&iacute;zk&yacute;mi emisemi CO2. U\u017e&iacute;v&aacute; se chladivo R32.\" \/>\n<meta property=\"og:url\" content=\"https:\/\/klimavex.eu\/cz\/katalog\/tepelne-cerpadlo-panasonic-aquarea-j-gen-ecoflex-r32-230v-8kw\/\" \/>\n<meta property=\"og:site_name\" content=\"KLIMAVEX GROUP - \u010cesko\" \/>\n<meta property=\"article:publisher\" content=\"https:\/\/www.facebook.com\/klimavex.cz\" \/>\n<meta property=\"article:modified_time\" content=\"2026-04-02T13:22:01+00:00\" \/>\n<meta property=\"og:image\" content=\"https:\/\/klimavex.eu\/cz\/wp-content\/uploads\/2025\/09\/upifFSwXfAJRuzxr0O74gciutmGTv2N9wt7hL-99Icc.jpeg\" \/>\n\t<meta property=\"og:image:width\" content=\"500\" \/>\n\t<meta property=\"og:image:height\" content=\"500\" \/>\n\t<meta property=\"og:image:type\" content=\"image\/jpeg\" \/>\n<meta name=\"twitter:card\" content=\"summary_large_image\" \/>\n<meta name=\"twitter:label1\" content=\"Odhadovan\u00e1 doba \u010dten\u00ed\" \/>\n\t<meta name=\"twitter:data1\" content=\"1 minuta\" \/>\n<script type=\"application\/ld+json\" class=\"yoast-schema-graph\">{\"@context\":\"https:\/\/schema.org\",\"@graph\":[{\"@type\":\"WebPage\",\"@id\":\"https:\/\/klimavex.eu\/cz\/katalog\/tepelne-cerpadlo-panasonic-aquarea-j-gen-ecoflex-r32-230v-8kw\/\",\"url\":\"https:\/\/klimavex.eu\/cz\/katalog\/tepelne-cerpadlo-panasonic-aquarea-j-gen-ecoflex-r32-230v-8kw\/\",\"name\":\"Tepeln\u00e9 \u010derpadlo Panasonic Aquarea J-gen EcoFlex R32 230V 8kW - KLIMAVEX GROUP - \u010cesko\",\"isPartOf\":{\"@id\":\"https:\/\/klimavex.eu\/cz\/#website\"},\"primaryImageOfPage\":{\"@id\":\"https:\/\/klimavex.eu\/cz\/katalog\/tepelne-cerpadlo-panasonic-aquarea-j-gen-ecoflex-r32-230v-8kw\/#primaryimage\"},\"image\":{\"@id\":\"https:\/\/klimavex.eu\/cz\/katalog\/tepelne-cerpadlo-panasonic-aquarea-j-gen-ecoflex-r32-230v-8kw\/#primaryimage\"},\"thumbnailUrl\":\"https:\/\/klimavex.eu\/cz\/wp-content\/uploads\/2025\/09\/upifFSwXfAJRuzxr0O74gciutmGTv2N9wt7hL-99Icc.jpeg\",\"datePublished\":\"2026-04-02T13:21:57+00:00\",\"dateModified\":\"2026-04-02T13:22:01+00:00\",\"breadcrumb\":{\"@id\":\"https:\/\/klimavex.eu\/cz\/katalog\/tepelne-cerpadlo-panasonic-aquarea-j-gen-ecoflex-r32-230v-8kw\/#breadcrumb\"},\"inLanguage\":\"cs\",\"potentialAction\":[{\"@type\":\"ReadAction\",\"target\":[\"https:\/\/klimavex.eu\/cz\/katalog\/tepelne-cerpadlo-panasonic-aquarea-j-gen-ecoflex-r32-230v-8kw\/\"]}]},{\"@type\":\"ImageObject\",\"inLanguage\":\"cs\",\"@id\":\"https:\/\/klimavex.eu\/cz\/katalog\/tepelne-cerpadlo-panasonic-aquarea-j-gen-ecoflex-r32-230v-8kw\/#primaryimage\",\"url\":\"https:\/\/klimavex.eu\/cz\/wp-content\/uploads\/2025\/09\/upifFSwXfAJRuzxr0O74gciutmGTv2N9wt7hL-99Icc.jpeg\",\"contentUrl\":\"https:\/\/klimavex.eu\/cz\/wp-content\/uploads\/2025\/09\/upifFSwXfAJRuzxr0O74gciutmGTv2N9wt7hL-99Icc.jpeg\",\"width\":500,\"height\":500},{\"@type\":\"BreadcrumbList\",\"@id\":\"https:\/\/klimavex.eu\/cz\/katalog\/tepelne-cerpadlo-panasonic-aquarea-j-gen-ecoflex-r32-230v-8kw\/#breadcrumb\",\"itemListElement\":[{\"@type\":\"ListItem\",\"position\":1,\"name\":\"Domovsk\u00e1 str\u00e1nka\",\"item\":\"https:\/\/klimavex.eu\/cz\/\"},{\"@type\":\"ListItem\",\"position\":2,\"name\":\"Eshop\",\"item\":\"https:\/\/klimavex.eu\/cz\/eshop\/\"},{\"@type\":\"ListItem\",\"position\":3,\"name\":\"Tepeln\u00e9 \u010derpadlo Panasonic Aquarea J-gen EcoFlex R32 230V 8kW\"}]},{\"@type\":\"WebSite\",\"@id\":\"https:\/\/klimavex.eu\/cz\/#website\",\"url\":\"https:\/\/klimavex.eu\/cz\/\",\"name\":\"KLIMAVEX GROUP - \u010cesko\",\"description\":\"\",\"publisher\":{\"@id\":\"https:\/\/klimavex.eu\/cz\/#organization\"},\"alternateName\":\"KLIMAVEX CZ a.s.\",\"potentialAction\":[{\"@type\":\"SearchAction\",\"target\":{\"@type\":\"EntryPoint\",\"urlTemplate\":\"https:\/\/klimavex.eu\/cz\/?s={search_term_string}\"},\"query-input\":{\"@type\":\"PropertyValueSpecification\",\"valueRequired\":true,\"valueName\":\"search_term_string\"}}],\"inLanguage\":\"cs\"},{\"@type\":\"Organization\",\"@id\":\"https:\/\/klimavex.eu\/cz\/#organization\",\"name\":\"KLIMAVEX GROUP\",\"alternateName\":\"KLIMAVEX\",\"url\":\"https:\/\/klimavex.eu\/cz\/\",\"logo\":{\"@type\":\"ImageObject\",\"inLanguage\":\"cs\",\"@id\":\"https:\/\/klimavex.eu\/cz\/#\/schema\/logo\/image\/\",\"url\":\"https:\/\/klimavex.eu\/cz\/wp-content\/uploads\/2024\/04\/Klimavex-Group-logo.png\",\"contentUrl\":\"https:\/\/klimavex.eu\/cz\/wp-content\/uploads\/2024\/04\/Klimavex-Group-logo.png\",\"width\":1681,\"height\":472,\"caption\":\"KLIMAVEX GROUP\"},\"image\":{\"@id\":\"https:\/\/klimavex.eu\/cz\/#\/schema\/logo\/image\/\"},\"sameAs\":[\"https:\/\/www.facebook.com\/klimavex.cz\",\"https:\/\/www.instagram.com\/klimavex_cz\/\"]}]}<\/script>\n<!-- \/ Yoast SEO plugin. -->","yoast_head_json":{"title":"Tepeln\u00e9 \u010derpadlo Panasonic Aquarea J-gen EcoFlex R32 230V 8kW - KLIMAVEX GROUP - \u010cesko","robots":{"index":"index","follow":"follow","max-snippet":"max-snippet:-1","max-image-preview":"max-image-preview:large","max-video-preview":"max-video-preview:-1"},"canonical":"https:\/\/klimavex.eu\/cz\/katalog\/tepelne-cerpadlo-panasonic-aquarea-j-gen-ecoflex-r32-230v-8kw\/","og_locale":"cs_CZ","og_type":"article","og_title":"Tepeln\u00e9 \u010derpadlo Panasonic Aquarea J-gen EcoFlex R32 230V 8kW - KLIMAVEX GROUP - \u010cesko","og_description":"Tepeln&eacute; \u010derpadlo Panasonic Aquarea EcoFleX je pr\u016fkopnick&eacute; \u0159e&scaron;en&iacute;, kter&eacute; spojuje v&yacute;hody kan&aacute;lov&eacute; jednotky a technologie nanoe&trade; X a poskytuje teplou vodu oh\u0159&aacute;tou pomoc&iacute; rekuperace tepla, prostorov&eacute; vyt&aacute;p\u011bn&iacute;, prostorov&eacute; chlazen&iacute; a \u010dist&scaron;&iacute; vzduch. Vynikaj&iacute;c&iacute; &uacute;\u010dinnost a &uacute;spory energie s&nbsp;n&iacute;zk&yacute;mi emisemi CO2. U\u017e&iacute;v&aacute; se chladivo R32.","og_url":"https:\/\/klimavex.eu\/cz\/katalog\/tepelne-cerpadlo-panasonic-aquarea-j-gen-ecoflex-r32-230v-8kw\/","og_site_name":"KLIMAVEX GROUP - \u010cesko","article_publisher":"https:\/\/www.facebook.com\/klimavex.cz","article_modified_time":"2026-04-02T13:22:01+00:00","og_image":[{"width":500,"height":500,"url":"https:\/\/klimavex.eu\/cz\/wp-content\/uploads\/2025\/09\/upifFSwXfAJRuzxr0O74gciutmGTv2N9wt7hL-99Icc.jpeg","type":"image\/jpeg"}],"twitter_card":"summary_large_image","twitter_misc":{"Odhadovan\u00e1 doba \u010dten\u00ed":"1 minuta"},"schema":{"@context":"https:\/\/schema.org","@graph":[{"@type":"WebPage","@id":"https:\/\/klimavex.eu\/cz\/katalog\/tepelne-cerpadlo-panasonic-aquarea-j-gen-ecoflex-r32-230v-8kw\/","url":"https:\/\/klimavex.eu\/cz\/katalog\/tepelne-cerpadlo-panasonic-aquarea-j-gen-ecoflex-r32-230v-8kw\/","name":"Tepeln\u00e9 \u010derpadlo Panasonic Aquarea J-gen EcoFlex R32 230V 8kW - KLIMAVEX GROUP - \u010cesko","isPartOf":{"@id":"https:\/\/klimavex.eu\/cz\/#website"},"primaryImageOfPage":{"@id":"https:\/\/klimavex.eu\/cz\/katalog\/tepelne-cerpadlo-panasonic-aquarea-j-gen-ecoflex-r32-230v-8kw\/#primaryimage"},"image":{"@id":"https:\/\/klimavex.eu\/cz\/katalog\/tepelne-cerpadlo-panasonic-aquarea-j-gen-ecoflex-r32-230v-8kw\/#primaryimage"},"thumbnailUrl":"https:\/\/klimavex.eu\/cz\/wp-content\/uploads\/2025\/09\/upifFSwXfAJRuzxr0O74gciutmGTv2N9wt7hL-99Icc.jpeg","datePublished":"2026-04-02T13:21:57+00:00","dateModified":"2026-04-02T13:22:01+00:00","breadcrumb":{"@id":"https:\/\/klimavex.eu\/cz\/katalog\/tepelne-cerpadlo-panasonic-aquarea-j-gen-ecoflex-r32-230v-8kw\/#breadcrumb"},"inLanguage":"cs","potentialAction":[{"@type":"ReadAction","target":["https:\/\/klimavex.eu\/cz\/katalog\/tepelne-cerpadlo-panasonic-aquarea-j-gen-ecoflex-r32-230v-8kw\/"]}]},{"@type":"ImageObject","inLanguage":"cs","@id":"https:\/\/klimavex.eu\/cz\/katalog\/tepelne-cerpadlo-panasonic-aquarea-j-gen-ecoflex-r32-230v-8kw\/#primaryimage","url":"https:\/\/klimavex.eu\/cz\/wp-content\/uploads\/2025\/09\/upifFSwXfAJRuzxr0O74gciutmGTv2N9wt7hL-99Icc.jpeg","contentUrl":"https:\/\/klimavex.eu\/cz\/wp-content\/uploads\/2025\/09\/upifFSwXfAJRuzxr0O74gciutmGTv2N9wt7hL-99Icc.jpeg","width":500,"height":500},{"@type":"BreadcrumbList","@id":"https:\/\/klimavex.eu\/cz\/katalog\/tepelne-cerpadlo-panasonic-aquarea-j-gen-ecoflex-r32-230v-8kw\/#breadcrumb","itemListElement":[{"@type":"ListItem","position":1,"name":"Domovsk\u00e1 str\u00e1nka","item":"https:\/\/klimavex.eu\/cz\/"},{"@type":"ListItem","position":2,"name":"Eshop","item":"https:\/\/klimavex.eu\/cz\/eshop\/"},{"@type":"ListItem","position":3,"name":"Tepeln\u00e9 \u010derpadlo Panasonic Aquarea J-gen EcoFlex R32 230V 8kW"}]},{"@type":"WebSite","@id":"https:\/\/klimavex.eu\/cz\/#website","url":"https:\/\/klimavex.eu\/cz\/","name":"KLIMAVEX GROUP - \u010cesko","description":"","publisher":{"@id":"https:\/\/klimavex.eu\/cz\/#organization"},"alternateName":"KLIMAVEX CZ a.s.","potentialAction":[{"@type":"SearchAction","target":{"@type":"EntryPoint","urlTemplate":"https:\/\/klimavex.eu\/cz\/?s={search_term_string}"},"query-input":{"@type":"PropertyValueSpecification","valueRequired":true,"valueName":"search_term_string"}}],"inLanguage":"cs"},{"@type":"Organization","@id":"https:\/\/klimavex.eu\/cz\/#organization","name":"KLIMAVEX GROUP","alternateName":"KLIMAVEX","url":"https:\/\/klimavex.eu\/cz\/","logo":{"@type":"ImageObject","inLanguage":"cs","@id":"https:\/\/klimavex.eu\/cz\/#\/schema\/logo\/image\/","url":"https:\/\/klimavex.eu\/cz\/wp-content\/uploads\/2024\/04\/Klimavex-Group-logo.png","contentUrl":"https:\/\/klimavex.eu\/cz\/wp-content\/uploads\/2024\/04\/Klimavex-Group-logo.png","width":1681,"height":472,"caption":"KLIMAVEX GROUP"},"image":{"@id":"https:\/\/klimavex.eu\/cz\/#\/schema\/logo\/image\/"},"sameAs":["https:\/\/www.facebook.com\/klimavex.cz","https:\/\/www.instagram.com\/klimavex_cz\/"]}]}},"_links":{"self":[{"href":"https:\/\/klimavex.eu\/cz\/wp-json\/wp\/v2\/product\/540585","targetHints":{"allow":["GET"]}}],"collection":[{"href":"https:\/\/klimavex.eu\/cz\/wp-json\/wp\/v2\/product"}],"about":[{"href":"https:\/\/klimavex.eu\/cz\/wp-json\/wp\/v2\/types\/product"}],"version-history":[{"count":0,"href":"https:\/\/klimavex.eu\/cz\/wp-json\/wp\/v2\/product\/540585\/revisions"}],"wp:featuredmedia":[{"embeddable":true,"href":"https:\/\/klimavex.eu\/cz\/wp-json\/wp\/v2\/media\/542097"}],"wp:attachment":[{"href":"https:\/\/klimavex.eu\/cz\/wp-json\/wp\/v2\/media?parent=540585"}],"wp:term":[{"taxonomy":"product_cat","embeddable":true,"href":"https:\/\/klimavex.eu\/cz\/wp-json\/wp\/v2\/product_cat?post=540585"},{"taxonomy":"product_tag","embeddable":true,"href":"https:\/\/klimavex.eu\/cz\/wp-json\/wp\/v2\/product_tag?post=540585"}],"curies":[{"name":"wp","href":"https:\/\/api.w.org\/{rel}","templated":true}]}}