{"id":540597,"date":"2026-04-01T08:49:05","date_gmt":"2026-04-01T06:49:05","guid":{"rendered":"https:\/\/klimavex.eu\/cz\/katalog\/tepelne-cerpadlo-hyundai-extreme-pro-xl-monoblok-modular-hcmo-r32-evi-400v-110kw\/"},"modified":"2026-04-01T08:49:56","modified_gmt":"2026-04-01T06:49:56","slug":"tepelne-cerpadlo-hyundai-extreme-pro-xl-monoblok-modular-hcmo-r32-evi-400v-110kw","status":"publish","type":"product","link":"https:\/\/klimavex.eu\/cz\/katalog\/tepelne-cerpadlo-hyundai-extreme-pro-xl-monoblok-modular-hcmo-r32-evi-400v-110kw\/","title":{"rendered":"Tepeln\u00e9 \u010derpadlo Hyundai Extreme PRO XL monoblok (modular) HCMO R32 EVI 400V 110kW"},"content":{"rendered":"<p style=\"text-align: justify;\"><strong>Kl&iacute;\u010dov&eacute; vlastnosti<\/strong><\/p>\n<ul>\n<li style=\"text-align: justify;\">Vysok&aacute; &uacute;\u010dinnost &ndash; energetick&aacute; t\u0159&iacute;da A+++<\/li>\n<li style=\"text-align: justify;\">Maxim&aacute;ln&iacute; v&yacute;stupn&iacute; teplota vody a\u017e do 65 &deg;C<\/li>\n<li style=\"text-align: justify;\">&Uacute;\u010dinn&eacute; vyt&aacute;p\u011bn&iacute; p\u0159i teplot&aacute;ch venkovn&iacute;ho vzduchu a\u017e do -20 &deg;C (technologie EVI)<\/li>\n<li style=\"text-align: justify;\">1x \/ 2x kompresor scroll DC inverter EVI, 1 okruh<\/li>\n<li style=\"text-align: justify;\">&Uacute;sporn&eacute; ventil&aacute;tory s DC motory<\/li>\n<li style=\"text-align: justify;\">Ovlada\u010d s&nbsp;kask&aacute;dov&yacute;m \u0159&iacute;zen&iacute;m a\u017e 16 jednotek<\/li>\n<li style=\"text-align: justify;\">3 &uacute;rovn\u011b p\u0159&iacute;stupu ovl&aacute;d&aacute;n&iacute; &ndash; nap\u0159. u\u017eivatel, servis, spr&aacute;vce<\/li>\n<li style=\"text-align: justify;\">Sn&iacute;ma\u010d teploty vody na v&yacute;stupu (v balen&iacute;)<\/li>\n<li style=\"text-align: justify;\">Dvojit&aacute; po\u017eadovan&aacute; teplota s&nbsp;extern&iacute;m p\u0159ep&iacute;n&aacute;n&iacute;m<\/li>\n<li style=\"text-align: justify;\">Ekvitermick&aacute; regulace<\/li>\n<li style=\"text-align: justify;\">D&aacute;lkov&eacute; blokov&aacute;n&iacute; ON\/OFF, p\u0159ep&iacute;n&aacute;n&iacute; re\u017eim\u016f C\/H<\/li>\n<li style=\"text-align: justify;\">Zabudovan&yacute; pr\u016ftokov&yacute; sp&iacute;na\u010d<\/li>\n<li style=\"text-align: justify;\">Ovl&aacute;d&aacute;n&iacute; pro extern&iacute; ob\u011bhov&eacute; \u010derpadlo s&nbsp;fixn&iacute;mi nebo prom\u011bnliv&yacute;mi ot&aacute;\u010dkami 0-10V<\/li>\n<li style=\"text-align: justify;\">Gener&aacute;ln&iacute; alarm a signalizace provozu kompresor\u016f<\/li>\n<li style=\"text-align: justify;\">Napojen&iacute; na BMS pomoc&iacute; Modbus RTU<\/li>\n<li style=\"text-align: justify;\">T&yacute;denn&iacute; \u010dasova\u010d, tich&yacute; re\u017eim, omezen&iacute; spot\u0159eby<\/li>\n<li style=\"text-align: justify;\">Z&aacute;ruka 3 roky<\/li>\n<\/ul>\n","protected":false},"excerpt":{"rendered":"<p style=\"text-align: justify;\">Model <strong>Hyundai Extreme PRO XL HCMO<\/strong> je modul&aacute;rn&iacute; komer\u010dn&iacute; tepeln&eacute; \u010derpadlo vzduch-voda s&nbsp;vysokou &uacute;\u010dinnost&iacute; a v&yacute;stupn&iacute; teplotou vody <strong>a\u017e 65 &deg;C<\/strong>, v&nbsp;proveden&iacute; <strong>monoblok<\/strong>. Tento model je vhodn&yacute; do administrativn&iacute;ch budov, hotel\u016f, &scaron;kol a dal&scaron;&iacute;ch v\u011bt&scaron;&iacute;ch budov. Jednotka vyu\u017e&iacute;v&aacute; <strong>p\u0159&iacute;rodn&iacute; chladivo R32 <\/strong>s potenci&aacute;lem glob&aacute;ln&iacute;ho oteplov&aacute;n&iacute; GWP=675. <strong>Technologie EVI<\/strong> zvy&scaron;uje &uacute;\u010dinnost \u010derpadla i p\u0159i velmi n&iacute;zk&yacute;ch venkovn&iacute;ch teplot&aacute;ch. <strong>&Scaron;ed&eacute; proveden&iacute;<\/strong> monobloku rovn\u011b\u017e spl\u0148uje nejvy&scaron;&scaron;&iacute; n&aacute;roky na modern&iacute; vzhled tepeln&yacute;ch \u010derpadel. Umo\u017e\u0148uje kombinovat <strong>a\u017e 16 modul\u016f o celkov&eacute;m v&yacute;konu 2080 kW<\/strong>. Za\u0159&iacute;zen&iacute; a v&scaron;echny jeho funkce je mo\u017en&eacute; ovl&aacute;dat prost\u0159ednictv&iacute;m dotykov&yacute;ch <strong>kabelov&yacute;ch ovlada\u010d\u016f<\/strong>.<\/p>\n","protected":false},"featured_media":542133,"template":"","meta":[],"product_cat":[7754,7750,14410],"product_tag":[],"class_list":{"0":"post-540597","1":"product","2":"type-product","3":"status-publish","4":"has-post-thumbnail","6":"product_cat-hyundai-tepelna-cerpadla","7":"product_cat-tepelna-cerpadla","8":"product_cat-r32-evi-monoblok-pro-xl-hcmo-seda","9":"pa_extra-funkce-hcmo-r32","10":"pa_max-vystupni-voda-11262","11":"pa_napajeni-3f-400v","12":"pa_prikon-vytapeni-14274","13":"pa_provedeni-monoblok","14":"pa_qch-pri-von-tep-35c-voda-7-14275","15":"pa_qvyk-pri-2c-vonk-35c-voda-14273","16":"pa_qvyk-pri-7c-vonk-35c-voda-14272","17":"pa_typ-chladiva-r32","18":"pa_ucinnost-cop-a-7-w35-14238","19":"pa_vyk-do-von-tepl-c-25-c","20":"pa_vykonovy-model-kw-110kw","21":"pa_wifi-ovladani-ne","22":"pa_znacka-hyundai","24":"first","25":"instock","26":"taxable","27":"shipping-taxable","28":"purchasable","29":"product-type-simple"},"yoast_head":"<!-- This site is optimized with the Yoast SEO plugin v23.9 - https:\/\/yoast.com\/wordpress\/plugins\/seo\/ -->\n<title>Tepeln\u00e9 \u010derpadlo Hyundai Extreme PRO XL monoblok (modular) HCMO R32 EVI 400V 110kW - KLIMAVEX GROUP - \u010cesko<\/title>\n<meta name=\"robots\" content=\"index, follow, max-snippet:-1, max-image-preview:large, max-video-preview:-1\" \/>\n<link rel=\"canonical\" href=\"https:\/\/klimavex.eu\/cz\/katalog\/tepelne-cerpadlo-hyundai-extreme-pro-xl-monoblok-modular-hcmo-r32-evi-400v-110kw\/\" \/>\n<meta property=\"og:locale\" content=\"cs_CZ\" \/>\n<meta property=\"og:type\" content=\"article\" \/>\n<meta property=\"og:title\" content=\"Tepeln\u00e9 \u010derpadlo Hyundai Extreme PRO XL monoblok (modular) HCMO R32 EVI 400V 110kW - KLIMAVEX GROUP - \u010cesko\" \/>\n<meta property=\"og:description\" content=\"Model Hyundai Extreme PRO XL HCMO je modul&aacute;rn&iacute; komer\u010dn&iacute; tepeln&eacute; \u010derpadlo vzduch-voda s&nbsp;vysokou &uacute;\u010dinnost&iacute; a v&yacute;stupn&iacute; teplotou vody a\u017e 65 &deg;C, v&nbsp;proveden&iacute; monoblok. Tento model je vhodn&yacute; do administrativn&iacute;ch budov, hotel\u016f, &scaron;kol a dal&scaron;&iacute;ch v\u011bt&scaron;&iacute;ch budov. Jednotka vyu\u017e&iacute;v&aacute; p\u0159&iacute;rodn&iacute; chladivo R32 s potenci&aacute;lem glob&aacute;ln&iacute;ho oteplov&aacute;n&iacute; GWP=675. Technologie EVI zvy&scaron;uje &uacute;\u010dinnost \u010derpadla i p\u0159i velmi n&iacute;zk&yacute;ch venkovn&iacute;ch teplot&aacute;ch. &Scaron;ed&eacute; proveden&iacute; monobloku rovn\u011b\u017e spl\u0148uje nejvy&scaron;&scaron;&iacute; n&aacute;roky na modern&iacute; vzhled tepeln&yacute;ch \u010derpadel. Umo\u017e\u0148uje kombinovat a\u017e 16 modul\u016f o celkov&eacute;m v&yacute;konu 2080 kW. Za\u0159&iacute;zen&iacute; a v&scaron;echny jeho funkce je mo\u017en&eacute; ovl&aacute;dat prost\u0159ednictv&iacute;m dotykov&yacute;ch kabelov&yacute;ch ovlada\u010d\u016f.\" \/>\n<meta property=\"og:url\" content=\"https:\/\/klimavex.eu\/cz\/katalog\/tepelne-cerpadlo-hyundai-extreme-pro-xl-monoblok-modular-hcmo-r32-evi-400v-110kw\/\" \/>\n<meta property=\"og:site_name\" content=\"KLIMAVEX GROUP - \u010cesko\" \/>\n<meta property=\"article:publisher\" content=\"https:\/\/www.facebook.com\/klimavex.cz\" \/>\n<meta property=\"article:modified_time\" content=\"2026-04-01T06:49:56+00:00\" \/>\n<meta property=\"og:image\" content=\"https:\/\/klimavex.eu\/cz\/wp-content\/uploads\/2025\/09\/gCMW_3mu3mooFIh_6sTy5qqmYz8yma_n76h5PSjhIwQ-2.png\" \/>\n\t<meta property=\"og:image:width\" content=\"691\" \/>\n\t<meta property=\"og:image:height\" content=\"512\" \/>\n\t<meta property=\"og:image:type\" content=\"image\/png\" \/>\n<meta name=\"twitter:card\" content=\"summary_large_image\" \/>\n<meta name=\"twitter:label1\" content=\"Odhadovan\u00e1 doba \u010dten\u00ed\" \/>\n\t<meta name=\"twitter:data1\" content=\"1 minuta\" \/>\n<script type=\"application\/ld+json\" class=\"yoast-schema-graph\">{\"@context\":\"https:\/\/schema.org\",\"@graph\":[{\"@type\":\"WebPage\",\"@id\":\"https:\/\/klimavex.eu\/cz\/katalog\/tepelne-cerpadlo-hyundai-extreme-pro-xl-monoblok-modular-hcmo-r32-evi-400v-110kw\/\",\"url\":\"https:\/\/klimavex.eu\/cz\/katalog\/tepelne-cerpadlo-hyundai-extreme-pro-xl-monoblok-modular-hcmo-r32-evi-400v-110kw\/\",\"name\":\"Tepeln\u00e9 \u010derpadlo Hyundai Extreme PRO XL monoblok (modular) HCMO R32 EVI 400V 110kW - KLIMAVEX GROUP - \u010cesko\",\"isPartOf\":{\"@id\":\"https:\/\/klimavex.eu\/cz\/#website\"},\"primaryImageOfPage\":{\"@id\":\"https:\/\/klimavex.eu\/cz\/katalog\/tepelne-cerpadlo-hyundai-extreme-pro-xl-monoblok-modular-hcmo-r32-evi-400v-110kw\/#primaryimage\"},\"image\":{\"@id\":\"https:\/\/klimavex.eu\/cz\/katalog\/tepelne-cerpadlo-hyundai-extreme-pro-xl-monoblok-modular-hcmo-r32-evi-400v-110kw\/#primaryimage\"},\"thumbnailUrl\":\"https:\/\/klimavex.eu\/cz\/wp-content\/uploads\/2025\/09\/gCMW_3mu3mooFIh_6sTy5qqmYz8yma_n76h5PSjhIwQ-2.png\",\"datePublished\":\"2026-04-01T06:49:05+00:00\",\"dateModified\":\"2026-04-01T06:49:56+00:00\",\"breadcrumb\":{\"@id\":\"https:\/\/klimavex.eu\/cz\/katalog\/tepelne-cerpadlo-hyundai-extreme-pro-xl-monoblok-modular-hcmo-r32-evi-400v-110kw\/#breadcrumb\"},\"inLanguage\":\"cs\",\"potentialAction\":[{\"@type\":\"ReadAction\",\"target\":[\"https:\/\/klimavex.eu\/cz\/katalog\/tepelne-cerpadlo-hyundai-extreme-pro-xl-monoblok-modular-hcmo-r32-evi-400v-110kw\/\"]}]},{\"@type\":\"ImageObject\",\"inLanguage\":\"cs\",\"@id\":\"https:\/\/klimavex.eu\/cz\/katalog\/tepelne-cerpadlo-hyundai-extreme-pro-xl-monoblok-modular-hcmo-r32-evi-400v-110kw\/#primaryimage\",\"url\":\"https:\/\/klimavex.eu\/cz\/wp-content\/uploads\/2025\/09\/gCMW_3mu3mooFIh_6sTy5qqmYz8yma_n76h5PSjhIwQ-2.png\",\"contentUrl\":\"https:\/\/klimavex.eu\/cz\/wp-content\/uploads\/2025\/09\/gCMW_3mu3mooFIh_6sTy5qqmYz8yma_n76h5PSjhIwQ-2.png\",\"width\":691,\"height\":512},{\"@type\":\"BreadcrumbList\",\"@id\":\"https:\/\/klimavex.eu\/cz\/katalog\/tepelne-cerpadlo-hyundai-extreme-pro-xl-monoblok-modular-hcmo-r32-evi-400v-110kw\/#breadcrumb\",\"itemListElement\":[{\"@type\":\"ListItem\",\"position\":1,\"name\":\"Domovsk\u00e1 str\u00e1nka\",\"item\":\"https:\/\/klimavex.eu\/cz\/\"},{\"@type\":\"ListItem\",\"position\":2,\"name\":\"Eshop\",\"item\":\"https:\/\/klimavex.eu\/cz\/eshop\/\"},{\"@type\":\"ListItem\",\"position\":3,\"name\":\"Tepeln\u00e9 \u010derpadlo Hyundai Extreme PRO XL monoblok (modular) HCMO R32 EVI 400V 110kW\"}]},{\"@type\":\"WebSite\",\"@id\":\"https:\/\/klimavex.eu\/cz\/#website\",\"url\":\"https:\/\/klimavex.eu\/cz\/\",\"name\":\"KLIMAVEX GROUP - \u010cesko\",\"description\":\"\",\"publisher\":{\"@id\":\"https:\/\/klimavex.eu\/cz\/#organization\"},\"alternateName\":\"KLIMAVEX CZ a.s.\",\"potentialAction\":[{\"@type\":\"SearchAction\",\"target\":{\"@type\":\"EntryPoint\",\"urlTemplate\":\"https:\/\/klimavex.eu\/cz\/?s={search_term_string}\"},\"query-input\":{\"@type\":\"PropertyValueSpecification\",\"valueRequired\":true,\"valueName\":\"search_term_string\"}}],\"inLanguage\":\"cs\"},{\"@type\":\"Organization\",\"@id\":\"https:\/\/klimavex.eu\/cz\/#organization\",\"name\":\"KLIMAVEX GROUP\",\"alternateName\":\"KLIMAVEX\",\"url\":\"https:\/\/klimavex.eu\/cz\/\",\"logo\":{\"@type\":\"ImageObject\",\"inLanguage\":\"cs\",\"@id\":\"https:\/\/klimavex.eu\/cz\/#\/schema\/logo\/image\/\",\"url\":\"https:\/\/klimavex.eu\/cz\/wp-content\/uploads\/2024\/04\/Klimavex-Group-logo.png\",\"contentUrl\":\"https:\/\/klimavex.eu\/cz\/wp-content\/uploads\/2024\/04\/Klimavex-Group-logo.png\",\"width\":1681,\"height\":472,\"caption\":\"KLIMAVEX GROUP\"},\"image\":{\"@id\":\"https:\/\/klimavex.eu\/cz\/#\/schema\/logo\/image\/\"},\"sameAs\":[\"https:\/\/www.facebook.com\/klimavex.cz\",\"https:\/\/www.instagram.com\/klimavex_cz\/\"]}]}<\/script>\n<!-- \/ Yoast SEO plugin. -->","yoast_head_json":{"title":"Tepeln\u00e9 \u010derpadlo Hyundai Extreme PRO XL monoblok (modular) HCMO R32 EVI 400V 110kW - KLIMAVEX GROUP - \u010cesko","robots":{"index":"index","follow":"follow","max-snippet":"max-snippet:-1","max-image-preview":"max-image-preview:large","max-video-preview":"max-video-preview:-1"},"canonical":"https:\/\/klimavex.eu\/cz\/katalog\/tepelne-cerpadlo-hyundai-extreme-pro-xl-monoblok-modular-hcmo-r32-evi-400v-110kw\/","og_locale":"cs_CZ","og_type":"article","og_title":"Tepeln\u00e9 \u010derpadlo Hyundai Extreme PRO XL monoblok (modular) HCMO R32 EVI 400V 110kW - KLIMAVEX GROUP - \u010cesko","og_description":"Model Hyundai Extreme PRO XL HCMO je modul&aacute;rn&iacute; komer\u010dn&iacute; tepeln&eacute; \u010derpadlo vzduch-voda s&nbsp;vysokou &uacute;\u010dinnost&iacute; a v&yacute;stupn&iacute; teplotou vody a\u017e 65 &deg;C, v&nbsp;proveden&iacute; monoblok. Tento model je vhodn&yacute; do administrativn&iacute;ch budov, hotel\u016f, &scaron;kol a dal&scaron;&iacute;ch v\u011bt&scaron;&iacute;ch budov. Jednotka vyu\u017e&iacute;v&aacute; p\u0159&iacute;rodn&iacute; chladivo R32 s potenci&aacute;lem glob&aacute;ln&iacute;ho oteplov&aacute;n&iacute; GWP=675. Technologie EVI zvy&scaron;uje &uacute;\u010dinnost \u010derpadla i p\u0159i velmi n&iacute;zk&yacute;ch venkovn&iacute;ch teplot&aacute;ch. &Scaron;ed&eacute; proveden&iacute; monobloku rovn\u011b\u017e spl\u0148uje nejvy&scaron;&scaron;&iacute; n&aacute;roky na modern&iacute; vzhled tepeln&yacute;ch \u010derpadel. Umo\u017e\u0148uje kombinovat a\u017e 16 modul\u016f o celkov&eacute;m v&yacute;konu 2080 kW. Za\u0159&iacute;zen&iacute; a v&scaron;echny jeho funkce je mo\u017en&eacute; ovl&aacute;dat prost\u0159ednictv&iacute;m dotykov&yacute;ch kabelov&yacute;ch ovlada\u010d\u016f.","og_url":"https:\/\/klimavex.eu\/cz\/katalog\/tepelne-cerpadlo-hyundai-extreme-pro-xl-monoblok-modular-hcmo-r32-evi-400v-110kw\/","og_site_name":"KLIMAVEX GROUP - \u010cesko","article_publisher":"https:\/\/www.facebook.com\/klimavex.cz","article_modified_time":"2026-04-01T06:49:56+00:00","og_image":[{"width":691,"height":512,"url":"https:\/\/klimavex.eu\/cz\/wp-content\/uploads\/2025\/09\/gCMW_3mu3mooFIh_6sTy5qqmYz8yma_n76h5PSjhIwQ-2.png","type":"image\/png"}],"twitter_card":"summary_large_image","twitter_misc":{"Odhadovan\u00e1 doba \u010dten\u00ed":"1 minuta"},"schema":{"@context":"https:\/\/schema.org","@graph":[{"@type":"WebPage","@id":"https:\/\/klimavex.eu\/cz\/katalog\/tepelne-cerpadlo-hyundai-extreme-pro-xl-monoblok-modular-hcmo-r32-evi-400v-110kw\/","url":"https:\/\/klimavex.eu\/cz\/katalog\/tepelne-cerpadlo-hyundai-extreme-pro-xl-monoblok-modular-hcmo-r32-evi-400v-110kw\/","name":"Tepeln\u00e9 \u010derpadlo Hyundai Extreme PRO XL monoblok (modular) HCMO R32 EVI 400V 110kW - KLIMAVEX GROUP - \u010cesko","isPartOf":{"@id":"https:\/\/klimavex.eu\/cz\/#website"},"primaryImageOfPage":{"@id":"https:\/\/klimavex.eu\/cz\/katalog\/tepelne-cerpadlo-hyundai-extreme-pro-xl-monoblok-modular-hcmo-r32-evi-400v-110kw\/#primaryimage"},"image":{"@id":"https:\/\/klimavex.eu\/cz\/katalog\/tepelne-cerpadlo-hyundai-extreme-pro-xl-monoblok-modular-hcmo-r32-evi-400v-110kw\/#primaryimage"},"thumbnailUrl":"https:\/\/klimavex.eu\/cz\/wp-content\/uploads\/2025\/09\/gCMW_3mu3mooFIh_6sTy5qqmYz8yma_n76h5PSjhIwQ-2.png","datePublished":"2026-04-01T06:49:05+00:00","dateModified":"2026-04-01T06:49:56+00:00","breadcrumb":{"@id":"https:\/\/klimavex.eu\/cz\/katalog\/tepelne-cerpadlo-hyundai-extreme-pro-xl-monoblok-modular-hcmo-r32-evi-400v-110kw\/#breadcrumb"},"inLanguage":"cs","potentialAction":[{"@type":"ReadAction","target":["https:\/\/klimavex.eu\/cz\/katalog\/tepelne-cerpadlo-hyundai-extreme-pro-xl-monoblok-modular-hcmo-r32-evi-400v-110kw\/"]}]},{"@type":"ImageObject","inLanguage":"cs","@id":"https:\/\/klimavex.eu\/cz\/katalog\/tepelne-cerpadlo-hyundai-extreme-pro-xl-monoblok-modular-hcmo-r32-evi-400v-110kw\/#primaryimage","url":"https:\/\/klimavex.eu\/cz\/wp-content\/uploads\/2025\/09\/gCMW_3mu3mooFIh_6sTy5qqmYz8yma_n76h5PSjhIwQ-2.png","contentUrl":"https:\/\/klimavex.eu\/cz\/wp-content\/uploads\/2025\/09\/gCMW_3mu3mooFIh_6sTy5qqmYz8yma_n76h5PSjhIwQ-2.png","width":691,"height":512},{"@type":"BreadcrumbList","@id":"https:\/\/klimavex.eu\/cz\/katalog\/tepelne-cerpadlo-hyundai-extreme-pro-xl-monoblok-modular-hcmo-r32-evi-400v-110kw\/#breadcrumb","itemListElement":[{"@type":"ListItem","position":1,"name":"Domovsk\u00e1 str\u00e1nka","item":"https:\/\/klimavex.eu\/cz\/"},{"@type":"ListItem","position":2,"name":"Eshop","item":"https:\/\/klimavex.eu\/cz\/eshop\/"},{"@type":"ListItem","position":3,"name":"Tepeln\u00e9 \u010derpadlo Hyundai Extreme PRO XL monoblok (modular) HCMO R32 EVI 400V 110kW"}]},{"@type":"WebSite","@id":"https:\/\/klimavex.eu\/cz\/#website","url":"https:\/\/klimavex.eu\/cz\/","name":"KLIMAVEX GROUP - \u010cesko","description":"","publisher":{"@id":"https:\/\/klimavex.eu\/cz\/#organization"},"alternateName":"KLIMAVEX CZ a.s.","potentialAction":[{"@type":"SearchAction","target":{"@type":"EntryPoint","urlTemplate":"https:\/\/klimavex.eu\/cz\/?s={search_term_string}"},"query-input":{"@type":"PropertyValueSpecification","valueRequired":true,"valueName":"search_term_string"}}],"inLanguage":"cs"},{"@type":"Organization","@id":"https:\/\/klimavex.eu\/cz\/#organization","name":"KLIMAVEX GROUP","alternateName":"KLIMAVEX","url":"https:\/\/klimavex.eu\/cz\/","logo":{"@type":"ImageObject","inLanguage":"cs","@id":"https:\/\/klimavex.eu\/cz\/#\/schema\/logo\/image\/","url":"https:\/\/klimavex.eu\/cz\/wp-content\/uploads\/2024\/04\/Klimavex-Group-logo.png","contentUrl":"https:\/\/klimavex.eu\/cz\/wp-content\/uploads\/2024\/04\/Klimavex-Group-logo.png","width":1681,"height":472,"caption":"KLIMAVEX GROUP"},"image":{"@id":"https:\/\/klimavex.eu\/cz\/#\/schema\/logo\/image\/"},"sameAs":["https:\/\/www.facebook.com\/klimavex.cz","https:\/\/www.instagram.com\/klimavex_cz\/"]}]}},"_links":{"self":[{"href":"https:\/\/klimavex.eu\/cz\/wp-json\/wp\/v2\/product\/540597","targetHints":{"allow":["GET"]}}],"collection":[{"href":"https:\/\/klimavex.eu\/cz\/wp-json\/wp\/v2\/product"}],"about":[{"href":"https:\/\/klimavex.eu\/cz\/wp-json\/wp\/v2\/types\/product"}],"version-history":[{"count":0,"href":"https:\/\/klimavex.eu\/cz\/wp-json\/wp\/v2\/product\/540597\/revisions"}],"wp:featuredmedia":[{"embeddable":true,"href":"https:\/\/klimavex.eu\/cz\/wp-json\/wp\/v2\/media\/542133"}],"wp:attachment":[{"href":"https:\/\/klimavex.eu\/cz\/wp-json\/wp\/v2\/media?parent=540597"}],"wp:term":[{"taxonomy":"product_cat","embeddable":true,"href":"https:\/\/klimavex.eu\/cz\/wp-json\/wp\/v2\/product_cat?post=540597"},{"taxonomy":"product_tag","embeddable":true,"href":"https:\/\/klimavex.eu\/cz\/wp-json\/wp\/v2\/product_tag?post=540597"}],"curies":[{"name":"wp","href":"https:\/\/api.w.org\/{rel}","templated":true}]}}