{"id":540648,"date":"2026-04-02T15:23:03","date_gmt":"2026-04-02T13:23:03","guid":{"rendered":"https:\/\/klimavex.eu\/cz\/katalog\/tepelne-cerpadlo-hyundai-supreme-aio-split-nadrz-190l-hpsa-hpso-r32-230v-10kw\/"},"modified":"2026-04-02T15:23:30","modified_gmt":"2026-04-02T13:23:30","slug":"tepelne-cerpadlo-hyundai-supreme-aio-split-nadrz-190l-hpsa-hpso-r32-230v-10kw","status":"publish","type":"product","link":"https:\/\/klimavex.eu\/cz\/katalog\/tepelne-cerpadlo-hyundai-supreme-aio-split-nadrz-190l-hpsa-hpso-r32-230v-10kw\/","title":{"rendered":"Tepeln\u00e9 \u010derpadlo Hyundai Supreme AIO split (n\u00e1dr\u017e 190l) HPSA\/HPSO R32 230V 10kW"},"content":{"rendered":"<p style=\"text-align:justify\"><span style=\"font-size:11pt\"><span style=\"font-family:Calibri,sans-serif\"><strong><span style=\"color:black\">Kl&iacute;\u010dov&eacute; vlastnosti<\/span><\/strong><\/span><\/span><\/p>\n<ul>\n<li style=\"text-align:justify\"><span style=\"font-size:11pt\"><span style=\"font-family:Calibri,sans-serif\"><span style=\"color:black\">Vysok&aacute; &uacute;\u010dinnost &ndash; energetick&aacute; t\u0159&iacute;da A+++<\/span><\/span><\/span><\/li>\n<li style=\"text-align:justify\"><span style=\"font-size:11pt\"><span style=\"font-family:Calibri,sans-serif\"><span style=\"color:black\">Velmi tich&yacute; provoz<\/span><\/span><\/span><\/li>\n<li style=\"text-align:justify\"><span style=\"font-size:11pt\"><span style=\"font-family:Calibri,sans-serif\"><span style=\"color:black\">Ovl&aacute;d&aacute;n&iacute; a\u017e 4 extern&iacute;ch ob\u011bhov&yacute;ch \u010derpadel<\/span><\/span><\/span><\/li>\n<li style=\"text-align:justify\"><span style=\"font-size:11pt\"><span style=\"font-family:Calibri,sans-serif\"><span style=\"color:black\">Maxim&aacute;ln&iacute; v&yacute;stupn&iacute; teplota vody a\u017e do 65&deg;C<\/span><\/span><\/span><\/li>\n<li style=\"text-align:justify\"><span style=\"font-size:11pt\"><span style=\"font-family:Calibri,sans-serif\"><span style=\"color:black\">&Uacute;\u010dinn&eacute; vyt&aacute;p\u011bn&iacute; p\u0159i teplot&aacute;ch venkovn&iacute;ho vzduchu a\u017e do -25&deg;C<\/span><\/span><\/span><\/li>\n<li style=\"text-align:justify\"><span style=\"font-size:11pt\"><span style=\"font-family:Calibri,sans-serif\"><span style=\"color:black\">P\u0159edpln\u011bn&aacute; d&aacute;vka chladiva a\u017e na vzd&aacute;lenost 15m<\/span><\/span><\/span><\/li>\n<li style=\"text-align:justify\"><span style=\"font-size:11pt\"><span style=\"font-family:Calibri,sans-serif\"><span style=\"color:black\">Oh\u0159ev vany venkovn&iacute; jednotky<\/span><\/span><\/span><\/li>\n<li style=\"text-align:justify\"><span style=\"font-size:11pt\"><span style=\"font-family:Calibri,sans-serif\"><span style=\"color:black\">Zabudovan&aacute; nerezov&aacute; n&aacute;dr\u017e na TUV (190 l) s 45mm tepelnou izolac&iacute; PUR<\/span><\/span><\/span><\/li>\n<li style=\"text-align:justify\"><span style=\"font-size:11pt\"><span style=\"font-family:Calibri,sans-serif\"><span style=\"color:black\">Zabudovan&aacute; el. spir&aacute;la 3kW<\/span><\/span><\/span><\/li>\n<li style=\"text-align:justify\"><span style=\"font-size:11pt\"><span style=\"font-family:Calibri,sans-serif\"><span style=\"color:black\">Mechanick&yacute; vodn&iacute; filtr v dod&aacute;vce<\/span><\/span><\/span><\/li>\n<li style=\"text-align:justify\"><span style=\"font-size:11pt\"><span style=\"font-family:Calibri,sans-serif\"><span style=\"color:black\">Zabudovan&yacute; sn&iacute;ma\u010d teploty a 3cestn&yacute; ventil pro TUV<\/span><\/span><\/span><\/li>\n<li style=\"text-align:justify\"><span style=\"font-size:11pt\"><span style=\"font-family:Calibri,sans-serif\"><span style=\"color:black\">Ovl&aacute;d&aacute;n&iacute; pomoc&iacute; zabudovan&eacute;ho kabelov&eacute;ho d&aacute;lkov&eacute;ho ovlada\u010de s menu v \u010de&scaron;tin\u011b<\/span><\/span><\/span><\/li>\n<li style=\"text-align:justify\"><span style=\"font-size:11pt\"><span style=\"font-family:Calibri,sans-serif\"><span style=\"color:black\">Ekvitermick&eacute; \u0159&iacute;zen&iacute; podle venkovn&iacute; teploty<\/span><\/span><\/span><\/li>\n<li style=\"text-align:justify\"><span style=\"font-size:11pt\"><span style=\"font-family:Calibri,sans-serif\"><span style=\"color:black\">\u0158&iacute;zen&iacute; provozu podle v&yacute;stupn&iacute; teploty vody nebo podle teploty prostoru<\/span><\/span><\/span><\/li>\n<li style=\"text-align:justify\"><span style=\"font-size:11pt\"><span style=\"font-family:Calibri,sans-serif\"><span style=\"color:black\">D&aacute;lkov&eacute; ovl&aacute;d&aacute;n&iacute; p\u0159es Wi-Fi nebo nad\u0159azen&yacute; syst&eacute;m (Modbus) odkudkoli<\/span><\/span><\/span><\/li>\n<li style=\"text-align:justify\"><span style=\"font-size:11pt\"><span style=\"font-family:Calibri,sans-serif\"><span style=\"color:black\">R\u016fzn&eacute; funkce &ndash; dezinfekce, dovolen&aacute;, tich&yacute; re\u017eim, omezen&iacute; v&yacute;konu, kask&aacute;dov&eacute; \u0159&iacute;zen&iacute;<\/span><\/span><\/span><\/li>\n<li style=\"text-align:justify\"><span style=\"font-size:11pt\"><span style=\"font-family:Calibri,sans-serif\"><span style=\"color:black\">P\u0159ipojen&iacute; na Smart Grid &ndash; provoz za\u0159&iacute;zen&iacute; na z&aacute;klad\u011b vstupn&iacute;ch sign&aacute;l\u016f z fotovoltaick&eacute;ho syst&eacute;mu (&uacute;spora energie)<\/span><\/span><\/span><\/li>\n<li style=\"text-align:justify\"><span style=\"font-size:11pt\"><span style=\"font-family:Calibri,sans-serif\"><span style=\"color:black\">Mo\u017enost ovl&aacute;d&aacute;n&iacute; 2 samostatn&yacute;ch topn&yacute;ch z&oacute;n &ndash; nap\u0159&iacute;klad radi&aacute;tory a podlahov&eacute; vyt&aacute;p\u011bn&iacute;<\/span><\/span><\/span><\/li>\n<li style=\"text-align:justify\"><span style=\"font-size:11pt\"><span style=\"font-family:Calibri,sans-serif\"><span style=\"color:black\">Jednoduch&aacute; instalace a servis<\/span><\/span><\/span><\/li>\n<li style=\"text-align:justify\"><span style=\"font-size:11pt\"><span style=\"font-family:Calibri,sans-serif\"><span style=\"color:black\">Z&aacute;ruka 5 let<\/span><\/span><\/span><\/li>\n<\/ul>\n","protected":false},"excerpt":{"rendered":"<p style=\"text-align:justify\"><span style=\"font-size:11pt\"><span style=\"font-family:Calibri,sans-serif\"><span style=\"color:black\">Model <strong>Hyundai Supreme AIO HPSA<\/strong> je reziden\u010dn&iacute; tepeln&eacute; \u010derpadlo <strong>vzduch-voda<\/strong> s&nbsp;vysokou &uacute;\u010dinnost&iacute;, v&nbsp;proveden&iacute; <strong>split<\/strong> &ndash; venkovn&iacute; a vnit\u0159n&iacute; jednotka (nevy\u017eaduje nemrznouc&iacute; sm\u011bs ani jinou protimrazovou ochranu vodn&iacute;ho okruhu) se zabudovanou nerezovou <strong>n&aacute;dr\u017e&iacute; pro TUV (190 l)<\/strong>. Vnit\u0159n&iacute; a venkovn&iacute; jednotka se propojuj&iacute; m\u011bd\u011bn&yacute;m izolovan&yacute;m potrub&iacute;m a jsou p\u0159edpln\u011bn&eacute; chladivem a\u017e na vzd&aacute;lenost <strong>15m<\/strong>. Za\u0159&iacute;zen&iacute; a v&scaron;echny jeho funkce je mo\u017en&eacute; ovl&aacute;dat prost\u0159ednictv&iacute;m dotykov&eacute;ho <strong>kabelov&eacute;ho ovlada\u010de<\/strong> \u010di prost\u0159ednictv&iacute;m <strong>Wi-Fi<\/strong>, kter&eacute; umo\u017e\u0148uje toto za\u0159&iacute;zen&iacute; spravovat odkudkoliv.<\/span><\/span><\/span><\/p>\n","protected":false},"featured_media":542311,"template":"","meta":[],"product_cat":[10777,10778,10769],"product_tag":[],"class_list":{"0":"post-540648","1":"product","2":"type-product","3":"status-publish","4":"has-post-thumbnail","6":"product_cat-tepelna-cerpadla-archivovane-produkty","7":"product_cat-archivovane-produkty-tepelna-cerpadla","8":"product_cat-archivovane-produkty","9":"pa_extra-funkce-hpsa","10":"pa_label-archivovany","11":"pa_max-vystupni-voda-11262","12":"pa_napajeni-1f-230v","13":"pa_objem-nadrze-tuv-11270","14":"pa_prikon-vytapeni-11291","15":"pa_provedeni-split-aio-s-tuv","16":"pa_qch-pri-von-tep-35c-voda-7-11292","17":"pa_qvyk-pri-7c-vonk-35c-voda-11273","18":"pa_typ-chladiva-r32","19":"pa_vyk-do-von-tepl-c-25-c","20":"pa_vykon-spiraly-kw-11196","21":"pa_vykonovy-model-kw-9-az-10kw","22":"pa_wifi-ovladani-zabudovane","23":"pa_znacka-hyundai","25":"first","26":"outofstock","27":"taxable","28":"shipping-taxable","29":"purchasable","30":"product-type-simple"},"yoast_head":"<!-- This site is optimized with the Yoast SEO plugin v23.9 - https:\/\/yoast.com\/wordpress\/plugins\/seo\/ -->\n<title>Tepeln\u00e9 \u010derpadlo Hyundai Supreme AIO split (n\u00e1dr\u017e 190l) HPSA\/HPSO R32 230V 10kW - KLIMAVEX GROUP - \u010cesko<\/title>\n<meta name=\"robots\" content=\"index, follow, max-snippet:-1, max-image-preview:large, max-video-preview:-1\" \/>\n<link rel=\"canonical\" href=\"https:\/\/klimavex.eu\/cz\/katalog\/tepelne-cerpadlo-hyundai-supreme-aio-split-nadrz-190l-hpsa-hpso-r32-230v-10kw\/\" \/>\n<meta property=\"og:locale\" content=\"cs_CZ\" \/>\n<meta property=\"og:type\" content=\"article\" \/>\n<meta property=\"og:title\" content=\"Tepeln\u00e9 \u010derpadlo Hyundai Supreme AIO split (n\u00e1dr\u017e 190l) HPSA\/HPSO R32 230V 10kW - KLIMAVEX GROUP - \u010cesko\" \/>\n<meta property=\"og:description\" content=\"Model Hyundai Supreme AIO HPSA je reziden\u010dn&iacute; tepeln&eacute; \u010derpadlo vzduch-voda s&nbsp;vysokou &uacute;\u010dinnost&iacute;, v&nbsp;proveden&iacute; split &ndash; venkovn&iacute; a vnit\u0159n&iacute; jednotka (nevy\u017eaduje nemrznouc&iacute; sm\u011bs ani jinou protimrazovou ochranu vodn&iacute;ho okruhu) se zabudovanou nerezovou n&aacute;dr\u017e&iacute; pro TUV (190 l). Vnit\u0159n&iacute; a venkovn&iacute; jednotka se propojuj&iacute; m\u011bd\u011bn&yacute;m izolovan&yacute;m potrub&iacute;m a jsou p\u0159edpln\u011bn&eacute; chladivem a\u017e na vzd&aacute;lenost 15m. Za\u0159&iacute;zen&iacute; a v&scaron;echny jeho funkce je mo\u017en&eacute; ovl&aacute;dat prost\u0159ednictv&iacute;m dotykov&eacute;ho kabelov&eacute;ho ovlada\u010de \u010di prost\u0159ednictv&iacute;m Wi-Fi, kter&eacute; umo\u017e\u0148uje toto za\u0159&iacute;zen&iacute; spravovat odkudkoliv.\" \/>\n<meta property=\"og:url\" content=\"https:\/\/klimavex.eu\/cz\/katalog\/tepelne-cerpadlo-hyundai-supreme-aio-split-nadrz-190l-hpsa-hpso-r32-230v-10kw\/\" \/>\n<meta property=\"og:site_name\" content=\"KLIMAVEX GROUP - \u010cesko\" \/>\n<meta property=\"article:publisher\" content=\"https:\/\/www.facebook.com\/klimavex.cz\" \/>\n<meta property=\"article:modified_time\" content=\"2026-04-02T13:23:30+00:00\" \/>\n<meta property=\"og:image\" content=\"https:\/\/klimavex.eu\/cz\/wp-content\/uploads\/2025\/09\/YDkncX2SUrHQGe1D00kPKbVxyvF3IdmwInZllN3ZCE8-10.png\" \/>\n\t<meta property=\"og:image:width\" content=\"512\" \/>\n\t<meta property=\"og:image:height\" content=\"512\" \/>\n\t<meta property=\"og:image:type\" content=\"image\/png\" \/>\n<meta name=\"twitter:card\" content=\"summary_large_image\" \/>\n<meta name=\"twitter:label1\" content=\"Odhadovan\u00e1 doba \u010dten\u00ed\" \/>\n\t<meta name=\"twitter:data1\" content=\"2 minuty\" \/>\n<script type=\"application\/ld+json\" class=\"yoast-schema-graph\">{\"@context\":\"https:\/\/schema.org\",\"@graph\":[{\"@type\":\"WebPage\",\"@id\":\"https:\/\/klimavex.eu\/cz\/katalog\/tepelne-cerpadlo-hyundai-supreme-aio-split-nadrz-190l-hpsa-hpso-r32-230v-10kw\/\",\"url\":\"https:\/\/klimavex.eu\/cz\/katalog\/tepelne-cerpadlo-hyundai-supreme-aio-split-nadrz-190l-hpsa-hpso-r32-230v-10kw\/\",\"name\":\"Tepeln\u00e9 \u010derpadlo Hyundai Supreme AIO split (n\u00e1dr\u017e 190l) HPSA\/HPSO R32 230V 10kW - KLIMAVEX GROUP - \u010cesko\",\"isPartOf\":{\"@id\":\"https:\/\/klimavex.eu\/cz\/#website\"},\"primaryImageOfPage\":{\"@id\":\"https:\/\/klimavex.eu\/cz\/katalog\/tepelne-cerpadlo-hyundai-supreme-aio-split-nadrz-190l-hpsa-hpso-r32-230v-10kw\/#primaryimage\"},\"image\":{\"@id\":\"https:\/\/klimavex.eu\/cz\/katalog\/tepelne-cerpadlo-hyundai-supreme-aio-split-nadrz-190l-hpsa-hpso-r32-230v-10kw\/#primaryimage\"},\"thumbnailUrl\":\"https:\/\/klimavex.eu\/cz\/wp-content\/uploads\/2025\/09\/YDkncX2SUrHQGe1D00kPKbVxyvF3IdmwInZllN3ZCE8-10.png\",\"datePublished\":\"2026-04-02T13:23:03+00:00\",\"dateModified\":\"2026-04-02T13:23:30+00:00\",\"breadcrumb\":{\"@id\":\"https:\/\/klimavex.eu\/cz\/katalog\/tepelne-cerpadlo-hyundai-supreme-aio-split-nadrz-190l-hpsa-hpso-r32-230v-10kw\/#breadcrumb\"},\"inLanguage\":\"cs\",\"potentialAction\":[{\"@type\":\"ReadAction\",\"target\":[\"https:\/\/klimavex.eu\/cz\/katalog\/tepelne-cerpadlo-hyundai-supreme-aio-split-nadrz-190l-hpsa-hpso-r32-230v-10kw\/\"]}]},{\"@type\":\"ImageObject\",\"inLanguage\":\"cs\",\"@id\":\"https:\/\/klimavex.eu\/cz\/katalog\/tepelne-cerpadlo-hyundai-supreme-aio-split-nadrz-190l-hpsa-hpso-r32-230v-10kw\/#primaryimage\",\"url\":\"https:\/\/klimavex.eu\/cz\/wp-content\/uploads\/2025\/09\/YDkncX2SUrHQGe1D00kPKbVxyvF3IdmwInZllN3ZCE8-10.png\",\"contentUrl\":\"https:\/\/klimavex.eu\/cz\/wp-content\/uploads\/2025\/09\/YDkncX2SUrHQGe1D00kPKbVxyvF3IdmwInZllN3ZCE8-10.png\",\"width\":512,\"height\":512},{\"@type\":\"BreadcrumbList\",\"@id\":\"https:\/\/klimavex.eu\/cz\/katalog\/tepelne-cerpadlo-hyundai-supreme-aio-split-nadrz-190l-hpsa-hpso-r32-230v-10kw\/#breadcrumb\",\"itemListElement\":[{\"@type\":\"ListItem\",\"position\":1,\"name\":\"Domovsk\u00e1 str\u00e1nka\",\"item\":\"https:\/\/klimavex.eu\/cz\/\"},{\"@type\":\"ListItem\",\"position\":2,\"name\":\"Eshop\",\"item\":\"https:\/\/klimavex.eu\/cz\/eshop\/\"},{\"@type\":\"ListItem\",\"position\":3,\"name\":\"Tepeln\u00e9 \u010derpadlo Hyundai Supreme AIO split (n\u00e1dr\u017e 190l) HPSA\/HPSO R32 230V 10kW\"}]},{\"@type\":\"WebSite\",\"@id\":\"https:\/\/klimavex.eu\/cz\/#website\",\"url\":\"https:\/\/klimavex.eu\/cz\/\",\"name\":\"KLIMAVEX GROUP - \u010cesko\",\"description\":\"\",\"publisher\":{\"@id\":\"https:\/\/klimavex.eu\/cz\/#organization\"},\"alternateName\":\"KLIMAVEX CZ a.s.\",\"potentialAction\":[{\"@type\":\"SearchAction\",\"target\":{\"@type\":\"EntryPoint\",\"urlTemplate\":\"https:\/\/klimavex.eu\/cz\/?s={search_term_string}\"},\"query-input\":{\"@type\":\"PropertyValueSpecification\",\"valueRequired\":true,\"valueName\":\"search_term_string\"}}],\"inLanguage\":\"cs\"},{\"@type\":\"Organization\",\"@id\":\"https:\/\/klimavex.eu\/cz\/#organization\",\"name\":\"KLIMAVEX GROUP\",\"alternateName\":\"KLIMAVEX\",\"url\":\"https:\/\/klimavex.eu\/cz\/\",\"logo\":{\"@type\":\"ImageObject\",\"inLanguage\":\"cs\",\"@id\":\"https:\/\/klimavex.eu\/cz\/#\/schema\/logo\/image\/\",\"url\":\"https:\/\/klimavex.eu\/cz\/wp-content\/uploads\/2024\/04\/Klimavex-Group-logo.png\",\"contentUrl\":\"https:\/\/klimavex.eu\/cz\/wp-content\/uploads\/2024\/04\/Klimavex-Group-logo.png\",\"width\":1681,\"height\":472,\"caption\":\"KLIMAVEX GROUP\"},\"image\":{\"@id\":\"https:\/\/klimavex.eu\/cz\/#\/schema\/logo\/image\/\"},\"sameAs\":[\"https:\/\/www.facebook.com\/klimavex.cz\",\"https:\/\/www.instagram.com\/klimavex_cz\/\"]}]}<\/script>\n<!-- \/ Yoast SEO plugin. -->","yoast_head_json":{"title":"Tepeln\u00e9 \u010derpadlo Hyundai Supreme AIO split (n\u00e1dr\u017e 190l) HPSA\/HPSO R32 230V 10kW - KLIMAVEX GROUP - \u010cesko","robots":{"index":"index","follow":"follow","max-snippet":"max-snippet:-1","max-image-preview":"max-image-preview:large","max-video-preview":"max-video-preview:-1"},"canonical":"https:\/\/klimavex.eu\/cz\/katalog\/tepelne-cerpadlo-hyundai-supreme-aio-split-nadrz-190l-hpsa-hpso-r32-230v-10kw\/","og_locale":"cs_CZ","og_type":"article","og_title":"Tepeln\u00e9 \u010derpadlo Hyundai Supreme AIO split (n\u00e1dr\u017e 190l) HPSA\/HPSO R32 230V 10kW - KLIMAVEX GROUP - \u010cesko","og_description":"Model Hyundai Supreme AIO HPSA je reziden\u010dn&iacute; tepeln&eacute; \u010derpadlo vzduch-voda s&nbsp;vysokou &uacute;\u010dinnost&iacute;, v&nbsp;proveden&iacute; split &ndash; venkovn&iacute; a vnit\u0159n&iacute; jednotka (nevy\u017eaduje nemrznouc&iacute; sm\u011bs ani jinou protimrazovou ochranu vodn&iacute;ho okruhu) se zabudovanou nerezovou n&aacute;dr\u017e&iacute; pro TUV (190 l). Vnit\u0159n&iacute; a venkovn&iacute; jednotka se propojuj&iacute; m\u011bd\u011bn&yacute;m izolovan&yacute;m potrub&iacute;m a jsou p\u0159edpln\u011bn&eacute; chladivem a\u017e na vzd&aacute;lenost 15m. Za\u0159&iacute;zen&iacute; a v&scaron;echny jeho funkce je mo\u017en&eacute; ovl&aacute;dat prost\u0159ednictv&iacute;m dotykov&eacute;ho kabelov&eacute;ho ovlada\u010de \u010di prost\u0159ednictv&iacute;m Wi-Fi, kter&eacute; umo\u017e\u0148uje toto za\u0159&iacute;zen&iacute; spravovat odkudkoliv.","og_url":"https:\/\/klimavex.eu\/cz\/katalog\/tepelne-cerpadlo-hyundai-supreme-aio-split-nadrz-190l-hpsa-hpso-r32-230v-10kw\/","og_site_name":"KLIMAVEX GROUP - \u010cesko","article_publisher":"https:\/\/www.facebook.com\/klimavex.cz","article_modified_time":"2026-04-02T13:23:30+00:00","og_image":[{"width":512,"height":512,"url":"https:\/\/klimavex.eu\/cz\/wp-content\/uploads\/2025\/09\/YDkncX2SUrHQGe1D00kPKbVxyvF3IdmwInZllN3ZCE8-10.png","type":"image\/png"}],"twitter_card":"summary_large_image","twitter_misc":{"Odhadovan\u00e1 doba \u010dten\u00ed":"2 minuty"},"schema":{"@context":"https:\/\/schema.org","@graph":[{"@type":"WebPage","@id":"https:\/\/klimavex.eu\/cz\/katalog\/tepelne-cerpadlo-hyundai-supreme-aio-split-nadrz-190l-hpsa-hpso-r32-230v-10kw\/","url":"https:\/\/klimavex.eu\/cz\/katalog\/tepelne-cerpadlo-hyundai-supreme-aio-split-nadrz-190l-hpsa-hpso-r32-230v-10kw\/","name":"Tepeln\u00e9 \u010derpadlo Hyundai Supreme AIO split (n\u00e1dr\u017e 190l) HPSA\/HPSO R32 230V 10kW - KLIMAVEX GROUP - \u010cesko","isPartOf":{"@id":"https:\/\/klimavex.eu\/cz\/#website"},"primaryImageOfPage":{"@id":"https:\/\/klimavex.eu\/cz\/katalog\/tepelne-cerpadlo-hyundai-supreme-aio-split-nadrz-190l-hpsa-hpso-r32-230v-10kw\/#primaryimage"},"image":{"@id":"https:\/\/klimavex.eu\/cz\/katalog\/tepelne-cerpadlo-hyundai-supreme-aio-split-nadrz-190l-hpsa-hpso-r32-230v-10kw\/#primaryimage"},"thumbnailUrl":"https:\/\/klimavex.eu\/cz\/wp-content\/uploads\/2025\/09\/YDkncX2SUrHQGe1D00kPKbVxyvF3IdmwInZllN3ZCE8-10.png","datePublished":"2026-04-02T13:23:03+00:00","dateModified":"2026-04-02T13:23:30+00:00","breadcrumb":{"@id":"https:\/\/klimavex.eu\/cz\/katalog\/tepelne-cerpadlo-hyundai-supreme-aio-split-nadrz-190l-hpsa-hpso-r32-230v-10kw\/#breadcrumb"},"inLanguage":"cs","potentialAction":[{"@type":"ReadAction","target":["https:\/\/klimavex.eu\/cz\/katalog\/tepelne-cerpadlo-hyundai-supreme-aio-split-nadrz-190l-hpsa-hpso-r32-230v-10kw\/"]}]},{"@type":"ImageObject","inLanguage":"cs","@id":"https:\/\/klimavex.eu\/cz\/katalog\/tepelne-cerpadlo-hyundai-supreme-aio-split-nadrz-190l-hpsa-hpso-r32-230v-10kw\/#primaryimage","url":"https:\/\/klimavex.eu\/cz\/wp-content\/uploads\/2025\/09\/YDkncX2SUrHQGe1D00kPKbVxyvF3IdmwInZllN3ZCE8-10.png","contentUrl":"https:\/\/klimavex.eu\/cz\/wp-content\/uploads\/2025\/09\/YDkncX2SUrHQGe1D00kPKbVxyvF3IdmwInZllN3ZCE8-10.png","width":512,"height":512},{"@type":"BreadcrumbList","@id":"https:\/\/klimavex.eu\/cz\/katalog\/tepelne-cerpadlo-hyundai-supreme-aio-split-nadrz-190l-hpsa-hpso-r32-230v-10kw\/#breadcrumb","itemListElement":[{"@type":"ListItem","position":1,"name":"Domovsk\u00e1 str\u00e1nka","item":"https:\/\/klimavex.eu\/cz\/"},{"@type":"ListItem","position":2,"name":"Eshop","item":"https:\/\/klimavex.eu\/cz\/eshop\/"},{"@type":"ListItem","position":3,"name":"Tepeln\u00e9 \u010derpadlo Hyundai Supreme AIO split (n\u00e1dr\u017e 190l) HPSA\/HPSO R32 230V 10kW"}]},{"@type":"WebSite","@id":"https:\/\/klimavex.eu\/cz\/#website","url":"https:\/\/klimavex.eu\/cz\/","name":"KLIMAVEX GROUP - \u010cesko","description":"","publisher":{"@id":"https:\/\/klimavex.eu\/cz\/#organization"},"alternateName":"KLIMAVEX CZ a.s.","potentialAction":[{"@type":"SearchAction","target":{"@type":"EntryPoint","urlTemplate":"https:\/\/klimavex.eu\/cz\/?s={search_term_string}"},"query-input":{"@type":"PropertyValueSpecification","valueRequired":true,"valueName":"search_term_string"}}],"inLanguage":"cs"},{"@type":"Organization","@id":"https:\/\/klimavex.eu\/cz\/#organization","name":"KLIMAVEX GROUP","alternateName":"KLIMAVEX","url":"https:\/\/klimavex.eu\/cz\/","logo":{"@type":"ImageObject","inLanguage":"cs","@id":"https:\/\/klimavex.eu\/cz\/#\/schema\/logo\/image\/","url":"https:\/\/klimavex.eu\/cz\/wp-content\/uploads\/2024\/04\/Klimavex-Group-logo.png","contentUrl":"https:\/\/klimavex.eu\/cz\/wp-content\/uploads\/2024\/04\/Klimavex-Group-logo.png","width":1681,"height":472,"caption":"KLIMAVEX GROUP"},"image":{"@id":"https:\/\/klimavex.eu\/cz\/#\/schema\/logo\/image\/"},"sameAs":["https:\/\/www.facebook.com\/klimavex.cz","https:\/\/www.instagram.com\/klimavex_cz\/"]}]}},"_links":{"self":[{"href":"https:\/\/klimavex.eu\/cz\/wp-json\/wp\/v2\/product\/540648","targetHints":{"allow":["GET"]}}],"collection":[{"href":"https:\/\/klimavex.eu\/cz\/wp-json\/wp\/v2\/product"}],"about":[{"href":"https:\/\/klimavex.eu\/cz\/wp-json\/wp\/v2\/types\/product"}],"version-history":[{"count":0,"href":"https:\/\/klimavex.eu\/cz\/wp-json\/wp\/v2\/product\/540648\/revisions"}],"wp:featuredmedia":[{"embeddable":true,"href":"https:\/\/klimavex.eu\/cz\/wp-json\/wp\/v2\/media\/542311"}],"wp:attachment":[{"href":"https:\/\/klimavex.eu\/cz\/wp-json\/wp\/v2\/media?parent=540648"}],"wp:term":[{"taxonomy":"product_cat","embeddable":true,"href":"https:\/\/klimavex.eu\/cz\/wp-json\/wp\/v2\/product_cat?post=540648"},{"taxonomy":"product_tag","embeddable":true,"href":"https:\/\/klimavex.eu\/cz\/wp-json\/wp\/v2\/product_tag?post=540648"}],"curies":[{"name":"wp","href":"https:\/\/api.w.org\/{rel}","templated":true}]}}