{"id":540653,"date":"2026-04-21T10:49:06","date_gmt":"2026-04-21T08:49:06","guid":{"rendered":"https:\/\/klimavex.eu\/cz\/katalog\/tepelne-cerpadlo-panasonic-aquarea-m-gen-aio-hydrosplit-nadrz-185l-t-cap-spirala-9kw-adc-wxg-r290-400v-400v-9kw\/"},"modified":"2026-04-21T10:49:29","modified_gmt":"2026-04-21T08:49:29","slug":"tepelne-cerpadlo-panasonic-aquarea-m-gen-aio-hydrosplit-nadrz-185l-spirala-9kw-t-cap-adc-wxg-r290-400v-400v-9kw","status":"publish","type":"product","link":"https:\/\/klimavex.eu\/cz\/katalog\/tepelne-cerpadlo-panasonic-aquarea-m-gen-aio-hydrosplit-nadrz-185l-spirala-9kw-t-cap-adc-wxg-r290-400v-400v-9kw\/","title":{"rendered":"Tepeln\u00e9 \u010derpadlo Panasonic Aquarea M-gen AiO hydrosplit (n\u00e1dr\u017e 185l) (spir\u00e1la 9kW) T-CAP ADC\/WXG R290 400V\/400V 9kW"},"content":{"rendered":"<p style=\"text-align: justify;\"><strong>Kl&iacute;\u010dov&eacute; vlastnosti:<\/strong><\/p>\n<ul>\n<li style=\"text-align: justify;\">P\u0159&iacute;rodn&iacute; chladivo R290 s&nbsp;potenci&aacute;lem glob&aacute;ln&iacute;ho oteplov&aacute;n&iacute; GWP&nbsp;=&nbsp;3<\/li>\n<li style=\"text-align: justify;\">A+++ v&nbsp;re\u017eimu vyt&aacute;p\u011bn&iacute; p\u0159i 35&deg;C a&nbsp;A+ v&nbsp;re\u017eimu p\u0159&iacute;pravy tepl&eacute; vody&nbsp;<\/li>\n<li style=\"text-align: justify;\">Tepl&aacute; voda a\u017e 75&deg;C p\u0159i venkovn&iacute; teplot\u011b -15&deg;C<\/li>\n<li style=\"text-align: justify;\">Tepl&aacute; voda a\u017e 65&deg;C bez pou\u017eit&iacute; elektrick&eacute;ho oh\u0159&iacute;va\u010de<\/li>\n<li style=\"text-align: justify;\">Stabiln&iacute; v&yacute;kon bez z&aacute;lo\u017en&iacute;ho oh\u0159evu a\u017e do teploty -20&deg;C<\/li>\n<li style=\"text-align: justify;\">Provoz a\u017e do venkovn&iacute; teploty -28&deg;C<\/li>\n<li style=\"text-align: justify;\">Z&aacute;sobn&iacute;k tepl&eacute; vody 185l z&nbsp;nerezov&eacute; oceli s&nbsp;izola\u010dn&iacute;m panelem U-Vacua&trade;<\/li>\n<li style=\"text-align: justify;\">Ide&aacute;ln&iacute; pro modernizace nebo projekty v&iacute;cegenera\u010dn&iacute;ch dom\u016f<\/li>\n<li style=\"text-align: justify;\">Flexibiln&iacute; mo\u017enosti hydraulick&eacute; instalace (v\u010detn\u011b nov&eacute;ho modulu ovl&aacute;d&aacute;n&iacute; nebo vyu\u017eit&iacute; venkovn&iacute; jednotky jako samostatn&eacute;ho syst&eacute;mu)<\/li>\n<li style=\"text-align: justify;\">Supertich&yacute; provoz (29 dB(A) ve vzd&aacute;lenosti 5m)<\/li>\n<li style=\"text-align: justify;\">V\u010detn\u011b adapt&eacute;ru s&iacute;t\u011b Wi-Fi<\/li>\n<\/ul>\n","protected":false},"excerpt":{"rendered":"<p style=\"text-align: justify;\">Tepeln&eacute; \u010derpadlo <strong>Panasonic Aquarea M-generace<\/strong> s <strong>chladivem R290<\/strong> p\u0159edstavuje pr\u016flomov&yacute; n&iacute;zkoenergetick&yacute; syst&eacute;m pro vyt&aacute;p\u011bn&iacute;, chlazen&iacute; a p\u0159&iacute;pravu tepl&eacute; vody, kter&yacute; se vyzna\u010duje &scaron;pi\u010dkov&yacute;m v&yacute;konem v souladu s viz&iacute; bezuhl&iacute;kov&eacute; spole\u010dnosti. Tyto jednotky v&nbsp;proveden&iacute; <strong>split ALL IN ONE (z&aacute;sobn&iacute;k na TUV 185 l)<\/strong> nab&iacute;z&iacute; revoluci designu, efektivity, konektivity a udr\u017eitelnosti. Antracitov\u011b &scaron;ed&eacute; venkovn&iacute; jednotky byly kompletn\u011b p\u0159epracov&aacute;ny s&nbsp;inovativn&iacute;m designem, kter&yacute; se p\u0159izp\u016fsob&iacute; ka\u017ed&eacute;mu prostoru. Vnit\u0159n&iacute; jednotky s&nbsp;integrovan&yacute;m ovl&aacute;dac&iacute;m panelem jsou jemn\u011b b&iacute;l&eacute; s&nbsp;elegantn&iacute;m \u010dern&yacute;m p&aacute;sem. Teplota v&yacute;stupn&iacute; vody dosahuje <strong>a\u017e 75&deg;C p\u0159i venkovn&iacute; teplot\u011b a\u017e -15&deg;C<\/strong>. Tepeln&eacute; \u010derpadlo &uacute;\u010dinn\u011b pracuje <strong>a\u017e do teploty okoln&iacute;ho prost\u0159ed&iacute; -28&deg;C<\/strong>.<\/p>\n","protected":false},"featured_media":569067,"template":"","meta":[],"product_cat":[7751,14554,7750,7761],"product_tag":[],"class_list":{"0":"post-540653","1":"product","2":"type-product","3":"status-publish","4":"has-post-thumbnail","6":"product_cat-panasonic-tepelna-cerpadla","7":"product_cat-hydrosplit-all-in-one-m-generace-r290","8":"product_cat-tepelna-cerpadla","9":"product_cat-split-hydrosplit-all-in-one","10":"pa_extra-funkce-t-cap-m-gen","11":"pa_max-vystupni-voda-11214","12":"pa_napajeni-3f-400v-3f-400v","13":"pa_objem-nadrze-tuv-11233","14":"pa_provedeni-hydrosplit-aio-s-tuv","15":"pa_qch-pri-von-tep-35c-voda-7-11244","16":"pa_qvyk-pri-2c-vonk-35c-voda-11341","17":"pa_qvyk-pri-7c-vonk-35c-voda-11313","18":"pa_typ-chladiva-r290","19":"pa_ucinnost-cop-a-7-w35-14322","20":"pa_vyk-do-von-tepl-c-28-c","21":"pa_vykon-spiraly-kw-11231","22":"pa_vykonovy-model-kw-8-az-9kw","23":"pa_wifi-ovladani-zabudovane","24":"pa_znacka-panasonic","26":"first","27":"instock","28":"taxable","29":"shipping-taxable","30":"purchasable","31":"product-type-simple"},"yoast_head":"<!-- This site is optimized with the Yoast SEO plugin v23.9 - https:\/\/yoast.com\/wordpress\/plugins\/seo\/ -->\n<title>Tepeln\u00e9 \u010derpadlo Panasonic Aquarea M-gen AiO hydrosplit (n\u00e1dr\u017e 185l) (spir\u00e1la 9kW) T-CAP ADC\/WXG R290 400V\/400V 9kW - KLIMAVEX GROUP - \u010cesko<\/title>\n<meta name=\"robots\" content=\"index, follow, max-snippet:-1, max-image-preview:large, max-video-preview:-1\" \/>\n<link rel=\"canonical\" href=\"https:\/\/klimavex.eu\/cz\/katalog\/tepelne-cerpadlo-panasonic-aquarea-m-gen-aio-hydrosplit-nadrz-185l-t-cap-spirala-9kw-adc-wxg-r290-400v-400v-9kw\/\" \/>\n<meta property=\"og:locale\" content=\"cs_CZ\" \/>\n<meta property=\"og:type\" content=\"article\" \/>\n<meta property=\"og:title\" content=\"Tepeln\u00e9 \u010derpadlo Panasonic Aquarea M-gen AiO hydrosplit (n\u00e1dr\u017e 185l) (spir\u00e1la 9kW) T-CAP ADC\/WXG R290 400V\/400V 9kW - KLIMAVEX GROUP - \u010cesko\" \/>\n<meta property=\"og:description\" content=\"Tepeln&eacute; \u010derpadlo Panasonic Aquarea M-generace s chladivem R290 p\u0159edstavuje pr\u016flomov&yacute; n&iacute;zkoenergetick&yacute; syst&eacute;m pro vyt&aacute;p\u011bn&iacute;, chlazen&iacute; a p\u0159&iacute;pravu tepl&eacute; vody, kter&yacute; se vyzna\u010duje &scaron;pi\u010dkov&yacute;m v&yacute;konem v souladu s viz&iacute; bezuhl&iacute;kov&eacute; spole\u010dnosti. Tyto jednotky v&nbsp;proveden&iacute; split ALL IN ONE (z&aacute;sobn&iacute;k na TUV 185 l) nab&iacute;z&iacute; revoluci designu, efektivity, konektivity a udr\u017eitelnosti. Antracitov\u011b &scaron;ed&eacute; venkovn&iacute; jednotky byly kompletn\u011b p\u0159epracov&aacute;ny s&nbsp;inovativn&iacute;m designem, kter&yacute; se p\u0159izp\u016fsob&iacute; ka\u017ed&eacute;mu prostoru. Vnit\u0159n&iacute; jednotky s&nbsp;integrovan&yacute;m ovl&aacute;dac&iacute;m panelem jsou jemn\u011b b&iacute;l&eacute; s&nbsp;elegantn&iacute;m \u010dern&yacute;m p&aacute;sem. Teplota v&yacute;stupn&iacute; vody dosahuje a\u017e 75&deg;C p\u0159i venkovn&iacute; teplot\u011b a\u017e -15&deg;C. Tepeln&eacute; \u010derpadlo &uacute;\u010dinn\u011b pracuje a\u017e do teploty okoln&iacute;ho prost\u0159ed&iacute; -28&deg;C.\" \/>\n<meta property=\"og:url\" content=\"https:\/\/klimavex.eu\/cz\/katalog\/tepelne-cerpadlo-panasonic-aquarea-m-gen-aio-hydrosplit-nadrz-185l-t-cap-spirala-9kw-adc-wxg-r290-400v-400v-9kw\/\" \/>\n<meta property=\"og:site_name\" content=\"KLIMAVEX GROUP - \u010cesko\" \/>\n<meta property=\"article:publisher\" content=\"https:\/\/www.facebook.com\/klimavex.cz\" \/>\n<meta property=\"article:modified_time\" content=\"2026-04-21T08:49:29+00:00\" \/>\n<meta property=\"og:image\" content=\"https:\/\/klimavex.eu\/cz\/wp-content\/uploads\/2025\/09\/gSyGWLag4QgH0A3gpqFbuQHUBphLEyYwW3EuauwnLyk-6.png\" \/>\n\t<meta property=\"og:image:width\" content=\"512\" \/>\n\t<meta property=\"og:image:height\" content=\"724\" \/>\n\t<meta property=\"og:image:type\" content=\"image\/png\" \/>\n<meta name=\"twitter:card\" content=\"summary_large_image\" \/>\n<meta name=\"twitter:label1\" content=\"Odhadovan\u00e1 doba \u010dten\u00ed\" \/>\n\t<meta name=\"twitter:data1\" content=\"1 minuta\" \/>\n<script type=\"application\/ld+json\" class=\"yoast-schema-graph\">{\"@context\":\"https:\/\/schema.org\",\"@graph\":[{\"@type\":\"WebPage\",\"@id\":\"https:\/\/klimavex.eu\/cz\/katalog\/tepelne-cerpadlo-panasonic-aquarea-m-gen-aio-hydrosplit-nadrz-185l-t-cap-spirala-9kw-adc-wxg-r290-400v-400v-9kw\/\",\"url\":\"https:\/\/klimavex.eu\/cz\/katalog\/tepelne-cerpadlo-panasonic-aquarea-m-gen-aio-hydrosplit-nadrz-185l-t-cap-spirala-9kw-adc-wxg-r290-400v-400v-9kw\/\",\"name\":\"Tepeln\u00e9 \u010derpadlo Panasonic Aquarea M-gen AiO hydrosplit (n\u00e1dr\u017e 185l) (spir\u00e1la 9kW) T-CAP ADC\/WXG R290 400V\/400V 9kW - KLIMAVEX GROUP - \u010cesko\",\"isPartOf\":{\"@id\":\"https:\/\/klimavex.eu\/cz\/#website\"},\"primaryImageOfPage\":{\"@id\":\"https:\/\/klimavex.eu\/cz\/katalog\/tepelne-cerpadlo-panasonic-aquarea-m-gen-aio-hydrosplit-nadrz-185l-t-cap-spirala-9kw-adc-wxg-r290-400v-400v-9kw\/#primaryimage\"},\"image\":{\"@id\":\"https:\/\/klimavex.eu\/cz\/katalog\/tepelne-cerpadlo-panasonic-aquarea-m-gen-aio-hydrosplit-nadrz-185l-t-cap-spirala-9kw-adc-wxg-r290-400v-400v-9kw\/#primaryimage\"},\"thumbnailUrl\":\"https:\/\/klimavex.eu\/cz\/wp-content\/uploads\/2025\/10\/e4fimKuIwFddaK04mtTLca7W7HqfFBbAmzwE9NwxmLw-16.png\",\"datePublished\":\"2026-04-21T08:49:06+00:00\",\"dateModified\":\"2026-04-21T08:49:29+00:00\",\"breadcrumb\":{\"@id\":\"https:\/\/klimavex.eu\/cz\/katalog\/tepelne-cerpadlo-panasonic-aquarea-m-gen-aio-hydrosplit-nadrz-185l-t-cap-spirala-9kw-adc-wxg-r290-400v-400v-9kw\/#breadcrumb\"},\"inLanguage\":\"cs\",\"potentialAction\":[{\"@type\":\"ReadAction\",\"target\":[\"https:\/\/klimavex.eu\/cz\/katalog\/tepelne-cerpadlo-panasonic-aquarea-m-gen-aio-hydrosplit-nadrz-185l-t-cap-spirala-9kw-adc-wxg-r290-400v-400v-9kw\/\"]}]},{\"@type\":\"ImageObject\",\"inLanguage\":\"cs\",\"@id\":\"https:\/\/klimavex.eu\/cz\/katalog\/tepelne-cerpadlo-panasonic-aquarea-m-gen-aio-hydrosplit-nadrz-185l-t-cap-spirala-9kw-adc-wxg-r290-400v-400v-9kw\/#primaryimage\",\"url\":\"https:\/\/klimavex.eu\/cz\/wp-content\/uploads\/2025\/10\/e4fimKuIwFddaK04mtTLca7W7HqfFBbAmzwE9NwxmLw-16.png\",\"contentUrl\":\"https:\/\/klimavex.eu\/cz\/wp-content\/uploads\/2025\/10\/e4fimKuIwFddaK04mtTLca7W7HqfFBbAmzwE9NwxmLw-16.png\",\"width\":512,\"height\":724},{\"@type\":\"BreadcrumbList\",\"@id\":\"https:\/\/klimavex.eu\/cz\/katalog\/tepelne-cerpadlo-panasonic-aquarea-m-gen-aio-hydrosplit-nadrz-185l-t-cap-spirala-9kw-adc-wxg-r290-400v-400v-9kw\/#breadcrumb\",\"itemListElement\":[{\"@type\":\"ListItem\",\"position\":1,\"name\":\"Domovsk\u00e1 str\u00e1nka\",\"item\":\"https:\/\/klimavex.eu\/cz\/\"},{\"@type\":\"ListItem\",\"position\":2,\"name\":\"Eshop\",\"item\":\"https:\/\/klimavex.eu\/cz\/eshop\/\"},{\"@type\":\"ListItem\",\"position\":3,\"name\":\"Tepeln\u00e9 \u010derpadlo Panasonic Aquarea M-gen AiO hydrosplit (n\u00e1dr\u017e 185l) T-CAP (spir\u00e1la 9kW) ADC\/WXG R290 400V\/400V 9kW\"}]},{\"@type\":\"WebSite\",\"@id\":\"https:\/\/klimavex.eu\/cz\/#website\",\"url\":\"https:\/\/klimavex.eu\/cz\/\",\"name\":\"KLIMAVEX GROUP - \u010cesko\",\"description\":\"\",\"publisher\":{\"@id\":\"https:\/\/klimavex.eu\/cz\/#organization\"},\"alternateName\":\"KLIMAVEX CZ a.s.\",\"potentialAction\":[{\"@type\":\"SearchAction\",\"target\":{\"@type\":\"EntryPoint\",\"urlTemplate\":\"https:\/\/klimavex.eu\/cz\/?s={search_term_string}\"},\"query-input\":{\"@type\":\"PropertyValueSpecification\",\"valueRequired\":true,\"valueName\":\"search_term_string\"}}],\"inLanguage\":\"cs\"},{\"@type\":\"Organization\",\"@id\":\"https:\/\/klimavex.eu\/cz\/#organization\",\"name\":\"KLIMAVEX GROUP\",\"alternateName\":\"KLIMAVEX\",\"url\":\"https:\/\/klimavex.eu\/cz\/\",\"logo\":{\"@type\":\"ImageObject\",\"inLanguage\":\"cs\",\"@id\":\"https:\/\/klimavex.eu\/cz\/#\/schema\/logo\/image\/\",\"url\":\"https:\/\/klimavex.eu\/cz\/wp-content\/uploads\/2024\/04\/Klimavex-Group-logo.png\",\"contentUrl\":\"https:\/\/klimavex.eu\/cz\/wp-content\/uploads\/2024\/04\/Klimavex-Group-logo.png\",\"width\":1681,\"height\":472,\"caption\":\"KLIMAVEX GROUP\"},\"image\":{\"@id\":\"https:\/\/klimavex.eu\/cz\/#\/schema\/logo\/image\/\"},\"sameAs\":[\"https:\/\/www.facebook.com\/klimavex.cz\",\"https:\/\/www.instagram.com\/klimavex_cz\/\"]}]}<\/script>\n<!-- \/ Yoast SEO plugin. -->","yoast_head_json":{"title":"Tepeln\u00e9 \u010derpadlo Panasonic Aquarea M-gen AiO hydrosplit (n\u00e1dr\u017e 185l) (spir\u00e1la 9kW) T-CAP ADC\/WXG R290 400V\/400V 9kW - KLIMAVEX GROUP - \u010cesko","robots":{"index":"index","follow":"follow","max-snippet":"max-snippet:-1","max-image-preview":"max-image-preview:large","max-video-preview":"max-video-preview:-1"},"canonical":"https:\/\/klimavex.eu\/cz\/katalog\/tepelne-cerpadlo-panasonic-aquarea-m-gen-aio-hydrosplit-nadrz-185l-t-cap-spirala-9kw-adc-wxg-r290-400v-400v-9kw\/","og_locale":"cs_CZ","og_type":"article","og_title":"Tepeln\u00e9 \u010derpadlo Panasonic Aquarea M-gen AiO hydrosplit (n\u00e1dr\u017e 185l) (spir\u00e1la 9kW) T-CAP ADC\/WXG R290 400V\/400V 9kW - KLIMAVEX GROUP - \u010cesko","og_description":"Tepeln&eacute; \u010derpadlo Panasonic Aquarea M-generace s chladivem R290 p\u0159edstavuje pr\u016flomov&yacute; n&iacute;zkoenergetick&yacute; syst&eacute;m pro vyt&aacute;p\u011bn&iacute;, chlazen&iacute; a p\u0159&iacute;pravu tepl&eacute; vody, kter&yacute; se vyzna\u010duje &scaron;pi\u010dkov&yacute;m v&yacute;konem v souladu s viz&iacute; bezuhl&iacute;kov&eacute; spole\u010dnosti. Tyto jednotky v&nbsp;proveden&iacute; split ALL IN ONE (z&aacute;sobn&iacute;k na TUV 185 l) nab&iacute;z&iacute; revoluci designu, efektivity, konektivity a udr\u017eitelnosti. Antracitov\u011b &scaron;ed&eacute; venkovn&iacute; jednotky byly kompletn\u011b p\u0159epracov&aacute;ny s&nbsp;inovativn&iacute;m designem, kter&yacute; se p\u0159izp\u016fsob&iacute; ka\u017ed&eacute;mu prostoru. Vnit\u0159n&iacute; jednotky s&nbsp;integrovan&yacute;m ovl&aacute;dac&iacute;m panelem jsou jemn\u011b b&iacute;l&eacute; s&nbsp;elegantn&iacute;m \u010dern&yacute;m p&aacute;sem. Teplota v&yacute;stupn&iacute; vody dosahuje a\u017e 75&deg;C p\u0159i venkovn&iacute; teplot\u011b a\u017e -15&deg;C. Tepeln&eacute; \u010derpadlo &uacute;\u010dinn\u011b pracuje a\u017e do teploty okoln&iacute;ho prost\u0159ed&iacute; -28&deg;C.","og_url":"https:\/\/klimavex.eu\/cz\/katalog\/tepelne-cerpadlo-panasonic-aquarea-m-gen-aio-hydrosplit-nadrz-185l-t-cap-spirala-9kw-adc-wxg-r290-400v-400v-9kw\/","og_site_name":"KLIMAVEX GROUP - \u010cesko","article_publisher":"https:\/\/www.facebook.com\/klimavex.cz","article_modified_time":"2026-04-21T08:49:29+00:00","og_image":[{"width":512,"height":724,"url":"https:\/\/klimavex.eu\/cz\/wp-content\/uploads\/2025\/09\/gSyGWLag4QgH0A3gpqFbuQHUBphLEyYwW3EuauwnLyk-6.png","type":"image\/png"}],"twitter_card":"summary_large_image","twitter_misc":{"Odhadovan\u00e1 doba \u010dten\u00ed":"1 minuta"},"schema":{"@context":"https:\/\/schema.org","@graph":[{"@type":"WebPage","@id":"https:\/\/klimavex.eu\/cz\/katalog\/tepelne-cerpadlo-panasonic-aquarea-m-gen-aio-hydrosplit-nadrz-185l-t-cap-spirala-9kw-adc-wxg-r290-400v-400v-9kw\/","url":"https:\/\/klimavex.eu\/cz\/katalog\/tepelne-cerpadlo-panasonic-aquarea-m-gen-aio-hydrosplit-nadrz-185l-t-cap-spirala-9kw-adc-wxg-r290-400v-400v-9kw\/","name":"Tepeln\u00e9 \u010derpadlo Panasonic Aquarea M-gen AiO hydrosplit (n\u00e1dr\u017e 185l) (spir\u00e1la 9kW) T-CAP ADC\/WXG R290 400V\/400V 9kW - KLIMAVEX GROUP - \u010cesko","isPartOf":{"@id":"https:\/\/klimavex.eu\/cz\/#website"},"primaryImageOfPage":{"@id":"https:\/\/klimavex.eu\/cz\/katalog\/tepelne-cerpadlo-panasonic-aquarea-m-gen-aio-hydrosplit-nadrz-185l-t-cap-spirala-9kw-adc-wxg-r290-400v-400v-9kw\/#primaryimage"},"image":{"@id":"https:\/\/klimavex.eu\/cz\/katalog\/tepelne-cerpadlo-panasonic-aquarea-m-gen-aio-hydrosplit-nadrz-185l-t-cap-spirala-9kw-adc-wxg-r290-400v-400v-9kw\/#primaryimage"},"thumbnailUrl":"https:\/\/klimavex.eu\/cz\/wp-content\/uploads\/2025\/10\/e4fimKuIwFddaK04mtTLca7W7HqfFBbAmzwE9NwxmLw-16.png","datePublished":"2026-04-21T08:49:06+00:00","dateModified":"2026-04-21T08:49:29+00:00","breadcrumb":{"@id":"https:\/\/klimavex.eu\/cz\/katalog\/tepelne-cerpadlo-panasonic-aquarea-m-gen-aio-hydrosplit-nadrz-185l-t-cap-spirala-9kw-adc-wxg-r290-400v-400v-9kw\/#breadcrumb"},"inLanguage":"cs","potentialAction":[{"@type":"ReadAction","target":["https:\/\/klimavex.eu\/cz\/katalog\/tepelne-cerpadlo-panasonic-aquarea-m-gen-aio-hydrosplit-nadrz-185l-t-cap-spirala-9kw-adc-wxg-r290-400v-400v-9kw\/"]}]},{"@type":"ImageObject","inLanguage":"cs","@id":"https:\/\/klimavex.eu\/cz\/katalog\/tepelne-cerpadlo-panasonic-aquarea-m-gen-aio-hydrosplit-nadrz-185l-t-cap-spirala-9kw-adc-wxg-r290-400v-400v-9kw\/#primaryimage","url":"https:\/\/klimavex.eu\/cz\/wp-content\/uploads\/2025\/10\/e4fimKuIwFddaK04mtTLca7W7HqfFBbAmzwE9NwxmLw-16.png","contentUrl":"https:\/\/klimavex.eu\/cz\/wp-content\/uploads\/2025\/10\/e4fimKuIwFddaK04mtTLca7W7HqfFBbAmzwE9NwxmLw-16.png","width":512,"height":724},{"@type":"BreadcrumbList","@id":"https:\/\/klimavex.eu\/cz\/katalog\/tepelne-cerpadlo-panasonic-aquarea-m-gen-aio-hydrosplit-nadrz-185l-t-cap-spirala-9kw-adc-wxg-r290-400v-400v-9kw\/#breadcrumb","itemListElement":[{"@type":"ListItem","position":1,"name":"Domovsk\u00e1 str\u00e1nka","item":"https:\/\/klimavex.eu\/cz\/"},{"@type":"ListItem","position":2,"name":"Eshop","item":"https:\/\/klimavex.eu\/cz\/eshop\/"},{"@type":"ListItem","position":3,"name":"Tepeln\u00e9 \u010derpadlo Panasonic Aquarea M-gen AiO hydrosplit (n\u00e1dr\u017e 185l) T-CAP (spir\u00e1la 9kW) ADC\/WXG R290 400V\/400V 9kW"}]},{"@type":"WebSite","@id":"https:\/\/klimavex.eu\/cz\/#website","url":"https:\/\/klimavex.eu\/cz\/","name":"KLIMAVEX GROUP - \u010cesko","description":"","publisher":{"@id":"https:\/\/klimavex.eu\/cz\/#organization"},"alternateName":"KLIMAVEX CZ a.s.","potentialAction":[{"@type":"SearchAction","target":{"@type":"EntryPoint","urlTemplate":"https:\/\/klimavex.eu\/cz\/?s={search_term_string}"},"query-input":{"@type":"PropertyValueSpecification","valueRequired":true,"valueName":"search_term_string"}}],"inLanguage":"cs"},{"@type":"Organization","@id":"https:\/\/klimavex.eu\/cz\/#organization","name":"KLIMAVEX GROUP","alternateName":"KLIMAVEX","url":"https:\/\/klimavex.eu\/cz\/","logo":{"@type":"ImageObject","inLanguage":"cs","@id":"https:\/\/klimavex.eu\/cz\/#\/schema\/logo\/image\/","url":"https:\/\/klimavex.eu\/cz\/wp-content\/uploads\/2024\/04\/Klimavex-Group-logo.png","contentUrl":"https:\/\/klimavex.eu\/cz\/wp-content\/uploads\/2024\/04\/Klimavex-Group-logo.png","width":1681,"height":472,"caption":"KLIMAVEX GROUP"},"image":{"@id":"https:\/\/klimavex.eu\/cz\/#\/schema\/logo\/image\/"},"sameAs":["https:\/\/www.facebook.com\/klimavex.cz","https:\/\/www.instagram.com\/klimavex_cz\/"]}]}},"_links":{"self":[{"href":"https:\/\/klimavex.eu\/cz\/wp-json\/wp\/v2\/product\/540653","targetHints":{"allow":["GET"]}}],"collection":[{"href":"https:\/\/klimavex.eu\/cz\/wp-json\/wp\/v2\/product"}],"about":[{"href":"https:\/\/klimavex.eu\/cz\/wp-json\/wp\/v2\/types\/product"}],"version-history":[{"count":0,"href":"https:\/\/klimavex.eu\/cz\/wp-json\/wp\/v2\/product\/540653\/revisions"}],"wp:featuredmedia":[{"embeddable":true,"href":"https:\/\/klimavex.eu\/cz\/wp-json\/wp\/v2\/media\/569067"}],"wp:attachment":[{"href":"https:\/\/klimavex.eu\/cz\/wp-json\/wp\/v2\/media?parent=540653"}],"wp:term":[{"taxonomy":"product_cat","embeddable":true,"href":"https:\/\/klimavex.eu\/cz\/wp-json\/wp\/v2\/product_cat?post=540653"},{"taxonomy":"product_tag","embeddable":true,"href":"https:\/\/klimavex.eu\/cz\/wp-json\/wp\/v2\/product_tag?post=540653"}],"curies":[{"name":"wp","href":"https:\/\/api.w.org\/{rel}","templated":true}]}}