{"id":542389,"date":"2026-03-31T18:09:29","date_gmt":"2026-03-31T16:09:29","guid":{"rendered":"https:\/\/klimavex.eu\/cz\/katalog\/samsung-parapetni-klimatizace-console-highee-ac035\/"},"modified":"2026-03-31T18:10:23","modified_gmt":"2026-03-31T16:10:23","slug":"samsung-parapetni-klimatizace-console-highee-ac035","status":"publish","type":"product","link":"https:\/\/klimavex.eu\/cz\/katalog\/samsung-parapetni-klimatizace-console-highee-ac035\/","title":{"rendered":"Samsung  parapetn\u00ed klimatizace Console HighEE AC035"},"content":{"rendered":"<p style=\"text-align:justify\"><span style=\"font-size:11pt\"><span style=\"font-family:Calibri,sans-serif\"><strong>Kl&iacute;\u010dov&eacute; vlastnosti<\/strong> <\/span><\/span><\/p>\n<ul>\n<li style=\"text-align:justify\"><span style=\"font-size:11pt\"><span style=\"font-family:Calibri,sans-serif\">Ioniz&aacute;tor SPi (sou\u010d&aacute;st&iacute; balen&iacute;)<\/span><\/span><\/li>\n<li style=\"text-align:justify\"><span style=\"font-size:11pt\"><span style=\"font-family:Calibri,sans-serif\">Tenk&yacute; design: hloubka pouh&yacute;ch 199 mm<\/span><\/span><\/li>\n<li style=\"text-align:justify\"><span style=\"font-size:11pt\"><span style=\"font-family:Calibri,sans-serif\">Dva samostatn&eacute; v&yacute;stupy vzduchu, horn&iacute; (chlazen&iacute;) a spodn&iacute; (topen&iacute;), aby se zabr&aacute;nilo vrstven&iacute;.<\/span><\/span><\/li>\n<li style=\"text-align:justify\"><span style=\"font-size:11pt\"><span style=\"font-family:Calibri,sans-serif\">Omyvateln&yacute; trval&yacute; filtr s dlouhou \u017eivotnost&iacute;<\/span><\/span><\/li>\n<li style=\"text-align:justify\"><span style=\"font-size:11pt\"><span style=\"font-family:Calibri,sans-serif\">Funkce Auto Restart<\/span><\/span><\/li>\n<li style=\"text-align:justify\"><span style=\"font-size:11pt\"><span style=\"font-family:Calibri,sans-serif\">Provozn&iacute; rozsah chlazen&iacute; -20 &#8211; 52&deg;C<\/span><\/span><\/li>\n<li style=\"text-align:justify\"><span style=\"font-size:11pt\"><span style=\"font-family:Calibri,sans-serif\">Provozn&iacute; rozsah vyt&aacute;p\u011bn&iacute; -25 &#8211; 24&deg;C<\/span><\/span><\/li>\n<li style=\"text-align:justify\"><span style=\"font-size:11pt\"><span style=\"font-family:Calibri,sans-serif\">100% topn&yacute; v&yacute;kon p\u0159i teplot\u011b -15&deg;C<\/span><\/span><\/li>\n<li style=\"text-align:justify\"><span style=\"font-size:11pt\"><span style=\"font-family:Calibri,sans-serif\">Provozn&iacute; rozsah vnit\u0159n&iacute; teploty vyt&aacute;p\u011bn&iacute; od 8&deg;C (s infra\u010derven&yacute;m ovlada\u010dem)<\/span><\/span><\/li>\n<li style=\"text-align:justify\"><span style=\"font-size:11pt\"><span style=\"font-family:Calibri,sans-serif\">1f&aacute;zov&eacute; el. nap&aacute;jen&iacute;<\/span><\/span><\/li>\n<\/ul>\n","protected":false},"excerpt":{"rendered":"<p style=\"text-align:justify\"><span style=\"font-size:11pt\"><span style=\"font-family:Calibri,sans-serif\"><strong>Samsung Console <\/strong>je parapetn&iacute; klimatiza\u010dn&iacute; jednotka ur\u010dena zejm&eacute;na pro <strong>komer\u010dn&iacute; &uacute;\u010dely<\/strong>. Verze <strong>HighEE<\/strong> nab&iacute;z&iacute; je&scaron;t\u011b vy&scaron;&scaron;&iacute; provozn&iacute; &uacute;\u010dinnost. Tato klimatizace, kter&aacute; dok&aacute;\u017ee chladit i topit, m&aacute; ve sv&eacute;m standardn&iacute;m vybaven&iacute; <strong>ioniz&eacute;r<\/strong> (SPi). Tenk&yacute; design o pouh&eacute; <strong>199 mm hloubce<\/strong> zaji&scaron;\u0165uje mno\u017estv&iacute; alternativ p\u0159i instalaci jednotky. U\u017e&iacute;v&aacute; se ekologick&eacute; <strong>chladivo R32<\/strong>.<\/span><\/span><\/p>\n","protected":false},"featured_media":546128,"template":"","meta":[],"product_cat":[10781,10782,10769],"product_tag":[],"class_list":{"0":"post-542389","1":"product","2":"type-product","3":"status-publish","4":"has-post-thumbnail","6":"product_cat-klimatizace-archivovane-produkty","7":"product_cat-archivovane-produkty-klimatizace","8":"product_cat-archivovane-produkty","9":"pa_chlad-do-von-tep-c-do-20-c","10":"pa_chladici-vykon-11436","11":"pa_energeticka-trida-scop-aplus","12":"pa_energeticka-trida-seer-aplusplus","13":"pa_extra-funkce-highee","14":"pa_label-archivovany","15":"pa_napajeni-1f-230v","16":"pa_prikon-chlazeni-11602","17":"pa_prikon-vytapeni-11330","18":"pa_provedeni-parapetni-split","19":"pa_topny-vykon-11437","20":"pa_typ-chladiva-r32","21":"pa_vyk-do-von-tepl-c-do-25-c","22":"pa_vykonovy-model-11442","23":"pa_znacka-samsung","25":"first","26":"outofstock","27":"taxable","28":"shipping-taxable","29":"purchasable","30":"product-type-simple"},"yoast_head":"<!-- This site is optimized with the Yoast SEO plugin v23.9 - https:\/\/yoast.com\/wordpress\/plugins\/seo\/ -->\n<title>Samsung parapetn\u00ed klimatizace Console HighEE AC035 - KLIMAVEX GROUP - \u010cesko<\/title>\n<meta name=\"robots\" content=\"index, follow, max-snippet:-1, max-image-preview:large, max-video-preview:-1\" \/>\n<link rel=\"canonical\" href=\"https:\/\/klimavex.eu\/cz\/katalog\/samsung-parapetni-klimatizace-console-highee-ac035\/\" \/>\n<meta property=\"og:locale\" content=\"cs_CZ\" \/>\n<meta property=\"og:type\" content=\"article\" \/>\n<meta property=\"og:title\" content=\"Samsung parapetn\u00ed klimatizace Console HighEE AC035 - KLIMAVEX GROUP - \u010cesko\" \/>\n<meta property=\"og:description\" content=\"Samsung Console je parapetn&iacute; klimatiza\u010dn&iacute; jednotka ur\u010dena zejm&eacute;na pro komer\u010dn&iacute; &uacute;\u010dely. Verze HighEE nab&iacute;z&iacute; je&scaron;t\u011b vy&scaron;&scaron;&iacute; provozn&iacute; &uacute;\u010dinnost. Tato klimatizace, kter&aacute; dok&aacute;\u017ee chladit i topit, m&aacute; ve sv&eacute;m standardn&iacute;m vybaven&iacute; ioniz&eacute;r (SPi). Tenk&yacute; design o pouh&eacute; 199 mm hloubce zaji&scaron;\u0165uje mno\u017estv&iacute; alternativ p\u0159i instalaci jednotky. U\u017e&iacute;v&aacute; se ekologick&eacute; chladivo R32.\" \/>\n<meta property=\"og:url\" content=\"https:\/\/klimavex.eu\/cz\/katalog\/samsung-parapetni-klimatizace-console-highee-ac035\/\" \/>\n<meta property=\"og:site_name\" content=\"KLIMAVEX GROUP - \u010cesko\" \/>\n<meta property=\"article:publisher\" content=\"https:\/\/www.facebook.com\/klimavex.cz\" \/>\n<meta property=\"article:modified_time\" content=\"2026-03-31T16:10:23+00:00\" \/>\n<meta property=\"og:image\" content=\"https:\/\/klimavex.eu\/cz\/wp-content\/uploads\/2025\/09\/v_KPTWDnpLGUC3L_jOcYJvPVV4fi5egRZzrr2qn5RkI.jpeg\" \/>\n\t<meta property=\"og:image:width\" content=\"560\" \/>\n\t<meta property=\"og:image:height\" content=\"398\" \/>\n\t<meta property=\"og:image:type\" content=\"image\/jpeg\" \/>\n<meta name=\"twitter:card\" content=\"summary_large_image\" \/>\n<meta name=\"twitter:label1\" content=\"Odhadovan\u00e1 doba \u010dten\u00ed\" \/>\n\t<meta name=\"twitter:data1\" content=\"1 minuta\" \/>\n<script type=\"application\/ld+json\" class=\"yoast-schema-graph\">{\"@context\":\"https:\/\/schema.org\",\"@graph\":[{\"@type\":\"WebPage\",\"@id\":\"https:\/\/klimavex.eu\/cz\/katalog\/samsung-parapetni-klimatizace-console-highee-ac035\/\",\"url\":\"https:\/\/klimavex.eu\/cz\/katalog\/samsung-parapetni-klimatizace-console-highee-ac035\/\",\"name\":\"Samsung parapetn\u00ed klimatizace Console HighEE AC035 - KLIMAVEX GROUP - \u010cesko\",\"isPartOf\":{\"@id\":\"https:\/\/klimavex.eu\/cz\/#website\"},\"primaryImageOfPage\":{\"@id\":\"https:\/\/klimavex.eu\/cz\/katalog\/samsung-parapetni-klimatizace-console-highee-ac035\/#primaryimage\"},\"image\":{\"@id\":\"https:\/\/klimavex.eu\/cz\/katalog\/samsung-parapetni-klimatizace-console-highee-ac035\/#primaryimage\"},\"thumbnailUrl\":\"https:\/\/klimavex.eu\/cz\/wp-content\/uploads\/2025\/09\/v_KPTWDnpLGUC3L_jOcYJvPVV4fi5egRZzrr2qn5RkI.jpeg\",\"datePublished\":\"2026-03-31T16:09:29+00:00\",\"dateModified\":\"2026-03-31T16:10:23+00:00\",\"breadcrumb\":{\"@id\":\"https:\/\/klimavex.eu\/cz\/katalog\/samsung-parapetni-klimatizace-console-highee-ac035\/#breadcrumb\"},\"inLanguage\":\"cs\",\"potentialAction\":[{\"@type\":\"ReadAction\",\"target\":[\"https:\/\/klimavex.eu\/cz\/katalog\/samsung-parapetni-klimatizace-console-highee-ac035\/\"]}]},{\"@type\":\"ImageObject\",\"inLanguage\":\"cs\",\"@id\":\"https:\/\/klimavex.eu\/cz\/katalog\/samsung-parapetni-klimatizace-console-highee-ac035\/#primaryimage\",\"url\":\"https:\/\/klimavex.eu\/cz\/wp-content\/uploads\/2025\/09\/v_KPTWDnpLGUC3L_jOcYJvPVV4fi5egRZzrr2qn5RkI.jpeg\",\"contentUrl\":\"https:\/\/klimavex.eu\/cz\/wp-content\/uploads\/2025\/09\/v_KPTWDnpLGUC3L_jOcYJvPVV4fi5egRZzrr2qn5RkI.jpeg\",\"width\":560,\"height\":398},{\"@type\":\"BreadcrumbList\",\"@id\":\"https:\/\/klimavex.eu\/cz\/katalog\/samsung-parapetni-klimatizace-console-highee-ac035\/#breadcrumb\",\"itemListElement\":[{\"@type\":\"ListItem\",\"position\":1,\"name\":\"Domovsk\u00e1 str\u00e1nka\",\"item\":\"https:\/\/klimavex.eu\/cz\/\"},{\"@type\":\"ListItem\",\"position\":2,\"name\":\"Eshop\",\"item\":\"https:\/\/klimavex.eu\/cz\/eshop\/\"},{\"@type\":\"ListItem\",\"position\":3,\"name\":\"Samsung parapetn\u00ed klimatizace Console HighEE AC035\"}]},{\"@type\":\"WebSite\",\"@id\":\"https:\/\/klimavex.eu\/cz\/#website\",\"url\":\"https:\/\/klimavex.eu\/cz\/\",\"name\":\"KLIMAVEX GROUP - \u010cesko\",\"description\":\"\",\"publisher\":{\"@id\":\"https:\/\/klimavex.eu\/cz\/#organization\"},\"alternateName\":\"KLIMAVEX CZ a.s.\",\"potentialAction\":[{\"@type\":\"SearchAction\",\"target\":{\"@type\":\"EntryPoint\",\"urlTemplate\":\"https:\/\/klimavex.eu\/cz\/?s={search_term_string}\"},\"query-input\":{\"@type\":\"PropertyValueSpecification\",\"valueRequired\":true,\"valueName\":\"search_term_string\"}}],\"inLanguage\":\"cs\"},{\"@type\":\"Organization\",\"@id\":\"https:\/\/klimavex.eu\/cz\/#organization\",\"name\":\"KLIMAVEX GROUP\",\"alternateName\":\"KLIMAVEX\",\"url\":\"https:\/\/klimavex.eu\/cz\/\",\"logo\":{\"@type\":\"ImageObject\",\"inLanguage\":\"cs\",\"@id\":\"https:\/\/klimavex.eu\/cz\/#\/schema\/logo\/image\/\",\"url\":\"https:\/\/klimavex.eu\/cz\/wp-content\/uploads\/2024\/04\/Klimavex-Group-logo.png\",\"contentUrl\":\"https:\/\/klimavex.eu\/cz\/wp-content\/uploads\/2024\/04\/Klimavex-Group-logo.png\",\"width\":1681,\"height\":472,\"caption\":\"KLIMAVEX GROUP\"},\"image\":{\"@id\":\"https:\/\/klimavex.eu\/cz\/#\/schema\/logo\/image\/\"},\"sameAs\":[\"https:\/\/www.facebook.com\/klimavex.cz\",\"https:\/\/www.instagram.com\/klimavex_cz\/\"]}]}<\/script>\n<!-- \/ Yoast SEO plugin. -->","yoast_head_json":{"title":"Samsung parapetn\u00ed klimatizace Console HighEE AC035 - KLIMAVEX GROUP - \u010cesko","robots":{"index":"index","follow":"follow","max-snippet":"max-snippet:-1","max-image-preview":"max-image-preview:large","max-video-preview":"max-video-preview:-1"},"canonical":"https:\/\/klimavex.eu\/cz\/katalog\/samsung-parapetni-klimatizace-console-highee-ac035\/","og_locale":"cs_CZ","og_type":"article","og_title":"Samsung parapetn\u00ed klimatizace Console HighEE AC035 - KLIMAVEX GROUP - \u010cesko","og_description":"Samsung Console je parapetn&iacute; klimatiza\u010dn&iacute; jednotka ur\u010dena zejm&eacute;na pro komer\u010dn&iacute; &uacute;\u010dely. Verze HighEE nab&iacute;z&iacute; je&scaron;t\u011b vy&scaron;&scaron;&iacute; provozn&iacute; &uacute;\u010dinnost. Tato klimatizace, kter&aacute; dok&aacute;\u017ee chladit i topit, m&aacute; ve sv&eacute;m standardn&iacute;m vybaven&iacute; ioniz&eacute;r (SPi). Tenk&yacute; design o pouh&eacute; 199 mm hloubce zaji&scaron;\u0165uje mno\u017estv&iacute; alternativ p\u0159i instalaci jednotky. U\u017e&iacute;v&aacute; se ekologick&eacute; chladivo R32.","og_url":"https:\/\/klimavex.eu\/cz\/katalog\/samsung-parapetni-klimatizace-console-highee-ac035\/","og_site_name":"KLIMAVEX GROUP - \u010cesko","article_publisher":"https:\/\/www.facebook.com\/klimavex.cz","article_modified_time":"2026-03-31T16:10:23+00:00","og_image":[{"width":560,"height":398,"url":"https:\/\/klimavex.eu\/cz\/wp-content\/uploads\/2025\/09\/v_KPTWDnpLGUC3L_jOcYJvPVV4fi5egRZzrr2qn5RkI.jpeg","type":"image\/jpeg"}],"twitter_card":"summary_large_image","twitter_misc":{"Odhadovan\u00e1 doba \u010dten\u00ed":"1 minuta"},"schema":{"@context":"https:\/\/schema.org","@graph":[{"@type":"WebPage","@id":"https:\/\/klimavex.eu\/cz\/katalog\/samsung-parapetni-klimatizace-console-highee-ac035\/","url":"https:\/\/klimavex.eu\/cz\/katalog\/samsung-parapetni-klimatizace-console-highee-ac035\/","name":"Samsung parapetn\u00ed klimatizace Console HighEE AC035 - KLIMAVEX GROUP - \u010cesko","isPartOf":{"@id":"https:\/\/klimavex.eu\/cz\/#website"},"primaryImageOfPage":{"@id":"https:\/\/klimavex.eu\/cz\/katalog\/samsung-parapetni-klimatizace-console-highee-ac035\/#primaryimage"},"image":{"@id":"https:\/\/klimavex.eu\/cz\/katalog\/samsung-parapetni-klimatizace-console-highee-ac035\/#primaryimage"},"thumbnailUrl":"https:\/\/klimavex.eu\/cz\/wp-content\/uploads\/2025\/09\/v_KPTWDnpLGUC3L_jOcYJvPVV4fi5egRZzrr2qn5RkI.jpeg","datePublished":"2026-03-31T16:09:29+00:00","dateModified":"2026-03-31T16:10:23+00:00","breadcrumb":{"@id":"https:\/\/klimavex.eu\/cz\/katalog\/samsung-parapetni-klimatizace-console-highee-ac035\/#breadcrumb"},"inLanguage":"cs","potentialAction":[{"@type":"ReadAction","target":["https:\/\/klimavex.eu\/cz\/katalog\/samsung-parapetni-klimatizace-console-highee-ac035\/"]}]},{"@type":"ImageObject","inLanguage":"cs","@id":"https:\/\/klimavex.eu\/cz\/katalog\/samsung-parapetni-klimatizace-console-highee-ac035\/#primaryimage","url":"https:\/\/klimavex.eu\/cz\/wp-content\/uploads\/2025\/09\/v_KPTWDnpLGUC3L_jOcYJvPVV4fi5egRZzrr2qn5RkI.jpeg","contentUrl":"https:\/\/klimavex.eu\/cz\/wp-content\/uploads\/2025\/09\/v_KPTWDnpLGUC3L_jOcYJvPVV4fi5egRZzrr2qn5RkI.jpeg","width":560,"height":398},{"@type":"BreadcrumbList","@id":"https:\/\/klimavex.eu\/cz\/katalog\/samsung-parapetni-klimatizace-console-highee-ac035\/#breadcrumb","itemListElement":[{"@type":"ListItem","position":1,"name":"Domovsk\u00e1 str\u00e1nka","item":"https:\/\/klimavex.eu\/cz\/"},{"@type":"ListItem","position":2,"name":"Eshop","item":"https:\/\/klimavex.eu\/cz\/eshop\/"},{"@type":"ListItem","position":3,"name":"Samsung parapetn\u00ed klimatizace Console HighEE AC035"}]},{"@type":"WebSite","@id":"https:\/\/klimavex.eu\/cz\/#website","url":"https:\/\/klimavex.eu\/cz\/","name":"KLIMAVEX GROUP - \u010cesko","description":"","publisher":{"@id":"https:\/\/klimavex.eu\/cz\/#organization"},"alternateName":"KLIMAVEX CZ a.s.","potentialAction":[{"@type":"SearchAction","target":{"@type":"EntryPoint","urlTemplate":"https:\/\/klimavex.eu\/cz\/?s={search_term_string}"},"query-input":{"@type":"PropertyValueSpecification","valueRequired":true,"valueName":"search_term_string"}}],"inLanguage":"cs"},{"@type":"Organization","@id":"https:\/\/klimavex.eu\/cz\/#organization","name":"KLIMAVEX GROUP","alternateName":"KLIMAVEX","url":"https:\/\/klimavex.eu\/cz\/","logo":{"@type":"ImageObject","inLanguage":"cs","@id":"https:\/\/klimavex.eu\/cz\/#\/schema\/logo\/image\/","url":"https:\/\/klimavex.eu\/cz\/wp-content\/uploads\/2024\/04\/Klimavex-Group-logo.png","contentUrl":"https:\/\/klimavex.eu\/cz\/wp-content\/uploads\/2024\/04\/Klimavex-Group-logo.png","width":1681,"height":472,"caption":"KLIMAVEX GROUP"},"image":{"@id":"https:\/\/klimavex.eu\/cz\/#\/schema\/logo\/image\/"},"sameAs":["https:\/\/www.facebook.com\/klimavex.cz","https:\/\/www.instagram.com\/klimavex_cz\/"]}]}},"_links":{"self":[{"href":"https:\/\/klimavex.eu\/cz\/wp-json\/wp\/v2\/product\/542389","targetHints":{"allow":["GET"]}}],"collection":[{"href":"https:\/\/klimavex.eu\/cz\/wp-json\/wp\/v2\/product"}],"about":[{"href":"https:\/\/klimavex.eu\/cz\/wp-json\/wp\/v2\/types\/product"}],"version-history":[{"count":0,"href":"https:\/\/klimavex.eu\/cz\/wp-json\/wp\/v2\/product\/542389\/revisions"}],"wp:featuredmedia":[{"embeddable":true,"href":"https:\/\/klimavex.eu\/cz\/wp-json\/wp\/v2\/media\/546128"}],"wp:attachment":[{"href":"https:\/\/klimavex.eu\/cz\/wp-json\/wp\/v2\/media?parent=542389"}],"wp:term":[{"taxonomy":"product_cat","embeddable":true,"href":"https:\/\/klimavex.eu\/cz\/wp-json\/wp\/v2\/product_cat?post=542389"},{"taxonomy":"product_tag","embeddable":true,"href":"https:\/\/klimavex.eu\/cz\/wp-json\/wp\/v2\/product_tag?post=542389"}],"curies":[{"name":"wp","href":"https:\/\/api.w.org\/{rel}","templated":true}]}}