{"id":542392,"date":"2026-04-30T22:49:06","date_gmt":"2026-04-30T20:49:06","guid":{"rendered":"https:\/\/klimavex.eu\/cz\/katalog\/samsung-ac052bxapkg-eu-highee-kondenzacni-jednotka-pro-vzt-s-ahu-kitem\/"},"modified":"2026-04-30T22:49:21","modified_gmt":"2026-04-30T20:49:21","slug":"klimatizace-samsung-kondenzacni-jednotka-highee-pro-vzt-s-ahu-kitem-0-10v-rizeni-vykonu-ac052-100xn1-r32-230v-5kw","status":"publish","type":"product","link":"https:\/\/klimavex.eu\/cz\/katalog\/klimatizace-samsung-kondenzacni-jednotka-highee-pro-vzt-s-ahu-kitem-0-10v-rizeni-vykonu-ac052-100xn1-r32-230v-5kw\/","title":{"rendered":"Klimatizace Samsung kondenza\u010dn\u00ed jednotka HighEE pro VZT s AHU kitem 0-10V \u0159\u00edzen\u00ed v\u00fdkonu AC052\/100XN1 R32 230V 5kW"},"content":{"rendered":"<p style=\"text-align:justify\"><span style=\"font-size:11pt\"><span style=\"font-family:Calibri,sans-serif\"><strong>Kl&iacute;\u010dov&eacute; vlastnosti<\/strong><\/span><\/span><\/p>\n<ul>\n<li style=\"text-align: justify;\"><span style=\"font-size:11pt\"><span style=\"font-family:Calibri,sans-serif\">AHU Kit obsahuje 3 senzory &ndash; v&yacute;parn&iacute;k IN\/OUT, \u010didla teploty vzduchu (na odvodu a p\u0159&iacute;vodu)<\/span><\/span><\/li>\n<li style=\"text-align: justify;\"><span style=\"font-size:11pt\"><span style=\"font-family:Calibri,sans-serif\">Regulace 0-10V na z&aacute;klad\u011b teploty v&nbsp;prostoru \/ teploty ods&aacute;van&eacute;ho vzduchu \/ teploty za v&yacute;parn&iacute;kem<\/span><\/span><\/li>\n<li style=\"text-align: justify;\"><span style=\"font-size:11pt\"><span style=\"font-family:Calibri,sans-serif\">Regulace v&yacute;konu 0-10V<\/span><\/span><\/li>\n<li style=\"text-align: justify;\"><span style=\"font-size:11pt\"><span style=\"font-family:Calibri,sans-serif\">1f&aacute;zov&eacute; el. nap&aacute;jen&iacute;<\/span><\/span><\/li>\n<\/ul>\n","protected":false},"excerpt":{"rendered":"<p style=\"text-align:justify\"><span style=\"font-size:11pt\"><span style=\"font-family:Calibri,sans-serif\"><strong>Samsung kondenza\u010dn&iacute; jednotka pro VZT <\/strong>je jednotka pro \u0159e&scaron;en&iacute; chlazen&iacute; nebo topen&iacute; pomoc&iacute; VZT jednotky umo\u017e\u0148uj&iacute;c&iacute; udr\u017eovat teplotu v&nbsp;klimatizovan&eacute;m prostoru. Verze jednotky <strong>HighEE<\/strong> nab&iacute;z&iacute; je&scaron;t\u011b vy&scaron;&scaron;&iacute; provozn&iacute; &uacute;\u010dinnost. Vyu\u017e&iacute;v&aacute; se ekologick&eacute; <strong>chladivo R32<\/strong>.<\/span><\/span><\/p>\n","protected":false},"featured_media":546131,"template":"","meta":[],"product_cat":[7714],"product_tag":[],"class_list":{"0":"post-542392","1":"product","2":"type-product","3":"status-publish","4":"has-post-thumbnail","6":"product_cat-kondenzacky-pro-vzt","7":"pa_chlad-do-von-tep-c-do-20c","8":"pa_chladici-vykon-11459","9":"pa_napajeni-1f-230v","10":"pa_prikon-chlazeni-11965","11":"pa_prikon-vytapeni-11964","12":"pa_topny-vykon-11460","13":"pa_typ-chladiva-r32","14":"pa_vyk-do-von-tepl-c-do-25c","15":"pa_vykonovy-model-11462","16":"pa_znacka-samsung","18":"first","19":"instock","20":"taxable","21":"shipping-taxable","22":"purchasable","23":"product-type-simple"},"yoast_head":"<!-- This site is optimized with the Yoast SEO plugin v23.9 - https:\/\/yoast.com\/wordpress\/plugins\/seo\/ -->\n<title>Klimatizace Samsung kondenza\u010dn\u00ed jednotka HighEE pro VZT s AHU kitem 0-10V \u0159\u00edzen\u00ed v\u00fdkonu AC052\/100XN1 R32 230V 5kW - KLIMAVEX GROUP - \u010cesko<\/title>\n<meta name=\"robots\" content=\"index, follow, max-snippet:-1, max-image-preview:large, max-video-preview:-1\" \/>\n<link rel=\"canonical\" href=\"https:\/\/klimavex.eu\/cz\/katalog\/samsung-ac052bxapkg-eu-highee-kondenzacni-jednotka-pro-vzt-s-ahu-kitem\/\" \/>\n<meta property=\"og:locale\" content=\"cs_CZ\" \/>\n<meta property=\"og:type\" content=\"article\" \/>\n<meta property=\"og:title\" content=\"Klimatizace Samsung kondenza\u010dn\u00ed jednotka HighEE pro VZT s AHU kitem 0-10V \u0159\u00edzen\u00ed v\u00fdkonu AC052\/100XN1 R32 230V 5kW - KLIMAVEX GROUP - \u010cesko\" \/>\n<meta property=\"og:description\" content=\"Samsung kondenza\u010dn&iacute; jednotka pro VZT je jednotka pro \u0159e&scaron;en&iacute; chlazen&iacute; nebo topen&iacute; pomoc&iacute; VZT jednotky umo\u017e\u0148uj&iacute;c&iacute; udr\u017eovat teplotu v&nbsp;klimatizovan&eacute;m prostoru. Verze jednotky HighEE nab&iacute;z&iacute; je&scaron;t\u011b vy&scaron;&scaron;&iacute; provozn&iacute; &uacute;\u010dinnost. Vyu\u017e&iacute;v&aacute; se ekologick&eacute; chladivo R32.\" \/>\n<meta property=\"og:url\" content=\"https:\/\/klimavex.eu\/cz\/katalog\/samsung-ac052bxapkg-eu-highee-kondenzacni-jednotka-pro-vzt-s-ahu-kitem\/\" \/>\n<meta property=\"og:site_name\" content=\"KLIMAVEX GROUP - \u010cesko\" \/>\n<meta property=\"article:publisher\" content=\"https:\/\/www.facebook.com\/klimavex.cz\" \/>\n<meta property=\"article:modified_time\" content=\"2026-04-30T20:49:21+00:00\" \/>\n<meta property=\"og:image\" content=\"https:\/\/klimavex.eu\/cz\/wp-content\/uploads\/2025\/09\/fEznw8wEovzKR9eXbgMD-lY8rn5u0N6LBGTNt295Zk.jpeg\" \/>\n\t<meta property=\"og:image:width\" content=\"768\" \/>\n\t<meta property=\"og:image:height\" content=\"512\" \/>\n\t<meta property=\"og:image:type\" content=\"image\/jpeg\" \/>\n<meta name=\"twitter:card\" content=\"summary_large_image\" \/>\n<script type=\"application\/ld+json\" class=\"yoast-schema-graph\">{\"@context\":\"https:\/\/schema.org\",\"@graph\":[{\"@type\":\"WebPage\",\"@id\":\"https:\/\/klimavex.eu\/cz\/katalog\/samsung-ac052bxapkg-eu-highee-kondenzacni-jednotka-pro-vzt-s-ahu-kitem\/\",\"url\":\"https:\/\/klimavex.eu\/cz\/katalog\/samsung-ac052bxapkg-eu-highee-kondenzacni-jednotka-pro-vzt-s-ahu-kitem\/\",\"name\":\"Klimatizace Samsung kondenza\u010dn\u00ed jednotka HighEE pro VZT s AHU kitem 0-10V \u0159\u00edzen\u00ed v\u00fdkonu AC052\/100XN1 R32 230V 5kW - KLIMAVEX GROUP - \u010cesko\",\"isPartOf\":{\"@id\":\"https:\/\/klimavex.eu\/cz\/#website\"},\"primaryImageOfPage\":{\"@id\":\"https:\/\/klimavex.eu\/cz\/katalog\/samsung-ac052bxapkg-eu-highee-kondenzacni-jednotka-pro-vzt-s-ahu-kitem\/#primaryimage\"},\"image\":{\"@id\":\"https:\/\/klimavex.eu\/cz\/katalog\/samsung-ac052bxapkg-eu-highee-kondenzacni-jednotka-pro-vzt-s-ahu-kitem\/#primaryimage\"},\"thumbnailUrl\":\"https:\/\/klimavex.eu\/cz\/wp-content\/uploads\/2025\/09\/fEznw8wEovzKR9eXbgMD-lY8rn5u0N6LBGTNt295Zk.jpeg\",\"datePublished\":\"2026-04-30T20:49:06+00:00\",\"dateModified\":\"2026-04-30T20:49:21+00:00\",\"breadcrumb\":{\"@id\":\"https:\/\/klimavex.eu\/cz\/katalog\/samsung-ac052bxapkg-eu-highee-kondenzacni-jednotka-pro-vzt-s-ahu-kitem\/#breadcrumb\"},\"inLanguage\":\"cs\",\"potentialAction\":[{\"@type\":\"ReadAction\",\"target\":[\"https:\/\/klimavex.eu\/cz\/katalog\/samsung-ac052bxapkg-eu-highee-kondenzacni-jednotka-pro-vzt-s-ahu-kitem\/\"]}]},{\"@type\":\"ImageObject\",\"inLanguage\":\"cs\",\"@id\":\"https:\/\/klimavex.eu\/cz\/katalog\/samsung-ac052bxapkg-eu-highee-kondenzacni-jednotka-pro-vzt-s-ahu-kitem\/#primaryimage\",\"url\":\"https:\/\/klimavex.eu\/cz\/wp-content\/uploads\/2025\/09\/fEznw8wEovzKR9eXbgMD-lY8rn5u0N6LBGTNt295Zk.jpeg\",\"contentUrl\":\"https:\/\/klimavex.eu\/cz\/wp-content\/uploads\/2025\/09\/fEznw8wEovzKR9eXbgMD-lY8rn5u0N6LBGTNt295Zk.jpeg\",\"width\":768,\"height\":512},{\"@type\":\"BreadcrumbList\",\"@id\":\"https:\/\/klimavex.eu\/cz\/katalog\/samsung-ac052bxapkg-eu-highee-kondenzacni-jednotka-pro-vzt-s-ahu-kitem\/#breadcrumb\",\"itemListElement\":[{\"@type\":\"ListItem\",\"position\":1,\"name\":\"Domovsk\u00e1 str\u00e1nka\",\"item\":\"https:\/\/klimavex.eu\/cz\/\"},{\"@type\":\"ListItem\",\"position\":2,\"name\":\"Eshop\",\"item\":\"https:\/\/klimavex.eu\/cz\/eshop\/\"},{\"@type\":\"ListItem\",\"position\":3,\"name\":\"Samsung AC052BXAPKG\/EU HighEE kondenza\u010dn\u00ed jednotka pro VZT s AHU-kitem\"}]},{\"@type\":\"WebSite\",\"@id\":\"https:\/\/klimavex.eu\/cz\/#website\",\"url\":\"https:\/\/klimavex.eu\/cz\/\",\"name\":\"KLIMAVEX GROUP - \u010cesko\",\"description\":\"\",\"publisher\":{\"@id\":\"https:\/\/klimavex.eu\/cz\/#organization\"},\"alternateName\":\"KLIMAVEX CZ a.s.\",\"potentialAction\":[{\"@type\":\"SearchAction\",\"target\":{\"@type\":\"EntryPoint\",\"urlTemplate\":\"https:\/\/klimavex.eu\/cz\/?s={search_term_string}\"},\"query-input\":{\"@type\":\"PropertyValueSpecification\",\"valueRequired\":true,\"valueName\":\"search_term_string\"}}],\"inLanguage\":\"cs\"},{\"@type\":\"Organization\",\"@id\":\"https:\/\/klimavex.eu\/cz\/#organization\",\"name\":\"KLIMAVEX GROUP\",\"alternateName\":\"KLIMAVEX\",\"url\":\"https:\/\/klimavex.eu\/cz\/\",\"logo\":{\"@type\":\"ImageObject\",\"inLanguage\":\"cs\",\"@id\":\"https:\/\/klimavex.eu\/cz\/#\/schema\/logo\/image\/\",\"url\":\"https:\/\/klimavex.eu\/cz\/wp-content\/uploads\/2024\/04\/Klimavex-Group-logo.png\",\"contentUrl\":\"https:\/\/klimavex.eu\/cz\/wp-content\/uploads\/2024\/04\/Klimavex-Group-logo.png\",\"width\":1681,\"height\":472,\"caption\":\"KLIMAVEX GROUP\"},\"image\":{\"@id\":\"https:\/\/klimavex.eu\/cz\/#\/schema\/logo\/image\/\"},\"sameAs\":[\"https:\/\/www.facebook.com\/klimavex.cz\",\"https:\/\/www.instagram.com\/klimavex_cz\/\"]}]}<\/script>\n<!-- \/ Yoast SEO plugin. -->","yoast_head_json":{"title":"Klimatizace Samsung kondenza\u010dn\u00ed jednotka HighEE pro VZT s AHU kitem 0-10V \u0159\u00edzen\u00ed v\u00fdkonu AC052\/100XN1 R32 230V 5kW - KLIMAVEX GROUP - \u010cesko","robots":{"index":"index","follow":"follow","max-snippet":"max-snippet:-1","max-image-preview":"max-image-preview:large","max-video-preview":"max-video-preview:-1"},"canonical":"https:\/\/klimavex.eu\/cz\/katalog\/samsung-ac052bxapkg-eu-highee-kondenzacni-jednotka-pro-vzt-s-ahu-kitem\/","og_locale":"cs_CZ","og_type":"article","og_title":"Klimatizace Samsung kondenza\u010dn\u00ed jednotka HighEE pro VZT s AHU kitem 0-10V \u0159\u00edzen\u00ed v\u00fdkonu AC052\/100XN1 R32 230V 5kW - KLIMAVEX GROUP - \u010cesko","og_description":"Samsung kondenza\u010dn&iacute; jednotka pro VZT je jednotka pro \u0159e&scaron;en&iacute; chlazen&iacute; nebo topen&iacute; pomoc&iacute; VZT jednotky umo\u017e\u0148uj&iacute;c&iacute; udr\u017eovat teplotu v&nbsp;klimatizovan&eacute;m prostoru. Verze jednotky HighEE nab&iacute;z&iacute; je&scaron;t\u011b vy&scaron;&scaron;&iacute; provozn&iacute; &uacute;\u010dinnost. Vyu\u017e&iacute;v&aacute; se ekologick&eacute; chladivo R32.","og_url":"https:\/\/klimavex.eu\/cz\/katalog\/samsung-ac052bxapkg-eu-highee-kondenzacni-jednotka-pro-vzt-s-ahu-kitem\/","og_site_name":"KLIMAVEX GROUP - \u010cesko","article_publisher":"https:\/\/www.facebook.com\/klimavex.cz","article_modified_time":"2026-04-30T20:49:21+00:00","og_image":[{"width":768,"height":512,"url":"https:\/\/klimavex.eu\/cz\/wp-content\/uploads\/2025\/09\/fEznw8wEovzKR9eXbgMD-lY8rn5u0N6LBGTNt295Zk.jpeg","type":"image\/jpeg"}],"twitter_card":"summary_large_image","schema":{"@context":"https:\/\/schema.org","@graph":[{"@type":"WebPage","@id":"https:\/\/klimavex.eu\/cz\/katalog\/samsung-ac052bxapkg-eu-highee-kondenzacni-jednotka-pro-vzt-s-ahu-kitem\/","url":"https:\/\/klimavex.eu\/cz\/katalog\/samsung-ac052bxapkg-eu-highee-kondenzacni-jednotka-pro-vzt-s-ahu-kitem\/","name":"Klimatizace Samsung kondenza\u010dn\u00ed jednotka HighEE pro VZT s AHU kitem 0-10V \u0159\u00edzen\u00ed v\u00fdkonu AC052\/100XN1 R32 230V 5kW - KLIMAVEX GROUP - \u010cesko","isPartOf":{"@id":"https:\/\/klimavex.eu\/cz\/#website"},"primaryImageOfPage":{"@id":"https:\/\/klimavex.eu\/cz\/katalog\/samsung-ac052bxapkg-eu-highee-kondenzacni-jednotka-pro-vzt-s-ahu-kitem\/#primaryimage"},"image":{"@id":"https:\/\/klimavex.eu\/cz\/katalog\/samsung-ac052bxapkg-eu-highee-kondenzacni-jednotka-pro-vzt-s-ahu-kitem\/#primaryimage"},"thumbnailUrl":"https:\/\/klimavex.eu\/cz\/wp-content\/uploads\/2025\/09\/fEznw8wEovzKR9eXbgMD-lY8rn5u0N6LBGTNt295Zk.jpeg","datePublished":"2026-04-30T20:49:06+00:00","dateModified":"2026-04-30T20:49:21+00:00","breadcrumb":{"@id":"https:\/\/klimavex.eu\/cz\/katalog\/samsung-ac052bxapkg-eu-highee-kondenzacni-jednotka-pro-vzt-s-ahu-kitem\/#breadcrumb"},"inLanguage":"cs","potentialAction":[{"@type":"ReadAction","target":["https:\/\/klimavex.eu\/cz\/katalog\/samsung-ac052bxapkg-eu-highee-kondenzacni-jednotka-pro-vzt-s-ahu-kitem\/"]}]},{"@type":"ImageObject","inLanguage":"cs","@id":"https:\/\/klimavex.eu\/cz\/katalog\/samsung-ac052bxapkg-eu-highee-kondenzacni-jednotka-pro-vzt-s-ahu-kitem\/#primaryimage","url":"https:\/\/klimavex.eu\/cz\/wp-content\/uploads\/2025\/09\/fEznw8wEovzKR9eXbgMD-lY8rn5u0N6LBGTNt295Zk.jpeg","contentUrl":"https:\/\/klimavex.eu\/cz\/wp-content\/uploads\/2025\/09\/fEznw8wEovzKR9eXbgMD-lY8rn5u0N6LBGTNt295Zk.jpeg","width":768,"height":512},{"@type":"BreadcrumbList","@id":"https:\/\/klimavex.eu\/cz\/katalog\/samsung-ac052bxapkg-eu-highee-kondenzacni-jednotka-pro-vzt-s-ahu-kitem\/#breadcrumb","itemListElement":[{"@type":"ListItem","position":1,"name":"Domovsk\u00e1 str\u00e1nka","item":"https:\/\/klimavex.eu\/cz\/"},{"@type":"ListItem","position":2,"name":"Eshop","item":"https:\/\/klimavex.eu\/cz\/eshop\/"},{"@type":"ListItem","position":3,"name":"Samsung AC052BXAPKG\/EU HighEE kondenza\u010dn\u00ed jednotka pro VZT s AHU-kitem"}]},{"@type":"WebSite","@id":"https:\/\/klimavex.eu\/cz\/#website","url":"https:\/\/klimavex.eu\/cz\/","name":"KLIMAVEX GROUP - \u010cesko","description":"","publisher":{"@id":"https:\/\/klimavex.eu\/cz\/#organization"},"alternateName":"KLIMAVEX CZ a.s.","potentialAction":[{"@type":"SearchAction","target":{"@type":"EntryPoint","urlTemplate":"https:\/\/klimavex.eu\/cz\/?s={search_term_string}"},"query-input":{"@type":"PropertyValueSpecification","valueRequired":true,"valueName":"search_term_string"}}],"inLanguage":"cs"},{"@type":"Organization","@id":"https:\/\/klimavex.eu\/cz\/#organization","name":"KLIMAVEX GROUP","alternateName":"KLIMAVEX","url":"https:\/\/klimavex.eu\/cz\/","logo":{"@type":"ImageObject","inLanguage":"cs","@id":"https:\/\/klimavex.eu\/cz\/#\/schema\/logo\/image\/","url":"https:\/\/klimavex.eu\/cz\/wp-content\/uploads\/2024\/04\/Klimavex-Group-logo.png","contentUrl":"https:\/\/klimavex.eu\/cz\/wp-content\/uploads\/2024\/04\/Klimavex-Group-logo.png","width":1681,"height":472,"caption":"KLIMAVEX GROUP"},"image":{"@id":"https:\/\/klimavex.eu\/cz\/#\/schema\/logo\/image\/"},"sameAs":["https:\/\/www.facebook.com\/klimavex.cz","https:\/\/www.instagram.com\/klimavex_cz\/"]}]}},"_links":{"self":[{"href":"https:\/\/klimavex.eu\/cz\/wp-json\/wp\/v2\/product\/542392","targetHints":{"allow":["GET"]}}],"collection":[{"href":"https:\/\/klimavex.eu\/cz\/wp-json\/wp\/v2\/product"}],"about":[{"href":"https:\/\/klimavex.eu\/cz\/wp-json\/wp\/v2\/types\/product"}],"version-history":[{"count":0,"href":"https:\/\/klimavex.eu\/cz\/wp-json\/wp\/v2\/product\/542392\/revisions"}],"wp:featuredmedia":[{"embeddable":true,"href":"https:\/\/klimavex.eu\/cz\/wp-json\/wp\/v2\/media\/546131"}],"wp:attachment":[{"href":"https:\/\/klimavex.eu\/cz\/wp-json\/wp\/v2\/media?parent=542392"}],"wp:term":[{"taxonomy":"product_cat","embeddable":true,"href":"https:\/\/klimavex.eu\/cz\/wp-json\/wp\/v2\/product_cat?post=542392"},{"taxonomy":"product_tag","embeddable":true,"href":"https:\/\/klimavex.eu\/cz\/wp-json\/wp\/v2\/product_tag?post=542392"}],"curies":[{"name":"wp","href":"https:\/\/api.w.org\/{rel}","templated":true}]}}