{"id":542399,"date":"2026-04-27T22:49:05","date_gmt":"2026-04-27T20:49:05","guid":{"rendered":"https:\/\/klimavex.eu\/cz\/katalog\/hyundai-vrf-venkovni-jednotka-mini-r32-hv8mo-m160c-3ph-r3\/"},"modified":"2026-04-27T22:49:23","modified_gmt":"2026-04-27T20:49:23","slug":"klimatizace-hyundai-vrf-venkovni-mini-hv8mo-m160c-r32-400v-16kw","status":"publish","type":"product","link":"https:\/\/klimavex.eu\/cz\/katalog\/klimatizace-hyundai-vrf-venkovni-mini-hv8mo-m160c-r32-400v-16kw\/","title":{"rendered":"Klimatizace Hyundai VRF venkovn\u00ed mini HV8MO M160C R32 400V 16kW"},"content":{"rendered":"<p style=\"text-align: justify;\"><strong>Kl&iacute;\u010dov&eacute; vlastnosti<\/strong><\/p>\n<ul>\n<li style=\"text-align: justify;\">Vysok&aacute; &uacute;\u010dinnost (DC inverter kompresor a DC motory)<\/li>\n<li style=\"text-align: justify;\">Chlazen&iacute; a\u017e do +52 &deg;C venkovn&iacute; teploty<\/li>\n<li style=\"text-align: justify;\">Vyt&aacute;p\u011bn&iacute; a\u017e do -20 &deg;C venkovn&iacute; teploty<\/li>\n<li style=\"text-align: justify;\">Ekologick&eacute; chladivo R32<\/li>\n<li style=\"text-align: justify;\">\u0158&iacute;zen&iacute; hladiny oleje<\/li>\n<li style=\"text-align: justify;\">Dynamick&yacute; teplotn&iacute; management<\/li>\n<li style=\"text-align: justify;\">Inteligentn&iacute; odmrazov&aacute;n&iacute;<\/li>\n<li style=\"text-align: justify;\">A\u017e 13 zabudovan&yacute;ch sn&iacute;ma\u010d\u016f venkovn&iacute; jednotky<\/li>\n<li style=\"text-align: justify;\">Tich&yacute; re\u017eim<\/li>\n<li style=\"text-align: justify;\">Snadn&aacute; a rychl&aacute; instalace<\/li>\n<li style=\"text-align: justify;\">Dlouh&eacute; propojovac&iacute; potrub&iacute;<\/li>\n<li style=\"text-align: justify;\">Automatick&eacute; adresov&aacute;n&iacute; vnit\u0159n&iacute;ch jednotek<\/li>\n<li style=\"text-align: justify;\">Z&aacute;ruka 3 roky<\/li>\n<\/ul>\n","protected":false},"excerpt":{"rendered":"<p style=\"text-align: justify;\">Model <strong>VRF Hyundai HV8MO<\/strong> je mini VRF venkovn&iacute; jednotka, kter&aacute; je ide&aacute;ln&iacute; volbou pro efektivn&iacute; a&nbsp;ekologick&eacute; <strong>chlazen&iacute;\/vyt&aacute;p\u011bn&iacute; <\/strong>prostor, jako jsou <strong>byty, kancel&aacute;\u0159e \u010di men&scaron;&iacute; komer\u010dn&iacute; prostory<\/strong>, kde se na jednu venkovn&iacute; jednotku m\u016f\u017ee <strong>p\u0159ipojit a\u017e 12 vnit\u0159n&iacute;ch jednotek<\/strong>. Syst&eacute;m se vyzna\u010duje kompaktn&iacute;mi rozm\u011bry a &scaron;irokou &scaron;k&aacute;lou funkc&iacute; pro maxim&aacute;ln&iacute; komfort a &uacute;sporu energie. Vyu\u017e&iacute;v&aacute; ekologick&eacute; <strong>chladivo R32<\/strong> s n&iacute;zk&yacute;m potenci&aacute;lem glob&aacute;ln&iacute;ho oteplov&aacute;n&iacute; a inteligentn&iacute; \u0159&iacute;zen&iacute; s dynamick&yacute;m teplotn&iacute;m managementem, kter&yacute; automaticky upravuje teplotu chladiva dle aktu&aacute;ln&iacute; pot\u0159eby a zaji&scaron;\u0165uje tak optim&aacute;ln&iacute; teplotn&iacute; pohodu. <strong>Vysokou &uacute;\u010dinnost a tich&yacute; provoz<\/strong> zaji&scaron;\u0165uje DC inverter kompresor a DC motor ventil&aacute;toru. <strong>Instalace <\/strong>syst&eacute;mu je <strong>snadn&aacute; a rychl&aacute;<\/strong> d&iacute;ky automatick&eacute;mu adresov&aacute;n&iacute; vnit\u0159n&iacute;ch jednotek.<\/p>\n","protected":false},"featured_media":546150,"template":"","meta":[],"product_cat":[14114,14115,14116,14287,14318,14113],"product_tag":[],"class_list":{"0":"post-542399","1":"product","2":"type-product","3":"status-publish","4":"has-post-thumbnail","6":"product_cat-venkovni-jednotky-vrf","7":"product_cat-hyundai-vrf-systemy","8":"product_cat-venkovni-jednotky-hyundai-vrf-systemy","9":"product_cat-hv8mo-mini-vrf-r32","10":"product_cat-hv8mo-mini-vrf-r32-venkovni-jednotky-vrf","11":"product_cat-vrf","12":"pa_chlad-do-von-tep-c-do-15-c","13":"pa_chladici-vykon-14118","14":"pa_napajeni-3f-400v","15":"pa_prikon-chlazeni-14119","16":"pa_prikon-vytapeni-14117","17":"pa_provedeni-vrf-venkovni-mini","18":"pa_topny-vykon-12021","19":"pa_typ-chladiva-r32","20":"pa_vyk-do-von-tepl-c-do-20-c","21":"pa_vykonovy-model-12118","22":"pa_znacka-hyundai","24":"first","25":"instock","26":"taxable","27":"shipping-taxable","28":"purchasable","29":"product-type-simple"},"yoast_head":"<!-- This site is optimized with the Yoast SEO plugin v23.9 - https:\/\/yoast.com\/wordpress\/plugins\/seo\/ -->\n<title>Klimatizace Hyundai VRF venkovn\u00ed mini HV8MO M160C R32 400V 16kW - KLIMAVEX GROUP - \u010cesko<\/title>\n<meta name=\"robots\" content=\"index, follow, max-snippet:-1, max-image-preview:large, max-video-preview:-1\" \/>\n<link rel=\"canonical\" href=\"https:\/\/klimavex.eu\/cz\/katalog\/hyundai-vrf-venkovni-jednotka-mini-r32-hv8mo-m160c-3ph-r3\/\" \/>\n<meta property=\"og:locale\" content=\"cs_CZ\" \/>\n<meta property=\"og:type\" content=\"article\" \/>\n<meta property=\"og:title\" content=\"Klimatizace Hyundai VRF venkovn\u00ed mini HV8MO M160C R32 400V 16kW - KLIMAVEX GROUP - \u010cesko\" \/>\n<meta property=\"og:description\" content=\"Model VRF Hyundai HV8MO je mini VRF venkovn&iacute; jednotka, kter&aacute; je ide&aacute;ln&iacute; volbou pro efektivn&iacute; a&nbsp;ekologick&eacute; chlazen&iacute;\/vyt&aacute;p\u011bn&iacute; prostor, jako jsou byty, kancel&aacute;\u0159e \u010di men&scaron;&iacute; komer\u010dn&iacute; prostory, kde se na jednu venkovn&iacute; jednotku m\u016f\u017ee p\u0159ipojit a\u017e 12 vnit\u0159n&iacute;ch jednotek. Syst&eacute;m se vyzna\u010duje kompaktn&iacute;mi rozm\u011bry a &scaron;irokou &scaron;k&aacute;lou funkc&iacute; pro maxim&aacute;ln&iacute; komfort a &uacute;sporu energie. Vyu\u017e&iacute;v&aacute; ekologick&eacute; chladivo R32 s n&iacute;zk&yacute;m potenci&aacute;lem glob&aacute;ln&iacute;ho oteplov&aacute;n&iacute; a inteligentn&iacute; \u0159&iacute;zen&iacute; s dynamick&yacute;m teplotn&iacute;m managementem, kter&yacute; automaticky upravuje teplotu chladiva dle aktu&aacute;ln&iacute; pot\u0159eby a zaji&scaron;\u0165uje tak optim&aacute;ln&iacute; teplotn&iacute; pohodu. Vysokou &uacute;\u010dinnost a tich&yacute; provoz zaji&scaron;\u0165uje DC inverter kompresor a DC motor ventil&aacute;toru. Instalace syst&eacute;mu je snadn&aacute; a rychl&aacute; d&iacute;ky automatick&eacute;mu adresov&aacute;n&iacute; vnit\u0159n&iacute;ch jednotek.\" \/>\n<meta property=\"og:url\" content=\"https:\/\/klimavex.eu\/cz\/katalog\/hyundai-vrf-venkovni-jednotka-mini-r32-hv8mo-m160c-3ph-r3\/\" \/>\n<meta property=\"og:site_name\" content=\"KLIMAVEX GROUP - \u010cesko\" \/>\n<meta property=\"article:publisher\" content=\"https:\/\/www.facebook.com\/klimavex.cz\" \/>\n<meta property=\"article:modified_time\" content=\"2026-04-27T20:49:23+00:00\" \/>\n<meta property=\"og:image\" content=\"https:\/\/klimavex.eu\/cz\/wp-content\/uploads\/2025\/09\/oGAH41S8dACo5wDKYsJnO-AXwwyTJUlrFoU6yPvlPd8-1.png\" \/>\n\t<meta property=\"og:image:width\" content=\"589\" \/>\n\t<meta property=\"og:image:height\" content=\"512\" \/>\n\t<meta property=\"og:image:type\" content=\"image\/png\" \/>\n<meta name=\"twitter:card\" content=\"summary_large_image\" \/>\n<script type=\"application\/ld+json\" class=\"yoast-schema-graph\">{\"@context\":\"https:\/\/schema.org\",\"@graph\":[{\"@type\":\"WebPage\",\"@id\":\"https:\/\/klimavex.eu\/cz\/katalog\/hyundai-vrf-venkovni-jednotka-mini-r32-hv8mo-m160c-3ph-r3\/\",\"url\":\"https:\/\/klimavex.eu\/cz\/katalog\/hyundai-vrf-venkovni-jednotka-mini-r32-hv8mo-m160c-3ph-r3\/\",\"name\":\"Klimatizace Hyundai VRF venkovn\u00ed mini HV8MO M160C R32 400V 16kW - KLIMAVEX GROUP - \u010cesko\",\"isPartOf\":{\"@id\":\"https:\/\/klimavex.eu\/cz\/#website\"},\"primaryImageOfPage\":{\"@id\":\"https:\/\/klimavex.eu\/cz\/katalog\/hyundai-vrf-venkovni-jednotka-mini-r32-hv8mo-m160c-3ph-r3\/#primaryimage\"},\"image\":{\"@id\":\"https:\/\/klimavex.eu\/cz\/katalog\/hyundai-vrf-venkovni-jednotka-mini-r32-hv8mo-m160c-3ph-r3\/#primaryimage\"},\"thumbnailUrl\":\"https:\/\/klimavex.eu\/cz\/wp-content\/uploads\/2025\/09\/oGAH41S8dACo5wDKYsJnO-AXwwyTJUlrFoU6yPvlPd8-1.png\",\"datePublished\":\"2026-04-27T20:49:05+00:00\",\"dateModified\":\"2026-04-27T20:49:23+00:00\",\"breadcrumb\":{\"@id\":\"https:\/\/klimavex.eu\/cz\/katalog\/hyundai-vrf-venkovni-jednotka-mini-r32-hv8mo-m160c-3ph-r3\/#breadcrumb\"},\"inLanguage\":\"cs\",\"potentialAction\":[{\"@type\":\"ReadAction\",\"target\":[\"https:\/\/klimavex.eu\/cz\/katalog\/hyundai-vrf-venkovni-jednotka-mini-r32-hv8mo-m160c-3ph-r3\/\"]}]},{\"@type\":\"ImageObject\",\"inLanguage\":\"cs\",\"@id\":\"https:\/\/klimavex.eu\/cz\/katalog\/hyundai-vrf-venkovni-jednotka-mini-r32-hv8mo-m160c-3ph-r3\/#primaryimage\",\"url\":\"https:\/\/klimavex.eu\/cz\/wp-content\/uploads\/2025\/09\/oGAH41S8dACo5wDKYsJnO-AXwwyTJUlrFoU6yPvlPd8-1.png\",\"contentUrl\":\"https:\/\/klimavex.eu\/cz\/wp-content\/uploads\/2025\/09\/oGAH41S8dACo5wDKYsJnO-AXwwyTJUlrFoU6yPvlPd8-1.png\",\"width\":589,\"height\":512},{\"@type\":\"BreadcrumbList\",\"@id\":\"https:\/\/klimavex.eu\/cz\/katalog\/hyundai-vrf-venkovni-jednotka-mini-r32-hv8mo-m160c-3ph-r3\/#breadcrumb\",\"itemListElement\":[{\"@type\":\"ListItem\",\"position\":1,\"name\":\"Domovsk\u00e1 str\u00e1nka\",\"item\":\"https:\/\/klimavex.eu\/cz\/\"},{\"@type\":\"ListItem\",\"position\":2,\"name\":\"Eshop\",\"item\":\"https:\/\/klimavex.eu\/cz\/eshop\/\"},{\"@type\":\"ListItem\",\"position\":3,\"name\":\"Hyundai VRF venkovn\u00ed jednotka Mini R32 HV8MO-M160C-3PH-R3\"}]},{\"@type\":\"WebSite\",\"@id\":\"https:\/\/klimavex.eu\/cz\/#website\",\"url\":\"https:\/\/klimavex.eu\/cz\/\",\"name\":\"KLIMAVEX GROUP - \u010cesko\",\"description\":\"\",\"publisher\":{\"@id\":\"https:\/\/klimavex.eu\/cz\/#organization\"},\"alternateName\":\"KLIMAVEX CZ a.s.\",\"potentialAction\":[{\"@type\":\"SearchAction\",\"target\":{\"@type\":\"EntryPoint\",\"urlTemplate\":\"https:\/\/klimavex.eu\/cz\/?s={search_term_string}\"},\"query-input\":{\"@type\":\"PropertyValueSpecification\",\"valueRequired\":true,\"valueName\":\"search_term_string\"}}],\"inLanguage\":\"cs\"},{\"@type\":\"Organization\",\"@id\":\"https:\/\/klimavex.eu\/cz\/#organization\",\"name\":\"KLIMAVEX GROUP\",\"alternateName\":\"KLIMAVEX\",\"url\":\"https:\/\/klimavex.eu\/cz\/\",\"logo\":{\"@type\":\"ImageObject\",\"inLanguage\":\"cs\",\"@id\":\"https:\/\/klimavex.eu\/cz\/#\/schema\/logo\/image\/\",\"url\":\"https:\/\/klimavex.eu\/cz\/wp-content\/uploads\/2024\/04\/Klimavex-Group-logo.png\",\"contentUrl\":\"https:\/\/klimavex.eu\/cz\/wp-content\/uploads\/2024\/04\/Klimavex-Group-logo.png\",\"width\":1681,\"height\":472,\"caption\":\"KLIMAVEX GROUP\"},\"image\":{\"@id\":\"https:\/\/klimavex.eu\/cz\/#\/schema\/logo\/image\/\"},\"sameAs\":[\"https:\/\/www.facebook.com\/klimavex.cz\",\"https:\/\/www.instagram.com\/klimavex_cz\/\"]}]}<\/script>\n<!-- \/ Yoast SEO plugin. -->","yoast_head_json":{"title":"Klimatizace Hyundai VRF venkovn\u00ed mini HV8MO M160C R32 400V 16kW - KLIMAVEX GROUP - \u010cesko","robots":{"index":"index","follow":"follow","max-snippet":"max-snippet:-1","max-image-preview":"max-image-preview:large","max-video-preview":"max-video-preview:-1"},"canonical":"https:\/\/klimavex.eu\/cz\/katalog\/hyundai-vrf-venkovni-jednotka-mini-r32-hv8mo-m160c-3ph-r3\/","og_locale":"cs_CZ","og_type":"article","og_title":"Klimatizace Hyundai VRF venkovn\u00ed mini HV8MO M160C R32 400V 16kW - KLIMAVEX GROUP - \u010cesko","og_description":"Model VRF Hyundai HV8MO je mini VRF venkovn&iacute; jednotka, kter&aacute; je ide&aacute;ln&iacute; volbou pro efektivn&iacute; a&nbsp;ekologick&eacute; chlazen&iacute;\/vyt&aacute;p\u011bn&iacute; prostor, jako jsou byty, kancel&aacute;\u0159e \u010di men&scaron;&iacute; komer\u010dn&iacute; prostory, kde se na jednu venkovn&iacute; jednotku m\u016f\u017ee p\u0159ipojit a\u017e 12 vnit\u0159n&iacute;ch jednotek. Syst&eacute;m se vyzna\u010duje kompaktn&iacute;mi rozm\u011bry a &scaron;irokou &scaron;k&aacute;lou funkc&iacute; pro maxim&aacute;ln&iacute; komfort a &uacute;sporu energie. Vyu\u017e&iacute;v&aacute; ekologick&eacute; chladivo R32 s n&iacute;zk&yacute;m potenci&aacute;lem glob&aacute;ln&iacute;ho oteplov&aacute;n&iacute; a inteligentn&iacute; \u0159&iacute;zen&iacute; s dynamick&yacute;m teplotn&iacute;m managementem, kter&yacute; automaticky upravuje teplotu chladiva dle aktu&aacute;ln&iacute; pot\u0159eby a zaji&scaron;\u0165uje tak optim&aacute;ln&iacute; teplotn&iacute; pohodu. Vysokou &uacute;\u010dinnost a tich&yacute; provoz zaji&scaron;\u0165uje DC inverter kompresor a DC motor ventil&aacute;toru. Instalace syst&eacute;mu je snadn&aacute; a rychl&aacute; d&iacute;ky automatick&eacute;mu adresov&aacute;n&iacute; vnit\u0159n&iacute;ch jednotek.","og_url":"https:\/\/klimavex.eu\/cz\/katalog\/hyundai-vrf-venkovni-jednotka-mini-r32-hv8mo-m160c-3ph-r3\/","og_site_name":"KLIMAVEX GROUP - \u010cesko","article_publisher":"https:\/\/www.facebook.com\/klimavex.cz","article_modified_time":"2026-04-27T20:49:23+00:00","og_image":[{"width":589,"height":512,"url":"https:\/\/klimavex.eu\/cz\/wp-content\/uploads\/2025\/09\/oGAH41S8dACo5wDKYsJnO-AXwwyTJUlrFoU6yPvlPd8-1.png","type":"image\/png"}],"twitter_card":"summary_large_image","schema":{"@context":"https:\/\/schema.org","@graph":[{"@type":"WebPage","@id":"https:\/\/klimavex.eu\/cz\/katalog\/hyundai-vrf-venkovni-jednotka-mini-r32-hv8mo-m160c-3ph-r3\/","url":"https:\/\/klimavex.eu\/cz\/katalog\/hyundai-vrf-venkovni-jednotka-mini-r32-hv8mo-m160c-3ph-r3\/","name":"Klimatizace Hyundai VRF venkovn\u00ed mini HV8MO M160C R32 400V 16kW - KLIMAVEX GROUP - \u010cesko","isPartOf":{"@id":"https:\/\/klimavex.eu\/cz\/#website"},"primaryImageOfPage":{"@id":"https:\/\/klimavex.eu\/cz\/katalog\/hyundai-vrf-venkovni-jednotka-mini-r32-hv8mo-m160c-3ph-r3\/#primaryimage"},"image":{"@id":"https:\/\/klimavex.eu\/cz\/katalog\/hyundai-vrf-venkovni-jednotka-mini-r32-hv8mo-m160c-3ph-r3\/#primaryimage"},"thumbnailUrl":"https:\/\/klimavex.eu\/cz\/wp-content\/uploads\/2025\/09\/oGAH41S8dACo5wDKYsJnO-AXwwyTJUlrFoU6yPvlPd8-1.png","datePublished":"2026-04-27T20:49:05+00:00","dateModified":"2026-04-27T20:49:23+00:00","breadcrumb":{"@id":"https:\/\/klimavex.eu\/cz\/katalog\/hyundai-vrf-venkovni-jednotka-mini-r32-hv8mo-m160c-3ph-r3\/#breadcrumb"},"inLanguage":"cs","potentialAction":[{"@type":"ReadAction","target":["https:\/\/klimavex.eu\/cz\/katalog\/hyundai-vrf-venkovni-jednotka-mini-r32-hv8mo-m160c-3ph-r3\/"]}]},{"@type":"ImageObject","inLanguage":"cs","@id":"https:\/\/klimavex.eu\/cz\/katalog\/hyundai-vrf-venkovni-jednotka-mini-r32-hv8mo-m160c-3ph-r3\/#primaryimage","url":"https:\/\/klimavex.eu\/cz\/wp-content\/uploads\/2025\/09\/oGAH41S8dACo5wDKYsJnO-AXwwyTJUlrFoU6yPvlPd8-1.png","contentUrl":"https:\/\/klimavex.eu\/cz\/wp-content\/uploads\/2025\/09\/oGAH41S8dACo5wDKYsJnO-AXwwyTJUlrFoU6yPvlPd8-1.png","width":589,"height":512},{"@type":"BreadcrumbList","@id":"https:\/\/klimavex.eu\/cz\/katalog\/hyundai-vrf-venkovni-jednotka-mini-r32-hv8mo-m160c-3ph-r3\/#breadcrumb","itemListElement":[{"@type":"ListItem","position":1,"name":"Domovsk\u00e1 str\u00e1nka","item":"https:\/\/klimavex.eu\/cz\/"},{"@type":"ListItem","position":2,"name":"Eshop","item":"https:\/\/klimavex.eu\/cz\/eshop\/"},{"@type":"ListItem","position":3,"name":"Hyundai VRF venkovn\u00ed jednotka Mini R32 HV8MO-M160C-3PH-R3"}]},{"@type":"WebSite","@id":"https:\/\/klimavex.eu\/cz\/#website","url":"https:\/\/klimavex.eu\/cz\/","name":"KLIMAVEX GROUP - \u010cesko","description":"","publisher":{"@id":"https:\/\/klimavex.eu\/cz\/#organization"},"alternateName":"KLIMAVEX CZ a.s.","potentialAction":[{"@type":"SearchAction","target":{"@type":"EntryPoint","urlTemplate":"https:\/\/klimavex.eu\/cz\/?s={search_term_string}"},"query-input":{"@type":"PropertyValueSpecification","valueRequired":true,"valueName":"search_term_string"}}],"inLanguage":"cs"},{"@type":"Organization","@id":"https:\/\/klimavex.eu\/cz\/#organization","name":"KLIMAVEX GROUP","alternateName":"KLIMAVEX","url":"https:\/\/klimavex.eu\/cz\/","logo":{"@type":"ImageObject","inLanguage":"cs","@id":"https:\/\/klimavex.eu\/cz\/#\/schema\/logo\/image\/","url":"https:\/\/klimavex.eu\/cz\/wp-content\/uploads\/2024\/04\/Klimavex-Group-logo.png","contentUrl":"https:\/\/klimavex.eu\/cz\/wp-content\/uploads\/2024\/04\/Klimavex-Group-logo.png","width":1681,"height":472,"caption":"KLIMAVEX GROUP"},"image":{"@id":"https:\/\/klimavex.eu\/cz\/#\/schema\/logo\/image\/"},"sameAs":["https:\/\/www.facebook.com\/klimavex.cz","https:\/\/www.instagram.com\/klimavex_cz\/"]}]}},"_links":{"self":[{"href":"https:\/\/klimavex.eu\/cz\/wp-json\/wp\/v2\/product\/542399","targetHints":{"allow":["GET"]}}],"collection":[{"href":"https:\/\/klimavex.eu\/cz\/wp-json\/wp\/v2\/product"}],"about":[{"href":"https:\/\/klimavex.eu\/cz\/wp-json\/wp\/v2\/types\/product"}],"version-history":[{"count":0,"href":"https:\/\/klimavex.eu\/cz\/wp-json\/wp\/v2\/product\/542399\/revisions"}],"wp:featuredmedia":[{"embeddable":true,"href":"https:\/\/klimavex.eu\/cz\/wp-json\/wp\/v2\/media\/546150"}],"wp:attachment":[{"href":"https:\/\/klimavex.eu\/cz\/wp-json\/wp\/v2\/media?parent=542399"}],"wp:term":[{"taxonomy":"product_cat","embeddable":true,"href":"https:\/\/klimavex.eu\/cz\/wp-json\/wp\/v2\/product_cat?post=542399"},{"taxonomy":"product_tag","embeddable":true,"href":"https:\/\/klimavex.eu\/cz\/wp-json\/wp\/v2\/product_tag?post=542399"}],"curies":[{"name":"wp","href":"https:\/\/api.w.org\/{rel}","templated":true}]}}