{"id":542413,"date":"2026-03-31T18:10:30","date_gmt":"2026-03-31T16:10:30","guid":{"rendered":"https:\/\/klimavex.eu\/cz\/katalog\/giwee-potrubni-jednotka-vysokotlaka-vrf-cmv-v280th-hr1-b\/"},"modified":"2026-03-31T18:10:57","modified_gmt":"2026-03-31T16:10:57","slug":"klimatizace-giwee-vrf-vnitrni-potrubni-vysokotlaka-v280th-28kw","status":"publish","type":"product","link":"https:\/\/klimavex.eu\/cz\/katalog\/klimatizace-giwee-vrf-vnitrni-potrubni-vysokotlaka-v280th-28kw\/","title":{"rendered":"Klimatizace Giwee VRF vnit\u0159n\u00ed potrubn\u00ed vysokotlak\u00e1 V280TH 28kW"},"content":{"rendered":"","protected":false},"excerpt":{"rendered":"<p>Qch=28,0kW, Qv=30,8kW, kabelov\u00e9 ovl\u00e1d\u00e1n\u00ed, AC motor, ESP=150Pa.<\/p>\n","protected":false},"featured_media":546183,"template":"","meta":[],"product_cat":[7717,7716,7726],"product_tag":[],"class_list":{"0":"post-542413","1":"product","2":"type-product","3":"status-publish","4":"has-post-thumbnail","6":"product_cat-vnitrni-jednotky-giwee","7":"product_cat-giwee","8":"product_cat-potrubni-vysokotlake","9":"pa_napajeni-1f-230v","10":"pa_provedeni-vrf-potrubni-vysokotlaka","11":"pa_typ-chladiva-r410a","12":"pa_znacka-giwee","14":"first","15":"instock","16":"taxable","17":"shipping-taxable","18":"purchasable","19":"product-type-simple"},"yoast_head":"<!-- This site is optimized with the Yoast SEO plugin v23.9 - https:\/\/yoast.com\/wordpress\/plugins\/seo\/ -->\n<title>Klimatizace Giwee VRF vnit\u0159n\u00ed potrubn\u00ed vysokotlak\u00e1 V280TH 28kW - KLIMAVEX GROUP - \u010cesko<\/title>\n<meta name=\"robots\" content=\"index, follow, max-snippet:-1, max-image-preview:large, max-video-preview:-1\" \/>\n<link rel=\"canonical\" href=\"https:\/\/klimavex.eu\/cz\/katalog\/giwee-potrubni-jednotka-vysokotlaka-vrf-cmv-v280th-hr1-b\/\" \/>\n<meta property=\"og:locale\" content=\"cs_CZ\" \/>\n<meta property=\"og:type\" content=\"article\" \/>\n<meta property=\"og:title\" content=\"Klimatizace Giwee VRF vnit\u0159n\u00ed potrubn\u00ed vysokotlak\u00e1 V280TH 28kW - KLIMAVEX GROUP - \u010cesko\" \/>\n<meta property=\"og:description\" content=\"Qch=28,0kW, Qv=30,8kW, kabelov\u00e9 ovl\u00e1d\u00e1n\u00ed, AC motor, ESP=150Pa.\" \/>\n<meta property=\"og:url\" content=\"https:\/\/klimavex.eu\/cz\/katalog\/giwee-potrubni-jednotka-vysokotlaka-vrf-cmv-v280th-hr1-b\/\" \/>\n<meta property=\"og:site_name\" content=\"KLIMAVEX GROUP - \u010cesko\" \/>\n<meta property=\"article:publisher\" content=\"https:\/\/www.facebook.com\/klimavex.cz\" \/>\n<meta property=\"article:modified_time\" content=\"2026-03-31T16:10:57+00:00\" \/>\n<meta property=\"og:image\" content=\"https:\/\/klimavex.eu\/cz\/wp-content\/uploads\/2025\/09\/GwgQanklD-tMz3FQegItiF8dICEJh5eE-nxWpAArO0.jpeg\" \/>\n\t<meta property=\"og:image:width\" content=\"1077\" \/>\n\t<meta property=\"og:image:height\" content=\"512\" \/>\n\t<meta property=\"og:image:type\" content=\"image\/jpeg\" \/>\n<meta name=\"twitter:card\" content=\"summary_large_image\" \/>\n<script type=\"application\/ld+json\" class=\"yoast-schema-graph\">{\"@context\":\"https:\/\/schema.org\",\"@graph\":[{\"@type\":\"WebPage\",\"@id\":\"https:\/\/klimavex.eu\/cz\/katalog\/giwee-potrubni-jednotka-vysokotlaka-vrf-cmv-v280th-hr1-b\/\",\"url\":\"https:\/\/klimavex.eu\/cz\/katalog\/giwee-potrubni-jednotka-vysokotlaka-vrf-cmv-v280th-hr1-b\/\",\"name\":\"Klimatizace Giwee VRF vnit\u0159n\u00ed potrubn\u00ed vysokotlak\u00e1 V280TH 28kW - KLIMAVEX GROUP - \u010cesko\",\"isPartOf\":{\"@id\":\"https:\/\/klimavex.eu\/cz\/#website\"},\"primaryImageOfPage\":{\"@id\":\"https:\/\/klimavex.eu\/cz\/katalog\/giwee-potrubni-jednotka-vysokotlaka-vrf-cmv-v280th-hr1-b\/#primaryimage\"},\"image\":{\"@id\":\"https:\/\/klimavex.eu\/cz\/katalog\/giwee-potrubni-jednotka-vysokotlaka-vrf-cmv-v280th-hr1-b\/#primaryimage\"},\"thumbnailUrl\":\"https:\/\/klimavex.eu\/cz\/wp-content\/uploads\/2025\/09\/GwgQanklD-tMz3FQegItiF8dICEJh5eE-nxWpAArO0.jpeg\",\"datePublished\":\"2026-03-31T16:10:30+00:00\",\"dateModified\":\"2026-03-31T16:10:57+00:00\",\"breadcrumb\":{\"@id\":\"https:\/\/klimavex.eu\/cz\/katalog\/giwee-potrubni-jednotka-vysokotlaka-vrf-cmv-v280th-hr1-b\/#breadcrumb\"},\"inLanguage\":\"cs\",\"potentialAction\":[{\"@type\":\"ReadAction\",\"target\":[\"https:\/\/klimavex.eu\/cz\/katalog\/giwee-potrubni-jednotka-vysokotlaka-vrf-cmv-v280th-hr1-b\/\"]}]},{\"@type\":\"ImageObject\",\"inLanguage\":\"cs\",\"@id\":\"https:\/\/klimavex.eu\/cz\/katalog\/giwee-potrubni-jednotka-vysokotlaka-vrf-cmv-v280th-hr1-b\/#primaryimage\",\"url\":\"https:\/\/klimavex.eu\/cz\/wp-content\/uploads\/2025\/09\/GwgQanklD-tMz3FQegItiF8dICEJh5eE-nxWpAArO0.jpeg\",\"contentUrl\":\"https:\/\/klimavex.eu\/cz\/wp-content\/uploads\/2025\/09\/GwgQanklD-tMz3FQegItiF8dICEJh5eE-nxWpAArO0.jpeg\",\"width\":1077,\"height\":512},{\"@type\":\"BreadcrumbList\",\"@id\":\"https:\/\/klimavex.eu\/cz\/katalog\/giwee-potrubni-jednotka-vysokotlaka-vrf-cmv-v280th-hr1-b\/#breadcrumb\",\"itemListElement\":[{\"@type\":\"ListItem\",\"position\":1,\"name\":\"Domovsk\u00e1 str\u00e1nka\",\"item\":\"https:\/\/klimavex.eu\/cz\/\"},{\"@type\":\"ListItem\",\"position\":2,\"name\":\"Eshop\",\"item\":\"https:\/\/klimavex.eu\/cz\/eshop\/\"},{\"@type\":\"ListItem\",\"position\":3,\"name\":\"GIWEE Potrubn\u00ed jednotka vysokotlak\u00e1 VRF &#8211; CMV-V280TH\/HR1-B\"}]},{\"@type\":\"WebSite\",\"@id\":\"https:\/\/klimavex.eu\/cz\/#website\",\"url\":\"https:\/\/klimavex.eu\/cz\/\",\"name\":\"KLIMAVEX GROUP - \u010cesko\",\"description\":\"\",\"publisher\":{\"@id\":\"https:\/\/klimavex.eu\/cz\/#organization\"},\"alternateName\":\"KLIMAVEX CZ a.s.\",\"potentialAction\":[{\"@type\":\"SearchAction\",\"target\":{\"@type\":\"EntryPoint\",\"urlTemplate\":\"https:\/\/klimavex.eu\/cz\/?s={search_term_string}\"},\"query-input\":{\"@type\":\"PropertyValueSpecification\",\"valueRequired\":true,\"valueName\":\"search_term_string\"}}],\"inLanguage\":\"cs\"},{\"@type\":\"Organization\",\"@id\":\"https:\/\/klimavex.eu\/cz\/#organization\",\"name\":\"KLIMAVEX GROUP\",\"alternateName\":\"KLIMAVEX\",\"url\":\"https:\/\/klimavex.eu\/cz\/\",\"logo\":{\"@type\":\"ImageObject\",\"inLanguage\":\"cs\",\"@id\":\"https:\/\/klimavex.eu\/cz\/#\/schema\/logo\/image\/\",\"url\":\"https:\/\/klimavex.eu\/cz\/wp-content\/uploads\/2024\/04\/Klimavex-Group-logo.png\",\"contentUrl\":\"https:\/\/klimavex.eu\/cz\/wp-content\/uploads\/2024\/04\/Klimavex-Group-logo.png\",\"width\":1681,\"height\":472,\"caption\":\"KLIMAVEX GROUP\"},\"image\":{\"@id\":\"https:\/\/klimavex.eu\/cz\/#\/schema\/logo\/image\/\"},\"sameAs\":[\"https:\/\/www.facebook.com\/klimavex.cz\",\"https:\/\/www.instagram.com\/klimavex_cz\/\"]}]}<\/script>\n<!-- \/ Yoast SEO plugin. -->","yoast_head_json":{"title":"Klimatizace Giwee VRF vnit\u0159n\u00ed potrubn\u00ed vysokotlak\u00e1 V280TH 28kW - KLIMAVEX GROUP - \u010cesko","robots":{"index":"index","follow":"follow","max-snippet":"max-snippet:-1","max-image-preview":"max-image-preview:large","max-video-preview":"max-video-preview:-1"},"canonical":"https:\/\/klimavex.eu\/cz\/katalog\/giwee-potrubni-jednotka-vysokotlaka-vrf-cmv-v280th-hr1-b\/","og_locale":"cs_CZ","og_type":"article","og_title":"Klimatizace Giwee VRF vnit\u0159n\u00ed potrubn\u00ed vysokotlak\u00e1 V280TH 28kW - KLIMAVEX GROUP - \u010cesko","og_description":"Qch=28,0kW, Qv=30,8kW, kabelov\u00e9 ovl\u00e1d\u00e1n\u00ed, AC motor, ESP=150Pa.","og_url":"https:\/\/klimavex.eu\/cz\/katalog\/giwee-potrubni-jednotka-vysokotlaka-vrf-cmv-v280th-hr1-b\/","og_site_name":"KLIMAVEX GROUP - \u010cesko","article_publisher":"https:\/\/www.facebook.com\/klimavex.cz","article_modified_time":"2026-03-31T16:10:57+00:00","og_image":[{"width":1077,"height":512,"url":"https:\/\/klimavex.eu\/cz\/wp-content\/uploads\/2025\/09\/GwgQanklD-tMz3FQegItiF8dICEJh5eE-nxWpAArO0.jpeg","type":"image\/jpeg"}],"twitter_card":"summary_large_image","schema":{"@context":"https:\/\/schema.org","@graph":[{"@type":"WebPage","@id":"https:\/\/klimavex.eu\/cz\/katalog\/giwee-potrubni-jednotka-vysokotlaka-vrf-cmv-v280th-hr1-b\/","url":"https:\/\/klimavex.eu\/cz\/katalog\/giwee-potrubni-jednotka-vysokotlaka-vrf-cmv-v280th-hr1-b\/","name":"Klimatizace Giwee VRF vnit\u0159n\u00ed potrubn\u00ed vysokotlak\u00e1 V280TH 28kW - KLIMAVEX GROUP - \u010cesko","isPartOf":{"@id":"https:\/\/klimavex.eu\/cz\/#website"},"primaryImageOfPage":{"@id":"https:\/\/klimavex.eu\/cz\/katalog\/giwee-potrubni-jednotka-vysokotlaka-vrf-cmv-v280th-hr1-b\/#primaryimage"},"image":{"@id":"https:\/\/klimavex.eu\/cz\/katalog\/giwee-potrubni-jednotka-vysokotlaka-vrf-cmv-v280th-hr1-b\/#primaryimage"},"thumbnailUrl":"https:\/\/klimavex.eu\/cz\/wp-content\/uploads\/2025\/09\/GwgQanklD-tMz3FQegItiF8dICEJh5eE-nxWpAArO0.jpeg","datePublished":"2026-03-31T16:10:30+00:00","dateModified":"2026-03-31T16:10:57+00:00","breadcrumb":{"@id":"https:\/\/klimavex.eu\/cz\/katalog\/giwee-potrubni-jednotka-vysokotlaka-vrf-cmv-v280th-hr1-b\/#breadcrumb"},"inLanguage":"cs","potentialAction":[{"@type":"ReadAction","target":["https:\/\/klimavex.eu\/cz\/katalog\/giwee-potrubni-jednotka-vysokotlaka-vrf-cmv-v280th-hr1-b\/"]}]},{"@type":"ImageObject","inLanguage":"cs","@id":"https:\/\/klimavex.eu\/cz\/katalog\/giwee-potrubni-jednotka-vysokotlaka-vrf-cmv-v280th-hr1-b\/#primaryimage","url":"https:\/\/klimavex.eu\/cz\/wp-content\/uploads\/2025\/09\/GwgQanklD-tMz3FQegItiF8dICEJh5eE-nxWpAArO0.jpeg","contentUrl":"https:\/\/klimavex.eu\/cz\/wp-content\/uploads\/2025\/09\/GwgQanklD-tMz3FQegItiF8dICEJh5eE-nxWpAArO0.jpeg","width":1077,"height":512},{"@type":"BreadcrumbList","@id":"https:\/\/klimavex.eu\/cz\/katalog\/giwee-potrubni-jednotka-vysokotlaka-vrf-cmv-v280th-hr1-b\/#breadcrumb","itemListElement":[{"@type":"ListItem","position":1,"name":"Domovsk\u00e1 str\u00e1nka","item":"https:\/\/klimavex.eu\/cz\/"},{"@type":"ListItem","position":2,"name":"Eshop","item":"https:\/\/klimavex.eu\/cz\/eshop\/"},{"@type":"ListItem","position":3,"name":"GIWEE Potrubn\u00ed jednotka vysokotlak\u00e1 VRF &#8211; CMV-V280TH\/HR1-B"}]},{"@type":"WebSite","@id":"https:\/\/klimavex.eu\/cz\/#website","url":"https:\/\/klimavex.eu\/cz\/","name":"KLIMAVEX GROUP - \u010cesko","description":"","publisher":{"@id":"https:\/\/klimavex.eu\/cz\/#organization"},"alternateName":"KLIMAVEX CZ a.s.","potentialAction":[{"@type":"SearchAction","target":{"@type":"EntryPoint","urlTemplate":"https:\/\/klimavex.eu\/cz\/?s={search_term_string}"},"query-input":{"@type":"PropertyValueSpecification","valueRequired":true,"valueName":"search_term_string"}}],"inLanguage":"cs"},{"@type":"Organization","@id":"https:\/\/klimavex.eu\/cz\/#organization","name":"KLIMAVEX GROUP","alternateName":"KLIMAVEX","url":"https:\/\/klimavex.eu\/cz\/","logo":{"@type":"ImageObject","inLanguage":"cs","@id":"https:\/\/klimavex.eu\/cz\/#\/schema\/logo\/image\/","url":"https:\/\/klimavex.eu\/cz\/wp-content\/uploads\/2024\/04\/Klimavex-Group-logo.png","contentUrl":"https:\/\/klimavex.eu\/cz\/wp-content\/uploads\/2024\/04\/Klimavex-Group-logo.png","width":1681,"height":472,"caption":"KLIMAVEX GROUP"},"image":{"@id":"https:\/\/klimavex.eu\/cz\/#\/schema\/logo\/image\/"},"sameAs":["https:\/\/www.facebook.com\/klimavex.cz","https:\/\/www.instagram.com\/klimavex_cz\/"]}]}},"_links":{"self":[{"href":"https:\/\/klimavex.eu\/cz\/wp-json\/wp\/v2\/product\/542413","targetHints":{"allow":["GET"]}}],"collection":[{"href":"https:\/\/klimavex.eu\/cz\/wp-json\/wp\/v2\/product"}],"about":[{"href":"https:\/\/klimavex.eu\/cz\/wp-json\/wp\/v2\/types\/product"}],"version-history":[{"count":0,"href":"https:\/\/klimavex.eu\/cz\/wp-json\/wp\/v2\/product\/542413\/revisions"}],"wp:featuredmedia":[{"embeddable":true,"href":"https:\/\/klimavex.eu\/cz\/wp-json\/wp\/v2\/media\/546183"}],"wp:attachment":[{"href":"https:\/\/klimavex.eu\/cz\/wp-json\/wp\/v2\/media?parent=542413"}],"wp:term":[{"taxonomy":"product_cat","embeddable":true,"href":"https:\/\/klimavex.eu\/cz\/wp-json\/wp\/v2\/product_cat?post=542413"},{"taxonomy":"product_tag","embeddable":true,"href":"https:\/\/klimavex.eu\/cz\/wp-json\/wp\/v2\/product_tag?post=542413"}],"curies":[{"name":"wp","href":"https:\/\/api.w.org\/{rel}","templated":true}]}}