{"id":542500,"date":"2026-03-31T18:12:25","date_gmt":"2026-03-31T16:12:25","guid":{"rendered":"https:\/\/klimavex.eu\/cz\/katalog\/sitove-ovladani-pro-pocitac-chv-net-giwee-csp-d176-01p\/"},"modified":"2026-03-31T18:12:40","modified_gmt":"2026-03-31T16:12:40","slug":"prislusenstvi-giwee-sitovy-modul-chv-net-m-4x-gateway-vrf-csp-d176-01p","status":"publish","type":"product","link":"https:\/\/klimavex.eu\/cz\/katalog\/prislusenstvi-giwee-sitovy-modul-chv-net-m-4x-gateway-vrf-csp-d176-01p\/","title":{"rendered":"P\u0159\u00edslu\u0161enstv\u00ed Giwee s\u00ed\u0165ov\u00fd modul CHV NET M (4x gateway) (VRF) CSP-D176-01P"},"content":{"rendered":"","protected":false},"excerpt":{"rendered":"<p>S\u00ed\u0165ov\u00fd modul CHV NET M, zdroj, 4x gateway (max. 60 syst\u00e9m\u016f, max. 512 vnit\u0159n\u00edch jednotek).<\/p>\n","protected":false},"featured_media":0,"template":"","meta":[],"product_cat":[7727],"product_tag":[],"class_list":{"0":"post-542500","1":"product","2":"type-product","3":"status-publish","5":"product_cat-prislusenstvi-giwee","6":"pa_znacka-giwee","8":"first","9":"instock","10":"taxable","11":"shipping-taxable","12":"purchasable","13":"product-type-simple"},"yoast_head":"<!-- This site is optimized with the Yoast SEO plugin v23.9 - https:\/\/yoast.com\/wordpress\/plugins\/seo\/ -->\n<title>P\u0159\u00edslu\u0161enstv\u00ed Giwee s\u00ed\u0165ov\u00fd modul CHV NET M (4x gateway) (VRF) CSP-D176-01P - KLIMAVEX GROUP - \u010cesko<\/title>\n<meta name=\"robots\" content=\"index, follow, max-snippet:-1, max-image-preview:large, max-video-preview:-1\" \/>\n<link rel=\"canonical\" href=\"https:\/\/klimavex.eu\/cz\/katalog\/sitove-ovladani-pro-pocitac-chv-net-giwee-csp-d176-01p\/\" \/>\n<meta property=\"og:locale\" content=\"cs_CZ\" \/>\n<meta property=\"og:type\" content=\"article\" \/>\n<meta property=\"og:title\" content=\"P\u0159\u00edslu\u0161enstv\u00ed Giwee s\u00ed\u0165ov\u00fd modul CHV NET M (4x gateway) (VRF) CSP-D176-01P - KLIMAVEX GROUP - \u010cesko\" \/>\n<meta property=\"og:description\" content=\"S\u00ed\u0165ov\u00fd modul CHV NET M, zdroj, 4x gateway (max. 60 syst\u00e9m\u016f, max. 512 vnit\u0159n\u00edch jednotek).\" \/>\n<meta property=\"og:url\" content=\"https:\/\/klimavex.eu\/cz\/katalog\/sitove-ovladani-pro-pocitac-chv-net-giwee-csp-d176-01p\/\" \/>\n<meta property=\"og:site_name\" content=\"KLIMAVEX GROUP - \u010cesko\" \/>\n<meta property=\"article:publisher\" content=\"https:\/\/www.facebook.com\/klimavex.cz\" \/>\n<meta property=\"article:modified_time\" content=\"2026-03-31T16:12:40+00:00\" \/>\n<meta property=\"og:image\" content=\"https:\/\/klimavex.eu\/cz\/wp-content\/uploads\/2024\/02\/LOGO-KLIMAVEX-modra-kostka-1.png\" \/>\n\t<meta property=\"og:image:width\" content=\"9184\" \/>\n\t<meta property=\"og:image:height\" content=\"9184\" \/>\n\t<meta property=\"og:image:type\" content=\"image\/png\" \/>\n<meta name=\"twitter:card\" content=\"summary_large_image\" \/>\n<script type=\"application\/ld+json\" class=\"yoast-schema-graph\">{\"@context\":\"https:\/\/schema.org\",\"@graph\":[{\"@type\":\"WebPage\",\"@id\":\"https:\/\/klimavex.eu\/cz\/katalog\/sitove-ovladani-pro-pocitac-chv-net-giwee-csp-d176-01p\/\",\"url\":\"https:\/\/klimavex.eu\/cz\/katalog\/sitove-ovladani-pro-pocitac-chv-net-giwee-csp-d176-01p\/\",\"name\":\"P\u0159\u00edslu\u0161enstv\u00ed Giwee s\u00ed\u0165ov\u00fd modul CHV NET M (4x gateway) (VRF) CSP-D176-01P - KLIMAVEX GROUP - \u010cesko\",\"isPartOf\":{\"@id\":\"https:\/\/klimavex.eu\/cz\/#website\"},\"datePublished\":\"2026-03-31T16:12:25+00:00\",\"dateModified\":\"2026-03-31T16:12:40+00:00\",\"breadcrumb\":{\"@id\":\"https:\/\/klimavex.eu\/cz\/katalog\/sitove-ovladani-pro-pocitac-chv-net-giwee-csp-d176-01p\/#breadcrumb\"},\"inLanguage\":\"cs\",\"potentialAction\":[{\"@type\":\"ReadAction\",\"target\":[\"https:\/\/klimavex.eu\/cz\/katalog\/sitove-ovladani-pro-pocitac-chv-net-giwee-csp-d176-01p\/\"]}]},{\"@type\":\"BreadcrumbList\",\"@id\":\"https:\/\/klimavex.eu\/cz\/katalog\/sitove-ovladani-pro-pocitac-chv-net-giwee-csp-d176-01p\/#breadcrumb\",\"itemListElement\":[{\"@type\":\"ListItem\",\"position\":1,\"name\":\"Domovsk\u00e1 str\u00e1nka\",\"item\":\"https:\/\/klimavex.eu\/cz\/\"},{\"@type\":\"ListItem\",\"position\":2,\"name\":\"Eshop\",\"item\":\"https:\/\/klimavex.eu\/cz\/eshop\/\"},{\"@type\":\"ListItem\",\"position\":3,\"name\":\"S\u00ed\u0165ov\u00e9 ovl\u00e1d\u00e1n\u00ed pro po\u010d\u00edta\u010d CHV NET &#8211; GIWEE CSP-D176-01P\"}]},{\"@type\":\"WebSite\",\"@id\":\"https:\/\/klimavex.eu\/cz\/#website\",\"url\":\"https:\/\/klimavex.eu\/cz\/\",\"name\":\"KLIMAVEX GROUP - \u010cesko\",\"description\":\"\",\"publisher\":{\"@id\":\"https:\/\/klimavex.eu\/cz\/#organization\"},\"alternateName\":\"KLIMAVEX CZ a.s.\",\"potentialAction\":[{\"@type\":\"SearchAction\",\"target\":{\"@type\":\"EntryPoint\",\"urlTemplate\":\"https:\/\/klimavex.eu\/cz\/?s={search_term_string}\"},\"query-input\":{\"@type\":\"PropertyValueSpecification\",\"valueRequired\":true,\"valueName\":\"search_term_string\"}}],\"inLanguage\":\"cs\"},{\"@type\":\"Organization\",\"@id\":\"https:\/\/klimavex.eu\/cz\/#organization\",\"name\":\"KLIMAVEX GROUP\",\"alternateName\":\"KLIMAVEX\",\"url\":\"https:\/\/klimavex.eu\/cz\/\",\"logo\":{\"@type\":\"ImageObject\",\"inLanguage\":\"cs\",\"@id\":\"https:\/\/klimavex.eu\/cz\/#\/schema\/logo\/image\/\",\"url\":\"https:\/\/klimavex.eu\/cz\/wp-content\/uploads\/2024\/04\/Klimavex-Group-logo.png\",\"contentUrl\":\"https:\/\/klimavex.eu\/cz\/wp-content\/uploads\/2024\/04\/Klimavex-Group-logo.png\",\"width\":1681,\"height\":472,\"caption\":\"KLIMAVEX GROUP\"},\"image\":{\"@id\":\"https:\/\/klimavex.eu\/cz\/#\/schema\/logo\/image\/\"},\"sameAs\":[\"https:\/\/www.facebook.com\/klimavex.cz\",\"https:\/\/www.instagram.com\/klimavex_cz\/\"]}]}<\/script>\n<!-- \/ Yoast SEO plugin. -->","yoast_head_json":{"title":"P\u0159\u00edslu\u0161enstv\u00ed Giwee s\u00ed\u0165ov\u00fd modul CHV NET M (4x gateway) (VRF) CSP-D176-01P - KLIMAVEX GROUP - \u010cesko","robots":{"index":"index","follow":"follow","max-snippet":"max-snippet:-1","max-image-preview":"max-image-preview:large","max-video-preview":"max-video-preview:-1"},"canonical":"https:\/\/klimavex.eu\/cz\/katalog\/sitove-ovladani-pro-pocitac-chv-net-giwee-csp-d176-01p\/","og_locale":"cs_CZ","og_type":"article","og_title":"P\u0159\u00edslu\u0161enstv\u00ed Giwee s\u00ed\u0165ov\u00fd modul CHV NET M (4x gateway) (VRF) CSP-D176-01P - KLIMAVEX GROUP - \u010cesko","og_description":"S\u00ed\u0165ov\u00fd modul CHV NET M, zdroj, 4x gateway (max. 60 syst\u00e9m\u016f, max. 512 vnit\u0159n\u00edch jednotek).","og_url":"https:\/\/klimavex.eu\/cz\/katalog\/sitove-ovladani-pro-pocitac-chv-net-giwee-csp-d176-01p\/","og_site_name":"KLIMAVEX GROUP - \u010cesko","article_publisher":"https:\/\/www.facebook.com\/klimavex.cz","article_modified_time":"2026-03-31T16:12:40+00:00","og_image":[{"width":9184,"height":9184,"url":"https:\/\/klimavex.eu\/cz\/wp-content\/uploads\/2024\/02\/LOGO-KLIMAVEX-modra-kostka-1.png","type":"image\/png"}],"twitter_card":"summary_large_image","schema":{"@context":"https:\/\/schema.org","@graph":[{"@type":"WebPage","@id":"https:\/\/klimavex.eu\/cz\/katalog\/sitove-ovladani-pro-pocitac-chv-net-giwee-csp-d176-01p\/","url":"https:\/\/klimavex.eu\/cz\/katalog\/sitove-ovladani-pro-pocitac-chv-net-giwee-csp-d176-01p\/","name":"P\u0159\u00edslu\u0161enstv\u00ed Giwee s\u00ed\u0165ov\u00fd modul CHV NET M (4x gateway) (VRF) CSP-D176-01P - KLIMAVEX GROUP - \u010cesko","isPartOf":{"@id":"https:\/\/klimavex.eu\/cz\/#website"},"datePublished":"2026-03-31T16:12:25+00:00","dateModified":"2026-03-31T16:12:40+00:00","breadcrumb":{"@id":"https:\/\/klimavex.eu\/cz\/katalog\/sitove-ovladani-pro-pocitac-chv-net-giwee-csp-d176-01p\/#breadcrumb"},"inLanguage":"cs","potentialAction":[{"@type":"ReadAction","target":["https:\/\/klimavex.eu\/cz\/katalog\/sitove-ovladani-pro-pocitac-chv-net-giwee-csp-d176-01p\/"]}]},{"@type":"BreadcrumbList","@id":"https:\/\/klimavex.eu\/cz\/katalog\/sitove-ovladani-pro-pocitac-chv-net-giwee-csp-d176-01p\/#breadcrumb","itemListElement":[{"@type":"ListItem","position":1,"name":"Domovsk\u00e1 str\u00e1nka","item":"https:\/\/klimavex.eu\/cz\/"},{"@type":"ListItem","position":2,"name":"Eshop","item":"https:\/\/klimavex.eu\/cz\/eshop\/"},{"@type":"ListItem","position":3,"name":"S\u00ed\u0165ov\u00e9 ovl\u00e1d\u00e1n\u00ed pro po\u010d\u00edta\u010d CHV NET &#8211; GIWEE CSP-D176-01P"}]},{"@type":"WebSite","@id":"https:\/\/klimavex.eu\/cz\/#website","url":"https:\/\/klimavex.eu\/cz\/","name":"KLIMAVEX GROUP - \u010cesko","description":"","publisher":{"@id":"https:\/\/klimavex.eu\/cz\/#organization"},"alternateName":"KLIMAVEX CZ a.s.","potentialAction":[{"@type":"SearchAction","target":{"@type":"EntryPoint","urlTemplate":"https:\/\/klimavex.eu\/cz\/?s={search_term_string}"},"query-input":{"@type":"PropertyValueSpecification","valueRequired":true,"valueName":"search_term_string"}}],"inLanguage":"cs"},{"@type":"Organization","@id":"https:\/\/klimavex.eu\/cz\/#organization","name":"KLIMAVEX GROUP","alternateName":"KLIMAVEX","url":"https:\/\/klimavex.eu\/cz\/","logo":{"@type":"ImageObject","inLanguage":"cs","@id":"https:\/\/klimavex.eu\/cz\/#\/schema\/logo\/image\/","url":"https:\/\/klimavex.eu\/cz\/wp-content\/uploads\/2024\/04\/Klimavex-Group-logo.png","contentUrl":"https:\/\/klimavex.eu\/cz\/wp-content\/uploads\/2024\/04\/Klimavex-Group-logo.png","width":1681,"height":472,"caption":"KLIMAVEX GROUP"},"image":{"@id":"https:\/\/klimavex.eu\/cz\/#\/schema\/logo\/image\/"},"sameAs":["https:\/\/www.facebook.com\/klimavex.cz","https:\/\/www.instagram.com\/klimavex_cz\/"]}]}},"_links":{"self":[{"href":"https:\/\/klimavex.eu\/cz\/wp-json\/wp\/v2\/product\/542500","targetHints":{"allow":["GET"]}}],"collection":[{"href":"https:\/\/klimavex.eu\/cz\/wp-json\/wp\/v2\/product"}],"about":[{"href":"https:\/\/klimavex.eu\/cz\/wp-json\/wp\/v2\/types\/product"}],"version-history":[{"count":0,"href":"https:\/\/klimavex.eu\/cz\/wp-json\/wp\/v2\/product\/542500\/revisions"}],"wp:attachment":[{"href":"https:\/\/klimavex.eu\/cz\/wp-json\/wp\/v2\/media?parent=542500"}],"wp:term":[{"taxonomy":"product_cat","embeddable":true,"href":"https:\/\/klimavex.eu\/cz\/wp-json\/wp\/v2\/product_cat?post=542500"},{"taxonomy":"product_tag","embeddable":true,"href":"https:\/\/klimavex.eu\/cz\/wp-json\/wp\/v2\/product_tag?post=542500"}],"curies":[{"name":"wp","href":"https:\/\/api.w.org\/{rel}","templated":true}]}}