{"id":542516,"date":"2026-03-31T18:12:25","date_gmt":"2026-03-31T16:12:25","guid":{"rendered":"https:\/\/klimavex.eu\/cz\/katalog\/samsung-potrubni-klimatizace-msp-duct-highee-ac140\/"},"modified":"2026-03-31T18:12:56","modified_gmt":"2026-03-31T16:12:56","slug":"samsung-potrubni-klimatizace-msp-duct-highee-ac140","status":"publish","type":"product","link":"https:\/\/klimavex.eu\/cz\/katalog\/samsung-potrubni-klimatizace-msp-duct-highee-ac140\/","title":{"rendered":"Samsung potrubn\u00ed klimatizace  MSP Duct HighEE AC140"},"content":{"rendered":"<p style=\"text-align:justify\"><span style=\"font-size:11pt\"><span style=\"font-family:Calibri,sans-serif\"><strong>Kl&iacute;\u010dov&eacute; vlastnosti<\/strong><\/span><\/span><\/p>\n<ul>\n<li style=\"text-align:justify\"><span style=\"font-size:11pt\"><span style=\"font-family:Calibri,sans-serif\">Omyvateln&yacute; filtr s&nbsp;dlouhou \u017eivotnost&iacute;<\/span><\/span><\/li>\n<li style=\"text-align:justify\"><span style=\"font-size:11pt\"><span style=\"font-family:Calibri,sans-serif\">Extern&iacute; statick&yacute; tlak motoru ventil&aacute;toru do 147 Pa<\/span><\/span><\/li>\n<li style=\"text-align:justify\"><span style=\"font-size:11pt\"><span style=\"font-family:Calibri,sans-serif\">Funkce Auto Restart<\/span><\/span><\/li>\n<li style=\"text-align:justify\"><span style=\"font-size:11pt\"><span style=\"font-family:Calibri,sans-serif\">Voliteln&eacute; \u010derpadlo kondenz&aacute;tu s&nbsp;v&yacute;tla\u010dnou v&yacute;&scaron;kou 750mm<\/span><\/span><\/li>\n<li style=\"text-align:justify\"><span style=\"font-size:11pt\"><span style=\"font-family:Calibri,sans-serif\">Provozn&iacute; rozsah chlazen&iacute; -20 &#8211; 52&deg;C<\/span><\/span><\/li>\n<li style=\"text-align:justify\"><span style=\"font-size:11pt\"><span style=\"font-family:Calibri,sans-serif\">Provozn&iacute; rozsah vyt&aacute;p\u011bn&iacute; -25 &#8211; 24&deg;C<\/span><\/span><\/li>\n<li style=\"text-align:justify\"><span style=\"font-size:11pt\"><span style=\"font-family:Calibri,sans-serif\">100% topn&yacute; v&yacute;kon p\u0159i teplot\u011b -15&deg;C<\/span><\/span><\/li>\n<li style=\"text-align:justify\"><span style=\"font-size:11pt\"><span style=\"font-family:Calibri,sans-serif\">Provozn&iacute; rozsah vnit\u0159n&iacute; teploty vyt&aacute;p\u011bn&iacute; od 8&deg;C (s infra\u010derven&yacute;m ovlada\u010dem)<\/span><\/span><\/li>\n<li style=\"text-align:justify\"><span style=\"font-size:11pt\"><span style=\"font-family:Calibri,sans-serif\">Voliteln&eacute; \u010derpadlo kondenz&aacute;tu s&nbsp;v&yacute;tla\u010dnou v&yacute;&scaron;kou 750mm<\/span><\/span><\/li>\n<li style=\"text-align:justify\"><span style=\"font-size:11pt\"><span style=\"font-family:Calibri,sans-serif\">3f&aacute;zov&eacute; el. nap&aacute;jen&iacute;<\/span><\/span><\/li>\n<\/ul>\n","protected":false},"excerpt":{"rendered":"<p style=\"text-align:justify\"><span style=\"font-size:11pt\"><span style=\"font-family:Calibri,sans-serif\"><strong>Samsung MSP Duct<\/strong> je potrubn&iacute; klimatiza\u010dn&iacute; jednotka pro <strong>komer\u010dn&iacute; &uacute;\u010dely<\/strong>. Verze jednotky <strong>HighEE<\/strong> nab&iacute;z&iacute; je&scaron;t\u011b vy&scaron;&scaron;&iacute; provozn&iacute; &uacute;\u010dinnost. Tato klimatizace, kter&aacute; dok&aacute;\u017ee chladit i topit, disponuje snadno <strong>omyvateln&yacute;m filtrem<\/strong> s&nbsp;dlouhou \u017eivotnost&iacute;. Extern&iacute; statick&yacute; tlak motoru ventil&aacute;toru dosahuje &uacute;rovn\u011b a\u017e do <strong>147 Pa<\/strong>. U\u017e&iacute;v&aacute; se ekologick&eacute; <strong>chladivo<\/strong> <strong>R32.<\/strong><\/span><\/span><\/p>\n","protected":false},"featured_media":546384,"template":"","meta":[],"product_cat":[10781,10782,10769],"product_tag":[],"class_list":{"0":"post-542516","1":"product","2":"type-product","3":"status-publish","4":"has-post-thumbnail","6":"product_cat-klimatizace-archivovane-produkty","7":"product_cat-archivovane-produkty-klimatizace","8":"product_cat-archivovane-produkty","9":"pa_chlad-do-von-tep-c-do-20c","10":"pa_chladici-vykon-11982","11":"pa_energeticka-trida-scop-aplus","12":"pa_energeticka-trida-seer-aplus","13":"pa_extra-funkce-highee","14":"pa_label-archivovany","15":"pa_napajeni-3f-400v","16":"pa_prikon-chlazeni-12094","17":"pa_prikon-vytapeni-12092","18":"pa_provedeni-potrubni-split","19":"pa_topny-vykon-12093","20":"pa_typ-chladiva-r32","21":"pa_vyk-do-von-tepl-c-do-25c","22":"pa_vykonovy-model-11911","23":"pa_znacka-samsung","25":"first","26":"outofstock","27":"taxable","28":"shipping-taxable","29":"purchasable","30":"product-type-simple"},"yoast_head":"<!-- This site is optimized with the Yoast SEO plugin v23.9 - https:\/\/yoast.com\/wordpress\/plugins\/seo\/ -->\n<title>Samsung potrubn\u00ed klimatizace MSP Duct HighEE AC140 - KLIMAVEX GROUP - \u010cesko<\/title>\n<meta name=\"robots\" content=\"index, follow, max-snippet:-1, max-image-preview:large, max-video-preview:-1\" \/>\n<link rel=\"canonical\" href=\"https:\/\/klimavex.eu\/cz\/katalog\/samsung-potrubni-klimatizace-msp-duct-highee-ac140\/\" \/>\n<meta property=\"og:locale\" content=\"cs_CZ\" \/>\n<meta property=\"og:type\" content=\"article\" \/>\n<meta property=\"og:title\" content=\"Samsung potrubn\u00ed klimatizace MSP Duct HighEE AC140 - KLIMAVEX GROUP - \u010cesko\" \/>\n<meta property=\"og:description\" content=\"Samsung MSP Duct je potrubn&iacute; klimatiza\u010dn&iacute; jednotka pro komer\u010dn&iacute; &uacute;\u010dely. Verze jednotky HighEE nab&iacute;z&iacute; je&scaron;t\u011b vy&scaron;&scaron;&iacute; provozn&iacute; &uacute;\u010dinnost. Tato klimatizace, kter&aacute; dok&aacute;\u017ee chladit i topit, disponuje snadno omyvateln&yacute;m filtrem s&nbsp;dlouhou \u017eivotnost&iacute;. Extern&iacute; statick&yacute; tlak motoru ventil&aacute;toru dosahuje &uacute;rovn\u011b a\u017e do 147 Pa. U\u017e&iacute;v&aacute; se ekologick&eacute; chladivo R32.\" \/>\n<meta property=\"og:url\" content=\"https:\/\/klimavex.eu\/cz\/katalog\/samsung-potrubni-klimatizace-msp-duct-highee-ac140\/\" \/>\n<meta property=\"og:site_name\" content=\"KLIMAVEX GROUP - \u010cesko\" \/>\n<meta property=\"article:publisher\" content=\"https:\/\/www.facebook.com\/klimavex.cz\" \/>\n<meta property=\"article:modified_time\" content=\"2026-03-31T16:12:56+00:00\" \/>\n<meta property=\"og:image\" content=\"https:\/\/klimavex.eu\/cz\/wp-content\/uploads\/2025\/09\/qe6B8RB69isJ_s5adWPjaO-pcckq4H9-EAzDMPsTQQY-1.png\" \/>\n\t<meta property=\"og:image:width\" content=\"676\" \/>\n\t<meta property=\"og:image:height\" content=\"362\" \/>\n\t<meta property=\"og:image:type\" content=\"image\/png\" \/>\n<meta name=\"twitter:card\" content=\"summary_large_image\" \/>\n<meta name=\"twitter:label1\" content=\"Odhadovan\u00e1 doba \u010dten\u00ed\" \/>\n\t<meta name=\"twitter:data1\" content=\"1 minuta\" \/>\n<script type=\"application\/ld+json\" class=\"yoast-schema-graph\">{\"@context\":\"https:\/\/schema.org\",\"@graph\":[{\"@type\":\"WebPage\",\"@id\":\"https:\/\/klimavex.eu\/cz\/katalog\/samsung-potrubni-klimatizace-msp-duct-highee-ac140\/\",\"url\":\"https:\/\/klimavex.eu\/cz\/katalog\/samsung-potrubni-klimatizace-msp-duct-highee-ac140\/\",\"name\":\"Samsung potrubn\u00ed klimatizace MSP Duct HighEE AC140 - KLIMAVEX GROUP - \u010cesko\",\"isPartOf\":{\"@id\":\"https:\/\/klimavex.eu\/cz\/#website\"},\"primaryImageOfPage\":{\"@id\":\"https:\/\/klimavex.eu\/cz\/katalog\/samsung-potrubni-klimatizace-msp-duct-highee-ac140\/#primaryimage\"},\"image\":{\"@id\":\"https:\/\/klimavex.eu\/cz\/katalog\/samsung-potrubni-klimatizace-msp-duct-highee-ac140\/#primaryimage\"},\"thumbnailUrl\":\"https:\/\/klimavex.eu\/cz\/wp-content\/uploads\/2025\/09\/qe6B8RB69isJ_s5adWPjaO-pcckq4H9-EAzDMPsTQQY-1.png\",\"datePublished\":\"2026-03-31T16:12:25+00:00\",\"dateModified\":\"2026-03-31T16:12:56+00:00\",\"breadcrumb\":{\"@id\":\"https:\/\/klimavex.eu\/cz\/katalog\/samsung-potrubni-klimatizace-msp-duct-highee-ac140\/#breadcrumb\"},\"inLanguage\":\"cs\",\"potentialAction\":[{\"@type\":\"ReadAction\",\"target\":[\"https:\/\/klimavex.eu\/cz\/katalog\/samsung-potrubni-klimatizace-msp-duct-highee-ac140\/\"]}]},{\"@type\":\"ImageObject\",\"inLanguage\":\"cs\",\"@id\":\"https:\/\/klimavex.eu\/cz\/katalog\/samsung-potrubni-klimatizace-msp-duct-highee-ac140\/#primaryimage\",\"url\":\"https:\/\/klimavex.eu\/cz\/wp-content\/uploads\/2025\/09\/qe6B8RB69isJ_s5adWPjaO-pcckq4H9-EAzDMPsTQQY-1.png\",\"contentUrl\":\"https:\/\/klimavex.eu\/cz\/wp-content\/uploads\/2025\/09\/qe6B8RB69isJ_s5adWPjaO-pcckq4H9-EAzDMPsTQQY-1.png\",\"width\":676,\"height\":362},{\"@type\":\"BreadcrumbList\",\"@id\":\"https:\/\/klimavex.eu\/cz\/katalog\/samsung-potrubni-klimatizace-msp-duct-highee-ac140\/#breadcrumb\",\"itemListElement\":[{\"@type\":\"ListItem\",\"position\":1,\"name\":\"Domovsk\u00e1 str\u00e1nka\",\"item\":\"https:\/\/klimavex.eu\/cz\/\"},{\"@type\":\"ListItem\",\"position\":2,\"name\":\"Eshop\",\"item\":\"https:\/\/klimavex.eu\/cz\/eshop\/\"},{\"@type\":\"ListItem\",\"position\":3,\"name\":\"Samsung potrubn\u00ed klimatizace MSP Duct HighEE AC140\"}]},{\"@type\":\"WebSite\",\"@id\":\"https:\/\/klimavex.eu\/cz\/#website\",\"url\":\"https:\/\/klimavex.eu\/cz\/\",\"name\":\"KLIMAVEX GROUP - \u010cesko\",\"description\":\"\",\"publisher\":{\"@id\":\"https:\/\/klimavex.eu\/cz\/#organization\"},\"alternateName\":\"KLIMAVEX CZ a.s.\",\"potentialAction\":[{\"@type\":\"SearchAction\",\"target\":{\"@type\":\"EntryPoint\",\"urlTemplate\":\"https:\/\/klimavex.eu\/cz\/?s={search_term_string}\"},\"query-input\":{\"@type\":\"PropertyValueSpecification\",\"valueRequired\":true,\"valueName\":\"search_term_string\"}}],\"inLanguage\":\"cs\"},{\"@type\":\"Organization\",\"@id\":\"https:\/\/klimavex.eu\/cz\/#organization\",\"name\":\"KLIMAVEX GROUP\",\"alternateName\":\"KLIMAVEX\",\"url\":\"https:\/\/klimavex.eu\/cz\/\",\"logo\":{\"@type\":\"ImageObject\",\"inLanguage\":\"cs\",\"@id\":\"https:\/\/klimavex.eu\/cz\/#\/schema\/logo\/image\/\",\"url\":\"https:\/\/klimavex.eu\/cz\/wp-content\/uploads\/2024\/04\/Klimavex-Group-logo.png\",\"contentUrl\":\"https:\/\/klimavex.eu\/cz\/wp-content\/uploads\/2024\/04\/Klimavex-Group-logo.png\",\"width\":1681,\"height\":472,\"caption\":\"KLIMAVEX GROUP\"},\"image\":{\"@id\":\"https:\/\/klimavex.eu\/cz\/#\/schema\/logo\/image\/\"},\"sameAs\":[\"https:\/\/www.facebook.com\/klimavex.cz\",\"https:\/\/www.instagram.com\/klimavex_cz\/\"]}]}<\/script>\n<!-- \/ Yoast SEO plugin. -->","yoast_head_json":{"title":"Samsung potrubn\u00ed klimatizace MSP Duct HighEE AC140 - KLIMAVEX GROUP - \u010cesko","robots":{"index":"index","follow":"follow","max-snippet":"max-snippet:-1","max-image-preview":"max-image-preview:large","max-video-preview":"max-video-preview:-1"},"canonical":"https:\/\/klimavex.eu\/cz\/katalog\/samsung-potrubni-klimatizace-msp-duct-highee-ac140\/","og_locale":"cs_CZ","og_type":"article","og_title":"Samsung potrubn\u00ed klimatizace MSP Duct HighEE AC140 - KLIMAVEX GROUP - \u010cesko","og_description":"Samsung MSP Duct je potrubn&iacute; klimatiza\u010dn&iacute; jednotka pro komer\u010dn&iacute; &uacute;\u010dely. Verze jednotky HighEE nab&iacute;z&iacute; je&scaron;t\u011b vy&scaron;&scaron;&iacute; provozn&iacute; &uacute;\u010dinnost. Tato klimatizace, kter&aacute; dok&aacute;\u017ee chladit i topit, disponuje snadno omyvateln&yacute;m filtrem s&nbsp;dlouhou \u017eivotnost&iacute;. Extern&iacute; statick&yacute; tlak motoru ventil&aacute;toru dosahuje &uacute;rovn\u011b a\u017e do 147 Pa. U\u017e&iacute;v&aacute; se ekologick&eacute; chladivo R32.","og_url":"https:\/\/klimavex.eu\/cz\/katalog\/samsung-potrubni-klimatizace-msp-duct-highee-ac140\/","og_site_name":"KLIMAVEX GROUP - \u010cesko","article_publisher":"https:\/\/www.facebook.com\/klimavex.cz","article_modified_time":"2026-03-31T16:12:56+00:00","og_image":[{"width":676,"height":362,"url":"https:\/\/klimavex.eu\/cz\/wp-content\/uploads\/2025\/09\/qe6B8RB69isJ_s5adWPjaO-pcckq4H9-EAzDMPsTQQY-1.png","type":"image\/png"}],"twitter_card":"summary_large_image","twitter_misc":{"Odhadovan\u00e1 doba \u010dten\u00ed":"1 minuta"},"schema":{"@context":"https:\/\/schema.org","@graph":[{"@type":"WebPage","@id":"https:\/\/klimavex.eu\/cz\/katalog\/samsung-potrubni-klimatizace-msp-duct-highee-ac140\/","url":"https:\/\/klimavex.eu\/cz\/katalog\/samsung-potrubni-klimatizace-msp-duct-highee-ac140\/","name":"Samsung potrubn\u00ed klimatizace MSP Duct HighEE AC140 - KLIMAVEX GROUP - \u010cesko","isPartOf":{"@id":"https:\/\/klimavex.eu\/cz\/#website"},"primaryImageOfPage":{"@id":"https:\/\/klimavex.eu\/cz\/katalog\/samsung-potrubni-klimatizace-msp-duct-highee-ac140\/#primaryimage"},"image":{"@id":"https:\/\/klimavex.eu\/cz\/katalog\/samsung-potrubni-klimatizace-msp-duct-highee-ac140\/#primaryimage"},"thumbnailUrl":"https:\/\/klimavex.eu\/cz\/wp-content\/uploads\/2025\/09\/qe6B8RB69isJ_s5adWPjaO-pcckq4H9-EAzDMPsTQQY-1.png","datePublished":"2026-03-31T16:12:25+00:00","dateModified":"2026-03-31T16:12:56+00:00","breadcrumb":{"@id":"https:\/\/klimavex.eu\/cz\/katalog\/samsung-potrubni-klimatizace-msp-duct-highee-ac140\/#breadcrumb"},"inLanguage":"cs","potentialAction":[{"@type":"ReadAction","target":["https:\/\/klimavex.eu\/cz\/katalog\/samsung-potrubni-klimatizace-msp-duct-highee-ac140\/"]}]},{"@type":"ImageObject","inLanguage":"cs","@id":"https:\/\/klimavex.eu\/cz\/katalog\/samsung-potrubni-klimatizace-msp-duct-highee-ac140\/#primaryimage","url":"https:\/\/klimavex.eu\/cz\/wp-content\/uploads\/2025\/09\/qe6B8RB69isJ_s5adWPjaO-pcckq4H9-EAzDMPsTQQY-1.png","contentUrl":"https:\/\/klimavex.eu\/cz\/wp-content\/uploads\/2025\/09\/qe6B8RB69isJ_s5adWPjaO-pcckq4H9-EAzDMPsTQQY-1.png","width":676,"height":362},{"@type":"BreadcrumbList","@id":"https:\/\/klimavex.eu\/cz\/katalog\/samsung-potrubni-klimatizace-msp-duct-highee-ac140\/#breadcrumb","itemListElement":[{"@type":"ListItem","position":1,"name":"Domovsk\u00e1 str\u00e1nka","item":"https:\/\/klimavex.eu\/cz\/"},{"@type":"ListItem","position":2,"name":"Eshop","item":"https:\/\/klimavex.eu\/cz\/eshop\/"},{"@type":"ListItem","position":3,"name":"Samsung potrubn\u00ed klimatizace MSP Duct HighEE AC140"}]},{"@type":"WebSite","@id":"https:\/\/klimavex.eu\/cz\/#website","url":"https:\/\/klimavex.eu\/cz\/","name":"KLIMAVEX GROUP - \u010cesko","description":"","publisher":{"@id":"https:\/\/klimavex.eu\/cz\/#organization"},"alternateName":"KLIMAVEX CZ a.s.","potentialAction":[{"@type":"SearchAction","target":{"@type":"EntryPoint","urlTemplate":"https:\/\/klimavex.eu\/cz\/?s={search_term_string}"},"query-input":{"@type":"PropertyValueSpecification","valueRequired":true,"valueName":"search_term_string"}}],"inLanguage":"cs"},{"@type":"Organization","@id":"https:\/\/klimavex.eu\/cz\/#organization","name":"KLIMAVEX GROUP","alternateName":"KLIMAVEX","url":"https:\/\/klimavex.eu\/cz\/","logo":{"@type":"ImageObject","inLanguage":"cs","@id":"https:\/\/klimavex.eu\/cz\/#\/schema\/logo\/image\/","url":"https:\/\/klimavex.eu\/cz\/wp-content\/uploads\/2024\/04\/Klimavex-Group-logo.png","contentUrl":"https:\/\/klimavex.eu\/cz\/wp-content\/uploads\/2024\/04\/Klimavex-Group-logo.png","width":1681,"height":472,"caption":"KLIMAVEX GROUP"},"image":{"@id":"https:\/\/klimavex.eu\/cz\/#\/schema\/logo\/image\/"},"sameAs":["https:\/\/www.facebook.com\/klimavex.cz","https:\/\/www.instagram.com\/klimavex_cz\/"]}]}},"_links":{"self":[{"href":"https:\/\/klimavex.eu\/cz\/wp-json\/wp\/v2\/product\/542516","targetHints":{"allow":["GET"]}}],"collection":[{"href":"https:\/\/klimavex.eu\/cz\/wp-json\/wp\/v2\/product"}],"about":[{"href":"https:\/\/klimavex.eu\/cz\/wp-json\/wp\/v2\/types\/product"}],"version-history":[{"count":0,"href":"https:\/\/klimavex.eu\/cz\/wp-json\/wp\/v2\/product\/542516\/revisions"}],"wp:featuredmedia":[{"embeddable":true,"href":"https:\/\/klimavex.eu\/cz\/wp-json\/wp\/v2\/media\/546384"}],"wp:attachment":[{"href":"https:\/\/klimavex.eu\/cz\/wp-json\/wp\/v2\/media?parent=542516"}],"wp:term":[{"taxonomy":"product_cat","embeddable":true,"href":"https:\/\/klimavex.eu\/cz\/wp-json\/wp\/v2\/product_cat?post=542516"},{"taxonomy":"product_tag","embeddable":true,"href":"https:\/\/klimavex.eu\/cz\/wp-json\/wp\/v2\/product_tag?post=542516"}],"curies":[{"name":"wp","href":"https:\/\/api.w.org\/{rel}","templated":true}]}}