{"id":542526,"date":"2026-04-29T12:03:05","date_gmt":"2026-04-29T10:03:05","guid":{"rendered":"https:\/\/klimavex.eu\/cz\/katalog\/samsung-kazetova-klimatizace-windfree-mini-4-way-cassette-highee-ac035\/"},"modified":"2026-04-29T12:03:12","modified_gmt":"2026-04-29T10:03:12","slug":"klimatizace-samsung-split-kazetova-windfree-mini-4-way-cassette-highee-ac035-r32-230v-35kw","status":"publish","type":"product","link":"https:\/\/klimavex.eu\/cz\/katalog\/klimatizace-samsung-split-kazetova-windfree-mini-4-way-cassette-highee-ac035-r32-230v-35kw\/","title":{"rendered":"Klimatizace Samsung split kazetov\u00e1 WindFree Mini 4-Way Cassette HighEE AC035 R32 230V 3,5kW"},"content":{"rendered":"<p style=\"text-align:justify\"><span style=\"font-size:11pt\"><span style=\"font-family:Calibri,sans-serif\"><strong>Kl&iacute;\u010dov&eacute; vlastnosti<\/strong><\/span><\/span><\/p>\n<ul>\n<li style=\"text-align:justify\"><span style=\"font-size:11pt\"><span style=\"font-family:Calibri,sans-serif\">Dvoustup\u0148ov&eacute; chlazen&iacute; &ndash; WindFree&trade; re\u017eim a re\u017eim rychl&eacute;ho chlazen&iacute;<\/span><\/span><\/li>\n<li style=\"text-align:justify\"><span style=\"font-size:11pt\"><span style=\"font-family:Calibri,sans-serif\">Nez&aacute;visl&eacute; nastaven&iacute; jednotliv&yacute;ch lamel<\/span><\/span><\/li>\n<li style=\"text-align:justify\"><span style=\"font-size:11pt\"><span style=\"font-family:Calibri,sans-serif\">Efektivn&iacute; chlazen&iacute; v&nbsp;m&iacute;stnostech s&nbsp;v&yacute;&scaron;kou a\u017e 3,5m (s re\u017eimem pro vysok&eacute; stropy a\u017e 4,6m)<\/span><\/span><\/li>\n<li style=\"text-align:justify\"><span style=\"font-size:11pt\"><span style=\"font-family:Calibri,sans-serif\">Vestav\u011bn&eacute; \u010derpadlo kondenz&aacute;tu &ndash; v&yacute;tla\u010dn&aacute; v&yacute;&scaron;ka 750mm<\/span><\/span><\/li>\n<li style=\"text-align:justify\"><span style=\"font-size:11pt\"><span style=\"font-family:Calibri,sans-serif\">Vestav\u011bn&yacute; senzor teploty a vlhkosti<\/span><\/span><\/li>\n<li style=\"text-align:justify\"><span style=\"font-size:11pt\"><span style=\"font-family:Calibri,sans-serif\">Provozn&iacute; rozsah chlazen&iacute; -20 &#8211; 52&deg;C<\/span><\/span><\/li>\n<li style=\"text-align:justify\"><span style=\"font-size:11pt\"><span style=\"font-family:Calibri,sans-serif\">Provozn&iacute; rozsah vyt&aacute;p\u011bn&iacute; -25 &#8211; 24&deg;C<\/span><\/span><\/li>\n<li><span style=\"font-size:11pt\"><span style=\"font-family:Calibri,sans-serif\">100% topn&yacute; v&yacute;kon p\u0159i teplot\u011b -15&deg;C<\/span><\/span><\/li>\n<li style=\"text-align:justify\"><span style=\"font-size:11pt\"><span style=\"font-family:Calibri,sans-serif\">Provozn&iacute; rozsah vnit\u0159n&iacute; jednotky teploty vyt&aacute;p\u011bn&iacute; od 8&deg;C (s infra\u010derven&yacute;m ovlada\u010dem)<\/span><\/span><\/li>\n<li style=\"text-align:justify\"><span style=\"font-size:11pt\"><span style=\"font-family:Calibri,sans-serif\">1f&aacute;zov&eacute; el. nap&aacute;jen&iacute;<\/span><\/span><\/li>\n<\/ul>\n","protected":false},"excerpt":{"rendered":"<p style=\"text-align:justify\"><span style=\"font-size:11pt\"><span style=\"font-family:Calibri,sans-serif\"><strong>Samsung WindFree<\/strong>&trade; <strong>Mini 4-Way Cassette<\/strong> je m&eacute;n\u011b rozm\u011brn&aacute; kazetov&aacute; klimatiza\u010dn&iacute; jednotka s&nbsp;<strong>4cestnou distribuc&iacute; vzduchu<\/strong>, \u010d&iacute;m\u017e poskytuje v&yacute;jime\u010dn\u011b rovnom\u011brn&yacute; dosah proud\u011bn&iacute; vzduchu v&nbsp;<strong>prostor&aacute;ch s&nbsp;vysok&yacute;mi stropy<\/strong> (a\u017e 4,6 m). Verze jednotky <strong>HighEE<\/strong> nab&iacute;z&iacute; je&scaron;t\u011b vy&scaron;&scaron;&iacute; provozn&iacute; &uacute;\u010dinnost. Jednotka disponuje inovativn&iacute; technologi&iacute; <strong>WindFree<\/strong>, d&iacute;ky kter&eacute; u\u017eivatel nepoci\u0165uje pocit studen&eacute;ho pr\u016fvanu. Tato klimatizace, kter&aacute; dok&aacute;\u017ee chladit i topit, je ur\u010dena pro r\u016fzn&eacute; komer\u010dn&iacute; prostory. U\u017e&iacute;v&aacute; se ekologick&eacute; <strong>chladivo<\/strong> <strong>R32.<\/strong><\/span><\/span><\/p>\n","protected":false},"featured_media":546421,"template":"","meta":[],"product_cat":[7657,7659,7672,7708,7666,7547,7706],"product_tag":[],"class_list":{"0":"post-542526","1":"product","2":"type-product","3":"status-publish","4":"has-post-thumbnail","6":"product_cat-podle-znacky","7":"product_cat-podle-typu","8":"product_cat-samsung","9":"product_cat-windfree-4-way","10":"product_cat-kazetove","11":"product_cat-klimatizace","12":"product_cat-kazetove-samsung","13":"pa_chlad-do-von-tep-c-do-20c","14":"pa_chladici-vykon-11436","15":"pa_energeticka-trida-scop-aplus","16":"pa_energeticka-trida-seer-aplusplus","17":"pa_extra-funkce-windfree","18":"pa_napajeni-1f-230v","19":"pa_prikon-chlazeni-12108","20":"pa_prikon-vytapeni-12107","21":"pa_provedeni-kazetovy-split","22":"pa_topny-vykon-11437","23":"pa_typ-chladiva-r32","24":"pa_vyk-do-von-tepl-c-do-25c","25":"pa_vykonovy-model-11442","26":"pa_znacka-samsung","28":"first","29":"instock","30":"taxable","31":"shipping-taxable","32":"purchasable","33":"product-type-simple"},"yoast_head":"<!-- This site is optimized with the Yoast SEO plugin v23.9 - https:\/\/yoast.com\/wordpress\/plugins\/seo\/ -->\n<title>Klimatizace Samsung split kazetov\u00e1 WindFree Mini 4-Way Cassette HighEE AC035 R32 230V 3,5kW - KLIMAVEX GROUP - \u010cesko<\/title>\n<meta name=\"robots\" content=\"index, follow, max-snippet:-1, max-image-preview:large, max-video-preview:-1\" \/>\n<link rel=\"canonical\" href=\"https:\/\/klimavex.eu\/cz\/katalog\/samsung-kazetova-klimatizace-windfree-mini-4-way-cassette-highee-ac035\/\" \/>\n<meta property=\"og:locale\" content=\"cs_CZ\" \/>\n<meta property=\"og:type\" content=\"article\" \/>\n<meta property=\"og:title\" content=\"Klimatizace Samsung split kazetov\u00e1 WindFree Mini 4-Way Cassette HighEE AC035 R32 230V 3,5kW - KLIMAVEX GROUP - \u010cesko\" \/>\n<meta property=\"og:description\" content=\"Samsung WindFree&trade; Mini 4-Way Cassette je m&eacute;n\u011b rozm\u011brn&aacute; kazetov&aacute; klimatiza\u010dn&iacute; jednotka s&nbsp;4cestnou distribuc&iacute; vzduchu, \u010d&iacute;m\u017e poskytuje v&yacute;jime\u010dn\u011b rovnom\u011brn&yacute; dosah proud\u011bn&iacute; vzduchu v&nbsp;prostor&aacute;ch s&nbsp;vysok&yacute;mi stropy (a\u017e 4,6 m). Verze jednotky HighEE nab&iacute;z&iacute; je&scaron;t\u011b vy&scaron;&scaron;&iacute; provozn&iacute; &uacute;\u010dinnost. Jednotka disponuje inovativn&iacute; technologi&iacute; WindFree, d&iacute;ky kter&eacute; u\u017eivatel nepoci\u0165uje pocit studen&eacute;ho pr\u016fvanu. Tato klimatizace, kter&aacute; dok&aacute;\u017ee chladit i topit, je ur\u010dena pro r\u016fzn&eacute; komer\u010dn&iacute; prostory. U\u017e&iacute;v&aacute; se ekologick&eacute; chladivo R32.\" \/>\n<meta property=\"og:url\" content=\"https:\/\/klimavex.eu\/cz\/katalog\/samsung-kazetova-klimatizace-windfree-mini-4-way-cassette-highee-ac035\/\" \/>\n<meta property=\"og:site_name\" content=\"KLIMAVEX GROUP - \u010cesko\" \/>\n<meta property=\"article:publisher\" content=\"https:\/\/www.facebook.com\/klimavex.cz\" \/>\n<meta property=\"article:modified_time\" content=\"2026-04-29T10:03:12+00:00\" \/>\n<meta property=\"og:image\" content=\"https:\/\/klimavex.eu\/cz\/wp-content\/uploads\/2025\/09\/zKJrDR6c_P6GN5xWJMasDK2s3c9yfj51JKuRXg2Bsqw.png\" \/>\n\t<meta property=\"og:image:width\" content=\"688\" \/>\n\t<meta property=\"og:image:height\" content=\"512\" \/>\n\t<meta property=\"og:image:type\" content=\"image\/png\" \/>\n<meta name=\"twitter:card\" content=\"summary_large_image\" \/>\n<meta name=\"twitter:label1\" content=\"Odhadovan\u00e1 doba \u010dten\u00ed\" \/>\n\t<meta name=\"twitter:data1\" content=\"1 minuta\" \/>\n<script type=\"application\/ld+json\" class=\"yoast-schema-graph\">{\"@context\":\"https:\/\/schema.org\",\"@graph\":[{\"@type\":\"WebPage\",\"@id\":\"https:\/\/klimavex.eu\/cz\/katalog\/samsung-kazetova-klimatizace-windfree-mini-4-way-cassette-highee-ac035\/\",\"url\":\"https:\/\/klimavex.eu\/cz\/katalog\/samsung-kazetova-klimatizace-windfree-mini-4-way-cassette-highee-ac035\/\",\"name\":\"Klimatizace Samsung split kazetov\u00e1 WindFree Mini 4-Way Cassette HighEE AC035 R32 230V 3,5kW - KLIMAVEX GROUP - \u010cesko\",\"isPartOf\":{\"@id\":\"https:\/\/klimavex.eu\/cz\/#website\"},\"primaryImageOfPage\":{\"@id\":\"https:\/\/klimavex.eu\/cz\/katalog\/samsung-kazetova-klimatizace-windfree-mini-4-way-cassette-highee-ac035\/#primaryimage\"},\"image\":{\"@id\":\"https:\/\/klimavex.eu\/cz\/katalog\/samsung-kazetova-klimatizace-windfree-mini-4-way-cassette-highee-ac035\/#primaryimage\"},\"thumbnailUrl\":\"https:\/\/klimavex.eu\/cz\/wp-content\/uploads\/2025\/09\/zKJrDR6c_P6GN5xWJMasDK2s3c9yfj51JKuRXg2Bsqw.png\",\"datePublished\":\"2026-04-29T10:03:05+00:00\",\"dateModified\":\"2026-04-29T10:03:12+00:00\",\"breadcrumb\":{\"@id\":\"https:\/\/klimavex.eu\/cz\/katalog\/samsung-kazetova-klimatizace-windfree-mini-4-way-cassette-highee-ac035\/#breadcrumb\"},\"inLanguage\":\"cs\",\"potentialAction\":[{\"@type\":\"ReadAction\",\"target\":[\"https:\/\/klimavex.eu\/cz\/katalog\/samsung-kazetova-klimatizace-windfree-mini-4-way-cassette-highee-ac035\/\"]}]},{\"@type\":\"ImageObject\",\"inLanguage\":\"cs\",\"@id\":\"https:\/\/klimavex.eu\/cz\/katalog\/samsung-kazetova-klimatizace-windfree-mini-4-way-cassette-highee-ac035\/#primaryimage\",\"url\":\"https:\/\/klimavex.eu\/cz\/wp-content\/uploads\/2025\/09\/zKJrDR6c_P6GN5xWJMasDK2s3c9yfj51JKuRXg2Bsqw.png\",\"contentUrl\":\"https:\/\/klimavex.eu\/cz\/wp-content\/uploads\/2025\/09\/zKJrDR6c_P6GN5xWJMasDK2s3c9yfj51JKuRXg2Bsqw.png\",\"width\":688,\"height\":512},{\"@type\":\"BreadcrumbList\",\"@id\":\"https:\/\/klimavex.eu\/cz\/katalog\/samsung-kazetova-klimatizace-windfree-mini-4-way-cassette-highee-ac035\/#breadcrumb\",\"itemListElement\":[{\"@type\":\"ListItem\",\"position\":1,\"name\":\"Domovsk\u00e1 str\u00e1nka\",\"item\":\"https:\/\/klimavex.eu\/cz\/\"},{\"@type\":\"ListItem\",\"position\":2,\"name\":\"Eshop\",\"item\":\"https:\/\/klimavex.eu\/cz\/eshop\/\"},{\"@type\":\"ListItem\",\"position\":3,\"name\":\"Samsung kazetov\u00e1 klimatizace WindFree Mini 4-Way Cassette HighEE AC035\"}]},{\"@type\":\"WebSite\",\"@id\":\"https:\/\/klimavex.eu\/cz\/#website\",\"url\":\"https:\/\/klimavex.eu\/cz\/\",\"name\":\"KLIMAVEX GROUP - \u010cesko\",\"description\":\"\",\"publisher\":{\"@id\":\"https:\/\/klimavex.eu\/cz\/#organization\"},\"alternateName\":\"KLIMAVEX CZ a.s.\",\"potentialAction\":[{\"@type\":\"SearchAction\",\"target\":{\"@type\":\"EntryPoint\",\"urlTemplate\":\"https:\/\/klimavex.eu\/cz\/?s={search_term_string}\"},\"query-input\":{\"@type\":\"PropertyValueSpecification\",\"valueRequired\":true,\"valueName\":\"search_term_string\"}}],\"inLanguage\":\"cs\"},{\"@type\":\"Organization\",\"@id\":\"https:\/\/klimavex.eu\/cz\/#organization\",\"name\":\"KLIMAVEX GROUP\",\"alternateName\":\"KLIMAVEX\",\"url\":\"https:\/\/klimavex.eu\/cz\/\",\"logo\":{\"@type\":\"ImageObject\",\"inLanguage\":\"cs\",\"@id\":\"https:\/\/klimavex.eu\/cz\/#\/schema\/logo\/image\/\",\"url\":\"https:\/\/klimavex.eu\/cz\/wp-content\/uploads\/2024\/04\/Klimavex-Group-logo.png\",\"contentUrl\":\"https:\/\/klimavex.eu\/cz\/wp-content\/uploads\/2024\/04\/Klimavex-Group-logo.png\",\"width\":1681,\"height\":472,\"caption\":\"KLIMAVEX GROUP\"},\"image\":{\"@id\":\"https:\/\/klimavex.eu\/cz\/#\/schema\/logo\/image\/\"},\"sameAs\":[\"https:\/\/www.facebook.com\/klimavex.cz\",\"https:\/\/www.instagram.com\/klimavex_cz\/\"]}]}<\/script>\n<!-- \/ Yoast SEO plugin. -->","yoast_head_json":{"title":"Klimatizace Samsung split kazetov\u00e1 WindFree Mini 4-Way Cassette HighEE AC035 R32 230V 3,5kW - KLIMAVEX GROUP - \u010cesko","robots":{"index":"index","follow":"follow","max-snippet":"max-snippet:-1","max-image-preview":"max-image-preview:large","max-video-preview":"max-video-preview:-1"},"canonical":"https:\/\/klimavex.eu\/cz\/katalog\/samsung-kazetova-klimatizace-windfree-mini-4-way-cassette-highee-ac035\/","og_locale":"cs_CZ","og_type":"article","og_title":"Klimatizace Samsung split kazetov\u00e1 WindFree Mini 4-Way Cassette HighEE AC035 R32 230V 3,5kW - KLIMAVEX GROUP - \u010cesko","og_description":"Samsung WindFree&trade; Mini 4-Way Cassette je m&eacute;n\u011b rozm\u011brn&aacute; kazetov&aacute; klimatiza\u010dn&iacute; jednotka s&nbsp;4cestnou distribuc&iacute; vzduchu, \u010d&iacute;m\u017e poskytuje v&yacute;jime\u010dn\u011b rovnom\u011brn&yacute; dosah proud\u011bn&iacute; vzduchu v&nbsp;prostor&aacute;ch s&nbsp;vysok&yacute;mi stropy (a\u017e 4,6 m). Verze jednotky HighEE nab&iacute;z&iacute; je&scaron;t\u011b vy&scaron;&scaron;&iacute; provozn&iacute; &uacute;\u010dinnost. Jednotka disponuje inovativn&iacute; technologi&iacute; WindFree, d&iacute;ky kter&eacute; u\u017eivatel nepoci\u0165uje pocit studen&eacute;ho pr\u016fvanu. Tato klimatizace, kter&aacute; dok&aacute;\u017ee chladit i topit, je ur\u010dena pro r\u016fzn&eacute; komer\u010dn&iacute; prostory. U\u017e&iacute;v&aacute; se ekologick&eacute; chladivo R32.","og_url":"https:\/\/klimavex.eu\/cz\/katalog\/samsung-kazetova-klimatizace-windfree-mini-4-way-cassette-highee-ac035\/","og_site_name":"KLIMAVEX GROUP - \u010cesko","article_publisher":"https:\/\/www.facebook.com\/klimavex.cz","article_modified_time":"2026-04-29T10:03:12+00:00","og_image":[{"width":688,"height":512,"url":"https:\/\/klimavex.eu\/cz\/wp-content\/uploads\/2025\/09\/zKJrDR6c_P6GN5xWJMasDK2s3c9yfj51JKuRXg2Bsqw.png","type":"image\/png"}],"twitter_card":"summary_large_image","twitter_misc":{"Odhadovan\u00e1 doba \u010dten\u00ed":"1 minuta"},"schema":{"@context":"https:\/\/schema.org","@graph":[{"@type":"WebPage","@id":"https:\/\/klimavex.eu\/cz\/katalog\/samsung-kazetova-klimatizace-windfree-mini-4-way-cassette-highee-ac035\/","url":"https:\/\/klimavex.eu\/cz\/katalog\/samsung-kazetova-klimatizace-windfree-mini-4-way-cassette-highee-ac035\/","name":"Klimatizace Samsung split kazetov\u00e1 WindFree Mini 4-Way Cassette HighEE AC035 R32 230V 3,5kW - KLIMAVEX GROUP - \u010cesko","isPartOf":{"@id":"https:\/\/klimavex.eu\/cz\/#website"},"primaryImageOfPage":{"@id":"https:\/\/klimavex.eu\/cz\/katalog\/samsung-kazetova-klimatizace-windfree-mini-4-way-cassette-highee-ac035\/#primaryimage"},"image":{"@id":"https:\/\/klimavex.eu\/cz\/katalog\/samsung-kazetova-klimatizace-windfree-mini-4-way-cassette-highee-ac035\/#primaryimage"},"thumbnailUrl":"https:\/\/klimavex.eu\/cz\/wp-content\/uploads\/2025\/09\/zKJrDR6c_P6GN5xWJMasDK2s3c9yfj51JKuRXg2Bsqw.png","datePublished":"2026-04-29T10:03:05+00:00","dateModified":"2026-04-29T10:03:12+00:00","breadcrumb":{"@id":"https:\/\/klimavex.eu\/cz\/katalog\/samsung-kazetova-klimatizace-windfree-mini-4-way-cassette-highee-ac035\/#breadcrumb"},"inLanguage":"cs","potentialAction":[{"@type":"ReadAction","target":["https:\/\/klimavex.eu\/cz\/katalog\/samsung-kazetova-klimatizace-windfree-mini-4-way-cassette-highee-ac035\/"]}]},{"@type":"ImageObject","inLanguage":"cs","@id":"https:\/\/klimavex.eu\/cz\/katalog\/samsung-kazetova-klimatizace-windfree-mini-4-way-cassette-highee-ac035\/#primaryimage","url":"https:\/\/klimavex.eu\/cz\/wp-content\/uploads\/2025\/09\/zKJrDR6c_P6GN5xWJMasDK2s3c9yfj51JKuRXg2Bsqw.png","contentUrl":"https:\/\/klimavex.eu\/cz\/wp-content\/uploads\/2025\/09\/zKJrDR6c_P6GN5xWJMasDK2s3c9yfj51JKuRXg2Bsqw.png","width":688,"height":512},{"@type":"BreadcrumbList","@id":"https:\/\/klimavex.eu\/cz\/katalog\/samsung-kazetova-klimatizace-windfree-mini-4-way-cassette-highee-ac035\/#breadcrumb","itemListElement":[{"@type":"ListItem","position":1,"name":"Domovsk\u00e1 str\u00e1nka","item":"https:\/\/klimavex.eu\/cz\/"},{"@type":"ListItem","position":2,"name":"Eshop","item":"https:\/\/klimavex.eu\/cz\/eshop\/"},{"@type":"ListItem","position":3,"name":"Samsung kazetov\u00e1 klimatizace WindFree Mini 4-Way Cassette HighEE AC035"}]},{"@type":"WebSite","@id":"https:\/\/klimavex.eu\/cz\/#website","url":"https:\/\/klimavex.eu\/cz\/","name":"KLIMAVEX GROUP - \u010cesko","description":"","publisher":{"@id":"https:\/\/klimavex.eu\/cz\/#organization"},"alternateName":"KLIMAVEX CZ a.s.","potentialAction":[{"@type":"SearchAction","target":{"@type":"EntryPoint","urlTemplate":"https:\/\/klimavex.eu\/cz\/?s={search_term_string}"},"query-input":{"@type":"PropertyValueSpecification","valueRequired":true,"valueName":"search_term_string"}}],"inLanguage":"cs"},{"@type":"Organization","@id":"https:\/\/klimavex.eu\/cz\/#organization","name":"KLIMAVEX GROUP","alternateName":"KLIMAVEX","url":"https:\/\/klimavex.eu\/cz\/","logo":{"@type":"ImageObject","inLanguage":"cs","@id":"https:\/\/klimavex.eu\/cz\/#\/schema\/logo\/image\/","url":"https:\/\/klimavex.eu\/cz\/wp-content\/uploads\/2024\/04\/Klimavex-Group-logo.png","contentUrl":"https:\/\/klimavex.eu\/cz\/wp-content\/uploads\/2024\/04\/Klimavex-Group-logo.png","width":1681,"height":472,"caption":"KLIMAVEX GROUP"},"image":{"@id":"https:\/\/klimavex.eu\/cz\/#\/schema\/logo\/image\/"},"sameAs":["https:\/\/www.facebook.com\/klimavex.cz","https:\/\/www.instagram.com\/klimavex_cz\/"]}]}},"_links":{"self":[{"href":"https:\/\/klimavex.eu\/cz\/wp-json\/wp\/v2\/product\/542526","targetHints":{"allow":["GET"]}}],"collection":[{"href":"https:\/\/klimavex.eu\/cz\/wp-json\/wp\/v2\/product"}],"about":[{"href":"https:\/\/klimavex.eu\/cz\/wp-json\/wp\/v2\/types\/product"}],"version-history":[{"count":0,"href":"https:\/\/klimavex.eu\/cz\/wp-json\/wp\/v2\/product\/542526\/revisions"}],"wp:featuredmedia":[{"embeddable":true,"href":"https:\/\/klimavex.eu\/cz\/wp-json\/wp\/v2\/media\/546421"}],"wp:attachment":[{"href":"https:\/\/klimavex.eu\/cz\/wp-json\/wp\/v2\/media?parent=542526"}],"wp:term":[{"taxonomy":"product_cat","embeddable":true,"href":"https:\/\/klimavex.eu\/cz\/wp-json\/wp\/v2\/product_cat?post=542526"},{"taxonomy":"product_tag","embeddable":true,"href":"https:\/\/klimavex.eu\/cz\/wp-json\/wp\/v2\/product_tag?post=542526"}],"curies":[{"name":"wp","href":"https:\/\/api.w.org\/{rel}","templated":true}]}}