{"id":542578,"date":"2026-04-08T22:49:05","date_gmt":"2026-04-08T20:49:05","guid":{"rendered":"https:\/\/klimavex.eu\/cz\/katalog\/hyundai-kazetova-klimatizace-slim-hcc-24\/"},"modified":"2026-04-08T22:49:51","modified_gmt":"2026-04-08T20:49:51","slug":"hyundai-kazetova-klimatizace-slim-hcc-24","status":"publish","type":"product","link":"https:\/\/klimavex.eu\/cz\/katalog\/hyundai-kazetova-klimatizace-slim-hcc-24\/","title":{"rendered":"Hyundai kazetov\u00e1 klimatizace SLIM HCC 24"},"content":{"rendered":"<p style=\"text-align: justify;\"><strong>Kl&iacute;\u010dov&eacute; vlastnosti<\/strong><\/p>\n<ul>\n<li style=\"text-align: justify;\">Chladic&iacute; v&yacute;kon nom (min-max) 7,03 kW (3,30 kW &#8211; 7,91 kW)<\/li>\n<li style=\"text-align: justify;\">Topn&yacute; v&yacute;kon nom (min-max) 7,62 kW (2,81 kW &#8211; 8,94 kW)<\/li>\n<li style=\"text-align: justify;\">360&deg; distribuce vzduchu<\/li>\n<li style=\"text-align: justify;\">Motorizovan&eacute; lamely<\/li>\n<li style=\"text-align: justify;\">WiFi modul pro ovl&aacute;d&aacute;n&iacute; na d&aacute;lku<\/li>\n<li style=\"text-align: justify;\">Zabudovan&eacute; \u010derpadlo kondenz&aacute;tu (750 mm)<\/li>\n<li style=\"text-align: justify;\">N&iacute;zk&yacute; profil a stylov&yacute; dekora\u010dn&iacute; panel<\/li>\n<li style=\"text-align: justify;\">Energetick&aacute; t\u0159&iacute;da A++<\/li>\n<li style=\"text-align: justify;\">Vyt&aacute;p\u011bn&iacute; -25&deg;C a\u017e +24&deg;C venkovn&iacute; teploty<\/li>\n<li style=\"text-align: justify;\">Chlazen&iacute; -15&deg;C a\u017e +50&deg;C venkovn&iacute; teploty<\/li>\n<li style=\"text-align: justify;\">Zabudovan&yacute; oh\u0159ev kompresoru a vany venkovn&iacute; jednotky<\/li>\n<\/ul>\n","protected":false},"excerpt":{"rendered":"<p style=\"text-align: justify;\">Kazetov&aacute; klimatizace <strong>Hyundai SLIM HCC-M24IU\/2 <\/strong>je ur\u010dena pro kazetov&yacute; rastr 900&#215;900 mm. <strong>D&iacute;ky n&iacute;zk&eacute;mu profilu a stylov&eacute;mu dekora\u010dn&iacute;mu panelu<\/strong> se harmonicky za\u010dlen&iacute; do jak&eacute;hokoli interi&eacute;ru. Klimatizace je <strong>vybavena WiFi modulem<\/strong> pro snadn&eacute; ovl&aacute;d&aacute;n&iacute; a <strong>360&deg; distribuc&iacute; vzduchu <\/strong>s motorizovan&yacute;mi lamelami pro optim&aacute;ln&iacute; proud\u011bn&iacute; vzduchu. <strong>Umo\u017enuje vyt&aacute;p\u011bn&iacute; a\u017e do -25 &deg;C a chlazen&iacute; a\u017e do +50 &deg;C venkovn&iacute; teploty<\/strong>.<\/p>\n","protected":false},"featured_media":546525,"template":"","meta":[],"product_cat":[10781,10782,10769],"product_tag":[],"class_list":{"0":"post-542578","1":"product","2":"type-product","3":"status-publish","4":"has-post-thumbnail","6":"product_cat-klimatizace-archivovane-produkty","7":"product_cat-archivovane-produkty-klimatizace","8":"product_cat-archivovane-produkty","9":"pa_barva-vnitrni-jednotky-bila","10":"pa_chlad-do-von-tep-c-15c","11":"pa_chladici-vykon-11424","12":"pa_energeticka-trida-scop-40-a","13":"pa_energeticka-trida-seer-62-a","14":"pa_extra-funkce-cerpadlo-kondenzatu","15":"pa_filtrace-vzduchu-standard","16":"pa_hlucnost-vnitrni-jednotky-11423","17":"pa_label-archivovany","18":"pa_napajeni-1f-230v","19":"pa_prikon-chlazeni-11426","20":"pa_prikon-vytapeni-11421","21":"pa_provedeni-kazetovy-split","22":"pa_topny-vykon-11425","23":"pa_typ-chladiva-r32","24":"pa_vyk-do-von-tepl-c-25c","25":"pa_vykonovy-model-11430","26":"pa_znacka-hyundai","28":"first","29":"outofstock","30":"taxable","31":"shipping-taxable","32":"purchasable","33":"product-type-simple"},"yoast_head":"<!-- This site is optimized with the Yoast SEO plugin v23.9 - https:\/\/yoast.com\/wordpress\/plugins\/seo\/ -->\n<title>Hyundai kazetov\u00e1 klimatizace SLIM HCC 24 - KLIMAVEX GROUP - \u010cesko<\/title>\n<meta name=\"robots\" content=\"index, follow, max-snippet:-1, max-image-preview:large, max-video-preview:-1\" \/>\n<link rel=\"canonical\" href=\"https:\/\/klimavex.eu\/cz\/katalog\/hyundai-kazetova-klimatizace-slim-hcc-24\/\" \/>\n<meta property=\"og:locale\" content=\"cs_CZ\" \/>\n<meta property=\"og:type\" content=\"article\" \/>\n<meta property=\"og:title\" content=\"Hyundai kazetov\u00e1 klimatizace SLIM HCC 24 - KLIMAVEX GROUP - \u010cesko\" \/>\n<meta property=\"og:description\" content=\"Kazetov&aacute; klimatizace Hyundai SLIM HCC-M24IU\/2 je ur\u010dena pro kazetov&yacute; rastr 900x900 mm. D&iacute;ky n&iacute;zk&eacute;mu profilu a stylov&eacute;mu dekora\u010dn&iacute;mu panelu se harmonicky za\u010dlen&iacute; do jak&eacute;hokoli interi&eacute;ru. Klimatizace je vybavena WiFi modulem pro snadn&eacute; ovl&aacute;d&aacute;n&iacute; a 360&deg; distribuc&iacute; vzduchu s motorizovan&yacute;mi lamelami pro optim&aacute;ln&iacute; proud\u011bn&iacute; vzduchu. Umo\u017enuje vyt&aacute;p\u011bn&iacute; a\u017e do -25 &deg;C a chlazen&iacute; a\u017e do +50 &deg;C venkovn&iacute; teploty.\" \/>\n<meta property=\"og:url\" content=\"https:\/\/klimavex.eu\/cz\/katalog\/hyundai-kazetova-klimatizace-slim-hcc-24\/\" \/>\n<meta property=\"og:site_name\" content=\"KLIMAVEX GROUP - \u010cesko\" \/>\n<meta property=\"article:publisher\" content=\"https:\/\/www.facebook.com\/klimavex.cz\" \/>\n<meta property=\"article:modified_time\" content=\"2026-04-08T20:49:51+00:00\" \/>\n<meta property=\"og:image\" content=\"https:\/\/klimavex.eu\/cz\/wp-content\/uploads\/2025\/09\/LpMVZ95COShuUbOBWnUKspKg9ubn4mli0zVJZvsZlHg.png\" \/>\n\t<meta property=\"og:image:width\" content=\"512\" \/>\n\t<meta property=\"og:image:height\" content=\"724\" \/>\n\t<meta property=\"og:image:type\" content=\"image\/png\" \/>\n<meta name=\"twitter:card\" content=\"summary_large_image\" \/>\n<meta name=\"twitter:label1\" content=\"Odhadovan\u00e1 doba \u010dten\u00ed\" \/>\n\t<meta name=\"twitter:data1\" content=\"1 minuta\" \/>\n<script type=\"application\/ld+json\" class=\"yoast-schema-graph\">{\"@context\":\"https:\/\/schema.org\",\"@graph\":[{\"@type\":\"WebPage\",\"@id\":\"https:\/\/klimavex.eu\/cz\/katalog\/hyundai-kazetova-klimatizace-slim-hcc-24\/\",\"url\":\"https:\/\/klimavex.eu\/cz\/katalog\/hyundai-kazetova-klimatizace-slim-hcc-24\/\",\"name\":\"Hyundai kazetov\u00e1 klimatizace SLIM HCC 24 - KLIMAVEX GROUP - \u010cesko\",\"isPartOf\":{\"@id\":\"https:\/\/klimavex.eu\/cz\/#website\"},\"primaryImageOfPage\":{\"@id\":\"https:\/\/klimavex.eu\/cz\/katalog\/hyundai-kazetova-klimatizace-slim-hcc-24\/#primaryimage\"},\"image\":{\"@id\":\"https:\/\/klimavex.eu\/cz\/katalog\/hyundai-kazetova-klimatizace-slim-hcc-24\/#primaryimage\"},\"thumbnailUrl\":\"https:\/\/klimavex.eu\/cz\/wp-content\/uploads\/2025\/09\/LpMVZ95COShuUbOBWnUKspKg9ubn4mli0zVJZvsZlHg.png\",\"datePublished\":\"2026-04-08T20:49:05+00:00\",\"dateModified\":\"2026-04-08T20:49:51+00:00\",\"breadcrumb\":{\"@id\":\"https:\/\/klimavex.eu\/cz\/katalog\/hyundai-kazetova-klimatizace-slim-hcc-24\/#breadcrumb\"},\"inLanguage\":\"cs\",\"potentialAction\":[{\"@type\":\"ReadAction\",\"target\":[\"https:\/\/klimavex.eu\/cz\/katalog\/hyundai-kazetova-klimatizace-slim-hcc-24\/\"]}]},{\"@type\":\"ImageObject\",\"inLanguage\":\"cs\",\"@id\":\"https:\/\/klimavex.eu\/cz\/katalog\/hyundai-kazetova-klimatizace-slim-hcc-24\/#primaryimage\",\"url\":\"https:\/\/klimavex.eu\/cz\/wp-content\/uploads\/2025\/09\/LpMVZ95COShuUbOBWnUKspKg9ubn4mli0zVJZvsZlHg.png\",\"contentUrl\":\"https:\/\/klimavex.eu\/cz\/wp-content\/uploads\/2025\/09\/LpMVZ95COShuUbOBWnUKspKg9ubn4mli0zVJZvsZlHg.png\",\"width\":512,\"height\":724},{\"@type\":\"BreadcrumbList\",\"@id\":\"https:\/\/klimavex.eu\/cz\/katalog\/hyundai-kazetova-klimatizace-slim-hcc-24\/#breadcrumb\",\"itemListElement\":[{\"@type\":\"ListItem\",\"position\":1,\"name\":\"Domovsk\u00e1 str\u00e1nka\",\"item\":\"https:\/\/klimavex.eu\/cz\/\"},{\"@type\":\"ListItem\",\"position\":2,\"name\":\"Eshop\",\"item\":\"https:\/\/klimavex.eu\/cz\/eshop\/\"},{\"@type\":\"ListItem\",\"position\":3,\"name\":\"Hyundai kazetov\u00e1 klimatizace SLIM HCC 24\"}]},{\"@type\":\"WebSite\",\"@id\":\"https:\/\/klimavex.eu\/cz\/#website\",\"url\":\"https:\/\/klimavex.eu\/cz\/\",\"name\":\"KLIMAVEX GROUP - \u010cesko\",\"description\":\"\",\"publisher\":{\"@id\":\"https:\/\/klimavex.eu\/cz\/#organization\"},\"alternateName\":\"KLIMAVEX CZ a.s.\",\"potentialAction\":[{\"@type\":\"SearchAction\",\"target\":{\"@type\":\"EntryPoint\",\"urlTemplate\":\"https:\/\/klimavex.eu\/cz\/?s={search_term_string}\"},\"query-input\":{\"@type\":\"PropertyValueSpecification\",\"valueRequired\":true,\"valueName\":\"search_term_string\"}}],\"inLanguage\":\"cs\"},{\"@type\":\"Organization\",\"@id\":\"https:\/\/klimavex.eu\/cz\/#organization\",\"name\":\"KLIMAVEX GROUP\",\"alternateName\":\"KLIMAVEX\",\"url\":\"https:\/\/klimavex.eu\/cz\/\",\"logo\":{\"@type\":\"ImageObject\",\"inLanguage\":\"cs\",\"@id\":\"https:\/\/klimavex.eu\/cz\/#\/schema\/logo\/image\/\",\"url\":\"https:\/\/klimavex.eu\/cz\/wp-content\/uploads\/2024\/04\/Klimavex-Group-logo.png\",\"contentUrl\":\"https:\/\/klimavex.eu\/cz\/wp-content\/uploads\/2024\/04\/Klimavex-Group-logo.png\",\"width\":1681,\"height\":472,\"caption\":\"KLIMAVEX GROUP\"},\"image\":{\"@id\":\"https:\/\/klimavex.eu\/cz\/#\/schema\/logo\/image\/\"},\"sameAs\":[\"https:\/\/www.facebook.com\/klimavex.cz\",\"https:\/\/www.instagram.com\/klimavex_cz\/\"]}]}<\/script>\n<!-- \/ Yoast SEO plugin. -->","yoast_head_json":{"title":"Hyundai kazetov\u00e1 klimatizace SLIM HCC 24 - KLIMAVEX GROUP - \u010cesko","robots":{"index":"index","follow":"follow","max-snippet":"max-snippet:-1","max-image-preview":"max-image-preview:large","max-video-preview":"max-video-preview:-1"},"canonical":"https:\/\/klimavex.eu\/cz\/katalog\/hyundai-kazetova-klimatizace-slim-hcc-24\/","og_locale":"cs_CZ","og_type":"article","og_title":"Hyundai kazetov\u00e1 klimatizace SLIM HCC 24 - KLIMAVEX GROUP - \u010cesko","og_description":"Kazetov&aacute; klimatizace Hyundai SLIM HCC-M24IU\/2 je ur\u010dena pro kazetov&yacute; rastr 900x900 mm. D&iacute;ky n&iacute;zk&eacute;mu profilu a stylov&eacute;mu dekora\u010dn&iacute;mu panelu se harmonicky za\u010dlen&iacute; do jak&eacute;hokoli interi&eacute;ru. Klimatizace je vybavena WiFi modulem pro snadn&eacute; ovl&aacute;d&aacute;n&iacute; a 360&deg; distribuc&iacute; vzduchu s motorizovan&yacute;mi lamelami pro optim&aacute;ln&iacute; proud\u011bn&iacute; vzduchu. Umo\u017enuje vyt&aacute;p\u011bn&iacute; a\u017e do -25 &deg;C a chlazen&iacute; a\u017e do +50 &deg;C venkovn&iacute; teploty.","og_url":"https:\/\/klimavex.eu\/cz\/katalog\/hyundai-kazetova-klimatizace-slim-hcc-24\/","og_site_name":"KLIMAVEX GROUP - \u010cesko","article_publisher":"https:\/\/www.facebook.com\/klimavex.cz","article_modified_time":"2026-04-08T20:49:51+00:00","og_image":[{"width":512,"height":724,"url":"https:\/\/klimavex.eu\/cz\/wp-content\/uploads\/2025\/09\/LpMVZ95COShuUbOBWnUKspKg9ubn4mli0zVJZvsZlHg.png","type":"image\/png"}],"twitter_card":"summary_large_image","twitter_misc":{"Odhadovan\u00e1 doba \u010dten\u00ed":"1 minuta"},"schema":{"@context":"https:\/\/schema.org","@graph":[{"@type":"WebPage","@id":"https:\/\/klimavex.eu\/cz\/katalog\/hyundai-kazetova-klimatizace-slim-hcc-24\/","url":"https:\/\/klimavex.eu\/cz\/katalog\/hyundai-kazetova-klimatizace-slim-hcc-24\/","name":"Hyundai kazetov\u00e1 klimatizace SLIM HCC 24 - KLIMAVEX GROUP - \u010cesko","isPartOf":{"@id":"https:\/\/klimavex.eu\/cz\/#website"},"primaryImageOfPage":{"@id":"https:\/\/klimavex.eu\/cz\/katalog\/hyundai-kazetova-klimatizace-slim-hcc-24\/#primaryimage"},"image":{"@id":"https:\/\/klimavex.eu\/cz\/katalog\/hyundai-kazetova-klimatizace-slim-hcc-24\/#primaryimage"},"thumbnailUrl":"https:\/\/klimavex.eu\/cz\/wp-content\/uploads\/2025\/09\/LpMVZ95COShuUbOBWnUKspKg9ubn4mli0zVJZvsZlHg.png","datePublished":"2026-04-08T20:49:05+00:00","dateModified":"2026-04-08T20:49:51+00:00","breadcrumb":{"@id":"https:\/\/klimavex.eu\/cz\/katalog\/hyundai-kazetova-klimatizace-slim-hcc-24\/#breadcrumb"},"inLanguage":"cs","potentialAction":[{"@type":"ReadAction","target":["https:\/\/klimavex.eu\/cz\/katalog\/hyundai-kazetova-klimatizace-slim-hcc-24\/"]}]},{"@type":"ImageObject","inLanguage":"cs","@id":"https:\/\/klimavex.eu\/cz\/katalog\/hyundai-kazetova-klimatizace-slim-hcc-24\/#primaryimage","url":"https:\/\/klimavex.eu\/cz\/wp-content\/uploads\/2025\/09\/LpMVZ95COShuUbOBWnUKspKg9ubn4mli0zVJZvsZlHg.png","contentUrl":"https:\/\/klimavex.eu\/cz\/wp-content\/uploads\/2025\/09\/LpMVZ95COShuUbOBWnUKspKg9ubn4mli0zVJZvsZlHg.png","width":512,"height":724},{"@type":"BreadcrumbList","@id":"https:\/\/klimavex.eu\/cz\/katalog\/hyundai-kazetova-klimatizace-slim-hcc-24\/#breadcrumb","itemListElement":[{"@type":"ListItem","position":1,"name":"Domovsk\u00e1 str\u00e1nka","item":"https:\/\/klimavex.eu\/cz\/"},{"@type":"ListItem","position":2,"name":"Eshop","item":"https:\/\/klimavex.eu\/cz\/eshop\/"},{"@type":"ListItem","position":3,"name":"Hyundai kazetov\u00e1 klimatizace SLIM HCC 24"}]},{"@type":"WebSite","@id":"https:\/\/klimavex.eu\/cz\/#website","url":"https:\/\/klimavex.eu\/cz\/","name":"KLIMAVEX GROUP - \u010cesko","description":"","publisher":{"@id":"https:\/\/klimavex.eu\/cz\/#organization"},"alternateName":"KLIMAVEX CZ a.s.","potentialAction":[{"@type":"SearchAction","target":{"@type":"EntryPoint","urlTemplate":"https:\/\/klimavex.eu\/cz\/?s={search_term_string}"},"query-input":{"@type":"PropertyValueSpecification","valueRequired":true,"valueName":"search_term_string"}}],"inLanguage":"cs"},{"@type":"Organization","@id":"https:\/\/klimavex.eu\/cz\/#organization","name":"KLIMAVEX GROUP","alternateName":"KLIMAVEX","url":"https:\/\/klimavex.eu\/cz\/","logo":{"@type":"ImageObject","inLanguage":"cs","@id":"https:\/\/klimavex.eu\/cz\/#\/schema\/logo\/image\/","url":"https:\/\/klimavex.eu\/cz\/wp-content\/uploads\/2024\/04\/Klimavex-Group-logo.png","contentUrl":"https:\/\/klimavex.eu\/cz\/wp-content\/uploads\/2024\/04\/Klimavex-Group-logo.png","width":1681,"height":472,"caption":"KLIMAVEX GROUP"},"image":{"@id":"https:\/\/klimavex.eu\/cz\/#\/schema\/logo\/image\/"},"sameAs":["https:\/\/www.facebook.com\/klimavex.cz","https:\/\/www.instagram.com\/klimavex_cz\/"]}]}},"_links":{"self":[{"href":"https:\/\/klimavex.eu\/cz\/wp-json\/wp\/v2\/product\/542578","targetHints":{"allow":["GET"]}}],"collection":[{"href":"https:\/\/klimavex.eu\/cz\/wp-json\/wp\/v2\/product"}],"about":[{"href":"https:\/\/klimavex.eu\/cz\/wp-json\/wp\/v2\/types\/product"}],"version-history":[{"count":0,"href":"https:\/\/klimavex.eu\/cz\/wp-json\/wp\/v2\/product\/542578\/revisions"}],"wp:featuredmedia":[{"embeddable":true,"href":"https:\/\/klimavex.eu\/cz\/wp-json\/wp\/v2\/media\/546525"}],"wp:attachment":[{"href":"https:\/\/klimavex.eu\/cz\/wp-json\/wp\/v2\/media?parent=542578"}],"wp:term":[{"taxonomy":"product_cat","embeddable":true,"href":"https:\/\/klimavex.eu\/cz\/wp-json\/wp\/v2\/product_cat?post=542578"},{"taxonomy":"product_tag","embeddable":true,"href":"https:\/\/klimavex.eu\/cz\/wp-json\/wp\/v2\/product_tag?post=542578"}],"curies":[{"name":"wp","href":"https:\/\/api.w.org\/{rel}","templated":true}]}}