{"id":542579,"date":"2026-04-28T12:03:05","date_gmt":"2026-04-28T10:03:05","guid":{"rendered":"https:\/\/klimavex.eu\/cz\/katalog\/hyundai-nastenna-klimatizace-carbon-grey-hrp-18\/"},"modified":"2026-04-28T12:03:23","modified_gmt":"2026-04-28T10:03:23","slug":"klimatizace-hyundai-split-nastenna-carbon-grey-18-r32-230v-5kw","status":"publish","type":"product","link":"https:\/\/klimavex.eu\/cz\/katalog\/klimatizace-hyundai-split-nastenna-carbon-grey-18-r32-230v-5kw\/","title":{"rendered":"Klimatizace Hyundai split n\u00e1st\u011bnn\u00e1 CARBON GREY 18 R32 230V 5kW"},"content":{"rendered":"<p style=\"text-align: justify;\"><strong>Kl&iacute;\u010dov&eacute; vlastnosti<\/strong><\/p>\n<ul>\n<li style=\"text-align: justify;\">Zabudovan&yacute; ioniz&aacute;tor vzduchu<\/li>\n<li style=\"text-align: justify;\">Zabudovan&yacute; oh\u0159ev kompresoru a vany venkovn&iacute; jednotky<\/li>\n<li style=\"text-align: justify;\">Tich&yacute; provoz &ndash; od 20 dB(A)<\/li>\n<li style=\"text-align: justify;\">Tich&yacute; re\u017eim, re\u017eim sp&aacute;nku, pohotovostn&iacute; re\u017eim<\/li>\n<li style=\"text-align: justify;\">Extra vysok&aacute; energetick&aacute; &uacute;\u010dinnost A+++<\/li>\n<li style=\"text-align: justify;\">Vybaveno filtrem s&nbsp;ionty st\u0159&iacute;bra, katalytick&yacute;m filtrem a filtrem s&nbsp;aktivn&iacute;m uhl&iacute;m<\/li>\n<li style=\"text-align: justify;\">Rozsah chlazen&iacute; a\u017e do 50&deg;C venkovn&iacute; teploty<\/li>\n<li style=\"text-align: justify;\">Rozsah topen&iacute; a\u017e do -25&deg;C venkovn&iacute; teploty<\/li>\n<li style=\"text-align: justify;\">Temperace na&nbsp;+8&deg;&nbsp;C&nbsp;p\u0159i automatick&eacute;m \u0159&iacute;zen&iacute; provozu klimatizace<\/li>\n<li style=\"text-align: justify;\">D&aacute;lkov&eacute; ovl&aacute;d&aacute;n&iacute; d&iacute;ky modulu Wi-Fi<\/li>\n<li style=\"text-align: justify;\">Kompatibiln&iacute; s multisplitem<\/li>\n<\/ul>\n","protected":false},"excerpt":{"rendered":"<p style=\"text-align: justify;\"><strong>Hyundai CARBON GREY<\/strong> je n&aacute;st\u011bnn&aacute; split klimatizace, kter&aacute; sv&yacute;m designem a funkcemi dok&aacute;\u017ee splnit po\u017eadavky i n&aacute;ro\u010dn&eacute;ho z&aacute;kazn&iacute;ka. Jej&iacute; n&aacute;zev je odvozen nejen z jej&iacute;ho grafitov\u011b &scaron;ed&eacute;ho zbarven&iacute;, ale tak&eacute; t&iacute;m, \u017ee disponuje <strong>filtrem s&nbsp;aktivn&iacute;m uhl&iacute;m<\/strong>. Umo\u017e\u0148uje <strong>vyt&aacute;p\u011bt a\u017e do -25&deg;C<\/strong> venkovn&iacute; teploty d&iacute;ky zabudovan&eacute;mu <strong>oh\u0159evu kompresoru a vany venkovn&iacute; jednotky<\/strong>. Disponuje rovn\u011b\u017e <strong>zabudovan&yacute;m ioniz&aacute;torem<\/strong>, kter&yacute; zbavuje vzduch pach\u016f, prachu nebo kou\u0159e. Jej&iacute; provoz je <strong>mimo\u0159&aacute;dn\u011b tich&yacute;<\/strong>.<\/p>\n","protected":false},"featured_media":546530,"template":"","meta":[],"product_cat":[7681,7657,7660,7683,7659,7547],"product_tag":[],"class_list":{"0":"post-542579","1":"product","2":"type-product","3":"status-publish","4":"has-post-thumbnail","6":"product_cat-hyundai","7":"product_cat-podle-znacky","8":"product_cat-nastenne","9":"product_cat-nastenne-carbon-grey","10":"product_cat-podle-typu","11":"product_cat-klimatizace","12":"pa_barva-vnitrni-jednotky-seda","13":"pa_chlad-do-von-tep-c-15c","14":"pa_chladici-vykon-11489","15":"pa_energeticka-trida-scop-40-a","16":"pa_energeticka-trida-seer-70-a","17":"pa_extra-funkce-temperovani-na-8c","18":"pa_filtrace-vzduchu-ionizator","19":"pa_hlucnost-vnitrni-jednotky-11488","20":"pa_napajeni-1f-230v","21":"pa_prikon-chlazeni-11491","22":"pa_prikon-vytapeni-11378","23":"pa_provedeni-nastenny-split","24":"pa_topny-vykon-11490","25":"pa_typ-chladiva-r32","26":"pa_vyk-do-von-tepl-c-25c","27":"pa_vykonovy-model-11462","28":"pa_znacka-hyundai","30":"first","31":"instock","32":"taxable","33":"shipping-taxable","34":"purchasable","35":"product-type-simple"},"yoast_head":"<!-- This site is optimized with the Yoast SEO plugin v23.9 - https:\/\/yoast.com\/wordpress\/plugins\/seo\/ -->\n<title>Klimatizace Hyundai split n\u00e1st\u011bnn\u00e1 CARBON GREY 18 R32 230V 5kW - KLIMAVEX GROUP - \u010cesko<\/title>\n<meta name=\"robots\" content=\"index, follow, max-snippet:-1, max-image-preview:large, max-video-preview:-1\" \/>\n<link rel=\"canonical\" href=\"https:\/\/klimavex.eu\/cz\/katalog\/hyundai-nastenna-klimatizace-carbon-grey-hrp-18\/\" \/>\n<meta property=\"og:locale\" content=\"cs_CZ\" \/>\n<meta property=\"og:type\" content=\"article\" \/>\n<meta property=\"og:title\" content=\"Klimatizace Hyundai split n\u00e1st\u011bnn\u00e1 CARBON GREY 18 R32 230V 5kW - KLIMAVEX GROUP - \u010cesko\" \/>\n<meta property=\"og:description\" content=\"Hyundai CARBON GREY je n&aacute;st\u011bnn&aacute; split klimatizace, kter&aacute; sv&yacute;m designem a funkcemi dok&aacute;\u017ee splnit po\u017eadavky i n&aacute;ro\u010dn&eacute;ho z&aacute;kazn&iacute;ka. Jej&iacute; n&aacute;zev je odvozen nejen z jej&iacute;ho grafitov\u011b &scaron;ed&eacute;ho zbarven&iacute;, ale tak&eacute; t&iacute;m, \u017ee disponuje filtrem s&nbsp;aktivn&iacute;m uhl&iacute;m. Umo\u017e\u0148uje vyt&aacute;p\u011bt a\u017e do -25&deg;C venkovn&iacute; teploty d&iacute;ky zabudovan&eacute;mu oh\u0159evu kompresoru a vany venkovn&iacute; jednotky. Disponuje rovn\u011b\u017e zabudovan&yacute;m ioniz&aacute;torem, kter&yacute; zbavuje vzduch pach\u016f, prachu nebo kou\u0159e. Jej&iacute; provoz je mimo\u0159&aacute;dn\u011b tich&yacute;.\" \/>\n<meta property=\"og:url\" content=\"https:\/\/klimavex.eu\/cz\/katalog\/hyundai-nastenna-klimatizace-carbon-grey-hrp-18\/\" \/>\n<meta property=\"og:site_name\" content=\"KLIMAVEX GROUP - \u010cesko\" \/>\n<meta property=\"article:publisher\" content=\"https:\/\/www.facebook.com\/klimavex.cz\" \/>\n<meta property=\"article:modified_time\" content=\"2026-04-28T10:03:23+00:00\" \/>\n<meta property=\"og:image\" content=\"https:\/\/klimavex.eu\/cz\/wp-content\/uploads\/2025\/09\/9TfFXq_XFH15M89yPECgA3qyrOY20Di4-mmTNAeco14-1.jpeg\" \/>\n\t<meta property=\"og:image:width\" content=\"540\" \/>\n\t<meta property=\"og:image:height\" content=\"512\" \/>\n\t<meta property=\"og:image:type\" content=\"image\/jpeg\" \/>\n<meta name=\"twitter:card\" content=\"summary_large_image\" \/>\n<meta name=\"twitter:label1\" content=\"Odhadovan\u00e1 doba \u010dten\u00ed\" \/>\n\t<meta name=\"twitter:data1\" content=\"1 minuta\" \/>\n<script type=\"application\/ld+json\" class=\"yoast-schema-graph\">{\"@context\":\"https:\/\/schema.org\",\"@graph\":[{\"@type\":\"WebPage\",\"@id\":\"https:\/\/klimavex.eu\/cz\/katalog\/hyundai-nastenna-klimatizace-carbon-grey-hrp-18\/\",\"url\":\"https:\/\/klimavex.eu\/cz\/katalog\/hyundai-nastenna-klimatizace-carbon-grey-hrp-18\/\",\"name\":\"Klimatizace Hyundai split n\u00e1st\u011bnn\u00e1 CARBON GREY 18 R32 230V 5kW - KLIMAVEX GROUP - \u010cesko\",\"isPartOf\":{\"@id\":\"https:\/\/klimavex.eu\/cz\/#website\"},\"primaryImageOfPage\":{\"@id\":\"https:\/\/klimavex.eu\/cz\/katalog\/hyundai-nastenna-klimatizace-carbon-grey-hrp-18\/#primaryimage\"},\"image\":{\"@id\":\"https:\/\/klimavex.eu\/cz\/katalog\/hyundai-nastenna-klimatizace-carbon-grey-hrp-18\/#primaryimage\"},\"thumbnailUrl\":\"https:\/\/klimavex.eu\/cz\/wp-content\/uploads\/2025\/09\/9TfFXq_XFH15M89yPECgA3qyrOY20Di4-mmTNAeco14-1.jpeg\",\"datePublished\":\"2026-04-28T10:03:05+00:00\",\"dateModified\":\"2026-04-28T10:03:23+00:00\",\"breadcrumb\":{\"@id\":\"https:\/\/klimavex.eu\/cz\/katalog\/hyundai-nastenna-klimatizace-carbon-grey-hrp-18\/#breadcrumb\"},\"inLanguage\":\"cs\",\"potentialAction\":[{\"@type\":\"ReadAction\",\"target\":[\"https:\/\/klimavex.eu\/cz\/katalog\/hyundai-nastenna-klimatizace-carbon-grey-hrp-18\/\"]}]},{\"@type\":\"ImageObject\",\"inLanguage\":\"cs\",\"@id\":\"https:\/\/klimavex.eu\/cz\/katalog\/hyundai-nastenna-klimatizace-carbon-grey-hrp-18\/#primaryimage\",\"url\":\"https:\/\/klimavex.eu\/cz\/wp-content\/uploads\/2025\/09\/9TfFXq_XFH15M89yPECgA3qyrOY20Di4-mmTNAeco14-1.jpeg\",\"contentUrl\":\"https:\/\/klimavex.eu\/cz\/wp-content\/uploads\/2025\/09\/9TfFXq_XFH15M89yPECgA3qyrOY20Di4-mmTNAeco14-1.jpeg\",\"width\":540,\"height\":512},{\"@type\":\"BreadcrumbList\",\"@id\":\"https:\/\/klimavex.eu\/cz\/katalog\/hyundai-nastenna-klimatizace-carbon-grey-hrp-18\/#breadcrumb\",\"itemListElement\":[{\"@type\":\"ListItem\",\"position\":1,\"name\":\"Domovsk\u00e1 str\u00e1nka\",\"item\":\"https:\/\/klimavex.eu\/cz\/\"},{\"@type\":\"ListItem\",\"position\":2,\"name\":\"Eshop\",\"item\":\"https:\/\/klimavex.eu\/cz\/eshop\/\"},{\"@type\":\"ListItem\",\"position\":3,\"name\":\"Hyundai n\u00e1st\u011bnn\u00e1 klimatizace CARBON GREY HRP 18\"}]},{\"@type\":\"WebSite\",\"@id\":\"https:\/\/klimavex.eu\/cz\/#website\",\"url\":\"https:\/\/klimavex.eu\/cz\/\",\"name\":\"KLIMAVEX GROUP - \u010cesko\",\"description\":\"\",\"publisher\":{\"@id\":\"https:\/\/klimavex.eu\/cz\/#organization\"},\"alternateName\":\"KLIMAVEX CZ a.s.\",\"potentialAction\":[{\"@type\":\"SearchAction\",\"target\":{\"@type\":\"EntryPoint\",\"urlTemplate\":\"https:\/\/klimavex.eu\/cz\/?s={search_term_string}\"},\"query-input\":{\"@type\":\"PropertyValueSpecification\",\"valueRequired\":true,\"valueName\":\"search_term_string\"}}],\"inLanguage\":\"cs\"},{\"@type\":\"Organization\",\"@id\":\"https:\/\/klimavex.eu\/cz\/#organization\",\"name\":\"KLIMAVEX GROUP\",\"alternateName\":\"KLIMAVEX\",\"url\":\"https:\/\/klimavex.eu\/cz\/\",\"logo\":{\"@type\":\"ImageObject\",\"inLanguage\":\"cs\",\"@id\":\"https:\/\/klimavex.eu\/cz\/#\/schema\/logo\/image\/\",\"url\":\"https:\/\/klimavex.eu\/cz\/wp-content\/uploads\/2024\/04\/Klimavex-Group-logo.png\",\"contentUrl\":\"https:\/\/klimavex.eu\/cz\/wp-content\/uploads\/2024\/04\/Klimavex-Group-logo.png\",\"width\":1681,\"height\":472,\"caption\":\"KLIMAVEX GROUP\"},\"image\":{\"@id\":\"https:\/\/klimavex.eu\/cz\/#\/schema\/logo\/image\/\"},\"sameAs\":[\"https:\/\/www.facebook.com\/klimavex.cz\",\"https:\/\/www.instagram.com\/klimavex_cz\/\"]}]}<\/script>\n<!-- \/ Yoast SEO plugin. -->","yoast_head_json":{"title":"Klimatizace Hyundai split n\u00e1st\u011bnn\u00e1 CARBON GREY 18 R32 230V 5kW - KLIMAVEX GROUP - \u010cesko","robots":{"index":"index","follow":"follow","max-snippet":"max-snippet:-1","max-image-preview":"max-image-preview:large","max-video-preview":"max-video-preview:-1"},"canonical":"https:\/\/klimavex.eu\/cz\/katalog\/hyundai-nastenna-klimatizace-carbon-grey-hrp-18\/","og_locale":"cs_CZ","og_type":"article","og_title":"Klimatizace Hyundai split n\u00e1st\u011bnn\u00e1 CARBON GREY 18 R32 230V 5kW - KLIMAVEX GROUP - \u010cesko","og_description":"Hyundai CARBON GREY je n&aacute;st\u011bnn&aacute; split klimatizace, kter&aacute; sv&yacute;m designem a funkcemi dok&aacute;\u017ee splnit po\u017eadavky i n&aacute;ro\u010dn&eacute;ho z&aacute;kazn&iacute;ka. Jej&iacute; n&aacute;zev je odvozen nejen z jej&iacute;ho grafitov\u011b &scaron;ed&eacute;ho zbarven&iacute;, ale tak&eacute; t&iacute;m, \u017ee disponuje filtrem s&nbsp;aktivn&iacute;m uhl&iacute;m. Umo\u017e\u0148uje vyt&aacute;p\u011bt a\u017e do -25&deg;C venkovn&iacute; teploty d&iacute;ky zabudovan&eacute;mu oh\u0159evu kompresoru a vany venkovn&iacute; jednotky. Disponuje rovn\u011b\u017e zabudovan&yacute;m ioniz&aacute;torem, kter&yacute; zbavuje vzduch pach\u016f, prachu nebo kou\u0159e. Jej&iacute; provoz je mimo\u0159&aacute;dn\u011b tich&yacute;.","og_url":"https:\/\/klimavex.eu\/cz\/katalog\/hyundai-nastenna-klimatizace-carbon-grey-hrp-18\/","og_site_name":"KLIMAVEX GROUP - \u010cesko","article_publisher":"https:\/\/www.facebook.com\/klimavex.cz","article_modified_time":"2026-04-28T10:03:23+00:00","og_image":[{"width":540,"height":512,"url":"https:\/\/klimavex.eu\/cz\/wp-content\/uploads\/2025\/09\/9TfFXq_XFH15M89yPECgA3qyrOY20Di4-mmTNAeco14-1.jpeg","type":"image\/jpeg"}],"twitter_card":"summary_large_image","twitter_misc":{"Odhadovan\u00e1 doba \u010dten\u00ed":"1 minuta"},"schema":{"@context":"https:\/\/schema.org","@graph":[{"@type":"WebPage","@id":"https:\/\/klimavex.eu\/cz\/katalog\/hyundai-nastenna-klimatizace-carbon-grey-hrp-18\/","url":"https:\/\/klimavex.eu\/cz\/katalog\/hyundai-nastenna-klimatizace-carbon-grey-hrp-18\/","name":"Klimatizace Hyundai split n\u00e1st\u011bnn\u00e1 CARBON GREY 18 R32 230V 5kW - KLIMAVEX GROUP - \u010cesko","isPartOf":{"@id":"https:\/\/klimavex.eu\/cz\/#website"},"primaryImageOfPage":{"@id":"https:\/\/klimavex.eu\/cz\/katalog\/hyundai-nastenna-klimatizace-carbon-grey-hrp-18\/#primaryimage"},"image":{"@id":"https:\/\/klimavex.eu\/cz\/katalog\/hyundai-nastenna-klimatizace-carbon-grey-hrp-18\/#primaryimage"},"thumbnailUrl":"https:\/\/klimavex.eu\/cz\/wp-content\/uploads\/2025\/09\/9TfFXq_XFH15M89yPECgA3qyrOY20Di4-mmTNAeco14-1.jpeg","datePublished":"2026-04-28T10:03:05+00:00","dateModified":"2026-04-28T10:03:23+00:00","breadcrumb":{"@id":"https:\/\/klimavex.eu\/cz\/katalog\/hyundai-nastenna-klimatizace-carbon-grey-hrp-18\/#breadcrumb"},"inLanguage":"cs","potentialAction":[{"@type":"ReadAction","target":["https:\/\/klimavex.eu\/cz\/katalog\/hyundai-nastenna-klimatizace-carbon-grey-hrp-18\/"]}]},{"@type":"ImageObject","inLanguage":"cs","@id":"https:\/\/klimavex.eu\/cz\/katalog\/hyundai-nastenna-klimatizace-carbon-grey-hrp-18\/#primaryimage","url":"https:\/\/klimavex.eu\/cz\/wp-content\/uploads\/2025\/09\/9TfFXq_XFH15M89yPECgA3qyrOY20Di4-mmTNAeco14-1.jpeg","contentUrl":"https:\/\/klimavex.eu\/cz\/wp-content\/uploads\/2025\/09\/9TfFXq_XFH15M89yPECgA3qyrOY20Di4-mmTNAeco14-1.jpeg","width":540,"height":512},{"@type":"BreadcrumbList","@id":"https:\/\/klimavex.eu\/cz\/katalog\/hyundai-nastenna-klimatizace-carbon-grey-hrp-18\/#breadcrumb","itemListElement":[{"@type":"ListItem","position":1,"name":"Domovsk\u00e1 str\u00e1nka","item":"https:\/\/klimavex.eu\/cz\/"},{"@type":"ListItem","position":2,"name":"Eshop","item":"https:\/\/klimavex.eu\/cz\/eshop\/"},{"@type":"ListItem","position":3,"name":"Hyundai n\u00e1st\u011bnn\u00e1 klimatizace CARBON GREY HRP 18"}]},{"@type":"WebSite","@id":"https:\/\/klimavex.eu\/cz\/#website","url":"https:\/\/klimavex.eu\/cz\/","name":"KLIMAVEX GROUP - \u010cesko","description":"","publisher":{"@id":"https:\/\/klimavex.eu\/cz\/#organization"},"alternateName":"KLIMAVEX CZ a.s.","potentialAction":[{"@type":"SearchAction","target":{"@type":"EntryPoint","urlTemplate":"https:\/\/klimavex.eu\/cz\/?s={search_term_string}"},"query-input":{"@type":"PropertyValueSpecification","valueRequired":true,"valueName":"search_term_string"}}],"inLanguage":"cs"},{"@type":"Organization","@id":"https:\/\/klimavex.eu\/cz\/#organization","name":"KLIMAVEX GROUP","alternateName":"KLIMAVEX","url":"https:\/\/klimavex.eu\/cz\/","logo":{"@type":"ImageObject","inLanguage":"cs","@id":"https:\/\/klimavex.eu\/cz\/#\/schema\/logo\/image\/","url":"https:\/\/klimavex.eu\/cz\/wp-content\/uploads\/2024\/04\/Klimavex-Group-logo.png","contentUrl":"https:\/\/klimavex.eu\/cz\/wp-content\/uploads\/2024\/04\/Klimavex-Group-logo.png","width":1681,"height":472,"caption":"KLIMAVEX GROUP"},"image":{"@id":"https:\/\/klimavex.eu\/cz\/#\/schema\/logo\/image\/"},"sameAs":["https:\/\/www.facebook.com\/klimavex.cz","https:\/\/www.instagram.com\/klimavex_cz\/"]}]}},"_links":{"self":[{"href":"https:\/\/klimavex.eu\/cz\/wp-json\/wp\/v2\/product\/542579","targetHints":{"allow":["GET"]}}],"collection":[{"href":"https:\/\/klimavex.eu\/cz\/wp-json\/wp\/v2\/product"}],"about":[{"href":"https:\/\/klimavex.eu\/cz\/wp-json\/wp\/v2\/types\/product"}],"version-history":[{"count":0,"href":"https:\/\/klimavex.eu\/cz\/wp-json\/wp\/v2\/product\/542579\/revisions"}],"wp:featuredmedia":[{"embeddable":true,"href":"https:\/\/klimavex.eu\/cz\/wp-json\/wp\/v2\/media\/546530"}],"wp:attachment":[{"href":"https:\/\/klimavex.eu\/cz\/wp-json\/wp\/v2\/media?parent=542579"}],"wp:term":[{"taxonomy":"product_cat","embeddable":true,"href":"https:\/\/klimavex.eu\/cz\/wp-json\/wp\/v2\/product_cat?post=542579"},{"taxonomy":"product_tag","embeddable":true,"href":"https:\/\/klimavex.eu\/cz\/wp-json\/wp\/v2\/product_tag?post=542579"}],"curies":[{"name":"wp","href":"https:\/\/api.w.org\/{rel}","templated":true}]}}