{"id":542597,"date":"2026-03-31T18:14:20","date_gmt":"2026-03-31T16:14:20","guid":{"rendered":"https:\/\/klimavex.eu\/cz\/katalog\/panasonic-kazetova-klimatizace-paci-nx-s-6071pu3e\/"},"modified":"2026-03-31T18:14:42","modified_gmt":"2026-03-31T16:14:42","slug":"klimatizace-panasonic-paci-nx-vnitrni-kazetova-6071pu3e-6-71kw","status":"publish","type":"product","link":"https:\/\/klimavex.eu\/cz\/katalog\/klimatizace-panasonic-paci-nx-vnitrni-kazetova-6071pu3e-6-71kw\/","title":{"rendered":"Klimatizace Panasonic PACi NX vnit\u0159n\u00ed kazetov\u00e1 6071PU3E 6-7,1kW"},"content":{"rendered":"<p style=\"text-align: justify;\"><strong>Kl&iacute;\u010dov&eacute; vlastnosti:<\/strong><\/p>\n<ul>\n<li style=\"text-align: justify;\">Vnit\u0159n&iacute; jednotka<\/li>\n<li style=\"text-align: justify;\">4cestn&aacute; kazetov&aacute; jednotka 90 &times; 90 &#8211; PU3<\/li>\n<li style=\"text-align: justify;\">Gener&aacute;tor nanoe&trade; X Mark 1<\/li>\n<li style=\"text-align: justify;\">Panel (v &times; &scaron; &times; h \/ \u010dist&aacute; hmotnost): 33,5 &times; 950 &times; 950 mm \/ 5 kg<\/li>\n<li style=\"text-align: justify;\">K dispozici pokro\u010dil&aacute; funkce Econavi (inteligentn&iacute; sn&iacute;ma\u010d pro sn&iacute;\u017een&iacute; pl&yacute;tv&aacute;n&iacute; energi&iacute;)<\/li>\n<li style=\"text-align: justify;\">Voliteln&yacute; panel CZ-KPU3<\/li>\n<li style=\"text-align: justify;\">Provozn&iacute; rozsah do 52&deg;C p\u0159i chlazen&iacute; a -20&deg;C p\u0159i vyt&aacute;p\u011bn&iacute;<\/li>\n<li style=\"text-align: justify;\">Chladivo R32<\/li>\n<\/ul>\n","protected":false},"excerpt":{"rendered":"<p style=\"text-align: justify;\">Komer\u010dn&iacute; klimatiza\u010dn&iacute; syst&eacute;my <strong>Panasonic PACi NX v&nbsp;kazetov&eacute;m proveden&iacute;<\/strong> s chladivem R32 byly vyvinuty s c&iacute;lem uspokojit popt&aacute;vku po mo\u017enostech jednoduch&eacute; rekonstrukce d&iacute;ky 3-vodi\u010dov&eacute;mu p\u0159ipojen&iacute;. Umo\u017e\u0148uj&iacute; tak&eacute; integraci do \u0159e&scaron;en&iacute; internetu v\u011bc&iacute; a standardn\u011b nab&iacute;zej&iacute; funkci nanoe&trade; X.<\/p>\n<p style=\"text-align: justify;\"><strong>Vnit\u0159n&iacute; kazetov&aacute; jednotka PACi NX<\/strong> standardn\u011b nab&iacute;z&iacute; <strong>technologii nanoe&trade; X<\/strong>, kter&aacute; poskytuje v&yacute;jime\u010dnou &uacute;rove\u0148 kvality vzduchu v interi&eacute;ru.<\/p>\n","protected":false},"featured_media":546578,"template":"","meta":[],"product_cat":[7700],"product_tag":[],"class_list":{"0":"post-542597","1":"product","2":"type-product","3":"status-publish","4":"has-post-thumbnail","6":"product_cat-vnitrni-jednotky","7":"pa_vykonovy-model-11430","8":"pa_znacka-panasonic","10":"first","11":"instock","12":"taxable","13":"shipping-taxable","14":"purchasable","15":"product-type-simple"},"yoast_head":"<!-- This site is optimized with the Yoast SEO plugin v23.9 - https:\/\/yoast.com\/wordpress\/plugins\/seo\/ -->\n<title>Klimatizace Panasonic PACi NX vnit\u0159n\u00ed kazetov\u00e1 6071PU3E 6-7,1kW - KLIMAVEX GROUP - \u010cesko<\/title>\n<meta name=\"robots\" content=\"index, follow, max-snippet:-1, max-image-preview:large, max-video-preview:-1\" \/>\n<link rel=\"canonical\" href=\"https:\/\/klimavex.eu\/cz\/katalog\/panasonic-kazetova-klimatizace-paci-nx-s-6071pu3e\/\" \/>\n<meta property=\"og:locale\" content=\"cs_CZ\" \/>\n<meta property=\"og:type\" content=\"article\" \/>\n<meta property=\"og:title\" content=\"Klimatizace Panasonic PACi NX vnit\u0159n\u00ed kazetov\u00e1 6071PU3E 6-7,1kW - KLIMAVEX GROUP - \u010cesko\" \/>\n<meta property=\"og:description\" content=\"Komer\u010dn&iacute; klimatiza\u010dn&iacute; syst&eacute;my Panasonic PACi NX v&nbsp;kazetov&eacute;m proveden&iacute; s chladivem R32 byly vyvinuty s c&iacute;lem uspokojit popt&aacute;vku po mo\u017enostech jednoduch&eacute; rekonstrukce d&iacute;ky 3-vodi\u010dov&eacute;mu p\u0159ipojen&iacute;. Umo\u017e\u0148uj&iacute; tak&eacute; integraci do \u0159e&scaron;en&iacute; internetu v\u011bc&iacute; a standardn\u011b nab&iacute;zej&iacute; funkci nanoe&trade; X. Vnit\u0159n&iacute; kazetov&aacute; jednotka PACi NX standardn\u011b nab&iacute;z&iacute; technologii nanoe&trade; X, kter&aacute; poskytuje v&yacute;jime\u010dnou &uacute;rove\u0148 kvality vzduchu v interi&eacute;ru.\" \/>\n<meta property=\"og:url\" content=\"https:\/\/klimavex.eu\/cz\/katalog\/panasonic-kazetova-klimatizace-paci-nx-s-6071pu3e\/\" \/>\n<meta property=\"og:site_name\" content=\"KLIMAVEX GROUP - \u010cesko\" \/>\n<meta property=\"article:publisher\" content=\"https:\/\/www.facebook.com\/klimavex.cz\" \/>\n<meta property=\"article:modified_time\" content=\"2026-03-31T16:14:42+00:00\" \/>\n<meta property=\"og:image\" content=\"https:\/\/klimavex.eu\/cz\/wp-content\/uploads\/2025\/09\/YCqTCrPuIwxQnbDgdd-YHS0xtIcVVrc8c7eOHEI78hE-1.png\" \/>\n\t<meta property=\"og:image:width\" content=\"914\" \/>\n\t<meta property=\"og:image:height\" content=\"512\" \/>\n\t<meta property=\"og:image:type\" content=\"image\/png\" \/>\n<meta name=\"twitter:card\" content=\"summary_large_image\" \/>\n<script type=\"application\/ld+json\" class=\"yoast-schema-graph\">{\"@context\":\"https:\/\/schema.org\",\"@graph\":[{\"@type\":\"WebPage\",\"@id\":\"https:\/\/klimavex.eu\/cz\/katalog\/panasonic-kazetova-klimatizace-paci-nx-s-6071pu3e\/\",\"url\":\"https:\/\/klimavex.eu\/cz\/katalog\/panasonic-kazetova-klimatizace-paci-nx-s-6071pu3e\/\",\"name\":\"Klimatizace Panasonic PACi NX vnit\u0159n\u00ed kazetov\u00e1 6071PU3E 6-7,1kW - KLIMAVEX GROUP - \u010cesko\",\"isPartOf\":{\"@id\":\"https:\/\/klimavex.eu\/cz\/#website\"},\"primaryImageOfPage\":{\"@id\":\"https:\/\/klimavex.eu\/cz\/katalog\/panasonic-kazetova-klimatizace-paci-nx-s-6071pu3e\/#primaryimage\"},\"image\":{\"@id\":\"https:\/\/klimavex.eu\/cz\/katalog\/panasonic-kazetova-klimatizace-paci-nx-s-6071pu3e\/#primaryimage\"},\"thumbnailUrl\":\"https:\/\/klimavex.eu\/cz\/wp-content\/uploads\/2025\/09\/YCqTCrPuIwxQnbDgdd-YHS0xtIcVVrc8c7eOHEI78hE-1.png\",\"datePublished\":\"2026-03-31T16:14:20+00:00\",\"dateModified\":\"2026-03-31T16:14:42+00:00\",\"breadcrumb\":{\"@id\":\"https:\/\/klimavex.eu\/cz\/katalog\/panasonic-kazetova-klimatizace-paci-nx-s-6071pu3e\/#breadcrumb\"},\"inLanguage\":\"cs\",\"potentialAction\":[{\"@type\":\"ReadAction\",\"target\":[\"https:\/\/klimavex.eu\/cz\/katalog\/panasonic-kazetova-klimatizace-paci-nx-s-6071pu3e\/\"]}]},{\"@type\":\"ImageObject\",\"inLanguage\":\"cs\",\"@id\":\"https:\/\/klimavex.eu\/cz\/katalog\/panasonic-kazetova-klimatizace-paci-nx-s-6071pu3e\/#primaryimage\",\"url\":\"https:\/\/klimavex.eu\/cz\/wp-content\/uploads\/2025\/09\/YCqTCrPuIwxQnbDgdd-YHS0xtIcVVrc8c7eOHEI78hE-1.png\",\"contentUrl\":\"https:\/\/klimavex.eu\/cz\/wp-content\/uploads\/2025\/09\/YCqTCrPuIwxQnbDgdd-YHS0xtIcVVrc8c7eOHEI78hE-1.png\",\"width\":914,\"height\":512},{\"@type\":\"BreadcrumbList\",\"@id\":\"https:\/\/klimavex.eu\/cz\/katalog\/panasonic-kazetova-klimatizace-paci-nx-s-6071pu3e\/#breadcrumb\",\"itemListElement\":[{\"@type\":\"ListItem\",\"position\":1,\"name\":\"Domovsk\u00e1 str\u00e1nka\",\"item\":\"https:\/\/klimavex.eu\/cz\/\"},{\"@type\":\"ListItem\",\"position\":2,\"name\":\"Eshop\",\"item\":\"https:\/\/klimavex.eu\/cz\/eshop\/\"},{\"@type\":\"ListItem\",\"position\":3,\"name\":\"Panasonic kazetov\u00e1 klimatizace PACi NX S-6071PU3E\"}]},{\"@type\":\"WebSite\",\"@id\":\"https:\/\/klimavex.eu\/cz\/#website\",\"url\":\"https:\/\/klimavex.eu\/cz\/\",\"name\":\"KLIMAVEX GROUP - \u010cesko\",\"description\":\"\",\"publisher\":{\"@id\":\"https:\/\/klimavex.eu\/cz\/#organization\"},\"alternateName\":\"KLIMAVEX CZ a.s.\",\"potentialAction\":[{\"@type\":\"SearchAction\",\"target\":{\"@type\":\"EntryPoint\",\"urlTemplate\":\"https:\/\/klimavex.eu\/cz\/?s={search_term_string}\"},\"query-input\":{\"@type\":\"PropertyValueSpecification\",\"valueRequired\":true,\"valueName\":\"search_term_string\"}}],\"inLanguage\":\"cs\"},{\"@type\":\"Organization\",\"@id\":\"https:\/\/klimavex.eu\/cz\/#organization\",\"name\":\"KLIMAVEX GROUP\",\"alternateName\":\"KLIMAVEX\",\"url\":\"https:\/\/klimavex.eu\/cz\/\",\"logo\":{\"@type\":\"ImageObject\",\"inLanguage\":\"cs\",\"@id\":\"https:\/\/klimavex.eu\/cz\/#\/schema\/logo\/image\/\",\"url\":\"https:\/\/klimavex.eu\/cz\/wp-content\/uploads\/2024\/04\/Klimavex-Group-logo.png\",\"contentUrl\":\"https:\/\/klimavex.eu\/cz\/wp-content\/uploads\/2024\/04\/Klimavex-Group-logo.png\",\"width\":1681,\"height\":472,\"caption\":\"KLIMAVEX GROUP\"},\"image\":{\"@id\":\"https:\/\/klimavex.eu\/cz\/#\/schema\/logo\/image\/\"},\"sameAs\":[\"https:\/\/www.facebook.com\/klimavex.cz\",\"https:\/\/www.instagram.com\/klimavex_cz\/\"]}]}<\/script>\n<!-- \/ Yoast SEO plugin. -->","yoast_head_json":{"title":"Klimatizace Panasonic PACi NX vnit\u0159n\u00ed kazetov\u00e1 6071PU3E 6-7,1kW - KLIMAVEX GROUP - \u010cesko","robots":{"index":"index","follow":"follow","max-snippet":"max-snippet:-1","max-image-preview":"max-image-preview:large","max-video-preview":"max-video-preview:-1"},"canonical":"https:\/\/klimavex.eu\/cz\/katalog\/panasonic-kazetova-klimatizace-paci-nx-s-6071pu3e\/","og_locale":"cs_CZ","og_type":"article","og_title":"Klimatizace Panasonic PACi NX vnit\u0159n\u00ed kazetov\u00e1 6071PU3E 6-7,1kW - KLIMAVEX GROUP - \u010cesko","og_description":"Komer\u010dn&iacute; klimatiza\u010dn&iacute; syst&eacute;my Panasonic PACi NX v&nbsp;kazetov&eacute;m proveden&iacute; s chladivem R32 byly vyvinuty s c&iacute;lem uspokojit popt&aacute;vku po mo\u017enostech jednoduch&eacute; rekonstrukce d&iacute;ky 3-vodi\u010dov&eacute;mu p\u0159ipojen&iacute;. Umo\u017e\u0148uj&iacute; tak&eacute; integraci do \u0159e&scaron;en&iacute; internetu v\u011bc&iacute; a standardn\u011b nab&iacute;zej&iacute; funkci nanoe&trade; X. Vnit\u0159n&iacute; kazetov&aacute; jednotka PACi NX standardn\u011b nab&iacute;z&iacute; technologii nanoe&trade; X, kter&aacute; poskytuje v&yacute;jime\u010dnou &uacute;rove\u0148 kvality vzduchu v interi&eacute;ru.","og_url":"https:\/\/klimavex.eu\/cz\/katalog\/panasonic-kazetova-klimatizace-paci-nx-s-6071pu3e\/","og_site_name":"KLIMAVEX GROUP - \u010cesko","article_publisher":"https:\/\/www.facebook.com\/klimavex.cz","article_modified_time":"2026-03-31T16:14:42+00:00","og_image":[{"width":914,"height":512,"url":"https:\/\/klimavex.eu\/cz\/wp-content\/uploads\/2025\/09\/YCqTCrPuIwxQnbDgdd-YHS0xtIcVVrc8c7eOHEI78hE-1.png","type":"image\/png"}],"twitter_card":"summary_large_image","schema":{"@context":"https:\/\/schema.org","@graph":[{"@type":"WebPage","@id":"https:\/\/klimavex.eu\/cz\/katalog\/panasonic-kazetova-klimatizace-paci-nx-s-6071pu3e\/","url":"https:\/\/klimavex.eu\/cz\/katalog\/panasonic-kazetova-klimatizace-paci-nx-s-6071pu3e\/","name":"Klimatizace Panasonic PACi NX vnit\u0159n\u00ed kazetov\u00e1 6071PU3E 6-7,1kW - KLIMAVEX GROUP - \u010cesko","isPartOf":{"@id":"https:\/\/klimavex.eu\/cz\/#website"},"primaryImageOfPage":{"@id":"https:\/\/klimavex.eu\/cz\/katalog\/panasonic-kazetova-klimatizace-paci-nx-s-6071pu3e\/#primaryimage"},"image":{"@id":"https:\/\/klimavex.eu\/cz\/katalog\/panasonic-kazetova-klimatizace-paci-nx-s-6071pu3e\/#primaryimage"},"thumbnailUrl":"https:\/\/klimavex.eu\/cz\/wp-content\/uploads\/2025\/09\/YCqTCrPuIwxQnbDgdd-YHS0xtIcVVrc8c7eOHEI78hE-1.png","datePublished":"2026-03-31T16:14:20+00:00","dateModified":"2026-03-31T16:14:42+00:00","breadcrumb":{"@id":"https:\/\/klimavex.eu\/cz\/katalog\/panasonic-kazetova-klimatizace-paci-nx-s-6071pu3e\/#breadcrumb"},"inLanguage":"cs","potentialAction":[{"@type":"ReadAction","target":["https:\/\/klimavex.eu\/cz\/katalog\/panasonic-kazetova-klimatizace-paci-nx-s-6071pu3e\/"]}]},{"@type":"ImageObject","inLanguage":"cs","@id":"https:\/\/klimavex.eu\/cz\/katalog\/panasonic-kazetova-klimatizace-paci-nx-s-6071pu3e\/#primaryimage","url":"https:\/\/klimavex.eu\/cz\/wp-content\/uploads\/2025\/09\/YCqTCrPuIwxQnbDgdd-YHS0xtIcVVrc8c7eOHEI78hE-1.png","contentUrl":"https:\/\/klimavex.eu\/cz\/wp-content\/uploads\/2025\/09\/YCqTCrPuIwxQnbDgdd-YHS0xtIcVVrc8c7eOHEI78hE-1.png","width":914,"height":512},{"@type":"BreadcrumbList","@id":"https:\/\/klimavex.eu\/cz\/katalog\/panasonic-kazetova-klimatizace-paci-nx-s-6071pu3e\/#breadcrumb","itemListElement":[{"@type":"ListItem","position":1,"name":"Domovsk\u00e1 str\u00e1nka","item":"https:\/\/klimavex.eu\/cz\/"},{"@type":"ListItem","position":2,"name":"Eshop","item":"https:\/\/klimavex.eu\/cz\/eshop\/"},{"@type":"ListItem","position":3,"name":"Panasonic kazetov\u00e1 klimatizace PACi NX S-6071PU3E"}]},{"@type":"WebSite","@id":"https:\/\/klimavex.eu\/cz\/#website","url":"https:\/\/klimavex.eu\/cz\/","name":"KLIMAVEX GROUP - \u010cesko","description":"","publisher":{"@id":"https:\/\/klimavex.eu\/cz\/#organization"},"alternateName":"KLIMAVEX CZ a.s.","potentialAction":[{"@type":"SearchAction","target":{"@type":"EntryPoint","urlTemplate":"https:\/\/klimavex.eu\/cz\/?s={search_term_string}"},"query-input":{"@type":"PropertyValueSpecification","valueRequired":true,"valueName":"search_term_string"}}],"inLanguage":"cs"},{"@type":"Organization","@id":"https:\/\/klimavex.eu\/cz\/#organization","name":"KLIMAVEX GROUP","alternateName":"KLIMAVEX","url":"https:\/\/klimavex.eu\/cz\/","logo":{"@type":"ImageObject","inLanguage":"cs","@id":"https:\/\/klimavex.eu\/cz\/#\/schema\/logo\/image\/","url":"https:\/\/klimavex.eu\/cz\/wp-content\/uploads\/2024\/04\/Klimavex-Group-logo.png","contentUrl":"https:\/\/klimavex.eu\/cz\/wp-content\/uploads\/2024\/04\/Klimavex-Group-logo.png","width":1681,"height":472,"caption":"KLIMAVEX GROUP"},"image":{"@id":"https:\/\/klimavex.eu\/cz\/#\/schema\/logo\/image\/"},"sameAs":["https:\/\/www.facebook.com\/klimavex.cz","https:\/\/www.instagram.com\/klimavex_cz\/"]}]}},"_links":{"self":[{"href":"https:\/\/klimavex.eu\/cz\/wp-json\/wp\/v2\/product\/542597","targetHints":{"allow":["GET"]}}],"collection":[{"href":"https:\/\/klimavex.eu\/cz\/wp-json\/wp\/v2\/product"}],"about":[{"href":"https:\/\/klimavex.eu\/cz\/wp-json\/wp\/v2\/types\/product"}],"version-history":[{"count":0,"href":"https:\/\/klimavex.eu\/cz\/wp-json\/wp\/v2\/product\/542597\/revisions"}],"wp:featuredmedia":[{"embeddable":true,"href":"https:\/\/klimavex.eu\/cz\/wp-json\/wp\/v2\/media\/546578"}],"wp:attachment":[{"href":"https:\/\/klimavex.eu\/cz\/wp-json\/wp\/v2\/media?parent=542597"}],"wp:term":[{"taxonomy":"product_cat","embeddable":true,"href":"https:\/\/klimavex.eu\/cz\/wp-json\/wp\/v2\/product_cat?post=542597"},{"taxonomy":"product_tag","embeddable":true,"href":"https:\/\/klimavex.eu\/cz\/wp-json\/wp\/v2\/product_tag?post=542597"}],"curies":[{"name":"wp","href":"https:\/\/api.w.org\/{rel}","templated":true}]}}