{"id":542645,"date":"2026-04-12T22:49:58","date_gmt":"2026-04-12T20:49:58","guid":{"rendered":"https:\/\/klimavex.eu\/cz\/katalog\/hyundai-vnitrni-jednotka-smart-easy-pro-hrp-24\/"},"modified":"2026-04-12T22:50:13","modified_gmt":"2026-04-12T20:50:13","slug":"hyundai-vnitrni-jednotka-smart-easy-pro-hrp-24","status":"publish","type":"product","link":"https:\/\/klimavex.eu\/cz\/katalog\/hyundai-vnitrni-jednotka-smart-easy-pro-hrp-24\/","title":{"rendered":"Hyundai vnit\u0159n\u00ed jednotka SMART EASY PRO HRP 24"},"content":{"rendered":"<p style=\"text-align: justify;\"><strong>Kl&iacute;\u010dov&eacute; vlastnosti<\/strong><\/p>\n<ul>\n<li style=\"text-align: justify;\">Zabudovan&yacute; oh\u0159ev kompresoru a vany venkovn&iacute; jednotky<\/li>\n<li style=\"text-align: justify;\">Tich&yacute; provoz &ndash; od 21 dB(A)<\/li>\n<li style=\"text-align: justify;\">Tich&yacute; re\u017eim, re\u017eim sp&aacute;nku, pohotovostn&iacute; re\u017eim<\/li>\n<li style=\"text-align: justify;\">Extra vysok&aacute; energetick&aacute; &uacute;\u010dinnost A+++<\/li>\n<li style=\"text-align: justify;\">Vybaveno katalytick&yacute;m filtrem a bio filtrem HEPA<\/li>\n<li style=\"text-align: justify;\">Funkce Inteligentn&iacute; oko, kter&aacute; sleduje pohyb po m&iacute;stnosti pro zv&yacute;&scaron;en&iacute; &uacute;spory energie<\/li>\n<li style=\"text-align: justify;\">Rozsah chlazen&iacute; a\u017e do 50&deg;C venkovn&iacute; teploty<\/li>\n<li style=\"text-align: justify;\">Rozsah topen&iacute; a\u017e do -30&deg;C venkovn&iacute; teploty<\/li>\n<li style=\"text-align: justify;\">Temperace na&nbsp;+8&deg;&nbsp;C&nbsp;p\u0159i automatick&eacute;m \u0159&iacute;zen&iacute; provozu klimatizace<\/li>\n<li style=\"text-align: justify;\">D&aacute;lkov&eacute; ovl&aacute;d&aacute;n&iacute; d&iacute;ky modulu Wi-Fi<\/li>\n<li style=\"text-align: justify;\">Kompatibiln&iacute; s&nbsp;multisplitem<\/li>\n<\/ul>\n","protected":false},"excerpt":{"rendered":"<p style=\"text-align: justify;\"><strong>Hyundai SMART EASY PRO<\/strong> je vnit\u0159n&iacute; n&aacute;st\u011bnn&aacute; jednotka <strong>pro multisplit<\/strong> zapojen&iacute;, kter&aacute; zahrnuje nejnov\u011bj&scaron;&iacute; konstruk\u010dn&iacute; \u0159e&scaron;en&iacute; a nejpokro\u010dilej&scaron;&iacute; funkce z&nbsp;cel&eacute; \u0159ady n&aacute;st\u011bnn&yacute;ch klimatizac&iacute; Hyundai. Nab&iacute;z&iacute; <strong>tich&yacute; provoz<\/strong>, pokro\u010dil&eacute; filtry, mimo\u0159&aacute;dn\u011b <strong>snadnou instalaci a &uacute;dr\u017ebu<\/strong> \u010di speci&aacute;ln&iacute; <strong>funkci Inteligentn&iacute; oko<\/strong>. Umo\u017e\u0148uje <strong>vyt&aacute;p\u011bt a\u017e do -30&deg;C<\/strong> venkovn&iacute; teploty d&iacute;ky <strong>zabudovan&eacute;mu oh\u0159evu kompresoru a vany venkovn&iacute; jednotky<\/strong>.<\/p>\n","protected":false},"featured_media":546679,"template":"","meta":[],"product_cat":[7657,7681,7659,10783,7547,10784,7670,10772,7685],"product_tag":[],"class_list":{"0":"post-542645","1":"product","2":"type-product","3":"status-publish","4":"has-post-thumbnail","6":"product_cat-podle-znacky","7":"product_cat-hyundai","8":"product_cat-podle-typu","9":"product_cat-klimatizace-doprodej","10":"product_cat-klimatizace","11":"product_cat-doprodej-klimatizace","12":"product_cat-multisplity","13":"product_cat-doprodej","14":"product_cat-multisplit","15":"pa_chladici-vykon-11499","16":"pa_hlucnost-vnitrni-jednotky-11466","17":"pa_label-dopredaj","18":"pa_multisplit-vnitrni-nastenna-70","19":"pa_napajeni-1f-230v","20":"pa_provedeni-multisplit-vnitrni","21":"pa_topny-vykon-11500","22":"pa_typ-chladiva-r32","23":"pa_znacka-hyundai","25":"first","26":"instock","27":"taxable","28":"shipping-taxable","29":"purchasable","30":"product-type-simple"},"yoast_head":"<!-- This site is optimized with the Yoast SEO plugin v23.9 - https:\/\/yoast.com\/wordpress\/plugins\/seo\/ -->\n<title>Hyundai vnit\u0159n\u00ed jednotka SMART EASY PRO HRP 24 - KLIMAVEX GROUP - \u010cesko<\/title>\n<meta name=\"robots\" content=\"index, follow, max-snippet:-1, max-image-preview:large, max-video-preview:-1\" \/>\n<link rel=\"canonical\" href=\"https:\/\/klimavex.eu\/cz\/katalog\/hyundai-vnitrni-jednotka-smart-easy-pro-hrp-24\/\" \/>\n<meta property=\"og:locale\" content=\"cs_CZ\" \/>\n<meta property=\"og:type\" content=\"article\" \/>\n<meta property=\"og:title\" content=\"Hyundai vnit\u0159n\u00ed jednotka SMART EASY PRO HRP 24 - KLIMAVEX GROUP - \u010cesko\" \/>\n<meta property=\"og:description\" content=\"Hyundai SMART EASY PRO je vnit\u0159n&iacute; n&aacute;st\u011bnn&aacute; jednotka pro multisplit zapojen&iacute;, kter&aacute; zahrnuje nejnov\u011bj&scaron;&iacute; konstruk\u010dn&iacute; \u0159e&scaron;en&iacute; a nejpokro\u010dilej&scaron;&iacute; funkce z&nbsp;cel&eacute; \u0159ady n&aacute;st\u011bnn&yacute;ch klimatizac&iacute; Hyundai. Nab&iacute;z&iacute; tich&yacute; provoz, pokro\u010dil&eacute; filtry, mimo\u0159&aacute;dn\u011b snadnou instalaci a &uacute;dr\u017ebu \u010di speci&aacute;ln&iacute; funkci Inteligentn&iacute; oko. Umo\u017e\u0148uje vyt&aacute;p\u011bt a\u017e do -30&deg;C venkovn&iacute; teploty d&iacute;ky zabudovan&eacute;mu oh\u0159evu kompresoru a vany venkovn&iacute; jednotky.\" \/>\n<meta property=\"og:url\" content=\"https:\/\/klimavex.eu\/cz\/katalog\/hyundai-vnitrni-jednotka-smart-easy-pro-hrp-24\/\" \/>\n<meta property=\"og:site_name\" content=\"KLIMAVEX GROUP - \u010cesko\" \/>\n<meta property=\"article:publisher\" content=\"https:\/\/www.facebook.com\/klimavex.cz\" \/>\n<meta property=\"article:modified_time\" content=\"2026-04-12T20:50:13+00:00\" \/>\n<meta property=\"og:image\" content=\"https:\/\/klimavex.eu\/cz\/wp-content\/uploads\/2025\/09\/mcgKJkL2mxfUFFIUzdppoMWmLbOMwKay-RexEzRpxYg-1.png\" \/>\n\t<meta property=\"og:image:width\" content=\"619\" \/>\n\t<meta property=\"og:image:height\" content=\"512\" \/>\n\t<meta property=\"og:image:type\" content=\"image\/png\" \/>\n<meta name=\"twitter:card\" content=\"summary_large_image\" \/>\n<meta name=\"twitter:label1\" content=\"Odhadovan\u00e1 doba \u010dten\u00ed\" \/>\n\t<meta name=\"twitter:data1\" content=\"1 minuta\" \/>\n<script type=\"application\/ld+json\" class=\"yoast-schema-graph\">{\"@context\":\"https:\/\/schema.org\",\"@graph\":[{\"@type\":\"WebPage\",\"@id\":\"https:\/\/klimavex.eu\/cz\/katalog\/hyundai-vnitrni-jednotka-smart-easy-pro-hrp-24\/\",\"url\":\"https:\/\/klimavex.eu\/cz\/katalog\/hyundai-vnitrni-jednotka-smart-easy-pro-hrp-24\/\",\"name\":\"Hyundai vnit\u0159n\u00ed jednotka SMART EASY PRO HRP 24 - KLIMAVEX GROUP - \u010cesko\",\"isPartOf\":{\"@id\":\"https:\/\/klimavex.eu\/cz\/#website\"},\"primaryImageOfPage\":{\"@id\":\"https:\/\/klimavex.eu\/cz\/katalog\/hyundai-vnitrni-jednotka-smart-easy-pro-hrp-24\/#primaryimage\"},\"image\":{\"@id\":\"https:\/\/klimavex.eu\/cz\/katalog\/hyundai-vnitrni-jednotka-smart-easy-pro-hrp-24\/#primaryimage\"},\"thumbnailUrl\":\"https:\/\/klimavex.eu\/cz\/wp-content\/uploads\/2025\/09\/mcgKJkL2mxfUFFIUzdppoMWmLbOMwKay-RexEzRpxYg-1.png\",\"datePublished\":\"2026-04-12T20:49:58+00:00\",\"dateModified\":\"2026-04-12T20:50:13+00:00\",\"breadcrumb\":{\"@id\":\"https:\/\/klimavex.eu\/cz\/katalog\/hyundai-vnitrni-jednotka-smart-easy-pro-hrp-24\/#breadcrumb\"},\"inLanguage\":\"cs\",\"potentialAction\":[{\"@type\":\"ReadAction\",\"target\":[\"https:\/\/klimavex.eu\/cz\/katalog\/hyundai-vnitrni-jednotka-smart-easy-pro-hrp-24\/\"]}]},{\"@type\":\"ImageObject\",\"inLanguage\":\"cs\",\"@id\":\"https:\/\/klimavex.eu\/cz\/katalog\/hyundai-vnitrni-jednotka-smart-easy-pro-hrp-24\/#primaryimage\",\"url\":\"https:\/\/klimavex.eu\/cz\/wp-content\/uploads\/2025\/09\/mcgKJkL2mxfUFFIUzdppoMWmLbOMwKay-RexEzRpxYg-1.png\",\"contentUrl\":\"https:\/\/klimavex.eu\/cz\/wp-content\/uploads\/2025\/09\/mcgKJkL2mxfUFFIUzdppoMWmLbOMwKay-RexEzRpxYg-1.png\",\"width\":619,\"height\":512},{\"@type\":\"BreadcrumbList\",\"@id\":\"https:\/\/klimavex.eu\/cz\/katalog\/hyundai-vnitrni-jednotka-smart-easy-pro-hrp-24\/#breadcrumb\",\"itemListElement\":[{\"@type\":\"ListItem\",\"position\":1,\"name\":\"Domovsk\u00e1 str\u00e1nka\",\"item\":\"https:\/\/klimavex.eu\/cz\/\"},{\"@type\":\"ListItem\",\"position\":2,\"name\":\"Eshop\",\"item\":\"https:\/\/klimavex.eu\/cz\/eshop\/\"},{\"@type\":\"ListItem\",\"position\":3,\"name\":\"Hyundai vnit\u0159n\u00ed jednotka SMART EASY PRO HRP 24\"}]},{\"@type\":\"WebSite\",\"@id\":\"https:\/\/klimavex.eu\/cz\/#website\",\"url\":\"https:\/\/klimavex.eu\/cz\/\",\"name\":\"KLIMAVEX GROUP - \u010cesko\",\"description\":\"\",\"publisher\":{\"@id\":\"https:\/\/klimavex.eu\/cz\/#organization\"},\"alternateName\":\"KLIMAVEX CZ a.s.\",\"potentialAction\":[{\"@type\":\"SearchAction\",\"target\":{\"@type\":\"EntryPoint\",\"urlTemplate\":\"https:\/\/klimavex.eu\/cz\/?s={search_term_string}\"},\"query-input\":{\"@type\":\"PropertyValueSpecification\",\"valueRequired\":true,\"valueName\":\"search_term_string\"}}],\"inLanguage\":\"cs\"},{\"@type\":\"Organization\",\"@id\":\"https:\/\/klimavex.eu\/cz\/#organization\",\"name\":\"KLIMAVEX GROUP\",\"alternateName\":\"KLIMAVEX\",\"url\":\"https:\/\/klimavex.eu\/cz\/\",\"logo\":{\"@type\":\"ImageObject\",\"inLanguage\":\"cs\",\"@id\":\"https:\/\/klimavex.eu\/cz\/#\/schema\/logo\/image\/\",\"url\":\"https:\/\/klimavex.eu\/cz\/wp-content\/uploads\/2024\/04\/Klimavex-Group-logo.png\",\"contentUrl\":\"https:\/\/klimavex.eu\/cz\/wp-content\/uploads\/2024\/04\/Klimavex-Group-logo.png\",\"width\":1681,\"height\":472,\"caption\":\"KLIMAVEX GROUP\"},\"image\":{\"@id\":\"https:\/\/klimavex.eu\/cz\/#\/schema\/logo\/image\/\"},\"sameAs\":[\"https:\/\/www.facebook.com\/klimavex.cz\",\"https:\/\/www.instagram.com\/klimavex_cz\/\"]}]}<\/script>\n<!-- \/ Yoast SEO plugin. -->","yoast_head_json":{"title":"Hyundai vnit\u0159n\u00ed jednotka SMART EASY PRO HRP 24 - KLIMAVEX GROUP - \u010cesko","robots":{"index":"index","follow":"follow","max-snippet":"max-snippet:-1","max-image-preview":"max-image-preview:large","max-video-preview":"max-video-preview:-1"},"canonical":"https:\/\/klimavex.eu\/cz\/katalog\/hyundai-vnitrni-jednotka-smart-easy-pro-hrp-24\/","og_locale":"cs_CZ","og_type":"article","og_title":"Hyundai vnit\u0159n\u00ed jednotka SMART EASY PRO HRP 24 - KLIMAVEX GROUP - \u010cesko","og_description":"Hyundai SMART EASY PRO je vnit\u0159n&iacute; n&aacute;st\u011bnn&aacute; jednotka pro multisplit zapojen&iacute;, kter&aacute; zahrnuje nejnov\u011bj&scaron;&iacute; konstruk\u010dn&iacute; \u0159e&scaron;en&iacute; a nejpokro\u010dilej&scaron;&iacute; funkce z&nbsp;cel&eacute; \u0159ady n&aacute;st\u011bnn&yacute;ch klimatizac&iacute; Hyundai. Nab&iacute;z&iacute; tich&yacute; provoz, pokro\u010dil&eacute; filtry, mimo\u0159&aacute;dn\u011b snadnou instalaci a &uacute;dr\u017ebu \u010di speci&aacute;ln&iacute; funkci Inteligentn&iacute; oko. Umo\u017e\u0148uje vyt&aacute;p\u011bt a\u017e do -30&deg;C venkovn&iacute; teploty d&iacute;ky zabudovan&eacute;mu oh\u0159evu kompresoru a vany venkovn&iacute; jednotky.","og_url":"https:\/\/klimavex.eu\/cz\/katalog\/hyundai-vnitrni-jednotka-smart-easy-pro-hrp-24\/","og_site_name":"KLIMAVEX GROUP - \u010cesko","article_publisher":"https:\/\/www.facebook.com\/klimavex.cz","article_modified_time":"2026-04-12T20:50:13+00:00","og_image":[{"width":619,"height":512,"url":"https:\/\/klimavex.eu\/cz\/wp-content\/uploads\/2025\/09\/mcgKJkL2mxfUFFIUzdppoMWmLbOMwKay-RexEzRpxYg-1.png","type":"image\/png"}],"twitter_card":"summary_large_image","twitter_misc":{"Odhadovan\u00e1 doba \u010dten\u00ed":"1 minuta"},"schema":{"@context":"https:\/\/schema.org","@graph":[{"@type":"WebPage","@id":"https:\/\/klimavex.eu\/cz\/katalog\/hyundai-vnitrni-jednotka-smart-easy-pro-hrp-24\/","url":"https:\/\/klimavex.eu\/cz\/katalog\/hyundai-vnitrni-jednotka-smart-easy-pro-hrp-24\/","name":"Hyundai vnit\u0159n\u00ed jednotka SMART EASY PRO HRP 24 - KLIMAVEX GROUP - \u010cesko","isPartOf":{"@id":"https:\/\/klimavex.eu\/cz\/#website"},"primaryImageOfPage":{"@id":"https:\/\/klimavex.eu\/cz\/katalog\/hyundai-vnitrni-jednotka-smart-easy-pro-hrp-24\/#primaryimage"},"image":{"@id":"https:\/\/klimavex.eu\/cz\/katalog\/hyundai-vnitrni-jednotka-smart-easy-pro-hrp-24\/#primaryimage"},"thumbnailUrl":"https:\/\/klimavex.eu\/cz\/wp-content\/uploads\/2025\/09\/mcgKJkL2mxfUFFIUzdppoMWmLbOMwKay-RexEzRpxYg-1.png","datePublished":"2026-04-12T20:49:58+00:00","dateModified":"2026-04-12T20:50:13+00:00","breadcrumb":{"@id":"https:\/\/klimavex.eu\/cz\/katalog\/hyundai-vnitrni-jednotka-smart-easy-pro-hrp-24\/#breadcrumb"},"inLanguage":"cs","potentialAction":[{"@type":"ReadAction","target":["https:\/\/klimavex.eu\/cz\/katalog\/hyundai-vnitrni-jednotka-smart-easy-pro-hrp-24\/"]}]},{"@type":"ImageObject","inLanguage":"cs","@id":"https:\/\/klimavex.eu\/cz\/katalog\/hyundai-vnitrni-jednotka-smart-easy-pro-hrp-24\/#primaryimage","url":"https:\/\/klimavex.eu\/cz\/wp-content\/uploads\/2025\/09\/mcgKJkL2mxfUFFIUzdppoMWmLbOMwKay-RexEzRpxYg-1.png","contentUrl":"https:\/\/klimavex.eu\/cz\/wp-content\/uploads\/2025\/09\/mcgKJkL2mxfUFFIUzdppoMWmLbOMwKay-RexEzRpxYg-1.png","width":619,"height":512},{"@type":"BreadcrumbList","@id":"https:\/\/klimavex.eu\/cz\/katalog\/hyundai-vnitrni-jednotka-smart-easy-pro-hrp-24\/#breadcrumb","itemListElement":[{"@type":"ListItem","position":1,"name":"Domovsk\u00e1 str\u00e1nka","item":"https:\/\/klimavex.eu\/cz\/"},{"@type":"ListItem","position":2,"name":"Eshop","item":"https:\/\/klimavex.eu\/cz\/eshop\/"},{"@type":"ListItem","position":3,"name":"Hyundai vnit\u0159n\u00ed jednotka SMART EASY PRO HRP 24"}]},{"@type":"WebSite","@id":"https:\/\/klimavex.eu\/cz\/#website","url":"https:\/\/klimavex.eu\/cz\/","name":"KLIMAVEX GROUP - \u010cesko","description":"","publisher":{"@id":"https:\/\/klimavex.eu\/cz\/#organization"},"alternateName":"KLIMAVEX CZ a.s.","potentialAction":[{"@type":"SearchAction","target":{"@type":"EntryPoint","urlTemplate":"https:\/\/klimavex.eu\/cz\/?s={search_term_string}"},"query-input":{"@type":"PropertyValueSpecification","valueRequired":true,"valueName":"search_term_string"}}],"inLanguage":"cs"},{"@type":"Organization","@id":"https:\/\/klimavex.eu\/cz\/#organization","name":"KLIMAVEX GROUP","alternateName":"KLIMAVEX","url":"https:\/\/klimavex.eu\/cz\/","logo":{"@type":"ImageObject","inLanguage":"cs","@id":"https:\/\/klimavex.eu\/cz\/#\/schema\/logo\/image\/","url":"https:\/\/klimavex.eu\/cz\/wp-content\/uploads\/2024\/04\/Klimavex-Group-logo.png","contentUrl":"https:\/\/klimavex.eu\/cz\/wp-content\/uploads\/2024\/04\/Klimavex-Group-logo.png","width":1681,"height":472,"caption":"KLIMAVEX GROUP"},"image":{"@id":"https:\/\/klimavex.eu\/cz\/#\/schema\/logo\/image\/"},"sameAs":["https:\/\/www.facebook.com\/klimavex.cz","https:\/\/www.instagram.com\/klimavex_cz\/"]}]}},"_links":{"self":[{"href":"https:\/\/klimavex.eu\/cz\/wp-json\/wp\/v2\/product\/542645","targetHints":{"allow":["GET"]}}],"collection":[{"href":"https:\/\/klimavex.eu\/cz\/wp-json\/wp\/v2\/product"}],"about":[{"href":"https:\/\/klimavex.eu\/cz\/wp-json\/wp\/v2\/types\/product"}],"version-history":[{"count":0,"href":"https:\/\/klimavex.eu\/cz\/wp-json\/wp\/v2\/product\/542645\/revisions"}],"wp:featuredmedia":[{"embeddable":true,"href":"https:\/\/klimavex.eu\/cz\/wp-json\/wp\/v2\/media\/546679"}],"wp:attachment":[{"href":"https:\/\/klimavex.eu\/cz\/wp-json\/wp\/v2\/media?parent=542645"}],"wp:term":[{"taxonomy":"product_cat","embeddable":true,"href":"https:\/\/klimavex.eu\/cz\/wp-json\/wp\/v2\/product_cat?post=542645"},{"taxonomy":"product_tag","embeddable":true,"href":"https:\/\/klimavex.eu\/cz\/wp-json\/wp\/v2\/product_tag?post=542645"}],"curies":[{"name":"wp","href":"https:\/\/api.w.org\/{rel}","templated":true}]}}