{"id":542671,"date":"2026-03-31T18:15:22","date_gmt":"2026-03-31T16:15:22","guid":{"rendered":"https:\/\/klimavex.eu\/cz\/katalog\/hyundai-vrf-modbus-brana-hvs-gw3-mod\/"},"modified":"2026-03-31T18:16:14","modified_gmt":"2026-03-31T16:16:14","slug":"prislusenstvi-hyundai-brana-modbus-vrf-hvs-gw3-mod","status":"publish","type":"product","link":"https:\/\/klimavex.eu\/cz\/katalog\/prislusenstvi-hyundai-brana-modbus-vrf-hvs-gw3-mod\/","title":{"rendered":"P\u0159\u00edslu\u0161enstv\u00ed Hyundai br\u00e1na Modbus (VRF) HVS-GW3-MOD"},"content":{"rendered":"","protected":false},"excerpt":{"rendered":"<p style=\"text-align: justify;\">Modbus br&aacute;na umo\u017e\u0148uje bezprobl&eacute;mov&eacute; propojen&iacute; VRF syst&eacute;m\u016f Hyundai s \u0159&iacute;dic&iacute;mi syst&eacute;my postaven&yacute;mi na komunika\u010dn&iacute;m protokolu Modbus. Br&aacute;na nab&iacute;z&iacute; flexibiln&iacute; s&iacute;\u0165ov&eacute; p\u0159ipojen&iacute; a lze ji p\u0159ipojit p\u0159&iacute;mo k X,Y,E portu hlavn&iacute; venkovn&iacute; jednotky.<\/p>\n","protected":false},"featured_media":546743,"template":"","meta":[],"product_cat":[14115,14215,14216,14113],"product_tag":[],"class_list":{"0":"post-542671","1":"product","2":"type-product","3":"status-publish","4":"has-post-thumbnail","6":"product_cat-hyundai-vrf-systemy","7":"product_cat-prislusenstvi-vrf","8":"product_cat-prislusenstvi-hyundai-vrf-systemy","9":"product_cat-vrf","10":"pa_provedeni-vrf-bms-ovladani","11":"pa_znacka-hyundai","13":"first","14":"instock","15":"taxable","16":"shipping-taxable","17":"purchasable","18":"product-type-simple"},"yoast_head":"<!-- This site is optimized with the Yoast SEO plugin v23.9 - https:\/\/yoast.com\/wordpress\/plugins\/seo\/ -->\n<title>P\u0159\u00edslu\u0161enstv\u00ed Hyundai br\u00e1na Modbus (VRF) HVS-GW3-MOD - KLIMAVEX GROUP - \u010cesko<\/title>\n<meta name=\"robots\" content=\"index, follow, max-snippet:-1, max-image-preview:large, max-video-preview:-1\" \/>\n<link rel=\"canonical\" href=\"https:\/\/klimavex.eu\/cz\/katalog\/hyundai-vrf-modbus-brana-hvs-gw3-mod\/\" \/>\n<meta property=\"og:locale\" content=\"cs_CZ\" \/>\n<meta property=\"og:type\" content=\"article\" \/>\n<meta property=\"og:title\" content=\"P\u0159\u00edslu\u0161enstv\u00ed Hyundai br\u00e1na Modbus (VRF) HVS-GW3-MOD - KLIMAVEX GROUP - \u010cesko\" \/>\n<meta property=\"og:description\" content=\"Modbus br&aacute;na umo\u017e\u0148uje bezprobl&eacute;mov&eacute; propojen&iacute; VRF syst&eacute;m\u016f Hyundai s \u0159&iacute;dic&iacute;mi syst&eacute;my postaven&yacute;mi na komunika\u010dn&iacute;m protokolu Modbus. Br&aacute;na nab&iacute;z&iacute; flexibiln&iacute; s&iacute;\u0165ov&eacute; p\u0159ipojen&iacute; a lze ji p\u0159ipojit p\u0159&iacute;mo k X,Y,E portu hlavn&iacute; venkovn&iacute; jednotky.\" \/>\n<meta property=\"og:url\" content=\"https:\/\/klimavex.eu\/cz\/katalog\/hyundai-vrf-modbus-brana-hvs-gw3-mod\/\" \/>\n<meta property=\"og:site_name\" content=\"KLIMAVEX GROUP - \u010cesko\" \/>\n<meta property=\"article:publisher\" content=\"https:\/\/www.facebook.com\/klimavex.cz\" \/>\n<meta property=\"article:modified_time\" content=\"2026-03-31T16:16:14+00:00\" \/>\n<meta property=\"og:image\" content=\"https:\/\/klimavex.eu\/cz\/wp-content\/uploads\/2025\/09\/9srsL3ngX2DqZ33BkPFu9MFsnyoyJNZtYvm3QhP-sHM.jpeg\" \/>\n\t<meta property=\"og:image:width\" content=\"633\" \/>\n\t<meta property=\"og:image:height\" content=\"486\" \/>\n\t<meta property=\"og:image:type\" content=\"image\/jpeg\" \/>\n<meta name=\"twitter:card\" content=\"summary_large_image\" \/>\n<script type=\"application\/ld+json\" class=\"yoast-schema-graph\">{\"@context\":\"https:\/\/schema.org\",\"@graph\":[{\"@type\":\"WebPage\",\"@id\":\"https:\/\/klimavex.eu\/cz\/katalog\/hyundai-vrf-modbus-brana-hvs-gw3-mod\/\",\"url\":\"https:\/\/klimavex.eu\/cz\/katalog\/hyundai-vrf-modbus-brana-hvs-gw3-mod\/\",\"name\":\"P\u0159\u00edslu\u0161enstv\u00ed Hyundai br\u00e1na Modbus (VRF) HVS-GW3-MOD - KLIMAVEX GROUP - \u010cesko\",\"isPartOf\":{\"@id\":\"https:\/\/klimavex.eu\/cz\/#website\"},\"primaryImageOfPage\":{\"@id\":\"https:\/\/klimavex.eu\/cz\/katalog\/hyundai-vrf-modbus-brana-hvs-gw3-mod\/#primaryimage\"},\"image\":{\"@id\":\"https:\/\/klimavex.eu\/cz\/katalog\/hyundai-vrf-modbus-brana-hvs-gw3-mod\/#primaryimage\"},\"thumbnailUrl\":\"https:\/\/klimavex.eu\/cz\/wp-content\/uploads\/2025\/09\/9srsL3ngX2DqZ33BkPFu9MFsnyoyJNZtYvm3QhP-sHM.jpeg\",\"datePublished\":\"2026-03-31T16:15:22+00:00\",\"dateModified\":\"2026-03-31T16:16:14+00:00\",\"breadcrumb\":{\"@id\":\"https:\/\/klimavex.eu\/cz\/katalog\/hyundai-vrf-modbus-brana-hvs-gw3-mod\/#breadcrumb\"},\"inLanguage\":\"cs\",\"potentialAction\":[{\"@type\":\"ReadAction\",\"target\":[\"https:\/\/klimavex.eu\/cz\/katalog\/hyundai-vrf-modbus-brana-hvs-gw3-mod\/\"]}]},{\"@type\":\"ImageObject\",\"inLanguage\":\"cs\",\"@id\":\"https:\/\/klimavex.eu\/cz\/katalog\/hyundai-vrf-modbus-brana-hvs-gw3-mod\/#primaryimage\",\"url\":\"https:\/\/klimavex.eu\/cz\/wp-content\/uploads\/2025\/09\/9srsL3ngX2DqZ33BkPFu9MFsnyoyJNZtYvm3QhP-sHM.jpeg\",\"contentUrl\":\"https:\/\/klimavex.eu\/cz\/wp-content\/uploads\/2025\/09\/9srsL3ngX2DqZ33BkPFu9MFsnyoyJNZtYvm3QhP-sHM.jpeg\",\"width\":633,\"height\":486},{\"@type\":\"BreadcrumbList\",\"@id\":\"https:\/\/klimavex.eu\/cz\/katalog\/hyundai-vrf-modbus-brana-hvs-gw3-mod\/#breadcrumb\",\"itemListElement\":[{\"@type\":\"ListItem\",\"position\":1,\"name\":\"Domovsk\u00e1 str\u00e1nka\",\"item\":\"https:\/\/klimavex.eu\/cz\/\"},{\"@type\":\"ListItem\",\"position\":2,\"name\":\"Eshop\",\"item\":\"https:\/\/klimavex.eu\/cz\/eshop\/\"},{\"@type\":\"ListItem\",\"position\":3,\"name\":\"Hyundai VRF Modbus br\u00e1na HVS-GW3-MOD\"}]},{\"@type\":\"WebSite\",\"@id\":\"https:\/\/klimavex.eu\/cz\/#website\",\"url\":\"https:\/\/klimavex.eu\/cz\/\",\"name\":\"KLIMAVEX GROUP - \u010cesko\",\"description\":\"\",\"publisher\":{\"@id\":\"https:\/\/klimavex.eu\/cz\/#organization\"},\"alternateName\":\"KLIMAVEX CZ a.s.\",\"potentialAction\":[{\"@type\":\"SearchAction\",\"target\":{\"@type\":\"EntryPoint\",\"urlTemplate\":\"https:\/\/klimavex.eu\/cz\/?s={search_term_string}\"},\"query-input\":{\"@type\":\"PropertyValueSpecification\",\"valueRequired\":true,\"valueName\":\"search_term_string\"}}],\"inLanguage\":\"cs\"},{\"@type\":\"Organization\",\"@id\":\"https:\/\/klimavex.eu\/cz\/#organization\",\"name\":\"KLIMAVEX GROUP\",\"alternateName\":\"KLIMAVEX\",\"url\":\"https:\/\/klimavex.eu\/cz\/\",\"logo\":{\"@type\":\"ImageObject\",\"inLanguage\":\"cs\",\"@id\":\"https:\/\/klimavex.eu\/cz\/#\/schema\/logo\/image\/\",\"url\":\"https:\/\/klimavex.eu\/cz\/wp-content\/uploads\/2024\/04\/Klimavex-Group-logo.png\",\"contentUrl\":\"https:\/\/klimavex.eu\/cz\/wp-content\/uploads\/2024\/04\/Klimavex-Group-logo.png\",\"width\":1681,\"height\":472,\"caption\":\"KLIMAVEX GROUP\"},\"image\":{\"@id\":\"https:\/\/klimavex.eu\/cz\/#\/schema\/logo\/image\/\"},\"sameAs\":[\"https:\/\/www.facebook.com\/klimavex.cz\",\"https:\/\/www.instagram.com\/klimavex_cz\/\"]}]}<\/script>\n<!-- \/ Yoast SEO plugin. -->","yoast_head_json":{"title":"P\u0159\u00edslu\u0161enstv\u00ed Hyundai br\u00e1na Modbus (VRF) HVS-GW3-MOD - KLIMAVEX GROUP - \u010cesko","robots":{"index":"index","follow":"follow","max-snippet":"max-snippet:-1","max-image-preview":"max-image-preview:large","max-video-preview":"max-video-preview:-1"},"canonical":"https:\/\/klimavex.eu\/cz\/katalog\/hyundai-vrf-modbus-brana-hvs-gw3-mod\/","og_locale":"cs_CZ","og_type":"article","og_title":"P\u0159\u00edslu\u0161enstv\u00ed Hyundai br\u00e1na Modbus (VRF) HVS-GW3-MOD - KLIMAVEX GROUP - \u010cesko","og_description":"Modbus br&aacute;na umo\u017e\u0148uje bezprobl&eacute;mov&eacute; propojen&iacute; VRF syst&eacute;m\u016f Hyundai s \u0159&iacute;dic&iacute;mi syst&eacute;my postaven&yacute;mi na komunika\u010dn&iacute;m protokolu Modbus. Br&aacute;na nab&iacute;z&iacute; flexibiln&iacute; s&iacute;\u0165ov&eacute; p\u0159ipojen&iacute; a lze ji p\u0159ipojit p\u0159&iacute;mo k X,Y,E portu hlavn&iacute; venkovn&iacute; jednotky.","og_url":"https:\/\/klimavex.eu\/cz\/katalog\/hyundai-vrf-modbus-brana-hvs-gw3-mod\/","og_site_name":"KLIMAVEX GROUP - \u010cesko","article_publisher":"https:\/\/www.facebook.com\/klimavex.cz","article_modified_time":"2026-03-31T16:16:14+00:00","og_image":[{"width":633,"height":486,"url":"https:\/\/klimavex.eu\/cz\/wp-content\/uploads\/2025\/09\/9srsL3ngX2DqZ33BkPFu9MFsnyoyJNZtYvm3QhP-sHM.jpeg","type":"image\/jpeg"}],"twitter_card":"summary_large_image","schema":{"@context":"https:\/\/schema.org","@graph":[{"@type":"WebPage","@id":"https:\/\/klimavex.eu\/cz\/katalog\/hyundai-vrf-modbus-brana-hvs-gw3-mod\/","url":"https:\/\/klimavex.eu\/cz\/katalog\/hyundai-vrf-modbus-brana-hvs-gw3-mod\/","name":"P\u0159\u00edslu\u0161enstv\u00ed Hyundai br\u00e1na Modbus (VRF) HVS-GW3-MOD - KLIMAVEX GROUP - \u010cesko","isPartOf":{"@id":"https:\/\/klimavex.eu\/cz\/#website"},"primaryImageOfPage":{"@id":"https:\/\/klimavex.eu\/cz\/katalog\/hyundai-vrf-modbus-brana-hvs-gw3-mod\/#primaryimage"},"image":{"@id":"https:\/\/klimavex.eu\/cz\/katalog\/hyundai-vrf-modbus-brana-hvs-gw3-mod\/#primaryimage"},"thumbnailUrl":"https:\/\/klimavex.eu\/cz\/wp-content\/uploads\/2025\/09\/9srsL3ngX2DqZ33BkPFu9MFsnyoyJNZtYvm3QhP-sHM.jpeg","datePublished":"2026-03-31T16:15:22+00:00","dateModified":"2026-03-31T16:16:14+00:00","breadcrumb":{"@id":"https:\/\/klimavex.eu\/cz\/katalog\/hyundai-vrf-modbus-brana-hvs-gw3-mod\/#breadcrumb"},"inLanguage":"cs","potentialAction":[{"@type":"ReadAction","target":["https:\/\/klimavex.eu\/cz\/katalog\/hyundai-vrf-modbus-brana-hvs-gw3-mod\/"]}]},{"@type":"ImageObject","inLanguage":"cs","@id":"https:\/\/klimavex.eu\/cz\/katalog\/hyundai-vrf-modbus-brana-hvs-gw3-mod\/#primaryimage","url":"https:\/\/klimavex.eu\/cz\/wp-content\/uploads\/2025\/09\/9srsL3ngX2DqZ33BkPFu9MFsnyoyJNZtYvm3QhP-sHM.jpeg","contentUrl":"https:\/\/klimavex.eu\/cz\/wp-content\/uploads\/2025\/09\/9srsL3ngX2DqZ33BkPFu9MFsnyoyJNZtYvm3QhP-sHM.jpeg","width":633,"height":486},{"@type":"BreadcrumbList","@id":"https:\/\/klimavex.eu\/cz\/katalog\/hyundai-vrf-modbus-brana-hvs-gw3-mod\/#breadcrumb","itemListElement":[{"@type":"ListItem","position":1,"name":"Domovsk\u00e1 str\u00e1nka","item":"https:\/\/klimavex.eu\/cz\/"},{"@type":"ListItem","position":2,"name":"Eshop","item":"https:\/\/klimavex.eu\/cz\/eshop\/"},{"@type":"ListItem","position":3,"name":"Hyundai VRF Modbus br\u00e1na HVS-GW3-MOD"}]},{"@type":"WebSite","@id":"https:\/\/klimavex.eu\/cz\/#website","url":"https:\/\/klimavex.eu\/cz\/","name":"KLIMAVEX GROUP - \u010cesko","description":"","publisher":{"@id":"https:\/\/klimavex.eu\/cz\/#organization"},"alternateName":"KLIMAVEX CZ a.s.","potentialAction":[{"@type":"SearchAction","target":{"@type":"EntryPoint","urlTemplate":"https:\/\/klimavex.eu\/cz\/?s={search_term_string}"},"query-input":{"@type":"PropertyValueSpecification","valueRequired":true,"valueName":"search_term_string"}}],"inLanguage":"cs"},{"@type":"Organization","@id":"https:\/\/klimavex.eu\/cz\/#organization","name":"KLIMAVEX GROUP","alternateName":"KLIMAVEX","url":"https:\/\/klimavex.eu\/cz\/","logo":{"@type":"ImageObject","inLanguage":"cs","@id":"https:\/\/klimavex.eu\/cz\/#\/schema\/logo\/image\/","url":"https:\/\/klimavex.eu\/cz\/wp-content\/uploads\/2024\/04\/Klimavex-Group-logo.png","contentUrl":"https:\/\/klimavex.eu\/cz\/wp-content\/uploads\/2024\/04\/Klimavex-Group-logo.png","width":1681,"height":472,"caption":"KLIMAVEX GROUP"},"image":{"@id":"https:\/\/klimavex.eu\/cz\/#\/schema\/logo\/image\/"},"sameAs":["https:\/\/www.facebook.com\/klimavex.cz","https:\/\/www.instagram.com\/klimavex_cz\/"]}]}},"_links":{"self":[{"href":"https:\/\/klimavex.eu\/cz\/wp-json\/wp\/v2\/product\/542671","targetHints":{"allow":["GET"]}}],"collection":[{"href":"https:\/\/klimavex.eu\/cz\/wp-json\/wp\/v2\/product"}],"about":[{"href":"https:\/\/klimavex.eu\/cz\/wp-json\/wp\/v2\/types\/product"}],"version-history":[{"count":0,"href":"https:\/\/klimavex.eu\/cz\/wp-json\/wp\/v2\/product\/542671\/revisions"}],"wp:featuredmedia":[{"embeddable":true,"href":"https:\/\/klimavex.eu\/cz\/wp-json\/wp\/v2\/media\/546743"}],"wp:attachment":[{"href":"https:\/\/klimavex.eu\/cz\/wp-json\/wp\/v2\/media?parent=542671"}],"wp:term":[{"taxonomy":"product_cat","embeddable":true,"href":"https:\/\/klimavex.eu\/cz\/wp-json\/wp\/v2\/product_cat?post=542671"},{"taxonomy":"product_tag","embeddable":true,"href":"https:\/\/klimavex.eu\/cz\/wp-json\/wp\/v2\/product_tag?post=542671"}],"curies":[{"name":"wp","href":"https:\/\/api.w.org\/{rel}","templated":true}]}}