{"id":542678,"date":"2026-03-31T18:16:21","date_gmt":"2026-03-31T16:16:21","guid":{"rendered":"https:\/\/klimavex.eu\/cz\/katalog\/panasonic-venkovni-jednotka-big-paci-elite-u-250pzh2e8\/"},"modified":"2026-03-31T18:16:29","modified_gmt":"2026-03-31T16:16:29","slug":"panasonic-venkovni-jednotka-big-paci-elite-u-250pzh2e8","status":"publish","type":"product","link":"https:\/\/klimavex.eu\/cz\/katalog\/panasonic-venkovni-jednotka-big-paci-elite-u-250pzh2e8\/","title":{"rendered":"Panasonic venkovn\u00ed jednotka Big PACi\u00a0Elite U-250PZH2E8"},"content":{"rendered":"<p style=\"text-align: justify;\"><strong>Kl&iacute;\u010dov&eacute; vlastnosti:<\/strong><\/p>\n<ul>\n<li style=\"text-align: justify;\">Venkovn&iacute; jednotka<\/li>\n<li style=\"text-align: justify;\">Snadn&eacute; p\u0159ipojen&iacute; potrub&iacute; u potrubn&iacute; jednotky s&nbsp;d\u011blenou konstrukc&iacute;<\/li>\n<li style=\"text-align: justify;\">Vysok&yacute; extern&iacute; statick&yacute; tlak, maxim&aacute;ln&iacute; nastaven&iacute; 200 Pa<\/li>\n<li style=\"text-align: justify;\">Chladivo R32<\/li>\n<\/ul>\n","protected":false},"excerpt":{"rendered":"<p style=\"text-align: justify;\">Komer\u010dn&iacute; klimatiza\u010dn&iacute; syst&eacute;my <strong>Panasonic Big PACi v&nbsp;potrubn&iacute;m proveden&iacute;<\/strong> s chladivem R32 byly vyvinuty s c&iacute;lem uspokojit popt&aacute;vku po mo\u017enostech jednoduch&eacute; rekonstrukce d&iacute;ky 3-vodi\u010dov&eacute;mu p\u0159ipojen&iacute;. Umo\u017e\u0148uj&iacute; tak&eacute; integraci do \u0159e&scaron;en&iacute; internetu v\u011bc&iacute;.<\/p>\n<p style=\"text-align: justify;\"><strong>Venkovn&iacute; jednotka k&nbsp;potrubn&iacute; sestav\u011b Big PACi<\/strong> nab&iacute;z&iacute; <strong>vysok&yacute; statick&yacute; tlak a v&yacute;kon 20,0 &ndash; 25,0 kW<\/strong>.<\/p>\n","protected":false},"featured_media":546759,"template":"","meta":[],"product_cat":[10781,10782,10769],"product_tag":[],"class_list":{"0":"post-542678","1":"product","2":"type-product","3":"status-publish","4":"has-post-thumbnail","6":"product_cat-klimatizace-archivovane-produkty","7":"product_cat-archivovane-produkty-klimatizace","8":"product_cat-archivovane-produkty","9":"pa_chlad-do-von-tep-c-do-15-c","10":"pa_chladici-vykon-12205","11":"pa_label-archivovany","12":"pa_napajeni-3f-400v","13":"pa_prikon-chlazeni-12207","14":"pa_prikon-vytapeni-12204","15":"pa_topny-vykon-12206","16":"pa_typ-chladiva-r32","17":"pa_vyk-do-von-tepl-c-do-20-c","18":"pa_vykonovy-model-12102","19":"pa_znacka-panasonic","21":"first","22":"outofstock","23":"taxable","24":"shipping-taxable","25":"purchasable","26":"product-type-simple"},"yoast_head":"<!-- This site is optimized with the Yoast SEO plugin v23.9 - https:\/\/yoast.com\/wordpress\/plugins\/seo\/ -->\n<title>Panasonic venkovn\u00ed jednotka Big PACi\u00a0Elite U-250PZH2E8 - KLIMAVEX GROUP - \u010cesko<\/title>\n<meta name=\"robots\" content=\"index, follow, max-snippet:-1, max-image-preview:large, max-video-preview:-1\" \/>\n<link rel=\"canonical\" href=\"https:\/\/klimavex.eu\/cz\/katalog\/panasonic-venkovni-jednotka-big-paci-elite-u-250pzh2e8\/\" \/>\n<meta property=\"og:locale\" content=\"cs_CZ\" \/>\n<meta property=\"og:type\" content=\"article\" \/>\n<meta property=\"og:title\" content=\"Panasonic venkovn\u00ed jednotka Big PACi\u00a0Elite U-250PZH2E8 - KLIMAVEX GROUP - \u010cesko\" \/>\n<meta property=\"og:description\" content=\"Komer\u010dn&iacute; klimatiza\u010dn&iacute; syst&eacute;my Panasonic Big PACi v&nbsp;potrubn&iacute;m proveden&iacute; s chladivem R32 byly vyvinuty s c&iacute;lem uspokojit popt&aacute;vku po mo\u017enostech jednoduch&eacute; rekonstrukce d&iacute;ky 3-vodi\u010dov&eacute;mu p\u0159ipojen&iacute;. Umo\u017e\u0148uj&iacute; tak&eacute; integraci do \u0159e&scaron;en&iacute; internetu v\u011bc&iacute;. Venkovn&iacute; jednotka k&nbsp;potrubn&iacute; sestav\u011b Big PACi nab&iacute;z&iacute; vysok&yacute; statick&yacute; tlak a v&yacute;kon 20,0 &ndash; 25,0 kW.\" \/>\n<meta property=\"og:url\" content=\"https:\/\/klimavex.eu\/cz\/katalog\/panasonic-venkovni-jednotka-big-paci-elite-u-250pzh2e8\/\" \/>\n<meta property=\"og:site_name\" content=\"KLIMAVEX GROUP - \u010cesko\" \/>\n<meta property=\"article:publisher\" content=\"https:\/\/www.facebook.com\/klimavex.cz\" \/>\n<meta property=\"article:modified_time\" content=\"2026-03-31T16:16:29+00:00\" \/>\n<meta property=\"og:image\" content=\"https:\/\/klimavex.eu\/cz\/wp-content\/uploads\/2025\/09\/0RxvOucCAzIPSd5N7Vjcj1Aq7L8OXv-sInP7cmNnFiY.png\" \/>\n\t<meta property=\"og:image:width\" content=\"512\" \/>\n\t<meta property=\"og:image:height\" content=\"738\" \/>\n\t<meta property=\"og:image:type\" content=\"image\/png\" \/>\n<meta name=\"twitter:card\" content=\"summary_large_image\" \/>\n<script type=\"application\/ld+json\" class=\"yoast-schema-graph\">{\"@context\":\"https:\/\/schema.org\",\"@graph\":[{\"@type\":\"WebPage\",\"@id\":\"https:\/\/klimavex.eu\/cz\/katalog\/panasonic-venkovni-jednotka-big-paci-elite-u-250pzh2e8\/\",\"url\":\"https:\/\/klimavex.eu\/cz\/katalog\/panasonic-venkovni-jednotka-big-paci-elite-u-250pzh2e8\/\",\"name\":\"Panasonic venkovn\u00ed jednotka Big PACi\u00a0Elite U-250PZH2E8 - KLIMAVEX GROUP - \u010cesko\",\"isPartOf\":{\"@id\":\"https:\/\/klimavex.eu\/cz\/#website\"},\"primaryImageOfPage\":{\"@id\":\"https:\/\/klimavex.eu\/cz\/katalog\/panasonic-venkovni-jednotka-big-paci-elite-u-250pzh2e8\/#primaryimage\"},\"image\":{\"@id\":\"https:\/\/klimavex.eu\/cz\/katalog\/panasonic-venkovni-jednotka-big-paci-elite-u-250pzh2e8\/#primaryimage\"},\"thumbnailUrl\":\"https:\/\/klimavex.eu\/cz\/wp-content\/uploads\/2025\/09\/0RxvOucCAzIPSd5N7Vjcj1Aq7L8OXv-sInP7cmNnFiY.png\",\"datePublished\":\"2026-03-31T16:16:21+00:00\",\"dateModified\":\"2026-03-31T16:16:29+00:00\",\"breadcrumb\":{\"@id\":\"https:\/\/klimavex.eu\/cz\/katalog\/panasonic-venkovni-jednotka-big-paci-elite-u-250pzh2e8\/#breadcrumb\"},\"inLanguage\":\"cs\",\"potentialAction\":[{\"@type\":\"ReadAction\",\"target\":[\"https:\/\/klimavex.eu\/cz\/katalog\/panasonic-venkovni-jednotka-big-paci-elite-u-250pzh2e8\/\"]}]},{\"@type\":\"ImageObject\",\"inLanguage\":\"cs\",\"@id\":\"https:\/\/klimavex.eu\/cz\/katalog\/panasonic-venkovni-jednotka-big-paci-elite-u-250pzh2e8\/#primaryimage\",\"url\":\"https:\/\/klimavex.eu\/cz\/wp-content\/uploads\/2025\/09\/0RxvOucCAzIPSd5N7Vjcj1Aq7L8OXv-sInP7cmNnFiY.png\",\"contentUrl\":\"https:\/\/klimavex.eu\/cz\/wp-content\/uploads\/2025\/09\/0RxvOucCAzIPSd5N7Vjcj1Aq7L8OXv-sInP7cmNnFiY.png\",\"width\":512,\"height\":738},{\"@type\":\"BreadcrumbList\",\"@id\":\"https:\/\/klimavex.eu\/cz\/katalog\/panasonic-venkovni-jednotka-big-paci-elite-u-250pzh2e8\/#breadcrumb\",\"itemListElement\":[{\"@type\":\"ListItem\",\"position\":1,\"name\":\"Domovsk\u00e1 str\u00e1nka\",\"item\":\"https:\/\/klimavex.eu\/cz\/\"},{\"@type\":\"ListItem\",\"position\":2,\"name\":\"Eshop\",\"item\":\"https:\/\/klimavex.eu\/cz\/eshop\/\"},{\"@type\":\"ListItem\",\"position\":3,\"name\":\"Panasonic venkovn\u00ed jednotka Big PACi\u00a0Elite U-250PZH2E8\"}]},{\"@type\":\"WebSite\",\"@id\":\"https:\/\/klimavex.eu\/cz\/#website\",\"url\":\"https:\/\/klimavex.eu\/cz\/\",\"name\":\"KLIMAVEX GROUP - \u010cesko\",\"description\":\"\",\"publisher\":{\"@id\":\"https:\/\/klimavex.eu\/cz\/#organization\"},\"alternateName\":\"KLIMAVEX CZ a.s.\",\"potentialAction\":[{\"@type\":\"SearchAction\",\"target\":{\"@type\":\"EntryPoint\",\"urlTemplate\":\"https:\/\/klimavex.eu\/cz\/?s={search_term_string}\"},\"query-input\":{\"@type\":\"PropertyValueSpecification\",\"valueRequired\":true,\"valueName\":\"search_term_string\"}}],\"inLanguage\":\"cs\"},{\"@type\":\"Organization\",\"@id\":\"https:\/\/klimavex.eu\/cz\/#organization\",\"name\":\"KLIMAVEX GROUP\",\"alternateName\":\"KLIMAVEX\",\"url\":\"https:\/\/klimavex.eu\/cz\/\",\"logo\":{\"@type\":\"ImageObject\",\"inLanguage\":\"cs\",\"@id\":\"https:\/\/klimavex.eu\/cz\/#\/schema\/logo\/image\/\",\"url\":\"https:\/\/klimavex.eu\/cz\/wp-content\/uploads\/2024\/04\/Klimavex-Group-logo.png\",\"contentUrl\":\"https:\/\/klimavex.eu\/cz\/wp-content\/uploads\/2024\/04\/Klimavex-Group-logo.png\",\"width\":1681,\"height\":472,\"caption\":\"KLIMAVEX GROUP\"},\"image\":{\"@id\":\"https:\/\/klimavex.eu\/cz\/#\/schema\/logo\/image\/\"},\"sameAs\":[\"https:\/\/www.facebook.com\/klimavex.cz\",\"https:\/\/www.instagram.com\/klimavex_cz\/\"]}]}<\/script>\n<!-- \/ Yoast SEO plugin. -->","yoast_head_json":{"title":"Panasonic venkovn\u00ed jednotka Big PACi\u00a0Elite U-250PZH2E8 - KLIMAVEX GROUP - \u010cesko","robots":{"index":"index","follow":"follow","max-snippet":"max-snippet:-1","max-image-preview":"max-image-preview:large","max-video-preview":"max-video-preview:-1"},"canonical":"https:\/\/klimavex.eu\/cz\/katalog\/panasonic-venkovni-jednotka-big-paci-elite-u-250pzh2e8\/","og_locale":"cs_CZ","og_type":"article","og_title":"Panasonic venkovn\u00ed jednotka Big PACi\u00a0Elite U-250PZH2E8 - KLIMAVEX GROUP - \u010cesko","og_description":"Komer\u010dn&iacute; klimatiza\u010dn&iacute; syst&eacute;my Panasonic Big PACi v&nbsp;potrubn&iacute;m proveden&iacute; s chladivem R32 byly vyvinuty s c&iacute;lem uspokojit popt&aacute;vku po mo\u017enostech jednoduch&eacute; rekonstrukce d&iacute;ky 3-vodi\u010dov&eacute;mu p\u0159ipojen&iacute;. Umo\u017e\u0148uj&iacute; tak&eacute; integraci do \u0159e&scaron;en&iacute; internetu v\u011bc&iacute;. Venkovn&iacute; jednotka k&nbsp;potrubn&iacute; sestav\u011b Big PACi nab&iacute;z&iacute; vysok&yacute; statick&yacute; tlak a v&yacute;kon 20,0 &ndash; 25,0 kW.","og_url":"https:\/\/klimavex.eu\/cz\/katalog\/panasonic-venkovni-jednotka-big-paci-elite-u-250pzh2e8\/","og_site_name":"KLIMAVEX GROUP - \u010cesko","article_publisher":"https:\/\/www.facebook.com\/klimavex.cz","article_modified_time":"2026-03-31T16:16:29+00:00","og_image":[{"width":512,"height":738,"url":"https:\/\/klimavex.eu\/cz\/wp-content\/uploads\/2025\/09\/0RxvOucCAzIPSd5N7Vjcj1Aq7L8OXv-sInP7cmNnFiY.png","type":"image\/png"}],"twitter_card":"summary_large_image","schema":{"@context":"https:\/\/schema.org","@graph":[{"@type":"WebPage","@id":"https:\/\/klimavex.eu\/cz\/katalog\/panasonic-venkovni-jednotka-big-paci-elite-u-250pzh2e8\/","url":"https:\/\/klimavex.eu\/cz\/katalog\/panasonic-venkovni-jednotka-big-paci-elite-u-250pzh2e8\/","name":"Panasonic venkovn\u00ed jednotka Big PACi\u00a0Elite U-250PZH2E8 - KLIMAVEX GROUP - \u010cesko","isPartOf":{"@id":"https:\/\/klimavex.eu\/cz\/#website"},"primaryImageOfPage":{"@id":"https:\/\/klimavex.eu\/cz\/katalog\/panasonic-venkovni-jednotka-big-paci-elite-u-250pzh2e8\/#primaryimage"},"image":{"@id":"https:\/\/klimavex.eu\/cz\/katalog\/panasonic-venkovni-jednotka-big-paci-elite-u-250pzh2e8\/#primaryimage"},"thumbnailUrl":"https:\/\/klimavex.eu\/cz\/wp-content\/uploads\/2025\/09\/0RxvOucCAzIPSd5N7Vjcj1Aq7L8OXv-sInP7cmNnFiY.png","datePublished":"2026-03-31T16:16:21+00:00","dateModified":"2026-03-31T16:16:29+00:00","breadcrumb":{"@id":"https:\/\/klimavex.eu\/cz\/katalog\/panasonic-venkovni-jednotka-big-paci-elite-u-250pzh2e8\/#breadcrumb"},"inLanguage":"cs","potentialAction":[{"@type":"ReadAction","target":["https:\/\/klimavex.eu\/cz\/katalog\/panasonic-venkovni-jednotka-big-paci-elite-u-250pzh2e8\/"]}]},{"@type":"ImageObject","inLanguage":"cs","@id":"https:\/\/klimavex.eu\/cz\/katalog\/panasonic-venkovni-jednotka-big-paci-elite-u-250pzh2e8\/#primaryimage","url":"https:\/\/klimavex.eu\/cz\/wp-content\/uploads\/2025\/09\/0RxvOucCAzIPSd5N7Vjcj1Aq7L8OXv-sInP7cmNnFiY.png","contentUrl":"https:\/\/klimavex.eu\/cz\/wp-content\/uploads\/2025\/09\/0RxvOucCAzIPSd5N7Vjcj1Aq7L8OXv-sInP7cmNnFiY.png","width":512,"height":738},{"@type":"BreadcrumbList","@id":"https:\/\/klimavex.eu\/cz\/katalog\/panasonic-venkovni-jednotka-big-paci-elite-u-250pzh2e8\/#breadcrumb","itemListElement":[{"@type":"ListItem","position":1,"name":"Domovsk\u00e1 str\u00e1nka","item":"https:\/\/klimavex.eu\/cz\/"},{"@type":"ListItem","position":2,"name":"Eshop","item":"https:\/\/klimavex.eu\/cz\/eshop\/"},{"@type":"ListItem","position":3,"name":"Panasonic venkovn\u00ed jednotka Big PACi\u00a0Elite U-250PZH2E8"}]},{"@type":"WebSite","@id":"https:\/\/klimavex.eu\/cz\/#website","url":"https:\/\/klimavex.eu\/cz\/","name":"KLIMAVEX GROUP - \u010cesko","description":"","publisher":{"@id":"https:\/\/klimavex.eu\/cz\/#organization"},"alternateName":"KLIMAVEX CZ a.s.","potentialAction":[{"@type":"SearchAction","target":{"@type":"EntryPoint","urlTemplate":"https:\/\/klimavex.eu\/cz\/?s={search_term_string}"},"query-input":{"@type":"PropertyValueSpecification","valueRequired":true,"valueName":"search_term_string"}}],"inLanguage":"cs"},{"@type":"Organization","@id":"https:\/\/klimavex.eu\/cz\/#organization","name":"KLIMAVEX GROUP","alternateName":"KLIMAVEX","url":"https:\/\/klimavex.eu\/cz\/","logo":{"@type":"ImageObject","inLanguage":"cs","@id":"https:\/\/klimavex.eu\/cz\/#\/schema\/logo\/image\/","url":"https:\/\/klimavex.eu\/cz\/wp-content\/uploads\/2024\/04\/Klimavex-Group-logo.png","contentUrl":"https:\/\/klimavex.eu\/cz\/wp-content\/uploads\/2024\/04\/Klimavex-Group-logo.png","width":1681,"height":472,"caption":"KLIMAVEX GROUP"},"image":{"@id":"https:\/\/klimavex.eu\/cz\/#\/schema\/logo\/image\/"},"sameAs":["https:\/\/www.facebook.com\/klimavex.cz","https:\/\/www.instagram.com\/klimavex_cz\/"]}]}},"_links":{"self":[{"href":"https:\/\/klimavex.eu\/cz\/wp-json\/wp\/v2\/product\/542678","targetHints":{"allow":["GET"]}}],"collection":[{"href":"https:\/\/klimavex.eu\/cz\/wp-json\/wp\/v2\/product"}],"about":[{"href":"https:\/\/klimavex.eu\/cz\/wp-json\/wp\/v2\/types\/product"}],"version-history":[{"count":0,"href":"https:\/\/klimavex.eu\/cz\/wp-json\/wp\/v2\/product\/542678\/revisions"}],"wp:featuredmedia":[{"embeddable":true,"href":"https:\/\/klimavex.eu\/cz\/wp-json\/wp\/v2\/media\/546759"}],"wp:attachment":[{"href":"https:\/\/klimavex.eu\/cz\/wp-json\/wp\/v2\/media?parent=542678"}],"wp:term":[{"taxonomy":"product_cat","embeddable":true,"href":"https:\/\/klimavex.eu\/cz\/wp-json\/wp\/v2\/product_cat?post=542678"},{"taxonomy":"product_tag","embeddable":true,"href":"https:\/\/klimavex.eu\/cz\/wp-json\/wp\/v2\/product_tag?post=542678"}],"curies":[{"name":"wp","href":"https:\/\/api.w.org\/{rel}","templated":true}]}}