{"id":542759,"date":"2026-03-31T18:17:19","date_gmt":"2026-03-31T16:17:19","guid":{"rendered":"https:\/\/klimavex.eu\/cz\/katalog\/hyundai-vrf-cloud-brana-hvs-gw3-cloud\/"},"modified":"2026-03-31T18:18:05","modified_gmt":"2026-03-31T16:18:05","slug":"prislusenstvi-hyundai-brana-cloud-vrf-hvs-gw3-cloud","status":"publish","type":"product","link":"https:\/\/klimavex.eu\/cz\/katalog\/prislusenstvi-hyundai-brana-cloud-vrf-hvs-gw3-cloud\/","title":{"rendered":"P\u0159\u00edslu\u0161enstv\u00ed Hyundai br\u00e1na Cloud (VRF) HVS-GW3-CLOUD"},"content":{"rendered":"","protected":false},"excerpt":{"rendered":"<p style=\"text-align: justify;\">Cloudov&aacute; br&aacute;na umo\u017e\u0148uje vzd&aacute;len&eacute; ovl&aacute;d&aacute;n&iacute; a monitorov&aacute;n&iacute; VRF syst&eacute;m\u016f Hyundai prost\u0159ednictv&iacute;m cloudov&eacute; platformy. U\u017eivatel&eacute; mohou spravovat za\u0159&iacute;zen&iacute;, nastavovat pl&aacute;ny a sledovat provozn&iacute; data z&nbsp;libovoln&eacute;ho m&iacute;sta s p\u0159ipojen&iacute;m k internetu.<\/p>\n","protected":false},"featured_media":546951,"template":"","meta":[],"product_cat":[14115,14215,14216,14113],"product_tag":[],"class_list":{"0":"post-542759","1":"product","2":"type-product","3":"status-publish","4":"has-post-thumbnail","6":"product_cat-hyundai-vrf-systemy","7":"product_cat-prislusenstvi-vrf","8":"product_cat-prislusenstvi-hyundai-vrf-systemy","9":"product_cat-vrf","10":"pa_provedeni-vrf-bms-ovladani","11":"pa_znacka-hyundai","13":"first","14":"instock","15":"taxable","16":"shipping-taxable","17":"purchasable","18":"product-type-simple"},"yoast_head":"<!-- This site is optimized with the Yoast SEO plugin v23.9 - https:\/\/yoast.com\/wordpress\/plugins\/seo\/ -->\n<title>P\u0159\u00edslu\u0161enstv\u00ed Hyundai br\u00e1na Cloud (VRF) HVS-GW3-CLOUD - KLIMAVEX GROUP - \u010cesko<\/title>\n<meta name=\"robots\" content=\"index, follow, max-snippet:-1, max-image-preview:large, max-video-preview:-1\" \/>\n<link rel=\"canonical\" href=\"https:\/\/klimavex.eu\/cz\/katalog\/hyundai-vrf-cloud-brana-hvs-gw3-cloud\/\" \/>\n<meta property=\"og:locale\" content=\"cs_CZ\" \/>\n<meta property=\"og:type\" content=\"article\" \/>\n<meta property=\"og:title\" content=\"P\u0159\u00edslu\u0161enstv\u00ed Hyundai br\u00e1na Cloud (VRF) HVS-GW3-CLOUD - KLIMAVEX GROUP - \u010cesko\" \/>\n<meta property=\"og:description\" content=\"Cloudov&aacute; br&aacute;na umo\u017e\u0148uje vzd&aacute;len&eacute; ovl&aacute;d&aacute;n&iacute; a monitorov&aacute;n&iacute; VRF syst&eacute;m\u016f Hyundai prost\u0159ednictv&iacute;m cloudov&eacute; platformy. U\u017eivatel&eacute; mohou spravovat za\u0159&iacute;zen&iacute;, nastavovat pl&aacute;ny a sledovat provozn&iacute; data z&nbsp;libovoln&eacute;ho m&iacute;sta s p\u0159ipojen&iacute;m k internetu.\" \/>\n<meta property=\"og:url\" content=\"https:\/\/klimavex.eu\/cz\/katalog\/hyundai-vrf-cloud-brana-hvs-gw3-cloud\/\" \/>\n<meta property=\"og:site_name\" content=\"KLIMAVEX GROUP - \u010cesko\" \/>\n<meta property=\"article:publisher\" content=\"https:\/\/www.facebook.com\/klimavex.cz\" \/>\n<meta property=\"article:modified_time\" content=\"2026-03-31T16:18:05+00:00\" \/>\n<meta property=\"og:image\" content=\"https:\/\/klimavex.eu\/cz\/wp-content\/uploads\/2025\/09\/2uETvw0XUknb90d6aWna91Q-QNraJ9owO8BUlwAS_0o.jpeg\" \/>\n\t<meta property=\"og:image:width\" content=\"647\" \/>\n\t<meta property=\"og:image:height\" content=\"478\" \/>\n\t<meta property=\"og:image:type\" content=\"image\/jpeg\" \/>\n<meta name=\"twitter:card\" content=\"summary_large_image\" \/>\n<script type=\"application\/ld+json\" class=\"yoast-schema-graph\">{\"@context\":\"https:\/\/schema.org\",\"@graph\":[{\"@type\":\"WebPage\",\"@id\":\"https:\/\/klimavex.eu\/cz\/katalog\/hyundai-vrf-cloud-brana-hvs-gw3-cloud\/\",\"url\":\"https:\/\/klimavex.eu\/cz\/katalog\/hyundai-vrf-cloud-brana-hvs-gw3-cloud\/\",\"name\":\"P\u0159\u00edslu\u0161enstv\u00ed Hyundai br\u00e1na Cloud (VRF) HVS-GW3-CLOUD - KLIMAVEX GROUP - \u010cesko\",\"isPartOf\":{\"@id\":\"https:\/\/klimavex.eu\/cz\/#website\"},\"primaryImageOfPage\":{\"@id\":\"https:\/\/klimavex.eu\/cz\/katalog\/hyundai-vrf-cloud-brana-hvs-gw3-cloud\/#primaryimage\"},\"image\":{\"@id\":\"https:\/\/klimavex.eu\/cz\/katalog\/hyundai-vrf-cloud-brana-hvs-gw3-cloud\/#primaryimage\"},\"thumbnailUrl\":\"https:\/\/klimavex.eu\/cz\/wp-content\/uploads\/2025\/09\/2uETvw0XUknb90d6aWna91Q-QNraJ9owO8BUlwAS_0o.jpeg\",\"datePublished\":\"2026-03-31T16:17:19+00:00\",\"dateModified\":\"2026-03-31T16:18:05+00:00\",\"breadcrumb\":{\"@id\":\"https:\/\/klimavex.eu\/cz\/katalog\/hyundai-vrf-cloud-brana-hvs-gw3-cloud\/#breadcrumb\"},\"inLanguage\":\"cs\",\"potentialAction\":[{\"@type\":\"ReadAction\",\"target\":[\"https:\/\/klimavex.eu\/cz\/katalog\/hyundai-vrf-cloud-brana-hvs-gw3-cloud\/\"]}]},{\"@type\":\"ImageObject\",\"inLanguage\":\"cs\",\"@id\":\"https:\/\/klimavex.eu\/cz\/katalog\/hyundai-vrf-cloud-brana-hvs-gw3-cloud\/#primaryimage\",\"url\":\"https:\/\/klimavex.eu\/cz\/wp-content\/uploads\/2025\/09\/2uETvw0XUknb90d6aWna91Q-QNraJ9owO8BUlwAS_0o.jpeg\",\"contentUrl\":\"https:\/\/klimavex.eu\/cz\/wp-content\/uploads\/2025\/09\/2uETvw0XUknb90d6aWna91Q-QNraJ9owO8BUlwAS_0o.jpeg\",\"width\":647,\"height\":478},{\"@type\":\"BreadcrumbList\",\"@id\":\"https:\/\/klimavex.eu\/cz\/katalog\/hyundai-vrf-cloud-brana-hvs-gw3-cloud\/#breadcrumb\",\"itemListElement\":[{\"@type\":\"ListItem\",\"position\":1,\"name\":\"Domovsk\u00e1 str\u00e1nka\",\"item\":\"https:\/\/klimavex.eu\/cz\/\"},{\"@type\":\"ListItem\",\"position\":2,\"name\":\"Eshop\",\"item\":\"https:\/\/klimavex.eu\/cz\/eshop\/\"},{\"@type\":\"ListItem\",\"position\":3,\"name\":\"Hyundai VRF Cloud br\u00e1na HVS-GW3-CLOUD\"}]},{\"@type\":\"WebSite\",\"@id\":\"https:\/\/klimavex.eu\/cz\/#website\",\"url\":\"https:\/\/klimavex.eu\/cz\/\",\"name\":\"KLIMAVEX GROUP - \u010cesko\",\"description\":\"\",\"publisher\":{\"@id\":\"https:\/\/klimavex.eu\/cz\/#organization\"},\"alternateName\":\"KLIMAVEX CZ a.s.\",\"potentialAction\":[{\"@type\":\"SearchAction\",\"target\":{\"@type\":\"EntryPoint\",\"urlTemplate\":\"https:\/\/klimavex.eu\/cz\/?s={search_term_string}\"},\"query-input\":{\"@type\":\"PropertyValueSpecification\",\"valueRequired\":true,\"valueName\":\"search_term_string\"}}],\"inLanguage\":\"cs\"},{\"@type\":\"Organization\",\"@id\":\"https:\/\/klimavex.eu\/cz\/#organization\",\"name\":\"KLIMAVEX GROUP\",\"alternateName\":\"KLIMAVEX\",\"url\":\"https:\/\/klimavex.eu\/cz\/\",\"logo\":{\"@type\":\"ImageObject\",\"inLanguage\":\"cs\",\"@id\":\"https:\/\/klimavex.eu\/cz\/#\/schema\/logo\/image\/\",\"url\":\"https:\/\/klimavex.eu\/cz\/wp-content\/uploads\/2024\/04\/Klimavex-Group-logo.png\",\"contentUrl\":\"https:\/\/klimavex.eu\/cz\/wp-content\/uploads\/2024\/04\/Klimavex-Group-logo.png\",\"width\":1681,\"height\":472,\"caption\":\"KLIMAVEX GROUP\"},\"image\":{\"@id\":\"https:\/\/klimavex.eu\/cz\/#\/schema\/logo\/image\/\"},\"sameAs\":[\"https:\/\/www.facebook.com\/klimavex.cz\",\"https:\/\/www.instagram.com\/klimavex_cz\/\"]}]}<\/script>\n<!-- \/ Yoast SEO plugin. -->","yoast_head_json":{"title":"P\u0159\u00edslu\u0161enstv\u00ed Hyundai br\u00e1na Cloud (VRF) HVS-GW3-CLOUD - KLIMAVEX GROUP - \u010cesko","robots":{"index":"index","follow":"follow","max-snippet":"max-snippet:-1","max-image-preview":"max-image-preview:large","max-video-preview":"max-video-preview:-1"},"canonical":"https:\/\/klimavex.eu\/cz\/katalog\/hyundai-vrf-cloud-brana-hvs-gw3-cloud\/","og_locale":"cs_CZ","og_type":"article","og_title":"P\u0159\u00edslu\u0161enstv\u00ed Hyundai br\u00e1na Cloud (VRF) HVS-GW3-CLOUD - KLIMAVEX GROUP - \u010cesko","og_description":"Cloudov&aacute; br&aacute;na umo\u017e\u0148uje vzd&aacute;len&eacute; ovl&aacute;d&aacute;n&iacute; a monitorov&aacute;n&iacute; VRF syst&eacute;m\u016f Hyundai prost\u0159ednictv&iacute;m cloudov&eacute; platformy. U\u017eivatel&eacute; mohou spravovat za\u0159&iacute;zen&iacute;, nastavovat pl&aacute;ny a sledovat provozn&iacute; data z&nbsp;libovoln&eacute;ho m&iacute;sta s p\u0159ipojen&iacute;m k internetu.","og_url":"https:\/\/klimavex.eu\/cz\/katalog\/hyundai-vrf-cloud-brana-hvs-gw3-cloud\/","og_site_name":"KLIMAVEX GROUP - \u010cesko","article_publisher":"https:\/\/www.facebook.com\/klimavex.cz","article_modified_time":"2026-03-31T16:18:05+00:00","og_image":[{"width":647,"height":478,"url":"https:\/\/klimavex.eu\/cz\/wp-content\/uploads\/2025\/09\/2uETvw0XUknb90d6aWna91Q-QNraJ9owO8BUlwAS_0o.jpeg","type":"image\/jpeg"}],"twitter_card":"summary_large_image","schema":{"@context":"https:\/\/schema.org","@graph":[{"@type":"WebPage","@id":"https:\/\/klimavex.eu\/cz\/katalog\/hyundai-vrf-cloud-brana-hvs-gw3-cloud\/","url":"https:\/\/klimavex.eu\/cz\/katalog\/hyundai-vrf-cloud-brana-hvs-gw3-cloud\/","name":"P\u0159\u00edslu\u0161enstv\u00ed Hyundai br\u00e1na Cloud (VRF) HVS-GW3-CLOUD - KLIMAVEX GROUP - \u010cesko","isPartOf":{"@id":"https:\/\/klimavex.eu\/cz\/#website"},"primaryImageOfPage":{"@id":"https:\/\/klimavex.eu\/cz\/katalog\/hyundai-vrf-cloud-brana-hvs-gw3-cloud\/#primaryimage"},"image":{"@id":"https:\/\/klimavex.eu\/cz\/katalog\/hyundai-vrf-cloud-brana-hvs-gw3-cloud\/#primaryimage"},"thumbnailUrl":"https:\/\/klimavex.eu\/cz\/wp-content\/uploads\/2025\/09\/2uETvw0XUknb90d6aWna91Q-QNraJ9owO8BUlwAS_0o.jpeg","datePublished":"2026-03-31T16:17:19+00:00","dateModified":"2026-03-31T16:18:05+00:00","breadcrumb":{"@id":"https:\/\/klimavex.eu\/cz\/katalog\/hyundai-vrf-cloud-brana-hvs-gw3-cloud\/#breadcrumb"},"inLanguage":"cs","potentialAction":[{"@type":"ReadAction","target":["https:\/\/klimavex.eu\/cz\/katalog\/hyundai-vrf-cloud-brana-hvs-gw3-cloud\/"]}]},{"@type":"ImageObject","inLanguage":"cs","@id":"https:\/\/klimavex.eu\/cz\/katalog\/hyundai-vrf-cloud-brana-hvs-gw3-cloud\/#primaryimage","url":"https:\/\/klimavex.eu\/cz\/wp-content\/uploads\/2025\/09\/2uETvw0XUknb90d6aWna91Q-QNraJ9owO8BUlwAS_0o.jpeg","contentUrl":"https:\/\/klimavex.eu\/cz\/wp-content\/uploads\/2025\/09\/2uETvw0XUknb90d6aWna91Q-QNraJ9owO8BUlwAS_0o.jpeg","width":647,"height":478},{"@type":"BreadcrumbList","@id":"https:\/\/klimavex.eu\/cz\/katalog\/hyundai-vrf-cloud-brana-hvs-gw3-cloud\/#breadcrumb","itemListElement":[{"@type":"ListItem","position":1,"name":"Domovsk\u00e1 str\u00e1nka","item":"https:\/\/klimavex.eu\/cz\/"},{"@type":"ListItem","position":2,"name":"Eshop","item":"https:\/\/klimavex.eu\/cz\/eshop\/"},{"@type":"ListItem","position":3,"name":"Hyundai VRF Cloud br\u00e1na HVS-GW3-CLOUD"}]},{"@type":"WebSite","@id":"https:\/\/klimavex.eu\/cz\/#website","url":"https:\/\/klimavex.eu\/cz\/","name":"KLIMAVEX GROUP - \u010cesko","description":"","publisher":{"@id":"https:\/\/klimavex.eu\/cz\/#organization"},"alternateName":"KLIMAVEX CZ a.s.","potentialAction":[{"@type":"SearchAction","target":{"@type":"EntryPoint","urlTemplate":"https:\/\/klimavex.eu\/cz\/?s={search_term_string}"},"query-input":{"@type":"PropertyValueSpecification","valueRequired":true,"valueName":"search_term_string"}}],"inLanguage":"cs"},{"@type":"Organization","@id":"https:\/\/klimavex.eu\/cz\/#organization","name":"KLIMAVEX GROUP","alternateName":"KLIMAVEX","url":"https:\/\/klimavex.eu\/cz\/","logo":{"@type":"ImageObject","inLanguage":"cs","@id":"https:\/\/klimavex.eu\/cz\/#\/schema\/logo\/image\/","url":"https:\/\/klimavex.eu\/cz\/wp-content\/uploads\/2024\/04\/Klimavex-Group-logo.png","contentUrl":"https:\/\/klimavex.eu\/cz\/wp-content\/uploads\/2024\/04\/Klimavex-Group-logo.png","width":1681,"height":472,"caption":"KLIMAVEX GROUP"},"image":{"@id":"https:\/\/klimavex.eu\/cz\/#\/schema\/logo\/image\/"},"sameAs":["https:\/\/www.facebook.com\/klimavex.cz","https:\/\/www.instagram.com\/klimavex_cz\/"]}]}},"_links":{"self":[{"href":"https:\/\/klimavex.eu\/cz\/wp-json\/wp\/v2\/product\/542759","targetHints":{"allow":["GET"]}}],"collection":[{"href":"https:\/\/klimavex.eu\/cz\/wp-json\/wp\/v2\/product"}],"about":[{"href":"https:\/\/klimavex.eu\/cz\/wp-json\/wp\/v2\/types\/product"}],"version-history":[{"count":0,"href":"https:\/\/klimavex.eu\/cz\/wp-json\/wp\/v2\/product\/542759\/revisions"}],"wp:featuredmedia":[{"embeddable":true,"href":"https:\/\/klimavex.eu\/cz\/wp-json\/wp\/v2\/media\/546951"}],"wp:attachment":[{"href":"https:\/\/klimavex.eu\/cz\/wp-json\/wp\/v2\/media?parent=542759"}],"wp:term":[{"taxonomy":"product_cat","embeddable":true,"href":"https:\/\/klimavex.eu\/cz\/wp-json\/wp\/v2\/product_cat?post=542759"},{"taxonomy":"product_tag","embeddable":true,"href":"https:\/\/klimavex.eu\/cz\/wp-json\/wp\/v2\/product_tag?post=542759"}],"curies":[{"name":"wp","href":"https:\/\/api.w.org\/{rel}","templated":true}]}}