{"id":542763,"date":"2026-05-03T22:44:51","date_gmt":"2026-05-03T20:44:51","guid":{"rendered":"https:\/\/klimavex.eu\/cz\/katalog\/hyundai-vrf-kazetova-jednotka-slim-hvsi-m180sc-2\/"},"modified":"2026-05-03T22:53:30","modified_gmt":"2026-05-03T20:53:30","slug":"klimatizace-hyundai-vrf-vnitrni-kazetova-slim-180sc-18kw","status":"publish","type":"product","link":"https:\/\/klimavex.eu\/cz\/katalog\/klimatizace-hyundai-vrf-vnitrni-kazetova-slim-180sc-18kw\/","title":{"rendered":"Klimatizace Hyundai VRF vnit\u0159n\u00ed kazetov\u00e1 SLIM 180SC 18kW"},"content":{"rendered":"<p style=\"text-align: justify;\"><strong>Kl&iacute;\u010dov&eacute; vlastnosti<\/strong><\/p>\n<ul>\n<li style=\"text-align: justify;\">DC motory<\/li>\n<li style=\"text-align: justify;\">Kompatibiln&iacute; s&nbsp;chladivem R410A a R32<\/li>\n<li style=\"text-align: justify;\">Integrovan&yacute; expanzn&iacute; ventil (EVV)<\/li>\n<li style=\"text-align: justify;\">4 sn&iacute;ma\u010de teploty<\/li>\n<li style=\"text-align: justify;\">Vzduchov&yacute; filtr<\/li>\n<li style=\"text-align: justify;\">Motorizovan&eacute; lamely<\/li>\n<li style=\"text-align: justify;\">Snadn&aacute; instalace<\/li>\n<li style=\"text-align: justify;\">Zabudovan&eacute; \u010derpadlo kondenz&aacute;tu<\/li>\n<li style=\"text-align: justify;\">Kontakt pro gener&aacute;ln&iacute; alarm<\/li>\n<li style=\"text-align: justify;\">Kontakt pro d&aacute;lkov&eacute; zap&iacute;n&aacute;n&iacute; a vyp&iacute;n&aacute;n&iacute;<\/li>\n<li style=\"text-align: justify;\">Tich&yacute; provoz od 25 dB(A)<\/li>\n<li style=\"text-align: justify;\">Z&aacute;ruka 3 roky<\/li>\n<\/ul>\n","protected":false},"excerpt":{"rendered":"<p style=\"text-align: justify;\">Model <strong>VRF Hyundai SLIM SC<\/strong> je VRF vnit\u0159n&iacute; <strong>kazetov&aacute;<\/strong> jednotka, kter&aacute; je ide&aacute;ln&iacute; pro kazetov&yacute; rastr <strong>900 mm x 900 mm<\/strong>, nab&iacute;z&iacute; <strong>tich&yacute; provoz<\/strong> od 25 dB(A), <strong>snadnou instalaci<\/strong>, &scaron;irokou &scaron;k&aacute;lu jednotek s&nbsp;r\u016fzn&yacute;m v&yacute;konem a <strong>zabudovan&eacute; \u010derpadlo kondenz&aacute;tu<\/strong>. Aplikace je v&nbsp;z&aacute;vislosti na zvolen&eacute; venkovn&iacute; jednotce mo\u017en&aacute; do <strong>bytov&yacute;ch dom\u016f, kancel&aacute;\u0159&iacute;, v\u011bt&scaron;&iacute;ch komer\u010dn&iacute;ch budov \u010di pr\u016fmyslov&yacute;ch hal<\/strong>.<\/p>\n","protected":false},"featured_media":546962,"template":"","meta":[],"product_cat":[14115,14163,14164,14303,14319,14113],"product_tag":[],"class_list":{"0":"post-542763","1":"product","2":"type-product","3":"status-publish","4":"has-post-thumbnail","6":"product_cat-hyundai-vrf-systemy","7":"product_cat-vnitrni-jednotky-vrf","8":"product_cat-vnitrni-jednotky-hyundai-vrf-systemy","9":"product_cat-kazetove-slim-sc","10":"product_cat-kazetove-slim-sc-vnitrni-jednotky-vrf","11":"product_cat-vrf","12":"pa_chladici-vykon-14206","13":"pa_hlucnost-vnitrni-jednotky-14335","14":"pa_napajeni-1f-230v","15":"pa_provedeni-vrf-kazetova-slim-xl","16":"pa_topny-vykon-14336","17":"pa_vykonovy-model-14124","18":"pa_znacka-hyundai","20":"first","21":"instock","22":"taxable","23":"shipping-taxable","24":"purchasable","25":"product-type-simple"},"yoast_head":"<!-- This site is optimized with the Yoast SEO plugin v23.9 - https:\/\/yoast.com\/wordpress\/plugins\/seo\/ -->\n<title>Klimatizace Hyundai VRF vnit\u0159n\u00ed kazetov\u00e1 SLIM 180SC 18kW - KLIMAVEX GROUP - \u010cesko<\/title>\n<meta name=\"robots\" content=\"index, follow, max-snippet:-1, max-image-preview:large, max-video-preview:-1\" \/>\n<link rel=\"canonical\" href=\"https:\/\/klimavex.eu\/cz\/katalog\/hyundai-vrf-kazetova-jednotka-slim-hvsi-m180sc-2\/\" \/>\n<meta property=\"og:locale\" content=\"cs_CZ\" \/>\n<meta property=\"og:type\" content=\"article\" \/>\n<meta property=\"og:title\" content=\"Klimatizace Hyundai VRF vnit\u0159n\u00ed kazetov\u00e1 SLIM 180SC 18kW - KLIMAVEX GROUP - \u010cesko\" \/>\n<meta property=\"og:description\" content=\"Model VRF Hyundai SLIM SC je VRF vnit\u0159n&iacute; kazetov&aacute; jednotka, kter&aacute; je ide&aacute;ln&iacute; pro kazetov&yacute; rastr 900 mm x 900 mm, nab&iacute;z&iacute; tich&yacute; provoz od 25 dB(A), snadnou instalaci, &scaron;irokou &scaron;k&aacute;lu jednotek s&nbsp;r\u016fzn&yacute;m v&yacute;konem a zabudovan&eacute; \u010derpadlo kondenz&aacute;tu. Aplikace je v&nbsp;z&aacute;vislosti na zvolen&eacute; venkovn&iacute; jednotce mo\u017en&aacute; do bytov&yacute;ch dom\u016f, kancel&aacute;\u0159&iacute;, v\u011bt&scaron;&iacute;ch komer\u010dn&iacute;ch budov \u010di pr\u016fmyslov&yacute;ch hal.\" \/>\n<meta property=\"og:url\" content=\"https:\/\/klimavex.eu\/cz\/katalog\/hyundai-vrf-kazetova-jednotka-slim-hvsi-m180sc-2\/\" \/>\n<meta property=\"og:site_name\" content=\"KLIMAVEX GROUP - \u010cesko\" \/>\n<meta property=\"article:publisher\" content=\"https:\/\/www.facebook.com\/klimavex.cz\" \/>\n<meta property=\"article:modified_time\" content=\"2026-05-03T20:53:30+00:00\" \/>\n<meta property=\"og:image\" content=\"https:\/\/klimavex.eu\/cz\/wp-content\/uploads\/2025\/09\/gPWE6s2qePYTxgI4NjTedpLpJZAkdexRH2YjFiy2tIQ-4.jpeg\" \/>\n\t<meta property=\"og:image:width\" content=\"829\" \/>\n\t<meta property=\"og:image:height\" content=\"512\" \/>\n\t<meta property=\"og:image:type\" content=\"image\/jpeg\" \/>\n<meta name=\"twitter:card\" content=\"summary_large_image\" \/>\n<script type=\"application\/ld+json\" class=\"yoast-schema-graph\">{\"@context\":\"https:\/\/schema.org\",\"@graph\":[{\"@type\":\"WebPage\",\"@id\":\"https:\/\/klimavex.eu\/cz\/katalog\/hyundai-vrf-kazetova-jednotka-slim-hvsi-m180sc-2\/\",\"url\":\"https:\/\/klimavex.eu\/cz\/katalog\/hyundai-vrf-kazetova-jednotka-slim-hvsi-m180sc-2\/\",\"name\":\"Klimatizace Hyundai VRF vnit\u0159n\u00ed kazetov\u00e1 SLIM 180SC 18kW - KLIMAVEX GROUP - \u010cesko\",\"isPartOf\":{\"@id\":\"https:\/\/klimavex.eu\/cz\/#website\"},\"primaryImageOfPage\":{\"@id\":\"https:\/\/klimavex.eu\/cz\/katalog\/hyundai-vrf-kazetova-jednotka-slim-hvsi-m180sc-2\/#primaryimage\"},\"image\":{\"@id\":\"https:\/\/klimavex.eu\/cz\/katalog\/hyundai-vrf-kazetova-jednotka-slim-hvsi-m180sc-2\/#primaryimage\"},\"thumbnailUrl\":\"https:\/\/klimavex.eu\/cz\/wp-content\/uploads\/2025\/09\/gPWE6s2qePYTxgI4NjTedpLpJZAkdexRH2YjFiy2tIQ-4.jpeg\",\"datePublished\":\"2026-05-03T20:44:51+00:00\",\"dateModified\":\"2026-05-03T20:53:30+00:00\",\"breadcrumb\":{\"@id\":\"https:\/\/klimavex.eu\/cz\/katalog\/hyundai-vrf-kazetova-jednotka-slim-hvsi-m180sc-2\/#breadcrumb\"},\"inLanguage\":\"cs\",\"potentialAction\":[{\"@type\":\"ReadAction\",\"target\":[\"https:\/\/klimavex.eu\/cz\/katalog\/hyundai-vrf-kazetova-jednotka-slim-hvsi-m180sc-2\/\"]}]},{\"@type\":\"ImageObject\",\"inLanguage\":\"cs\",\"@id\":\"https:\/\/klimavex.eu\/cz\/katalog\/hyundai-vrf-kazetova-jednotka-slim-hvsi-m180sc-2\/#primaryimage\",\"url\":\"https:\/\/klimavex.eu\/cz\/wp-content\/uploads\/2025\/09\/gPWE6s2qePYTxgI4NjTedpLpJZAkdexRH2YjFiy2tIQ-4.jpeg\",\"contentUrl\":\"https:\/\/klimavex.eu\/cz\/wp-content\/uploads\/2025\/09\/gPWE6s2qePYTxgI4NjTedpLpJZAkdexRH2YjFiy2tIQ-4.jpeg\",\"width\":829,\"height\":512},{\"@type\":\"BreadcrumbList\",\"@id\":\"https:\/\/klimavex.eu\/cz\/katalog\/hyundai-vrf-kazetova-jednotka-slim-hvsi-m180sc-2\/#breadcrumb\",\"itemListElement\":[{\"@type\":\"ListItem\",\"position\":1,\"name\":\"Domovsk\u00e1 str\u00e1nka\",\"item\":\"https:\/\/klimavex.eu\/cz\/\"},{\"@type\":\"ListItem\",\"position\":2,\"name\":\"Eshop\",\"item\":\"https:\/\/klimavex.eu\/cz\/eshop\/\"},{\"@type\":\"ListItem\",\"position\":3,\"name\":\"Hyundai VRF kazetov\u00e1 jednotka Slim HVSI-M180SC\/2\"}]},{\"@type\":\"WebSite\",\"@id\":\"https:\/\/klimavex.eu\/cz\/#website\",\"url\":\"https:\/\/klimavex.eu\/cz\/\",\"name\":\"KLIMAVEX GROUP - \u010cesko\",\"description\":\"\",\"publisher\":{\"@id\":\"https:\/\/klimavex.eu\/cz\/#organization\"},\"alternateName\":\"KLIMAVEX CZ a.s.\",\"potentialAction\":[{\"@type\":\"SearchAction\",\"target\":{\"@type\":\"EntryPoint\",\"urlTemplate\":\"https:\/\/klimavex.eu\/cz\/?s={search_term_string}\"},\"query-input\":{\"@type\":\"PropertyValueSpecification\",\"valueRequired\":true,\"valueName\":\"search_term_string\"}}],\"inLanguage\":\"cs\"},{\"@type\":\"Organization\",\"@id\":\"https:\/\/klimavex.eu\/cz\/#organization\",\"name\":\"KLIMAVEX GROUP\",\"alternateName\":\"KLIMAVEX\",\"url\":\"https:\/\/klimavex.eu\/cz\/\",\"logo\":{\"@type\":\"ImageObject\",\"inLanguage\":\"cs\",\"@id\":\"https:\/\/klimavex.eu\/cz\/#\/schema\/logo\/image\/\",\"url\":\"https:\/\/klimavex.eu\/cz\/wp-content\/uploads\/2024\/04\/Klimavex-Group-logo.png\",\"contentUrl\":\"https:\/\/klimavex.eu\/cz\/wp-content\/uploads\/2024\/04\/Klimavex-Group-logo.png\",\"width\":1681,\"height\":472,\"caption\":\"KLIMAVEX GROUP\"},\"image\":{\"@id\":\"https:\/\/klimavex.eu\/cz\/#\/schema\/logo\/image\/\"},\"sameAs\":[\"https:\/\/www.facebook.com\/klimavex.cz\",\"https:\/\/www.instagram.com\/klimavex_cz\/\"]}]}<\/script>\n<!-- \/ Yoast SEO plugin. -->","yoast_head_json":{"title":"Klimatizace Hyundai VRF vnit\u0159n\u00ed kazetov\u00e1 SLIM 180SC 18kW - KLIMAVEX GROUP - \u010cesko","robots":{"index":"index","follow":"follow","max-snippet":"max-snippet:-1","max-image-preview":"max-image-preview:large","max-video-preview":"max-video-preview:-1"},"canonical":"https:\/\/klimavex.eu\/cz\/katalog\/hyundai-vrf-kazetova-jednotka-slim-hvsi-m180sc-2\/","og_locale":"cs_CZ","og_type":"article","og_title":"Klimatizace Hyundai VRF vnit\u0159n\u00ed kazetov\u00e1 SLIM 180SC 18kW - KLIMAVEX GROUP - \u010cesko","og_description":"Model VRF Hyundai SLIM SC je VRF vnit\u0159n&iacute; kazetov&aacute; jednotka, kter&aacute; je ide&aacute;ln&iacute; pro kazetov&yacute; rastr 900 mm x 900 mm, nab&iacute;z&iacute; tich&yacute; provoz od 25 dB(A), snadnou instalaci, &scaron;irokou &scaron;k&aacute;lu jednotek s&nbsp;r\u016fzn&yacute;m v&yacute;konem a zabudovan&eacute; \u010derpadlo kondenz&aacute;tu. Aplikace je v&nbsp;z&aacute;vislosti na zvolen&eacute; venkovn&iacute; jednotce mo\u017en&aacute; do bytov&yacute;ch dom\u016f, kancel&aacute;\u0159&iacute;, v\u011bt&scaron;&iacute;ch komer\u010dn&iacute;ch budov \u010di pr\u016fmyslov&yacute;ch hal.","og_url":"https:\/\/klimavex.eu\/cz\/katalog\/hyundai-vrf-kazetova-jednotka-slim-hvsi-m180sc-2\/","og_site_name":"KLIMAVEX GROUP - \u010cesko","article_publisher":"https:\/\/www.facebook.com\/klimavex.cz","article_modified_time":"2026-05-03T20:53:30+00:00","og_image":[{"width":829,"height":512,"url":"https:\/\/klimavex.eu\/cz\/wp-content\/uploads\/2025\/09\/gPWE6s2qePYTxgI4NjTedpLpJZAkdexRH2YjFiy2tIQ-4.jpeg","type":"image\/jpeg"}],"twitter_card":"summary_large_image","schema":{"@context":"https:\/\/schema.org","@graph":[{"@type":"WebPage","@id":"https:\/\/klimavex.eu\/cz\/katalog\/hyundai-vrf-kazetova-jednotka-slim-hvsi-m180sc-2\/","url":"https:\/\/klimavex.eu\/cz\/katalog\/hyundai-vrf-kazetova-jednotka-slim-hvsi-m180sc-2\/","name":"Klimatizace Hyundai VRF vnit\u0159n\u00ed kazetov\u00e1 SLIM 180SC 18kW - KLIMAVEX GROUP - \u010cesko","isPartOf":{"@id":"https:\/\/klimavex.eu\/cz\/#website"},"primaryImageOfPage":{"@id":"https:\/\/klimavex.eu\/cz\/katalog\/hyundai-vrf-kazetova-jednotka-slim-hvsi-m180sc-2\/#primaryimage"},"image":{"@id":"https:\/\/klimavex.eu\/cz\/katalog\/hyundai-vrf-kazetova-jednotka-slim-hvsi-m180sc-2\/#primaryimage"},"thumbnailUrl":"https:\/\/klimavex.eu\/cz\/wp-content\/uploads\/2025\/09\/gPWE6s2qePYTxgI4NjTedpLpJZAkdexRH2YjFiy2tIQ-4.jpeg","datePublished":"2026-05-03T20:44:51+00:00","dateModified":"2026-05-03T20:53:30+00:00","breadcrumb":{"@id":"https:\/\/klimavex.eu\/cz\/katalog\/hyundai-vrf-kazetova-jednotka-slim-hvsi-m180sc-2\/#breadcrumb"},"inLanguage":"cs","potentialAction":[{"@type":"ReadAction","target":["https:\/\/klimavex.eu\/cz\/katalog\/hyundai-vrf-kazetova-jednotka-slim-hvsi-m180sc-2\/"]}]},{"@type":"ImageObject","inLanguage":"cs","@id":"https:\/\/klimavex.eu\/cz\/katalog\/hyundai-vrf-kazetova-jednotka-slim-hvsi-m180sc-2\/#primaryimage","url":"https:\/\/klimavex.eu\/cz\/wp-content\/uploads\/2025\/09\/gPWE6s2qePYTxgI4NjTedpLpJZAkdexRH2YjFiy2tIQ-4.jpeg","contentUrl":"https:\/\/klimavex.eu\/cz\/wp-content\/uploads\/2025\/09\/gPWE6s2qePYTxgI4NjTedpLpJZAkdexRH2YjFiy2tIQ-4.jpeg","width":829,"height":512},{"@type":"BreadcrumbList","@id":"https:\/\/klimavex.eu\/cz\/katalog\/hyundai-vrf-kazetova-jednotka-slim-hvsi-m180sc-2\/#breadcrumb","itemListElement":[{"@type":"ListItem","position":1,"name":"Domovsk\u00e1 str\u00e1nka","item":"https:\/\/klimavex.eu\/cz\/"},{"@type":"ListItem","position":2,"name":"Eshop","item":"https:\/\/klimavex.eu\/cz\/eshop\/"},{"@type":"ListItem","position":3,"name":"Hyundai VRF kazetov\u00e1 jednotka Slim HVSI-M180SC\/2"}]},{"@type":"WebSite","@id":"https:\/\/klimavex.eu\/cz\/#website","url":"https:\/\/klimavex.eu\/cz\/","name":"KLIMAVEX GROUP - \u010cesko","description":"","publisher":{"@id":"https:\/\/klimavex.eu\/cz\/#organization"},"alternateName":"KLIMAVEX CZ a.s.","potentialAction":[{"@type":"SearchAction","target":{"@type":"EntryPoint","urlTemplate":"https:\/\/klimavex.eu\/cz\/?s={search_term_string}"},"query-input":{"@type":"PropertyValueSpecification","valueRequired":true,"valueName":"search_term_string"}}],"inLanguage":"cs"},{"@type":"Organization","@id":"https:\/\/klimavex.eu\/cz\/#organization","name":"KLIMAVEX GROUP","alternateName":"KLIMAVEX","url":"https:\/\/klimavex.eu\/cz\/","logo":{"@type":"ImageObject","inLanguage":"cs","@id":"https:\/\/klimavex.eu\/cz\/#\/schema\/logo\/image\/","url":"https:\/\/klimavex.eu\/cz\/wp-content\/uploads\/2024\/04\/Klimavex-Group-logo.png","contentUrl":"https:\/\/klimavex.eu\/cz\/wp-content\/uploads\/2024\/04\/Klimavex-Group-logo.png","width":1681,"height":472,"caption":"KLIMAVEX GROUP"},"image":{"@id":"https:\/\/klimavex.eu\/cz\/#\/schema\/logo\/image\/"},"sameAs":["https:\/\/www.facebook.com\/klimavex.cz","https:\/\/www.instagram.com\/klimavex_cz\/"]}]}},"_links":{"self":[{"href":"https:\/\/klimavex.eu\/cz\/wp-json\/wp\/v2\/product\/542763","targetHints":{"allow":["GET"]}}],"collection":[{"href":"https:\/\/klimavex.eu\/cz\/wp-json\/wp\/v2\/product"}],"about":[{"href":"https:\/\/klimavex.eu\/cz\/wp-json\/wp\/v2\/types\/product"}],"version-history":[{"count":0,"href":"https:\/\/klimavex.eu\/cz\/wp-json\/wp\/v2\/product\/542763\/revisions"}],"wp:featuredmedia":[{"embeddable":true,"href":"https:\/\/klimavex.eu\/cz\/wp-json\/wp\/v2\/media\/546962"}],"wp:attachment":[{"href":"https:\/\/klimavex.eu\/cz\/wp-json\/wp\/v2\/media?parent=542763"}],"wp:term":[{"taxonomy":"product_cat","embeddable":true,"href":"https:\/\/klimavex.eu\/cz\/wp-json\/wp\/v2\/product_cat?post=542763"},{"taxonomy":"product_tag","embeddable":true,"href":"https:\/\/klimavex.eu\/cz\/wp-json\/wp\/v2\/product_tag?post=542763"}],"curies":[{"name":"wp","href":"https:\/\/api.w.org\/{rel}","templated":true}]}}