{"id":542779,"date":"2026-03-31T18:18:15","date_gmt":"2026-03-31T16:18:15","guid":{"rendered":"https:\/\/klimavex.eu\/cz\/katalog\/panasonic-cz-50drs1-paci-vypousteci-sada-5-71-kw\/"},"modified":"2026-03-31T18:18:30","modified_gmt":"2026-03-31T16:18:30","slug":"prislusenstvi-panasonic-sada-na-odvod-kondenzatu-z-odu-5-71-kw-paci-nx-50drs1","status":"publish","type":"product","link":"https:\/\/klimavex.eu\/cz\/katalog\/prislusenstvi-panasonic-sada-na-odvod-kondenzatu-z-odu-5-71-kw-paci-nx-50drs1\/","title":{"rendered":"P\u0159\u00edslu\u0161enstv\u00ed Panasonic sada na odvod kondenz\u00e1tu z ODU 5-7,1 kW (PACi NX) 50DRS1"},"content":{"rendered":"","protected":false},"excerpt":{"rendered":"<p>Sestava pro odvod kondenz\u00e1tu vhodn\u00e1 pro venkovn\u00ed jednotky s v\u00fdkonem od 5,0 kW do 7,1 kW.<\/p>\n","protected":false},"featured_media":546999,"template":"","meta":[],"product_cat":[7705],"product_tag":[],"class_list":{"0":"post-542779","1":"product","2":"type-product","3":"status-publish","4":"has-post-thumbnail","6":"product_cat-prislusenstvi-paci","7":"pa_znacka-panasonic","9":"first","10":"instock","11":"taxable","12":"shipping-taxable","13":"purchasable","14":"product-type-simple"},"yoast_head":"<!-- This site is optimized with the Yoast SEO plugin v23.9 - https:\/\/yoast.com\/wordpress\/plugins\/seo\/ -->\n<title>P\u0159\u00edslu\u0161enstv\u00ed Panasonic sada na odvod kondenz\u00e1tu z ODU 5-7,1 kW (PACi NX) 50DRS1 - KLIMAVEX GROUP - \u010cesko<\/title>\n<meta name=\"robots\" content=\"index, follow, max-snippet:-1, max-image-preview:large, max-video-preview:-1\" \/>\n<link rel=\"canonical\" href=\"https:\/\/klimavex.eu\/cz\/katalog\/panasonic-cz-50drs1-paci-vypousteci-sada-5-71-kw\/\" \/>\n<meta property=\"og:locale\" content=\"cs_CZ\" \/>\n<meta property=\"og:type\" content=\"article\" \/>\n<meta property=\"og:title\" content=\"P\u0159\u00edslu\u0161enstv\u00ed Panasonic sada na odvod kondenz\u00e1tu z ODU 5-7,1 kW (PACi NX) 50DRS1 - KLIMAVEX GROUP - \u010cesko\" \/>\n<meta property=\"og:description\" content=\"Sestava pro odvod kondenz\u00e1tu vhodn\u00e1 pro venkovn\u00ed jednotky s v\u00fdkonem od 5,0 kW do 7,1 kW.\" \/>\n<meta property=\"og:url\" content=\"https:\/\/klimavex.eu\/cz\/katalog\/panasonic-cz-50drs1-paci-vypousteci-sada-5-71-kw\/\" \/>\n<meta property=\"og:site_name\" content=\"KLIMAVEX GROUP - \u010cesko\" \/>\n<meta property=\"article:publisher\" content=\"https:\/\/www.facebook.com\/klimavex.cz\" \/>\n<meta property=\"article:modified_time\" content=\"2026-03-31T16:18:30+00:00\" \/>\n<meta property=\"og:image\" content=\"https:\/\/klimavex.eu\/cz\/wp-content\/uploads\/2025\/09\/9fAzYrUxuRMv8c64FiVbcuPPETsi33xwkPUU5sYhlOo.png\" \/>\n\t<meta property=\"og:image:width\" content=\"480\" \/>\n\t<meta property=\"og:image:height\" content=\"480\" \/>\n\t<meta property=\"og:image:type\" content=\"image\/png\" \/>\n<meta name=\"twitter:card\" content=\"summary_large_image\" \/>\n<script type=\"application\/ld+json\" class=\"yoast-schema-graph\">{\"@context\":\"https:\/\/schema.org\",\"@graph\":[{\"@type\":\"WebPage\",\"@id\":\"https:\/\/klimavex.eu\/cz\/katalog\/panasonic-cz-50drs1-paci-vypousteci-sada-5-71-kw\/\",\"url\":\"https:\/\/klimavex.eu\/cz\/katalog\/panasonic-cz-50drs1-paci-vypousteci-sada-5-71-kw\/\",\"name\":\"P\u0159\u00edslu\u0161enstv\u00ed Panasonic sada na odvod kondenz\u00e1tu z ODU 5-7,1 kW (PACi NX) 50DRS1 - KLIMAVEX GROUP - \u010cesko\",\"isPartOf\":{\"@id\":\"https:\/\/klimavex.eu\/cz\/#website\"},\"primaryImageOfPage\":{\"@id\":\"https:\/\/klimavex.eu\/cz\/katalog\/panasonic-cz-50drs1-paci-vypousteci-sada-5-71-kw\/#primaryimage\"},\"image\":{\"@id\":\"https:\/\/klimavex.eu\/cz\/katalog\/panasonic-cz-50drs1-paci-vypousteci-sada-5-71-kw\/#primaryimage\"},\"thumbnailUrl\":\"https:\/\/klimavex.eu\/cz\/wp-content\/uploads\/2025\/09\/9fAzYrUxuRMv8c64FiVbcuPPETsi33xwkPUU5sYhlOo.png\",\"datePublished\":\"2026-03-31T16:18:15+00:00\",\"dateModified\":\"2026-03-31T16:18:30+00:00\",\"breadcrumb\":{\"@id\":\"https:\/\/klimavex.eu\/cz\/katalog\/panasonic-cz-50drs1-paci-vypousteci-sada-5-71-kw\/#breadcrumb\"},\"inLanguage\":\"cs\",\"potentialAction\":[{\"@type\":\"ReadAction\",\"target\":[\"https:\/\/klimavex.eu\/cz\/katalog\/panasonic-cz-50drs1-paci-vypousteci-sada-5-71-kw\/\"]}]},{\"@type\":\"ImageObject\",\"inLanguage\":\"cs\",\"@id\":\"https:\/\/klimavex.eu\/cz\/katalog\/panasonic-cz-50drs1-paci-vypousteci-sada-5-71-kw\/#primaryimage\",\"url\":\"https:\/\/klimavex.eu\/cz\/wp-content\/uploads\/2025\/09\/9fAzYrUxuRMv8c64FiVbcuPPETsi33xwkPUU5sYhlOo.png\",\"contentUrl\":\"https:\/\/klimavex.eu\/cz\/wp-content\/uploads\/2025\/09\/9fAzYrUxuRMv8c64FiVbcuPPETsi33xwkPUU5sYhlOo.png\",\"width\":480,\"height\":480},{\"@type\":\"BreadcrumbList\",\"@id\":\"https:\/\/klimavex.eu\/cz\/katalog\/panasonic-cz-50drs1-paci-vypousteci-sada-5-71-kw\/#breadcrumb\",\"itemListElement\":[{\"@type\":\"ListItem\",\"position\":1,\"name\":\"Domovsk\u00e1 str\u00e1nka\",\"item\":\"https:\/\/klimavex.eu\/cz\/\"},{\"@type\":\"ListItem\",\"position\":2,\"name\":\"Eshop\",\"item\":\"https:\/\/klimavex.eu\/cz\/eshop\/\"},{\"@type\":\"ListItem\",\"position\":3,\"name\":\"Panasonic CZ-50DRS1 PACi Vypou\u0161t\u011bc\u00ed sada 5-7,1 kW\"}]},{\"@type\":\"WebSite\",\"@id\":\"https:\/\/klimavex.eu\/cz\/#website\",\"url\":\"https:\/\/klimavex.eu\/cz\/\",\"name\":\"KLIMAVEX GROUP - \u010cesko\",\"description\":\"\",\"publisher\":{\"@id\":\"https:\/\/klimavex.eu\/cz\/#organization\"},\"alternateName\":\"KLIMAVEX CZ a.s.\",\"potentialAction\":[{\"@type\":\"SearchAction\",\"target\":{\"@type\":\"EntryPoint\",\"urlTemplate\":\"https:\/\/klimavex.eu\/cz\/?s={search_term_string}\"},\"query-input\":{\"@type\":\"PropertyValueSpecification\",\"valueRequired\":true,\"valueName\":\"search_term_string\"}}],\"inLanguage\":\"cs\"},{\"@type\":\"Organization\",\"@id\":\"https:\/\/klimavex.eu\/cz\/#organization\",\"name\":\"KLIMAVEX GROUP\",\"alternateName\":\"KLIMAVEX\",\"url\":\"https:\/\/klimavex.eu\/cz\/\",\"logo\":{\"@type\":\"ImageObject\",\"inLanguage\":\"cs\",\"@id\":\"https:\/\/klimavex.eu\/cz\/#\/schema\/logo\/image\/\",\"url\":\"https:\/\/klimavex.eu\/cz\/wp-content\/uploads\/2024\/04\/Klimavex-Group-logo.png\",\"contentUrl\":\"https:\/\/klimavex.eu\/cz\/wp-content\/uploads\/2024\/04\/Klimavex-Group-logo.png\",\"width\":1681,\"height\":472,\"caption\":\"KLIMAVEX GROUP\"},\"image\":{\"@id\":\"https:\/\/klimavex.eu\/cz\/#\/schema\/logo\/image\/\"},\"sameAs\":[\"https:\/\/www.facebook.com\/klimavex.cz\",\"https:\/\/www.instagram.com\/klimavex_cz\/\"]}]}<\/script>\n<!-- \/ Yoast SEO plugin. -->","yoast_head_json":{"title":"P\u0159\u00edslu\u0161enstv\u00ed Panasonic sada na odvod kondenz\u00e1tu z ODU 5-7,1 kW (PACi NX) 50DRS1 - KLIMAVEX GROUP - \u010cesko","robots":{"index":"index","follow":"follow","max-snippet":"max-snippet:-1","max-image-preview":"max-image-preview:large","max-video-preview":"max-video-preview:-1"},"canonical":"https:\/\/klimavex.eu\/cz\/katalog\/panasonic-cz-50drs1-paci-vypousteci-sada-5-71-kw\/","og_locale":"cs_CZ","og_type":"article","og_title":"P\u0159\u00edslu\u0161enstv\u00ed Panasonic sada na odvod kondenz\u00e1tu z ODU 5-7,1 kW (PACi NX) 50DRS1 - KLIMAVEX GROUP - \u010cesko","og_description":"Sestava pro odvod kondenz\u00e1tu vhodn\u00e1 pro venkovn\u00ed jednotky s v\u00fdkonem od 5,0 kW do 7,1 kW.","og_url":"https:\/\/klimavex.eu\/cz\/katalog\/panasonic-cz-50drs1-paci-vypousteci-sada-5-71-kw\/","og_site_name":"KLIMAVEX GROUP - \u010cesko","article_publisher":"https:\/\/www.facebook.com\/klimavex.cz","article_modified_time":"2026-03-31T16:18:30+00:00","og_image":[{"width":480,"height":480,"url":"https:\/\/klimavex.eu\/cz\/wp-content\/uploads\/2025\/09\/9fAzYrUxuRMv8c64FiVbcuPPETsi33xwkPUU5sYhlOo.png","type":"image\/png"}],"twitter_card":"summary_large_image","schema":{"@context":"https:\/\/schema.org","@graph":[{"@type":"WebPage","@id":"https:\/\/klimavex.eu\/cz\/katalog\/panasonic-cz-50drs1-paci-vypousteci-sada-5-71-kw\/","url":"https:\/\/klimavex.eu\/cz\/katalog\/panasonic-cz-50drs1-paci-vypousteci-sada-5-71-kw\/","name":"P\u0159\u00edslu\u0161enstv\u00ed Panasonic sada na odvod kondenz\u00e1tu z ODU 5-7,1 kW (PACi NX) 50DRS1 - KLIMAVEX GROUP - \u010cesko","isPartOf":{"@id":"https:\/\/klimavex.eu\/cz\/#website"},"primaryImageOfPage":{"@id":"https:\/\/klimavex.eu\/cz\/katalog\/panasonic-cz-50drs1-paci-vypousteci-sada-5-71-kw\/#primaryimage"},"image":{"@id":"https:\/\/klimavex.eu\/cz\/katalog\/panasonic-cz-50drs1-paci-vypousteci-sada-5-71-kw\/#primaryimage"},"thumbnailUrl":"https:\/\/klimavex.eu\/cz\/wp-content\/uploads\/2025\/09\/9fAzYrUxuRMv8c64FiVbcuPPETsi33xwkPUU5sYhlOo.png","datePublished":"2026-03-31T16:18:15+00:00","dateModified":"2026-03-31T16:18:30+00:00","breadcrumb":{"@id":"https:\/\/klimavex.eu\/cz\/katalog\/panasonic-cz-50drs1-paci-vypousteci-sada-5-71-kw\/#breadcrumb"},"inLanguage":"cs","potentialAction":[{"@type":"ReadAction","target":["https:\/\/klimavex.eu\/cz\/katalog\/panasonic-cz-50drs1-paci-vypousteci-sada-5-71-kw\/"]}]},{"@type":"ImageObject","inLanguage":"cs","@id":"https:\/\/klimavex.eu\/cz\/katalog\/panasonic-cz-50drs1-paci-vypousteci-sada-5-71-kw\/#primaryimage","url":"https:\/\/klimavex.eu\/cz\/wp-content\/uploads\/2025\/09\/9fAzYrUxuRMv8c64FiVbcuPPETsi33xwkPUU5sYhlOo.png","contentUrl":"https:\/\/klimavex.eu\/cz\/wp-content\/uploads\/2025\/09\/9fAzYrUxuRMv8c64FiVbcuPPETsi33xwkPUU5sYhlOo.png","width":480,"height":480},{"@type":"BreadcrumbList","@id":"https:\/\/klimavex.eu\/cz\/katalog\/panasonic-cz-50drs1-paci-vypousteci-sada-5-71-kw\/#breadcrumb","itemListElement":[{"@type":"ListItem","position":1,"name":"Domovsk\u00e1 str\u00e1nka","item":"https:\/\/klimavex.eu\/cz\/"},{"@type":"ListItem","position":2,"name":"Eshop","item":"https:\/\/klimavex.eu\/cz\/eshop\/"},{"@type":"ListItem","position":3,"name":"Panasonic CZ-50DRS1 PACi Vypou\u0161t\u011bc\u00ed sada 5-7,1 kW"}]},{"@type":"WebSite","@id":"https:\/\/klimavex.eu\/cz\/#website","url":"https:\/\/klimavex.eu\/cz\/","name":"KLIMAVEX GROUP - \u010cesko","description":"","publisher":{"@id":"https:\/\/klimavex.eu\/cz\/#organization"},"alternateName":"KLIMAVEX CZ a.s.","potentialAction":[{"@type":"SearchAction","target":{"@type":"EntryPoint","urlTemplate":"https:\/\/klimavex.eu\/cz\/?s={search_term_string}"},"query-input":{"@type":"PropertyValueSpecification","valueRequired":true,"valueName":"search_term_string"}}],"inLanguage":"cs"},{"@type":"Organization","@id":"https:\/\/klimavex.eu\/cz\/#organization","name":"KLIMAVEX GROUP","alternateName":"KLIMAVEX","url":"https:\/\/klimavex.eu\/cz\/","logo":{"@type":"ImageObject","inLanguage":"cs","@id":"https:\/\/klimavex.eu\/cz\/#\/schema\/logo\/image\/","url":"https:\/\/klimavex.eu\/cz\/wp-content\/uploads\/2024\/04\/Klimavex-Group-logo.png","contentUrl":"https:\/\/klimavex.eu\/cz\/wp-content\/uploads\/2024\/04\/Klimavex-Group-logo.png","width":1681,"height":472,"caption":"KLIMAVEX GROUP"},"image":{"@id":"https:\/\/klimavex.eu\/cz\/#\/schema\/logo\/image\/"},"sameAs":["https:\/\/www.facebook.com\/klimavex.cz","https:\/\/www.instagram.com\/klimavex_cz\/"]}]}},"_links":{"self":[{"href":"https:\/\/klimavex.eu\/cz\/wp-json\/wp\/v2\/product\/542779","targetHints":{"allow":["GET"]}}],"collection":[{"href":"https:\/\/klimavex.eu\/cz\/wp-json\/wp\/v2\/product"}],"about":[{"href":"https:\/\/klimavex.eu\/cz\/wp-json\/wp\/v2\/types\/product"}],"version-history":[{"count":0,"href":"https:\/\/klimavex.eu\/cz\/wp-json\/wp\/v2\/product\/542779\/revisions"}],"wp:featuredmedia":[{"embeddable":true,"href":"https:\/\/klimavex.eu\/cz\/wp-json\/wp\/v2\/media\/546999"}],"wp:attachment":[{"href":"https:\/\/klimavex.eu\/cz\/wp-json\/wp\/v2\/media?parent=542779"}],"wp:term":[{"taxonomy":"product_cat","embeddable":true,"href":"https:\/\/klimavex.eu\/cz\/wp-json\/wp\/v2\/product_cat?post=542779"},{"taxonomy":"product_tag","embeddable":true,"href":"https:\/\/klimavex.eu\/cz\/wp-json\/wp\/v2\/product_tag?post=542779"}],"curies":[{"name":"wp","href":"https:\/\/api.w.org\/{rel}","templated":true}]}}