{"id":542802,"date":"2026-04-28T10:03:05","date_gmt":"2026-04-28T08:03:05","guid":{"rendered":"https:\/\/klimavex.eu\/cz\/katalog\/hyundai-multisplit-venkovni-h3cm-m27ou-2\/"},"modified":"2026-04-28T10:03:22","modified_gmt":"2026-04-28T08:03:22","slug":"klimatizace-hyundai-multisplit-venkovni-h3cm-m27-3-vnitrni-r32-230v-8kw","status":"publish","type":"product","link":"https:\/\/klimavex.eu\/cz\/katalog\/klimatizace-hyundai-multisplit-venkovni-h3cm-m27-3-vnitrni-r32-230v-8kw\/","title":{"rendered":"Klimatizace Hyundai multisplit venkovn\u00ed H3CM-M27 (3 vnit\u0159n\u00ed) R32 230V 8kW"},"content":{"rendered":"<p style=\"text-align:justify\"><span style=\"font-size:11pt\"><span style=\"background-color:white\"><span style=\"font-family:Calibri,sans-serif\"><strong><span style=\"color:black\">Kl&iacute;\u010dov&eacute; vlastnosti<\/span><\/strong><\/span><\/span><\/span><\/p>\n<ul>\n<li style=\"text-align:justify\"><span style=\"font-size:11pt\"><span style=\"background-color:white\"><span style=\"font-family:Calibri,sans-serif\"><span style=\"color:black\">Kompresor s DC m\u011bni\u010dem<\/span><\/span><\/span><\/span><\/li>\n<li style=\"text-align:justify\"><span style=\"font-size:11pt\"><span style=\"background-color:white\"><span style=\"font-family:Calibri,sans-serif\"><span style=\"color:black\">Ekologick&eacute; chladivo R32<\/span><\/span><\/span><\/span><\/li>\n<li style=\"text-align:justify\"><span style=\"font-size:11pt\"><span style=\"background-color:white\"><span style=\"font-family:Calibri,sans-serif\"><span style=\"color:black\">Provozn&iacute; rozsah v&nbsp;re\u017eimu chlazen&iacute; &ndash; od -15&deg;C do 50&deg;C<\/span><\/span><\/span><\/span><\/li>\n<li style=\"text-align:justify\"><span style=\"font-size:11pt\"><span style=\"background-color:white\"><span style=\"font-family:Calibri,sans-serif\"><span style=\"color:black\">Provozn&iacute; rozsah v&nbsp;re\u017eimu topen&iacute; &ndash; od -25&deg;C do 24&deg;C<\/span><\/span><\/span><\/span><\/li>\n<li style=\"text-align:justify\"><span style=\"font-size:11pt\"><span style=\"background-color:white\"><span style=\"font-family:Calibri,sans-serif\"><span style=\"color:black\">Zabudovan&yacute; oh\u0159ev kompresoru a vany<\/span><\/span><\/span><\/span><\/li>\n<li style=\"text-align:justify\"><span style=\"font-size:11pt\"><span style=\"background-color:white\"><span style=\"font-family:Calibri,sans-serif\"><span style=\"color:black\">Energetick&aacute; t\u0159&iacute;da A++ v&nbsp;re\u017eimu chlazen&iacute;<\/span><\/span><\/span><\/span><\/li>\n<li style=\"text-align:justify\"><span style=\"font-size:11pt\"><span style=\"background-color:white\"><span style=\"font-family:Calibri,sans-serif\"><span style=\"color:black\">5 provozn&iacute;ch re\u017eim\u016f ventil&aacute;toru jednotky<\/span><\/span><\/span><\/span><\/li>\n<li style=\"text-align:justify\"><span style=\"font-size:11pt\"><span style=\"background-color:white\"><span style=\"font-family:Calibri,sans-serif\"><span style=\"color:black\">Univerz&aacute;ln&iacute; kombinace s n&aacute;st\u011bnn&yacute;mi, kazetov&yacute;mi, potrubn&iacute;mi a parapetn&iacute;mi vnit\u0159n&iacute;mi jednotkami<\/span><\/span><\/span><\/span><\/li>\n<li style=\"text-align:justify\"><span style=\"font-size:11pt\"><span style=\"background-color:white\"><span style=\"font-family:Calibri,sans-serif\"><span style=\"color:black\">P\u0159ipojen&iacute; skupinov&yacute;ch regul&aacute;tor\u016f<\/span><\/span><\/span><\/span><\/li>\n<li style=\"text-align:justify\"><span style=\"font-size:11pt\"><span style=\"background-color:white\"><span style=\"font-family:Calibri,sans-serif\"><span style=\"color:black\">Venkovn&iacute; jednotka s&nbsp;jedn&iacute;m ventil&aacute;torem<\/span><\/span><\/span><\/span><\/li>\n<\/ul>\n","protected":false},"excerpt":{"rendered":"<p style=\"text-align:justify\"><span style=\"font-size:11pt\"><span style=\"background-color:white\"><span style=\"font-family:Calibri,sans-serif\"><span style=\"color:black\">Venkovn&iacute; jednotka <strong>Hyundai MULTI<\/strong> nab&iacute;z&iacute; &uacute;\u010dinn&eacute; a spolehliv&eacute; chlazen&iacute; i vyt&aacute;p\u011bn&iacute;. Dok&aacute;\u017ee v&nbsp;tomto p\u0159&iacute;pad\u011b najednou <strong>obsluhovat a\u017e 3 vnit\u0159n&iacute; jednotky<\/strong> Hyundai libovoln&eacute;ho typu, jsou mo\u017en&eacute; i jejich kombinace. Zaji&scaron;\u0165uje vysok&yacute; pr\u016ftok vzduchu, d&iacute;ky kter&eacute;mu vytv&aacute;\u0159&iacute; ide&aacute;ln&iacute; prost\u0159ed&iacute; v ka\u017ed&eacute; z m&iacute;stnost&iacute;. V&scaron;echny jednotky t&eacute;to \u0159ady maj&iacute; t\u0159&iacute;du energetick&eacute; &uacute;\u010dinnosti minim&aacute;ln\u011b A.<\/span><\/span><\/span><\/span><\/p>\n","protected":false},"featured_media":547057,"template":"","meta":[],"product_cat":[7657,7681,7659,7547,7670,7685],"product_tag":[],"class_list":{"0":"post-542802","1":"product","2":"type-product","3":"status-publish","4":"has-post-thumbnail","6":"product_cat-podle-znacky","7":"product_cat-hyundai","8":"product_cat-podle-typu","9":"product_cat-klimatizace","10":"product_cat-multisplity","11":"product_cat-multisplit","12":"pa_chlad-do-von-tep-c-15c","13":"pa_chladici-vykon-12256","14":"pa_energeticka-trida-scop-38-a","15":"pa_energeticka-trida-seer-59-a","16":"pa_multisplit-venkovni-multi-3","17":"pa_napajeni-1f-230v","18":"pa_prikon-chlazeni-12258","19":"pa_prikon-vytapeni-11276","20":"pa_provedeni-multisplit-venkovni","21":"pa_topny-vykon-12257","22":"pa_typ-chladiva-r32","23":"pa_vyk-do-von-tepl-c-25c","24":"pa_znacka-hyundai","26":"first","27":"instock","28":"taxable","29":"shipping-taxable","30":"purchasable","31":"product-type-simple"},"yoast_head":"<!-- This site is optimized with the Yoast SEO plugin v23.9 - https:\/\/yoast.com\/wordpress\/plugins\/seo\/ -->\n<title>Klimatizace Hyundai multisplit venkovn\u00ed H3CM-M27 (3 vnit\u0159n\u00ed) R32 230V 8kW - KLIMAVEX GROUP - \u010cesko<\/title>\n<meta name=\"robots\" content=\"index, follow, max-snippet:-1, max-image-preview:large, max-video-preview:-1\" \/>\n<link rel=\"canonical\" href=\"https:\/\/klimavex.eu\/cz\/katalog\/hyundai-multisplit-venkovni-h3cm-m27ou-2\/\" \/>\n<meta property=\"og:locale\" content=\"cs_CZ\" \/>\n<meta property=\"og:type\" content=\"article\" \/>\n<meta property=\"og:title\" content=\"Klimatizace Hyundai multisplit venkovn\u00ed H3CM-M27 (3 vnit\u0159n\u00ed) R32 230V 8kW - KLIMAVEX GROUP - \u010cesko\" \/>\n<meta property=\"og:description\" content=\"Venkovn&iacute; jednotka Hyundai MULTI nab&iacute;z&iacute; &uacute;\u010dinn&eacute; a spolehliv&eacute; chlazen&iacute; i vyt&aacute;p\u011bn&iacute;. Dok&aacute;\u017ee v&nbsp;tomto p\u0159&iacute;pad\u011b najednou obsluhovat a\u017e 3 vnit\u0159n&iacute; jednotky Hyundai libovoln&eacute;ho typu, jsou mo\u017en&eacute; i jejich kombinace. Zaji&scaron;\u0165uje vysok&yacute; pr\u016ftok vzduchu, d&iacute;ky kter&eacute;mu vytv&aacute;\u0159&iacute; ide&aacute;ln&iacute; prost\u0159ed&iacute; v ka\u017ed&eacute; z m&iacute;stnost&iacute;. V&scaron;echny jednotky t&eacute;to \u0159ady maj&iacute; t\u0159&iacute;du energetick&eacute; &uacute;\u010dinnosti minim&aacute;ln\u011b A.\" \/>\n<meta property=\"og:url\" content=\"https:\/\/klimavex.eu\/cz\/katalog\/hyundai-multisplit-venkovni-h3cm-m27ou-2\/\" \/>\n<meta property=\"og:site_name\" content=\"KLIMAVEX GROUP - \u010cesko\" \/>\n<meta property=\"article:publisher\" content=\"https:\/\/www.facebook.com\/klimavex.cz\" \/>\n<meta property=\"article:modified_time\" content=\"2026-04-28T08:03:22+00:00\" \/>\n<meta property=\"og:image\" content=\"https:\/\/klimavex.eu\/cz\/wp-content\/uploads\/2025\/09\/QJ_akZsQHJYYfRs4HFBJNU_aI6SoT13BTwvCkOmQbFU-1.png\" \/>\n\t<meta property=\"og:image:width\" content=\"722\" \/>\n\t<meta property=\"og:image:height\" content=\"512\" \/>\n\t<meta property=\"og:image:type\" content=\"image\/png\" \/>\n<meta name=\"twitter:card\" content=\"summary_large_image\" \/>\n<meta name=\"twitter:label1\" content=\"Odhadovan\u00e1 doba \u010dten\u00ed\" \/>\n\t<meta name=\"twitter:data1\" content=\"1 minuta\" \/>\n<script type=\"application\/ld+json\" class=\"yoast-schema-graph\">{\"@context\":\"https:\/\/schema.org\",\"@graph\":[{\"@type\":\"WebPage\",\"@id\":\"https:\/\/klimavex.eu\/cz\/katalog\/hyundai-multisplit-venkovni-h3cm-m27ou-2\/\",\"url\":\"https:\/\/klimavex.eu\/cz\/katalog\/hyundai-multisplit-venkovni-h3cm-m27ou-2\/\",\"name\":\"Klimatizace Hyundai multisplit venkovn\u00ed H3CM-M27 (3 vnit\u0159n\u00ed) R32 230V 8kW - KLIMAVEX GROUP - \u010cesko\",\"isPartOf\":{\"@id\":\"https:\/\/klimavex.eu\/cz\/#website\"},\"primaryImageOfPage\":{\"@id\":\"https:\/\/klimavex.eu\/cz\/katalog\/hyundai-multisplit-venkovni-h3cm-m27ou-2\/#primaryimage\"},\"image\":{\"@id\":\"https:\/\/klimavex.eu\/cz\/katalog\/hyundai-multisplit-venkovni-h3cm-m27ou-2\/#primaryimage\"},\"thumbnailUrl\":\"https:\/\/klimavex.eu\/cz\/wp-content\/uploads\/2025\/09\/QJ_akZsQHJYYfRs4HFBJNU_aI6SoT13BTwvCkOmQbFU-1.png\",\"datePublished\":\"2026-04-28T08:03:05+00:00\",\"dateModified\":\"2026-04-28T08:03:22+00:00\",\"breadcrumb\":{\"@id\":\"https:\/\/klimavex.eu\/cz\/katalog\/hyundai-multisplit-venkovni-h3cm-m27ou-2\/#breadcrumb\"},\"inLanguage\":\"cs\",\"potentialAction\":[{\"@type\":\"ReadAction\",\"target\":[\"https:\/\/klimavex.eu\/cz\/katalog\/hyundai-multisplit-venkovni-h3cm-m27ou-2\/\"]}]},{\"@type\":\"ImageObject\",\"inLanguage\":\"cs\",\"@id\":\"https:\/\/klimavex.eu\/cz\/katalog\/hyundai-multisplit-venkovni-h3cm-m27ou-2\/#primaryimage\",\"url\":\"https:\/\/klimavex.eu\/cz\/wp-content\/uploads\/2025\/09\/QJ_akZsQHJYYfRs4HFBJNU_aI6SoT13BTwvCkOmQbFU-1.png\",\"contentUrl\":\"https:\/\/klimavex.eu\/cz\/wp-content\/uploads\/2025\/09\/QJ_akZsQHJYYfRs4HFBJNU_aI6SoT13BTwvCkOmQbFU-1.png\",\"width\":722,\"height\":512},{\"@type\":\"BreadcrumbList\",\"@id\":\"https:\/\/klimavex.eu\/cz\/katalog\/hyundai-multisplit-venkovni-h3cm-m27ou-2\/#breadcrumb\",\"itemListElement\":[{\"@type\":\"ListItem\",\"position\":1,\"name\":\"Domovsk\u00e1 str\u00e1nka\",\"item\":\"https:\/\/klimavex.eu\/cz\/\"},{\"@type\":\"ListItem\",\"position\":2,\"name\":\"Eshop\",\"item\":\"https:\/\/klimavex.eu\/cz\/eshop\/\"},{\"@type\":\"ListItem\",\"position\":3,\"name\":\"Hyundai MULTISPLIT venkovn\u00ed H3CM-M27OU\/2\"}]},{\"@type\":\"WebSite\",\"@id\":\"https:\/\/klimavex.eu\/cz\/#website\",\"url\":\"https:\/\/klimavex.eu\/cz\/\",\"name\":\"KLIMAVEX GROUP - \u010cesko\",\"description\":\"\",\"publisher\":{\"@id\":\"https:\/\/klimavex.eu\/cz\/#organization\"},\"alternateName\":\"KLIMAVEX CZ a.s.\",\"potentialAction\":[{\"@type\":\"SearchAction\",\"target\":{\"@type\":\"EntryPoint\",\"urlTemplate\":\"https:\/\/klimavex.eu\/cz\/?s={search_term_string}\"},\"query-input\":{\"@type\":\"PropertyValueSpecification\",\"valueRequired\":true,\"valueName\":\"search_term_string\"}}],\"inLanguage\":\"cs\"},{\"@type\":\"Organization\",\"@id\":\"https:\/\/klimavex.eu\/cz\/#organization\",\"name\":\"KLIMAVEX GROUP\",\"alternateName\":\"KLIMAVEX\",\"url\":\"https:\/\/klimavex.eu\/cz\/\",\"logo\":{\"@type\":\"ImageObject\",\"inLanguage\":\"cs\",\"@id\":\"https:\/\/klimavex.eu\/cz\/#\/schema\/logo\/image\/\",\"url\":\"https:\/\/klimavex.eu\/cz\/wp-content\/uploads\/2024\/04\/Klimavex-Group-logo.png\",\"contentUrl\":\"https:\/\/klimavex.eu\/cz\/wp-content\/uploads\/2024\/04\/Klimavex-Group-logo.png\",\"width\":1681,\"height\":472,\"caption\":\"KLIMAVEX GROUP\"},\"image\":{\"@id\":\"https:\/\/klimavex.eu\/cz\/#\/schema\/logo\/image\/\"},\"sameAs\":[\"https:\/\/www.facebook.com\/klimavex.cz\",\"https:\/\/www.instagram.com\/klimavex_cz\/\"]}]}<\/script>\n<!-- \/ Yoast SEO plugin. -->","yoast_head_json":{"title":"Klimatizace Hyundai multisplit venkovn\u00ed H3CM-M27 (3 vnit\u0159n\u00ed) R32 230V 8kW - KLIMAVEX GROUP - \u010cesko","robots":{"index":"index","follow":"follow","max-snippet":"max-snippet:-1","max-image-preview":"max-image-preview:large","max-video-preview":"max-video-preview:-1"},"canonical":"https:\/\/klimavex.eu\/cz\/katalog\/hyundai-multisplit-venkovni-h3cm-m27ou-2\/","og_locale":"cs_CZ","og_type":"article","og_title":"Klimatizace Hyundai multisplit venkovn\u00ed H3CM-M27 (3 vnit\u0159n\u00ed) R32 230V 8kW - KLIMAVEX GROUP - \u010cesko","og_description":"Venkovn&iacute; jednotka Hyundai MULTI nab&iacute;z&iacute; &uacute;\u010dinn&eacute; a spolehliv&eacute; chlazen&iacute; i vyt&aacute;p\u011bn&iacute;. Dok&aacute;\u017ee v&nbsp;tomto p\u0159&iacute;pad\u011b najednou obsluhovat a\u017e 3 vnit\u0159n&iacute; jednotky Hyundai libovoln&eacute;ho typu, jsou mo\u017en&eacute; i jejich kombinace. Zaji&scaron;\u0165uje vysok&yacute; pr\u016ftok vzduchu, d&iacute;ky kter&eacute;mu vytv&aacute;\u0159&iacute; ide&aacute;ln&iacute; prost\u0159ed&iacute; v ka\u017ed&eacute; z m&iacute;stnost&iacute;. V&scaron;echny jednotky t&eacute;to \u0159ady maj&iacute; t\u0159&iacute;du energetick&eacute; &uacute;\u010dinnosti minim&aacute;ln\u011b A.","og_url":"https:\/\/klimavex.eu\/cz\/katalog\/hyundai-multisplit-venkovni-h3cm-m27ou-2\/","og_site_name":"KLIMAVEX GROUP - \u010cesko","article_publisher":"https:\/\/www.facebook.com\/klimavex.cz","article_modified_time":"2026-04-28T08:03:22+00:00","og_image":[{"width":722,"height":512,"url":"https:\/\/klimavex.eu\/cz\/wp-content\/uploads\/2025\/09\/QJ_akZsQHJYYfRs4HFBJNU_aI6SoT13BTwvCkOmQbFU-1.png","type":"image\/png"}],"twitter_card":"summary_large_image","twitter_misc":{"Odhadovan\u00e1 doba \u010dten\u00ed":"1 minuta"},"schema":{"@context":"https:\/\/schema.org","@graph":[{"@type":"WebPage","@id":"https:\/\/klimavex.eu\/cz\/katalog\/hyundai-multisplit-venkovni-h3cm-m27ou-2\/","url":"https:\/\/klimavex.eu\/cz\/katalog\/hyundai-multisplit-venkovni-h3cm-m27ou-2\/","name":"Klimatizace Hyundai multisplit venkovn\u00ed H3CM-M27 (3 vnit\u0159n\u00ed) R32 230V 8kW - KLIMAVEX GROUP - \u010cesko","isPartOf":{"@id":"https:\/\/klimavex.eu\/cz\/#website"},"primaryImageOfPage":{"@id":"https:\/\/klimavex.eu\/cz\/katalog\/hyundai-multisplit-venkovni-h3cm-m27ou-2\/#primaryimage"},"image":{"@id":"https:\/\/klimavex.eu\/cz\/katalog\/hyundai-multisplit-venkovni-h3cm-m27ou-2\/#primaryimage"},"thumbnailUrl":"https:\/\/klimavex.eu\/cz\/wp-content\/uploads\/2025\/09\/QJ_akZsQHJYYfRs4HFBJNU_aI6SoT13BTwvCkOmQbFU-1.png","datePublished":"2026-04-28T08:03:05+00:00","dateModified":"2026-04-28T08:03:22+00:00","breadcrumb":{"@id":"https:\/\/klimavex.eu\/cz\/katalog\/hyundai-multisplit-venkovni-h3cm-m27ou-2\/#breadcrumb"},"inLanguage":"cs","potentialAction":[{"@type":"ReadAction","target":["https:\/\/klimavex.eu\/cz\/katalog\/hyundai-multisplit-venkovni-h3cm-m27ou-2\/"]}]},{"@type":"ImageObject","inLanguage":"cs","@id":"https:\/\/klimavex.eu\/cz\/katalog\/hyundai-multisplit-venkovni-h3cm-m27ou-2\/#primaryimage","url":"https:\/\/klimavex.eu\/cz\/wp-content\/uploads\/2025\/09\/QJ_akZsQHJYYfRs4HFBJNU_aI6SoT13BTwvCkOmQbFU-1.png","contentUrl":"https:\/\/klimavex.eu\/cz\/wp-content\/uploads\/2025\/09\/QJ_akZsQHJYYfRs4HFBJNU_aI6SoT13BTwvCkOmQbFU-1.png","width":722,"height":512},{"@type":"BreadcrumbList","@id":"https:\/\/klimavex.eu\/cz\/katalog\/hyundai-multisplit-venkovni-h3cm-m27ou-2\/#breadcrumb","itemListElement":[{"@type":"ListItem","position":1,"name":"Domovsk\u00e1 str\u00e1nka","item":"https:\/\/klimavex.eu\/cz\/"},{"@type":"ListItem","position":2,"name":"Eshop","item":"https:\/\/klimavex.eu\/cz\/eshop\/"},{"@type":"ListItem","position":3,"name":"Hyundai MULTISPLIT venkovn\u00ed H3CM-M27OU\/2"}]},{"@type":"WebSite","@id":"https:\/\/klimavex.eu\/cz\/#website","url":"https:\/\/klimavex.eu\/cz\/","name":"KLIMAVEX GROUP - \u010cesko","description":"","publisher":{"@id":"https:\/\/klimavex.eu\/cz\/#organization"},"alternateName":"KLIMAVEX CZ a.s.","potentialAction":[{"@type":"SearchAction","target":{"@type":"EntryPoint","urlTemplate":"https:\/\/klimavex.eu\/cz\/?s={search_term_string}"},"query-input":{"@type":"PropertyValueSpecification","valueRequired":true,"valueName":"search_term_string"}}],"inLanguage":"cs"},{"@type":"Organization","@id":"https:\/\/klimavex.eu\/cz\/#organization","name":"KLIMAVEX GROUP","alternateName":"KLIMAVEX","url":"https:\/\/klimavex.eu\/cz\/","logo":{"@type":"ImageObject","inLanguage":"cs","@id":"https:\/\/klimavex.eu\/cz\/#\/schema\/logo\/image\/","url":"https:\/\/klimavex.eu\/cz\/wp-content\/uploads\/2024\/04\/Klimavex-Group-logo.png","contentUrl":"https:\/\/klimavex.eu\/cz\/wp-content\/uploads\/2024\/04\/Klimavex-Group-logo.png","width":1681,"height":472,"caption":"KLIMAVEX GROUP"},"image":{"@id":"https:\/\/klimavex.eu\/cz\/#\/schema\/logo\/image\/"},"sameAs":["https:\/\/www.facebook.com\/klimavex.cz","https:\/\/www.instagram.com\/klimavex_cz\/"]}]}},"_links":{"self":[{"href":"https:\/\/klimavex.eu\/cz\/wp-json\/wp\/v2\/product\/542802","targetHints":{"allow":["GET"]}}],"collection":[{"href":"https:\/\/klimavex.eu\/cz\/wp-json\/wp\/v2\/product"}],"about":[{"href":"https:\/\/klimavex.eu\/cz\/wp-json\/wp\/v2\/types\/product"}],"version-history":[{"count":0,"href":"https:\/\/klimavex.eu\/cz\/wp-json\/wp\/v2\/product\/542802\/revisions"}],"wp:featuredmedia":[{"embeddable":true,"href":"https:\/\/klimavex.eu\/cz\/wp-json\/wp\/v2\/media\/547057"}],"wp:attachment":[{"href":"https:\/\/klimavex.eu\/cz\/wp-json\/wp\/v2\/media?parent=542802"}],"wp:term":[{"taxonomy":"product_cat","embeddable":true,"href":"https:\/\/klimavex.eu\/cz\/wp-json\/wp\/v2\/product_cat?post=542802"},{"taxonomy":"product_tag","embeddable":true,"href":"https:\/\/klimavex.eu\/cz\/wp-json\/wp\/v2\/product_tag?post=542802"}],"curies":[{"name":"wp","href":"https:\/\/api.w.org\/{rel}","templated":true}]}}