{"id":542809,"date":"2026-04-07T06:49:05","date_gmt":"2026-04-07T04:49:05","guid":{"rendered":"https:\/\/klimavex.eu\/cz\/katalog\/panasonic-nastenna-klimatizace-kit-bz50-zke\/"},"modified":"2026-04-07T06:49:42","modified_gmt":"2026-04-07T04:49:42","slug":"klimatizace-panasonic-split-nastenna-kit-bz50-zke-r32-230v-5kw","status":"publish","type":"product","link":"https:\/\/klimavex.eu\/cz\/katalog\/klimatizace-panasonic-split-nastenna-kit-bz50-zke-r32-230v-5kw\/","title":{"rendered":"Klimatizace Panasonic split n\u00e1st\u011bnn\u00e1 KIT-BZ50-ZKE R32 230V 5kW"},"content":{"rendered":"<p><span style=\"font-size:11pt\"><span style=\"font-family:Calibri,sans-serif\"><strong>Kl&iacute;\u010dov&eacute; vlastnosti<\/strong><\/span><\/span><\/p>\n<ul>\n<li><span style=\"font-size:11pt\"><span style=\"font-family:Calibri,sans-serif\">Mimo\u0159&aacute;dn\u011b kompaktn&iacute; design o &scaron;&iacute;\u0159ce pouh&yacute;ch 779 mm<\/span><\/span><\/li>\n<li><span style=\"font-size:11pt\"><span style=\"font-family:Calibri,sans-serif\">\u010cist&scaron;&iacute; vzduch v&nbsp;interi&eacute;ru d&iacute;ky filtru PM2,5<\/span><\/span><\/li>\n<li><span style=\"font-size:11pt\"><span style=\"font-family:Calibri,sans-serif\"><span style=\"color:black\">Technologie Aerowings slou\u017e&iacute; k&nbsp;\u0159&iacute;zen&iacute; sm\u011bru proud\u011bn&iacute; vzduchu<\/span><\/span><\/span><\/li>\n<li><span style=\"font-size:11pt\"><span style=\"font-family:Calibri,sans-serif\">Provozn&iacute; rozsah a\u017e do 43&deg;C p\u0159i chlazen&iacute;<\/span><\/span><\/li>\n<li><span style=\"font-size:11pt\"><span style=\"font-family:Calibri,sans-serif\">Provozn&iacute; rozsah a\u017e do -15&deg;C p\u0159i vyt&aacute;p\u011bn&iacute;<\/span><\/span><\/li>\n<li><span style=\"font-size:11pt\"><span style=\"font-family:Calibri,sans-serif\">Energetick&aacute; t\u0159&iacute;da A++ p\u0159i chlazen&iacute; a A+ p\u0159i vyt&aacute;p\u011bn&iacute;<\/span><\/span><\/li>\n<li><span style=\"font-size:11pt\"><span style=\"font-family:Calibri,sans-serif\">Mimo\u0159&aacute;dn\u011b tich&yacute; chod &ndash; pouze 20&nbsp;dB(A)<\/span><\/span><\/li>\n<li><span style=\"font-size:11pt\"><span style=\"font-family:Calibri,sans-serif\">Voliteln&eacute; ovl&aacute;d&aacute;n&iacute; p\u0159es internet prost\u0159ednictv&iacute;m aplikace Panasonic Comfort Cloud (vy\u017eaduje CZ-TACG1) a&nbsp;hlasov&eacute; ovl&aacute;d&aacute;n&iacute; <\/span><\/span><\/li>\n<li><span style=\"font-size:11pt\"><span style=\"font-family:Calibri,sans-serif\">Ekologick&eacute; chladivo R32<\/span><\/span><\/li>\n<\/ul>\n","protected":false},"excerpt":{"rendered":"<p style=\"text-align:justify\"><span style=\"font-size:11pt\"><span style=\"font-family:Calibri,sans-serif\"><strong><span style=\"color:black\">Panasonic BZ<\/span><\/strong><span style=\"color:black\"> je n&aacute;st\u011bnn&aacute; split klimatizace pro instalaci <strong>do bytu nebo domu<\/strong>. Jedn&aacute; se o mimo\u0159&aacute;dn\u011b kompaktn&iacute; jednotku s&nbsp;<strong>filtrem PM2,5<\/strong>. Vnit\u0159n&iacute; jednotka se py&scaron;n&iacute; <strong>&scaron;&iacute;\u0159kou pouh&yacute;ch 779 mm<\/strong>. Jej&iacute; vkusn&aacute; b&iacute;l&aacute; barva se hod&iacute; do v\u011bt&scaron;iny dom&aacute;cnost&iacute;, kter&eacute; nav&iacute;c nejsou ru&scaron;eny provozem jednotky v&nbsp;d\u016fsledku jej&iacute;ho mimo\u0159&aacute;dn\u011b <strong>tich&eacute;ho chodu o 20 dB(A)<\/strong>. <\/span><\/span><\/span><\/p>\n","protected":false},"featured_media":547072,"template":"","meta":[],"product_cat":[7657,7659,7660,7688,7547,7674],"product_tag":[],"class_list":{"0":"post-542809","1":"product","2":"type-product","3":"status-publish","4":"has-post-thumbnail","6":"product_cat-podle-znacky","7":"product_cat-podle-typu","8":"product_cat-nastenne","9":"product_cat-nastenne-bz","10":"product_cat-klimatizace","11":"product_cat-panasonic","12":"pa_barva-vnitrni-jednotky-bila","13":"pa_chlad-do-von-tep-c-do-10-c","14":"pa_chladici-vykon-11459","15":"pa_energeticka-trida-scop-aplus","16":"pa_energeticka-trida-seer-aplusplus","17":"pa_filtrace-vzduchu-pm-25","18":"pa_hlucnost-vnitrni-jednotky-11588","19":"pa_napajeni-1f-230v","20":"pa_prikon-chlazeni-11968","21":"pa_prikon-vytapeni-12074","22":"pa_provedeni-nastenny-split","23":"pa_topny-vykon-12262","24":"pa_typ-chladiva-r32","25":"pa_vyk-do-von-tepl-c-do-15-c","26":"pa_vykonovy-model-11462","27":"pa_znacka-panasonic","29":"first","30":"instock","31":"taxable","32":"shipping-taxable","33":"purchasable","34":"product-type-simple"},"yoast_head":"<!-- This site is optimized with the Yoast SEO plugin v23.9 - https:\/\/yoast.com\/wordpress\/plugins\/seo\/ -->\n<title>Klimatizace Panasonic split n\u00e1st\u011bnn\u00e1 KIT-BZ50-ZKE R32 230V 5kW - KLIMAVEX GROUP - \u010cesko<\/title>\n<meta name=\"robots\" content=\"index, follow, max-snippet:-1, max-image-preview:large, max-video-preview:-1\" \/>\n<link rel=\"canonical\" href=\"https:\/\/klimavex.eu\/cz\/katalog\/panasonic-nastenna-klimatizace-kit-bz50-zke\/\" \/>\n<meta property=\"og:locale\" content=\"cs_CZ\" \/>\n<meta property=\"og:type\" content=\"article\" \/>\n<meta property=\"og:title\" content=\"Klimatizace Panasonic split n\u00e1st\u011bnn\u00e1 KIT-BZ50-ZKE R32 230V 5kW - KLIMAVEX GROUP - \u010cesko\" \/>\n<meta property=\"og:description\" content=\"Panasonic BZ je n&aacute;st\u011bnn&aacute; split klimatizace pro instalaci do bytu nebo domu. Jedn&aacute; se o mimo\u0159&aacute;dn\u011b kompaktn&iacute; jednotku s&nbsp;filtrem PM2,5. Vnit\u0159n&iacute; jednotka se py&scaron;n&iacute; &scaron;&iacute;\u0159kou pouh&yacute;ch 779 mm. Jej&iacute; vkusn&aacute; b&iacute;l&aacute; barva se hod&iacute; do v\u011bt&scaron;iny dom&aacute;cnost&iacute;, kter&eacute; nav&iacute;c nejsou ru&scaron;eny provozem jednotky v&nbsp;d\u016fsledku jej&iacute;ho mimo\u0159&aacute;dn\u011b tich&eacute;ho chodu o 20 dB(A).\" \/>\n<meta property=\"og:url\" content=\"https:\/\/klimavex.eu\/cz\/katalog\/panasonic-nastenna-klimatizace-kit-bz50-zke\/\" \/>\n<meta property=\"og:site_name\" content=\"KLIMAVEX GROUP - \u010cesko\" \/>\n<meta property=\"article:publisher\" content=\"https:\/\/www.facebook.com\/klimavex.cz\" \/>\n<meta property=\"article:modified_time\" content=\"2026-04-07T04:49:42+00:00\" \/>\n<meta property=\"og:image\" content=\"https:\/\/klimavex.eu\/cz\/wp-content\/uploads\/2025\/09\/RS4HExod-MIDwbvQFPz6TebStbB51W24h4-OD-hrTY-1.png\" \/>\n\t<meta property=\"og:image:width\" content=\"500\" \/>\n\t<meta property=\"og:image:height\" content=\"500\" \/>\n\t<meta property=\"og:image:type\" content=\"image\/png\" \/>\n<meta name=\"twitter:card\" content=\"summary_large_image\" \/>\n<meta name=\"twitter:label1\" content=\"Odhadovan\u00e1 doba \u010dten\u00ed\" \/>\n\t<meta name=\"twitter:data1\" content=\"1 minuta\" \/>\n<script type=\"application\/ld+json\" class=\"yoast-schema-graph\">{\"@context\":\"https:\/\/schema.org\",\"@graph\":[{\"@type\":\"WebPage\",\"@id\":\"https:\/\/klimavex.eu\/cz\/katalog\/panasonic-nastenna-klimatizace-kit-bz50-zke\/\",\"url\":\"https:\/\/klimavex.eu\/cz\/katalog\/panasonic-nastenna-klimatizace-kit-bz50-zke\/\",\"name\":\"Klimatizace Panasonic split n\u00e1st\u011bnn\u00e1 KIT-BZ50-ZKE R32 230V 5kW - KLIMAVEX GROUP - \u010cesko\",\"isPartOf\":{\"@id\":\"https:\/\/klimavex.eu\/cz\/#website\"},\"primaryImageOfPage\":{\"@id\":\"https:\/\/klimavex.eu\/cz\/katalog\/panasonic-nastenna-klimatizace-kit-bz50-zke\/#primaryimage\"},\"image\":{\"@id\":\"https:\/\/klimavex.eu\/cz\/katalog\/panasonic-nastenna-klimatizace-kit-bz50-zke\/#primaryimage\"},\"thumbnailUrl\":\"https:\/\/klimavex.eu\/cz\/wp-content\/uploads\/2025\/09\/RS4HExod-MIDwbvQFPz6TebStbB51W24h4-OD-hrTY-1.png\",\"datePublished\":\"2026-04-07T04:49:05+00:00\",\"dateModified\":\"2026-04-07T04:49:42+00:00\",\"breadcrumb\":{\"@id\":\"https:\/\/klimavex.eu\/cz\/katalog\/panasonic-nastenna-klimatizace-kit-bz50-zke\/#breadcrumb\"},\"inLanguage\":\"cs\",\"potentialAction\":[{\"@type\":\"ReadAction\",\"target\":[\"https:\/\/klimavex.eu\/cz\/katalog\/panasonic-nastenna-klimatizace-kit-bz50-zke\/\"]}]},{\"@type\":\"ImageObject\",\"inLanguage\":\"cs\",\"@id\":\"https:\/\/klimavex.eu\/cz\/katalog\/panasonic-nastenna-klimatizace-kit-bz50-zke\/#primaryimage\",\"url\":\"https:\/\/klimavex.eu\/cz\/wp-content\/uploads\/2025\/09\/RS4HExod-MIDwbvQFPz6TebStbB51W24h4-OD-hrTY-1.png\",\"contentUrl\":\"https:\/\/klimavex.eu\/cz\/wp-content\/uploads\/2025\/09\/RS4HExod-MIDwbvQFPz6TebStbB51W24h4-OD-hrTY-1.png\",\"width\":500,\"height\":500},{\"@type\":\"BreadcrumbList\",\"@id\":\"https:\/\/klimavex.eu\/cz\/katalog\/panasonic-nastenna-klimatizace-kit-bz50-zke\/#breadcrumb\",\"itemListElement\":[{\"@type\":\"ListItem\",\"position\":1,\"name\":\"Domovsk\u00e1 str\u00e1nka\",\"item\":\"https:\/\/klimavex.eu\/cz\/\"},{\"@type\":\"ListItem\",\"position\":2,\"name\":\"Eshop\",\"item\":\"https:\/\/klimavex.eu\/cz\/eshop\/\"},{\"@type\":\"ListItem\",\"position\":3,\"name\":\"Panasonic n\u00e1st\u011bnn\u00e1 klimatizace KIT-BZ50-ZKE\"}]},{\"@type\":\"WebSite\",\"@id\":\"https:\/\/klimavex.eu\/cz\/#website\",\"url\":\"https:\/\/klimavex.eu\/cz\/\",\"name\":\"KLIMAVEX GROUP - \u010cesko\",\"description\":\"\",\"publisher\":{\"@id\":\"https:\/\/klimavex.eu\/cz\/#organization\"},\"alternateName\":\"KLIMAVEX CZ a.s.\",\"potentialAction\":[{\"@type\":\"SearchAction\",\"target\":{\"@type\":\"EntryPoint\",\"urlTemplate\":\"https:\/\/klimavex.eu\/cz\/?s={search_term_string}\"},\"query-input\":{\"@type\":\"PropertyValueSpecification\",\"valueRequired\":true,\"valueName\":\"search_term_string\"}}],\"inLanguage\":\"cs\"},{\"@type\":\"Organization\",\"@id\":\"https:\/\/klimavex.eu\/cz\/#organization\",\"name\":\"KLIMAVEX GROUP\",\"alternateName\":\"KLIMAVEX\",\"url\":\"https:\/\/klimavex.eu\/cz\/\",\"logo\":{\"@type\":\"ImageObject\",\"inLanguage\":\"cs\",\"@id\":\"https:\/\/klimavex.eu\/cz\/#\/schema\/logo\/image\/\",\"url\":\"https:\/\/klimavex.eu\/cz\/wp-content\/uploads\/2024\/04\/Klimavex-Group-logo.png\",\"contentUrl\":\"https:\/\/klimavex.eu\/cz\/wp-content\/uploads\/2024\/04\/Klimavex-Group-logo.png\",\"width\":1681,\"height\":472,\"caption\":\"KLIMAVEX GROUP\"},\"image\":{\"@id\":\"https:\/\/klimavex.eu\/cz\/#\/schema\/logo\/image\/\"},\"sameAs\":[\"https:\/\/www.facebook.com\/klimavex.cz\",\"https:\/\/www.instagram.com\/klimavex_cz\/\"]}]}<\/script>\n<!-- \/ Yoast SEO plugin. -->","yoast_head_json":{"title":"Klimatizace Panasonic split n\u00e1st\u011bnn\u00e1 KIT-BZ50-ZKE R32 230V 5kW - KLIMAVEX GROUP - \u010cesko","robots":{"index":"index","follow":"follow","max-snippet":"max-snippet:-1","max-image-preview":"max-image-preview:large","max-video-preview":"max-video-preview:-1"},"canonical":"https:\/\/klimavex.eu\/cz\/katalog\/panasonic-nastenna-klimatizace-kit-bz50-zke\/","og_locale":"cs_CZ","og_type":"article","og_title":"Klimatizace Panasonic split n\u00e1st\u011bnn\u00e1 KIT-BZ50-ZKE R32 230V 5kW - KLIMAVEX GROUP - \u010cesko","og_description":"Panasonic BZ je n&aacute;st\u011bnn&aacute; split klimatizace pro instalaci do bytu nebo domu. Jedn&aacute; se o mimo\u0159&aacute;dn\u011b kompaktn&iacute; jednotku s&nbsp;filtrem PM2,5. Vnit\u0159n&iacute; jednotka se py&scaron;n&iacute; &scaron;&iacute;\u0159kou pouh&yacute;ch 779 mm. Jej&iacute; vkusn&aacute; b&iacute;l&aacute; barva se hod&iacute; do v\u011bt&scaron;iny dom&aacute;cnost&iacute;, kter&eacute; nav&iacute;c nejsou ru&scaron;eny provozem jednotky v&nbsp;d\u016fsledku jej&iacute;ho mimo\u0159&aacute;dn\u011b tich&eacute;ho chodu o 20 dB(A).","og_url":"https:\/\/klimavex.eu\/cz\/katalog\/panasonic-nastenna-klimatizace-kit-bz50-zke\/","og_site_name":"KLIMAVEX GROUP - \u010cesko","article_publisher":"https:\/\/www.facebook.com\/klimavex.cz","article_modified_time":"2026-04-07T04:49:42+00:00","og_image":[{"width":500,"height":500,"url":"https:\/\/klimavex.eu\/cz\/wp-content\/uploads\/2025\/09\/RS4HExod-MIDwbvQFPz6TebStbB51W24h4-OD-hrTY-1.png","type":"image\/png"}],"twitter_card":"summary_large_image","twitter_misc":{"Odhadovan\u00e1 doba \u010dten\u00ed":"1 minuta"},"schema":{"@context":"https:\/\/schema.org","@graph":[{"@type":"WebPage","@id":"https:\/\/klimavex.eu\/cz\/katalog\/panasonic-nastenna-klimatizace-kit-bz50-zke\/","url":"https:\/\/klimavex.eu\/cz\/katalog\/panasonic-nastenna-klimatizace-kit-bz50-zke\/","name":"Klimatizace Panasonic split n\u00e1st\u011bnn\u00e1 KIT-BZ50-ZKE R32 230V 5kW - KLIMAVEX GROUP - \u010cesko","isPartOf":{"@id":"https:\/\/klimavex.eu\/cz\/#website"},"primaryImageOfPage":{"@id":"https:\/\/klimavex.eu\/cz\/katalog\/panasonic-nastenna-klimatizace-kit-bz50-zke\/#primaryimage"},"image":{"@id":"https:\/\/klimavex.eu\/cz\/katalog\/panasonic-nastenna-klimatizace-kit-bz50-zke\/#primaryimage"},"thumbnailUrl":"https:\/\/klimavex.eu\/cz\/wp-content\/uploads\/2025\/09\/RS4HExod-MIDwbvQFPz6TebStbB51W24h4-OD-hrTY-1.png","datePublished":"2026-04-07T04:49:05+00:00","dateModified":"2026-04-07T04:49:42+00:00","breadcrumb":{"@id":"https:\/\/klimavex.eu\/cz\/katalog\/panasonic-nastenna-klimatizace-kit-bz50-zke\/#breadcrumb"},"inLanguage":"cs","potentialAction":[{"@type":"ReadAction","target":["https:\/\/klimavex.eu\/cz\/katalog\/panasonic-nastenna-klimatizace-kit-bz50-zke\/"]}]},{"@type":"ImageObject","inLanguage":"cs","@id":"https:\/\/klimavex.eu\/cz\/katalog\/panasonic-nastenna-klimatizace-kit-bz50-zke\/#primaryimage","url":"https:\/\/klimavex.eu\/cz\/wp-content\/uploads\/2025\/09\/RS4HExod-MIDwbvQFPz6TebStbB51W24h4-OD-hrTY-1.png","contentUrl":"https:\/\/klimavex.eu\/cz\/wp-content\/uploads\/2025\/09\/RS4HExod-MIDwbvQFPz6TebStbB51W24h4-OD-hrTY-1.png","width":500,"height":500},{"@type":"BreadcrumbList","@id":"https:\/\/klimavex.eu\/cz\/katalog\/panasonic-nastenna-klimatizace-kit-bz50-zke\/#breadcrumb","itemListElement":[{"@type":"ListItem","position":1,"name":"Domovsk\u00e1 str\u00e1nka","item":"https:\/\/klimavex.eu\/cz\/"},{"@type":"ListItem","position":2,"name":"Eshop","item":"https:\/\/klimavex.eu\/cz\/eshop\/"},{"@type":"ListItem","position":3,"name":"Panasonic n\u00e1st\u011bnn\u00e1 klimatizace KIT-BZ50-ZKE"}]},{"@type":"WebSite","@id":"https:\/\/klimavex.eu\/cz\/#website","url":"https:\/\/klimavex.eu\/cz\/","name":"KLIMAVEX GROUP - \u010cesko","description":"","publisher":{"@id":"https:\/\/klimavex.eu\/cz\/#organization"},"alternateName":"KLIMAVEX CZ a.s.","potentialAction":[{"@type":"SearchAction","target":{"@type":"EntryPoint","urlTemplate":"https:\/\/klimavex.eu\/cz\/?s={search_term_string}"},"query-input":{"@type":"PropertyValueSpecification","valueRequired":true,"valueName":"search_term_string"}}],"inLanguage":"cs"},{"@type":"Organization","@id":"https:\/\/klimavex.eu\/cz\/#organization","name":"KLIMAVEX GROUP","alternateName":"KLIMAVEX","url":"https:\/\/klimavex.eu\/cz\/","logo":{"@type":"ImageObject","inLanguage":"cs","@id":"https:\/\/klimavex.eu\/cz\/#\/schema\/logo\/image\/","url":"https:\/\/klimavex.eu\/cz\/wp-content\/uploads\/2024\/04\/Klimavex-Group-logo.png","contentUrl":"https:\/\/klimavex.eu\/cz\/wp-content\/uploads\/2024\/04\/Klimavex-Group-logo.png","width":1681,"height":472,"caption":"KLIMAVEX GROUP"},"image":{"@id":"https:\/\/klimavex.eu\/cz\/#\/schema\/logo\/image\/"},"sameAs":["https:\/\/www.facebook.com\/klimavex.cz","https:\/\/www.instagram.com\/klimavex_cz\/"]}]}},"_links":{"self":[{"href":"https:\/\/klimavex.eu\/cz\/wp-json\/wp\/v2\/product\/542809","targetHints":{"allow":["GET"]}}],"collection":[{"href":"https:\/\/klimavex.eu\/cz\/wp-json\/wp\/v2\/product"}],"about":[{"href":"https:\/\/klimavex.eu\/cz\/wp-json\/wp\/v2\/types\/product"}],"version-history":[{"count":0,"href":"https:\/\/klimavex.eu\/cz\/wp-json\/wp\/v2\/product\/542809\/revisions"}],"wp:featuredmedia":[{"embeddable":true,"href":"https:\/\/klimavex.eu\/cz\/wp-json\/wp\/v2\/media\/547072"}],"wp:attachment":[{"href":"https:\/\/klimavex.eu\/cz\/wp-json\/wp\/v2\/media?parent=542809"}],"wp:term":[{"taxonomy":"product_cat","embeddable":true,"href":"https:\/\/klimavex.eu\/cz\/wp-json\/wp\/v2\/product_cat?post=542809"},{"taxonomy":"product_tag","embeddable":true,"href":"https:\/\/klimavex.eu\/cz\/wp-json\/wp\/v2\/product_tag?post=542809"}],"curies":[{"name":"wp","href":"https:\/\/api.w.org\/{rel}","templated":true}]}}