{"id":542826,"date":"2026-05-03T22:55:31","date_gmt":"2026-05-03T20:55:31","guid":{"rendered":"https:\/\/klimavex.eu\/cz\/katalog\/samsung-nastenna-klimatizace-windfree-qmd-ac071\/"},"modified":"2026-05-03T22:56:45","modified_gmt":"2026-05-03T20:56:45","slug":"klimatizace-samsung-split-nastenna-windfree-qmd-ac071-r32-230v-71kw","status":"publish","type":"product","link":"https:\/\/klimavex.eu\/cz\/katalog\/klimatizace-samsung-split-nastenna-windfree-qmd-ac071-r32-230v-71kw\/","title":{"rendered":"Klimatizace Samsung split n\u00e1st\u011bnn\u00e1 WindFree QMD AC071 R32 230V 7,1kW"},"content":{"rendered":"<p style=\"text-align:justify\"><span style=\"font-size:11pt\"><span style=\"font-family:Calibri,sans-serif\"><strong>Kl&iacute;\u010dov&eacute; vlastnosti<\/strong><\/span><\/span><\/p>\n<ul>\n<li style=\"text-align: justify;\"><span style=\"font-size:11pt\"><span style=\"font-family:Calibri,sans-serif\">Dvoustup\u0148ov&eacute; chlazen&iacute; &ndash; WindFree&trade; re\u017eim a re\u017eim rychl&eacute;ho chlazen&iacute;<\/span><\/span><\/li>\n<li style=\"text-align: justify;\"><span style=\"font-size:11pt\"><span style=\"font-family:Calibri,sans-serif\">Vestav\u011bn&yacute; senzor teploty a vlhkosti<\/span><\/span><\/li>\n<li style=\"text-align: justify;\"><span style=\"font-size:11pt\"><span style=\"font-family:Calibri,sans-serif\">Provozn&iacute; rozsah chlazen&iacute; a\u017e do -15&deg;C venkovn&iacute; teploty<\/span><\/span><\/li>\n<li style=\"text-align: justify;\"><span style=\"font-size:11pt\"><span style=\"font-family:Calibri,sans-serif\">Provozn&iacute; rozsah vyt&aacute;p\u011bn&iacute; a\u017e do -20&deg;C venkovn&iacute; teploty<\/span><\/span><\/li>\n<li style=\"text-align: justify;\"><span style=\"font-size:11pt\"><span style=\"font-family:Calibri,sans-serif\">N&iacute;zk&aacute; m&iacute;ra hlu\u010dnosti &ndash; od 21 dB(A)<\/span><\/span><\/li>\n<li style=\"text-align: justify;\"><span style=\"font-size:11pt\"><span style=\"font-family:Calibri,sans-serif\">Funkce odvlh\u010dov&aacute;n&iacute;<\/span><\/span><\/li>\n<li style=\"text-align: justify;\"><span style=\"font-size:11pt\"><span style=\"font-family:Calibri,sans-serif\">1f&aacute;zov&eacute; el. nap&aacute;jen&iacute;<\/span><\/span><\/li>\n<\/ul>\n","protected":false},"excerpt":{"rendered":"<p style=\"text-align:justify\"><span style=\"font-size:11pt\"><span style=\"font-family:Calibri,sans-serif\"><strong>Samsung WindFree<\/strong>&trade; <strong>QMD<\/strong> je n&aacute;st\u011bnn&aacute; klimatiza\u010dn&iacute; jednotka ur\u010dena zejm&eacute;na pro <strong>komer\u010dn&iacute; &uacute;\u010dely<\/strong>. Jednotka disponuje inovativn&iacute; technologi&iacute; <strong>WindFree<\/strong>, d&iacute;ky kter&eacute; u\u017eivatel nepoci\u0165uje pocit studen&eacute;ho pr\u016fvanu, \u010di i jin&yacute;mi. Tato klimatizace, kter&aacute; dok&aacute;\u017ee chladit i topit, je ur\u010dena pro r\u016fzn&eacute; komer\u010dn&iacute; prostory. U\u017e&iacute;v&aacute; se ekologick&eacute; <strong>chladivo<\/strong> <strong>R32.<\/strong><\/span><\/span><\/p>\n","protected":false},"featured_media":547115,"template":"","meta":[],"product_cat":[7657,7660,7659,7672,7547,7710],"product_tag":[],"class_list":{"0":"post-542826","1":"product","2":"type-product","3":"status-publish","4":"has-post-thumbnail","6":"product_cat-podle-znacky","7":"product_cat-nastenne","8":"product_cat-podle-typu","9":"product_cat-samsung","10":"product_cat-klimatizace","11":"product_cat-nastenne-cac","12":"pa_chlad-do-von-tep-c-do-15-c","13":"pa_chladici-vykon-11453","14":"pa_energeticka-trida-scop-aplus","15":"pa_energeticka-trida-seer-aplusplus","16":"pa_napajeni-1f-230v","17":"pa_prikon-chlazeni-11533","18":"pa_prikon-vytapeni-11926","19":"pa_provedeni-nastenny-split","20":"pa_topny-vykon-11958","21":"pa_typ-chladiva-r32","22":"pa_vyk-do-von-tepl-c-do-20-c","23":"pa_vykonovy-model-11430","24":"pa_znacka-samsung","26":"first","27":"instock","28":"taxable","29":"shipping-taxable","30":"purchasable","31":"product-type-simple"},"yoast_head":"<!-- This site is optimized with the Yoast SEO plugin v23.9 - https:\/\/yoast.com\/wordpress\/plugins\/seo\/ -->\n<title>Klimatizace Samsung split n\u00e1st\u011bnn\u00e1 WindFree QMD AC071 R32 230V 7,1kW - KLIMAVEX GROUP - \u010cesko<\/title>\n<meta name=\"robots\" content=\"index, follow, max-snippet:-1, max-image-preview:large, max-video-preview:-1\" \/>\n<link rel=\"canonical\" href=\"https:\/\/klimavex.eu\/cz\/katalog\/samsung-nastenna-klimatizace-windfree-qmd-ac071\/\" \/>\n<meta property=\"og:locale\" content=\"cs_CZ\" \/>\n<meta property=\"og:type\" content=\"article\" \/>\n<meta property=\"og:title\" content=\"Klimatizace Samsung split n\u00e1st\u011bnn\u00e1 WindFree QMD AC071 R32 230V 7,1kW - KLIMAVEX GROUP - \u010cesko\" \/>\n<meta property=\"og:description\" content=\"Samsung WindFree&trade; QMD je n&aacute;st\u011bnn&aacute; klimatiza\u010dn&iacute; jednotka ur\u010dena zejm&eacute;na pro komer\u010dn&iacute; &uacute;\u010dely. Jednotka disponuje inovativn&iacute; technologi&iacute; WindFree, d&iacute;ky kter&eacute; u\u017eivatel nepoci\u0165uje pocit studen&eacute;ho pr\u016fvanu, \u010di i jin&yacute;mi. Tato klimatizace, kter&aacute; dok&aacute;\u017ee chladit i topit, je ur\u010dena pro r\u016fzn&eacute; komer\u010dn&iacute; prostory. U\u017e&iacute;v&aacute; se ekologick&eacute; chladivo R32.\" \/>\n<meta property=\"og:url\" content=\"https:\/\/klimavex.eu\/cz\/katalog\/samsung-nastenna-klimatizace-windfree-qmd-ac071\/\" \/>\n<meta property=\"og:site_name\" content=\"KLIMAVEX GROUP - \u010cesko\" \/>\n<meta property=\"article:publisher\" content=\"https:\/\/www.facebook.com\/klimavex.cz\" \/>\n<meta property=\"article:modified_time\" content=\"2026-05-03T20:56:45+00:00\" \/>\n<meta property=\"og:image\" content=\"https:\/\/klimavex.eu\/cz\/wp-content\/uploads\/2025\/09\/wtKF1wA5IbRuMhuZsTcuf1eAlI34RKUbLYOZzz9laXo-2.png\" \/>\n\t<meta property=\"og:image:width\" content=\"489\" \/>\n\t<meta property=\"og:image:height\" content=\"326\" \/>\n\t<meta property=\"og:image:type\" content=\"image\/png\" \/>\n<meta name=\"twitter:card\" content=\"summary_large_image\" \/>\n<script type=\"application\/ld+json\" class=\"yoast-schema-graph\">{\"@context\":\"https:\/\/schema.org\",\"@graph\":[{\"@type\":\"WebPage\",\"@id\":\"https:\/\/klimavex.eu\/cz\/katalog\/samsung-nastenna-klimatizace-windfree-qmd-ac071\/\",\"url\":\"https:\/\/klimavex.eu\/cz\/katalog\/samsung-nastenna-klimatizace-windfree-qmd-ac071\/\",\"name\":\"Klimatizace Samsung split n\u00e1st\u011bnn\u00e1 WindFree QMD AC071 R32 230V 7,1kW - KLIMAVEX GROUP - \u010cesko\",\"isPartOf\":{\"@id\":\"https:\/\/klimavex.eu\/cz\/#website\"},\"primaryImageOfPage\":{\"@id\":\"https:\/\/klimavex.eu\/cz\/katalog\/samsung-nastenna-klimatizace-windfree-qmd-ac071\/#primaryimage\"},\"image\":{\"@id\":\"https:\/\/klimavex.eu\/cz\/katalog\/samsung-nastenna-klimatizace-windfree-qmd-ac071\/#primaryimage\"},\"thumbnailUrl\":\"https:\/\/klimavex.eu\/cz\/wp-content\/uploads\/2025\/09\/wtKF1wA5IbRuMhuZsTcuf1eAlI34RKUbLYOZzz9laXo-2.png\",\"datePublished\":\"2026-05-03T20:55:31+00:00\",\"dateModified\":\"2026-05-03T20:56:45+00:00\",\"breadcrumb\":{\"@id\":\"https:\/\/klimavex.eu\/cz\/katalog\/samsung-nastenna-klimatizace-windfree-qmd-ac071\/#breadcrumb\"},\"inLanguage\":\"cs\",\"potentialAction\":[{\"@type\":\"ReadAction\",\"target\":[\"https:\/\/klimavex.eu\/cz\/katalog\/samsung-nastenna-klimatizace-windfree-qmd-ac071\/\"]}]},{\"@type\":\"ImageObject\",\"inLanguage\":\"cs\",\"@id\":\"https:\/\/klimavex.eu\/cz\/katalog\/samsung-nastenna-klimatizace-windfree-qmd-ac071\/#primaryimage\",\"url\":\"https:\/\/klimavex.eu\/cz\/wp-content\/uploads\/2025\/09\/wtKF1wA5IbRuMhuZsTcuf1eAlI34RKUbLYOZzz9laXo-2.png\",\"contentUrl\":\"https:\/\/klimavex.eu\/cz\/wp-content\/uploads\/2025\/09\/wtKF1wA5IbRuMhuZsTcuf1eAlI34RKUbLYOZzz9laXo-2.png\",\"width\":489,\"height\":326},{\"@type\":\"BreadcrumbList\",\"@id\":\"https:\/\/klimavex.eu\/cz\/katalog\/samsung-nastenna-klimatizace-windfree-qmd-ac071\/#breadcrumb\",\"itemListElement\":[{\"@type\":\"ListItem\",\"position\":1,\"name\":\"Domovsk\u00e1 str\u00e1nka\",\"item\":\"https:\/\/klimavex.eu\/cz\/\"},{\"@type\":\"ListItem\",\"position\":2,\"name\":\"Eshop\",\"item\":\"https:\/\/klimavex.eu\/cz\/eshop\/\"},{\"@type\":\"ListItem\",\"position\":3,\"name\":\"Samsung n\u00e1st\u011bnn\u00e1 klimatizace WindFree QMD AC071\"}]},{\"@type\":\"WebSite\",\"@id\":\"https:\/\/klimavex.eu\/cz\/#website\",\"url\":\"https:\/\/klimavex.eu\/cz\/\",\"name\":\"KLIMAVEX GROUP - \u010cesko\",\"description\":\"\",\"publisher\":{\"@id\":\"https:\/\/klimavex.eu\/cz\/#organization\"},\"alternateName\":\"KLIMAVEX CZ a.s.\",\"potentialAction\":[{\"@type\":\"SearchAction\",\"target\":{\"@type\":\"EntryPoint\",\"urlTemplate\":\"https:\/\/klimavex.eu\/cz\/?s={search_term_string}\"},\"query-input\":{\"@type\":\"PropertyValueSpecification\",\"valueRequired\":true,\"valueName\":\"search_term_string\"}}],\"inLanguage\":\"cs\"},{\"@type\":\"Organization\",\"@id\":\"https:\/\/klimavex.eu\/cz\/#organization\",\"name\":\"KLIMAVEX GROUP\",\"alternateName\":\"KLIMAVEX\",\"url\":\"https:\/\/klimavex.eu\/cz\/\",\"logo\":{\"@type\":\"ImageObject\",\"inLanguage\":\"cs\",\"@id\":\"https:\/\/klimavex.eu\/cz\/#\/schema\/logo\/image\/\",\"url\":\"https:\/\/klimavex.eu\/cz\/wp-content\/uploads\/2024\/04\/Klimavex-Group-logo.png\",\"contentUrl\":\"https:\/\/klimavex.eu\/cz\/wp-content\/uploads\/2024\/04\/Klimavex-Group-logo.png\",\"width\":1681,\"height\":472,\"caption\":\"KLIMAVEX GROUP\"},\"image\":{\"@id\":\"https:\/\/klimavex.eu\/cz\/#\/schema\/logo\/image\/\"},\"sameAs\":[\"https:\/\/www.facebook.com\/klimavex.cz\",\"https:\/\/www.instagram.com\/klimavex_cz\/\"]}]}<\/script>\n<!-- \/ Yoast SEO plugin. -->","yoast_head_json":{"title":"Klimatizace Samsung split n\u00e1st\u011bnn\u00e1 WindFree QMD AC071 R32 230V 7,1kW - KLIMAVEX GROUP - \u010cesko","robots":{"index":"index","follow":"follow","max-snippet":"max-snippet:-1","max-image-preview":"max-image-preview:large","max-video-preview":"max-video-preview:-1"},"canonical":"https:\/\/klimavex.eu\/cz\/katalog\/samsung-nastenna-klimatizace-windfree-qmd-ac071\/","og_locale":"cs_CZ","og_type":"article","og_title":"Klimatizace Samsung split n\u00e1st\u011bnn\u00e1 WindFree QMD AC071 R32 230V 7,1kW - KLIMAVEX GROUP - \u010cesko","og_description":"Samsung WindFree&trade; QMD je n&aacute;st\u011bnn&aacute; klimatiza\u010dn&iacute; jednotka ur\u010dena zejm&eacute;na pro komer\u010dn&iacute; &uacute;\u010dely. Jednotka disponuje inovativn&iacute; technologi&iacute; WindFree, d&iacute;ky kter&eacute; u\u017eivatel nepoci\u0165uje pocit studen&eacute;ho pr\u016fvanu, \u010di i jin&yacute;mi. Tato klimatizace, kter&aacute; dok&aacute;\u017ee chladit i topit, je ur\u010dena pro r\u016fzn&eacute; komer\u010dn&iacute; prostory. U\u017e&iacute;v&aacute; se ekologick&eacute; chladivo R32.","og_url":"https:\/\/klimavex.eu\/cz\/katalog\/samsung-nastenna-klimatizace-windfree-qmd-ac071\/","og_site_name":"KLIMAVEX GROUP - \u010cesko","article_publisher":"https:\/\/www.facebook.com\/klimavex.cz","article_modified_time":"2026-05-03T20:56:45+00:00","og_image":[{"width":489,"height":326,"url":"https:\/\/klimavex.eu\/cz\/wp-content\/uploads\/2025\/09\/wtKF1wA5IbRuMhuZsTcuf1eAlI34RKUbLYOZzz9laXo-2.png","type":"image\/png"}],"twitter_card":"summary_large_image","schema":{"@context":"https:\/\/schema.org","@graph":[{"@type":"WebPage","@id":"https:\/\/klimavex.eu\/cz\/katalog\/samsung-nastenna-klimatizace-windfree-qmd-ac071\/","url":"https:\/\/klimavex.eu\/cz\/katalog\/samsung-nastenna-klimatizace-windfree-qmd-ac071\/","name":"Klimatizace Samsung split n\u00e1st\u011bnn\u00e1 WindFree QMD AC071 R32 230V 7,1kW - KLIMAVEX GROUP - \u010cesko","isPartOf":{"@id":"https:\/\/klimavex.eu\/cz\/#website"},"primaryImageOfPage":{"@id":"https:\/\/klimavex.eu\/cz\/katalog\/samsung-nastenna-klimatizace-windfree-qmd-ac071\/#primaryimage"},"image":{"@id":"https:\/\/klimavex.eu\/cz\/katalog\/samsung-nastenna-klimatizace-windfree-qmd-ac071\/#primaryimage"},"thumbnailUrl":"https:\/\/klimavex.eu\/cz\/wp-content\/uploads\/2025\/09\/wtKF1wA5IbRuMhuZsTcuf1eAlI34RKUbLYOZzz9laXo-2.png","datePublished":"2026-05-03T20:55:31+00:00","dateModified":"2026-05-03T20:56:45+00:00","breadcrumb":{"@id":"https:\/\/klimavex.eu\/cz\/katalog\/samsung-nastenna-klimatizace-windfree-qmd-ac071\/#breadcrumb"},"inLanguage":"cs","potentialAction":[{"@type":"ReadAction","target":["https:\/\/klimavex.eu\/cz\/katalog\/samsung-nastenna-klimatizace-windfree-qmd-ac071\/"]}]},{"@type":"ImageObject","inLanguage":"cs","@id":"https:\/\/klimavex.eu\/cz\/katalog\/samsung-nastenna-klimatizace-windfree-qmd-ac071\/#primaryimage","url":"https:\/\/klimavex.eu\/cz\/wp-content\/uploads\/2025\/09\/wtKF1wA5IbRuMhuZsTcuf1eAlI34RKUbLYOZzz9laXo-2.png","contentUrl":"https:\/\/klimavex.eu\/cz\/wp-content\/uploads\/2025\/09\/wtKF1wA5IbRuMhuZsTcuf1eAlI34RKUbLYOZzz9laXo-2.png","width":489,"height":326},{"@type":"BreadcrumbList","@id":"https:\/\/klimavex.eu\/cz\/katalog\/samsung-nastenna-klimatizace-windfree-qmd-ac071\/#breadcrumb","itemListElement":[{"@type":"ListItem","position":1,"name":"Domovsk\u00e1 str\u00e1nka","item":"https:\/\/klimavex.eu\/cz\/"},{"@type":"ListItem","position":2,"name":"Eshop","item":"https:\/\/klimavex.eu\/cz\/eshop\/"},{"@type":"ListItem","position":3,"name":"Samsung n\u00e1st\u011bnn\u00e1 klimatizace WindFree QMD AC071"}]},{"@type":"WebSite","@id":"https:\/\/klimavex.eu\/cz\/#website","url":"https:\/\/klimavex.eu\/cz\/","name":"KLIMAVEX GROUP - \u010cesko","description":"","publisher":{"@id":"https:\/\/klimavex.eu\/cz\/#organization"},"alternateName":"KLIMAVEX CZ a.s.","potentialAction":[{"@type":"SearchAction","target":{"@type":"EntryPoint","urlTemplate":"https:\/\/klimavex.eu\/cz\/?s={search_term_string}"},"query-input":{"@type":"PropertyValueSpecification","valueRequired":true,"valueName":"search_term_string"}}],"inLanguage":"cs"},{"@type":"Organization","@id":"https:\/\/klimavex.eu\/cz\/#organization","name":"KLIMAVEX GROUP","alternateName":"KLIMAVEX","url":"https:\/\/klimavex.eu\/cz\/","logo":{"@type":"ImageObject","inLanguage":"cs","@id":"https:\/\/klimavex.eu\/cz\/#\/schema\/logo\/image\/","url":"https:\/\/klimavex.eu\/cz\/wp-content\/uploads\/2024\/04\/Klimavex-Group-logo.png","contentUrl":"https:\/\/klimavex.eu\/cz\/wp-content\/uploads\/2024\/04\/Klimavex-Group-logo.png","width":1681,"height":472,"caption":"KLIMAVEX GROUP"},"image":{"@id":"https:\/\/klimavex.eu\/cz\/#\/schema\/logo\/image\/"},"sameAs":["https:\/\/www.facebook.com\/klimavex.cz","https:\/\/www.instagram.com\/klimavex_cz\/"]}]}},"_links":{"self":[{"href":"https:\/\/klimavex.eu\/cz\/wp-json\/wp\/v2\/product\/542826","targetHints":{"allow":["GET"]}}],"collection":[{"href":"https:\/\/klimavex.eu\/cz\/wp-json\/wp\/v2\/product"}],"about":[{"href":"https:\/\/klimavex.eu\/cz\/wp-json\/wp\/v2\/types\/product"}],"version-history":[{"count":0,"href":"https:\/\/klimavex.eu\/cz\/wp-json\/wp\/v2\/product\/542826\/revisions"}],"wp:featuredmedia":[{"embeddable":true,"href":"https:\/\/klimavex.eu\/cz\/wp-json\/wp\/v2\/media\/547115"}],"wp:attachment":[{"href":"https:\/\/klimavex.eu\/cz\/wp-json\/wp\/v2\/media?parent=542826"}],"wp:term":[{"taxonomy":"product_cat","embeddable":true,"href":"https:\/\/klimavex.eu\/cz\/wp-json\/wp\/v2\/product_cat?post=542826"},{"taxonomy":"product_tag","embeddable":true,"href":"https:\/\/klimavex.eu\/cz\/wp-json\/wp\/v2\/product_tag?post=542826"}],"curies":[{"name":"wp","href":"https:\/\/api.w.org\/{rel}","templated":true}]}}