{"id":542868,"date":"2026-03-31T18:20:13","date_gmt":"2026-03-31T16:20:13","guid":{"rendered":"https:\/\/klimavex.eu\/cz\/katalog\/samsung-kruhova-kazeta-360-highee-ac100\/"},"modified":"2026-03-31T18:20:25","modified_gmt":"2026-03-31T16:20:25","slug":"samsung-kruhova-kazeta-360-highee-ac100","status":"publish","type":"product","link":"https:\/\/klimavex.eu\/cz\/katalog\/samsung-kruhova-kazeta-360-highee-ac100\/","title":{"rendered":"Samsung\n  kruhov\u00e1 kazeta 360\u00a0 HighEE\u00a0 AC100"},"content":{"rendered":"<p style=\"text-align:justify\"><span style=\"font-size:11pt\"><span style=\"font-family:Calibri,sans-serif\"><strong>Kl&iacute;\u010dov&eacute; vlastnosti<\/strong><\/span><\/span><\/p>\n<ul>\n<li style=\"text-align: justify;\"><span style=\"font-size:11pt\"><span style=\"font-family:Calibri,sans-serif\">Kruhov&yacute; design jednotky s&nbsp;mo\u017enost&iacute; kruhov&eacute;ho \u010di \u010dtvercov&eacute;ho dekora\u010dn&iacute;ho panelu<\/span><\/span><\/li>\n<li style=\"text-align: justify;\"><span style=\"font-size:11pt\"><span style=\"font-family:Calibri,sans-serif\">360&deg; distribuce vzduchu po cel&eacute; m&iacute;stnosti<\/span><\/span><\/li>\n<li style=\"text-align: justify;\"><span style=\"font-size:11pt\"><span style=\"font-family:Calibri,sans-serif\">Bezlamelov&yacute; v&yacute;dech pomoc&iacute; 3 booster ventil&aacute;tor\u016f<\/span><\/span><\/li>\n<li style=\"text-align: justify;\"><span style=\"font-size:11pt\"><span style=\"font-family:Calibri,sans-serif\">LED displej se zobrazen&iacute;m provozn&iacute;ch re\u017eim\u016f<\/span><\/span><\/li>\n<li style=\"text-align: justify;\"><span style=\"font-size:11pt\"><span style=\"font-family:Calibri,sans-serif\">Vestav\u011bn&eacute; \u010derpadlo kondenz&aacute;tu &ndash; v&yacute;tla\u010dn&aacute; v&yacute;&scaron;ka 750mm<\/span><\/span><\/li>\n<li style=\"text-align: justify;\"><span style=\"font-size:11pt\"><span style=\"font-family:Calibri,sans-serif\">Provozn&iacute; rozsah chlazen&iacute; -20 &#8211; 50&deg;C<\/span><\/span><\/li>\n<li style=\"text-align: justify;\"><span style=\"font-size:11pt\"><span style=\"font-family:Calibri,sans-serif\">Provozn&iacute; rozsah vyt&aacute;p\u011bn&iacute; -25 &#8211; 24&deg;C <\/span><\/span><\/li>\n<li style=\"text-align: justify;\"><span style=\"font-size:11pt\"><span style=\"font-family:Calibri,sans-serif\">100% topn&yacute; v&yacute;kon p\u0159i teplot\u011b -15&deg;C<\/span><\/span><\/li>\n<li style=\"text-align: justify;\"><span style=\"font-size:11pt\"><span style=\"font-family:Calibri,sans-serif\">Provozn&iacute; rozsah vnit\u0159n&iacute; teploty vyt&aacute;p\u011bn&iacute; od 8&deg;C (s infra\u010derven&yacute;m ovlada\u010dem)<\/span><\/span><\/li>\n<li style=\"text-align: justify;\"><span style=\"font-size:11pt\"><span style=\"font-family:Calibri,sans-serif\">3f&aacute;zov&eacute; el. nap&aacute;jen&iacute;<\/span><\/span><\/li>\n<\/ul>\n","protected":false},"excerpt":{"rendered":"<p style=\"text-align:justify\"><span style=\"font-size:11pt\"><span style=\"font-family:Calibri,sans-serif\"><strong>Samsung 360 Cassette <\/strong>je kruhov&aacute; kazetov&aacute; klimatiza\u010dn&iacute; jednotka s&nbsp;<strong>360&deg; distribuc&iacute; vzduchu<\/strong>, \u010d&iacute;m\u017e dok&aacute;\u017ee celou m&iacute;stnost zchladit a\u017e o t\u0159etinu rychleji ne\u017e klasick&eacute; 4cestn&eacute; kazetov&eacute; jednotky. Verze jednotky <strong>HighEE<\/strong> nab&iacute;z&iacute; je&scaron;t\u011b vy&scaron;&scaron;&iacute; provozn&iacute; &uacute;\u010dinnost. Jednotka je s&nbsp;ohledem na sv\u016fj <strong>modern&iacute; design<\/strong> ide&aacute;ln&iacute;m \u0159e&scaron;en&iacute;m pro r\u016fzn&eacute; komer\u010dn&iacute; prostory, kter&eacute; vy\u017eaduj&iacute; estetickou decentnost. U\u017e&iacute;v&aacute; se ekologick&eacute; <strong>chladivo R32<\/strong>.<\/span><\/span><\/p>\n","protected":false},"featured_media":547210,"template":"","meta":[],"product_cat":[10781,10782,10769],"product_tag":[],"class_list":{"0":"post-542868","1":"product","2":"type-product","3":"status-publish","4":"has-post-thumbnail","6":"product_cat-klimatizace-archivovane-produkty","7":"product_cat-archivovane-produkty-klimatizace","8":"product_cat-archivovane-produkty","9":"pa_chlad-do-von-tep-c-do-20c","10":"pa_chladici-vykon-12124","11":"pa_energeticka-trida-scop-aplusplus","12":"pa_energeticka-trida-seer-aplusplus","13":"pa_extra-funkce-360-distribuce-vzduchu","14":"pa_label-archivovany","15":"pa_napajeni-3f-400v","16":"pa_prikon-chlazeni-12173","17":"pa_prikon-vytapeni-12172","18":"pa_provedeni-kazetovy-split-360","19":"pa_topny-vykon-12134","20":"pa_typ-chladiva-r32","21":"pa_vyk-do-von-tepl-c-do-25c","22":"pa_vykonovy-model-11515","23":"pa_znacka-samsung","25":"first","26":"outofstock","27":"taxable","28":"shipping-taxable","29":"purchasable","30":"product-type-simple"},"yoast_head":"<!-- This site is optimized with the Yoast SEO plugin v23.9 - https:\/\/yoast.com\/wordpress\/plugins\/seo\/ -->\n<title>Samsung  kruhov\u00e1 kazeta 360\u00a0 HighEE\u00a0 AC100 - KLIMAVEX GROUP - \u010cesko<\/title>\n<meta name=\"robots\" content=\"index, follow, max-snippet:-1, max-image-preview:large, max-video-preview:-1\" \/>\n<link rel=\"canonical\" href=\"https:\/\/klimavex.eu\/cz\/katalog\/samsung-kruhova-kazeta-360-highee-ac100\/\" \/>\n<meta property=\"og:locale\" content=\"cs_CZ\" \/>\n<meta property=\"og:type\" content=\"article\" \/>\n<meta property=\"og:title\" content=\"Samsung  kruhov\u00e1 kazeta 360\u00a0 HighEE\u00a0 AC100 - KLIMAVEX GROUP - \u010cesko\" \/>\n<meta property=\"og:description\" content=\"Samsung 360 Cassette je kruhov&aacute; kazetov&aacute; klimatiza\u010dn&iacute; jednotka s&nbsp;360&deg; distribuc&iacute; vzduchu, \u010d&iacute;m\u017e dok&aacute;\u017ee celou m&iacute;stnost zchladit a\u017e o t\u0159etinu rychleji ne\u017e klasick&eacute; 4cestn&eacute; kazetov&eacute; jednotky. Verze jednotky HighEE nab&iacute;z&iacute; je&scaron;t\u011b vy&scaron;&scaron;&iacute; provozn&iacute; &uacute;\u010dinnost. Jednotka je s&nbsp;ohledem na sv\u016fj modern&iacute; design ide&aacute;ln&iacute;m \u0159e&scaron;en&iacute;m pro r\u016fzn&eacute; komer\u010dn&iacute; prostory, kter&eacute; vy\u017eaduj&iacute; estetickou decentnost. U\u017e&iacute;v&aacute; se ekologick&eacute; chladivo R32.\" \/>\n<meta property=\"og:url\" content=\"https:\/\/klimavex.eu\/cz\/katalog\/samsung-kruhova-kazeta-360-highee-ac100\/\" \/>\n<meta property=\"og:site_name\" content=\"KLIMAVEX GROUP - \u010cesko\" \/>\n<meta property=\"article:publisher\" content=\"https:\/\/www.facebook.com\/klimavex.cz\" \/>\n<meta property=\"article:modified_time\" content=\"2026-03-31T16:20:25+00:00\" \/>\n<meta property=\"og:image\" content=\"https:\/\/klimavex.eu\/cz\/wp-content\/uploads\/2025\/09\/Wl8sMGVD394-r0gFp_CttlB_LwFjN9odcYt851fOHsQ-4.jpeg\" \/>\n\t<meta property=\"og:image:width\" content=\"470\" \/>\n\t<meta property=\"og:image:height\" content=\"470\" \/>\n\t<meta property=\"og:image:type\" content=\"image\/jpeg\" \/>\n<meta name=\"twitter:card\" content=\"summary_large_image\" \/>\n<meta name=\"twitter:label1\" content=\"Odhadovan\u00e1 doba \u010dten\u00ed\" \/>\n\t<meta name=\"twitter:data1\" content=\"1 minuta\" \/>\n<script type=\"application\/ld+json\" class=\"yoast-schema-graph\">{\"@context\":\"https:\/\/schema.org\",\"@graph\":[{\"@type\":\"WebPage\",\"@id\":\"https:\/\/klimavex.eu\/cz\/katalog\/samsung-kruhova-kazeta-360-highee-ac100\/\",\"url\":\"https:\/\/klimavex.eu\/cz\/katalog\/samsung-kruhova-kazeta-360-highee-ac100\/\",\"name\":\"Samsung kruhov\u00e1 kazeta 360\u00a0 HighEE\u00a0 AC100 - KLIMAVEX GROUP - \u010cesko\",\"isPartOf\":{\"@id\":\"https:\/\/klimavex.eu\/cz\/#website\"},\"primaryImageOfPage\":{\"@id\":\"https:\/\/klimavex.eu\/cz\/katalog\/samsung-kruhova-kazeta-360-highee-ac100\/#primaryimage\"},\"image\":{\"@id\":\"https:\/\/klimavex.eu\/cz\/katalog\/samsung-kruhova-kazeta-360-highee-ac100\/#primaryimage\"},\"thumbnailUrl\":\"https:\/\/klimavex.eu\/cz\/wp-content\/uploads\/2025\/09\/Wl8sMGVD394-r0gFp_CttlB_LwFjN9odcYt851fOHsQ-4.jpeg\",\"datePublished\":\"2026-03-31T16:20:13+00:00\",\"dateModified\":\"2026-03-31T16:20:25+00:00\",\"breadcrumb\":{\"@id\":\"https:\/\/klimavex.eu\/cz\/katalog\/samsung-kruhova-kazeta-360-highee-ac100\/#breadcrumb\"},\"inLanguage\":\"cs\",\"potentialAction\":[{\"@type\":\"ReadAction\",\"target\":[\"https:\/\/klimavex.eu\/cz\/katalog\/samsung-kruhova-kazeta-360-highee-ac100\/\"]}]},{\"@type\":\"ImageObject\",\"inLanguage\":\"cs\",\"@id\":\"https:\/\/klimavex.eu\/cz\/katalog\/samsung-kruhova-kazeta-360-highee-ac100\/#primaryimage\",\"url\":\"https:\/\/klimavex.eu\/cz\/wp-content\/uploads\/2025\/09\/Wl8sMGVD394-r0gFp_CttlB_LwFjN9odcYt851fOHsQ-4.jpeg\",\"contentUrl\":\"https:\/\/klimavex.eu\/cz\/wp-content\/uploads\/2025\/09\/Wl8sMGVD394-r0gFp_CttlB_LwFjN9odcYt851fOHsQ-4.jpeg\",\"width\":470,\"height\":470},{\"@type\":\"BreadcrumbList\",\"@id\":\"https:\/\/klimavex.eu\/cz\/katalog\/samsung-kruhova-kazeta-360-highee-ac100\/#breadcrumb\",\"itemListElement\":[{\"@type\":\"ListItem\",\"position\":1,\"name\":\"Domovsk\u00e1 str\u00e1nka\",\"item\":\"https:\/\/klimavex.eu\/cz\/\"},{\"@type\":\"ListItem\",\"position\":2,\"name\":\"Eshop\",\"item\":\"https:\/\/klimavex.eu\/cz\/eshop\/\"},{\"@type\":\"ListItem\",\"position\":3,\"name\":\"Samsung kruhov\u00e1 kazeta 360\u00a0 HighEE\u00a0 AC100\"}]},{\"@type\":\"WebSite\",\"@id\":\"https:\/\/klimavex.eu\/cz\/#website\",\"url\":\"https:\/\/klimavex.eu\/cz\/\",\"name\":\"KLIMAVEX GROUP - \u010cesko\",\"description\":\"\",\"publisher\":{\"@id\":\"https:\/\/klimavex.eu\/cz\/#organization\"},\"alternateName\":\"KLIMAVEX CZ a.s.\",\"potentialAction\":[{\"@type\":\"SearchAction\",\"target\":{\"@type\":\"EntryPoint\",\"urlTemplate\":\"https:\/\/klimavex.eu\/cz\/?s={search_term_string}\"},\"query-input\":{\"@type\":\"PropertyValueSpecification\",\"valueRequired\":true,\"valueName\":\"search_term_string\"}}],\"inLanguage\":\"cs\"},{\"@type\":\"Organization\",\"@id\":\"https:\/\/klimavex.eu\/cz\/#organization\",\"name\":\"KLIMAVEX GROUP\",\"alternateName\":\"KLIMAVEX\",\"url\":\"https:\/\/klimavex.eu\/cz\/\",\"logo\":{\"@type\":\"ImageObject\",\"inLanguage\":\"cs\",\"@id\":\"https:\/\/klimavex.eu\/cz\/#\/schema\/logo\/image\/\",\"url\":\"https:\/\/klimavex.eu\/cz\/wp-content\/uploads\/2024\/04\/Klimavex-Group-logo.png\",\"contentUrl\":\"https:\/\/klimavex.eu\/cz\/wp-content\/uploads\/2024\/04\/Klimavex-Group-logo.png\",\"width\":1681,\"height\":472,\"caption\":\"KLIMAVEX GROUP\"},\"image\":{\"@id\":\"https:\/\/klimavex.eu\/cz\/#\/schema\/logo\/image\/\"},\"sameAs\":[\"https:\/\/www.facebook.com\/klimavex.cz\",\"https:\/\/www.instagram.com\/klimavex_cz\/\"]}]}<\/script>\n<!-- \/ Yoast SEO plugin. -->","yoast_head_json":{"title":"Samsung  kruhov\u00e1 kazeta 360\u00a0 HighEE\u00a0 AC100 - KLIMAVEX GROUP - \u010cesko","robots":{"index":"index","follow":"follow","max-snippet":"max-snippet:-1","max-image-preview":"max-image-preview:large","max-video-preview":"max-video-preview:-1"},"canonical":"https:\/\/klimavex.eu\/cz\/katalog\/samsung-kruhova-kazeta-360-highee-ac100\/","og_locale":"cs_CZ","og_type":"article","og_title":"Samsung  kruhov\u00e1 kazeta 360\u00a0 HighEE\u00a0 AC100 - KLIMAVEX GROUP - \u010cesko","og_description":"Samsung 360 Cassette je kruhov&aacute; kazetov&aacute; klimatiza\u010dn&iacute; jednotka s&nbsp;360&deg; distribuc&iacute; vzduchu, \u010d&iacute;m\u017e dok&aacute;\u017ee celou m&iacute;stnost zchladit a\u017e o t\u0159etinu rychleji ne\u017e klasick&eacute; 4cestn&eacute; kazetov&eacute; jednotky. Verze jednotky HighEE nab&iacute;z&iacute; je&scaron;t\u011b vy&scaron;&scaron;&iacute; provozn&iacute; &uacute;\u010dinnost. Jednotka je s&nbsp;ohledem na sv\u016fj modern&iacute; design ide&aacute;ln&iacute;m \u0159e&scaron;en&iacute;m pro r\u016fzn&eacute; komer\u010dn&iacute; prostory, kter&eacute; vy\u017eaduj&iacute; estetickou decentnost. U\u017e&iacute;v&aacute; se ekologick&eacute; chladivo R32.","og_url":"https:\/\/klimavex.eu\/cz\/katalog\/samsung-kruhova-kazeta-360-highee-ac100\/","og_site_name":"KLIMAVEX GROUP - \u010cesko","article_publisher":"https:\/\/www.facebook.com\/klimavex.cz","article_modified_time":"2026-03-31T16:20:25+00:00","og_image":[{"width":470,"height":470,"url":"https:\/\/klimavex.eu\/cz\/wp-content\/uploads\/2025\/09\/Wl8sMGVD394-r0gFp_CttlB_LwFjN9odcYt851fOHsQ-4.jpeg","type":"image\/jpeg"}],"twitter_card":"summary_large_image","twitter_misc":{"Odhadovan\u00e1 doba \u010dten\u00ed":"1 minuta"},"schema":{"@context":"https:\/\/schema.org","@graph":[{"@type":"WebPage","@id":"https:\/\/klimavex.eu\/cz\/katalog\/samsung-kruhova-kazeta-360-highee-ac100\/","url":"https:\/\/klimavex.eu\/cz\/katalog\/samsung-kruhova-kazeta-360-highee-ac100\/","name":"Samsung kruhov\u00e1 kazeta 360\u00a0 HighEE\u00a0 AC100 - KLIMAVEX GROUP - \u010cesko","isPartOf":{"@id":"https:\/\/klimavex.eu\/cz\/#website"},"primaryImageOfPage":{"@id":"https:\/\/klimavex.eu\/cz\/katalog\/samsung-kruhova-kazeta-360-highee-ac100\/#primaryimage"},"image":{"@id":"https:\/\/klimavex.eu\/cz\/katalog\/samsung-kruhova-kazeta-360-highee-ac100\/#primaryimage"},"thumbnailUrl":"https:\/\/klimavex.eu\/cz\/wp-content\/uploads\/2025\/09\/Wl8sMGVD394-r0gFp_CttlB_LwFjN9odcYt851fOHsQ-4.jpeg","datePublished":"2026-03-31T16:20:13+00:00","dateModified":"2026-03-31T16:20:25+00:00","breadcrumb":{"@id":"https:\/\/klimavex.eu\/cz\/katalog\/samsung-kruhova-kazeta-360-highee-ac100\/#breadcrumb"},"inLanguage":"cs","potentialAction":[{"@type":"ReadAction","target":["https:\/\/klimavex.eu\/cz\/katalog\/samsung-kruhova-kazeta-360-highee-ac100\/"]}]},{"@type":"ImageObject","inLanguage":"cs","@id":"https:\/\/klimavex.eu\/cz\/katalog\/samsung-kruhova-kazeta-360-highee-ac100\/#primaryimage","url":"https:\/\/klimavex.eu\/cz\/wp-content\/uploads\/2025\/09\/Wl8sMGVD394-r0gFp_CttlB_LwFjN9odcYt851fOHsQ-4.jpeg","contentUrl":"https:\/\/klimavex.eu\/cz\/wp-content\/uploads\/2025\/09\/Wl8sMGVD394-r0gFp_CttlB_LwFjN9odcYt851fOHsQ-4.jpeg","width":470,"height":470},{"@type":"BreadcrumbList","@id":"https:\/\/klimavex.eu\/cz\/katalog\/samsung-kruhova-kazeta-360-highee-ac100\/#breadcrumb","itemListElement":[{"@type":"ListItem","position":1,"name":"Domovsk\u00e1 str\u00e1nka","item":"https:\/\/klimavex.eu\/cz\/"},{"@type":"ListItem","position":2,"name":"Eshop","item":"https:\/\/klimavex.eu\/cz\/eshop\/"},{"@type":"ListItem","position":3,"name":"Samsung kruhov\u00e1 kazeta 360\u00a0 HighEE\u00a0 AC100"}]},{"@type":"WebSite","@id":"https:\/\/klimavex.eu\/cz\/#website","url":"https:\/\/klimavex.eu\/cz\/","name":"KLIMAVEX GROUP - \u010cesko","description":"","publisher":{"@id":"https:\/\/klimavex.eu\/cz\/#organization"},"alternateName":"KLIMAVEX CZ a.s.","potentialAction":[{"@type":"SearchAction","target":{"@type":"EntryPoint","urlTemplate":"https:\/\/klimavex.eu\/cz\/?s={search_term_string}"},"query-input":{"@type":"PropertyValueSpecification","valueRequired":true,"valueName":"search_term_string"}}],"inLanguage":"cs"},{"@type":"Organization","@id":"https:\/\/klimavex.eu\/cz\/#organization","name":"KLIMAVEX GROUP","alternateName":"KLIMAVEX","url":"https:\/\/klimavex.eu\/cz\/","logo":{"@type":"ImageObject","inLanguage":"cs","@id":"https:\/\/klimavex.eu\/cz\/#\/schema\/logo\/image\/","url":"https:\/\/klimavex.eu\/cz\/wp-content\/uploads\/2024\/04\/Klimavex-Group-logo.png","contentUrl":"https:\/\/klimavex.eu\/cz\/wp-content\/uploads\/2024\/04\/Klimavex-Group-logo.png","width":1681,"height":472,"caption":"KLIMAVEX GROUP"},"image":{"@id":"https:\/\/klimavex.eu\/cz\/#\/schema\/logo\/image\/"},"sameAs":["https:\/\/www.facebook.com\/klimavex.cz","https:\/\/www.instagram.com\/klimavex_cz\/"]}]}},"_links":{"self":[{"href":"https:\/\/klimavex.eu\/cz\/wp-json\/wp\/v2\/product\/542868","targetHints":{"allow":["GET"]}}],"collection":[{"href":"https:\/\/klimavex.eu\/cz\/wp-json\/wp\/v2\/product"}],"about":[{"href":"https:\/\/klimavex.eu\/cz\/wp-json\/wp\/v2\/types\/product"}],"version-history":[{"count":0,"href":"https:\/\/klimavex.eu\/cz\/wp-json\/wp\/v2\/product\/542868\/revisions"}],"wp:featuredmedia":[{"embeddable":true,"href":"https:\/\/klimavex.eu\/cz\/wp-json\/wp\/v2\/media\/547210"}],"wp:attachment":[{"href":"https:\/\/klimavex.eu\/cz\/wp-json\/wp\/v2\/media?parent=542868"}],"wp:term":[{"taxonomy":"product_cat","embeddable":true,"href":"https:\/\/klimavex.eu\/cz\/wp-json\/wp\/v2\/product_cat?post=542868"},{"taxonomy":"product_tag","embeddable":true,"href":"https:\/\/klimavex.eu\/cz\/wp-json\/wp\/v2\/product_tag?post=542868"}],"curies":[{"name":"wp","href":"https:\/\/api.w.org\/{rel}","templated":true}]}}