{"id":542870,"date":"2026-04-06T22:51:01","date_gmt":"2026-04-06T20:51:01","guid":{"rendered":"https:\/\/klimavex.eu\/cz\/katalog\/hyundai-parapetne-podstropni-klimatizace-hcfc-24\/"},"modified":"2026-04-06T22:51:15","modified_gmt":"2026-04-06T20:51:15","slug":"hyundai-parapetne-podstropni-klimatizace-hcfc-24","status":"publish","type":"product","link":"https:\/\/klimavex.eu\/cz\/katalog\/hyundai-parapetne-podstropni-klimatizace-hcfc-24\/","title":{"rendered":"Hyundai parapetn\u011b-podstropn\u00ed klimatizace HCFC 24"},"content":{"rendered":"<p style=\"text-align: justify;\"><strong>Kl&iacute;\u010dov&eacute; vlastnosti<\/strong><\/p>\n<ul>\n<li style=\"text-align: justify;\">Chladic&iacute; v&yacute;kon nom (min-max) 7,03 kW (3,22 kW &#8211; 7,77 kW)<\/li>\n<li style=\"text-align: justify;\">Topn&yacute; v&yacute;kon nom (min-max) 7,62 kW (2,72 kW &#8211; 8,29 kW)<\/li>\n<li style=\"text-align: justify;\">3D distribuce vzduchu (motorizovan&eacute; horizont&aacute;ln&iacute; a vertik&aacute;ln&iacute; lamely)<\/li>\n<li style=\"text-align: justify;\">Zabudovan&eacute; \u010derpadlo kondenz&aacute;tu (750 mm) vyu\u017eiteln&eacute; pro podstropn&iacute; instalaci<\/li>\n<li style=\"text-align: justify;\">Flexibiln&iacute; instalace (na parapet i pod strop)<\/li>\n<li style=\"text-align: justify;\">Energetick&aacute; t\u0159&iacute;da A++<\/li>\n<li style=\"text-align: justify;\">Vyt&aacute;p\u011bn&iacute; -25&deg;C a\u017e +24&deg;C venkovn&iacute; teploty<\/li>\n<li style=\"text-align: justify;\">Chlazen&iacute; -15&deg;C a\u017e +50&deg;C venkovn&iacute; teploty<\/li>\n<li style=\"text-align: justify;\">Zabudovan&yacute; oh\u0159ev kompresoru a vany venkovn&iacute; jednotky<\/li>\n<\/ul>\n","protected":false},"excerpt":{"rendered":"<p style=\"text-align: justify;\">Parapetn\u011b-podstropn&iacute; klimatizace Hyundai <strong>HCFC-M24IU\/2 <\/strong>je v&scaron;estrann&aacute; umo\u017e\u0148uje instalaci na <strong>parapet nebo pod strop<\/strong>. D&iacute;ky <strong>3D distribuci vzduchu <\/strong>zaji&scaron;\u0165uje optim&aacute;ln&iacute; tepeln&yacute; komfort v m&iacute;stnosti. Disponuje <strong>zabudovan&yacute;m \u010derpadlem kondenz&aacute;tu (750 mm) <\/strong>a umo\u017e\u0148uje <strong>vyt&aacute;p\u011bn&iacute; a\u017e do -25 &deg;C a chlazen&iacute; a\u017e do +50 &deg;C venkovn&iacute; teploty<\/strong>.<\/p>\n","protected":false},"featured_media":547215,"template":"","meta":[],"product_cat":[10781,10782,10769],"product_tag":[],"class_list":{"0":"post-542870","1":"product","2":"type-product","3":"status-publish","4":"has-post-thumbnail","6":"product_cat-klimatizace-archivovane-produkty","7":"product_cat-archivovane-produkty-klimatizace","8":"product_cat-archivovane-produkty","9":"pa_barva-vnitrni-jednotky-bila","10":"pa_chlad-do-von-tep-c-15c","11":"pa_chladici-vykon-11424","12":"pa_energeticka-trida-scop-40-a","13":"pa_energeticka-trida-seer-61-a","14":"pa_extra-funkce-cerpadlo-kondenzatu","15":"pa_filtrace-vzduchu-standard","16":"pa_hlucnost-vnitrni-jednotky-11532","17":"pa_label-archivovany","18":"pa_napajeni-1f-230v","19":"pa_prikon-chlazeni-11533","20":"pa_prikon-vytapeni-11531","21":"pa_provedeni-parapetne-podstropni-split","22":"pa_topny-vykon-11425","23":"pa_typ-chladiva-r32","24":"pa_vyk-do-von-tepl-c-25c","25":"pa_vykonovy-model-11430","26":"pa_znacka-hyundai","28":"first","29":"outofstock","30":"taxable","31":"shipping-taxable","32":"purchasable","33":"product-type-simple"},"yoast_head":"<!-- This site is optimized with the Yoast SEO plugin v23.9 - https:\/\/yoast.com\/wordpress\/plugins\/seo\/ -->\n<title>Hyundai parapetn\u011b-podstropn\u00ed klimatizace HCFC 24 - KLIMAVEX GROUP - \u010cesko<\/title>\n<meta name=\"robots\" content=\"index, follow, max-snippet:-1, max-image-preview:large, max-video-preview:-1\" \/>\n<link rel=\"canonical\" href=\"https:\/\/klimavex.eu\/cz\/katalog\/hyundai-parapetne-podstropni-klimatizace-hcfc-24\/\" \/>\n<meta property=\"og:locale\" content=\"cs_CZ\" \/>\n<meta property=\"og:type\" content=\"article\" \/>\n<meta property=\"og:title\" content=\"Hyundai parapetn\u011b-podstropn\u00ed klimatizace HCFC 24 - KLIMAVEX GROUP - \u010cesko\" \/>\n<meta property=\"og:description\" content=\"Parapetn\u011b-podstropn&iacute; klimatizace Hyundai HCFC-M24IU\/2 je v&scaron;estrann&aacute; umo\u017e\u0148uje instalaci na parapet nebo pod strop. D&iacute;ky 3D distribuci vzduchu zaji&scaron;\u0165uje optim&aacute;ln&iacute; tepeln&yacute; komfort v m&iacute;stnosti. Disponuje zabudovan&yacute;m \u010derpadlem kondenz&aacute;tu (750 mm) a umo\u017e\u0148uje vyt&aacute;p\u011bn&iacute; a\u017e do -25 &deg;C a chlazen&iacute; a\u017e do +50 &deg;C venkovn&iacute; teploty.\" \/>\n<meta property=\"og:url\" content=\"https:\/\/klimavex.eu\/cz\/katalog\/hyundai-parapetne-podstropni-klimatizace-hcfc-24\/\" \/>\n<meta property=\"og:site_name\" content=\"KLIMAVEX GROUP - \u010cesko\" \/>\n<meta property=\"article:publisher\" content=\"https:\/\/www.facebook.com\/klimavex.cz\" \/>\n<meta property=\"article:modified_time\" content=\"2026-04-06T20:51:15+00:00\" \/>\n<meta property=\"og:image\" content=\"https:\/\/klimavex.eu\/cz\/wp-content\/uploads\/2025\/09\/gEsdxNPJZqBn6aq6fnQqdjFYIDBktQigB5tu4N7rOOM-1.png\" \/>\n\t<meta property=\"og:image:width\" content=\"512\" \/>\n\t<meta property=\"og:image:height\" content=\"724\" \/>\n\t<meta property=\"og:image:type\" content=\"image\/png\" \/>\n<meta name=\"twitter:card\" content=\"summary_large_image\" \/>\n<meta name=\"twitter:label1\" content=\"Odhadovan\u00e1 doba \u010dten\u00ed\" \/>\n\t<meta name=\"twitter:data1\" content=\"1 minuta\" \/>\n<script type=\"application\/ld+json\" class=\"yoast-schema-graph\">{\"@context\":\"https:\/\/schema.org\",\"@graph\":[{\"@type\":\"WebPage\",\"@id\":\"https:\/\/klimavex.eu\/cz\/katalog\/hyundai-parapetne-podstropni-klimatizace-hcfc-24\/\",\"url\":\"https:\/\/klimavex.eu\/cz\/katalog\/hyundai-parapetne-podstropni-klimatizace-hcfc-24\/\",\"name\":\"Hyundai parapetn\u011b-podstropn\u00ed klimatizace HCFC 24 - KLIMAVEX GROUP - \u010cesko\",\"isPartOf\":{\"@id\":\"https:\/\/klimavex.eu\/cz\/#website\"},\"primaryImageOfPage\":{\"@id\":\"https:\/\/klimavex.eu\/cz\/katalog\/hyundai-parapetne-podstropni-klimatizace-hcfc-24\/#primaryimage\"},\"image\":{\"@id\":\"https:\/\/klimavex.eu\/cz\/katalog\/hyundai-parapetne-podstropni-klimatizace-hcfc-24\/#primaryimage\"},\"thumbnailUrl\":\"https:\/\/klimavex.eu\/cz\/wp-content\/uploads\/2025\/09\/gEsdxNPJZqBn6aq6fnQqdjFYIDBktQigB5tu4N7rOOM-1.png\",\"datePublished\":\"2026-04-06T20:51:01+00:00\",\"dateModified\":\"2026-04-06T20:51:15+00:00\",\"breadcrumb\":{\"@id\":\"https:\/\/klimavex.eu\/cz\/katalog\/hyundai-parapetne-podstropni-klimatizace-hcfc-24\/#breadcrumb\"},\"inLanguage\":\"cs\",\"potentialAction\":[{\"@type\":\"ReadAction\",\"target\":[\"https:\/\/klimavex.eu\/cz\/katalog\/hyundai-parapetne-podstropni-klimatizace-hcfc-24\/\"]}]},{\"@type\":\"ImageObject\",\"inLanguage\":\"cs\",\"@id\":\"https:\/\/klimavex.eu\/cz\/katalog\/hyundai-parapetne-podstropni-klimatizace-hcfc-24\/#primaryimage\",\"url\":\"https:\/\/klimavex.eu\/cz\/wp-content\/uploads\/2025\/09\/gEsdxNPJZqBn6aq6fnQqdjFYIDBktQigB5tu4N7rOOM-1.png\",\"contentUrl\":\"https:\/\/klimavex.eu\/cz\/wp-content\/uploads\/2025\/09\/gEsdxNPJZqBn6aq6fnQqdjFYIDBktQigB5tu4N7rOOM-1.png\",\"width\":512,\"height\":724},{\"@type\":\"BreadcrumbList\",\"@id\":\"https:\/\/klimavex.eu\/cz\/katalog\/hyundai-parapetne-podstropni-klimatizace-hcfc-24\/#breadcrumb\",\"itemListElement\":[{\"@type\":\"ListItem\",\"position\":1,\"name\":\"Domovsk\u00e1 str\u00e1nka\",\"item\":\"https:\/\/klimavex.eu\/cz\/\"},{\"@type\":\"ListItem\",\"position\":2,\"name\":\"Eshop\",\"item\":\"https:\/\/klimavex.eu\/cz\/eshop\/\"},{\"@type\":\"ListItem\",\"position\":3,\"name\":\"Hyundai parapetn\u011b-podstropn\u00ed klimatizace HCFC 24\"}]},{\"@type\":\"WebSite\",\"@id\":\"https:\/\/klimavex.eu\/cz\/#website\",\"url\":\"https:\/\/klimavex.eu\/cz\/\",\"name\":\"KLIMAVEX GROUP - \u010cesko\",\"description\":\"\",\"publisher\":{\"@id\":\"https:\/\/klimavex.eu\/cz\/#organization\"},\"alternateName\":\"KLIMAVEX CZ a.s.\",\"potentialAction\":[{\"@type\":\"SearchAction\",\"target\":{\"@type\":\"EntryPoint\",\"urlTemplate\":\"https:\/\/klimavex.eu\/cz\/?s={search_term_string}\"},\"query-input\":{\"@type\":\"PropertyValueSpecification\",\"valueRequired\":true,\"valueName\":\"search_term_string\"}}],\"inLanguage\":\"cs\"},{\"@type\":\"Organization\",\"@id\":\"https:\/\/klimavex.eu\/cz\/#organization\",\"name\":\"KLIMAVEX GROUP\",\"alternateName\":\"KLIMAVEX\",\"url\":\"https:\/\/klimavex.eu\/cz\/\",\"logo\":{\"@type\":\"ImageObject\",\"inLanguage\":\"cs\",\"@id\":\"https:\/\/klimavex.eu\/cz\/#\/schema\/logo\/image\/\",\"url\":\"https:\/\/klimavex.eu\/cz\/wp-content\/uploads\/2024\/04\/Klimavex-Group-logo.png\",\"contentUrl\":\"https:\/\/klimavex.eu\/cz\/wp-content\/uploads\/2024\/04\/Klimavex-Group-logo.png\",\"width\":1681,\"height\":472,\"caption\":\"KLIMAVEX GROUP\"},\"image\":{\"@id\":\"https:\/\/klimavex.eu\/cz\/#\/schema\/logo\/image\/\"},\"sameAs\":[\"https:\/\/www.facebook.com\/klimavex.cz\",\"https:\/\/www.instagram.com\/klimavex_cz\/\"]}]}<\/script>\n<!-- \/ Yoast SEO plugin. -->","yoast_head_json":{"title":"Hyundai parapetn\u011b-podstropn\u00ed klimatizace HCFC 24 - KLIMAVEX GROUP - \u010cesko","robots":{"index":"index","follow":"follow","max-snippet":"max-snippet:-1","max-image-preview":"max-image-preview:large","max-video-preview":"max-video-preview:-1"},"canonical":"https:\/\/klimavex.eu\/cz\/katalog\/hyundai-parapetne-podstropni-klimatizace-hcfc-24\/","og_locale":"cs_CZ","og_type":"article","og_title":"Hyundai parapetn\u011b-podstropn\u00ed klimatizace HCFC 24 - KLIMAVEX GROUP - \u010cesko","og_description":"Parapetn\u011b-podstropn&iacute; klimatizace Hyundai HCFC-M24IU\/2 je v&scaron;estrann&aacute; umo\u017e\u0148uje instalaci na parapet nebo pod strop. D&iacute;ky 3D distribuci vzduchu zaji&scaron;\u0165uje optim&aacute;ln&iacute; tepeln&yacute; komfort v m&iacute;stnosti. Disponuje zabudovan&yacute;m \u010derpadlem kondenz&aacute;tu (750 mm) a umo\u017e\u0148uje vyt&aacute;p\u011bn&iacute; a\u017e do -25 &deg;C a chlazen&iacute; a\u017e do +50 &deg;C venkovn&iacute; teploty.","og_url":"https:\/\/klimavex.eu\/cz\/katalog\/hyundai-parapetne-podstropni-klimatizace-hcfc-24\/","og_site_name":"KLIMAVEX GROUP - \u010cesko","article_publisher":"https:\/\/www.facebook.com\/klimavex.cz","article_modified_time":"2026-04-06T20:51:15+00:00","og_image":[{"width":512,"height":724,"url":"https:\/\/klimavex.eu\/cz\/wp-content\/uploads\/2025\/09\/gEsdxNPJZqBn6aq6fnQqdjFYIDBktQigB5tu4N7rOOM-1.png","type":"image\/png"}],"twitter_card":"summary_large_image","twitter_misc":{"Odhadovan\u00e1 doba \u010dten\u00ed":"1 minuta"},"schema":{"@context":"https:\/\/schema.org","@graph":[{"@type":"WebPage","@id":"https:\/\/klimavex.eu\/cz\/katalog\/hyundai-parapetne-podstropni-klimatizace-hcfc-24\/","url":"https:\/\/klimavex.eu\/cz\/katalog\/hyundai-parapetne-podstropni-klimatizace-hcfc-24\/","name":"Hyundai parapetn\u011b-podstropn\u00ed klimatizace HCFC 24 - KLIMAVEX GROUP - \u010cesko","isPartOf":{"@id":"https:\/\/klimavex.eu\/cz\/#website"},"primaryImageOfPage":{"@id":"https:\/\/klimavex.eu\/cz\/katalog\/hyundai-parapetne-podstropni-klimatizace-hcfc-24\/#primaryimage"},"image":{"@id":"https:\/\/klimavex.eu\/cz\/katalog\/hyundai-parapetne-podstropni-klimatizace-hcfc-24\/#primaryimage"},"thumbnailUrl":"https:\/\/klimavex.eu\/cz\/wp-content\/uploads\/2025\/09\/gEsdxNPJZqBn6aq6fnQqdjFYIDBktQigB5tu4N7rOOM-1.png","datePublished":"2026-04-06T20:51:01+00:00","dateModified":"2026-04-06T20:51:15+00:00","breadcrumb":{"@id":"https:\/\/klimavex.eu\/cz\/katalog\/hyundai-parapetne-podstropni-klimatizace-hcfc-24\/#breadcrumb"},"inLanguage":"cs","potentialAction":[{"@type":"ReadAction","target":["https:\/\/klimavex.eu\/cz\/katalog\/hyundai-parapetne-podstropni-klimatizace-hcfc-24\/"]}]},{"@type":"ImageObject","inLanguage":"cs","@id":"https:\/\/klimavex.eu\/cz\/katalog\/hyundai-parapetne-podstropni-klimatizace-hcfc-24\/#primaryimage","url":"https:\/\/klimavex.eu\/cz\/wp-content\/uploads\/2025\/09\/gEsdxNPJZqBn6aq6fnQqdjFYIDBktQigB5tu4N7rOOM-1.png","contentUrl":"https:\/\/klimavex.eu\/cz\/wp-content\/uploads\/2025\/09\/gEsdxNPJZqBn6aq6fnQqdjFYIDBktQigB5tu4N7rOOM-1.png","width":512,"height":724},{"@type":"BreadcrumbList","@id":"https:\/\/klimavex.eu\/cz\/katalog\/hyundai-parapetne-podstropni-klimatizace-hcfc-24\/#breadcrumb","itemListElement":[{"@type":"ListItem","position":1,"name":"Domovsk\u00e1 str\u00e1nka","item":"https:\/\/klimavex.eu\/cz\/"},{"@type":"ListItem","position":2,"name":"Eshop","item":"https:\/\/klimavex.eu\/cz\/eshop\/"},{"@type":"ListItem","position":3,"name":"Hyundai parapetn\u011b-podstropn\u00ed klimatizace HCFC 24"}]},{"@type":"WebSite","@id":"https:\/\/klimavex.eu\/cz\/#website","url":"https:\/\/klimavex.eu\/cz\/","name":"KLIMAVEX GROUP - \u010cesko","description":"","publisher":{"@id":"https:\/\/klimavex.eu\/cz\/#organization"},"alternateName":"KLIMAVEX CZ a.s.","potentialAction":[{"@type":"SearchAction","target":{"@type":"EntryPoint","urlTemplate":"https:\/\/klimavex.eu\/cz\/?s={search_term_string}"},"query-input":{"@type":"PropertyValueSpecification","valueRequired":true,"valueName":"search_term_string"}}],"inLanguage":"cs"},{"@type":"Organization","@id":"https:\/\/klimavex.eu\/cz\/#organization","name":"KLIMAVEX GROUP","alternateName":"KLIMAVEX","url":"https:\/\/klimavex.eu\/cz\/","logo":{"@type":"ImageObject","inLanguage":"cs","@id":"https:\/\/klimavex.eu\/cz\/#\/schema\/logo\/image\/","url":"https:\/\/klimavex.eu\/cz\/wp-content\/uploads\/2024\/04\/Klimavex-Group-logo.png","contentUrl":"https:\/\/klimavex.eu\/cz\/wp-content\/uploads\/2024\/04\/Klimavex-Group-logo.png","width":1681,"height":472,"caption":"KLIMAVEX GROUP"},"image":{"@id":"https:\/\/klimavex.eu\/cz\/#\/schema\/logo\/image\/"},"sameAs":["https:\/\/www.facebook.com\/klimavex.cz","https:\/\/www.instagram.com\/klimavex_cz\/"]}]}},"_links":{"self":[{"href":"https:\/\/klimavex.eu\/cz\/wp-json\/wp\/v2\/product\/542870","targetHints":{"allow":["GET"]}}],"collection":[{"href":"https:\/\/klimavex.eu\/cz\/wp-json\/wp\/v2\/product"}],"about":[{"href":"https:\/\/klimavex.eu\/cz\/wp-json\/wp\/v2\/types\/product"}],"version-history":[{"count":0,"href":"https:\/\/klimavex.eu\/cz\/wp-json\/wp\/v2\/product\/542870\/revisions"}],"wp:featuredmedia":[{"embeddable":true,"href":"https:\/\/klimavex.eu\/cz\/wp-json\/wp\/v2\/media\/547215"}],"wp:attachment":[{"href":"https:\/\/klimavex.eu\/cz\/wp-json\/wp\/v2\/media?parent=542870"}],"wp:term":[{"taxonomy":"product_cat","embeddable":true,"href":"https:\/\/klimavex.eu\/cz\/wp-json\/wp\/v2\/product_cat?post=542870"},{"taxonomy":"product_tag","embeddable":true,"href":"https:\/\/klimavex.eu\/cz\/wp-json\/wp\/v2\/product_tag?post=542870"}],"curies":[{"name":"wp","href":"https:\/\/api.w.org\/{rel}","templated":true}]}}