{"id":542882,"date":"2026-03-31T18:20:13","date_gmt":"2026-03-31T16:20:13","guid":{"rendered":"https:\/\/klimavex.eu\/cz\/katalog\/panasonic-jet-air-stream-kit-140mc5zh8-smart-trysky-15kw-3f\/"},"modified":"2026-03-31T18:20:42","modified_gmt":"2026-03-31T16:20:42","slug":"klimatizace-panasonic-paci-nx-elite-split-jet-air-stream-smart-kit-140mc5zh8-r32-400v-1401kw","status":"publish","type":"product","link":"https:\/\/klimavex.eu\/cz\/katalog\/klimatizace-panasonic-paci-nx-elite-split-jet-air-stream-smart-kit-140mc5zh8-r32-400v-1401kw\/","title":{"rendered":"Klimatizace Panasonic PACi NX Elite split JET AIR STREAM smart KIT-140MC5ZH8 R32 400V 14,01kW"},"content":{"rendered":"<p style=\"text-align: justify;\"><strong>Kl&iacute;\u010dov&eacute; vlastnosti:<\/strong><\/p>\n<ul>\n<li style=\"text-align: justify;\">Vysok&yacute; objem vzduchu a\u017e 5000 m&sup3;\/h<\/li>\n<li style=\"text-align: justify;\">Dlouh&aacute; maxim&aacute;ln&iacute; vzd&aacute;lenost p\u0159&iacute;vodu vzduchu 30 m<\/li>\n<li style=\"text-align: justify;\">Celoro\u010dn&iacute; chlazen&iacute; a vyt&aacute;p\u011bn&iacute;<\/li>\n<li style=\"text-align: justify;\">Smart Jet &ndash; samonav&aacute;d\u011bc&iacute; trysky<\/li>\n<li style=\"text-align: justify;\">P\u0159esn&aacute; regulace teploty<\/li>\n<li style=\"text-align: justify;\">Zabr&aacute;n\u011bn&iacute; stratifikaci a udr\u017eov&aacute;n&iacute; ide&aacute;ln&iacute; teploty v&yacute;hradn\u011b v ob&yacute;van&eacute;m prostoru<\/li>\n<\/ul>\n","protected":false},"excerpt":{"rendered":"<p style=\"text-align: justify;\"><strong>Panasonic Jet Air Stream<\/strong> je komer\u010dn&iacute; klimatizace s&nbsp;<strong>vysok&yacute;m objemem vzduchu<\/strong> (a\u017e 5&nbsp;000 m<sup>3<\/sup>\/h) a <strong>dlouhou vzd&aacute;lenost&iacute; proud\u011bn&iacute; vzduchu<\/strong> (a\u017e 30 m). Je ur\u010dena pro <strong>velk&eacute; prostory<\/strong>, je\u017e vy\u017eaduj&iacute; vysokou distribuci vzduchu, jako jsou <strong>t\u011blocvi\u010dny, v&yacute;robn&iacute; prostory a sklady<\/strong>. Za\u0159&iacute;zen&iacute; je energeticky &uacute;sporn&yacute;m \u0159e&scaron;en&iacute;m pro celoro\u010dn&iacute; <strong>chlazen&iacute; a vyt&aacute;p\u011bn&iacute;<\/strong>. Samonav&aacute;d\u011bc&iacute; trysky zabra\u0148uj&iacute; tepeln&yacute;m ztr&aacute;t&aacute;m v&nbsp;ob&yacute;van&eacute;m prostoru a zaji&scaron;\u0165uj&iacute; optim&aacute;ln&iacute; regulaci teploty.<\/p>\n","protected":false},"featured_media":547246,"template":"","meta":[],"product_cat":[7547,10811],"product_tag":[],"class_list":{"0":"post-542882","1":"product","2":"type-product","3":"status-publish","4":"has-post-thumbnail","6":"product_cat-klimatizace","7":"product_cat-jet-air-stream","8":"pa_chlad-do-von-tep-c-do-20-c","9":"pa_chladici-vykon-11982","10":"pa_hlucnost-vnitrni-jednotky-12152","11":"pa_napajeni-3f-400v","12":"pa_prikon-chlazeni-12142","13":"pa_prikon-vytapeni-12291","14":"pa_provedeni-jetairstream","15":"pa_topny-vykon-12237","16":"pa_typ-chladiva-r32","17":"pa_vyk-do-von-tepl-c-do-20-c","18":"pa_vykonovy-model-12292","19":"pa_znacka-panasonic","21":"first","22":"instock","23":"taxable","24":"shipping-taxable","25":"purchasable","26":"product-type-simple"},"yoast_head":"<!-- This site is optimized with the Yoast SEO plugin v23.9 - https:\/\/yoast.com\/wordpress\/plugins\/seo\/ -->\n<title>Klimatizace Panasonic PACi NX Elite split JET AIR STREAM smart KIT-140MC5ZH8 R32 400V 14,01kW - KLIMAVEX GROUP - \u010cesko<\/title>\n<meta name=\"robots\" content=\"index, follow, max-snippet:-1, max-image-preview:large, max-video-preview:-1\" \/>\n<link rel=\"canonical\" href=\"https:\/\/klimavex.eu\/cz\/katalog\/panasonic-jet-air-stream-kit-140mc5zh8-smart-trysky-15kw-3f\/\" \/>\n<meta property=\"og:locale\" content=\"cs_CZ\" \/>\n<meta property=\"og:type\" content=\"article\" \/>\n<meta property=\"og:title\" content=\"Klimatizace Panasonic PACi NX Elite split JET AIR STREAM smart KIT-140MC5ZH8 R32 400V 14,01kW - KLIMAVEX GROUP - \u010cesko\" \/>\n<meta property=\"og:description\" content=\"Panasonic Jet Air Stream je komer\u010dn&iacute; klimatizace s&nbsp;vysok&yacute;m objemem vzduchu (a\u017e 5&nbsp;000 m3\/h) a dlouhou vzd&aacute;lenost&iacute; proud\u011bn&iacute; vzduchu (a\u017e 30 m). Je ur\u010dena pro velk&eacute; prostory, je\u017e vy\u017eaduj&iacute; vysokou distribuci vzduchu, jako jsou t\u011blocvi\u010dny, v&yacute;robn&iacute; prostory a sklady. Za\u0159&iacute;zen&iacute; je energeticky &uacute;sporn&yacute;m \u0159e&scaron;en&iacute;m pro celoro\u010dn&iacute; chlazen&iacute; a vyt&aacute;p\u011bn&iacute;. Samonav&aacute;d\u011bc&iacute; trysky zabra\u0148uj&iacute; tepeln&yacute;m ztr&aacute;t&aacute;m v&nbsp;ob&yacute;van&eacute;m prostoru a zaji&scaron;\u0165uj&iacute; optim&aacute;ln&iacute; regulaci teploty.\" \/>\n<meta property=\"og:url\" content=\"https:\/\/klimavex.eu\/cz\/katalog\/panasonic-jet-air-stream-kit-140mc5zh8-smart-trysky-15kw-3f\/\" \/>\n<meta property=\"og:site_name\" content=\"KLIMAVEX GROUP - \u010cesko\" \/>\n<meta property=\"article:publisher\" content=\"https:\/\/www.facebook.com\/klimavex.cz\" \/>\n<meta property=\"article:modified_time\" content=\"2026-03-31T16:20:42+00:00\" \/>\n<meta property=\"og:image\" content=\"https:\/\/klimavex.eu\/cz\/wp-content\/uploads\/2024\/02\/LOGO-KLIMAVEX-modra-kostka-1.png\" \/>\n\t<meta property=\"og:image:width\" content=\"9184\" \/>\n\t<meta property=\"og:image:height\" content=\"9184\" \/>\n\t<meta property=\"og:image:type\" content=\"image\/png\" \/>\n<meta name=\"twitter:card\" content=\"summary_large_image\" \/>\n<script type=\"application\/ld+json\" class=\"yoast-schema-graph\">{\"@context\":\"https:\/\/schema.org\",\"@graph\":[{\"@type\":\"WebPage\",\"@id\":\"https:\/\/klimavex.eu\/cz\/katalog\/panasonic-jet-air-stream-kit-140mc5zh8-smart-trysky-15kw-3f\/\",\"url\":\"https:\/\/klimavex.eu\/cz\/katalog\/panasonic-jet-air-stream-kit-140mc5zh8-smart-trysky-15kw-3f\/\",\"name\":\"Klimatizace Panasonic PACi NX Elite split JET AIR STREAM smart KIT-140MC5ZH8 R32 400V 14,01kW - KLIMAVEX GROUP - \u010cesko\",\"isPartOf\":{\"@id\":\"https:\/\/klimavex.eu\/cz\/#website\"},\"primaryImageOfPage\":{\"@id\":\"https:\/\/klimavex.eu\/cz\/katalog\/panasonic-jet-air-stream-kit-140mc5zh8-smart-trysky-15kw-3f\/#primaryimage\"},\"image\":{\"@id\":\"https:\/\/klimavex.eu\/cz\/katalog\/panasonic-jet-air-stream-kit-140mc5zh8-smart-trysky-15kw-3f\/#primaryimage\"},\"thumbnailUrl\":\"https:\/\/klimavex.eu\/cz\/wp-content\/uploads\/2025\/09\/sHmfUM4C1b-IH19JoTaljA0Ks3kd2syhjCNmUD0pV94.png\",\"datePublished\":\"2026-03-31T16:20:13+00:00\",\"dateModified\":\"2026-03-31T16:20:42+00:00\",\"breadcrumb\":{\"@id\":\"https:\/\/klimavex.eu\/cz\/katalog\/panasonic-jet-air-stream-kit-140mc5zh8-smart-trysky-15kw-3f\/#breadcrumb\"},\"inLanguage\":\"cs\",\"potentialAction\":[{\"@type\":\"ReadAction\",\"target\":[\"https:\/\/klimavex.eu\/cz\/katalog\/panasonic-jet-air-stream-kit-140mc5zh8-smart-trysky-15kw-3f\/\"]}]},{\"@type\":\"ImageObject\",\"inLanguage\":\"cs\",\"@id\":\"https:\/\/klimavex.eu\/cz\/katalog\/panasonic-jet-air-stream-kit-140mc5zh8-smart-trysky-15kw-3f\/#primaryimage\",\"url\":\"https:\/\/klimavex.eu\/cz\/wp-content\/uploads\/2025\/09\/sHmfUM4C1b-IH19JoTaljA0Ks3kd2syhjCNmUD0pV94.png\",\"contentUrl\":\"https:\/\/klimavex.eu\/cz\/wp-content\/uploads\/2025\/09\/sHmfUM4C1b-IH19JoTaljA0Ks3kd2syhjCNmUD0pV94.png\",\"width\":512,\"height\":512},{\"@type\":\"BreadcrumbList\",\"@id\":\"https:\/\/klimavex.eu\/cz\/katalog\/panasonic-jet-air-stream-kit-140mc5zh8-smart-trysky-15kw-3f\/#breadcrumb\",\"itemListElement\":[{\"@type\":\"ListItem\",\"position\":1,\"name\":\"Domovsk\u00e1 str\u00e1nka\",\"item\":\"https:\/\/klimavex.eu\/cz\/\"},{\"@type\":\"ListItem\",\"position\":2,\"name\":\"Eshop\",\"item\":\"https:\/\/klimavex.eu\/cz\/eshop\/\"},{\"@type\":\"ListItem\",\"position\":3,\"name\":\"Panasonic Jet Air Stream KIT-140MC5ZH8 smart trysky (15kW, 3f)\"}]},{\"@type\":\"WebSite\",\"@id\":\"https:\/\/klimavex.eu\/cz\/#website\",\"url\":\"https:\/\/klimavex.eu\/cz\/\",\"name\":\"KLIMAVEX GROUP - \u010cesko\",\"description\":\"\",\"publisher\":{\"@id\":\"https:\/\/klimavex.eu\/cz\/#organization\"},\"alternateName\":\"KLIMAVEX CZ a.s.\",\"potentialAction\":[{\"@type\":\"SearchAction\",\"target\":{\"@type\":\"EntryPoint\",\"urlTemplate\":\"https:\/\/klimavex.eu\/cz\/?s={search_term_string}\"},\"query-input\":{\"@type\":\"PropertyValueSpecification\",\"valueRequired\":true,\"valueName\":\"search_term_string\"}}],\"inLanguage\":\"cs\"},{\"@type\":\"Organization\",\"@id\":\"https:\/\/klimavex.eu\/cz\/#organization\",\"name\":\"KLIMAVEX GROUP\",\"alternateName\":\"KLIMAVEX\",\"url\":\"https:\/\/klimavex.eu\/cz\/\",\"logo\":{\"@type\":\"ImageObject\",\"inLanguage\":\"cs\",\"@id\":\"https:\/\/klimavex.eu\/cz\/#\/schema\/logo\/image\/\",\"url\":\"https:\/\/klimavex.eu\/cz\/wp-content\/uploads\/2024\/04\/Klimavex-Group-logo.png\",\"contentUrl\":\"https:\/\/klimavex.eu\/cz\/wp-content\/uploads\/2024\/04\/Klimavex-Group-logo.png\",\"width\":1681,\"height\":472,\"caption\":\"KLIMAVEX GROUP\"},\"image\":{\"@id\":\"https:\/\/klimavex.eu\/cz\/#\/schema\/logo\/image\/\"},\"sameAs\":[\"https:\/\/www.facebook.com\/klimavex.cz\",\"https:\/\/www.instagram.com\/klimavex_cz\/\"]}]}<\/script>\n<!-- \/ Yoast SEO plugin. -->","yoast_head_json":{"title":"Klimatizace Panasonic PACi NX Elite split JET AIR STREAM smart KIT-140MC5ZH8 R32 400V 14,01kW - KLIMAVEX GROUP - \u010cesko","robots":{"index":"index","follow":"follow","max-snippet":"max-snippet:-1","max-image-preview":"max-image-preview:large","max-video-preview":"max-video-preview:-1"},"canonical":"https:\/\/klimavex.eu\/cz\/katalog\/panasonic-jet-air-stream-kit-140mc5zh8-smart-trysky-15kw-3f\/","og_locale":"cs_CZ","og_type":"article","og_title":"Klimatizace Panasonic PACi NX Elite split JET AIR STREAM smart KIT-140MC5ZH8 R32 400V 14,01kW - KLIMAVEX GROUP - \u010cesko","og_description":"Panasonic Jet Air Stream je komer\u010dn&iacute; klimatizace s&nbsp;vysok&yacute;m objemem vzduchu (a\u017e 5&nbsp;000 m3\/h) a dlouhou vzd&aacute;lenost&iacute; proud\u011bn&iacute; vzduchu (a\u017e 30 m). Je ur\u010dena pro velk&eacute; prostory, je\u017e vy\u017eaduj&iacute; vysokou distribuci vzduchu, jako jsou t\u011blocvi\u010dny, v&yacute;robn&iacute; prostory a sklady. Za\u0159&iacute;zen&iacute; je energeticky &uacute;sporn&yacute;m \u0159e&scaron;en&iacute;m pro celoro\u010dn&iacute; chlazen&iacute; a vyt&aacute;p\u011bn&iacute;. Samonav&aacute;d\u011bc&iacute; trysky zabra\u0148uj&iacute; tepeln&yacute;m ztr&aacute;t&aacute;m v&nbsp;ob&yacute;van&eacute;m prostoru a zaji&scaron;\u0165uj&iacute; optim&aacute;ln&iacute; regulaci teploty.","og_url":"https:\/\/klimavex.eu\/cz\/katalog\/panasonic-jet-air-stream-kit-140mc5zh8-smart-trysky-15kw-3f\/","og_site_name":"KLIMAVEX GROUP - \u010cesko","article_publisher":"https:\/\/www.facebook.com\/klimavex.cz","article_modified_time":"2026-03-31T16:20:42+00:00","og_image":[{"width":9184,"height":9184,"url":"https:\/\/klimavex.eu\/cz\/wp-content\/uploads\/2024\/02\/LOGO-KLIMAVEX-modra-kostka-1.png","type":"image\/png"}],"twitter_card":"summary_large_image","schema":{"@context":"https:\/\/schema.org","@graph":[{"@type":"WebPage","@id":"https:\/\/klimavex.eu\/cz\/katalog\/panasonic-jet-air-stream-kit-140mc5zh8-smart-trysky-15kw-3f\/","url":"https:\/\/klimavex.eu\/cz\/katalog\/panasonic-jet-air-stream-kit-140mc5zh8-smart-trysky-15kw-3f\/","name":"Klimatizace Panasonic PACi NX Elite split JET AIR STREAM smart KIT-140MC5ZH8 R32 400V 14,01kW - KLIMAVEX GROUP - \u010cesko","isPartOf":{"@id":"https:\/\/klimavex.eu\/cz\/#website"},"primaryImageOfPage":{"@id":"https:\/\/klimavex.eu\/cz\/katalog\/panasonic-jet-air-stream-kit-140mc5zh8-smart-trysky-15kw-3f\/#primaryimage"},"image":{"@id":"https:\/\/klimavex.eu\/cz\/katalog\/panasonic-jet-air-stream-kit-140mc5zh8-smart-trysky-15kw-3f\/#primaryimage"},"thumbnailUrl":"https:\/\/klimavex.eu\/cz\/wp-content\/uploads\/2025\/09\/sHmfUM4C1b-IH19JoTaljA0Ks3kd2syhjCNmUD0pV94.png","datePublished":"2026-03-31T16:20:13+00:00","dateModified":"2026-03-31T16:20:42+00:00","breadcrumb":{"@id":"https:\/\/klimavex.eu\/cz\/katalog\/panasonic-jet-air-stream-kit-140mc5zh8-smart-trysky-15kw-3f\/#breadcrumb"},"inLanguage":"cs","potentialAction":[{"@type":"ReadAction","target":["https:\/\/klimavex.eu\/cz\/katalog\/panasonic-jet-air-stream-kit-140mc5zh8-smart-trysky-15kw-3f\/"]}]},{"@type":"ImageObject","inLanguage":"cs","@id":"https:\/\/klimavex.eu\/cz\/katalog\/panasonic-jet-air-stream-kit-140mc5zh8-smart-trysky-15kw-3f\/#primaryimage","url":"https:\/\/klimavex.eu\/cz\/wp-content\/uploads\/2025\/09\/sHmfUM4C1b-IH19JoTaljA0Ks3kd2syhjCNmUD0pV94.png","contentUrl":"https:\/\/klimavex.eu\/cz\/wp-content\/uploads\/2025\/09\/sHmfUM4C1b-IH19JoTaljA0Ks3kd2syhjCNmUD0pV94.png","width":512,"height":512},{"@type":"BreadcrumbList","@id":"https:\/\/klimavex.eu\/cz\/katalog\/panasonic-jet-air-stream-kit-140mc5zh8-smart-trysky-15kw-3f\/#breadcrumb","itemListElement":[{"@type":"ListItem","position":1,"name":"Domovsk\u00e1 str\u00e1nka","item":"https:\/\/klimavex.eu\/cz\/"},{"@type":"ListItem","position":2,"name":"Eshop","item":"https:\/\/klimavex.eu\/cz\/eshop\/"},{"@type":"ListItem","position":3,"name":"Panasonic Jet Air Stream KIT-140MC5ZH8 smart trysky (15kW, 3f)"}]},{"@type":"WebSite","@id":"https:\/\/klimavex.eu\/cz\/#website","url":"https:\/\/klimavex.eu\/cz\/","name":"KLIMAVEX GROUP - \u010cesko","description":"","publisher":{"@id":"https:\/\/klimavex.eu\/cz\/#organization"},"alternateName":"KLIMAVEX CZ a.s.","potentialAction":[{"@type":"SearchAction","target":{"@type":"EntryPoint","urlTemplate":"https:\/\/klimavex.eu\/cz\/?s={search_term_string}"},"query-input":{"@type":"PropertyValueSpecification","valueRequired":true,"valueName":"search_term_string"}}],"inLanguage":"cs"},{"@type":"Organization","@id":"https:\/\/klimavex.eu\/cz\/#organization","name":"KLIMAVEX GROUP","alternateName":"KLIMAVEX","url":"https:\/\/klimavex.eu\/cz\/","logo":{"@type":"ImageObject","inLanguage":"cs","@id":"https:\/\/klimavex.eu\/cz\/#\/schema\/logo\/image\/","url":"https:\/\/klimavex.eu\/cz\/wp-content\/uploads\/2024\/04\/Klimavex-Group-logo.png","contentUrl":"https:\/\/klimavex.eu\/cz\/wp-content\/uploads\/2024\/04\/Klimavex-Group-logo.png","width":1681,"height":472,"caption":"KLIMAVEX GROUP"},"image":{"@id":"https:\/\/klimavex.eu\/cz\/#\/schema\/logo\/image\/"},"sameAs":["https:\/\/www.facebook.com\/klimavex.cz","https:\/\/www.instagram.com\/klimavex_cz\/"]}]}},"_links":{"self":[{"href":"https:\/\/klimavex.eu\/cz\/wp-json\/wp\/v2\/product\/542882","targetHints":{"allow":["GET"]}}],"collection":[{"href":"https:\/\/klimavex.eu\/cz\/wp-json\/wp\/v2\/product"}],"about":[{"href":"https:\/\/klimavex.eu\/cz\/wp-json\/wp\/v2\/types\/product"}],"version-history":[{"count":0,"href":"https:\/\/klimavex.eu\/cz\/wp-json\/wp\/v2\/product\/542882\/revisions"}],"wp:featuredmedia":[{"embeddable":true,"href":"https:\/\/klimavex.eu\/cz\/wp-json\/wp\/v2\/media\/547246"}],"wp:attachment":[{"href":"https:\/\/klimavex.eu\/cz\/wp-json\/wp\/v2\/media?parent=542882"}],"wp:term":[{"taxonomy":"product_cat","embeddable":true,"href":"https:\/\/klimavex.eu\/cz\/wp-json\/wp\/v2\/product_cat?post=542882"},{"taxonomy":"product_tag","embeddable":true,"href":"https:\/\/klimavex.eu\/cz\/wp-json\/wp\/v2\/product_tag?post=542882"}],"curies":[{"name":"wp","href":"https:\/\/api.w.org\/{rel}","templated":true}]}}