{"id":542892,"date":"2026-04-10T08:49:06","date_gmt":"2026-04-10T06:49:06","guid":{"rendered":"https:\/\/klimavex.eu\/cz\/katalog\/panasonic-multisplit-cu-2z50abec-power-heat\/"},"modified":"2026-04-10T08:49:12","modified_gmt":"2026-04-10T06:49:12","slug":"klimatizace-panasonic-multisplit-venkovni-power-heat-grafitova-cu-2z50abec-2-vnitrni-r32-230v-53kw","status":"publish","type":"product","link":"https:\/\/klimavex.eu\/cz\/katalog\/klimatizace-panasonic-multisplit-venkovni-power-heat-grafitova-cu-2z50abec-2-vnitrni-r32-230v-53kw\/","title":{"rendered":"Klimatizace Panasonic multisplit venkovn\u00ed POWER HEAT grafitov\u00e1 CU-2Z50ABEC (2 vnit\u0159n\u00ed) R32 230V 5,3kW"},"content":{"rendered":"<p style=\"text-align: justify;\"><strong>Kl&iacute;\u010dov&eacute; vlastnosti<\/strong><\/p>\n<ul>\n<li style=\"text-align: justify;\">2 vnit\u0159n&iacute; jednotky s jednou venkovn&iacute; jednotkou<\/li>\n<li style=\"text-align: justify;\">Tepeln&yacute; v&yacute;kon p\u0159i venkovn&iacute; teplot\u011b -25&deg;C: 3,90 kW pro 2 m&iacute;stnosti<\/li>\n<li style=\"text-align: justify;\">V&yacute;konn&eacute; vyt&aacute;p\u011bn&iacute; i p\u0159i n&iacute;zk&yacute;ch venkovn&iacute;ch teplot&aacute;ch, pokro\u010dil&aacute; logika odmrazov&aacute;n&iacute;, vyh\u0159&iacute;v&aacute;n&iacute; vany kondenz&aacute;tu v z&aacute;kladn&iacute; v&yacute;bav\u011b<\/li>\n<li style=\"text-align: justify;\">Vysok&aacute; &uacute;\u010dinnost SCOP 4,4 &ndash; invertorov&aacute; technologie, kter&aacute; zaji&scaron;\u0165uje vysokou provozn&iacute; &uacute;\u010dinnost<\/li>\n<li style=\"text-align: justify;\">Tmav\u011b zbarven&aacute; venkovn&iacute; jednotka harmonick&eacute; barvy, kter&aacute; se hod&iacute; k evropsk&yacute;m dom\u016fm<\/li>\n<li style=\"text-align: justify;\">N&iacute;zk&aacute; hlu\u010dnost<\/li>\n<li style=\"text-align: justify;\">Technologie nanoe&trade; X dok&aacute;\u017ee prom\u011bnit cel&yacute; interi&eacute;r v \u010dist&scaron;&iacute; a p\u0159&iacute;jemn\u011bj&scaron;&iacute; m&iacute;sto k&nbsp;\u017eivotu<\/li>\n<li style=\"text-align: justify;\">Vestavn&yacute; Wi-Fi modul slou\u017e&iacute; k pokro\u010dil&eacute;mu ovl&aacute;d&aacute;n&iacute; p\u0159es internet. Je kompatibiln&iacute; s hlasov&yacute;mi asistenty Google Assistant a Amazon Alexa.<\/li>\n<\/ul>\n","protected":false},"excerpt":{"rendered":"<p style=\"text-align: justify;\">Venkovn&iacute; klimatiza\u010dn&iacute; jednotka <strong>Panasonic Power Heat Multi<\/strong> pro <strong>multisplit zapojen&iacute;<\/strong> je dokonal&yacute;m \u0159e&scaron;en&iacute;m pro <strong>vyt&aacute;p\u011bn&iacute; <\/strong>obytn&yacute;ch prostor <strong>v&nbsp;extr&eacute;mn&iacute;m po\u010das&iacute;<\/strong>. Dok&aacute;\u017ee toti\u017e &uacute;\u010dinn\u011b topit <strong>a\u017e do -25&deg;C<\/strong> venkovn&iacute; teploty. Je tedy vhodn&aacute; nap\u0159. pro chalupy, chaty a penziony <strong>v&nbsp;horsk&yacute;ch podnebn&yacute;ch podm&iacute;nk&aacute;ch<\/strong>. Na venkovn&iacute; multisplit jednotku lze v&nbsp;tomto p\u0159&iacute;pad\u011b napojit <strong>2 vnit\u0159n&iacute; jednotky<\/strong> (model Etherea). Jednotka je k&nbsp;dispozici v p\u0159ita\u017eliv&eacute;m&nbsp;\u010dern&eacute;m proveden&iacute; &ndash; ide&aacute;ln&iacute; kombinace do zasn\u011b\u017een&eacute; krajiny.<\/p>\n","protected":false},"featured_media":547264,"template":"","meta":[],"product_cat":[7657,7659,7547,7674,7670,7692,10756],"product_tag":[],"class_list":{"0":"post-542892","1":"product","2":"type-product","3":"status-publish","4":"has-post-thumbnail","6":"product_cat-podle-znacky","7":"product_cat-podle-typu","8":"product_cat-klimatizace","9":"product_cat-panasonic","10":"product_cat-multisplity","11":"product_cat-multisplit-panasonic","12":"product_cat-multisplit-do-25c-power-heat","13":"pa_chlad-do-von-tep-c-do-10-c","14":"pa_chladici-vykon-11489","15":"pa_energeticka-trida-scop-aplus","16":"pa_energeticka-trida-seer-aplusplus","17":"pa_extra-funkce-vytapeni-do-25c","18":"pa_multisplit-venkovni-multi-2","19":"pa_napajeni-1f-230v","20":"pa_prikon-chlazeni-14594","21":"pa_prikon-vytapeni-14592","22":"pa_provedeni-multisplit-venkovni","23":"pa_topny-vykon-12079","24":"pa_typ-chladiva-r32","25":"pa_vyk-do-von-tepl-c-do-25-c","26":"pa_znacka-panasonic","28":"first","29":"instock","30":"taxable","31":"shipping-taxable","32":"purchasable","33":"product-type-simple"},"yoast_head":"<!-- This site is optimized with the Yoast SEO plugin v23.9 - https:\/\/yoast.com\/wordpress\/plugins\/seo\/ -->\n<title>Klimatizace Panasonic multisplit venkovn\u00ed POWER HEAT grafitov\u00e1 CU-2Z50ABEC (2 vnit\u0159n\u00ed) R32 230V 5,3kW - KLIMAVEX GROUP - \u010cesko<\/title>\n<meta name=\"robots\" content=\"index, follow, max-snippet:-1, max-image-preview:large, max-video-preview:-1\" \/>\n<link rel=\"canonical\" href=\"https:\/\/klimavex.eu\/cz\/katalog\/panasonic-multisplit-cu-2z50abec-power-heat\/\" \/>\n<meta property=\"og:locale\" content=\"cs_CZ\" \/>\n<meta property=\"og:type\" content=\"article\" \/>\n<meta property=\"og:title\" content=\"Klimatizace Panasonic multisplit venkovn\u00ed POWER HEAT grafitov\u00e1 CU-2Z50ABEC (2 vnit\u0159n\u00ed) R32 230V 5,3kW - KLIMAVEX GROUP - \u010cesko\" \/>\n<meta property=\"og:description\" content=\"Venkovn&iacute; klimatiza\u010dn&iacute; jednotka Panasonic Power Heat Multi pro multisplit zapojen&iacute; je dokonal&yacute;m \u0159e&scaron;en&iacute;m pro vyt&aacute;p\u011bn&iacute; obytn&yacute;ch prostor v&nbsp;extr&eacute;mn&iacute;m po\u010das&iacute;. Dok&aacute;\u017ee toti\u017e &uacute;\u010dinn\u011b topit a\u017e do -25&deg;C venkovn&iacute; teploty. Je tedy vhodn&aacute; nap\u0159. pro chalupy, chaty a penziony v&nbsp;horsk&yacute;ch podnebn&yacute;ch podm&iacute;nk&aacute;ch. Na venkovn&iacute; multisplit jednotku lze v&nbsp;tomto p\u0159&iacute;pad\u011b napojit 2 vnit\u0159n&iacute; jednotky (model Etherea). Jednotka je k&nbsp;dispozici v p\u0159ita\u017eliv&eacute;m&nbsp;\u010dern&eacute;m proveden&iacute; &ndash; ide&aacute;ln&iacute; kombinace do zasn\u011b\u017een&eacute; krajiny.\" \/>\n<meta property=\"og:url\" content=\"https:\/\/klimavex.eu\/cz\/katalog\/panasonic-multisplit-cu-2z50abec-power-heat\/\" \/>\n<meta property=\"og:site_name\" content=\"KLIMAVEX GROUP - \u010cesko\" \/>\n<meta property=\"article:publisher\" content=\"https:\/\/www.facebook.com\/klimavex.cz\" \/>\n<meta property=\"article:modified_time\" content=\"2026-04-10T06:49:12+00:00\" \/>\n<meta property=\"og:image\" content=\"https:\/\/klimavex.eu\/cz\/wp-content\/uploads\/2025\/09\/TDipibIgDJIQilMZuirC88fyLYkn3Tfns-nhlZm9ys.jpeg\" \/>\n\t<meta property=\"og:image:width\" content=\"512\" \/>\n\t<meta property=\"og:image:height\" content=\"614\" \/>\n\t<meta property=\"og:image:type\" content=\"image\/jpeg\" \/>\n<meta name=\"twitter:card\" content=\"summary_large_image\" \/>\n<meta name=\"twitter:label1\" content=\"Odhadovan\u00e1 doba \u010dten\u00ed\" \/>\n\t<meta name=\"twitter:data1\" content=\"1 minuta\" \/>\n<script type=\"application\/ld+json\" class=\"yoast-schema-graph\">{\"@context\":\"https:\/\/schema.org\",\"@graph\":[{\"@type\":\"WebPage\",\"@id\":\"https:\/\/klimavex.eu\/cz\/katalog\/panasonic-multisplit-cu-2z50abec-power-heat\/\",\"url\":\"https:\/\/klimavex.eu\/cz\/katalog\/panasonic-multisplit-cu-2z50abec-power-heat\/\",\"name\":\"Klimatizace Panasonic multisplit venkovn\u00ed POWER HEAT grafitov\u00e1 CU-2Z50ABEC (2 vnit\u0159n\u00ed) R32 230V 5,3kW - KLIMAVEX GROUP - \u010cesko\",\"isPartOf\":{\"@id\":\"https:\/\/klimavex.eu\/cz\/#website\"},\"primaryImageOfPage\":{\"@id\":\"https:\/\/klimavex.eu\/cz\/katalog\/panasonic-multisplit-cu-2z50abec-power-heat\/#primaryimage\"},\"image\":{\"@id\":\"https:\/\/klimavex.eu\/cz\/katalog\/panasonic-multisplit-cu-2z50abec-power-heat\/#primaryimage\"},\"thumbnailUrl\":\"https:\/\/klimavex.eu\/cz\/wp-content\/uploads\/2025\/09\/TDipibIgDJIQilMZuirC88fyLYkn3Tfns-nhlZm9ys.jpeg\",\"datePublished\":\"2026-04-10T06:49:06+00:00\",\"dateModified\":\"2026-04-10T06:49:12+00:00\",\"breadcrumb\":{\"@id\":\"https:\/\/klimavex.eu\/cz\/katalog\/panasonic-multisplit-cu-2z50abec-power-heat\/#breadcrumb\"},\"inLanguage\":\"cs\",\"potentialAction\":[{\"@type\":\"ReadAction\",\"target\":[\"https:\/\/klimavex.eu\/cz\/katalog\/panasonic-multisplit-cu-2z50abec-power-heat\/\"]}]},{\"@type\":\"ImageObject\",\"inLanguage\":\"cs\",\"@id\":\"https:\/\/klimavex.eu\/cz\/katalog\/panasonic-multisplit-cu-2z50abec-power-heat\/#primaryimage\",\"url\":\"https:\/\/klimavex.eu\/cz\/wp-content\/uploads\/2025\/09\/TDipibIgDJIQilMZuirC88fyLYkn3Tfns-nhlZm9ys.jpeg\",\"contentUrl\":\"https:\/\/klimavex.eu\/cz\/wp-content\/uploads\/2025\/09\/TDipibIgDJIQilMZuirC88fyLYkn3Tfns-nhlZm9ys.jpeg\",\"width\":512,\"height\":614},{\"@type\":\"BreadcrumbList\",\"@id\":\"https:\/\/klimavex.eu\/cz\/katalog\/panasonic-multisplit-cu-2z50abec-power-heat\/#breadcrumb\",\"itemListElement\":[{\"@type\":\"ListItem\",\"position\":1,\"name\":\"Domovsk\u00e1 str\u00e1nka\",\"item\":\"https:\/\/klimavex.eu\/cz\/\"},{\"@type\":\"ListItem\",\"position\":2,\"name\":\"Eshop\",\"item\":\"https:\/\/klimavex.eu\/cz\/eshop\/\"},{\"@type\":\"ListItem\",\"position\":3,\"name\":\"Panasonic multisplit CU-2Z50ABEC (power heat)\"}]},{\"@type\":\"WebSite\",\"@id\":\"https:\/\/klimavex.eu\/cz\/#website\",\"url\":\"https:\/\/klimavex.eu\/cz\/\",\"name\":\"KLIMAVEX GROUP - \u010cesko\",\"description\":\"\",\"publisher\":{\"@id\":\"https:\/\/klimavex.eu\/cz\/#organization\"},\"alternateName\":\"KLIMAVEX CZ a.s.\",\"potentialAction\":[{\"@type\":\"SearchAction\",\"target\":{\"@type\":\"EntryPoint\",\"urlTemplate\":\"https:\/\/klimavex.eu\/cz\/?s={search_term_string}\"},\"query-input\":{\"@type\":\"PropertyValueSpecification\",\"valueRequired\":true,\"valueName\":\"search_term_string\"}}],\"inLanguage\":\"cs\"},{\"@type\":\"Organization\",\"@id\":\"https:\/\/klimavex.eu\/cz\/#organization\",\"name\":\"KLIMAVEX GROUP\",\"alternateName\":\"KLIMAVEX\",\"url\":\"https:\/\/klimavex.eu\/cz\/\",\"logo\":{\"@type\":\"ImageObject\",\"inLanguage\":\"cs\",\"@id\":\"https:\/\/klimavex.eu\/cz\/#\/schema\/logo\/image\/\",\"url\":\"https:\/\/klimavex.eu\/cz\/wp-content\/uploads\/2024\/04\/Klimavex-Group-logo.png\",\"contentUrl\":\"https:\/\/klimavex.eu\/cz\/wp-content\/uploads\/2024\/04\/Klimavex-Group-logo.png\",\"width\":1681,\"height\":472,\"caption\":\"KLIMAVEX GROUP\"},\"image\":{\"@id\":\"https:\/\/klimavex.eu\/cz\/#\/schema\/logo\/image\/\"},\"sameAs\":[\"https:\/\/www.facebook.com\/klimavex.cz\",\"https:\/\/www.instagram.com\/klimavex_cz\/\"]}]}<\/script>\n<!-- \/ Yoast SEO plugin. -->","yoast_head_json":{"title":"Klimatizace Panasonic multisplit venkovn\u00ed POWER HEAT grafitov\u00e1 CU-2Z50ABEC (2 vnit\u0159n\u00ed) R32 230V 5,3kW - KLIMAVEX GROUP - \u010cesko","robots":{"index":"index","follow":"follow","max-snippet":"max-snippet:-1","max-image-preview":"max-image-preview:large","max-video-preview":"max-video-preview:-1"},"canonical":"https:\/\/klimavex.eu\/cz\/katalog\/panasonic-multisplit-cu-2z50abec-power-heat\/","og_locale":"cs_CZ","og_type":"article","og_title":"Klimatizace Panasonic multisplit venkovn\u00ed POWER HEAT grafitov\u00e1 CU-2Z50ABEC (2 vnit\u0159n\u00ed) R32 230V 5,3kW - KLIMAVEX GROUP - \u010cesko","og_description":"Venkovn&iacute; klimatiza\u010dn&iacute; jednotka Panasonic Power Heat Multi pro multisplit zapojen&iacute; je dokonal&yacute;m \u0159e&scaron;en&iacute;m pro vyt&aacute;p\u011bn&iacute; obytn&yacute;ch prostor v&nbsp;extr&eacute;mn&iacute;m po\u010das&iacute;. Dok&aacute;\u017ee toti\u017e &uacute;\u010dinn\u011b topit a\u017e do -25&deg;C venkovn&iacute; teploty. Je tedy vhodn&aacute; nap\u0159. pro chalupy, chaty a penziony v&nbsp;horsk&yacute;ch podnebn&yacute;ch podm&iacute;nk&aacute;ch. Na venkovn&iacute; multisplit jednotku lze v&nbsp;tomto p\u0159&iacute;pad\u011b napojit 2 vnit\u0159n&iacute; jednotky (model Etherea). Jednotka je k&nbsp;dispozici v p\u0159ita\u017eliv&eacute;m&nbsp;\u010dern&eacute;m proveden&iacute; &ndash; ide&aacute;ln&iacute; kombinace do zasn\u011b\u017een&eacute; krajiny.","og_url":"https:\/\/klimavex.eu\/cz\/katalog\/panasonic-multisplit-cu-2z50abec-power-heat\/","og_site_name":"KLIMAVEX GROUP - \u010cesko","article_publisher":"https:\/\/www.facebook.com\/klimavex.cz","article_modified_time":"2026-04-10T06:49:12+00:00","og_image":[{"width":512,"height":614,"url":"https:\/\/klimavex.eu\/cz\/wp-content\/uploads\/2025\/09\/TDipibIgDJIQilMZuirC88fyLYkn3Tfns-nhlZm9ys.jpeg","type":"image\/jpeg"}],"twitter_card":"summary_large_image","twitter_misc":{"Odhadovan\u00e1 doba \u010dten\u00ed":"1 minuta"},"schema":{"@context":"https:\/\/schema.org","@graph":[{"@type":"WebPage","@id":"https:\/\/klimavex.eu\/cz\/katalog\/panasonic-multisplit-cu-2z50abec-power-heat\/","url":"https:\/\/klimavex.eu\/cz\/katalog\/panasonic-multisplit-cu-2z50abec-power-heat\/","name":"Klimatizace Panasonic multisplit venkovn\u00ed POWER HEAT grafitov\u00e1 CU-2Z50ABEC (2 vnit\u0159n\u00ed) R32 230V 5,3kW - KLIMAVEX GROUP - \u010cesko","isPartOf":{"@id":"https:\/\/klimavex.eu\/cz\/#website"},"primaryImageOfPage":{"@id":"https:\/\/klimavex.eu\/cz\/katalog\/panasonic-multisplit-cu-2z50abec-power-heat\/#primaryimage"},"image":{"@id":"https:\/\/klimavex.eu\/cz\/katalog\/panasonic-multisplit-cu-2z50abec-power-heat\/#primaryimage"},"thumbnailUrl":"https:\/\/klimavex.eu\/cz\/wp-content\/uploads\/2025\/09\/TDipibIgDJIQilMZuirC88fyLYkn3Tfns-nhlZm9ys.jpeg","datePublished":"2026-04-10T06:49:06+00:00","dateModified":"2026-04-10T06:49:12+00:00","breadcrumb":{"@id":"https:\/\/klimavex.eu\/cz\/katalog\/panasonic-multisplit-cu-2z50abec-power-heat\/#breadcrumb"},"inLanguage":"cs","potentialAction":[{"@type":"ReadAction","target":["https:\/\/klimavex.eu\/cz\/katalog\/panasonic-multisplit-cu-2z50abec-power-heat\/"]}]},{"@type":"ImageObject","inLanguage":"cs","@id":"https:\/\/klimavex.eu\/cz\/katalog\/panasonic-multisplit-cu-2z50abec-power-heat\/#primaryimage","url":"https:\/\/klimavex.eu\/cz\/wp-content\/uploads\/2025\/09\/TDipibIgDJIQilMZuirC88fyLYkn3Tfns-nhlZm9ys.jpeg","contentUrl":"https:\/\/klimavex.eu\/cz\/wp-content\/uploads\/2025\/09\/TDipibIgDJIQilMZuirC88fyLYkn3Tfns-nhlZm9ys.jpeg","width":512,"height":614},{"@type":"BreadcrumbList","@id":"https:\/\/klimavex.eu\/cz\/katalog\/panasonic-multisplit-cu-2z50abec-power-heat\/#breadcrumb","itemListElement":[{"@type":"ListItem","position":1,"name":"Domovsk\u00e1 str\u00e1nka","item":"https:\/\/klimavex.eu\/cz\/"},{"@type":"ListItem","position":2,"name":"Eshop","item":"https:\/\/klimavex.eu\/cz\/eshop\/"},{"@type":"ListItem","position":3,"name":"Panasonic multisplit CU-2Z50ABEC (power heat)"}]},{"@type":"WebSite","@id":"https:\/\/klimavex.eu\/cz\/#website","url":"https:\/\/klimavex.eu\/cz\/","name":"KLIMAVEX GROUP - \u010cesko","description":"","publisher":{"@id":"https:\/\/klimavex.eu\/cz\/#organization"},"alternateName":"KLIMAVEX CZ a.s.","potentialAction":[{"@type":"SearchAction","target":{"@type":"EntryPoint","urlTemplate":"https:\/\/klimavex.eu\/cz\/?s={search_term_string}"},"query-input":{"@type":"PropertyValueSpecification","valueRequired":true,"valueName":"search_term_string"}}],"inLanguage":"cs"},{"@type":"Organization","@id":"https:\/\/klimavex.eu\/cz\/#organization","name":"KLIMAVEX GROUP","alternateName":"KLIMAVEX","url":"https:\/\/klimavex.eu\/cz\/","logo":{"@type":"ImageObject","inLanguage":"cs","@id":"https:\/\/klimavex.eu\/cz\/#\/schema\/logo\/image\/","url":"https:\/\/klimavex.eu\/cz\/wp-content\/uploads\/2024\/04\/Klimavex-Group-logo.png","contentUrl":"https:\/\/klimavex.eu\/cz\/wp-content\/uploads\/2024\/04\/Klimavex-Group-logo.png","width":1681,"height":472,"caption":"KLIMAVEX GROUP"},"image":{"@id":"https:\/\/klimavex.eu\/cz\/#\/schema\/logo\/image\/"},"sameAs":["https:\/\/www.facebook.com\/klimavex.cz","https:\/\/www.instagram.com\/klimavex_cz\/"]}]}},"_links":{"self":[{"href":"https:\/\/klimavex.eu\/cz\/wp-json\/wp\/v2\/product\/542892","targetHints":{"allow":["GET"]}}],"collection":[{"href":"https:\/\/klimavex.eu\/cz\/wp-json\/wp\/v2\/product"}],"about":[{"href":"https:\/\/klimavex.eu\/cz\/wp-json\/wp\/v2\/types\/product"}],"version-history":[{"count":0,"href":"https:\/\/klimavex.eu\/cz\/wp-json\/wp\/v2\/product\/542892\/revisions"}],"wp:featuredmedia":[{"embeddable":true,"href":"https:\/\/klimavex.eu\/cz\/wp-json\/wp\/v2\/media\/547264"}],"wp:attachment":[{"href":"https:\/\/klimavex.eu\/cz\/wp-json\/wp\/v2\/media?parent=542892"}],"wp:term":[{"taxonomy":"product_cat","embeddable":true,"href":"https:\/\/klimavex.eu\/cz\/wp-json\/wp\/v2\/product_cat?post=542892"},{"taxonomy":"product_tag","embeddable":true,"href":"https:\/\/klimavex.eu\/cz\/wp-json\/wp\/v2\/product_tag?post=542892"}],"curies":[{"name":"wp","href":"https:\/\/api.w.org\/{rel}","templated":true}]}}