{"id":542895,"date":"2026-04-28T14:49:05","date_gmt":"2026-04-28T12:49:05","guid":{"rendered":"https:\/\/klimavex.eu\/cz\/katalog\/samsung-kazetova-klimatizace-windfree-mini-4-way-cassette-aj035\/"},"modified":"2026-04-28T14:49:10","modified_gmt":"2026-04-28T12:49:10","slug":"klimatizace-samsung-multisplit-vnitrni-kazetova-windfree-mini-4-way-cassette-aj035-35kw","status":"publish","type":"product","link":"https:\/\/klimavex.eu\/cz\/katalog\/klimatizace-samsung-multisplit-vnitrni-kazetova-windfree-mini-4-way-cassette-aj035-35kw\/","title":{"rendered":"Klimatizace Samsung multisplit vnit\u0159n\u00ed kazetov\u00e1 WindFree Mini 4-Way Cassette AJ035 3,5kW"},"content":{"rendered":"<p style=\"text-align:justify\"><span style=\"font-size:11pt\"><span style=\"font-family:Calibri,sans-serif\"><strong>Kl&iacute;\u010dov&eacute; vlastnosti<\/strong><\/span><\/span><\/p>\n<ul>\n<li style=\"text-align:justify\"><span style=\"font-size:11pt\"><span style=\"font-family:Calibri,sans-serif\">Dvoustup\u0148ov&eacute; chlazen&iacute; &ndash; WindFree<sup>TM<\/sup> re\u017eim a re\u017eim rychl&eacute;ho chlazen&iacute;<\/span><\/span><\/li>\n<li style=\"text-align:justify\"><span style=\"font-size:11pt\"><span style=\"font-family:Calibri,sans-serif\">Nez&aacute;visl&eacute; nastaven&iacute; jednotliv&yacute;ch lamel<\/span><\/span><\/li>\n<li style=\"text-align:justify\"><span style=\"font-size:11pt\"><span style=\"font-family:Calibri,sans-serif\">Vestav\u011bn&eacute; \u010derpadlo kondenz&aacute;tu &ndash; v&yacute;tla\u010dn&aacute; v&yacute;&scaron;ka 550mm<\/span><\/span><\/li>\n<li style=\"text-align:justify\"><span style=\"font-size:11pt\"><span style=\"font-family:Calibri,sans-serif\">Vestav\u011bn&yacute; senzor teploty a vlhkosti<\/span><\/span><\/li>\n<li style=\"text-align:justify\"><span style=\"font-size:11pt\"><span style=\"font-family:Calibri,sans-serif\">N&iacute;zk&aacute; hlu\u010dnost &ndash; od 24 dB(A)<\/span><\/span><\/li>\n<li style=\"text-align:justify\"><span style=\"font-size:11pt\"><span style=\"font-family:Calibri,sans-serif\">Rozm\u011bry vnit\u0159n&iacute; jednotky &ndash; 575x250x575 mm<\/span><\/span><\/li>\n<li style=\"text-align:justify\"><span style=\"font-size:11pt\"><span style=\"font-family:Calibri,sans-serif\">Rozm\u011bry dekora\u010dn&iacute;ho panelu (nezbytn&yacute; pro provoz) &ndash; 620x620x57 mm<\/span><\/span><\/li>\n<li style=\"text-align:justify\"><span style=\"font-size:11pt\"><span style=\"font-family:Calibri,sans-serif\">Kompatibiln&iacute; s multisplit<\/span><\/span><\/li>\n<\/ul>\n","protected":false},"excerpt":{"rendered":"<p style=\"text-align:justify\"><span style=\"font-size:11pt\"><span style=\"font-family:Calibri,sans-serif\"><strong>Samsung WindFree<sup>TM <\/sup>Mini 4-Way Cassette<\/strong> je vysoce v&yacute;konn&aacute; <strong>\u010dty\u0159cestn&aacute;<\/strong> <strong>kazetov&aacute;<\/strong> klimatiza\u010dn&iacute; jednotka <strong>pro multisplit<\/strong> zapojen&iacute;. Klimatizace disponuje v&nbsp;panelu vnit\u0159n&iacute; jednotky tis&iacute;ci mikrootvory, kter&yacute;mi p\u0159&iacute;jemn\u011b ochlazen&yacute; vzduch pomalu pronik&aacute; do prostoru jemn&yacute;m proud\u011bn&iacute;m. Je tak zaji&scaron;t\u011bno <strong>chlazen&iacute; m&iacute;stnosti bez pocitu nep\u0159&iacute;jemn&eacute;ho studen&eacute;ho pr\u016fvanu<\/strong>. Pro p\u0159&iacute;pad nutnosti ochladit prostor v&nbsp;co nejkrat&scaron;&iacute;m \u010dase slou\u017e&iacute; re\u017eim <strong>Rychl&eacute; chlazen&iacute;<\/strong>. Nez&aacute;visl&eacute; nastaven&iacute; jednotliv&yacute;ch lamel umo\u017e\u0148uje zlep&scaron;en&iacute; cirkulace vzduchu po cel&eacute; m&iacute;stnosti.<\/span><\/span><\/p>\n","protected":false},"featured_media":547270,"template":"","meta":[],"product_cat":[7657,7659,7672,7547,7670,7693],"product_tag":[],"class_list":{"0":"post-542895","1":"product","2":"type-product","3":"status-publish","4":"has-post-thumbnail","6":"product_cat-podle-znacky","7":"product_cat-podle-typu","8":"product_cat-samsung","9":"product_cat-klimatizace","10":"product_cat-multisplity","11":"product_cat-multisplit-samsung","12":"pa_chladici-vykon-11436","13":"pa_multisplit-vnitrni-kazeta-35","14":"pa_napajeni-1f-230v","15":"pa_provedeni-multisplit-vnitrni","16":"pa_topny-vykon-11557","17":"pa_typ-chladiva-r32","18":"pa_znacka-samsung","20":"first","21":"instock","22":"taxable","23":"shipping-taxable","24":"purchasable","25":"product-type-simple"},"yoast_head":"<!-- This site is optimized with the Yoast SEO plugin v23.9 - https:\/\/yoast.com\/wordpress\/plugins\/seo\/ -->\n<title>Klimatizace Samsung multisplit vnit\u0159n\u00ed kazetov\u00e1 WindFree Mini 4-Way Cassette AJ035 3,5kW - KLIMAVEX GROUP - \u010cesko<\/title>\n<meta name=\"robots\" content=\"index, follow, max-snippet:-1, max-image-preview:large, max-video-preview:-1\" \/>\n<link rel=\"canonical\" href=\"https:\/\/klimavex.eu\/cz\/katalog\/samsung-kazetova-klimatizace-windfree-mini-4-way-cassette-aj035\/\" \/>\n<meta property=\"og:locale\" content=\"cs_CZ\" \/>\n<meta property=\"og:type\" content=\"article\" \/>\n<meta property=\"og:title\" content=\"Klimatizace Samsung multisplit vnit\u0159n\u00ed kazetov\u00e1 WindFree Mini 4-Way Cassette AJ035 3,5kW - KLIMAVEX GROUP - \u010cesko\" \/>\n<meta property=\"og:description\" content=\"Samsung WindFreeTM Mini 4-Way Cassette je vysoce v&yacute;konn&aacute; \u010dty\u0159cestn&aacute; kazetov&aacute; klimatiza\u010dn&iacute; jednotka pro multisplit zapojen&iacute;. Klimatizace disponuje v&nbsp;panelu vnit\u0159n&iacute; jednotky tis&iacute;ci mikrootvory, kter&yacute;mi p\u0159&iacute;jemn\u011b ochlazen&yacute; vzduch pomalu pronik&aacute; do prostoru jemn&yacute;m proud\u011bn&iacute;m. Je tak zaji&scaron;t\u011bno chlazen&iacute; m&iacute;stnosti bez pocitu nep\u0159&iacute;jemn&eacute;ho studen&eacute;ho pr\u016fvanu. Pro p\u0159&iacute;pad nutnosti ochladit prostor v&nbsp;co nejkrat&scaron;&iacute;m \u010dase slou\u017e&iacute; re\u017eim Rychl&eacute; chlazen&iacute;. Nez&aacute;visl&eacute; nastaven&iacute; jednotliv&yacute;ch lamel umo\u017e\u0148uje zlep&scaron;en&iacute; cirkulace vzduchu po cel&eacute; m&iacute;stnosti.\" \/>\n<meta property=\"og:url\" content=\"https:\/\/klimavex.eu\/cz\/katalog\/samsung-kazetova-klimatizace-windfree-mini-4-way-cassette-aj035\/\" \/>\n<meta property=\"og:site_name\" content=\"KLIMAVEX GROUP - \u010cesko\" \/>\n<meta property=\"article:publisher\" content=\"https:\/\/www.facebook.com\/klimavex.cz\" \/>\n<meta property=\"article:modified_time\" content=\"2026-04-28T12:49:10+00:00\" \/>\n<meta property=\"og:image\" content=\"https:\/\/klimavex.eu\/cz\/wp-content\/uploads\/2025\/09\/pKLAuDNCAypxrHx1QPCQ7bWdIy92jsR11wTLsuzeKD0-1.jpeg\" \/>\n\t<meta property=\"og:image:width\" content=\"683\" \/>\n\t<meta property=\"og:image:height\" content=\"512\" \/>\n\t<meta property=\"og:image:type\" content=\"image\/jpeg\" \/>\n<meta name=\"twitter:card\" content=\"summary_large_image\" \/>\n<script type=\"application\/ld+json\" class=\"yoast-schema-graph\">{\"@context\":\"https:\/\/schema.org\",\"@graph\":[{\"@type\":\"WebPage\",\"@id\":\"https:\/\/klimavex.eu\/cz\/katalog\/samsung-kazetova-klimatizace-windfree-mini-4-way-cassette-aj035\/\",\"url\":\"https:\/\/klimavex.eu\/cz\/katalog\/samsung-kazetova-klimatizace-windfree-mini-4-way-cassette-aj035\/\",\"name\":\"Klimatizace Samsung multisplit vnit\u0159n\u00ed kazetov\u00e1 WindFree Mini 4-Way Cassette AJ035 3,5kW - KLIMAVEX GROUP - \u010cesko\",\"isPartOf\":{\"@id\":\"https:\/\/klimavex.eu\/cz\/#website\"},\"primaryImageOfPage\":{\"@id\":\"https:\/\/klimavex.eu\/cz\/katalog\/samsung-kazetova-klimatizace-windfree-mini-4-way-cassette-aj035\/#primaryimage\"},\"image\":{\"@id\":\"https:\/\/klimavex.eu\/cz\/katalog\/samsung-kazetova-klimatizace-windfree-mini-4-way-cassette-aj035\/#primaryimage\"},\"thumbnailUrl\":\"https:\/\/klimavex.eu\/cz\/wp-content\/uploads\/2025\/09\/pKLAuDNCAypxrHx1QPCQ7bWdIy92jsR11wTLsuzeKD0-1.jpeg\",\"datePublished\":\"2026-04-28T12:49:05+00:00\",\"dateModified\":\"2026-04-28T12:49:10+00:00\",\"breadcrumb\":{\"@id\":\"https:\/\/klimavex.eu\/cz\/katalog\/samsung-kazetova-klimatizace-windfree-mini-4-way-cassette-aj035\/#breadcrumb\"},\"inLanguage\":\"cs\",\"potentialAction\":[{\"@type\":\"ReadAction\",\"target\":[\"https:\/\/klimavex.eu\/cz\/katalog\/samsung-kazetova-klimatizace-windfree-mini-4-way-cassette-aj035\/\"]}]},{\"@type\":\"ImageObject\",\"inLanguage\":\"cs\",\"@id\":\"https:\/\/klimavex.eu\/cz\/katalog\/samsung-kazetova-klimatizace-windfree-mini-4-way-cassette-aj035\/#primaryimage\",\"url\":\"https:\/\/klimavex.eu\/cz\/wp-content\/uploads\/2025\/09\/pKLAuDNCAypxrHx1QPCQ7bWdIy92jsR11wTLsuzeKD0-1.jpeg\",\"contentUrl\":\"https:\/\/klimavex.eu\/cz\/wp-content\/uploads\/2025\/09\/pKLAuDNCAypxrHx1QPCQ7bWdIy92jsR11wTLsuzeKD0-1.jpeg\",\"width\":683,\"height\":512},{\"@type\":\"BreadcrumbList\",\"@id\":\"https:\/\/klimavex.eu\/cz\/katalog\/samsung-kazetova-klimatizace-windfree-mini-4-way-cassette-aj035\/#breadcrumb\",\"itemListElement\":[{\"@type\":\"ListItem\",\"position\":1,\"name\":\"Domovsk\u00e1 str\u00e1nka\",\"item\":\"https:\/\/klimavex.eu\/cz\/\"},{\"@type\":\"ListItem\",\"position\":2,\"name\":\"Eshop\",\"item\":\"https:\/\/klimavex.eu\/cz\/eshop\/\"},{\"@type\":\"ListItem\",\"position\":3,\"name\":\"Samsung kazetov\u00e1 klimatizace WindFree Mini 4-Way Cassette AJ035\"}]},{\"@type\":\"WebSite\",\"@id\":\"https:\/\/klimavex.eu\/cz\/#website\",\"url\":\"https:\/\/klimavex.eu\/cz\/\",\"name\":\"KLIMAVEX GROUP - \u010cesko\",\"description\":\"\",\"publisher\":{\"@id\":\"https:\/\/klimavex.eu\/cz\/#organization\"},\"alternateName\":\"KLIMAVEX CZ a.s.\",\"potentialAction\":[{\"@type\":\"SearchAction\",\"target\":{\"@type\":\"EntryPoint\",\"urlTemplate\":\"https:\/\/klimavex.eu\/cz\/?s={search_term_string}\"},\"query-input\":{\"@type\":\"PropertyValueSpecification\",\"valueRequired\":true,\"valueName\":\"search_term_string\"}}],\"inLanguage\":\"cs\"},{\"@type\":\"Organization\",\"@id\":\"https:\/\/klimavex.eu\/cz\/#organization\",\"name\":\"KLIMAVEX GROUP\",\"alternateName\":\"KLIMAVEX\",\"url\":\"https:\/\/klimavex.eu\/cz\/\",\"logo\":{\"@type\":\"ImageObject\",\"inLanguage\":\"cs\",\"@id\":\"https:\/\/klimavex.eu\/cz\/#\/schema\/logo\/image\/\",\"url\":\"https:\/\/klimavex.eu\/cz\/wp-content\/uploads\/2024\/04\/Klimavex-Group-logo.png\",\"contentUrl\":\"https:\/\/klimavex.eu\/cz\/wp-content\/uploads\/2024\/04\/Klimavex-Group-logo.png\",\"width\":1681,\"height\":472,\"caption\":\"KLIMAVEX GROUP\"},\"image\":{\"@id\":\"https:\/\/klimavex.eu\/cz\/#\/schema\/logo\/image\/\"},\"sameAs\":[\"https:\/\/www.facebook.com\/klimavex.cz\",\"https:\/\/www.instagram.com\/klimavex_cz\/\"]}]}<\/script>\n<!-- \/ Yoast SEO plugin. -->","yoast_head_json":{"title":"Klimatizace Samsung multisplit vnit\u0159n\u00ed kazetov\u00e1 WindFree Mini 4-Way Cassette AJ035 3,5kW - KLIMAVEX GROUP - \u010cesko","robots":{"index":"index","follow":"follow","max-snippet":"max-snippet:-1","max-image-preview":"max-image-preview:large","max-video-preview":"max-video-preview:-1"},"canonical":"https:\/\/klimavex.eu\/cz\/katalog\/samsung-kazetova-klimatizace-windfree-mini-4-way-cassette-aj035\/","og_locale":"cs_CZ","og_type":"article","og_title":"Klimatizace Samsung multisplit vnit\u0159n\u00ed kazetov\u00e1 WindFree Mini 4-Way Cassette AJ035 3,5kW - KLIMAVEX GROUP - \u010cesko","og_description":"Samsung WindFreeTM Mini 4-Way Cassette je vysoce v&yacute;konn&aacute; \u010dty\u0159cestn&aacute; kazetov&aacute; klimatiza\u010dn&iacute; jednotka pro multisplit zapojen&iacute;. Klimatizace disponuje v&nbsp;panelu vnit\u0159n&iacute; jednotky tis&iacute;ci mikrootvory, kter&yacute;mi p\u0159&iacute;jemn\u011b ochlazen&yacute; vzduch pomalu pronik&aacute; do prostoru jemn&yacute;m proud\u011bn&iacute;m. Je tak zaji&scaron;t\u011bno chlazen&iacute; m&iacute;stnosti bez pocitu nep\u0159&iacute;jemn&eacute;ho studen&eacute;ho pr\u016fvanu. Pro p\u0159&iacute;pad nutnosti ochladit prostor v&nbsp;co nejkrat&scaron;&iacute;m \u010dase slou\u017e&iacute; re\u017eim Rychl&eacute; chlazen&iacute;. Nez&aacute;visl&eacute; nastaven&iacute; jednotliv&yacute;ch lamel umo\u017e\u0148uje zlep&scaron;en&iacute; cirkulace vzduchu po cel&eacute; m&iacute;stnosti.","og_url":"https:\/\/klimavex.eu\/cz\/katalog\/samsung-kazetova-klimatizace-windfree-mini-4-way-cassette-aj035\/","og_site_name":"KLIMAVEX GROUP - \u010cesko","article_publisher":"https:\/\/www.facebook.com\/klimavex.cz","article_modified_time":"2026-04-28T12:49:10+00:00","og_image":[{"width":683,"height":512,"url":"https:\/\/klimavex.eu\/cz\/wp-content\/uploads\/2025\/09\/pKLAuDNCAypxrHx1QPCQ7bWdIy92jsR11wTLsuzeKD0-1.jpeg","type":"image\/jpeg"}],"twitter_card":"summary_large_image","schema":{"@context":"https:\/\/schema.org","@graph":[{"@type":"WebPage","@id":"https:\/\/klimavex.eu\/cz\/katalog\/samsung-kazetova-klimatizace-windfree-mini-4-way-cassette-aj035\/","url":"https:\/\/klimavex.eu\/cz\/katalog\/samsung-kazetova-klimatizace-windfree-mini-4-way-cassette-aj035\/","name":"Klimatizace Samsung multisplit vnit\u0159n\u00ed kazetov\u00e1 WindFree Mini 4-Way Cassette AJ035 3,5kW - KLIMAVEX GROUP - \u010cesko","isPartOf":{"@id":"https:\/\/klimavex.eu\/cz\/#website"},"primaryImageOfPage":{"@id":"https:\/\/klimavex.eu\/cz\/katalog\/samsung-kazetova-klimatizace-windfree-mini-4-way-cassette-aj035\/#primaryimage"},"image":{"@id":"https:\/\/klimavex.eu\/cz\/katalog\/samsung-kazetova-klimatizace-windfree-mini-4-way-cassette-aj035\/#primaryimage"},"thumbnailUrl":"https:\/\/klimavex.eu\/cz\/wp-content\/uploads\/2025\/09\/pKLAuDNCAypxrHx1QPCQ7bWdIy92jsR11wTLsuzeKD0-1.jpeg","datePublished":"2026-04-28T12:49:05+00:00","dateModified":"2026-04-28T12:49:10+00:00","breadcrumb":{"@id":"https:\/\/klimavex.eu\/cz\/katalog\/samsung-kazetova-klimatizace-windfree-mini-4-way-cassette-aj035\/#breadcrumb"},"inLanguage":"cs","potentialAction":[{"@type":"ReadAction","target":["https:\/\/klimavex.eu\/cz\/katalog\/samsung-kazetova-klimatizace-windfree-mini-4-way-cassette-aj035\/"]}]},{"@type":"ImageObject","inLanguage":"cs","@id":"https:\/\/klimavex.eu\/cz\/katalog\/samsung-kazetova-klimatizace-windfree-mini-4-way-cassette-aj035\/#primaryimage","url":"https:\/\/klimavex.eu\/cz\/wp-content\/uploads\/2025\/09\/pKLAuDNCAypxrHx1QPCQ7bWdIy92jsR11wTLsuzeKD0-1.jpeg","contentUrl":"https:\/\/klimavex.eu\/cz\/wp-content\/uploads\/2025\/09\/pKLAuDNCAypxrHx1QPCQ7bWdIy92jsR11wTLsuzeKD0-1.jpeg","width":683,"height":512},{"@type":"BreadcrumbList","@id":"https:\/\/klimavex.eu\/cz\/katalog\/samsung-kazetova-klimatizace-windfree-mini-4-way-cassette-aj035\/#breadcrumb","itemListElement":[{"@type":"ListItem","position":1,"name":"Domovsk\u00e1 str\u00e1nka","item":"https:\/\/klimavex.eu\/cz\/"},{"@type":"ListItem","position":2,"name":"Eshop","item":"https:\/\/klimavex.eu\/cz\/eshop\/"},{"@type":"ListItem","position":3,"name":"Samsung kazetov\u00e1 klimatizace WindFree Mini 4-Way Cassette AJ035"}]},{"@type":"WebSite","@id":"https:\/\/klimavex.eu\/cz\/#website","url":"https:\/\/klimavex.eu\/cz\/","name":"KLIMAVEX GROUP - \u010cesko","description":"","publisher":{"@id":"https:\/\/klimavex.eu\/cz\/#organization"},"alternateName":"KLIMAVEX CZ a.s.","potentialAction":[{"@type":"SearchAction","target":{"@type":"EntryPoint","urlTemplate":"https:\/\/klimavex.eu\/cz\/?s={search_term_string}"},"query-input":{"@type":"PropertyValueSpecification","valueRequired":true,"valueName":"search_term_string"}}],"inLanguage":"cs"},{"@type":"Organization","@id":"https:\/\/klimavex.eu\/cz\/#organization","name":"KLIMAVEX GROUP","alternateName":"KLIMAVEX","url":"https:\/\/klimavex.eu\/cz\/","logo":{"@type":"ImageObject","inLanguage":"cs","@id":"https:\/\/klimavex.eu\/cz\/#\/schema\/logo\/image\/","url":"https:\/\/klimavex.eu\/cz\/wp-content\/uploads\/2024\/04\/Klimavex-Group-logo.png","contentUrl":"https:\/\/klimavex.eu\/cz\/wp-content\/uploads\/2024\/04\/Klimavex-Group-logo.png","width":1681,"height":472,"caption":"KLIMAVEX GROUP"},"image":{"@id":"https:\/\/klimavex.eu\/cz\/#\/schema\/logo\/image\/"},"sameAs":["https:\/\/www.facebook.com\/klimavex.cz","https:\/\/www.instagram.com\/klimavex_cz\/"]}]}},"_links":{"self":[{"href":"https:\/\/klimavex.eu\/cz\/wp-json\/wp\/v2\/product\/542895","targetHints":{"allow":["GET"]}}],"collection":[{"href":"https:\/\/klimavex.eu\/cz\/wp-json\/wp\/v2\/product"}],"about":[{"href":"https:\/\/klimavex.eu\/cz\/wp-json\/wp\/v2\/types\/product"}],"version-history":[{"count":0,"href":"https:\/\/klimavex.eu\/cz\/wp-json\/wp\/v2\/product\/542895\/revisions"}],"wp:featuredmedia":[{"embeddable":true,"href":"https:\/\/klimavex.eu\/cz\/wp-json\/wp\/v2\/media\/547270"}],"wp:attachment":[{"href":"https:\/\/klimavex.eu\/cz\/wp-json\/wp\/v2\/media?parent=542895"}],"wp:term":[{"taxonomy":"product_cat","embeddable":true,"href":"https:\/\/klimavex.eu\/cz\/wp-json\/wp\/v2\/product_cat?post=542895"},{"taxonomy":"product_tag","embeddable":true,"href":"https:\/\/klimavex.eu\/cz\/wp-json\/wp\/v2\/product_tag?post=542895"}],"curies":[{"name":"wp","href":"https:\/\/api.w.org\/{rel}","templated":true}]}}