{"id":542914,"date":"2026-03-31T18:21:15","date_gmt":"2026-03-31T16:21:15","guid":{"rendered":"https:\/\/klimavex.eu\/cz\/katalog\/samsung-nastenna-klimatizace-luzon-ar24\/"},"modified":"2026-03-31T18:21:24","modified_gmt":"2026-03-31T16:21:24","slug":"samsung-nastenna-klimatizace-luzon-ar24","status":"publish","type":"product","link":"https:\/\/klimavex.eu\/cz\/katalog\/samsung-nastenna-klimatizace-luzon-ar24\/","title":{"rendered":"Samsung n\u00e1st\u011bnn\u00e1 klimatizace Luzon AR24"},"content":{"rendered":"<p><span style=\"font-size:11pt\"><span style=\"font-family:Calibri,sans-serif\"><strong>Kl&iacute;\u010dov&eacute; vlastnosti<\/strong><\/span><\/span><\/p>\n<ul>\n<li><span style=\"font-size:11pt\"><span style=\"font-family:Calibri,sans-serif\">Energetick&aacute; t\u0159&iacute;da A++ v&nbsp;re\u017eimu chlazen&iacute;, a\u017e A+ v&nbsp;re\u017eimu topen&iacute;<\/span><\/span><\/li>\n<li><span style=\"font-size:11pt\"><span style=\"font-family:Calibri,sans-serif\">Tich&yacute; provoz &ndash; od 19 dB(A)<\/span><\/span><\/li>\n<li><span style=\"font-size:11pt\"><span style=\"font-family:Calibri,sans-serif\">Rychl&eacute; chlazen&iacute; &ndash; chlad&iacute; rychleji a do v&scaron;ech sm\u011br\u016f i v\u011bt&scaron;&iacute;ch prostor<\/span><\/span><\/li>\n<li><span style=\"font-size:11pt\"><span style=\"font-family:Calibri,sans-serif\">Auto Clean &ndash; klimatizace se sama automaticky vy\u010dist&iacute;<\/span><\/span><\/li>\n<li><span style=\"font-size:11pt\"><span style=\"font-family:Calibri,sans-serif\">Easy Filter Plus &ndash; antibakteri&aacute;ln&iacute; filtr, kter&yacute; se snadno \u010dist&iacute;<\/span><\/span><\/li>\n<li><span style=\"font-size:11pt\"><span style=\"font-family:Calibri,sans-serif\">DuraFin&trade; Plus &ndash; p\u0159edch&aacute;z&iacute; korozi, pro klimatizaci s&nbsp;dlouhou \u017eivotnost&iacute;<\/span><\/span><\/li>\n<li><span style=\"font-size:11pt\"><span style=\"font-family:Calibri,sans-serif\">Chladivo R32 &ndash; chladivo &scaron;etrn&eacute; k&nbsp;\u017eivotn&iacute;mu prost\u0159ed&iacute;<\/span><\/span><\/li>\n<li><span style=\"font-size:11pt\"><span style=\"font-family:Calibri,sans-serif\">ECO Mode &ndash; efektivn&iacute; chlazen&iacute;, sn&iacute;\u017een&aacute; spot\u0159eba energie, ni\u017e&scaron;&iacute; n&aacute;klady<\/span><\/span><\/li>\n<li><span style=\"font-size:11pt\"><span style=\"font-family:Calibri,sans-serif\">Good Sleep &ndash; re\u017eim kontroluj&iacute;c&iacute; teplotu m&iacute;stnosti pro zaji&scaron;t\u011bn&iacute; dobr&eacute;ho sp&aacute;nku<\/span><\/span><\/li>\n<li><span style=\"font-size:11pt\"><span style=\"font-family:Calibri,sans-serif\">D&aacute;lkov&yacute; ovlada\u010d v balen&iacute;<\/span><\/span><\/li>\n<\/ul>\n","protected":false},"excerpt":{"rendered":"<p style=\"text-align:justify\"><span style=\"font-size:11pt\"><span style=\"font-family:Calibri,sans-serif\"><strong>Samsung Luzon<\/strong> je n&aacute;st\u011bnn&aacute; split klimatizace vhodn&aacute; p\u0159edev&scaron;&iacute;m <strong>pro pot\u0159eby dom&aacute;cnost&iacute;<\/strong> \u010di tak&eacute; kancel&aacute;\u0159&iacute;. Dok&aacute;\u017ee nejen chladit, ale tak&eacute; topit. Jedn&aacute; se o klimatizaci disponuj&iacute;c&iacute; mnoh&yacute;mi zaj&iacute;mav&yacute;mi funkcemi, mezi n\u011b\u017e pat\u0159&iacute; <strong>Easy Filter Plus<\/strong>, <strong>Rychl&eacute; chlazen&iacute;<\/strong> \u010di <strong>ECO Mode<\/strong>. Jednotky s&nbsp;decentn&iacute;m b&iacute;l&yacute;m designem nab&iacute;z&iacute; energetickou &uacute;\u010dinnost A++ v&nbsp;re\u017eimu chlazen&iacute; a a\u017e A+ v&nbsp;re\u017eimu topen&iacute;. U\u017e&iacute;v&aacute; se ekologick&eacute; <strong>chladivo R32<\/strong>.<\/span><\/span><\/p>\n","protected":false},"featured_media":547309,"template":"","meta":[],"product_cat":[10781,10782,10769],"product_tag":[],"class_list":{"0":"post-542914","1":"product","2":"type-product","3":"status-publish","4":"has-post-thumbnail","6":"product_cat-klimatizace-archivovane-produkty","7":"product_cat-archivovane-produkty-klimatizace","8":"product_cat-archivovane-produkty","9":"pa_barva-vnitrni-jednotky-bila","10":"pa_chlad-do-von-tep-c-do-10c","11":"pa_chladici-vykon-11928","12":"pa_energeticka-trida-scop-a","13":"pa_energeticka-trida-seer-aplusplus","14":"pa_filtrace-vzduchu-easy-filter-plus","15":"pa_hlucnost-vnitrni-jednotky-11927","16":"pa_label-archivovany","17":"pa_napajeni-1f-230v","18":"pa_prikon-chlazeni-11930","19":"pa_prikon-vytapeni-11926","20":"pa_provedeni-nastenny-split","21":"pa_topny-vykon-12079","22":"pa_typ-chladiva-r32","23":"pa_vyk-do-von-tepl-c-do-15-c","24":"pa_vykonovy-model-11430","25":"pa_znacka-samsung","27":"first","28":"outofstock","29":"taxable","30":"shipping-taxable","31":"purchasable","32":"product-type-simple"},"yoast_head":"<!-- This site is optimized with the Yoast SEO plugin v23.9 - https:\/\/yoast.com\/wordpress\/plugins\/seo\/ -->\n<title>Samsung n\u00e1st\u011bnn\u00e1 klimatizace Luzon AR24 - KLIMAVEX GROUP - \u010cesko<\/title>\n<meta name=\"robots\" content=\"index, follow, max-snippet:-1, max-image-preview:large, max-video-preview:-1\" \/>\n<link rel=\"canonical\" href=\"https:\/\/klimavex.eu\/cz\/katalog\/samsung-nastenna-klimatizace-luzon-ar24\/\" \/>\n<meta property=\"og:locale\" content=\"cs_CZ\" \/>\n<meta property=\"og:type\" content=\"article\" \/>\n<meta property=\"og:title\" content=\"Samsung n\u00e1st\u011bnn\u00e1 klimatizace Luzon AR24 - KLIMAVEX GROUP - \u010cesko\" \/>\n<meta property=\"og:description\" content=\"Samsung Luzon je n&aacute;st\u011bnn&aacute; split klimatizace vhodn&aacute; p\u0159edev&scaron;&iacute;m pro pot\u0159eby dom&aacute;cnost&iacute; \u010di tak&eacute; kancel&aacute;\u0159&iacute;. Dok&aacute;\u017ee nejen chladit, ale tak&eacute; topit. Jedn&aacute; se o klimatizaci disponuj&iacute;c&iacute; mnoh&yacute;mi zaj&iacute;mav&yacute;mi funkcemi, mezi n\u011b\u017e pat\u0159&iacute; Easy Filter Plus, Rychl&eacute; chlazen&iacute; \u010di ECO Mode. Jednotky s&nbsp;decentn&iacute;m b&iacute;l&yacute;m designem nab&iacute;z&iacute; energetickou &uacute;\u010dinnost A++ v&nbsp;re\u017eimu chlazen&iacute; a a\u017e A+ v&nbsp;re\u017eimu topen&iacute;. U\u017e&iacute;v&aacute; se ekologick&eacute; chladivo R32.\" \/>\n<meta property=\"og:url\" content=\"https:\/\/klimavex.eu\/cz\/katalog\/samsung-nastenna-klimatizace-luzon-ar24\/\" \/>\n<meta property=\"og:site_name\" content=\"KLIMAVEX GROUP - \u010cesko\" \/>\n<meta property=\"article:publisher\" content=\"https:\/\/www.facebook.com\/klimavex.cz\" \/>\n<meta property=\"article:modified_time\" content=\"2026-03-31T16:21:24+00:00\" \/>\n<meta property=\"og:image\" content=\"https:\/\/klimavex.eu\/cz\/wp-content\/uploads\/2025\/09\/IJvYsuLa4VYayocxTbdfrbK8venRXMh6OPiANRznUQc-3.png\" \/>\n\t<meta property=\"og:image:width\" content=\"512\" \/>\n\t<meta property=\"og:image:height\" content=\"512\" \/>\n\t<meta property=\"og:image:type\" content=\"image\/png\" \/>\n<meta name=\"twitter:card\" content=\"summary_large_image\" \/>\n<meta name=\"twitter:label1\" content=\"Odhadovan\u00e1 doba \u010dten\u00ed\" \/>\n\t<meta name=\"twitter:data1\" content=\"1 minuta\" \/>\n<script type=\"application\/ld+json\" class=\"yoast-schema-graph\">{\"@context\":\"https:\/\/schema.org\",\"@graph\":[{\"@type\":\"WebPage\",\"@id\":\"https:\/\/klimavex.eu\/cz\/katalog\/samsung-nastenna-klimatizace-luzon-ar24\/\",\"url\":\"https:\/\/klimavex.eu\/cz\/katalog\/samsung-nastenna-klimatizace-luzon-ar24\/\",\"name\":\"Samsung n\u00e1st\u011bnn\u00e1 klimatizace Luzon AR24 - KLIMAVEX GROUP - \u010cesko\",\"isPartOf\":{\"@id\":\"https:\/\/klimavex.eu\/cz\/#website\"},\"primaryImageOfPage\":{\"@id\":\"https:\/\/klimavex.eu\/cz\/katalog\/samsung-nastenna-klimatizace-luzon-ar24\/#primaryimage\"},\"image\":{\"@id\":\"https:\/\/klimavex.eu\/cz\/katalog\/samsung-nastenna-klimatizace-luzon-ar24\/#primaryimage\"},\"thumbnailUrl\":\"https:\/\/klimavex.eu\/cz\/wp-content\/uploads\/2025\/09\/IJvYsuLa4VYayocxTbdfrbK8venRXMh6OPiANRznUQc-3.png\",\"datePublished\":\"2026-03-31T16:21:15+00:00\",\"dateModified\":\"2026-03-31T16:21:24+00:00\",\"breadcrumb\":{\"@id\":\"https:\/\/klimavex.eu\/cz\/katalog\/samsung-nastenna-klimatizace-luzon-ar24\/#breadcrumb\"},\"inLanguage\":\"cs\",\"potentialAction\":[{\"@type\":\"ReadAction\",\"target\":[\"https:\/\/klimavex.eu\/cz\/katalog\/samsung-nastenna-klimatizace-luzon-ar24\/\"]}]},{\"@type\":\"ImageObject\",\"inLanguage\":\"cs\",\"@id\":\"https:\/\/klimavex.eu\/cz\/katalog\/samsung-nastenna-klimatizace-luzon-ar24\/#primaryimage\",\"url\":\"https:\/\/klimavex.eu\/cz\/wp-content\/uploads\/2025\/09\/IJvYsuLa4VYayocxTbdfrbK8venRXMh6OPiANRznUQc-3.png\",\"contentUrl\":\"https:\/\/klimavex.eu\/cz\/wp-content\/uploads\/2025\/09\/IJvYsuLa4VYayocxTbdfrbK8venRXMh6OPiANRznUQc-3.png\",\"width\":512,\"height\":512},{\"@type\":\"BreadcrumbList\",\"@id\":\"https:\/\/klimavex.eu\/cz\/katalog\/samsung-nastenna-klimatizace-luzon-ar24\/#breadcrumb\",\"itemListElement\":[{\"@type\":\"ListItem\",\"position\":1,\"name\":\"Domovsk\u00e1 str\u00e1nka\",\"item\":\"https:\/\/klimavex.eu\/cz\/\"},{\"@type\":\"ListItem\",\"position\":2,\"name\":\"Eshop\",\"item\":\"https:\/\/klimavex.eu\/cz\/eshop\/\"},{\"@type\":\"ListItem\",\"position\":3,\"name\":\"Samsung n\u00e1st\u011bnn\u00e1 klimatizace Luzon AR24\"}]},{\"@type\":\"WebSite\",\"@id\":\"https:\/\/klimavex.eu\/cz\/#website\",\"url\":\"https:\/\/klimavex.eu\/cz\/\",\"name\":\"KLIMAVEX GROUP - \u010cesko\",\"description\":\"\",\"publisher\":{\"@id\":\"https:\/\/klimavex.eu\/cz\/#organization\"},\"alternateName\":\"KLIMAVEX CZ a.s.\",\"potentialAction\":[{\"@type\":\"SearchAction\",\"target\":{\"@type\":\"EntryPoint\",\"urlTemplate\":\"https:\/\/klimavex.eu\/cz\/?s={search_term_string}\"},\"query-input\":{\"@type\":\"PropertyValueSpecification\",\"valueRequired\":true,\"valueName\":\"search_term_string\"}}],\"inLanguage\":\"cs\"},{\"@type\":\"Organization\",\"@id\":\"https:\/\/klimavex.eu\/cz\/#organization\",\"name\":\"KLIMAVEX GROUP\",\"alternateName\":\"KLIMAVEX\",\"url\":\"https:\/\/klimavex.eu\/cz\/\",\"logo\":{\"@type\":\"ImageObject\",\"inLanguage\":\"cs\",\"@id\":\"https:\/\/klimavex.eu\/cz\/#\/schema\/logo\/image\/\",\"url\":\"https:\/\/klimavex.eu\/cz\/wp-content\/uploads\/2024\/04\/Klimavex-Group-logo.png\",\"contentUrl\":\"https:\/\/klimavex.eu\/cz\/wp-content\/uploads\/2024\/04\/Klimavex-Group-logo.png\",\"width\":1681,\"height\":472,\"caption\":\"KLIMAVEX GROUP\"},\"image\":{\"@id\":\"https:\/\/klimavex.eu\/cz\/#\/schema\/logo\/image\/\"},\"sameAs\":[\"https:\/\/www.facebook.com\/klimavex.cz\",\"https:\/\/www.instagram.com\/klimavex_cz\/\"]}]}<\/script>\n<!-- \/ Yoast SEO plugin. -->","yoast_head_json":{"title":"Samsung n\u00e1st\u011bnn\u00e1 klimatizace Luzon AR24 - KLIMAVEX GROUP - \u010cesko","robots":{"index":"index","follow":"follow","max-snippet":"max-snippet:-1","max-image-preview":"max-image-preview:large","max-video-preview":"max-video-preview:-1"},"canonical":"https:\/\/klimavex.eu\/cz\/katalog\/samsung-nastenna-klimatizace-luzon-ar24\/","og_locale":"cs_CZ","og_type":"article","og_title":"Samsung n\u00e1st\u011bnn\u00e1 klimatizace Luzon AR24 - KLIMAVEX GROUP - \u010cesko","og_description":"Samsung Luzon je n&aacute;st\u011bnn&aacute; split klimatizace vhodn&aacute; p\u0159edev&scaron;&iacute;m pro pot\u0159eby dom&aacute;cnost&iacute; \u010di tak&eacute; kancel&aacute;\u0159&iacute;. Dok&aacute;\u017ee nejen chladit, ale tak&eacute; topit. Jedn&aacute; se o klimatizaci disponuj&iacute;c&iacute; mnoh&yacute;mi zaj&iacute;mav&yacute;mi funkcemi, mezi n\u011b\u017e pat\u0159&iacute; Easy Filter Plus, Rychl&eacute; chlazen&iacute; \u010di ECO Mode. Jednotky s&nbsp;decentn&iacute;m b&iacute;l&yacute;m designem nab&iacute;z&iacute; energetickou &uacute;\u010dinnost A++ v&nbsp;re\u017eimu chlazen&iacute; a a\u017e A+ v&nbsp;re\u017eimu topen&iacute;. U\u017e&iacute;v&aacute; se ekologick&eacute; chladivo R32.","og_url":"https:\/\/klimavex.eu\/cz\/katalog\/samsung-nastenna-klimatizace-luzon-ar24\/","og_site_name":"KLIMAVEX GROUP - \u010cesko","article_publisher":"https:\/\/www.facebook.com\/klimavex.cz","article_modified_time":"2026-03-31T16:21:24+00:00","og_image":[{"width":512,"height":512,"url":"https:\/\/klimavex.eu\/cz\/wp-content\/uploads\/2025\/09\/IJvYsuLa4VYayocxTbdfrbK8venRXMh6OPiANRznUQc-3.png","type":"image\/png"}],"twitter_card":"summary_large_image","twitter_misc":{"Odhadovan\u00e1 doba \u010dten\u00ed":"1 minuta"},"schema":{"@context":"https:\/\/schema.org","@graph":[{"@type":"WebPage","@id":"https:\/\/klimavex.eu\/cz\/katalog\/samsung-nastenna-klimatizace-luzon-ar24\/","url":"https:\/\/klimavex.eu\/cz\/katalog\/samsung-nastenna-klimatizace-luzon-ar24\/","name":"Samsung n\u00e1st\u011bnn\u00e1 klimatizace Luzon AR24 - KLIMAVEX GROUP - \u010cesko","isPartOf":{"@id":"https:\/\/klimavex.eu\/cz\/#website"},"primaryImageOfPage":{"@id":"https:\/\/klimavex.eu\/cz\/katalog\/samsung-nastenna-klimatizace-luzon-ar24\/#primaryimage"},"image":{"@id":"https:\/\/klimavex.eu\/cz\/katalog\/samsung-nastenna-klimatizace-luzon-ar24\/#primaryimage"},"thumbnailUrl":"https:\/\/klimavex.eu\/cz\/wp-content\/uploads\/2025\/09\/IJvYsuLa4VYayocxTbdfrbK8venRXMh6OPiANRznUQc-3.png","datePublished":"2026-03-31T16:21:15+00:00","dateModified":"2026-03-31T16:21:24+00:00","breadcrumb":{"@id":"https:\/\/klimavex.eu\/cz\/katalog\/samsung-nastenna-klimatizace-luzon-ar24\/#breadcrumb"},"inLanguage":"cs","potentialAction":[{"@type":"ReadAction","target":["https:\/\/klimavex.eu\/cz\/katalog\/samsung-nastenna-klimatizace-luzon-ar24\/"]}]},{"@type":"ImageObject","inLanguage":"cs","@id":"https:\/\/klimavex.eu\/cz\/katalog\/samsung-nastenna-klimatizace-luzon-ar24\/#primaryimage","url":"https:\/\/klimavex.eu\/cz\/wp-content\/uploads\/2025\/09\/IJvYsuLa4VYayocxTbdfrbK8venRXMh6OPiANRznUQc-3.png","contentUrl":"https:\/\/klimavex.eu\/cz\/wp-content\/uploads\/2025\/09\/IJvYsuLa4VYayocxTbdfrbK8venRXMh6OPiANRznUQc-3.png","width":512,"height":512},{"@type":"BreadcrumbList","@id":"https:\/\/klimavex.eu\/cz\/katalog\/samsung-nastenna-klimatizace-luzon-ar24\/#breadcrumb","itemListElement":[{"@type":"ListItem","position":1,"name":"Domovsk\u00e1 str\u00e1nka","item":"https:\/\/klimavex.eu\/cz\/"},{"@type":"ListItem","position":2,"name":"Eshop","item":"https:\/\/klimavex.eu\/cz\/eshop\/"},{"@type":"ListItem","position":3,"name":"Samsung n\u00e1st\u011bnn\u00e1 klimatizace Luzon AR24"}]},{"@type":"WebSite","@id":"https:\/\/klimavex.eu\/cz\/#website","url":"https:\/\/klimavex.eu\/cz\/","name":"KLIMAVEX GROUP - \u010cesko","description":"","publisher":{"@id":"https:\/\/klimavex.eu\/cz\/#organization"},"alternateName":"KLIMAVEX CZ a.s.","potentialAction":[{"@type":"SearchAction","target":{"@type":"EntryPoint","urlTemplate":"https:\/\/klimavex.eu\/cz\/?s={search_term_string}"},"query-input":{"@type":"PropertyValueSpecification","valueRequired":true,"valueName":"search_term_string"}}],"inLanguage":"cs"},{"@type":"Organization","@id":"https:\/\/klimavex.eu\/cz\/#organization","name":"KLIMAVEX GROUP","alternateName":"KLIMAVEX","url":"https:\/\/klimavex.eu\/cz\/","logo":{"@type":"ImageObject","inLanguage":"cs","@id":"https:\/\/klimavex.eu\/cz\/#\/schema\/logo\/image\/","url":"https:\/\/klimavex.eu\/cz\/wp-content\/uploads\/2024\/04\/Klimavex-Group-logo.png","contentUrl":"https:\/\/klimavex.eu\/cz\/wp-content\/uploads\/2024\/04\/Klimavex-Group-logo.png","width":1681,"height":472,"caption":"KLIMAVEX GROUP"},"image":{"@id":"https:\/\/klimavex.eu\/cz\/#\/schema\/logo\/image\/"},"sameAs":["https:\/\/www.facebook.com\/klimavex.cz","https:\/\/www.instagram.com\/klimavex_cz\/"]}]}},"_links":{"self":[{"href":"https:\/\/klimavex.eu\/cz\/wp-json\/wp\/v2\/product\/542914","targetHints":{"allow":["GET"]}}],"collection":[{"href":"https:\/\/klimavex.eu\/cz\/wp-json\/wp\/v2\/product"}],"about":[{"href":"https:\/\/klimavex.eu\/cz\/wp-json\/wp\/v2\/types\/product"}],"version-history":[{"count":0,"href":"https:\/\/klimavex.eu\/cz\/wp-json\/wp\/v2\/product\/542914\/revisions"}],"wp:featuredmedia":[{"embeddable":true,"href":"https:\/\/klimavex.eu\/cz\/wp-json\/wp\/v2\/media\/547309"}],"wp:attachment":[{"href":"https:\/\/klimavex.eu\/cz\/wp-json\/wp\/v2\/media?parent=542914"}],"wp:term":[{"taxonomy":"product_cat","embeddable":true,"href":"https:\/\/klimavex.eu\/cz\/wp-json\/wp\/v2\/product_cat?post=542914"},{"taxonomy":"product_tag","embeddable":true,"href":"https:\/\/klimavex.eu\/cz\/wp-json\/wp\/v2\/product_tag?post=542914"}],"curies":[{"name":"wp","href":"https:\/\/api.w.org\/{rel}","templated":true}]}}