{"id":542930,"date":"2026-04-27T22:50:56","date_gmt":"2026-04-27T20:50:56","guid":{"rendered":"https:\/\/klimavex.eu\/cz\/katalog\/hyundai-potrubni-klimatizace-hcd-12\/"},"modified":"2026-04-27T22:51:34","modified_gmt":"2026-04-27T20:51:34","slug":"klimatizace-hyundai-split-potrubni-hcd-12-r32-230v-35kw","status":"publish","type":"product","link":"https:\/\/klimavex.eu\/cz\/katalog\/klimatizace-hyundai-split-potrubni-hcd-12-r32-230v-35kw\/","title":{"rendered":"Klimatizace Hyundai split potrubn\u00ed HCD 12 R32 230V 3,5kW"},"content":{"rendered":"<p style=\"text-align: justify;\"><strong>Kl&iacute;\u010dov&eacute; vlastnosti<\/strong><\/p>\n<ul>\n<li style=\"text-align: justify;\">Skryt&aacute; instalace do fale&scaron;n&eacute;ho stropu<\/li>\n<li style=\"text-align: justify;\">Flexibiln&iacute; p\u0159ipojen&iacute; s&aacute;n&iacute; vzduchu (zezadu nebo zdola)<\/li>\n<li style=\"text-align: justify;\">N&aacute;st\u011bnn&yacute; ovlada\u010d s&nbsp;WiFi (standard)<\/li>\n<li style=\"text-align: justify;\">Zabudovan&eacute; \u010derpadlo kondenz&aacute;tu (750 mm)<\/li>\n<li style=\"text-align: justify;\">Energetick&aacute; t\u0159&iacute;da A++<\/li>\n<li style=\"text-align: justify;\">Vyt&aacute;p\u011bn&iacute; -25&deg;C a\u017e +24&deg;C venkovn&iacute; teploty<\/li>\n<li style=\"text-align: justify;\">Chlazen&iacute; -15&deg;C a\u017e +50&deg;C venkovn&iacute; teploty<\/li>\n<li style=\"text-align: justify;\">Zabudovan&yacute; oh\u0159ev kompresoru a vany venkovn&iacute; jednotky<\/li>\n<li style=\"text-align: justify;\">Extern&iacute; statick&yacute; tlak nom (min-max) 50 Pa (0 Pa &#8211; 160 Pa)<\/li>\n<li style=\"text-align: justify;\">Vzduchov&yacute; filtr na s&aacute;n&iacute;<\/li>\n<\/ul>\n","protected":false},"excerpt":{"rendered":"<p style=\"text-align: justify;\"><strong>Hyundai HCD <\/strong>je <strong>potrubn&iacute; klimatizace <\/strong>ur\u010den&aacute; pro skrytou instalaci do fale&scaron;n&eacute;ho stropu. D&iacute;ky <strong>flexibiln&iacute;mu p\u0159ipojen&iacute; s&aacute;n&iacute; vzduchu (zezadu nebo zdola) <\/strong>a zabudovan&eacute;mu \u010derpadlu kondenz&aacute;tu se snadno p\u0159izp\u016fsob&iacute; instala\u010dn&iacute;m pot\u0159eb&aacute;m. Dosahuje energetickou t\u0159&iacute;du A++. Umo\u017e\u0148uje <strong>vyt&aacute;p\u011bn&iacute; a\u017e do -25 &deg;C a chlazen&iacute; a\u017e do +50 &deg;C venkovn&iacute; teploty.<\/strong><\/p>\n","protected":false},"featured_media":547363,"template":"","meta":[],"product_cat":[7657,7681,7659,7547,7668,10744],"product_tag":[],"class_list":{"0":"post-542930","1":"product","2":"type-product","3":"status-publish","4":"has-post-thumbnail","6":"product_cat-podle-znacky","7":"product_cat-hyundai","8":"product_cat-podle-typu","9":"product_cat-klimatizace","10":"product_cat-potrubni-podle-typu","11":"product_cat-potrubni-hcd","12":"pa_chlad-do-von-tep-c-15c","13":"pa_chladici-vykon-11526","14":"pa_energeticka-trida-scop-41-a","15":"pa_energeticka-trida-seer-65-a","16":"pa_extra-funkce-cerpadlo-kondenzatu","17":"pa_filtrace-vzduchu-standard","18":"pa_hlucnost-vnitrni-jednotky-12408","19":"pa_napajeni-1f-230v","20":"pa_prikon-chlazeni-11965","21":"pa_prikon-vytapeni-14315","22":"pa_provedeni-potrubni-split","23":"pa_topny-vykon-11527","24":"pa_typ-chladiva-r32","25":"pa_vyk-do-von-tepl-c-25c","26":"pa_vykonovy-model-11442","27":"pa_znacka-hyundai","29":"first","30":"instock","31":"taxable","32":"shipping-taxable","33":"purchasable","34":"product-type-simple"},"yoast_head":"<!-- This site is optimized with the Yoast SEO plugin v23.9 - https:\/\/yoast.com\/wordpress\/plugins\/seo\/ -->\n<title>Klimatizace Hyundai split potrubn\u00ed HCD 12 R32 230V 3,5kW - KLIMAVEX GROUP - \u010cesko<\/title>\n<meta name=\"robots\" content=\"index, follow, max-snippet:-1, max-image-preview:large, max-video-preview:-1\" \/>\n<link rel=\"canonical\" href=\"https:\/\/klimavex.eu\/cz\/katalog\/hyundai-potrubni-klimatizace-hcd-12\/\" \/>\n<meta property=\"og:locale\" content=\"cs_CZ\" \/>\n<meta property=\"og:type\" content=\"article\" \/>\n<meta property=\"og:title\" content=\"Klimatizace Hyundai split potrubn\u00ed HCD 12 R32 230V 3,5kW - KLIMAVEX GROUP - \u010cesko\" \/>\n<meta property=\"og:description\" content=\"Hyundai HCD je potrubn&iacute; klimatizace ur\u010den&aacute; pro skrytou instalaci do fale&scaron;n&eacute;ho stropu. D&iacute;ky flexibiln&iacute;mu p\u0159ipojen&iacute; s&aacute;n&iacute; vzduchu (zezadu nebo zdola) a zabudovan&eacute;mu \u010derpadlu kondenz&aacute;tu se snadno p\u0159izp\u016fsob&iacute; instala\u010dn&iacute;m pot\u0159eb&aacute;m. Dosahuje energetickou t\u0159&iacute;du A++. Umo\u017e\u0148uje vyt&aacute;p\u011bn&iacute; a\u017e do -25 &deg;C a chlazen&iacute; a\u017e do +50 &deg;C venkovn&iacute; teploty.\" \/>\n<meta property=\"og:url\" content=\"https:\/\/klimavex.eu\/cz\/katalog\/hyundai-potrubni-klimatizace-hcd-12\/\" \/>\n<meta property=\"og:site_name\" content=\"KLIMAVEX GROUP - \u010cesko\" \/>\n<meta property=\"article:publisher\" content=\"https:\/\/www.facebook.com\/klimavex.cz\" \/>\n<meta property=\"article:modified_time\" content=\"2026-04-27T20:51:34+00:00\" \/>\n<meta property=\"og:image\" content=\"https:\/\/klimavex.eu\/cz\/wp-content\/uploads\/2025\/09\/cTGY96tLJt-ML6zkwlHFhZzI0V6ovfXbA7a6F7dnyTw-1.png\" \/>\n\t<meta property=\"og:image:width\" content=\"512\" \/>\n\t<meta property=\"og:image:height\" content=\"512\" \/>\n\t<meta property=\"og:image:type\" content=\"image\/png\" \/>\n<meta name=\"twitter:card\" content=\"summary_large_image\" \/>\n<meta name=\"twitter:label1\" content=\"Odhadovan\u00e1 doba \u010dten\u00ed\" \/>\n\t<meta name=\"twitter:data1\" content=\"1 minuta\" \/>\n<script type=\"application\/ld+json\" class=\"yoast-schema-graph\">{\"@context\":\"https:\/\/schema.org\",\"@graph\":[{\"@type\":\"WebPage\",\"@id\":\"https:\/\/klimavex.eu\/cz\/katalog\/hyundai-potrubni-klimatizace-hcd-12\/\",\"url\":\"https:\/\/klimavex.eu\/cz\/katalog\/hyundai-potrubni-klimatizace-hcd-12\/\",\"name\":\"Klimatizace Hyundai split potrubn\u00ed HCD 12 R32 230V 3,5kW - KLIMAVEX GROUP - \u010cesko\",\"isPartOf\":{\"@id\":\"https:\/\/klimavex.eu\/cz\/#website\"},\"primaryImageOfPage\":{\"@id\":\"https:\/\/klimavex.eu\/cz\/katalog\/hyundai-potrubni-klimatizace-hcd-12\/#primaryimage\"},\"image\":{\"@id\":\"https:\/\/klimavex.eu\/cz\/katalog\/hyundai-potrubni-klimatizace-hcd-12\/#primaryimage\"},\"thumbnailUrl\":\"https:\/\/klimavex.eu\/cz\/wp-content\/uploads\/2025\/09\/cTGY96tLJt-ML6zkwlHFhZzI0V6ovfXbA7a6F7dnyTw-1.png\",\"datePublished\":\"2026-04-27T20:50:56+00:00\",\"dateModified\":\"2026-04-27T20:51:34+00:00\",\"breadcrumb\":{\"@id\":\"https:\/\/klimavex.eu\/cz\/katalog\/hyundai-potrubni-klimatizace-hcd-12\/#breadcrumb\"},\"inLanguage\":\"cs\",\"potentialAction\":[{\"@type\":\"ReadAction\",\"target\":[\"https:\/\/klimavex.eu\/cz\/katalog\/hyundai-potrubni-klimatizace-hcd-12\/\"]}]},{\"@type\":\"ImageObject\",\"inLanguage\":\"cs\",\"@id\":\"https:\/\/klimavex.eu\/cz\/katalog\/hyundai-potrubni-klimatizace-hcd-12\/#primaryimage\",\"url\":\"https:\/\/klimavex.eu\/cz\/wp-content\/uploads\/2025\/09\/cTGY96tLJt-ML6zkwlHFhZzI0V6ovfXbA7a6F7dnyTw-1.png\",\"contentUrl\":\"https:\/\/klimavex.eu\/cz\/wp-content\/uploads\/2025\/09\/cTGY96tLJt-ML6zkwlHFhZzI0V6ovfXbA7a6F7dnyTw-1.png\",\"width\":512,\"height\":512},{\"@type\":\"BreadcrumbList\",\"@id\":\"https:\/\/klimavex.eu\/cz\/katalog\/hyundai-potrubni-klimatizace-hcd-12\/#breadcrumb\",\"itemListElement\":[{\"@type\":\"ListItem\",\"position\":1,\"name\":\"Domovsk\u00e1 str\u00e1nka\",\"item\":\"https:\/\/klimavex.eu\/cz\/\"},{\"@type\":\"ListItem\",\"position\":2,\"name\":\"Eshop\",\"item\":\"https:\/\/klimavex.eu\/cz\/eshop\/\"},{\"@type\":\"ListItem\",\"position\":3,\"name\":\"Hyundai potrubn\u00ed klimatizace HCD 12\"}]},{\"@type\":\"WebSite\",\"@id\":\"https:\/\/klimavex.eu\/cz\/#website\",\"url\":\"https:\/\/klimavex.eu\/cz\/\",\"name\":\"KLIMAVEX GROUP - \u010cesko\",\"description\":\"\",\"publisher\":{\"@id\":\"https:\/\/klimavex.eu\/cz\/#organization\"},\"alternateName\":\"KLIMAVEX CZ a.s.\",\"potentialAction\":[{\"@type\":\"SearchAction\",\"target\":{\"@type\":\"EntryPoint\",\"urlTemplate\":\"https:\/\/klimavex.eu\/cz\/?s={search_term_string}\"},\"query-input\":{\"@type\":\"PropertyValueSpecification\",\"valueRequired\":true,\"valueName\":\"search_term_string\"}}],\"inLanguage\":\"cs\"},{\"@type\":\"Organization\",\"@id\":\"https:\/\/klimavex.eu\/cz\/#organization\",\"name\":\"KLIMAVEX GROUP\",\"alternateName\":\"KLIMAVEX\",\"url\":\"https:\/\/klimavex.eu\/cz\/\",\"logo\":{\"@type\":\"ImageObject\",\"inLanguage\":\"cs\",\"@id\":\"https:\/\/klimavex.eu\/cz\/#\/schema\/logo\/image\/\",\"url\":\"https:\/\/klimavex.eu\/cz\/wp-content\/uploads\/2024\/04\/Klimavex-Group-logo.png\",\"contentUrl\":\"https:\/\/klimavex.eu\/cz\/wp-content\/uploads\/2024\/04\/Klimavex-Group-logo.png\",\"width\":1681,\"height\":472,\"caption\":\"KLIMAVEX GROUP\"},\"image\":{\"@id\":\"https:\/\/klimavex.eu\/cz\/#\/schema\/logo\/image\/\"},\"sameAs\":[\"https:\/\/www.facebook.com\/klimavex.cz\",\"https:\/\/www.instagram.com\/klimavex_cz\/\"]}]}<\/script>\n<!-- \/ Yoast SEO plugin. -->","yoast_head_json":{"title":"Klimatizace Hyundai split potrubn\u00ed HCD 12 R32 230V 3,5kW - KLIMAVEX GROUP - \u010cesko","robots":{"index":"index","follow":"follow","max-snippet":"max-snippet:-1","max-image-preview":"max-image-preview:large","max-video-preview":"max-video-preview:-1"},"canonical":"https:\/\/klimavex.eu\/cz\/katalog\/hyundai-potrubni-klimatizace-hcd-12\/","og_locale":"cs_CZ","og_type":"article","og_title":"Klimatizace Hyundai split potrubn\u00ed HCD 12 R32 230V 3,5kW - KLIMAVEX GROUP - \u010cesko","og_description":"Hyundai HCD je potrubn&iacute; klimatizace ur\u010den&aacute; pro skrytou instalaci do fale&scaron;n&eacute;ho stropu. D&iacute;ky flexibiln&iacute;mu p\u0159ipojen&iacute; s&aacute;n&iacute; vzduchu (zezadu nebo zdola) a zabudovan&eacute;mu \u010derpadlu kondenz&aacute;tu se snadno p\u0159izp\u016fsob&iacute; instala\u010dn&iacute;m pot\u0159eb&aacute;m. Dosahuje energetickou t\u0159&iacute;du A++. Umo\u017e\u0148uje vyt&aacute;p\u011bn&iacute; a\u017e do -25 &deg;C a chlazen&iacute; a\u017e do +50 &deg;C venkovn&iacute; teploty.","og_url":"https:\/\/klimavex.eu\/cz\/katalog\/hyundai-potrubni-klimatizace-hcd-12\/","og_site_name":"KLIMAVEX GROUP - \u010cesko","article_publisher":"https:\/\/www.facebook.com\/klimavex.cz","article_modified_time":"2026-04-27T20:51:34+00:00","og_image":[{"width":512,"height":512,"url":"https:\/\/klimavex.eu\/cz\/wp-content\/uploads\/2025\/09\/cTGY96tLJt-ML6zkwlHFhZzI0V6ovfXbA7a6F7dnyTw-1.png","type":"image\/png"}],"twitter_card":"summary_large_image","twitter_misc":{"Odhadovan\u00e1 doba \u010dten\u00ed":"1 minuta"},"schema":{"@context":"https:\/\/schema.org","@graph":[{"@type":"WebPage","@id":"https:\/\/klimavex.eu\/cz\/katalog\/hyundai-potrubni-klimatizace-hcd-12\/","url":"https:\/\/klimavex.eu\/cz\/katalog\/hyundai-potrubni-klimatizace-hcd-12\/","name":"Klimatizace Hyundai split potrubn\u00ed HCD 12 R32 230V 3,5kW - KLIMAVEX GROUP - \u010cesko","isPartOf":{"@id":"https:\/\/klimavex.eu\/cz\/#website"},"primaryImageOfPage":{"@id":"https:\/\/klimavex.eu\/cz\/katalog\/hyundai-potrubni-klimatizace-hcd-12\/#primaryimage"},"image":{"@id":"https:\/\/klimavex.eu\/cz\/katalog\/hyundai-potrubni-klimatizace-hcd-12\/#primaryimage"},"thumbnailUrl":"https:\/\/klimavex.eu\/cz\/wp-content\/uploads\/2025\/09\/cTGY96tLJt-ML6zkwlHFhZzI0V6ovfXbA7a6F7dnyTw-1.png","datePublished":"2026-04-27T20:50:56+00:00","dateModified":"2026-04-27T20:51:34+00:00","breadcrumb":{"@id":"https:\/\/klimavex.eu\/cz\/katalog\/hyundai-potrubni-klimatizace-hcd-12\/#breadcrumb"},"inLanguage":"cs","potentialAction":[{"@type":"ReadAction","target":["https:\/\/klimavex.eu\/cz\/katalog\/hyundai-potrubni-klimatizace-hcd-12\/"]}]},{"@type":"ImageObject","inLanguage":"cs","@id":"https:\/\/klimavex.eu\/cz\/katalog\/hyundai-potrubni-klimatizace-hcd-12\/#primaryimage","url":"https:\/\/klimavex.eu\/cz\/wp-content\/uploads\/2025\/09\/cTGY96tLJt-ML6zkwlHFhZzI0V6ovfXbA7a6F7dnyTw-1.png","contentUrl":"https:\/\/klimavex.eu\/cz\/wp-content\/uploads\/2025\/09\/cTGY96tLJt-ML6zkwlHFhZzI0V6ovfXbA7a6F7dnyTw-1.png","width":512,"height":512},{"@type":"BreadcrumbList","@id":"https:\/\/klimavex.eu\/cz\/katalog\/hyundai-potrubni-klimatizace-hcd-12\/#breadcrumb","itemListElement":[{"@type":"ListItem","position":1,"name":"Domovsk\u00e1 str\u00e1nka","item":"https:\/\/klimavex.eu\/cz\/"},{"@type":"ListItem","position":2,"name":"Eshop","item":"https:\/\/klimavex.eu\/cz\/eshop\/"},{"@type":"ListItem","position":3,"name":"Hyundai potrubn\u00ed klimatizace HCD 12"}]},{"@type":"WebSite","@id":"https:\/\/klimavex.eu\/cz\/#website","url":"https:\/\/klimavex.eu\/cz\/","name":"KLIMAVEX GROUP - \u010cesko","description":"","publisher":{"@id":"https:\/\/klimavex.eu\/cz\/#organization"},"alternateName":"KLIMAVEX CZ a.s.","potentialAction":[{"@type":"SearchAction","target":{"@type":"EntryPoint","urlTemplate":"https:\/\/klimavex.eu\/cz\/?s={search_term_string}"},"query-input":{"@type":"PropertyValueSpecification","valueRequired":true,"valueName":"search_term_string"}}],"inLanguage":"cs"},{"@type":"Organization","@id":"https:\/\/klimavex.eu\/cz\/#organization","name":"KLIMAVEX GROUP","alternateName":"KLIMAVEX","url":"https:\/\/klimavex.eu\/cz\/","logo":{"@type":"ImageObject","inLanguage":"cs","@id":"https:\/\/klimavex.eu\/cz\/#\/schema\/logo\/image\/","url":"https:\/\/klimavex.eu\/cz\/wp-content\/uploads\/2024\/04\/Klimavex-Group-logo.png","contentUrl":"https:\/\/klimavex.eu\/cz\/wp-content\/uploads\/2024\/04\/Klimavex-Group-logo.png","width":1681,"height":472,"caption":"KLIMAVEX GROUP"},"image":{"@id":"https:\/\/klimavex.eu\/cz\/#\/schema\/logo\/image\/"},"sameAs":["https:\/\/www.facebook.com\/klimavex.cz","https:\/\/www.instagram.com\/klimavex_cz\/"]}]}},"_links":{"self":[{"href":"https:\/\/klimavex.eu\/cz\/wp-json\/wp\/v2\/product\/542930","targetHints":{"allow":["GET"]}}],"collection":[{"href":"https:\/\/klimavex.eu\/cz\/wp-json\/wp\/v2\/product"}],"about":[{"href":"https:\/\/klimavex.eu\/cz\/wp-json\/wp\/v2\/types\/product"}],"version-history":[{"count":0,"href":"https:\/\/klimavex.eu\/cz\/wp-json\/wp\/v2\/product\/542930\/revisions"}],"wp:featuredmedia":[{"embeddable":true,"href":"https:\/\/klimavex.eu\/cz\/wp-json\/wp\/v2\/media\/547363"}],"wp:attachment":[{"href":"https:\/\/klimavex.eu\/cz\/wp-json\/wp\/v2\/media?parent=542930"}],"wp:term":[{"taxonomy":"product_cat","embeddable":true,"href":"https:\/\/klimavex.eu\/cz\/wp-json\/wp\/v2\/product_cat?post=542930"},{"taxonomy":"product_tag","embeddable":true,"href":"https:\/\/klimavex.eu\/cz\/wp-json\/wp\/v2\/product_tag?post=542930"}],"curies":[{"name":"wp","href":"https:\/\/api.w.org\/{rel}","templated":true}]}}