{"id":542935,"date":"2026-04-27T22:50:56","date_gmt":"2026-04-27T20:50:56","guid":{"rendered":"https:\/\/klimavex.eu\/cz\/katalog\/hyundai-vrf-venkovni-jednotka-r410a-hv8so-m280vh\/"},"modified":"2026-04-27T22:51:37","modified_gmt":"2026-04-27T20:51:37","slug":"klimatizace-hyundai-vrf-venkovni-hv8so-m280vh-r410a-400v-28kw","status":"publish","type":"product","link":"https:\/\/klimavex.eu\/cz\/katalog\/klimatizace-hyundai-vrf-venkovni-hv8so-m280vh-r410a-400v-28kw\/","title":{"rendered":"Klimatizace Hyundai VRF venkovn\u00ed HV8SO M280VH R410A 400V 28kW"},"content":{"rendered":"<p style=\"text-align: justify;\"><strong>Kl&iacute;\u010dov&eacute; vlastnosti<\/strong><\/p>\n<ul>\n<li style=\"text-align: justify;\">Extr&eacute;mn\u011b vysok&aacute; &uacute;\u010dinnost (DC inverter kompresor EVI a DC motory)<\/li>\n<li style=\"text-align: justify;\">Chlazen&iacute; a\u017e do +55 &deg;C venkovn&iacute; teploty<\/li>\n<li style=\"text-align: justify;\">Vyt&aacute;p\u011bn&iacute; a\u017e do -30 &deg;C venkovn&iacute; teploty<\/li>\n<li style=\"text-align: justify;\">Technologie EVI<\/li>\n<li style=\"text-align: justify;\">Chladivo R410A<\/li>\n<li style=\"text-align: justify;\">\u0158&iacute;zen&iacute; hladiny oleje<\/li>\n<li style=\"text-align: justify;\">Automatick&eacute; monitorov&aacute;n&iacute; chladiva<\/li>\n<li style=\"text-align: justify;\">Dynamick&yacute; teplotn&iacute; management<\/li>\n<li style=\"text-align: justify;\">Inteligentn&iacute; odmrazov&aacute;n&iacute;<\/li>\n<li style=\"text-align: justify;\">A\u017e 18 zabudovan&yacute;ch sn&iacute;ma\u010d\u016f venkovn&iacute; jednotky<\/li>\n<li style=\"text-align: justify;\">Tich&yacute; re\u017eim<\/li>\n<li style=\"text-align: justify;\">Snadn&aacute; a rychl&aacute; instalace<\/li>\n<li style=\"text-align: justify;\">Dlouh&eacute; propojovac&iacute; potrub&iacute;<\/li>\n<li style=\"text-align: justify;\">Automatick&eacute; adresov&aacute;n&iacute; vnit\u0159n&iacute;ch jednotek<\/li>\n<li style=\"text-align: justify;\">Z&aacute;ruka 3 roky<\/li>\n<\/ul>\n","protected":false},"excerpt":{"rendered":"<p style=\"text-align: justify;\">Model <strong>VRF Hyundai HV8SO-VH<\/strong> je VRF venkovn&iacute; jednotka s&nbsp;horizont&aacute;ln&iacute;m v&yacute;fukem vzduchu, kter&aacute; je &scaron;pi\u010dkov&yacute;m \u0159e&scaron;en&iacute;m pro <strong>chlazen&iacute;\/vyt&aacute;p\u011bn&iacute;<\/strong> v\u011bt&scaron;&iacute;ch prostor. Je ur\u010dena pro <strong>komer\u010dn&iacute; budovy, pr\u016fmyslov&eacute; haly a dal&scaron;&iacute; prostory<\/strong>, kde je pot\u0159eba zajistit efektivn&iacute; a spolehliv&eacute; chlazen&iacute; \u010di vyt&aacute;p\u011bn&iacute; i&nbsp;za&nbsp;extr&eacute;mn&iacute;ch podm&iacute;nek, kde se na jednu venkovn&iacute; jednotku m\u016f\u017ee <strong>p\u0159ipojit a\u017e 36 vnit\u0159n&iacute;ch jednotek<\/strong>. Syst&eacute;m pracuje s <strong>chladivem R410A<\/strong>. Obsahuje inteligentn&iacute; \u0159&iacute;zen&iacute; s dynamick&yacute;m teplotn&iacute;m managementem, kter&yacute; automaticky upravuje teplotu chladiva dle aktu&aacute;ln&iacute; pot\u0159eby a zaji&scaron;\u0165uje tak optim&aacute;ln&iacute; teplotn&iacute; pohodu. D&iacute;ky DC inverter kompresoru s <strong>technologi&iacute; EVI<\/strong> dosahuje <strong>vysok&eacute; energetick&eacute; &uacute;\u010dinnosti<\/strong> <strong>a spolehlivosti i v extr&eacute;mn&iacute;ch teplot&aacute;ch <\/strong>(-30 &deg;C a\u017e +55 &deg;C). <strong>Instalace<\/strong> syst&eacute;mu je <strong>snadn&aacute; a rychl&aacute;<\/strong> d&iacute;ky automatick&eacute;mu adresov&aacute;n&iacute; vnit\u0159n&iacute;ch jednotek.<\/p>\n","protected":false},"featured_media":547377,"template":"","meta":[],"product_cat":[14114,14115,14116,14290,14291,14113],"product_tag":[],"class_list":{"0":"post-542935","1":"product","2":"type-product","3":"status-publish","4":"has-post-thumbnail","6":"product_cat-venkovni-jednotky-vrf","7":"product_cat-hyundai-vrf-systemy","8":"product_cat-venkovni-jednotky-hyundai-vrf-systemy","9":"product_cat-hv8so-vh-hor-vyfuk","10":"product_cat-hv8so-vh-hor-vyfuk-venkovni-jednotky-hyundai-vrf-systemy","11":"product_cat-vrf","12":"pa_chlad-do-von-tep-c-do-15-c","13":"pa_chladici-vykon-12229","14":"pa_napajeni-3f-400v","15":"pa_prikon-chlazeni-14359","16":"pa_prikon-vytapeni-14148","17":"pa_provedeni-vrf-venkovni-horizontal","18":"pa_topny-vykon-12206","19":"pa_typ-chladiva-r410a","20":"pa_vyk-do-von-tepl-c-do-30-c","21":"pa_vykonovy-model-12112","22":"pa_znacka-hyundai","24":"first","25":"instock","26":"taxable","27":"shipping-taxable","28":"purchasable","29":"product-type-simple"},"yoast_head":"<!-- This site is optimized with the Yoast SEO plugin v23.9 - https:\/\/yoast.com\/wordpress\/plugins\/seo\/ -->\n<title>Klimatizace Hyundai VRF venkovn\u00ed HV8SO M280VH R410A 400V 28kW - KLIMAVEX GROUP - \u010cesko<\/title>\n<meta name=\"robots\" content=\"index, follow, max-snippet:-1, max-image-preview:large, max-video-preview:-1\" \/>\n<link rel=\"canonical\" href=\"https:\/\/klimavex.eu\/cz\/katalog\/hyundai-vrf-venkovni-jednotka-r410a-hv8so-m280vh\/\" \/>\n<meta property=\"og:locale\" content=\"cs_CZ\" \/>\n<meta property=\"og:type\" content=\"article\" \/>\n<meta property=\"og:title\" content=\"Klimatizace Hyundai VRF venkovn\u00ed HV8SO M280VH R410A 400V 28kW - KLIMAVEX GROUP - \u010cesko\" \/>\n<meta property=\"og:description\" content=\"Model VRF Hyundai HV8SO-VH je VRF venkovn&iacute; jednotka s&nbsp;horizont&aacute;ln&iacute;m v&yacute;fukem vzduchu, kter&aacute; je &scaron;pi\u010dkov&yacute;m \u0159e&scaron;en&iacute;m pro chlazen&iacute;\/vyt&aacute;p\u011bn&iacute; v\u011bt&scaron;&iacute;ch prostor. Je ur\u010dena pro komer\u010dn&iacute; budovy, pr\u016fmyslov&eacute; haly a dal&scaron;&iacute; prostory, kde je pot\u0159eba zajistit efektivn&iacute; a spolehliv&eacute; chlazen&iacute; \u010di vyt&aacute;p\u011bn&iacute; i&nbsp;za&nbsp;extr&eacute;mn&iacute;ch podm&iacute;nek, kde se na jednu venkovn&iacute; jednotku m\u016f\u017ee p\u0159ipojit a\u017e 36 vnit\u0159n&iacute;ch jednotek. Syst&eacute;m pracuje s chladivem R410A. Obsahuje inteligentn&iacute; \u0159&iacute;zen&iacute; s dynamick&yacute;m teplotn&iacute;m managementem, kter&yacute; automaticky upravuje teplotu chladiva dle aktu&aacute;ln&iacute; pot\u0159eby a zaji&scaron;\u0165uje tak optim&aacute;ln&iacute; teplotn&iacute; pohodu. D&iacute;ky DC inverter kompresoru s technologi&iacute; EVI dosahuje vysok&eacute; energetick&eacute; &uacute;\u010dinnosti a spolehlivosti i v extr&eacute;mn&iacute;ch teplot&aacute;ch (-30 &deg;C a\u017e +55 &deg;C). Instalace syst&eacute;mu je snadn&aacute; a rychl&aacute; d&iacute;ky automatick&eacute;mu adresov&aacute;n&iacute; vnit\u0159n&iacute;ch jednotek.\" \/>\n<meta property=\"og:url\" content=\"https:\/\/klimavex.eu\/cz\/katalog\/hyundai-vrf-venkovni-jednotka-r410a-hv8so-m280vh\/\" \/>\n<meta property=\"og:site_name\" content=\"KLIMAVEX GROUP - \u010cesko\" \/>\n<meta property=\"article:publisher\" content=\"https:\/\/www.facebook.com\/klimavex.cz\" \/>\n<meta property=\"article:modified_time\" content=\"2026-04-27T20:51:37+00:00\" \/>\n<meta property=\"og:image\" content=\"https:\/\/klimavex.eu\/cz\/wp-content\/uploads\/2025\/09\/xI2ikRts5fkXcEPWljp5IEQHybQczshorL4QI42Wekk-2.png\" \/>\n\t<meta property=\"og:image:width\" content=\"512\" \/>\n\t<meta property=\"og:image:height\" content=\"808\" \/>\n\t<meta property=\"og:image:type\" content=\"image\/png\" \/>\n<meta name=\"twitter:card\" content=\"summary_large_image\" \/>\n<meta name=\"twitter:label1\" content=\"Odhadovan\u00e1 doba \u010dten\u00ed\" \/>\n\t<meta name=\"twitter:data1\" content=\"1 minuta\" \/>\n<script type=\"application\/ld+json\" class=\"yoast-schema-graph\">{\"@context\":\"https:\/\/schema.org\",\"@graph\":[{\"@type\":\"WebPage\",\"@id\":\"https:\/\/klimavex.eu\/cz\/katalog\/hyundai-vrf-venkovni-jednotka-r410a-hv8so-m280vh\/\",\"url\":\"https:\/\/klimavex.eu\/cz\/katalog\/hyundai-vrf-venkovni-jednotka-r410a-hv8so-m280vh\/\",\"name\":\"Klimatizace Hyundai VRF venkovn\u00ed HV8SO M280VH R410A 400V 28kW - KLIMAVEX GROUP - \u010cesko\",\"isPartOf\":{\"@id\":\"https:\/\/klimavex.eu\/cz\/#website\"},\"primaryImageOfPage\":{\"@id\":\"https:\/\/klimavex.eu\/cz\/katalog\/hyundai-vrf-venkovni-jednotka-r410a-hv8so-m280vh\/#primaryimage\"},\"image\":{\"@id\":\"https:\/\/klimavex.eu\/cz\/katalog\/hyundai-vrf-venkovni-jednotka-r410a-hv8so-m280vh\/#primaryimage\"},\"thumbnailUrl\":\"https:\/\/klimavex.eu\/cz\/wp-content\/uploads\/2025\/09\/xI2ikRts5fkXcEPWljp5IEQHybQczshorL4QI42Wekk-2.png\",\"datePublished\":\"2026-04-27T20:50:56+00:00\",\"dateModified\":\"2026-04-27T20:51:37+00:00\",\"breadcrumb\":{\"@id\":\"https:\/\/klimavex.eu\/cz\/katalog\/hyundai-vrf-venkovni-jednotka-r410a-hv8so-m280vh\/#breadcrumb\"},\"inLanguage\":\"cs\",\"potentialAction\":[{\"@type\":\"ReadAction\",\"target\":[\"https:\/\/klimavex.eu\/cz\/katalog\/hyundai-vrf-venkovni-jednotka-r410a-hv8so-m280vh\/\"]}]},{\"@type\":\"ImageObject\",\"inLanguage\":\"cs\",\"@id\":\"https:\/\/klimavex.eu\/cz\/katalog\/hyundai-vrf-venkovni-jednotka-r410a-hv8so-m280vh\/#primaryimage\",\"url\":\"https:\/\/klimavex.eu\/cz\/wp-content\/uploads\/2025\/09\/xI2ikRts5fkXcEPWljp5IEQHybQczshorL4QI42Wekk-2.png\",\"contentUrl\":\"https:\/\/klimavex.eu\/cz\/wp-content\/uploads\/2025\/09\/xI2ikRts5fkXcEPWljp5IEQHybQczshorL4QI42Wekk-2.png\",\"width\":512,\"height\":808},{\"@type\":\"BreadcrumbList\",\"@id\":\"https:\/\/klimavex.eu\/cz\/katalog\/hyundai-vrf-venkovni-jednotka-r410a-hv8so-m280vh\/#breadcrumb\",\"itemListElement\":[{\"@type\":\"ListItem\",\"position\":1,\"name\":\"Domovsk\u00e1 str\u00e1nka\",\"item\":\"https:\/\/klimavex.eu\/cz\/\"},{\"@type\":\"ListItem\",\"position\":2,\"name\":\"Eshop\",\"item\":\"https:\/\/klimavex.eu\/cz\/eshop\/\"},{\"@type\":\"ListItem\",\"position\":3,\"name\":\"Hyundai VRF venkovn\u00ed jednotka R410A HV8SO-M280VH\"}]},{\"@type\":\"WebSite\",\"@id\":\"https:\/\/klimavex.eu\/cz\/#website\",\"url\":\"https:\/\/klimavex.eu\/cz\/\",\"name\":\"KLIMAVEX GROUP - \u010cesko\",\"description\":\"\",\"publisher\":{\"@id\":\"https:\/\/klimavex.eu\/cz\/#organization\"},\"alternateName\":\"KLIMAVEX CZ a.s.\",\"potentialAction\":[{\"@type\":\"SearchAction\",\"target\":{\"@type\":\"EntryPoint\",\"urlTemplate\":\"https:\/\/klimavex.eu\/cz\/?s={search_term_string}\"},\"query-input\":{\"@type\":\"PropertyValueSpecification\",\"valueRequired\":true,\"valueName\":\"search_term_string\"}}],\"inLanguage\":\"cs\"},{\"@type\":\"Organization\",\"@id\":\"https:\/\/klimavex.eu\/cz\/#organization\",\"name\":\"KLIMAVEX GROUP\",\"alternateName\":\"KLIMAVEX\",\"url\":\"https:\/\/klimavex.eu\/cz\/\",\"logo\":{\"@type\":\"ImageObject\",\"inLanguage\":\"cs\",\"@id\":\"https:\/\/klimavex.eu\/cz\/#\/schema\/logo\/image\/\",\"url\":\"https:\/\/klimavex.eu\/cz\/wp-content\/uploads\/2024\/04\/Klimavex-Group-logo.png\",\"contentUrl\":\"https:\/\/klimavex.eu\/cz\/wp-content\/uploads\/2024\/04\/Klimavex-Group-logo.png\",\"width\":1681,\"height\":472,\"caption\":\"KLIMAVEX GROUP\"},\"image\":{\"@id\":\"https:\/\/klimavex.eu\/cz\/#\/schema\/logo\/image\/\"},\"sameAs\":[\"https:\/\/www.facebook.com\/klimavex.cz\",\"https:\/\/www.instagram.com\/klimavex_cz\/\"]}]}<\/script>\n<!-- \/ Yoast SEO plugin. -->","yoast_head_json":{"title":"Klimatizace Hyundai VRF venkovn\u00ed HV8SO M280VH R410A 400V 28kW - KLIMAVEX GROUP - \u010cesko","robots":{"index":"index","follow":"follow","max-snippet":"max-snippet:-1","max-image-preview":"max-image-preview:large","max-video-preview":"max-video-preview:-1"},"canonical":"https:\/\/klimavex.eu\/cz\/katalog\/hyundai-vrf-venkovni-jednotka-r410a-hv8so-m280vh\/","og_locale":"cs_CZ","og_type":"article","og_title":"Klimatizace Hyundai VRF venkovn\u00ed HV8SO M280VH R410A 400V 28kW - KLIMAVEX GROUP - \u010cesko","og_description":"Model VRF Hyundai HV8SO-VH je VRF venkovn&iacute; jednotka s&nbsp;horizont&aacute;ln&iacute;m v&yacute;fukem vzduchu, kter&aacute; je &scaron;pi\u010dkov&yacute;m \u0159e&scaron;en&iacute;m pro chlazen&iacute;\/vyt&aacute;p\u011bn&iacute; v\u011bt&scaron;&iacute;ch prostor. Je ur\u010dena pro komer\u010dn&iacute; budovy, pr\u016fmyslov&eacute; haly a dal&scaron;&iacute; prostory, kde je pot\u0159eba zajistit efektivn&iacute; a spolehliv&eacute; chlazen&iacute; \u010di vyt&aacute;p\u011bn&iacute; i&nbsp;za&nbsp;extr&eacute;mn&iacute;ch podm&iacute;nek, kde se na jednu venkovn&iacute; jednotku m\u016f\u017ee p\u0159ipojit a\u017e 36 vnit\u0159n&iacute;ch jednotek. Syst&eacute;m pracuje s chladivem R410A. Obsahuje inteligentn&iacute; \u0159&iacute;zen&iacute; s dynamick&yacute;m teplotn&iacute;m managementem, kter&yacute; automaticky upravuje teplotu chladiva dle aktu&aacute;ln&iacute; pot\u0159eby a zaji&scaron;\u0165uje tak optim&aacute;ln&iacute; teplotn&iacute; pohodu. D&iacute;ky DC inverter kompresoru s technologi&iacute; EVI dosahuje vysok&eacute; energetick&eacute; &uacute;\u010dinnosti a spolehlivosti i v extr&eacute;mn&iacute;ch teplot&aacute;ch (-30 &deg;C a\u017e +55 &deg;C). Instalace syst&eacute;mu je snadn&aacute; a rychl&aacute; d&iacute;ky automatick&eacute;mu adresov&aacute;n&iacute; vnit\u0159n&iacute;ch jednotek.","og_url":"https:\/\/klimavex.eu\/cz\/katalog\/hyundai-vrf-venkovni-jednotka-r410a-hv8so-m280vh\/","og_site_name":"KLIMAVEX GROUP - \u010cesko","article_publisher":"https:\/\/www.facebook.com\/klimavex.cz","article_modified_time":"2026-04-27T20:51:37+00:00","og_image":[{"width":512,"height":808,"url":"https:\/\/klimavex.eu\/cz\/wp-content\/uploads\/2025\/09\/xI2ikRts5fkXcEPWljp5IEQHybQczshorL4QI42Wekk-2.png","type":"image\/png"}],"twitter_card":"summary_large_image","twitter_misc":{"Odhadovan\u00e1 doba \u010dten\u00ed":"1 minuta"},"schema":{"@context":"https:\/\/schema.org","@graph":[{"@type":"WebPage","@id":"https:\/\/klimavex.eu\/cz\/katalog\/hyundai-vrf-venkovni-jednotka-r410a-hv8so-m280vh\/","url":"https:\/\/klimavex.eu\/cz\/katalog\/hyundai-vrf-venkovni-jednotka-r410a-hv8so-m280vh\/","name":"Klimatizace Hyundai VRF venkovn\u00ed HV8SO M280VH R410A 400V 28kW - KLIMAVEX GROUP - \u010cesko","isPartOf":{"@id":"https:\/\/klimavex.eu\/cz\/#website"},"primaryImageOfPage":{"@id":"https:\/\/klimavex.eu\/cz\/katalog\/hyundai-vrf-venkovni-jednotka-r410a-hv8so-m280vh\/#primaryimage"},"image":{"@id":"https:\/\/klimavex.eu\/cz\/katalog\/hyundai-vrf-venkovni-jednotka-r410a-hv8so-m280vh\/#primaryimage"},"thumbnailUrl":"https:\/\/klimavex.eu\/cz\/wp-content\/uploads\/2025\/09\/xI2ikRts5fkXcEPWljp5IEQHybQczshorL4QI42Wekk-2.png","datePublished":"2026-04-27T20:50:56+00:00","dateModified":"2026-04-27T20:51:37+00:00","breadcrumb":{"@id":"https:\/\/klimavex.eu\/cz\/katalog\/hyundai-vrf-venkovni-jednotka-r410a-hv8so-m280vh\/#breadcrumb"},"inLanguage":"cs","potentialAction":[{"@type":"ReadAction","target":["https:\/\/klimavex.eu\/cz\/katalog\/hyundai-vrf-venkovni-jednotka-r410a-hv8so-m280vh\/"]}]},{"@type":"ImageObject","inLanguage":"cs","@id":"https:\/\/klimavex.eu\/cz\/katalog\/hyundai-vrf-venkovni-jednotka-r410a-hv8so-m280vh\/#primaryimage","url":"https:\/\/klimavex.eu\/cz\/wp-content\/uploads\/2025\/09\/xI2ikRts5fkXcEPWljp5IEQHybQczshorL4QI42Wekk-2.png","contentUrl":"https:\/\/klimavex.eu\/cz\/wp-content\/uploads\/2025\/09\/xI2ikRts5fkXcEPWljp5IEQHybQczshorL4QI42Wekk-2.png","width":512,"height":808},{"@type":"BreadcrumbList","@id":"https:\/\/klimavex.eu\/cz\/katalog\/hyundai-vrf-venkovni-jednotka-r410a-hv8so-m280vh\/#breadcrumb","itemListElement":[{"@type":"ListItem","position":1,"name":"Domovsk\u00e1 str\u00e1nka","item":"https:\/\/klimavex.eu\/cz\/"},{"@type":"ListItem","position":2,"name":"Eshop","item":"https:\/\/klimavex.eu\/cz\/eshop\/"},{"@type":"ListItem","position":3,"name":"Hyundai VRF venkovn\u00ed jednotka R410A HV8SO-M280VH"}]},{"@type":"WebSite","@id":"https:\/\/klimavex.eu\/cz\/#website","url":"https:\/\/klimavex.eu\/cz\/","name":"KLIMAVEX GROUP - \u010cesko","description":"","publisher":{"@id":"https:\/\/klimavex.eu\/cz\/#organization"},"alternateName":"KLIMAVEX CZ a.s.","potentialAction":[{"@type":"SearchAction","target":{"@type":"EntryPoint","urlTemplate":"https:\/\/klimavex.eu\/cz\/?s={search_term_string}"},"query-input":{"@type":"PropertyValueSpecification","valueRequired":true,"valueName":"search_term_string"}}],"inLanguage":"cs"},{"@type":"Organization","@id":"https:\/\/klimavex.eu\/cz\/#organization","name":"KLIMAVEX GROUP","alternateName":"KLIMAVEX","url":"https:\/\/klimavex.eu\/cz\/","logo":{"@type":"ImageObject","inLanguage":"cs","@id":"https:\/\/klimavex.eu\/cz\/#\/schema\/logo\/image\/","url":"https:\/\/klimavex.eu\/cz\/wp-content\/uploads\/2024\/04\/Klimavex-Group-logo.png","contentUrl":"https:\/\/klimavex.eu\/cz\/wp-content\/uploads\/2024\/04\/Klimavex-Group-logo.png","width":1681,"height":472,"caption":"KLIMAVEX GROUP"},"image":{"@id":"https:\/\/klimavex.eu\/cz\/#\/schema\/logo\/image\/"},"sameAs":["https:\/\/www.facebook.com\/klimavex.cz","https:\/\/www.instagram.com\/klimavex_cz\/"]}]}},"_links":{"self":[{"href":"https:\/\/klimavex.eu\/cz\/wp-json\/wp\/v2\/product\/542935","targetHints":{"allow":["GET"]}}],"collection":[{"href":"https:\/\/klimavex.eu\/cz\/wp-json\/wp\/v2\/product"}],"about":[{"href":"https:\/\/klimavex.eu\/cz\/wp-json\/wp\/v2\/types\/product"}],"version-history":[{"count":0,"href":"https:\/\/klimavex.eu\/cz\/wp-json\/wp\/v2\/product\/542935\/revisions"}],"wp:featuredmedia":[{"embeddable":true,"href":"https:\/\/klimavex.eu\/cz\/wp-json\/wp\/v2\/media\/547377"}],"wp:attachment":[{"href":"https:\/\/klimavex.eu\/cz\/wp-json\/wp\/v2\/media?parent=542935"}],"wp:term":[{"taxonomy":"product_cat","embeddable":true,"href":"https:\/\/klimavex.eu\/cz\/wp-json\/wp\/v2\/product_cat?post=542935"},{"taxonomy":"product_tag","embeddable":true,"href":"https:\/\/klimavex.eu\/cz\/wp-json\/wp\/v2\/product_tag?post=542935"}],"curies":[{"name":"wp","href":"https:\/\/api.w.org\/{rel}","templated":true}]}}