{"id":542974,"date":"2026-03-31T18:22:19","date_gmt":"2026-03-31T16:22:19","guid":{"rendered":"https:\/\/klimavex.eu\/cz\/katalog\/samsung-parapetni-klimatizace-console-aj052\/"},"modified":"2026-03-31T18:22:48","modified_gmt":"2026-03-31T16:22:48","slug":"klimatizace-samsung-multisplit-vnitrni-parapetni-console-aj052-52kw","status":"publish","type":"product","link":"https:\/\/klimavex.eu\/cz\/katalog\/klimatizace-samsung-multisplit-vnitrni-parapetni-console-aj052-52kw\/","title":{"rendered":"Klimatizace Samsung multisplit vnit\u0159n\u00ed parapetn\u00ed Console AJ052 5,2kW"},"content":{"rendered":"<p style=\"text-align:justify\"><span style=\"font-size:11pt\"><span style=\"font-family:Calibri,sans-serif\"><strong>Kl&iacute;\u010dov&eacute; vlastnosti<\/strong><\/span><\/span><\/p>\n<ul>\n<li style=\"text-align:justify\"><span style=\"font-size:11pt\"><span style=\"font-family:Calibri,sans-serif\">Ioniz&eacute;r (SPi)<\/span><\/span><\/li>\n<li style=\"text-align:justify\"><span style=\"font-size:11pt\"><span style=\"font-family:Calibri,sans-serif\">Hloubka pouze 199 mm (720x620x199 mm)<\/span><\/span><\/li>\n<li style=\"text-align:justify\"><span style=\"font-size:11pt\"><span style=\"font-family:Calibri,sans-serif\">Energetick&aacute; t\u0159&iacute;da A<\/span><\/span><\/li>\n<li style=\"text-align:justify\"><span style=\"font-size:11pt\"><span style=\"font-family:Calibri,sans-serif\">Chytr&yacute; invertor pro udr\u017een&iacute; ide&aacute;ln&iacute; teploty<\/span><\/span><\/li>\n<li style=\"text-align:justify\"><span style=\"font-size:11pt\"><span style=\"font-family:Calibri,sans-serif\">N&iacute;zk&aacute; hlu\u010dnost &ndash; od 23 dB(A)<\/span><\/span><\/li>\n<li style=\"text-align:justify\"><span style=\"font-size:11pt\"><span style=\"font-family:Calibri,sans-serif\">D&aacute;lkov&yacute; ovlada\u010d v balen&iacute;<\/span><\/span><\/li>\n<li style=\"text-align:justify\"><span style=\"font-size:11pt\"><span style=\"font-family:Calibri,sans-serif\">Kompatibiln&iacute; s&nbsp;multisplit<\/span><\/span><\/li>\n<\/ul>\n","protected":false},"excerpt":{"rendered":"<p style=\"text-align:justify\"><span style=\"font-size:11pt\"><span style=\"font-family:Calibri,sans-serif\"><strong>Samsung Console<\/strong> je <strong>parapetn&iacute;<\/strong> klimatiza\u010dn&iacute; jednotka <strong>pro multisplit<\/strong> zapojen&iacute;. S&nbsp;ohledem na jej&iacute; um&iacute;st\u011bn&iacute; <strong>pod okno<\/strong> se se sv&yacute;m decentn&iacute;m designem skv\u011ble hod&iacute; do byt\u016f, rodinn&yacute;ch dom\u016f nebo kancel&aacute;\u0159&iacute; s&nbsp;vy&scaron;&scaron;&iacute;m stropem a v&iacute;ce okny. Je spolehliv&aacute; v&nbsp;<strong>udr\u017een&iacute; ide&aacute;ln&iacute; teploty interi&eacute;ru<\/strong>. Nab&iacute;z&iacute; <strong>dvoucestn&yacute; v&yacute;stup vzduchu<\/strong> (horn&iacute; a doln&iacute; \u010d&aacute;st jednotky), d&iacute;ky n\u011bmu\u017e je u\u017eivatel minim&aacute;ln\u011b vystaven&yacute; vlivu chladn&eacute;ho proud\u011bn&iacute; vzduchu.<\/span><\/span><\/p>\n","protected":false},"featured_media":547465,"template":"","meta":[],"product_cat":[7657,7659,7672,7547,7670,7693],"product_tag":[],"class_list":{"0":"post-542974","1":"product","2":"type-product","3":"status-publish","4":"has-post-thumbnail","6":"product_cat-podle-znacky","7":"product_cat-podle-typu","8":"product_cat-samsung","9":"product_cat-klimatizace","10":"product_cat-multisplity","11":"product_cat-multisplit-samsung","12":"pa_barva-vnitrni-jednotky-bila","13":"pa_chladici-vykon-12221","14":"pa_multisplit-vnitrni-parapetni-50","15":"pa_napajeni-1f-230v","16":"pa_provedeni-multisplit-vnitrni","17":"pa_topny-vykon-11490","18":"pa_typ-chladiva-r32","19":"pa_znacka-samsung","21":"first","22":"instock","23":"taxable","24":"shipping-taxable","25":"purchasable","26":"product-type-simple"},"yoast_head":"<!-- This site is optimized with the Yoast SEO plugin v23.9 - https:\/\/yoast.com\/wordpress\/plugins\/seo\/ -->\n<title>Klimatizace Samsung multisplit vnit\u0159n\u00ed parapetn\u00ed Console AJ052 5,2kW - KLIMAVEX GROUP - \u010cesko<\/title>\n<meta name=\"robots\" content=\"index, follow, max-snippet:-1, max-image-preview:large, max-video-preview:-1\" \/>\n<link rel=\"canonical\" href=\"https:\/\/klimavex.eu\/cz\/katalog\/samsung-parapetni-klimatizace-console-aj052\/\" \/>\n<meta property=\"og:locale\" content=\"cs_CZ\" \/>\n<meta property=\"og:type\" content=\"article\" \/>\n<meta property=\"og:title\" content=\"Klimatizace Samsung multisplit vnit\u0159n\u00ed parapetn\u00ed Console AJ052 5,2kW - KLIMAVEX GROUP - \u010cesko\" \/>\n<meta property=\"og:description\" content=\"Samsung Console je parapetn&iacute; klimatiza\u010dn&iacute; jednotka pro multisplit zapojen&iacute;. S&nbsp;ohledem na jej&iacute; um&iacute;st\u011bn&iacute; pod okno se se sv&yacute;m decentn&iacute;m designem skv\u011ble hod&iacute; do byt\u016f, rodinn&yacute;ch dom\u016f nebo kancel&aacute;\u0159&iacute; s&nbsp;vy&scaron;&scaron;&iacute;m stropem a v&iacute;ce okny. Je spolehliv&aacute; v&nbsp;udr\u017een&iacute; ide&aacute;ln&iacute; teploty interi&eacute;ru. Nab&iacute;z&iacute; dvoucestn&yacute; v&yacute;stup vzduchu (horn&iacute; a doln&iacute; \u010d&aacute;st jednotky), d&iacute;ky n\u011bmu\u017e je u\u017eivatel minim&aacute;ln\u011b vystaven&yacute; vlivu chladn&eacute;ho proud\u011bn&iacute; vzduchu.\" \/>\n<meta property=\"og:url\" content=\"https:\/\/klimavex.eu\/cz\/katalog\/samsung-parapetni-klimatizace-console-aj052\/\" \/>\n<meta property=\"og:site_name\" content=\"KLIMAVEX GROUP - \u010cesko\" \/>\n<meta property=\"article:publisher\" content=\"https:\/\/www.facebook.com\/klimavex.cz\" \/>\n<meta property=\"article:modified_time\" content=\"2026-03-31T16:22:48+00:00\" \/>\n<meta property=\"og:image\" content=\"https:\/\/klimavex.eu\/cz\/wp-content\/uploads\/2025\/09\/WqmVpAgUAEwji-3sWdZwkm6CkNqe1hjUZysNvrlJtTQ-1.jpeg\" \/>\n\t<meta property=\"og:image:width\" content=\"512\" \/>\n\t<meta property=\"og:image:height\" content=\"512\" \/>\n\t<meta property=\"og:image:type\" content=\"image\/jpeg\" \/>\n<meta name=\"twitter:card\" content=\"summary_large_image\" \/>\n<script type=\"application\/ld+json\" class=\"yoast-schema-graph\">{\"@context\":\"https:\/\/schema.org\",\"@graph\":[{\"@type\":\"WebPage\",\"@id\":\"https:\/\/klimavex.eu\/cz\/katalog\/samsung-parapetni-klimatizace-console-aj052\/\",\"url\":\"https:\/\/klimavex.eu\/cz\/katalog\/samsung-parapetni-klimatizace-console-aj052\/\",\"name\":\"Klimatizace Samsung multisplit vnit\u0159n\u00ed parapetn\u00ed Console AJ052 5,2kW - KLIMAVEX GROUP - \u010cesko\",\"isPartOf\":{\"@id\":\"https:\/\/klimavex.eu\/cz\/#website\"},\"primaryImageOfPage\":{\"@id\":\"https:\/\/klimavex.eu\/cz\/katalog\/samsung-parapetni-klimatizace-console-aj052\/#primaryimage\"},\"image\":{\"@id\":\"https:\/\/klimavex.eu\/cz\/katalog\/samsung-parapetni-klimatizace-console-aj052\/#primaryimage\"},\"thumbnailUrl\":\"https:\/\/klimavex.eu\/cz\/wp-content\/uploads\/2025\/09\/WqmVpAgUAEwji-3sWdZwkm6CkNqe1hjUZysNvrlJtTQ-1.jpeg\",\"datePublished\":\"2026-03-31T16:22:19+00:00\",\"dateModified\":\"2026-03-31T16:22:48+00:00\",\"breadcrumb\":{\"@id\":\"https:\/\/klimavex.eu\/cz\/katalog\/samsung-parapetni-klimatizace-console-aj052\/#breadcrumb\"},\"inLanguage\":\"cs\",\"potentialAction\":[{\"@type\":\"ReadAction\",\"target\":[\"https:\/\/klimavex.eu\/cz\/katalog\/samsung-parapetni-klimatizace-console-aj052\/\"]}]},{\"@type\":\"ImageObject\",\"inLanguage\":\"cs\",\"@id\":\"https:\/\/klimavex.eu\/cz\/katalog\/samsung-parapetni-klimatizace-console-aj052\/#primaryimage\",\"url\":\"https:\/\/klimavex.eu\/cz\/wp-content\/uploads\/2025\/09\/WqmVpAgUAEwji-3sWdZwkm6CkNqe1hjUZysNvrlJtTQ-1.jpeg\",\"contentUrl\":\"https:\/\/klimavex.eu\/cz\/wp-content\/uploads\/2025\/09\/WqmVpAgUAEwji-3sWdZwkm6CkNqe1hjUZysNvrlJtTQ-1.jpeg\",\"width\":512,\"height\":512},{\"@type\":\"BreadcrumbList\",\"@id\":\"https:\/\/klimavex.eu\/cz\/katalog\/samsung-parapetni-klimatizace-console-aj052\/#breadcrumb\",\"itemListElement\":[{\"@type\":\"ListItem\",\"position\":1,\"name\":\"Domovsk\u00e1 str\u00e1nka\",\"item\":\"https:\/\/klimavex.eu\/cz\/\"},{\"@type\":\"ListItem\",\"position\":2,\"name\":\"Eshop\",\"item\":\"https:\/\/klimavex.eu\/cz\/eshop\/\"},{\"@type\":\"ListItem\",\"position\":3,\"name\":\"Samsung parapetn\u00ed klimatizace Console AJ052\"}]},{\"@type\":\"WebSite\",\"@id\":\"https:\/\/klimavex.eu\/cz\/#website\",\"url\":\"https:\/\/klimavex.eu\/cz\/\",\"name\":\"KLIMAVEX GROUP - \u010cesko\",\"description\":\"\",\"publisher\":{\"@id\":\"https:\/\/klimavex.eu\/cz\/#organization\"},\"alternateName\":\"KLIMAVEX CZ a.s.\",\"potentialAction\":[{\"@type\":\"SearchAction\",\"target\":{\"@type\":\"EntryPoint\",\"urlTemplate\":\"https:\/\/klimavex.eu\/cz\/?s={search_term_string}\"},\"query-input\":{\"@type\":\"PropertyValueSpecification\",\"valueRequired\":true,\"valueName\":\"search_term_string\"}}],\"inLanguage\":\"cs\"},{\"@type\":\"Organization\",\"@id\":\"https:\/\/klimavex.eu\/cz\/#organization\",\"name\":\"KLIMAVEX GROUP\",\"alternateName\":\"KLIMAVEX\",\"url\":\"https:\/\/klimavex.eu\/cz\/\",\"logo\":{\"@type\":\"ImageObject\",\"inLanguage\":\"cs\",\"@id\":\"https:\/\/klimavex.eu\/cz\/#\/schema\/logo\/image\/\",\"url\":\"https:\/\/klimavex.eu\/cz\/wp-content\/uploads\/2024\/04\/Klimavex-Group-logo.png\",\"contentUrl\":\"https:\/\/klimavex.eu\/cz\/wp-content\/uploads\/2024\/04\/Klimavex-Group-logo.png\",\"width\":1681,\"height\":472,\"caption\":\"KLIMAVEX GROUP\"},\"image\":{\"@id\":\"https:\/\/klimavex.eu\/cz\/#\/schema\/logo\/image\/\"},\"sameAs\":[\"https:\/\/www.facebook.com\/klimavex.cz\",\"https:\/\/www.instagram.com\/klimavex_cz\/\"]}]}<\/script>\n<!-- \/ Yoast SEO plugin. -->","yoast_head_json":{"title":"Klimatizace Samsung multisplit vnit\u0159n\u00ed parapetn\u00ed Console AJ052 5,2kW - KLIMAVEX GROUP - \u010cesko","robots":{"index":"index","follow":"follow","max-snippet":"max-snippet:-1","max-image-preview":"max-image-preview:large","max-video-preview":"max-video-preview:-1"},"canonical":"https:\/\/klimavex.eu\/cz\/katalog\/samsung-parapetni-klimatizace-console-aj052\/","og_locale":"cs_CZ","og_type":"article","og_title":"Klimatizace Samsung multisplit vnit\u0159n\u00ed parapetn\u00ed Console AJ052 5,2kW - KLIMAVEX GROUP - \u010cesko","og_description":"Samsung Console je parapetn&iacute; klimatiza\u010dn&iacute; jednotka pro multisplit zapojen&iacute;. S&nbsp;ohledem na jej&iacute; um&iacute;st\u011bn&iacute; pod okno se se sv&yacute;m decentn&iacute;m designem skv\u011ble hod&iacute; do byt\u016f, rodinn&yacute;ch dom\u016f nebo kancel&aacute;\u0159&iacute; s&nbsp;vy&scaron;&scaron;&iacute;m stropem a v&iacute;ce okny. Je spolehliv&aacute; v&nbsp;udr\u017een&iacute; ide&aacute;ln&iacute; teploty interi&eacute;ru. Nab&iacute;z&iacute; dvoucestn&yacute; v&yacute;stup vzduchu (horn&iacute; a doln&iacute; \u010d&aacute;st jednotky), d&iacute;ky n\u011bmu\u017e je u\u017eivatel minim&aacute;ln\u011b vystaven&yacute; vlivu chladn&eacute;ho proud\u011bn&iacute; vzduchu.","og_url":"https:\/\/klimavex.eu\/cz\/katalog\/samsung-parapetni-klimatizace-console-aj052\/","og_site_name":"KLIMAVEX GROUP - \u010cesko","article_publisher":"https:\/\/www.facebook.com\/klimavex.cz","article_modified_time":"2026-03-31T16:22:48+00:00","og_image":[{"width":512,"height":512,"url":"https:\/\/klimavex.eu\/cz\/wp-content\/uploads\/2025\/09\/WqmVpAgUAEwji-3sWdZwkm6CkNqe1hjUZysNvrlJtTQ-1.jpeg","type":"image\/jpeg"}],"twitter_card":"summary_large_image","schema":{"@context":"https:\/\/schema.org","@graph":[{"@type":"WebPage","@id":"https:\/\/klimavex.eu\/cz\/katalog\/samsung-parapetni-klimatizace-console-aj052\/","url":"https:\/\/klimavex.eu\/cz\/katalog\/samsung-parapetni-klimatizace-console-aj052\/","name":"Klimatizace Samsung multisplit vnit\u0159n\u00ed parapetn\u00ed Console AJ052 5,2kW - KLIMAVEX GROUP - \u010cesko","isPartOf":{"@id":"https:\/\/klimavex.eu\/cz\/#website"},"primaryImageOfPage":{"@id":"https:\/\/klimavex.eu\/cz\/katalog\/samsung-parapetni-klimatizace-console-aj052\/#primaryimage"},"image":{"@id":"https:\/\/klimavex.eu\/cz\/katalog\/samsung-parapetni-klimatizace-console-aj052\/#primaryimage"},"thumbnailUrl":"https:\/\/klimavex.eu\/cz\/wp-content\/uploads\/2025\/09\/WqmVpAgUAEwji-3sWdZwkm6CkNqe1hjUZysNvrlJtTQ-1.jpeg","datePublished":"2026-03-31T16:22:19+00:00","dateModified":"2026-03-31T16:22:48+00:00","breadcrumb":{"@id":"https:\/\/klimavex.eu\/cz\/katalog\/samsung-parapetni-klimatizace-console-aj052\/#breadcrumb"},"inLanguage":"cs","potentialAction":[{"@type":"ReadAction","target":["https:\/\/klimavex.eu\/cz\/katalog\/samsung-parapetni-klimatizace-console-aj052\/"]}]},{"@type":"ImageObject","inLanguage":"cs","@id":"https:\/\/klimavex.eu\/cz\/katalog\/samsung-parapetni-klimatizace-console-aj052\/#primaryimage","url":"https:\/\/klimavex.eu\/cz\/wp-content\/uploads\/2025\/09\/WqmVpAgUAEwji-3sWdZwkm6CkNqe1hjUZysNvrlJtTQ-1.jpeg","contentUrl":"https:\/\/klimavex.eu\/cz\/wp-content\/uploads\/2025\/09\/WqmVpAgUAEwji-3sWdZwkm6CkNqe1hjUZysNvrlJtTQ-1.jpeg","width":512,"height":512},{"@type":"BreadcrumbList","@id":"https:\/\/klimavex.eu\/cz\/katalog\/samsung-parapetni-klimatizace-console-aj052\/#breadcrumb","itemListElement":[{"@type":"ListItem","position":1,"name":"Domovsk\u00e1 str\u00e1nka","item":"https:\/\/klimavex.eu\/cz\/"},{"@type":"ListItem","position":2,"name":"Eshop","item":"https:\/\/klimavex.eu\/cz\/eshop\/"},{"@type":"ListItem","position":3,"name":"Samsung parapetn\u00ed klimatizace Console AJ052"}]},{"@type":"WebSite","@id":"https:\/\/klimavex.eu\/cz\/#website","url":"https:\/\/klimavex.eu\/cz\/","name":"KLIMAVEX GROUP - \u010cesko","description":"","publisher":{"@id":"https:\/\/klimavex.eu\/cz\/#organization"},"alternateName":"KLIMAVEX CZ a.s.","potentialAction":[{"@type":"SearchAction","target":{"@type":"EntryPoint","urlTemplate":"https:\/\/klimavex.eu\/cz\/?s={search_term_string}"},"query-input":{"@type":"PropertyValueSpecification","valueRequired":true,"valueName":"search_term_string"}}],"inLanguage":"cs"},{"@type":"Organization","@id":"https:\/\/klimavex.eu\/cz\/#organization","name":"KLIMAVEX GROUP","alternateName":"KLIMAVEX","url":"https:\/\/klimavex.eu\/cz\/","logo":{"@type":"ImageObject","inLanguage":"cs","@id":"https:\/\/klimavex.eu\/cz\/#\/schema\/logo\/image\/","url":"https:\/\/klimavex.eu\/cz\/wp-content\/uploads\/2024\/04\/Klimavex-Group-logo.png","contentUrl":"https:\/\/klimavex.eu\/cz\/wp-content\/uploads\/2024\/04\/Klimavex-Group-logo.png","width":1681,"height":472,"caption":"KLIMAVEX GROUP"},"image":{"@id":"https:\/\/klimavex.eu\/cz\/#\/schema\/logo\/image\/"},"sameAs":["https:\/\/www.facebook.com\/klimavex.cz","https:\/\/www.instagram.com\/klimavex_cz\/"]}]}},"_links":{"self":[{"href":"https:\/\/klimavex.eu\/cz\/wp-json\/wp\/v2\/product\/542974","targetHints":{"allow":["GET"]}}],"collection":[{"href":"https:\/\/klimavex.eu\/cz\/wp-json\/wp\/v2\/product"}],"about":[{"href":"https:\/\/klimavex.eu\/cz\/wp-json\/wp\/v2\/types\/product"}],"version-history":[{"count":0,"href":"https:\/\/klimavex.eu\/cz\/wp-json\/wp\/v2\/product\/542974\/revisions"}],"wp:featuredmedia":[{"embeddable":true,"href":"https:\/\/klimavex.eu\/cz\/wp-json\/wp\/v2\/media\/547465"}],"wp:attachment":[{"href":"https:\/\/klimavex.eu\/cz\/wp-json\/wp\/v2\/media?parent=542974"}],"wp:term":[{"taxonomy":"product_cat","embeddable":true,"href":"https:\/\/klimavex.eu\/cz\/wp-json\/wp\/v2\/product_cat?post=542974"},{"taxonomy":"product_tag","embeddable":true,"href":"https:\/\/klimavex.eu\/cz\/wp-json\/wp\/v2\/product_tag?post=542974"}],"curies":[{"name":"wp","href":"https:\/\/api.w.org\/{rel}","templated":true}]}}